{"id":942,"date":"2024-10-11T22:42:40","date_gmt":"2024-10-11T20:42:40","guid":{"rendered":"https:\/\/bluedoggenetics.com\/?post_type=product&#038;p=942"},"modified":"2026-05-06T14:55:39","modified_gmt":"2026-05-06T12:55:39","slug":"graines-de-cannabis-feminisees-gelato-pie","status":"publish","type":"product","link":"https:\/\/bluedoggenetics.com\/fr\/produit\/graines\/feminise\/graines-de-cannabis-feminisees-gelato-pie\/","title":{"rendered":"Gelato Pie"},"content":{"rendered":"<p data-start=\"192\" data-end=\"626\" class=\"translation-block\"><strong>Gelato Pie<\/strong> est une vari\u00e9t\u00e9 f\u00e9minis\u00e9e \u00e0 dominance hybride issue du croisement de g\u00e9n\u00e9tiques s\u00e9lectionn\u00e9es de la famille Gelato. Le r\u00e9sultat\u00a0: une plante ultra r\u00e9sineuse au profil aromatique m\u00ealant des notes sucr\u00e9es, fruit\u00e9es et cr\u00e9meuses, id\u00e9ale pour les amateurs de desserts intenses. Sa puissance est \u00e9quilibr\u00e9e par un effet euphorique et relaxant, parfait pour se d\u00e9tendre sans perdre en clart\u00e9 mentale.<\/p>\n<p data-start=\"628\" data-end=\"938\">Avec des niveaux de THC allant de 25\u202f% \u00e0 28\u202f%, Gelato Pie garantit une exp\u00e9rience puissante et immersive d\u00e8s la premi\u00e8re bouff\u00e9e. Cette vari\u00e9t\u00e9 produit des t\u00eates denses et collantes \u00e0 l\u2019aspect spectaculaire : des tons verts profonds avec des touches violettes et une couche de trichomes scintillante comme du givre.<\/p>\n<p class=\"translation-block\"><b>Aspect de la Fleur.<\/b> <span style=\"font-weight: 400\">Les t\u00eates de Gelato Pie sont une v\u00e9ritable magie visuelle. Elles sont de taille moyenne, denses et compactes, avec une couleur vert vif parsem\u00e9e de tons pourpres et rouge\u00e2tres qui les font briller. Recouvertes de r\u00e9sine scintillante, elles sont fermes au toucher et, lorsqu\u2019on les \u00e9miette, elles lib\u00e8rent un <strong>ar\u00f4me sucr\u00e9 avec des notes d\u2019agrumes et d\u2019\u00e9pices<\/strong> qui est tout simplement d\u00e9licieux.<\/span><\/p>\n<p class=\"translation-block\"><b>Morphologie de la Plante.<\/b> <span style=\"font-weight: 400\">Cette plante atteint une hauteur mod\u00e9r\u00e9e : entre 150 et 180 cm en int\u00e9rieur, et entre 90 et 120 cm en ext\u00e9rieur. Elle est forte et robuste, avec des branches qui supportent bien les t\u00eates denses. Ses feuilles vert fonc\u00e9 contrastent magnifiquement avec les couleurs vives des t\u00eates. <strong>Elle s\u2019adapte aux climats chauds et se comporte \u00e0 merveille aussi bien en int\u00e9rieur qu\u2019en ext\u00e9rieur.<\/strong><\/span><\/p>\n<h3><b>Conseils de Culture<\/b><\/h3>\n<ul>\n<li class=\"translation-block\"><strong>Quel est le climat id\u00e9al pour cultiver la Gelato Pie ?<\/strong><br>\nGelato Pie pr\u00e9f\u00e8re les climats temp\u00e9r\u00e9s et secs, avec des temp\u00e9ratures comprises entre 21 et 27\u202f\u00b0C. En ext\u00e9rieur, elle appr\u00e9cie une bonne exposition au soleil, et en int\u00e9rieur, elle s\u2019\u00e9panouit dans des environnements contr\u00f4l\u00e9s avec une bonne ventilation.<\/li>\n<li class=\"translation-block\"><strong>Quelles techniques d'entra\u00eenement fonctionnent le mieux avec la Gelato Pie ?<\/strong><br>\nCette vari\u00e9t\u00e9 r\u00e9agit particuli\u00e8rement bien au LST, au topping et au SCROG. Sa structure souple et sa ramification \u00e9quilibr\u00e9e permettent une bonne r\u00e9partition de la lumi\u00e8re et de l'air, ce qui am\u00e9liore la production de fleurs denses.<\/li>\n<li class=\"translation-block\"><strong>Quel type de fertilisation la Gelato Pie n\u00e9cessite-t-elle ?<\/strong><br>\nPendant la phase v\u00e9g\u00e9tative, elle a besoin d\u2019un apport mod\u00e9r\u00e9 en azote. En floraison, il est essentiel d\u2019ajouter du phosphore et du potassium pour favoriser la formation de t\u00eates r\u00e9sineuses. L\u2019utilisation de stimulateurs de terp\u00e8nes permet de rehausser sa saveur sucr\u00e9e et cr\u00e9meuse.<\/li>\n<li class=\"translation-block\"><strong>Comment g\u00e9rer l\u2019arrosage et l\u2019humidit\u00e9 pour la Gelato Pie ?<\/strong><br>\nGelato Pie pr\u00e9f\u00e8re un arrosage mod\u00e9r\u00e9, en laissant le substrat s\u00e9cher partiellement entre deux arrosages. Pendant la floraison, maintenir une humidit\u00e9 relative entre 40\u202f% et 50\u202f% aide \u00e0 pr\u00e9venir les moisissures et \u00e0 pr\u00e9server ses ar\u00f4mes intenses.<\/li>\n<li class=\"translation-block\"><strong>Faut-il tailler la plante Gelato Pie ?<\/strong><br>\nOui, une taille apicale pendant la phase v\u00e9g\u00e9tative est recommand\u00e9e pour favoriser une structure plus ramifi\u00e9e. Un effeuillage s\u00e9lectif en pr\u00e9floraison est \u00e9galement utile pour am\u00e9liorer la circulation de l\u2019air et la p\u00e9n\u00e9tration de la lumi\u00e8re.<\/li>\n<\/ul>","protected":false},"excerpt":{"rendered":"<p><b>\u00a0<\/b><span style=\"font-weight: 400;\">Imaginez une tarte aux cerises fra\u00eechement sortie du four, avec tout cet ar\u00f4me sucr\u00e9 et juteux. Voil\u00e0 \u00e0 quoi \u00e7a ressemble : <strong data-start=\"730\" data-end=\"744\">Gelato Pie<\/strong> C'est une g\u00e9n\u00e9tique f\u00e9minis\u00e9e qui unit le meilleur de la lign\u00e9e Gelato avec une touche plus cr\u00e9meuse, fruit\u00e9e et r\u00e9sineuse. Avec jusqu'\u00e0 28 % de THC, ces graines de marijuana f\u00e9minis\u00e9es Gelato Pie sont id\u00e9ales pour les cultivateurs \u00e0 la recherche de puissance, de saveur et d'un effet hybride enveloppant. Pr\u00eat \u00e0 r\u00e9colter en seulement 8 \u00e0 9 semaines.<\/span><\/p>","protected":false},"featured_media":2629,"template":"","meta":{"_acf_changed":false,"inline_featured_image":false,"_wp_applaud_exclude":false},"product_brand":[194],"product_cat":[22],"product_tag":[],"class_list":{"0":"post-942","1":"product","2":"type-product","3":"status-publish","4":"has-post-thumbnail","6":"product_brand-bluedog-genetics","7":"product_cat-feminizadas","8":"pa_altura-exterior-150-180","9":"pa_altura-interior-90-120","10":"pa_beneficios-terapeuticos-aumento-del-apetito","11":"pa_beneficios-terapeuticos-ayuda-para-dormir","12":"pa_cantidad-pack-1","13":"pa_cantidad-pack-10","14":"pa_cantidad-pack-3","15":"pa_cantidad-pack-5","16":"pa_clima-calido","17":"pa_cosecha-exterior-650-750","18":"pa_cosecha-interior-450-550","19":"pa_efectos-destacables-alegre","20":"pa_efectos-destacables-conversador","21":"pa_efectos-destacables-relajado","22":"pa_floracion-8-9","23":"pa_genetica-70-30","24":"pa_olor-suave","25":"pa_sabores-y-olores-afrutado","26":"pa_sabores-y-olores-bayas","27":"pa_sabores-y-olores-citrico","28":"pa_sabores-y-olores-dulce","29":"pa_sabores-y-olores-especias","30":"pa_sabores-y-olores-terroso","31":"pa_thc-16-22","32":"pa_variedad-indica","34":"first","35":"instock","36":"taxable","37":"shipping-taxable","38":"purchasable","39":"product-type-variable"},"acf":{"sticker":"https:\/\/bluedoggenetics.com\/wp-content\/uploads\/2024\/10\/converted_Gelato_Pie_Sticker-1-1.png","family_tree":"<ul>\n<li><a href=\"https:\/\/seedfinder.eu\/es\/strain-info\/gelato-pie\/bluedog-genetics\" target=\"_blank\" rel=\"noopener\">Gelato Pie<\/a>\n<ul>\n<li><a href=\"https:\/\/seedfinder.eu\/es\/strain-info\/cherry-pie\/clone-only-strains\" target=\"_blank\" rel=\"noopener\">Cherry Pie<\/a>\n<ul>\n<li><a href=\"https:\/\/seedfinder.eu\/es\/strain-info\/grand-daddy-purple\/unknown-or-legendary\" target=\"_blank\" rel=\"noopener\">GDP<\/a>\n<ul>\n<li><a href=\"https:\/\/seedfinder.eu\/es\/strain-info\/big-bud\/the-seed-bank\" target=\"_blank\" rel=\"noopener\">Big Bud<\/a>\n<ul>\n<li><a href=\"https:\/\/seedfinder.eu\/es\/strain-info\/usa-indica\/original-strains\" target=\"_blank\" rel=\"noopener\">Big Bud<\/a><\/li>\n<li>&#8211;\n<ul>\n<li><a href=\"https:\/\/seedfinder.eu\/es\/strain-info\/usa-indica\/original-strains\" target=\"_blank\" rel=\"noopener\">Big Bud<\/a><\/li>\n<li><a href=\"https:\/\/seedfinder.eu\/es\/strain-info\/northern-lights-nr1\/the-seed-bank\" target=\"_blank\" rel=\"noopener\">NL#1<\/a><\/li>\n<\/ul>\n<\/li>\n<\/ul>\n<\/li>\n<li><a href=\"https:\/\/seedfinder.eu\/es\/strain-info\/purple-urkel\/clone-only-strains\" target=\"_blank\" rel=\"noopener\">Purple Urkel<\/a>\n<ul>\n<li><a href=\"https:\/\/seedfinder.eu\/es\/strain-info\/mostly-indica\/original-strains\" target=\"_blank\" rel=\"noopener\">Unknown Mostly Indica<\/a><\/li>\n<\/ul>\n<\/li>\n<\/ul>\n<\/li>\n<li><a href=\"https:\/\/seedfinder.eu\/es\/strain-info\/durban-poison\/dutch-passion\" target=\"_blank\" rel=\"noopener\">Durban Poison<\/a>\n<ul>\n<li><a href=\"https:\/\/seedfinder.eu\/es\/strain-info\/durban-poison\/unknown-or-legendary\" target=\"_blank\" rel=\"noopener\">Durban Poison (geoinfo: Durban)<\/a>\n<ul>\n<li><a href=\"https:\/\/seedfinder.eu\/es\/strain-info\/south-africa-sativa\/original-strains\" target=\"_blank\" rel=\"noopener\">South African Sativa (geoinfo: KwaZulu-Natal)<\/a><\/li>\n<\/ul>\n<\/li>\n<\/ul>\n<\/li>\n<\/ul>\n<\/li>\n<li><a href=\"https:\/\/seedfinder.eu\/es\/strain-info\/gelato-nr41\/unknown-or-legendary\" target=\"_blank\" rel=\"noopener\">Gelato 41<\/a>\n<ul>\n<li><a href=\"https:\/\/seedfinder.eu\/es\/strain-info\/bacio-gelato\/sherbinskis\" target=\"_blank\" rel=\"noopener\">Bacio Gelato<\/a>\n<ul>\n<li><a href=\"https:\/\/seedfinder.eu\/es\/strain-info\/gelato\/sherbinskis\" target=\"_blank\" rel=\"noopener\">Gelato<\/a>\n<ul>\n<li><a href=\"https:\/\/seedfinder.eu\/es\/strain-info\/sunset-sherbert\/unknown-or-legendary\" target=\"_blank\" rel=\"noopener\">Sunset Sherbet<\/a><\/li>\n<li><a href=\"https:\/\/seedfinder.eu\/es\/strain-info\/gsc-thin-mints\/clone-only-strains\" target=\"_blank\" rel=\"noopener\">Thin Mint Cookies<\/a><\/li>\n<\/ul>\n<\/li>\n<\/ul>\n<\/li>\n<\/ul>\n<\/li>\n<\/ul>\n<\/li>\n<\/ul>\n"},"yoast_head":"<!-- This site is optimized with the Yoast SEO plugin v26.5 - https:\/\/yoast.com\/wordpress\/plugins\/seo\/ -->\n<title>Gelato Pie - Semillas de Marihuana Gelato Pie Feminizadas | BLUEDOG GENETICS Seeds<\/title>\n<meta name=\"description\" content=\"Gelato Pie: semillas de marihuana feminizadas con sabor cremoso y afrutado. Gen\u00e9tica potente con alto THC y cosechas resinosas en interior o exterior.\" \/>\n<meta name=\"robots\" content=\"index, follow, max-snippet:-1, max-image-preview:large, max-video-preview:-1\" \/>\n<link rel=\"canonical\" href=\"https:\/\/bluedoggenetics.com\/fr\/produit\/feminise\/graines-de-cannabis-feminisees-gelato-pie\/\" \/>\n<meta property=\"og:locale\" content=\"fr_FR\" \/>\n<meta property=\"og:type\" content=\"article\" \/>\n<meta property=\"og:title\" content=\"Gelato Pie - Semillas de Marihuana Gelato Pie Feminizadas | BLUEDOG GENETICS Seeds\" \/>\n<meta property=\"og:description\" content=\"Gelato Pie: semillas de marihuana feminizadas con sabor cremoso y afrutado. Gen\u00e9tica potente con alto THC y cosechas resinosas en interior o exterior.\" \/>\n<meta property=\"og:url\" content=\"https:\/\/bluedoggenetics.com\/fr\/produit\/feminise\/graines-de-cannabis-feminisees-gelato-pie\/\" \/>\n<meta property=\"og:site_name\" content=\"BLUEDOG GENETICS Seeds\" \/>\n<meta property=\"article:modified_time\" content=\"2026-05-06T12:55:39+00:00\" \/>\n<meta property=\"og:image\" content=\"https:\/\/bluedoggenetics.com\/wp-content\/uploads\/2024\/10\/Gelato-Pie-Bluedog-Genetics_11zon.webp\" \/>\n\t<meta property=\"og:image:width\" content=\"1536\" \/>\n\t<meta property=\"og:image:height\" content=\"1024\" \/>\n\t<meta property=\"og:image:type\" content=\"image\/webp\" \/>\n<meta name=\"twitter:card\" content=\"summary_large_image\" \/>\n<meta name=\"twitter:label1\" content=\"Dur\u00e9e de lecture estim\u00e9e\" \/>\n\t<meta name=\"twitter:data1\" content=\"3 minutes\" \/>\n<script type=\"application\/ld+json\" class=\"yoast-schema-graph\">{\"@context\":\"https:\/\/schema.org\",\"@graph\":[{\"@type\":[\"WebPage\",\"ItemPage\"],\"@id\":\"https:\/\/bluedoggenetics.com\/producto\/feminizadas\/semillas-de-marihuana-gelato-pie-feminizadas\/\",\"url\":\"https:\/\/bluedoggenetics.com\/producto\/feminizadas\/semillas-de-marihuana-gelato-pie-feminizadas\/\",\"name\":\"Gelato Pie - Semillas de Marihuana Gelato Pie Feminizadas | BLUEDOG GENETICS Seeds\",\"isPartOf\":{\"@id\":\"https:\/\/bluedoggenetics.com\/de\/#website\"},\"primaryImageOfPage\":{\"@id\":\"https:\/\/bluedoggenetics.com\/producto\/feminizadas\/semillas-de-marihuana-gelato-pie-feminizadas\/#primaryimage\"},\"image\":{\"@id\":\"https:\/\/bluedoggenetics.com\/producto\/feminizadas\/semillas-de-marihuana-gelato-pie-feminizadas\/#primaryimage\"},\"thumbnailUrl\":\"https:\/\/bluedoggenetics.com\/wp-content\/uploads\/2024\/10\/Gelato-Pie-Bluedog-Genetics_11zon.webp\",\"datePublished\":\"2024-10-11T20:42:40+00:00\",\"dateModified\":\"2026-05-06T12:55:39+00:00\",\"description\":\"Gelato Pie: semillas de marihuana feminizadas con sabor cremoso y afrutado. Gen\u00e9tica potente con alto THC y cosechas resinosas en interior o exterior.\",\"breadcrumb\":{\"@id\":\"https:\/\/bluedoggenetics.com\/producto\/feminizadas\/semillas-de-marihuana-gelato-pie-feminizadas\/#breadcrumb\"},\"inLanguage\":\"fr-FR\",\"potentialAction\":[{\"@type\":\"ReadAction\",\"target\":[\"https:\/\/bluedoggenetics.com\/producto\/feminizadas\/semillas-de-marihuana-gelato-pie-feminizadas\/\"]}]},{\"@type\":\"ImageObject\",\"inLanguage\":\"fr-FR\",\"@id\":\"https:\/\/bluedoggenetics.com\/producto\/feminizadas\/semillas-de-marihuana-gelato-pie-feminizadas\/#primaryimage\",\"url\":\"https:\/\/bluedoggenetics.com\/wp-content\/uploads\/2024\/10\/Gelato-Pie-Bluedog-Genetics_11zon.webp\",\"contentUrl\":\"https:\/\/bluedoggenetics.com\/wp-content\/uploads\/2024\/10\/Gelato-Pie-Bluedog-Genetics_11zon.webp\",\"width\":1536,\"height\":1024,\"caption\":\"Gelato Pie en floracion\"},{\"@type\":\"BreadcrumbList\",\"@id\":\"https:\/\/bluedoggenetics.com\/producto\/feminizadas\/semillas-de-marihuana-gelato-pie-feminizadas\/#breadcrumb\",\"itemListElement\":[{\"@type\":\"ListItem\",\"position\":1,\"name\":\"Portada\",\"item\":\"https:\/\/bluedoggenetics.com\/\"},{\"@type\":\"ListItem\",\"position\":2,\"name\":\"Tienda\",\"item\":\"https:\/\/bluedoggenetics.com\/fr\/tienda\/\"},{\"@type\":\"ListItem\",\"position\":3,\"name\":\"Gelato Pie\"}]},{\"@type\":\"WebSite\",\"@id\":\"https:\/\/bluedoggenetics.com\/de\/#website\",\"url\":\"https:\/\/bluedoggenetics.com\/de\/\",\"name\":\"BLUEDOG GENETICS Seeds\",\"description\":\"Compara y compra las mejores semillas de cannabis. Feminizadas, Autoflorecientes, CBD.\",\"publisher\":{\"@id\":\"https:\/\/bluedoggenetics.com\/de\/#organization\"},\"alternateName\":\"BLUEDOG GENETICS\",\"potentialAction\":[{\"@type\":\"SearchAction\",\"target\":{\"@type\":\"EntryPoint\",\"urlTemplate\":\"https:\/\/bluedoggenetics.com\/de\/?s={search_term_string}\"},\"query-input\":{\"@type\":\"PropertyValueSpecification\",\"valueRequired\":true,\"valueName\":\"search_term_string\"}}],\"inLanguage\":\"fr-FR\"},{\"@type\":\"Organization\",\"@id\":\"https:\/\/bluedoggenetics.com\/de\/#organization\",\"name\":\"BLUEDOG GENETICS\",\"url\":\"https:\/\/bluedoggenetics.com\/de\/\",\"logo\":{\"@type\":\"ImageObject\",\"inLanguage\":\"fr-FR\",\"@id\":\"https:\/\/bluedoggenetics.com\/de\/#\/schema\/logo\/image\/\",\"url\":\"https:\/\/bluedoggenetics.com\/wp-content\/uploads\/2024\/11\/appIcon.png\",\"contentUrl\":\"https:\/\/bluedoggenetics.com\/wp-content\/uploads\/2024\/11\/appIcon.png\",\"width\":1024,\"height\":1024,\"caption\":\"BLUEDOG GENETICS\"},\"image\":{\"@id\":\"https:\/\/bluedoggenetics.com\/de\/#\/schema\/logo\/image\/\"},\"sameAs\":[\"https:\/\/www.instagram.com\/bluedog.genetics\/\"]}]}<\/script>\n<!-- \/ Yoast SEO plugin. -->","yoast_head_json":{"title":"Gelato Pie - Graines de Cannabis F\u00e9minis\u00e9es Gelato Pie | BLUEDOG GENETICS Seeds","description":"Gelato Pie : graines de cannabis f\u00e9minis\u00e9es au go\u00fbt cr\u00e9meux et fruit\u00e9. G\u00e9n\u00e9tique puissante avec un taux \u00e9lev\u00e9 de THC et des r\u00e9coltes r\u00e9sineuses en int\u00e9rieur ou ext\u00e9rieur.","robots":{"index":"index","follow":"follow","max-snippet":"max-snippet:-1","max-image-preview":"max-image-preview:large","max-video-preview":"max-video-preview:-1"},"canonical":"https:\/\/bluedoggenetics.com\/fr\/produit\/feminise\/graines-de-cannabis-feminisees-gelato-pie\/","og_locale":"fr_FR","og_type":"article","og_title":"Gelato Pie - Semillas de Marihuana Gelato Pie Feminizadas | BLUEDOG GENETICS Seeds","og_description":"Gelato Pie: semillas de marihuana feminizadas con sabor cremoso y afrutado. Gen\u00e9tica potente con alto THC y cosechas resinosas en interior o exterior.","og_url":"https:\/\/bluedoggenetics.com\/fr\/produit\/feminise\/graines-de-cannabis-feminisees-gelato-pie\/","og_site_name":"BLUEDOG GENETICS Seeds","article_modified_time":"2026-05-06T12:55:39+00:00","og_image":[{"width":1536,"height":1024,"url":"https:\/\/bluedoggenetics.com\/wp-content\/uploads\/2024\/10\/Gelato-Pie-Bluedog-Genetics_11zon.webp","type":"image\/webp"}],"twitter_card":"summary_large_image","twitter_misc":{"Dur\u00e9e de lecture estim\u00e9e":"3 minutes"},"schema":{"@context":"https:\/\/schema.org","@graph":[{"@type":["WebPage","ItemPage"],"@id":"https:\/\/bluedoggenetics.com\/producto\/feminizadas\/semillas-de-marihuana-gelato-pie-feminizadas\/","url":"https:\/\/bluedoggenetics.com\/producto\/feminizadas\/semillas-de-marihuana-gelato-pie-feminizadas\/","name":"Gelato Pie - Graines de Cannabis F\u00e9minis\u00e9es Gelato Pie | BLUEDOG GENETICS Seeds","isPartOf":{"@id":"https:\/\/bluedoggenetics.com\/de\/#website"},"primaryImageOfPage":{"@id":"https:\/\/bluedoggenetics.com\/producto\/feminizadas\/semillas-de-marihuana-gelato-pie-feminizadas\/#primaryimage"},"image":{"@id":"https:\/\/bluedoggenetics.com\/producto\/feminizadas\/semillas-de-marihuana-gelato-pie-feminizadas\/#primaryimage"},"thumbnailUrl":"https:\/\/bluedoggenetics.com\/wp-content\/uploads\/2024\/10\/Gelato-Pie-Bluedog-Genetics_11zon.webp","datePublished":"2024-10-11T20:42:40+00:00","dateModified":"2026-05-06T12:55:39+00:00","description":"Gelato Pie : graines de cannabis f\u00e9minis\u00e9es au go\u00fbt cr\u00e9meux et fruit\u00e9. G\u00e9n\u00e9tique puissante avec un taux \u00e9lev\u00e9 de THC et des r\u00e9coltes r\u00e9sineuses en int\u00e9rieur ou ext\u00e9rieur.","breadcrumb":{"@id":"https:\/\/bluedoggenetics.com\/producto\/feminizadas\/semillas-de-marihuana-gelato-pie-feminizadas\/#breadcrumb"},"inLanguage":"fr-FR","potentialAction":[{"@type":"ReadAction","target":["https:\/\/bluedoggenetics.com\/producto\/feminizadas\/semillas-de-marihuana-gelato-pie-feminizadas\/"]}]},{"@type":"ImageObject","inLanguage":"fr-FR","@id":"https:\/\/bluedoggenetics.com\/producto\/feminizadas\/semillas-de-marihuana-gelato-pie-feminizadas\/#primaryimage","url":"https:\/\/bluedoggenetics.com\/wp-content\/uploads\/2024\/10\/Gelato-Pie-Bluedog-Genetics_11zon.webp","contentUrl":"https:\/\/bluedoggenetics.com\/wp-content\/uploads\/2024\/10\/Gelato-Pie-Bluedog-Genetics_11zon.webp","width":1536,"height":1024,"caption":"Gelato Pie en floracion"},{"@type":"BreadcrumbList","@id":"https:\/\/bluedoggenetics.com\/producto\/feminizadas\/semillas-de-marihuana-gelato-pie-feminizadas\/#breadcrumb","itemListElement":[{"@type":"ListItem","position":1,"name":"Portada","item":"https:\/\/bluedoggenetics.com\/"},{"@type":"ListItem","position":2,"name":"Tienda","item":"https:\/\/bluedoggenetics.com\/fr\/tienda\/"},{"@type":"ListItem","position":3,"name":"Gelato Pie"}]},{"@type":"WebSite","@id":"https:\/\/bluedoggenetics.com\/de\/#website","url":"https:\/\/bluedoggenetics.com\/de\/","name":"BLUEDOG GENETICS Seeds","description":"Compare et ach\u00e8te les meilleures graines de cannabis. F\u00e9minis\u00e9es, autofloraison, CBD.","publisher":{"@id":"https:\/\/bluedoggenetics.com\/de\/#organization"},"alternateName":"BLUEDOG GENETICS","potentialAction":[{"@type":"SearchAction","target":{"@type":"EntryPoint","urlTemplate":"https:\/\/bluedoggenetics.com\/de\/?s={search_term_string}"},"query-input":{"@type":"PropertyValueSpecification","valueRequired":true,"valueName":"search_term_string"}}],"inLanguage":"fr-FR"},{"@type":"Organization","@id":"https:\/\/bluedoggenetics.com\/de\/#organization","name":"BLUEDOG GENETICS","url":"https:\/\/bluedoggenetics.com\/de\/","logo":{"@type":"ImageObject","inLanguage":"fr-FR","@id":"https:\/\/bluedoggenetics.com\/de\/#\/schema\/logo\/image\/","url":"https:\/\/bluedoggenetics.com\/wp-content\/uploads\/2024\/11\/appIcon.png","contentUrl":"https:\/\/bluedoggenetics.com\/wp-content\/uploads\/2024\/11\/appIcon.png","width":1024,"height":1024,"caption":"BLUEDOG GENETICS"},"image":{"@id":"https:\/\/bluedoggenetics.com\/de\/#\/schema\/logo\/image\/"},"sameAs":["https:\/\/www.instagram.com\/bluedog.genetics\/"]}]}},"sticker_url":"https:\/\/bluedoggenetics.com\/wp-content\/uploads\/2024\/10\/converted_Gelato_Pie_Sticker-1-1.png","variations_full":[{"id":997,"price":8.5,"regular_price":8.5,"attributes":{"attribute_pa_cantidad":"pack-1"},"image_src":"https:\/\/bluedoggenetics.com\/wp-content\/uploads\/2024\/10\/Gelato-Pie-Bluedog-Genetics_11zon-600x400.webp","is_in_stock":true},{"id":999,"price":22.89,"regular_price":22.89,"attributes":{"attribute_pa_cantidad":"pack-3"},"image_src":"https:\/\/bluedoggenetics.com\/wp-content\/uploads\/2024\/10\/Gelato-Pie-Bluedog-Genetics_11zon-600x400.webp","is_in_stock":true},{"id":1000,"price":34.1,"regular_price":34.1,"attributes":{"attribute_pa_cantidad":"pack-5"},"image_src":"https:\/\/bluedoggenetics.com\/wp-content\/uploads\/2024\/10\/Gelato-Pie-Bluedog-Genetics_11zon-600x400.webp","is_in_stock":true},{"id":998,"price":59.59,"regular_price":59.59,"attributes":{"attribute_pa_cantidad":"pack-10"},"image_src":"https:\/\/bluedoggenetics.com\/wp-content\/uploads\/2024\/10\/Gelato-Pie-Bluedog-Genetics_11zon-600x400.webp","is_in_stock":true}],"jetpack_sharing_enabled":true,"_links":{"self":[{"href":"https:\/\/bluedoggenetics.com\/fr\/wp-json\/wp\/v2\/product\/942","targetHints":{"allow":["GET"]}}],"collection":[{"href":"https:\/\/bluedoggenetics.com\/fr\/wp-json\/wp\/v2\/product"}],"about":[{"href":"https:\/\/bluedoggenetics.com\/fr\/wp-json\/wp\/v2\/types\/product"}],"wp:featuredmedia":[{"embeddable":true,"href":"https:\/\/bluedoggenetics.com\/fr\/wp-json\/wp\/v2\/media\/2629"}],"wp:attachment":[{"href":"https:\/\/bluedoggenetics.com\/fr\/wp-json\/wp\/v2\/media?parent=942"}],"wp:term":[{"taxonomy":"product_brand","embeddable":true,"href":"https:\/\/bluedoggenetics.com\/fr\/wp-json\/wp\/v2\/product_brand?post=942"},{"taxonomy":"product_cat","embeddable":true,"href":"https:\/\/bluedoggenetics.com\/fr\/wp-json\/wp\/v2\/product_cat?post=942"},{"taxonomy":"product_tag","embeddable":true,"href":"https:\/\/bluedoggenetics.com\/fr\/wp-json\/wp\/v2\/product_tag?post=942"}],"curies":[{"name":"wp","href":"https:\/\/api.w.org\/{rel}","templated":true}]}}