{"id":914,"date":"2024-10-10T22:34:33","date_gmt":"2024-10-10T20:34:33","guid":{"rendered":"https:\/\/bluedoggenetics.com\/?post_type=product&#038;p=914"},"modified":"2026-05-06T14:55:39","modified_gmt":"2026-05-06T12:55:39","slug":"graines-autoflorissantes-runtz-auto","status":"publish","type":"product","link":"https:\/\/bluedoggenetics.com\/fr\/produit\/graines\/autofloraison\/graines-autoflorissantes-runtz-auto\/","title":{"rendered":"Runtz Auto"},"content":{"rendered":"<p class=\"translation-block\">Les <strong>graines autoflorissantes Purple Rain<\/strong> sont une vari\u00e9t\u00e9 \u00e0 dominance Indica (70 %) avec une p\u00e9riode de floraison de 9 semaines. Cette vari\u00e9t\u00e9 s\u2019adapte bien aux climats frais et offre une exp\u00e9rience de culture gratifiante. Purple Rain Auto produit entre 350 et 450 grammes par m\u00e8tre carr\u00e9 en int\u00e9rieur, <strong>tandis qu\u2019en<\/strong> ext\u00e9rieur, elle peut produire entre 50 et 150 grammes par plante. Ses niveaux de THC varient de 18 % \u00e0 22 %, offrant un \u00e9quilibre parfait entre des effets relaxants et s\u00e9datifs. Son profil de saveur se distingue par <strong>des notes sucr\u00e9es et fruit\u00e9es, principalement de raisin et de baies,<\/strong> accompagn\u00e9es d\u2019une touche cr\u00e9meuse pour une exp\u00e9rience gustative d\u00e9licieuse. Id\u00e9al pour ceux qui souhaitent soulager la douleur, stimuler l\u2019app\u00e9tit et profiter d\u2019une profonde sensation de relaxation, Purple Rain Auto est parfaite pour des moments de repos et de plaisir.<\/p>\n<p class=\"translation-block\"><b>Aspect de la Fleur.<\/b><span style=\"font-weight: 400\"> Les fleurs de <\/span>Runtz Auto<span style=\"font-weight: 400\"><strong> sont compactes et denses, avec une structure robuste<\/strong> qui supporte bien leur poids. Les t\u00eates sont de taille mod\u00e9r\u00e9e et recouvertes d\u2019une couche g\u00e9n\u00e9reuse de trichomes r\u00e9sineux qui leur donne un \u00e9clat soyeux. Les couleurs dominantes sont des verts vibrants avec des nuances pourpres et roses, leur conf\u00e9rant un aspect exotique et attrayant. En \u00e9miettant les t\u00eates, des ar\u00f4mes intenses de fruits sucr\u00e9s et d\u2019agrumes se d\u00e9gagent, accompagn\u00e9s de notes tropicales et p\u00e2tissi\u00e8res, rendant l\u2019exp\u00e9rience de fumage particuli\u00e8rement agr\u00e9able.<\/span><\/p>\n<p class=\"translation-block\"><b>Morphologie de la Plante.<\/b> <span style=\"font-weight: 400\">Runtz Auto pousse comme une <strong>plante compacte et de petite taille,<\/strong> atteignant entre 90 et 120 cm en int\u00e9rieur et entre 50 et 80 cm en ext\u00e9rieur. Sa structure est robuste et bien \u00e9quilibr\u00e9e, avec des branches solides qui supportent des t\u00eates denses. Les feuilles sont d\u2019un vert fonc\u00e9, avec une croissance plus compacte et moins ramifi\u00e9e par rapport aux vari\u00e9t\u00e9s non autoflorissantes. Sa capacit\u00e9 \u00e0 s\u2019adapter \u00e0 diff\u00e9rents environnements et son cycle de croissance rapide font de cette vari\u00e9t\u00e9 un excellent choix pour les espaces de culture r\u00e9duits et pour ceux qui recherchent une r\u00e9colte rapide.<\/span><\/p>\n<h3><b>Conseils de Culture<\/b><\/h3>\n<ul>\n<li style=\"font-weight: 400;\" aria-level=\"1\" class=\"translation-block\"><strong>Quel est le climat id\u00e9al pour cultiver la Runtz Auto ?<\/strong><br>\nRuntz Auto s\u2019adapte bien aux climats chauds et temp\u00e9r\u00e9s. Gr\u00e2ce \u00e0 sa g\u00e9n\u00e9tique autoflorissante, elle peut \u00e9galement \u00eatre cultiv\u00e9e sur des balcons ou des terrasses, \u00e0 condition de b\u00e9n\u00e9ficier d\u2019une bonne exposition au soleil et d\u2019une bonne ventilation.<\/li>\n<li style=\"font-weight: 400;\" aria-level=\"1\" class=\"translation-block\"><strong>Quelles techniques d'entra\u00eenement fonctionnent le mieux avec Runtz Auto ?<\/strong><br>\nEn tant qu\u2019autoflorissante, elle ne n\u00e9cessite pas de taille apicale, mais elle r\u00e9agit bien au LST pour am\u00e9liorer la p\u00e9n\u00e9tration de la lumi\u00e8re sur toutes les branches. Sa structure compacte la rend id\u00e9ale pour les petits espaces.<\/li>\n<li style=\"font-weight: 400;\" aria-level=\"1\" class=\"translation-block\"><strong>Quel type de fertilisation Runtz Auto n\u00e9cessite-t-elle ?<\/strong><br>\nPendant la phase v\u00e9g\u00e9tative, elle appr\u00e9cie une alimentation l\u00e9g\u00e8re riche en azote. En floraison, augmentez le phosphore et le potassium pour renforcer la production de r\u00e9sine et les ar\u00f4mes. \u00c9vitez les exc\u00e8s de nutriments afin de ne pas stresser son cycle court.<\/li>\n<li style=\"font-weight: 400;\" aria-level=\"1\" class=\"translation-block\"><strong>Comment g\u00e9rer l\u2019arrosage et l\u2019humidit\u00e9 pour Runtz Auto ?<\/strong><br>\nArrosez mod\u00e9r\u00e9ment, en laissant le substrat s\u00e9cher l\u00e9g\u00e8rement entre deux arrosages. Pendant la floraison, maintenez l\u2019humidit\u00e9 entre 40\u201350\u202f% pour \u00e9viter la moisissure et pr\u00e9server les terp\u00e8nes.<\/li>\n<li style=\"font-weight: 400;\" aria-level=\"1\" class=\"translation-block\"><strong>Faut-il tailler la plante Runtz Auto ?<\/strong><br>\nLa taille apicale n\u2019est pas recommand\u00e9e. Si n\u00e9cessaire, un l\u00e9ger effeuillage peut am\u00e9liorer la circulation de l\u2019air et la p\u00e9n\u00e9tration de la lumi\u00e8re. Minimisez le stress pour profiter pleinement de sa croissance rapide.<\/li>\n<\/ul>","protected":false},"excerpt":{"rendered":"<p data-start=\"658\" data-end=\"997\"><strong data-start=\"658\" data-end=\"672\">Runtz Auto<\/strong> C'est une autofloraison de haut niveau qui allie puissance, saveur et vitesse. Avec jusqu'\u00e0 25 % de THC et un profil sucr\u00e9 et fruit\u00e9, ces graines de marijuana autoflorissantes Runtz Auto offrent des r\u00e9coltes de qualit\u00e9 sup\u00e9rieure en seulement 9 semaines. Id\u00e9al pour les cultivateurs \u00e0 la recherche de g\u00e9n\u00e9tiques c\u00e9l\u00e8bres avec des r\u00e9sultats rapides.<\/p>","protected":false},"featured_media":2628,"template":"","meta":{"_acf_changed":false,"inline_featured_image":false,"_wp_applaud_exclude":false},"product_brand":[194],"product_cat":[21],"product_tag":[],"class_list":{"0":"post-914","1":"product","2":"type-product","3":"status-publish","4":"has-post-thumbnail","6":"product_brand-bluedog-genetics","7":"product_cat-autoflorecientes","8":"pa_altura-exterior-90-120","9":"pa_altura-interior-50-80","10":"pa_beneficios-terapeuticos-alivio-de-ansiedad","11":"pa_beneficios-terapeuticos-aumento-del-apetito","12":"pa_cantidad-pack-1","13":"pa_cantidad-pack-3","14":"pa_cantidad-pack-5","15":"pa_cantidad-pack-10","16":"pa_clima-calido","17":"pa_cosecha-exterior-50-150","18":"pa_cosecha-interior-450-550","19":"pa_efectos-destacables-alegre","20":"pa_efectos-destacables-conversador","21":"pa_efectos-destacables-euforico","22":"pa_efectos-destacables-munchies","23":"pa_efectos-destacables-relajado","24":"pa_efectos-destacables-risueno","25":"pa_floracion-131","26":"pa_genetica-50-50","27":"pa_olor-intenso","28":"pa_sabores-y-olores-afrutado","29":"pa_sabores-y-olores-citrico","30":"pa_sabores-y-olores-dulce","31":"pa_sabores-y-olores-tropical","32":"pa_thc-20-24","33":"pa_variedad-indica","34":"pa_variedad-sativa","36":"first","37":"instock","38":"taxable","39":"shipping-taxable","40":"purchasable","41":"product-type-variable"},"acf":{"sticker":"https:\/\/bluedoggenetics.com\/wp-content\/uploads\/2024\/10\/Runtz-Auto-Sticker.webp","family_tree":"<ul>\n<li><a href=\"https:\/\/seedfinder.eu\/es\/strain-info\/runtz-auto\/bluedog-genetics\" target=\"_blank\" rel=\"noopener\">Runtz Auto<\/a>\n<ul>\n<li><a href=\"https:\/\/seedfinder.eu\/es\/strain-info\/ruderalis\/original-strains\" target=\"_blank\" rel=\"noopener\">Unknown Ruderalis<\/a><\/li>\n<li><a href=\"https:\/\/seedfinder.eu\/es\/strain-info\/runtz\/unknown-or-legendary\" target=\"_blank\" rel=\"noopener\">Runtz<\/a>\n<ul>\n<li><a href=\"https:\/\/seedfinder.eu\/es\/strain-info\/zkittlez\/dying-breed-seeds\" target=\"_blank\" rel=\"noopener\">Zkittlez<\/a>\n<ul>\n<li>&#8211;\n<ul>\n<li><a href=\"https:\/\/seedfinder.eu\/es\/strain-info\/grape-ape\/apothecary-genetics\" target=\"_blank\" rel=\"noopener\">Grape Ape<\/a>\n<ul>\n<li><a href=\"https:\/\/seedfinder.eu\/es\/strain-info\/grand-daddy-purple\/unknown-or-legendary\" target=\"_blank\" rel=\"noopener\">Grand Daddy Purple (Grape Ape)<\/a><\/li>\n<\/ul>\n<\/li>\n<li><a href=\"https:\/\/seedfinder.eu\/es\/strain-info\/grapefruit\/clone-only-strains\" target=\"_blank\" rel=\"noopener\">Grapefruit<\/a>\n<ul>\n<li><a href=\"https:\/\/seedfinder.eu\/es\/strain-info\/indica-sativa\/original-strains\" target=\"_blank\" rel=\"noopener\">Unknown Hybrid<\/a><\/li>\n<\/ul>\n<\/li>\n<\/ul>\n<\/li>\n<li><a href=\"https:\/\/seedfinder.eu\/es\/strain-info\/unknown-strain\/original-strains\" target=\"_blank\" rel=\"noopener\">Unknown Strain<\/a><\/li>\n<\/ul>\n<\/li>\n<li><a href=\"https:\/\/seedfinder.eu\/es\/strain-info\/gelato\/unknown-or-legendary\" target=\"_blank\" rel=\"noopener\">Gelato<\/a>\n<ul>\n<li><a href=\"https:\/\/seedfinder.eu\/es\/strain-info\/gelato\/sherbinskis\" target=\"_blank\" rel=\"noopener\">Gelato<\/a>\n<ul>\n<li><a href=\"https:\/\/seedfinder.eu\/es\/strain-info\/sunset-sherbert\/unknown-or-legendary\" target=\"_blank\" rel=\"noopener\">Sunset Sherbet<\/a><\/li>\n<li><a href=\"https:\/\/seedfinder.eu\/es\/strain-info\/gsc-thin-mints\/clone-only-strains\" target=\"_blank\" rel=\"noopener\">Thin Mint Cookies<\/a><\/li>\n<\/ul>\n<\/li>\n<\/ul>\n<\/li>\n<\/ul>\n<\/li>\n<\/ul>\n<\/li>\n<\/ul>\n"},"yoast_head":"<!-- This site is optimized with the Yoast SEO plugin v26.5 - https:\/\/yoast.com\/wordpress\/plugins\/seo\/ -->\n<title>Runtz Auto - Semillas de Marihuana Runtz Auto Autoflorecientes | BLUEDOG GENETICS Seeds<\/title>\n<meta name=\"description\" content=\"Runtz Auto: semillas de marihuana autoflorecientes con sabor dulce y potente efecto h\u00edbrido. Hasta 25% de THC y cosechas r\u00e1pidas en interior o exterior.\" \/>\n<meta name=\"robots\" content=\"index, follow, max-snippet:-1, max-image-preview:large, max-video-preview:-1\" \/>\n<link rel=\"canonical\" href=\"https:\/\/bluedoggenetics.com\/fr\/produit\/autofloraison\/graines-autoflorissantes-runtz-auto\/\" \/>\n<meta property=\"og:locale\" content=\"fr_FR\" \/>\n<meta property=\"og:type\" content=\"article\" \/>\n<meta property=\"og:title\" content=\"Runtz Auto - Semillas de Marihuana Runtz Auto Autoflorecientes | BLUEDOG GENETICS Seeds\" \/>\n<meta property=\"og:description\" content=\"Runtz Auto: semillas de marihuana autoflorecientes con sabor dulce y potente efecto h\u00edbrido. Hasta 25% de THC y cosechas r\u00e1pidas en interior o exterior.\" \/>\n<meta property=\"og:url\" content=\"https:\/\/bluedoggenetics.com\/fr\/produit\/autofloraison\/graines-autoflorissantes-runtz-auto\/\" \/>\n<meta property=\"og:site_name\" content=\"BLUEDOG GENETICS Seeds\" \/>\n<meta property=\"article:modified_time\" content=\"2026-05-06T12:55:39+00:00\" \/>\n<meta property=\"og:image\" content=\"https:\/\/bluedoggenetics.com\/wp-content\/uploads\/2024\/10\/Rutz-Auto-Bluedog-Genetics_11zon.webp\" \/>\n\t<meta property=\"og:image:width\" content=\"1536\" \/>\n\t<meta property=\"og:image:height\" content=\"1024\" \/>\n\t<meta property=\"og:image:type\" content=\"image\/webp\" \/>\n<meta name=\"twitter:card\" content=\"summary_large_image\" \/>\n<meta name=\"twitter:label1\" content=\"Dur\u00e9e de lecture estim\u00e9e\" \/>\n\t<meta name=\"twitter:data1\" content=\"3 minutes\" \/>\n<script type=\"application\/ld+json\" class=\"yoast-schema-graph\">{\"@context\":\"https:\/\/schema.org\",\"@graph\":[{\"@type\":[\"WebPage\",\"ItemPage\"],\"@id\":\"https:\/\/bluedoggenetics.com\/producto\/autoflorecientes\/semillas-de-marihuana-runtz-auto-autoflorecientes\/\",\"url\":\"https:\/\/bluedoggenetics.com\/producto\/autoflorecientes\/semillas-de-marihuana-runtz-auto-autoflorecientes\/\",\"name\":\"Runtz Auto - Semillas de Marihuana Runtz Auto Autoflorecientes | BLUEDOG GENETICS Seeds\",\"isPartOf\":{\"@id\":\"https:\/\/bluedoggenetics.com\/de\/#website\"},\"primaryImageOfPage\":{\"@id\":\"https:\/\/bluedoggenetics.com\/producto\/autoflorecientes\/semillas-de-marihuana-runtz-auto-autoflorecientes\/#primaryimage\"},\"image\":{\"@id\":\"https:\/\/bluedoggenetics.com\/producto\/autoflorecientes\/semillas-de-marihuana-runtz-auto-autoflorecientes\/#primaryimage\"},\"thumbnailUrl\":\"https:\/\/bluedoggenetics.com\/wp-content\/uploads\/2024\/10\/Rutz-Auto-Bluedog-Genetics_11zon.webp\",\"datePublished\":\"2024-10-10T20:34:33+00:00\",\"dateModified\":\"2026-05-06T12:55:39+00:00\",\"description\":\"Runtz Auto: semillas de marihuana autoflorecientes con sabor dulce y potente efecto h\u00edbrido. Hasta 25% de THC y cosechas r\u00e1pidas en interior o exterior.\",\"breadcrumb\":{\"@id\":\"https:\/\/bluedoggenetics.com\/producto\/autoflorecientes\/semillas-de-marihuana-runtz-auto-autoflorecientes\/#breadcrumb\"},\"inLanguage\":\"fr-FR\",\"potentialAction\":[{\"@type\":\"ReadAction\",\"target\":[\"https:\/\/bluedoggenetics.com\/producto\/autoflorecientes\/semillas-de-marihuana-runtz-auto-autoflorecientes\/\"]}]},{\"@type\":\"ImageObject\",\"inLanguage\":\"fr-FR\",\"@id\":\"https:\/\/bluedoggenetics.com\/producto\/autoflorecientes\/semillas-de-marihuana-runtz-auto-autoflorecientes\/#primaryimage\",\"url\":\"https:\/\/bluedoggenetics.com\/wp-content\/uploads\/2024\/10\/Rutz-Auto-Bluedog-Genetics_11zon.webp\",\"contentUrl\":\"https:\/\/bluedoggenetics.com\/wp-content\/uploads\/2024\/10\/Rutz-Auto-Bluedog-Genetics_11zon.webp\",\"width\":1536,\"height\":1024,\"caption\":\"Runtz Auto en floracion\"},{\"@type\":\"BreadcrumbList\",\"@id\":\"https:\/\/bluedoggenetics.com\/producto\/autoflorecientes\/semillas-de-marihuana-runtz-auto-autoflorecientes\/#breadcrumb\",\"itemListElement\":[{\"@type\":\"ListItem\",\"position\":1,\"name\":\"Portada\",\"item\":\"https:\/\/bluedoggenetics.com\/\"},{\"@type\":\"ListItem\",\"position\":2,\"name\":\"Tienda\",\"item\":\"https:\/\/bluedoggenetics.com\/fr\/tienda\/\"},{\"@type\":\"ListItem\",\"position\":3,\"name\":\"Runtz Auto\"}]},{\"@type\":\"WebSite\",\"@id\":\"https:\/\/bluedoggenetics.com\/de\/#website\",\"url\":\"https:\/\/bluedoggenetics.com\/de\/\",\"name\":\"BLUEDOG GENETICS Seeds\",\"description\":\"Compara y compra las mejores semillas de cannabis. Feminizadas, Autoflorecientes, CBD.\",\"publisher\":{\"@id\":\"https:\/\/bluedoggenetics.com\/de\/#organization\"},\"alternateName\":\"BLUEDOG GENETICS\",\"potentialAction\":[{\"@type\":\"SearchAction\",\"target\":{\"@type\":\"EntryPoint\",\"urlTemplate\":\"https:\/\/bluedoggenetics.com\/de\/?s={search_term_string}\"},\"query-input\":{\"@type\":\"PropertyValueSpecification\",\"valueRequired\":true,\"valueName\":\"search_term_string\"}}],\"inLanguage\":\"fr-FR\"},{\"@type\":\"Organization\",\"@id\":\"https:\/\/bluedoggenetics.com\/de\/#organization\",\"name\":\"BLUEDOG GENETICS\",\"url\":\"https:\/\/bluedoggenetics.com\/de\/\",\"logo\":{\"@type\":\"ImageObject\",\"inLanguage\":\"fr-FR\",\"@id\":\"https:\/\/bluedoggenetics.com\/de\/#\/schema\/logo\/image\/\",\"url\":\"https:\/\/bluedoggenetics.com\/wp-content\/uploads\/2024\/11\/appIcon.png\",\"contentUrl\":\"https:\/\/bluedoggenetics.com\/wp-content\/uploads\/2024\/11\/appIcon.png\",\"width\":1024,\"height\":1024,\"caption\":\"BLUEDOG GENETICS\"},\"image\":{\"@id\":\"https:\/\/bluedoggenetics.com\/de\/#\/schema\/logo\/image\/\"},\"sameAs\":[\"https:\/\/www.instagram.com\/bluedog.genetics\/\"]}]}<\/script>\n<!-- \/ Yoast SEO plugin. -->","yoast_head_json":{"title":"Runtz Auto \u2013 Graines de Cannabis Runtz Autoflorissantes | BLUEDOG GENETICS Seeds","description":"Runtz Auto : graines de cannabis autoflorissantes au go\u00fbt sucr\u00e9 et \u00e0 l\u2019effet hybride puissant. Jusqu\u2019\u00e0 25\u202f% de THC et r\u00e9coltes rapides en int\u00e9rieur ou ext\u00e9rieur.","robots":{"index":"index","follow":"follow","max-snippet":"max-snippet:-1","max-image-preview":"max-image-preview:large","max-video-preview":"max-video-preview:-1"},"canonical":"https:\/\/bluedoggenetics.com\/fr\/produit\/autofloraison\/graines-autoflorissantes-runtz-auto\/","og_locale":"fr_FR","og_type":"article","og_title":"Runtz Auto - Semillas de Marihuana Runtz Auto Autoflorecientes | BLUEDOG GENETICS Seeds","og_description":"Runtz Auto: semillas de marihuana autoflorecientes con sabor dulce y potente efecto h\u00edbrido. Hasta 25% de THC y cosechas r\u00e1pidas en interior o exterior.","og_url":"https:\/\/bluedoggenetics.com\/fr\/produit\/autofloraison\/graines-autoflorissantes-runtz-auto\/","og_site_name":"BLUEDOG GENETICS Seeds","article_modified_time":"2026-05-06T12:55:39+00:00","og_image":[{"width":1536,"height":1024,"url":"https:\/\/bluedoggenetics.com\/wp-content\/uploads\/2024\/10\/Rutz-Auto-Bluedog-Genetics_11zon.webp","type":"image\/webp"}],"twitter_card":"summary_large_image","twitter_misc":{"Dur\u00e9e de lecture estim\u00e9e":"3 minutes"},"schema":{"@context":"https:\/\/schema.org","@graph":[{"@type":["WebPage","ItemPage"],"@id":"https:\/\/bluedoggenetics.com\/producto\/autoflorecientes\/semillas-de-marihuana-runtz-auto-autoflorecientes\/","url":"https:\/\/bluedoggenetics.com\/producto\/autoflorecientes\/semillas-de-marihuana-runtz-auto-autoflorecientes\/","name":"Runtz Auto \u2013 Graines de Cannabis Runtz Autoflorissantes | BLUEDOG GENETICS Seeds","isPartOf":{"@id":"https:\/\/bluedoggenetics.com\/de\/#website"},"primaryImageOfPage":{"@id":"https:\/\/bluedoggenetics.com\/producto\/autoflorecientes\/semillas-de-marihuana-runtz-auto-autoflorecientes\/#primaryimage"},"image":{"@id":"https:\/\/bluedoggenetics.com\/producto\/autoflorecientes\/semillas-de-marihuana-runtz-auto-autoflorecientes\/#primaryimage"},"thumbnailUrl":"https:\/\/bluedoggenetics.com\/wp-content\/uploads\/2024\/10\/Rutz-Auto-Bluedog-Genetics_11zon.webp","datePublished":"2024-10-10T20:34:33+00:00","dateModified":"2026-05-06T12:55:39+00:00","description":"Runtz Auto : graines de cannabis autoflorissantes au go\u00fbt sucr\u00e9 et \u00e0 l\u2019effet hybride puissant. Jusqu\u2019\u00e0 25\u202f% de THC et r\u00e9coltes rapides en int\u00e9rieur ou ext\u00e9rieur.","breadcrumb":{"@id":"https:\/\/bluedoggenetics.com\/producto\/autoflorecientes\/semillas-de-marihuana-runtz-auto-autoflorecientes\/#breadcrumb"},"inLanguage":"fr-FR","potentialAction":[{"@type":"ReadAction","target":["https:\/\/bluedoggenetics.com\/producto\/autoflorecientes\/semillas-de-marihuana-runtz-auto-autoflorecientes\/"]}]},{"@type":"ImageObject","inLanguage":"fr-FR","@id":"https:\/\/bluedoggenetics.com\/producto\/autoflorecientes\/semillas-de-marihuana-runtz-auto-autoflorecientes\/#primaryimage","url":"https:\/\/bluedoggenetics.com\/wp-content\/uploads\/2024\/10\/Rutz-Auto-Bluedog-Genetics_11zon.webp","contentUrl":"https:\/\/bluedoggenetics.com\/wp-content\/uploads\/2024\/10\/Rutz-Auto-Bluedog-Genetics_11zon.webp","width":1536,"height":1024,"caption":"Runtz Auto en floracion"},{"@type":"BreadcrumbList","@id":"https:\/\/bluedoggenetics.com\/producto\/autoflorecientes\/semillas-de-marihuana-runtz-auto-autoflorecientes\/#breadcrumb","itemListElement":[{"@type":"ListItem","position":1,"name":"Portada","item":"https:\/\/bluedoggenetics.com\/"},{"@type":"ListItem","position":2,"name":"Tienda","item":"https:\/\/bluedoggenetics.com\/fr\/tienda\/"},{"@type":"ListItem","position":3,"name":"Runtz Auto"}]},{"@type":"WebSite","@id":"https:\/\/bluedoggenetics.com\/de\/#website","url":"https:\/\/bluedoggenetics.com\/de\/","name":"BLUEDOG GENETICS Seeds","description":"Compare et ach\u00e8te les meilleures graines de cannabis. F\u00e9minis\u00e9es, autofloraison, CBD.","publisher":{"@id":"https:\/\/bluedoggenetics.com\/de\/#organization"},"alternateName":"BLUEDOG GENETICS","potentialAction":[{"@type":"SearchAction","target":{"@type":"EntryPoint","urlTemplate":"https:\/\/bluedoggenetics.com\/de\/?s={search_term_string}"},"query-input":{"@type":"PropertyValueSpecification","valueRequired":true,"valueName":"search_term_string"}}],"inLanguage":"fr-FR"},{"@type":"Organization","@id":"https:\/\/bluedoggenetics.com\/de\/#organization","name":"BLUEDOG GENETICS","url":"https:\/\/bluedoggenetics.com\/de\/","logo":{"@type":"ImageObject","inLanguage":"fr-FR","@id":"https:\/\/bluedoggenetics.com\/de\/#\/schema\/logo\/image\/","url":"https:\/\/bluedoggenetics.com\/wp-content\/uploads\/2024\/11\/appIcon.png","contentUrl":"https:\/\/bluedoggenetics.com\/wp-content\/uploads\/2024\/11\/appIcon.png","width":1024,"height":1024,"caption":"BLUEDOG GENETICS"},"image":{"@id":"https:\/\/bluedoggenetics.com\/de\/#\/schema\/logo\/image\/"},"sameAs":["https:\/\/www.instagram.com\/bluedog.genetics\/"]}]}},"sticker_url":"https:\/\/bluedoggenetics.com\/wp-content\/uploads\/2024\/10\/Runtz-Auto-Sticker.webp","variations_full":[{"id":915,"price":7.5,"regular_price":7.5,"attributes":{"attribute_pa_cantidad":"pack-1"},"image_src":"https:\/\/bluedoggenetics.com\/wp-content\/uploads\/2024\/10\/Rutz-Auto-Bluedog-Genetics_11zon-600x400.webp","is_in_stock":true},{"id":917,"price":20.2,"regular_price":20.2,"attributes":{"attribute_pa_cantidad":"pack-3"},"image_src":"https:\/\/bluedoggenetics.com\/wp-content\/uploads\/2024\/10\/Rutz-Auto-Bluedog-Genetics_11zon-600x400.webp","is_in_stock":true},{"id":918,"price":29.9,"regular_price":29.9,"attributes":{"attribute_pa_cantidad":"pack-5"},"image_src":"https:\/\/bluedoggenetics.com\/wp-content\/uploads\/2024\/10\/Rutz-Auto-Bluedog-Genetics_11zon-600x400.webp","is_in_stock":true},{"id":916,"price":52.4,"regular_price":52.4,"attributes":{"attribute_pa_cantidad":"pack-10"},"image_src":"https:\/\/bluedoggenetics.com\/wp-content\/uploads\/2024\/10\/Rutz-Auto-Bluedog-Genetics_11zon-600x400.webp","is_in_stock":true}],"jetpack_sharing_enabled":true,"_links":{"self":[{"href":"https:\/\/bluedoggenetics.com\/fr\/wp-json\/wp\/v2\/product\/914","targetHints":{"allow":["GET"]}}],"collection":[{"href":"https:\/\/bluedoggenetics.com\/fr\/wp-json\/wp\/v2\/product"}],"about":[{"href":"https:\/\/bluedoggenetics.com\/fr\/wp-json\/wp\/v2\/types\/product"}],"wp:featuredmedia":[{"embeddable":true,"href":"https:\/\/bluedoggenetics.com\/fr\/wp-json\/wp\/v2\/media\/2628"}],"wp:attachment":[{"href":"https:\/\/bluedoggenetics.com\/fr\/wp-json\/wp\/v2\/media?parent=914"}],"wp:term":[{"taxonomy":"product_brand","embeddable":true,"href":"https:\/\/bluedoggenetics.com\/fr\/wp-json\/wp\/v2\/product_brand?post=914"},{"taxonomy":"product_cat","embeddable":true,"href":"https:\/\/bluedoggenetics.com\/fr\/wp-json\/wp\/v2\/product_cat?post=914"},{"taxonomy":"product_tag","embeddable":true,"href":"https:\/\/bluedoggenetics.com\/fr\/wp-json\/wp\/v2\/product_tag?post=914"}],"curies":[{"name":"wp","href":"https:\/\/api.w.org\/{rel}","templated":true}]}}