{"id":8843,"date":"2026-04-03T15:28:02","date_gmt":"2026-04-03T13:28:02","guid":{"rendered":"https:\/\/bluedoggenetics.com\/?post_type=product&#038;p=8843"},"modified":"2026-04-03T15:28:14","modified_gmt":"2026-04-03T13:28:14","slug":"amnesia-haze-auto-3","status":"publish","type":"product","link":"https:\/\/bluedoggenetics.com\/fr\/produit\/autofloreciente\/amnesia-haze-auto-3\/","title":{"rendered":"Amnesia Haze Auto"},"content":{"rendered":"<p>Si buscas rapidez y eficiencia, la gen\u00e9tica <strong>Amnesia Haze Auto<\/strong> de <strong>Royal Queen Seeds<\/strong> es una autofloreciente de \u00e9lite. Dise\u00f1ada para completar su ciclo a la velocidad del rayo sin depender de los fotoperiodos, esta maravilla autom\u00e1tica te regalar\u00e1 sabores a uva y chicle en un tiempo r\u00e9cord, con un efecto munchies que rivaliza con las mejores cepas fotodependientes.<\/p>\n<p><b>Aspecto de la Flor.<\/b> Sus cogollos no tienen nada que envidiar a las gen\u00e9ticas tradicionales. Forman gruesas pi\u00f1as florales recubiertas de tricomas que huelen a gloria. La relaci\u00f3n c\u00e1liz-hoja es excelente para ser una auto, lo que facilita enormemente el manicurado.<\/p>\n<p><b>Morfolog\u00eda de la Planta.<\/b> Presenta una estructura compacta y robusta, perfecta para cultivar en espacios reducidos, balcones discretos o terrazas. Al ser autofloreciente, comenzar\u00e1 a sacar pistilos de forma natural a partir de la tercera o cuarta semana de vida.<\/p>\n<h3><b>Conseils de Culture<\/b><\/h3>\n<ul>\n<li><strong>\u00bfCu\u00e1l es el clima ideal para cultivar Amnesia Haze Auto?<\/strong><br \/>\u00a1Las autos lo adoran todo! En exterior se pueden cultivar durante casi todo el a\u00f1o siempre que las temperaturas no bajen de 15\u00baC. En interior, dales un ciclo continuo de 20 horas de luz y 4 de oscuridad para sacarles el m\u00e1ximo rendimiento.<\/li>\n<li><strong>\u00bfQu\u00e9 t\u00e9cnicas de entrenamiento funcionan mejor con Amnesia Haze Auto?<\/strong><br \/>Con las autoflorecientes, menos es m\u00e1s. Evita las podas agresivas (como la poda apical) ya que su corto ciclo vegetativo no les da tiempo a recuperarse. Lim\u00edtate a hacer LST (Low Stress Training) muy suave si necesitas abrir las ramas.<\/li>\n<li><strong>\u00bfQu\u00e9 tipo de fertilizaci\u00f3n necesita Amnesia Haze Auto?<\/strong><br \/>Come ligero pero constante. Evita fertilizar en exceso durante las tres primeras semanas y aseg\u00farate de a\u00f1adir un estimulador de ra\u00edces desde el primer d\u00eda para que la planta coja buen tama\u00f1o antes de empezar a florecer.<\/li>\n<li><strong>\u00bfC\u00f3mo debe ser el riego y la humedad para Amnesia Haze Auto?<\/strong><br \/>El truco de oro con las autos: riegos muy cortos y frecuentes al principio para no encharcar la peque\u00f1a ra\u00edz, y pasar a sustratos muy aireados (a\u00f1ade un 30% de perlita o coco) para maximizar su desarrollo explosivo.<\/li>\n<li><strong>\u00bfEs necesario podar la planta Amnesia Haze Auto?<\/strong><br \/>NO. Evita podar ramas en gen\u00e9ticas autoflorecientes. Como mucho, retira alguna hoja que est\u00e9 tapando un cogollo importante en la fase final de maduraci\u00f3n, pero evita estresar a la planta.<\/li>\n<\/ul>","protected":false},"excerpt":{"rendered":"<p>El cruce autom\u00e1tico perfecto. <strong>Amnesia Haze Auto<\/strong> de <strong>Royal Queen Seeds<\/strong> brilla por su rapidez y sus incre\u00edbles tonos a uva. Una auto ultra productiva con 18-24% de THC que induce a un viaje munchies.<\/p>","protected":false},"featured_media":1765,"template":"","meta":{"_acf_changed":false,"inline_featured_image":false,"_wp_applaud_exclude":false},"product_brand":[195],"product_cat":[353],"product_tag":[],"class_list":{"0":"post-8843","1":"product","2":"type-product","3":"status-publish","4":"has-post-thumbnail","6":"product_brand-royal-queen-seeds","7":"product_cat-autofloreciente","8":"pa_altura-exterior-150-180","9":"pa_altura-interior-90-120","10":"pa_beneficios-terapeuticos-alivio-de-ansiedad","11":"pa_beneficios-terapeuticos-aumento-del-apetito","12":"pa_beneficios-terapeuticos-ayuda-para-dormir","13":"pa_cantidad-1-fem","14":"pa_cantidad-10-fem","15":"pa_cantidad-15-fem","16":"pa_cantidad-3-fem","17":"pa_cantidad-5-fem","18":"pa_clima-calido","19":"pa_cosecha-exterior-450-550","20":"pa_cosecha-interior-400-500","21":"pa_efectos-destacables-munchies","22":"pa_efectos-destacables-risueno","23":"pa_floracion-10-12","24":"pa_genetica-50-50","25":"pa_olor-intenso","26":"pa_sabores-y-olores-chicle","27":"pa_sabores-y-olores-madera","28":"pa_sabores-y-olores-terroso","29":"pa_sabores-y-olores-uva","30":"pa_thc-18-24","31":"pa_variedad-autofloreciente","33":"first","34":"instock","35":"taxable","36":"shipping-taxable","37":"purchasable","38":"product-type-variable"},"acf":{"sticker":false,"family_tree":""},"yoast_head":"<!-- This site is optimized with the Yoast SEO plugin v26.5 - https:\/\/yoast.com\/wordpress\/plugins\/seo\/ -->\n<title>Amnesia Haze Auto - BLUEDOG GENETICS Seeds<\/title>\n<meta name=\"description\" content=\"Amnesia Haze Auto de Royal Queen Seeds. Cultiva tu propia leyenda. THC 18-24%, sabor a uva y efecto munchies. Calidad TOP. \u00a1C\u00f3mpralas aqu\u00ed!\" \/>\n<meta name=\"robots\" content=\"index, follow, max-snippet:-1, max-image-preview:large, max-video-preview:-1\" \/>\n<link rel=\"canonical\" href=\"https:\/\/bluedoggenetics.com\/fr\/produit\/non-classe\/amnesia-haze-auto-3\/\" \/>\n<meta property=\"og:locale\" content=\"fr_FR\" \/>\n<meta property=\"og:type\" content=\"article\" \/>\n<meta property=\"og:title\" content=\"Amnesia Haze Auto - BLUEDOG GENETICS Seeds\" \/>\n<meta property=\"og:description\" content=\"Amnesia Haze Auto de Royal Queen Seeds. Cultiva tu propia leyenda. THC 18-24%, sabor a uva y efecto munchies. Calidad TOP. \u00a1C\u00f3mpralas aqu\u00ed!\" \/>\n<meta property=\"og:url\" content=\"https:\/\/bluedoggenetics.com\/fr\/produit\/non-classe\/amnesia-haze-auto-3\/\" \/>\n<meta property=\"og:site_name\" content=\"BLUEDOG GENETICS Seeds\" \/>\n<meta property=\"article:modified_time\" content=\"2026-04-03T13:28:14+00:00\" \/>\n<meta property=\"og:image\" content=\"https:\/\/bluedoggenetics.com\/wp-content\/uploads\/2024\/11\/appIcon.png\" \/>\n\t<meta property=\"og:image:width\" content=\"1024\" \/>\n\t<meta property=\"og:image:height\" content=\"1024\" \/>\n\t<meta property=\"og:image:type\" content=\"image\/png\" \/>\n<meta name=\"twitter:card\" content=\"summary_large_image\" \/>\n<meta name=\"twitter:label1\" content=\"Dur\u00e9e de lecture estim\u00e9e\" \/>\n\t<meta name=\"twitter:data1\" content=\"2 minutes\" \/>\n<script type=\"application\/ld+json\" class=\"yoast-schema-graph\">{\"@context\":\"https:\/\/schema.org\",\"@graph\":[{\"@type\":[\"WebPage\",\"ItemPage\"],\"@id\":\"https:\/\/bluedoggenetics.com\/producto\/sin-categorizar\/amnesia-haze-auto-3\/\",\"url\":\"https:\/\/bluedoggenetics.com\/producto\/sin-categorizar\/amnesia-haze-auto-3\/\",\"name\":\"Amnesia Haze Auto - BLUEDOG GENETICS Seeds\",\"isPartOf\":{\"@id\":\"https:\/\/bluedoggenetics.com\/de\/#website\"},\"primaryImageOfPage\":{\"@id\":\"https:\/\/bluedoggenetics.com\/producto\/sin-categorizar\/amnesia-haze-auto-3\/#primaryimage\"},\"image\":{\"@id\":\"https:\/\/bluedoggenetics.com\/producto\/sin-categorizar\/amnesia-haze-auto-3\/#primaryimage\"},\"thumbnailUrl\":\"https:\/\/bluedoggenetics.com\/wp-content\/uploads\/2024\/11\/appIcon.png\",\"datePublished\":\"2026-04-03T13:28:02+00:00\",\"dateModified\":\"2026-04-03T13:28:14+00:00\",\"description\":\"Amnesia Haze Auto de Royal Queen Seeds. Cultiva tu propia leyenda. THC 18-24%, sabor a uva y efecto munchies. Calidad TOP. \u00a1C\u00f3mpralas aqu\u00ed!\",\"breadcrumb\":{\"@id\":\"https:\/\/bluedoggenetics.com\/producto\/sin-categorizar\/amnesia-haze-auto-3\/#breadcrumb\"},\"inLanguage\":\"fr-FR\",\"potentialAction\":[{\"@type\":\"ReadAction\",\"target\":[\"https:\/\/bluedoggenetics.com\/producto\/sin-categorizar\/amnesia-haze-auto-3\/\"]}]},{\"@type\":\"ImageObject\",\"inLanguage\":\"fr-FR\",\"@id\":\"https:\/\/bluedoggenetics.com\/producto\/sin-categorizar\/amnesia-haze-auto-3\/#primaryimage\",\"url\":\"https:\/\/bluedoggenetics.com\/wp-content\/uploads\/2024\/11\/appIcon.png\",\"contentUrl\":\"https:\/\/bluedoggenetics.com\/wp-content\/uploads\/2024\/11\/appIcon.png\",\"width\":1024,\"height\":1024},{\"@type\":\"BreadcrumbList\",\"@id\":\"https:\/\/bluedoggenetics.com\/producto\/sin-categorizar\/amnesia-haze-auto-3\/#breadcrumb\",\"itemListElement\":[{\"@type\":\"ListItem\",\"position\":1,\"name\":\"Portada\",\"item\":\"https:\/\/bluedoggenetics.com\/\"},{\"@type\":\"ListItem\",\"position\":2,\"name\":\"Tienda\",\"item\":\"https:\/\/bluedoggenetics.com\/fr\/tienda\/\"},{\"@type\":\"ListItem\",\"position\":3,\"name\":\"Amnesia Haze Auto\"}]},{\"@type\":\"WebSite\",\"@id\":\"https:\/\/bluedoggenetics.com\/de\/#website\",\"url\":\"https:\/\/bluedoggenetics.com\/de\/\",\"name\":\"BLUEDOG GENETICS Seeds\",\"description\":\"Compara y compra las mejores semillas de cannabis. Feminizadas, Autoflorecientes, CBD.\",\"publisher\":{\"@id\":\"https:\/\/bluedoggenetics.com\/de\/#organization\"},\"alternateName\":\"BLUEDOG GENETICS\",\"potentialAction\":[{\"@type\":\"SearchAction\",\"target\":{\"@type\":\"EntryPoint\",\"urlTemplate\":\"https:\/\/bluedoggenetics.com\/de\/?s={search_term_string}\"},\"query-input\":{\"@type\":\"PropertyValueSpecification\",\"valueRequired\":true,\"valueName\":\"search_term_string\"}}],\"inLanguage\":\"fr-FR\"},{\"@type\":\"Organization\",\"@id\":\"https:\/\/bluedoggenetics.com\/de\/#organization\",\"name\":\"BLUEDOG GENETICS\",\"url\":\"https:\/\/bluedoggenetics.com\/de\/\",\"logo\":{\"@type\":\"ImageObject\",\"inLanguage\":\"fr-FR\",\"@id\":\"https:\/\/bluedoggenetics.com\/de\/#\/schema\/logo\/image\/\",\"url\":\"https:\/\/bluedoggenetics.com\/wp-content\/uploads\/2024\/11\/appIcon.png\",\"contentUrl\":\"https:\/\/bluedoggenetics.com\/wp-content\/uploads\/2024\/11\/appIcon.png\",\"width\":1024,\"height\":1024,\"caption\":\"BLUEDOG GENETICS\"},\"image\":{\"@id\":\"https:\/\/bluedoggenetics.com\/de\/#\/schema\/logo\/image\/\"},\"sameAs\":[\"https:\/\/www.instagram.com\/bluedog.genetics\/\"]}]}<\/script>\n<!-- \/ Yoast SEO plugin. -->","yoast_head_json":{"title":"Amnesia Haze Auto - BLUEDOG GENETICS Seeds","description":"Amnesia Haze Auto de Royal Queen Seeds. Cultiva tu propia leyenda. THC 18-24%, sabor a uva y efecto munchies. Calidad TOP. \u00a1C\u00f3mpralas aqu\u00ed!","robots":{"index":"index","follow":"follow","max-snippet":"max-snippet:-1","max-image-preview":"max-image-preview:large","max-video-preview":"max-video-preview:-1"},"canonical":"https:\/\/bluedoggenetics.com\/fr\/produit\/non-classe\/amnesia-haze-auto-3\/","og_locale":"fr_FR","og_type":"article","og_title":"Amnesia Haze Auto - BLUEDOG GENETICS Seeds","og_description":"Amnesia Haze Auto de Royal Queen Seeds. Cultiva tu propia leyenda. THC 18-24%, sabor a uva y efecto munchies. Calidad TOP. \u00a1C\u00f3mpralas aqu\u00ed!","og_url":"https:\/\/bluedoggenetics.com\/fr\/produit\/non-classe\/amnesia-haze-auto-3\/","og_site_name":"BLUEDOG GENETICS Seeds","article_modified_time":"2026-04-03T13:28:14+00:00","og_image":[{"width":1024,"height":1024,"url":"https:\/\/bluedoggenetics.com\/wp-content\/uploads\/2024\/11\/appIcon.png","type":"image\/png"}],"twitter_card":"summary_large_image","twitter_misc":{"Dur\u00e9e de lecture estim\u00e9e":"2 minutes"},"schema":{"@context":"https:\/\/schema.org","@graph":[{"@type":["WebPage","ItemPage"],"@id":"https:\/\/bluedoggenetics.com\/producto\/sin-categorizar\/amnesia-haze-auto-3\/","url":"https:\/\/bluedoggenetics.com\/producto\/sin-categorizar\/amnesia-haze-auto-3\/","name":"Amnesia Haze Auto - BLUEDOG GENETICS Seeds","isPartOf":{"@id":"https:\/\/bluedoggenetics.com\/de\/#website"},"primaryImageOfPage":{"@id":"https:\/\/bluedoggenetics.com\/producto\/sin-categorizar\/amnesia-haze-auto-3\/#primaryimage"},"image":{"@id":"https:\/\/bluedoggenetics.com\/producto\/sin-categorizar\/amnesia-haze-auto-3\/#primaryimage"},"thumbnailUrl":"https:\/\/bluedoggenetics.com\/wp-content\/uploads\/2024\/11\/appIcon.png","datePublished":"2026-04-03T13:28:02+00:00","dateModified":"2026-04-03T13:28:14+00:00","description":"Amnesia Haze Auto de Royal Queen Seeds. Cultiva tu propia leyenda. THC 18-24%, sabor a uva y efecto munchies. Calidad TOP. \u00a1C\u00f3mpralas aqu\u00ed!","breadcrumb":{"@id":"https:\/\/bluedoggenetics.com\/producto\/sin-categorizar\/amnesia-haze-auto-3\/#breadcrumb"},"inLanguage":"fr-FR","potentialAction":[{"@type":"ReadAction","target":["https:\/\/bluedoggenetics.com\/producto\/sin-categorizar\/amnesia-haze-auto-3\/"]}]},{"@type":"ImageObject","inLanguage":"fr-FR","@id":"https:\/\/bluedoggenetics.com\/producto\/sin-categorizar\/amnesia-haze-auto-3\/#primaryimage","url":"https:\/\/bluedoggenetics.com\/wp-content\/uploads\/2024\/11\/appIcon.png","contentUrl":"https:\/\/bluedoggenetics.com\/wp-content\/uploads\/2024\/11\/appIcon.png","width":1024,"height":1024},{"@type":"BreadcrumbList","@id":"https:\/\/bluedoggenetics.com\/producto\/sin-categorizar\/amnesia-haze-auto-3\/#breadcrumb","itemListElement":[{"@type":"ListItem","position":1,"name":"Portada","item":"https:\/\/bluedoggenetics.com\/"},{"@type":"ListItem","position":2,"name":"Tienda","item":"https:\/\/bluedoggenetics.com\/fr\/tienda\/"},{"@type":"ListItem","position":3,"name":"Amnesia Haze Auto"}]},{"@type":"WebSite","@id":"https:\/\/bluedoggenetics.com\/de\/#website","url":"https:\/\/bluedoggenetics.com\/de\/","name":"BLUEDOG GENETICS Seeds","description":"Compare et ach\u00e8te les meilleures graines de cannabis. F\u00e9minis\u00e9es, autofloraison, CBD.","publisher":{"@id":"https:\/\/bluedoggenetics.com\/de\/#organization"},"alternateName":"BLUEDOG GENETICS","potentialAction":[{"@type":"SearchAction","target":{"@type":"EntryPoint","urlTemplate":"https:\/\/bluedoggenetics.com\/de\/?s={search_term_string}"},"query-input":{"@type":"PropertyValueSpecification","valueRequired":true,"valueName":"search_term_string"}}],"inLanguage":"fr-FR"},{"@type":"Organization","@id":"https:\/\/bluedoggenetics.com\/de\/#organization","name":"BLUEDOG GENETICS","url":"https:\/\/bluedoggenetics.com\/de\/","logo":{"@type":"ImageObject","inLanguage":"fr-FR","@id":"https:\/\/bluedoggenetics.com\/de\/#\/schema\/logo\/image\/","url":"https:\/\/bluedoggenetics.com\/wp-content\/uploads\/2024\/11\/appIcon.png","contentUrl":"https:\/\/bluedoggenetics.com\/wp-content\/uploads\/2024\/11\/appIcon.png","width":1024,"height":1024,"caption":"BLUEDOG GENETICS"},"image":{"@id":"https:\/\/bluedoggenetics.com\/de\/#\/schema\/logo\/image\/"},"sameAs":["https:\/\/www.instagram.com\/bluedog.genetics\/"]}]}},"sticker_url":null,"variations_full":[{"id":8854,"price":75,"regular_price":75,"attributes":{"attribute_pa_cantidad":"10-fem"},"image_src":"https:\/\/bluedoggenetics.com\/wp-content\/uploads\/2024\/11\/appIcon-600x600.png","is_in_stock":true},{"id":8855,"price":11,"regular_price":11,"attributes":{"attribute_pa_cantidad":"1-fem"},"image_src":"https:\/\/bluedoggenetics.com\/wp-content\/uploads\/2024\/11\/appIcon-600x600.png","is_in_stock":true},{"id":8856,"price":29,"regular_price":29,"attributes":{"attribute_pa_cantidad":"3-fem"},"image_src":"https:\/\/bluedoggenetics.com\/wp-content\/uploads\/2024\/11\/appIcon-600x600.png","is_in_stock":true},{"id":8857,"price":45,"regular_price":45,"attributes":{"attribute_pa_cantidad":"5-fem"},"image_src":"https:\/\/bluedoggenetics.com\/wp-content\/uploads\/2024\/11\/appIcon-600x600.png","is_in_stock":true},{"id":8858,"price":80,"regular_price":80,"attributes":{"attribute_pa_cantidad":"10-fem"},"image_src":"https:\/\/bluedoggenetics.com\/wp-content\/uploads\/2024\/11\/appIcon-600x600.png","is_in_stock":true},{"id":8859,"price":115,"regular_price":115,"attributes":{"attribute_pa_cantidad":"15-fem"},"image_src":"https:\/\/bluedoggenetics.com\/wp-content\/uploads\/2024\/11\/appIcon-600x600.png","is_in_stock":true}],"jetpack_sharing_enabled":true,"_links":{"self":[{"href":"https:\/\/bluedoggenetics.com\/fr\/wp-json\/wp\/v2\/product\/8843","targetHints":{"allow":["GET"]}}],"collection":[{"href":"https:\/\/bluedoggenetics.com\/fr\/wp-json\/wp\/v2\/product"}],"about":[{"href":"https:\/\/bluedoggenetics.com\/fr\/wp-json\/wp\/v2\/types\/product"}],"wp:featuredmedia":[{"embeddable":true,"href":"https:\/\/bluedoggenetics.com\/fr\/wp-json\/wp\/v2\/media\/1765"}],"wp:attachment":[{"href":"https:\/\/bluedoggenetics.com\/fr\/wp-json\/wp\/v2\/media?parent=8843"}],"wp:term":[{"taxonomy":"product_brand","embeddable":true,"href":"https:\/\/bluedoggenetics.com\/fr\/wp-json\/wp\/v2\/product_brand?post=8843"},{"taxonomy":"product_cat","embeddable":true,"href":"https:\/\/bluedoggenetics.com\/fr\/wp-json\/wp\/v2\/product_cat?post=8843"},{"taxonomy":"product_tag","embeddable":true,"href":"https:\/\/bluedoggenetics.com\/fr\/wp-json\/wp\/v2\/product_tag?post=8843"}],"curies":[{"name":"wp","href":"https:\/\/api.w.org\/{rel}","templated":true}]}}