{"id":6429,"date":"2026-03-31T00:34:03","date_gmt":"2026-03-30T22:34:03","guid":{"rendered":"https:\/\/bluedoggenetics.com\/?post_type=product&#038;p=6429"},"modified":"2026-05-06T14:59:57","modified_gmt":"2026-05-06T12:59:57","slug":"nordle-afghan-skunk","status":"publish","type":"product","link":"https:\/\/bluedoggenetics.com\/fr\/produit\/regular\/nordle-afghan-skunk\/","title":{"rendered":"Nordle (Afghan Skunk)"},"content":{"rendered":"<p>Feu pur et relaxation profonde. Le <strong>Nordle (Afghan Skunk)<\/strong> de la c\u00e9l\u00e8bre banque <strong>Mr Nice Seedbank<\/strong> C'est une vari\u00e9t\u00e9 d'\u00e9lite qui vous s\u00e9duit par sa tr\u00e8s haute production de r\u00e9sine et son effet puissant. Il laissera sur votre palais des notes fruit\u00e9es intenses et des notes chocolat\u00e9es, vous enveloppant dans une sensation de calme in\u00e9gal\u00e9e. C\u2019est la vari\u00e9t\u00e9 nocturne ultime, largement pl\u00e9biscit\u00e9e par ceux qui recherchent un \u00e9tat de profonde fringale et une d\u00e9connexion totale.<\/p>\n<p><b>Aspect de la fleur.<\/b> La manucure sera une t\u00e2che d\u00e9licate. Ses fleurs sont dures comme des diamants et ont une densit\u00e9 spectaculaire, terminant leur cycle de vie recouvertes d'une \u00e9paisse couche de trichomes blancs. Avec les baisses de temp\u00e9rature, il d\u00e9gage g\u00e9n\u00e9ralement de belles tonalit\u00e9s violettes et bleut\u00e9es.<\/p>\n<p><b>Morphologie v\u00e9g\u00e9tale.<\/b> Il pousse comme un champion : petit, trapu et extr\u00eamement robuste. Son tronc central est particuli\u00e8rement \u00e9pais, con\u00e7u par la nature pour supporter le poids brutal de son bourgeon central, et pr\u00e9sente d'\u00e9normes feuilles vert fonc\u00e9.<\/p>\n<h3><b>Conseils de Culture<\/b><\/h3>\n<ul>\n<li><strong>Quel est le climat id\u00e9al pour cultiver le Nordle (Afghan Skunk) ?<\/strong><br \/>Sa r\u00e9sistance est l\u00e9gendaire. Il s\u2019adapte de mani\u00e8re ph\u00e9nom\u00e9nale aux climats plus frais, continentaux ou montagneux, r\u00e9sistant bien mieux aux baisses drastiques de temp\u00e9rature nocturne que les vari\u00e9t\u00e9s \u00e9quatoriales.<\/li>\n<li><strong>Quelles techniques de formation fonctionnent le mieux avec le Nordle (Afghan Skunk) ?<\/strong><br \/>Si vous cultivez en int\u00e9rieur, la m\u00e9thode SOG (Sea of \u200b\u200bGreen) est votre meilleure alli\u00e9e. En concentrant leur force dans une immense t\u00eate centrale, regrouper des dizaines de ces plantes maximisera la r\u00e9colte au m\u00e8tre carr\u00e9 sans avoir besoin d\u2019une taille complexe.<\/li>\n<li><strong>De quel type de fertilisation le Nordle (Afghan Skunk) a-t-il besoin ?<\/strong><br \/>C'est une plante rustique avec un grand app\u00e9tit. En pleine floraison, elle acceptera volontiers de g\u00e9n\u00e9reuses doses de phosphore et de potassium (PK) pour durcir \u00e0 l\u2019extr\u00eame ses lourdes fleurs.<\/li>\n<li><strong>\u00c0 quoi devraient ressembler l\u2019irrigation et l\u2019humidit\u00e9 pour le Nordle (Afghan Skunk) ?<\/strong><br \/>Puisque ses fleurs constituent un mur imp\u00e9n\u00e9trable, une humidit\u00e9 excessive est son pire ennemi. Arrosez avec parcimonie pendant la floraison et laissez des ventilateurs oscillants d\u00e9placer l\u2019air pour \u00e9viter le botrytis.<\/li>\n<li><strong>Est-il n\u00e9cessaire de tailler la plante Nordle (Afghan Skunk) ?<\/strong><br \/>Elle appr\u00e9cie un bon effeuillage en phase de floraison moyenne. Retirez les \u00e9normes \u00ab feuilles en \u00e9ventail \u00bb ; qui fournissent de l'ombre permettront \u00e0 la lumi\u00e8re d'atteindre les zones basses, grossissant les bourgeons satellites qui autrement resteraient creux.<\/li>\n<\/ul>","protected":false},"excerpt":{"rendered":"<p>D\u00e9couvrez le <strong>Nordle (Afghan Skunk)<\/strong> de <strong>Mr Nice Seedbank<\/strong>, une g\u00e9n\u00e9tique hybride qui vous surprendra par ses nuances fruit\u00e9es et chocolat\u00e9es marqu\u00e9es. Avec un THC de 18 \u00e0 24 %, elle est id\u00e9ale pour ceux qui recherchent un effet grignotant de qualit\u00e9 sup\u00e9rieure.<\/p>","protected":false},"featured_media":6445,"template":"","meta":{"_acf_changed":false,"inline_featured_image":false,"_wp_applaud_exclude":false},"product_brand":[291],"product_cat":[309],"product_tag":[],"class_list":{"0":"post-6429","1":"product","2":"type-product","3":"status-publish","4":"has-post-thumbnail","6":"product_brand-mr-nice-seedbank","7":"product_cat-regular","8":"pa_altura-exterior-150-180","9":"pa_altura-interior-90-120","10":"pa_beneficios-terapeuticos-alivio-del-dolor","11":"pa_beneficios-terapeuticos-reduccion-de-nauseas","12":"pa_cantidad-18-reg","13":"pa_clima-calido","14":"pa_cosecha-exterior-450-550","15":"pa_cosecha-interior-400-500","16":"pa_efectos-destacables-activo","17":"pa_efectos-destacables-euforico","18":"pa_efectos-destacables-munchies","19":"pa_floracion-10-12","20":"pa_genetica-50-50","21":"pa_olor-intenso","22":"pa_sabores-y-olores-afrutado","23":"pa_sabores-y-olores-chocolate","24":"pa_sabores-y-olores-quimico","25":"pa_sabores-y-olores-skunk","26":"pa_thc-18-24","27":"pa_variedad-hibrida","29":"first","30":"instock","31":"taxable","32":"shipping-taxable","33":"purchasable","34":"product-type-variable"},"acf":{"sticker":false,"family_tree":""},"yoast_head":"<!-- This site is optimized with the Yoast SEO plugin v26.5 - https:\/\/yoast.com\/wordpress\/plugins\/seo\/ -->\n<title>Nordle (Afghan Skunk) - BLUEDOG GENETICS Seeds<\/title>\n<meta name=\"description\" content=\"Nordle (Afghan Skunk) de Mr Nice Seedbank. Cultiva tu propia leyenda. THC 18-24%, sabor a afrutado y efecto munchies. Calidad TOP. \u00a1C\u00f3mpralas aqu\u00ed!\" \/>\n<meta name=\"robots\" content=\"index, follow, max-snippet:-1, max-image-preview:large, max-video-preview:-1\" \/>\n<link rel=\"canonical\" href=\"https:\/\/bluedoggenetics.com\/fr\/produit\/regular\/nordle-afghan-skunk\/\" \/>\n<meta property=\"og:locale\" content=\"fr_FR\" \/>\n<meta property=\"og:type\" content=\"article\" \/>\n<meta property=\"og:title\" content=\"Nordle (Afghan Skunk) - BLUEDOG GENETICS Seeds\" \/>\n<meta property=\"og:description\" content=\"Nordle (Afghan Skunk) de Mr Nice Seedbank. Cultiva tu propia leyenda. THC 18-24%, sabor a afrutado y efecto munchies. Calidad TOP. \u00a1C\u00f3mpralas aqu\u00ed!\" \/>\n<meta property=\"og:url\" content=\"https:\/\/bluedoggenetics.com\/fr\/produit\/regular\/nordle-afghan-skunk\/\" \/>\n<meta property=\"og:site_name\" content=\"BLUEDOG GENETICS Seeds\" \/>\n<meta property=\"article:modified_time\" content=\"2026-05-06T12:59:57+00:00\" \/>\n<meta property=\"og:image\" content=\"https:\/\/bluedoggenetics.com\/wp-content\/uploads\/2026\/03\/140325_2196089_pimcore_1_1.jpg\" \/>\n\t<meta property=\"og:image:width\" content=\"900\" \/>\n\t<meta property=\"og:image:height\" content=\"745\" \/>\n\t<meta property=\"og:image:type\" content=\"image\/jpeg\" \/>\n<meta name=\"twitter:card\" content=\"summary_large_image\" \/>\n<meta name=\"twitter:label1\" content=\"Dur\u00e9e de lecture estim\u00e9e\" \/>\n\t<meta name=\"twitter:data1\" content=\"2 minutes\" \/>\n<script type=\"application\/ld+json\" class=\"yoast-schema-graph\">{\"@context\":\"https:\/\/schema.org\",\"@graph\":[{\"@type\":[\"WebPage\",\"ItemPage\"],\"@id\":\"https:\/\/bluedoggenetics.com\/producto\/regular\/nordle-afghan-skunk\/\",\"url\":\"https:\/\/bluedoggenetics.com\/producto\/regular\/nordle-afghan-skunk\/\",\"name\":\"Nordle (Afghan Skunk) - BLUEDOG GENETICS Seeds\",\"isPartOf\":{\"@id\":\"https:\/\/bluedoggenetics.com\/de\/#website\"},\"primaryImageOfPage\":{\"@id\":\"https:\/\/bluedoggenetics.com\/producto\/regular\/nordle-afghan-skunk\/#primaryimage\"},\"image\":{\"@id\":\"https:\/\/bluedoggenetics.com\/producto\/regular\/nordle-afghan-skunk\/#primaryimage\"},\"thumbnailUrl\":\"https:\/\/bluedoggenetics.com\/wp-content\/uploads\/2026\/03\/140325_2196089_pimcore_1_1.jpg\",\"datePublished\":\"2026-03-30T22:34:03+00:00\",\"dateModified\":\"2026-05-06T12:59:57+00:00\",\"description\":\"Nordle (Afghan Skunk) de Mr Nice Seedbank. Cultiva tu propia leyenda. THC 18-24%, sabor a afrutado y efecto munchies. Calidad TOP. \u00a1C\u00f3mpralas aqu\u00ed!\",\"breadcrumb\":{\"@id\":\"https:\/\/bluedoggenetics.com\/producto\/regular\/nordle-afghan-skunk\/#breadcrumb\"},\"inLanguage\":\"fr-FR\",\"potentialAction\":[{\"@type\":\"ReadAction\",\"target\":[\"https:\/\/bluedoggenetics.com\/producto\/regular\/nordle-afghan-skunk\/\"]}]},{\"@type\":\"ImageObject\",\"inLanguage\":\"fr-FR\",\"@id\":\"https:\/\/bluedoggenetics.com\/producto\/regular\/nordle-afghan-skunk\/#primaryimage\",\"url\":\"https:\/\/bluedoggenetics.com\/wp-content\/uploads\/2026\/03\/140325_2196089_pimcore_1_1.jpg\",\"contentUrl\":\"https:\/\/bluedoggenetics.com\/wp-content\/uploads\/2026\/03\/140325_2196089_pimcore_1_1.jpg\",\"width\":900,\"height\":745},{\"@type\":\"BreadcrumbList\",\"@id\":\"https:\/\/bluedoggenetics.com\/producto\/regular\/nordle-afghan-skunk\/#breadcrumb\",\"itemListElement\":[{\"@type\":\"ListItem\",\"position\":1,\"name\":\"Portada\",\"item\":\"https:\/\/bluedoggenetics.com\/\"},{\"@type\":\"ListItem\",\"position\":2,\"name\":\"Tienda\",\"item\":\"https:\/\/bluedoggenetics.com\/fr\/tienda\/\"},{\"@type\":\"ListItem\",\"position\":3,\"name\":\"Nordle (Afghan Skunk)\"}]},{\"@type\":\"WebSite\",\"@id\":\"https:\/\/bluedoggenetics.com\/de\/#website\",\"url\":\"https:\/\/bluedoggenetics.com\/de\/\",\"name\":\"BLUEDOG GENETICS Seeds\",\"description\":\"Compara y compra las mejores semillas de cannabis. Feminizadas, Autoflorecientes, CBD.\",\"publisher\":{\"@id\":\"https:\/\/bluedoggenetics.com\/de\/#organization\"},\"alternateName\":\"BLUEDOG GENETICS\",\"potentialAction\":[{\"@type\":\"SearchAction\",\"target\":{\"@type\":\"EntryPoint\",\"urlTemplate\":\"https:\/\/bluedoggenetics.com\/de\/?s={search_term_string}\"},\"query-input\":{\"@type\":\"PropertyValueSpecification\",\"valueRequired\":true,\"valueName\":\"search_term_string\"}}],\"inLanguage\":\"fr-FR\"},{\"@type\":\"Organization\",\"@id\":\"https:\/\/bluedoggenetics.com\/de\/#organization\",\"name\":\"BLUEDOG GENETICS\",\"url\":\"https:\/\/bluedoggenetics.com\/de\/\",\"logo\":{\"@type\":\"ImageObject\",\"inLanguage\":\"fr-FR\",\"@id\":\"https:\/\/bluedoggenetics.com\/de\/#\/schema\/logo\/image\/\",\"url\":\"https:\/\/bluedoggenetics.com\/wp-content\/uploads\/2024\/11\/appIcon.png\",\"contentUrl\":\"https:\/\/bluedoggenetics.com\/wp-content\/uploads\/2024\/11\/appIcon.png\",\"width\":1024,\"height\":1024,\"caption\":\"BLUEDOG GENETICS\"},\"image\":{\"@id\":\"https:\/\/bluedoggenetics.com\/de\/#\/schema\/logo\/image\/\"},\"sameAs\":[\"https:\/\/www.instagram.com\/bluedog.genetics\/\"]}]}<\/script>\n<!-- \/ Yoast SEO plugin. -->","yoast_head_json":{"title":"Nordle (Afghan Skunk) - Graines G\u00c9N\u00c9TIQUE BLUEDOG","description":"Nordle (Afghan Skunk) par M. Nice Seedbank. Cultivez votre propre l\u00e9gende. THC 18-24%, saveur fruit\u00e9e et effet grignotant. Qualit\u00e9 TOP. Achetez-les ici!","robots":{"index":"index","follow":"follow","max-snippet":"max-snippet:-1","max-image-preview":"max-image-preview:large","max-video-preview":"max-video-preview:-1"},"canonical":"https:\/\/bluedoggenetics.com\/fr\/produit\/regular\/nordle-afghan-skunk\/","og_locale":"fr_FR","og_type":"article","og_title":"Nordle (Afghan Skunk) - BLUEDOG GENETICS Seeds","og_description":"Nordle (Afghan Skunk) de Mr Nice Seedbank. Cultiva tu propia leyenda. THC 18-24%, sabor a afrutado y efecto munchies. Calidad TOP. \u00a1C\u00f3mpralas aqu\u00ed!","og_url":"https:\/\/bluedoggenetics.com\/fr\/produit\/regular\/nordle-afghan-skunk\/","og_site_name":"BLUEDOG GENETICS Seeds","article_modified_time":"2026-05-06T12:59:57+00:00","og_image":[{"width":900,"height":745,"url":"https:\/\/bluedoggenetics.com\/wp-content\/uploads\/2026\/03\/140325_2196089_pimcore_1_1.jpg","type":"image\/jpeg"}],"twitter_card":"summary_large_image","twitter_misc":{"Dur\u00e9e de lecture estim\u00e9e":"2 minutes"},"schema":{"@context":"https:\/\/schema.org","@graph":[{"@type":["WebPage","ItemPage"],"@id":"https:\/\/bluedoggenetics.com\/producto\/regular\/nordle-afghan-skunk\/","url":"https:\/\/bluedoggenetics.com\/producto\/regular\/nordle-afghan-skunk\/","name":"Nordle (Afghan Skunk) - Graines G\u00c9N\u00c9TIQUE BLUEDOG","isPartOf":{"@id":"https:\/\/bluedoggenetics.com\/de\/#website"},"primaryImageOfPage":{"@id":"https:\/\/bluedoggenetics.com\/producto\/regular\/nordle-afghan-skunk\/#primaryimage"},"image":{"@id":"https:\/\/bluedoggenetics.com\/producto\/regular\/nordle-afghan-skunk\/#primaryimage"},"thumbnailUrl":"https:\/\/bluedoggenetics.com\/wp-content\/uploads\/2026\/03\/140325_2196089_pimcore_1_1.jpg","datePublished":"2026-03-30T22:34:03+00:00","dateModified":"2026-05-06T12:59:57+00:00","description":"Nordle (Afghan Skunk) par M. Nice Seedbank. Cultivez votre propre l\u00e9gende. THC 18-24%, saveur fruit\u00e9e et effet grignotant. Qualit\u00e9 TOP. Achetez-les ici!","breadcrumb":{"@id":"https:\/\/bluedoggenetics.com\/producto\/regular\/nordle-afghan-skunk\/#breadcrumb"},"inLanguage":"fr-FR","potentialAction":[{"@type":"ReadAction","target":["https:\/\/bluedoggenetics.com\/producto\/regular\/nordle-afghan-skunk\/"]}]},{"@type":"ImageObject","inLanguage":"fr-FR","@id":"https:\/\/bluedoggenetics.com\/producto\/regular\/nordle-afghan-skunk\/#primaryimage","url":"https:\/\/bluedoggenetics.com\/wp-content\/uploads\/2026\/03\/140325_2196089_pimcore_1_1.jpg","contentUrl":"https:\/\/bluedoggenetics.com\/wp-content\/uploads\/2026\/03\/140325_2196089_pimcore_1_1.jpg","width":900,"height":745},{"@type":"BreadcrumbList","@id":"https:\/\/bluedoggenetics.com\/producto\/regular\/nordle-afghan-skunk\/#breadcrumb","itemListElement":[{"@type":"ListItem","position":1,"name":"Portada","item":"https:\/\/bluedoggenetics.com\/"},{"@type":"ListItem","position":2,"name":"Tienda","item":"https:\/\/bluedoggenetics.com\/fr\/tienda\/"},{"@type":"ListItem","position":3,"name":"Nordle (Afghan Skunk)"}]},{"@type":"WebSite","@id":"https:\/\/bluedoggenetics.com\/de\/#website","url":"https:\/\/bluedoggenetics.com\/de\/","name":"BLUEDOG GENETICS Seeds","description":"Compare et ach\u00e8te les meilleures graines de cannabis. F\u00e9minis\u00e9es, autofloraison, CBD.","publisher":{"@id":"https:\/\/bluedoggenetics.com\/de\/#organization"},"alternateName":"BLUEDOG GENETICS","potentialAction":[{"@type":"SearchAction","target":{"@type":"EntryPoint","urlTemplate":"https:\/\/bluedoggenetics.com\/de\/?s={search_term_string}"},"query-input":{"@type":"PropertyValueSpecification","valueRequired":true,"valueName":"search_term_string"}}],"inLanguage":"fr-FR"},{"@type":"Organization","@id":"https:\/\/bluedoggenetics.com\/de\/#organization","name":"BLUEDOG GENETICS","url":"https:\/\/bluedoggenetics.com\/de\/","logo":{"@type":"ImageObject","inLanguage":"fr-FR","@id":"https:\/\/bluedoggenetics.com\/de\/#\/schema\/logo\/image\/","url":"https:\/\/bluedoggenetics.com\/wp-content\/uploads\/2024\/11\/appIcon.png","contentUrl":"https:\/\/bluedoggenetics.com\/wp-content\/uploads\/2024\/11\/appIcon.png","width":1024,"height":1024,"caption":"BLUEDOG GENETICS"},"image":{"@id":"https:\/\/bluedoggenetics.com\/de\/#\/schema\/logo\/image\/"},"sameAs":["https:\/\/www.instagram.com\/bluedog.genetics\/"]}]}},"sticker_url":null,"variations_full":[{"id":6446,"price":57,"regular_price":57,"attributes":{"attribute_pa_cantidad":"18-reg"},"image_src":"https:\/\/bluedoggenetics.com\/wp-content\/uploads\/2026\/03\/140325_2196089_pimcore_1_1-600x497.jpg","is_in_stock":true}],"jetpack_sharing_enabled":true,"_links":{"self":[{"href":"https:\/\/bluedoggenetics.com\/fr\/wp-json\/wp\/v2\/product\/6429","targetHints":{"allow":["GET"]}}],"collection":[{"href":"https:\/\/bluedoggenetics.com\/fr\/wp-json\/wp\/v2\/product"}],"about":[{"href":"https:\/\/bluedoggenetics.com\/fr\/wp-json\/wp\/v2\/types\/product"}],"wp:featuredmedia":[{"embeddable":true,"href":"https:\/\/bluedoggenetics.com\/fr\/wp-json\/wp\/v2\/media\/6445"}],"wp:attachment":[{"href":"https:\/\/bluedoggenetics.com\/fr\/wp-json\/wp\/v2\/media?parent=6429"}],"wp:term":[{"taxonomy":"product_brand","embeddable":true,"href":"https:\/\/bluedoggenetics.com\/fr\/wp-json\/wp\/v2\/product_brand?post=6429"},{"taxonomy":"product_cat","embeddable":true,"href":"https:\/\/bluedoggenetics.com\/fr\/wp-json\/wp\/v2\/product_cat?post=6429"},{"taxonomy":"product_tag","embeddable":true,"href":"https:\/\/bluedoggenetics.com\/fr\/wp-json\/wp\/v2\/product_tag?post=6429"}],"curies":[{"name":"wp","href":"https:\/\/api.w.org\/{rel}","templated":true}]}}