{"id":6428,"date":"2026-03-31T00:34:03","date_gmt":"2026-03-30T22:34:03","guid":{"rendered":"https:\/\/bluedoggenetics.com\/?post_type=product&#038;p=6428"},"modified":"2026-05-06T14:59:57","modified_gmt":"2026-05-06T12:59:57","slug":"nl5-x-skunk","status":"publish","type":"product","link":"https:\/\/bluedoggenetics.com\/fr\/produit\/regular\/nl5-x-skunk\/","title":{"rendered":"NL5 x Skunk"},"content":{"rendered":"<p>Performance, fiabilit\u00e9 et punch exceptionnel. Le <strong>NL5 x Skunk<\/strong> de <strong>Mr Nice Seedbank<\/strong> C\u2019est cet hybride tout-terrain qui ne d\u00e9\u00e7oit jamais. Con\u00e7u pour \u00e9quilibrer le meilleur des deux mondes, il offre une r\u00e9colte XL avec une facilit\u00e9 \u00e9tonnante. Lorsque vous l'allumerez, un m\u00e9lange de nuances de pin et de chocolat assailleront vos sens, laissant place \u00e0 un effet cr\u00e9atif parfaitement \u00e9quilibr\u00e9, id\u00e9al aussi bien pour les moments sociaux que pour se d\u00e9tendre seul.<\/p>\n<p><b>Aspect de la fleur.<\/b> Ses t\u00eates florales font la fiert\u00e9 de tout cultivateur. Il d\u00e9veloppe d'\u00e9normes grappes, avec des calices tr\u00e8s gonfl\u00e9s et un excellent rapport calice-feuille. Cette fonctionnalit\u00e9 le rend non seulement visuellement \u00e9poustouflant, mais r\u00e9duit consid\u00e9rablement le temps que vous passerez \u00e0 peler avec des ciseaux.<\/p>\n<p><b>Morphologie v\u00e9g\u00e9tale.<\/b> Son mod\u00e8le de croissance est le r\u00eave de tout cultivateur commercial : vigoureux, sym\u00e9trique et \u00e9tonnamment uniforme. Les branches lat\u00e9rales rivalisent de hauteur et d\u2019\u00e9paisseur avec la tige principale, cr\u00e9ant une structure en forme de cand\u00e9labre d\u00e9bordant de fleurs.<\/p>\n<h3><b>Conseils de Culture<\/b><\/h3>\n<ul>\n<li><strong>Quel est le climat id\u00e9al pour cultiver le NL5 x Skunk ?<\/strong><br \/>Un hybride exceptionnellement polyvalent. Elle brille \u00e0 la fois sous des lumi\u00e8res puissantes dans les salles de culture en int\u00e9rieur et sous le soleil d'\u00e9t\u00e9, fonctionnant de mani\u00e8re optimale dans les climats temp\u00e9r\u00e9s et ensoleill\u00e9s o\u00f9 elle \u00e9vitera les pluies d'automne.<\/li>\n<li><strong>Quelles techniques de formation fonctionnent le mieux avec le NL5 x Skunk ?<\/strong><br \/>Il r\u00e9pond \u00e0 merveille \u00e0 presque tout. Un bon &#8216;Topping&#8217; (taille apicale) multipliera ses pointes, et le tuteurage ou l'utilisation de treillis de support seront obligatoires dans les derni\u00e8res semaines pour \u00e9viter que ses branches ne s'effondrent sous le poids.<\/li>\n<li><strong>De quel type de fertilisation le NL5 x Skunk a-t-il besoin ?<\/strong><br \/>C'est la g\u00e9n\u00e9tique parfaite pour les d\u00e9butants en raison de son \u00e9norme tol\u00e9rance. Elle tol\u00e8re tr\u00e8s bien les petites erreurs de pH ou une l\u00e9g\u00e8re surfertilisation, m\u00eame si avec une alimentation de base \u00e9quilibr\u00e9e, elle vous r\u00e9compensera avec la plus haute qualit\u00e9.<\/li>\n<li><strong>Comment doivent \u00eatre l'irrigation et l'humidit\u00e9 pour le NL5 x Skunk ?<\/strong><br \/>Le cycle d\u2019arrosage id\u00e9al est de laisser le substrat s\u00e9cher \u00e0 70 % avant de l\u2019inonder \u00e0 nouveau. Cette alternance oxyg\u00e8ne-eau d\u00e9clenche la croissance du syst\u00e8me racinaire, ce qui se traduit directement par des plantes plus massives.<\/li>\n<li><strong>Est-il n\u00e9cessaire de tailler la plante NL5 x Skunk ?<\/strong><br \/>Assurez-vous de nettoyer toutes les brindilles faibles (drageons) qui ne re\u00e7oivent pas de lumi\u00e8re directe avant de passer au 12\/12. Si vous \u00e9liminez la zone inf\u00e9rieure, elle redirigera tout le phosphore vers le \u00ab sommet \u00bb, cr\u00e9ant ainsi des missiles de fleurs impeccables.<\/li>\n<\/ul>","protected":false},"excerpt":{"rendered":"<p>Puissance, saveur et production. <strong>NL5 x Skunk<\/strong> de <strong>Mr Nice Seedbank<\/strong> Elle se distingue par sa robustesse autoflorissante et ses incomparables notes de pin. Ses niveaux \u00e9lev\u00e9s de THC (18-24%) garantissent un effet tr\u00e8s cr\u00e9atif et durable.<\/p>","protected":false},"featured_media":6443,"template":"","meta":{"_acf_changed":false,"inline_featured_image":false,"_wp_applaud_exclude":false},"product_brand":[291],"product_cat":[309],"product_tag":[],"class_list":{"0":"post-6428","1":"product","2":"type-product","3":"status-publish","4":"has-post-thumbnail","6":"product_brand-mr-nice-seedbank","7":"product_cat-regular","8":"pa_altura-exterior-150-180","9":"pa_altura-interior-90-120","10":"pa_beneficios-terapeuticos-alivio-de-ansiedad","11":"pa_beneficios-terapeuticos-aumento-del-apetito","12":"pa_cantidad-18-reg","13":"pa_clima-templado","14":"pa_cosecha-exterior-450-550","15":"pa_cosecha-interior-400-500","16":"pa_efectos-destacables-activo","17":"pa_efectos-destacables-creativo","18":"pa_efectos-destacables-euforico","19":"pa_floracion-10-12","20":"pa_genetica-50-50","21":"pa_olor-fuerte","22":"pa_sabores-y-olores-chocolate","23":"pa_sabores-y-olores-dulce","24":"pa_sabores-y-olores-pino","25":"pa_thc-18-24","26":"pa_variedad-autofloreciente","28":"first","29":"instock","30":"taxable","31":"shipping-taxable","32":"purchasable","33":"product-type-variable"},"acf":{"sticker":false,"family_tree":""},"yoast_head":"<!-- This site is optimized with the Yoast SEO plugin v26.5 - https:\/\/yoast.com\/wordpress\/plugins\/seo\/ -->\n<title>NL5 x Skunk - BLUEDOG GENETICS Seeds<\/title>\n<meta name=\"description\" content=\"NL5 x Skunk de Mr Nice Seedbank. Cultiva tu propia leyenda. THC 18-24%, sabor a pino y efecto creativo. Calidad TOP. \u00a1C\u00f3mpralas aqu\u00ed!\" \/>\n<meta name=\"robots\" content=\"index, follow, max-snippet:-1, max-image-preview:large, max-video-preview:-1\" \/>\n<link rel=\"canonical\" href=\"https:\/\/bluedoggenetics.com\/fr\/produit\/regular\/nl5-x-skunk\/\" \/>\n<meta property=\"og:locale\" content=\"fr_FR\" \/>\n<meta property=\"og:type\" content=\"article\" \/>\n<meta property=\"og:title\" content=\"NL5 x Skunk - BLUEDOG GENETICS Seeds\" \/>\n<meta property=\"og:description\" content=\"NL5 x Skunk de Mr Nice Seedbank. Cultiva tu propia leyenda. THC 18-24%, sabor a pino y efecto creativo. Calidad TOP. \u00a1C\u00f3mpralas aqu\u00ed!\" \/>\n<meta property=\"og:url\" content=\"https:\/\/bluedoggenetics.com\/fr\/produit\/regular\/nl5-x-skunk\/\" \/>\n<meta property=\"og:site_name\" content=\"BLUEDOG GENETICS Seeds\" \/>\n<meta property=\"article:modified_time\" content=\"2026-05-06T12:59:57+00:00\" \/>\n<meta property=\"og:image\" content=\"https:\/\/bluedoggenetics.com\/wp-content\/uploads\/2026\/03\/140301_2196041_pimcore_1_2.jpg\" \/>\n\t<meta property=\"og:image:width\" content=\"328\" \/>\n\t<meta property=\"og:image:height\" content=\"408\" \/>\n\t<meta property=\"og:image:type\" content=\"image\/jpeg\" \/>\n<meta name=\"twitter:card\" content=\"summary_large_image\" \/>\n<meta name=\"twitter:label1\" content=\"Dur\u00e9e de lecture estim\u00e9e\" \/>\n\t<meta name=\"twitter:data1\" content=\"2 minutes\" \/>\n<script type=\"application\/ld+json\" class=\"yoast-schema-graph\">{\"@context\":\"https:\/\/schema.org\",\"@graph\":[{\"@type\":[\"WebPage\",\"ItemPage\"],\"@id\":\"https:\/\/bluedoggenetics.com\/producto\/regular\/nl5-x-skunk\/\",\"url\":\"https:\/\/bluedoggenetics.com\/producto\/regular\/nl5-x-skunk\/\",\"name\":\"NL5 x Skunk - BLUEDOG GENETICS Seeds\",\"isPartOf\":{\"@id\":\"https:\/\/bluedoggenetics.com\/de\/#website\"},\"primaryImageOfPage\":{\"@id\":\"https:\/\/bluedoggenetics.com\/producto\/regular\/nl5-x-skunk\/#primaryimage\"},\"image\":{\"@id\":\"https:\/\/bluedoggenetics.com\/producto\/regular\/nl5-x-skunk\/#primaryimage\"},\"thumbnailUrl\":\"https:\/\/bluedoggenetics.com\/wp-content\/uploads\/2026\/03\/140301_2196041_pimcore_1_2.jpg\",\"datePublished\":\"2026-03-30T22:34:03+00:00\",\"dateModified\":\"2026-05-06T12:59:57+00:00\",\"description\":\"NL5 x Skunk de Mr Nice Seedbank. Cultiva tu propia leyenda. THC 18-24%, sabor a pino y efecto creativo. Calidad TOP. \u00a1C\u00f3mpralas aqu\u00ed!\",\"breadcrumb\":{\"@id\":\"https:\/\/bluedoggenetics.com\/producto\/regular\/nl5-x-skunk\/#breadcrumb\"},\"inLanguage\":\"fr-FR\",\"potentialAction\":[{\"@type\":\"ReadAction\",\"target\":[\"https:\/\/bluedoggenetics.com\/producto\/regular\/nl5-x-skunk\/\"]}]},{\"@type\":\"ImageObject\",\"inLanguage\":\"fr-FR\",\"@id\":\"https:\/\/bluedoggenetics.com\/producto\/regular\/nl5-x-skunk\/#primaryimage\",\"url\":\"https:\/\/bluedoggenetics.com\/wp-content\/uploads\/2026\/03\/140301_2196041_pimcore_1_2.jpg\",\"contentUrl\":\"https:\/\/bluedoggenetics.com\/wp-content\/uploads\/2026\/03\/140301_2196041_pimcore_1_2.jpg\",\"width\":328,\"height\":408},{\"@type\":\"BreadcrumbList\",\"@id\":\"https:\/\/bluedoggenetics.com\/producto\/regular\/nl5-x-skunk\/#breadcrumb\",\"itemListElement\":[{\"@type\":\"ListItem\",\"position\":1,\"name\":\"Portada\",\"item\":\"https:\/\/bluedoggenetics.com\/\"},{\"@type\":\"ListItem\",\"position\":2,\"name\":\"Tienda\",\"item\":\"https:\/\/bluedoggenetics.com\/fr\/tienda\/\"},{\"@type\":\"ListItem\",\"position\":3,\"name\":\"NL5 x Skunk\"}]},{\"@type\":\"WebSite\",\"@id\":\"https:\/\/bluedoggenetics.com\/de\/#website\",\"url\":\"https:\/\/bluedoggenetics.com\/de\/\",\"name\":\"BLUEDOG GENETICS Seeds\",\"description\":\"Compara y compra las mejores semillas de cannabis. Feminizadas, Autoflorecientes, CBD.\",\"publisher\":{\"@id\":\"https:\/\/bluedoggenetics.com\/de\/#organization\"},\"alternateName\":\"BLUEDOG GENETICS\",\"potentialAction\":[{\"@type\":\"SearchAction\",\"target\":{\"@type\":\"EntryPoint\",\"urlTemplate\":\"https:\/\/bluedoggenetics.com\/de\/?s={search_term_string}\"},\"query-input\":{\"@type\":\"PropertyValueSpecification\",\"valueRequired\":true,\"valueName\":\"search_term_string\"}}],\"inLanguage\":\"fr-FR\"},{\"@type\":\"Organization\",\"@id\":\"https:\/\/bluedoggenetics.com\/de\/#organization\",\"name\":\"BLUEDOG GENETICS\",\"url\":\"https:\/\/bluedoggenetics.com\/de\/\",\"logo\":{\"@type\":\"ImageObject\",\"inLanguage\":\"fr-FR\",\"@id\":\"https:\/\/bluedoggenetics.com\/de\/#\/schema\/logo\/image\/\",\"url\":\"https:\/\/bluedoggenetics.com\/wp-content\/uploads\/2024\/11\/appIcon.png\",\"contentUrl\":\"https:\/\/bluedoggenetics.com\/wp-content\/uploads\/2024\/11\/appIcon.png\",\"width\":1024,\"height\":1024,\"caption\":\"BLUEDOG GENETICS\"},\"image\":{\"@id\":\"https:\/\/bluedoggenetics.com\/de\/#\/schema\/logo\/image\/\"},\"sameAs\":[\"https:\/\/www.instagram.com\/bluedog.genetics\/\"]}]}<\/script>\n<!-- \/ Yoast SEO plugin. -->","yoast_head_json":{"title":"NL5 x Skunk - Graines G\u00c9N\u00c9TIQUE BLUEDOG","description":"NL5 x Skunk de Mr Nice Seedbank. Cultivez votre propre l\u00e9gende. THC 18-24%, saveur de pin et effet cr\u00e9atif. Qualit\u00e9 TOP. Achetez-les ici!","robots":{"index":"index","follow":"follow","max-snippet":"max-snippet:-1","max-image-preview":"max-image-preview:large","max-video-preview":"max-video-preview:-1"},"canonical":"https:\/\/bluedoggenetics.com\/fr\/produit\/regular\/nl5-x-skunk\/","og_locale":"fr_FR","og_type":"article","og_title":"NL5 x Skunk - BLUEDOG GENETICS Seeds","og_description":"NL5 x Skunk de Mr Nice Seedbank. Cultiva tu propia leyenda. THC 18-24%, sabor a pino y efecto creativo. Calidad TOP. \u00a1C\u00f3mpralas aqu\u00ed!","og_url":"https:\/\/bluedoggenetics.com\/fr\/produit\/regular\/nl5-x-skunk\/","og_site_name":"BLUEDOG GENETICS Seeds","article_modified_time":"2026-05-06T12:59:57+00:00","og_image":[{"width":328,"height":408,"url":"https:\/\/bluedoggenetics.com\/wp-content\/uploads\/2026\/03\/140301_2196041_pimcore_1_2.jpg","type":"image\/jpeg"}],"twitter_card":"summary_large_image","twitter_misc":{"Dur\u00e9e de lecture estim\u00e9e":"2 minutes"},"schema":{"@context":"https:\/\/schema.org","@graph":[{"@type":["WebPage","ItemPage"],"@id":"https:\/\/bluedoggenetics.com\/producto\/regular\/nl5-x-skunk\/","url":"https:\/\/bluedoggenetics.com\/producto\/regular\/nl5-x-skunk\/","name":"NL5 x Skunk - Graines G\u00c9N\u00c9TIQUE BLUEDOG","isPartOf":{"@id":"https:\/\/bluedoggenetics.com\/de\/#website"},"primaryImageOfPage":{"@id":"https:\/\/bluedoggenetics.com\/producto\/regular\/nl5-x-skunk\/#primaryimage"},"image":{"@id":"https:\/\/bluedoggenetics.com\/producto\/regular\/nl5-x-skunk\/#primaryimage"},"thumbnailUrl":"https:\/\/bluedoggenetics.com\/wp-content\/uploads\/2026\/03\/140301_2196041_pimcore_1_2.jpg","datePublished":"2026-03-30T22:34:03+00:00","dateModified":"2026-05-06T12:59:57+00:00","description":"NL5 x Skunk de Mr Nice Seedbank. Cultivez votre propre l\u00e9gende. THC 18-24%, saveur de pin et effet cr\u00e9atif. Qualit\u00e9 TOP. Achetez-les ici!","breadcrumb":{"@id":"https:\/\/bluedoggenetics.com\/producto\/regular\/nl5-x-skunk\/#breadcrumb"},"inLanguage":"fr-FR","potentialAction":[{"@type":"ReadAction","target":["https:\/\/bluedoggenetics.com\/producto\/regular\/nl5-x-skunk\/"]}]},{"@type":"ImageObject","inLanguage":"fr-FR","@id":"https:\/\/bluedoggenetics.com\/producto\/regular\/nl5-x-skunk\/#primaryimage","url":"https:\/\/bluedoggenetics.com\/wp-content\/uploads\/2026\/03\/140301_2196041_pimcore_1_2.jpg","contentUrl":"https:\/\/bluedoggenetics.com\/wp-content\/uploads\/2026\/03\/140301_2196041_pimcore_1_2.jpg","width":328,"height":408},{"@type":"BreadcrumbList","@id":"https:\/\/bluedoggenetics.com\/producto\/regular\/nl5-x-skunk\/#breadcrumb","itemListElement":[{"@type":"ListItem","position":1,"name":"Portada","item":"https:\/\/bluedoggenetics.com\/"},{"@type":"ListItem","position":2,"name":"Tienda","item":"https:\/\/bluedoggenetics.com\/fr\/tienda\/"},{"@type":"ListItem","position":3,"name":"NL5 x Skunk"}]},{"@type":"WebSite","@id":"https:\/\/bluedoggenetics.com\/de\/#website","url":"https:\/\/bluedoggenetics.com\/de\/","name":"BLUEDOG GENETICS Seeds","description":"Compare et ach\u00e8te les meilleures graines de cannabis. F\u00e9minis\u00e9es, autofloraison, CBD.","publisher":{"@id":"https:\/\/bluedoggenetics.com\/de\/#organization"},"alternateName":"BLUEDOG GENETICS","potentialAction":[{"@type":"SearchAction","target":{"@type":"EntryPoint","urlTemplate":"https:\/\/bluedoggenetics.com\/de\/?s={search_term_string}"},"query-input":{"@type":"PropertyValueSpecification","valueRequired":true,"valueName":"search_term_string"}}],"inLanguage":"fr-FR"},{"@type":"Organization","@id":"https:\/\/bluedoggenetics.com\/de\/#organization","name":"BLUEDOG GENETICS","url":"https:\/\/bluedoggenetics.com\/de\/","logo":{"@type":"ImageObject","inLanguage":"fr-FR","@id":"https:\/\/bluedoggenetics.com\/de\/#\/schema\/logo\/image\/","url":"https:\/\/bluedoggenetics.com\/wp-content\/uploads\/2024\/11\/appIcon.png","contentUrl":"https:\/\/bluedoggenetics.com\/wp-content\/uploads\/2024\/11\/appIcon.png","width":1024,"height":1024,"caption":"BLUEDOG GENETICS"},"image":{"@id":"https:\/\/bluedoggenetics.com\/de\/#\/schema\/logo\/image\/"},"sameAs":["https:\/\/www.instagram.com\/bluedog.genetics\/"]}]}},"sticker_url":null,"variations_full":[{"id":6444,"price":57,"regular_price":57,"attributes":{"attribute_pa_cantidad":"18-reg"},"image_src":"https:\/\/bluedoggenetics.com\/wp-content\/uploads\/2026\/03\/140301_2196041_pimcore_1_2.jpg","is_in_stock":true}],"jetpack_sharing_enabled":true,"_links":{"self":[{"href":"https:\/\/bluedoggenetics.com\/fr\/wp-json\/wp\/v2\/product\/6428","targetHints":{"allow":["GET"]}}],"collection":[{"href":"https:\/\/bluedoggenetics.com\/fr\/wp-json\/wp\/v2\/product"}],"about":[{"href":"https:\/\/bluedoggenetics.com\/fr\/wp-json\/wp\/v2\/types\/product"}],"wp:featuredmedia":[{"embeddable":true,"href":"https:\/\/bluedoggenetics.com\/fr\/wp-json\/wp\/v2\/media\/6443"}],"wp:attachment":[{"href":"https:\/\/bluedoggenetics.com\/fr\/wp-json\/wp\/v2\/media?parent=6428"}],"wp:term":[{"taxonomy":"product_brand","embeddable":true,"href":"https:\/\/bluedoggenetics.com\/fr\/wp-json\/wp\/v2\/product_brand?post=6428"},{"taxonomy":"product_cat","embeddable":true,"href":"https:\/\/bluedoggenetics.com\/fr\/wp-json\/wp\/v2\/product_cat?post=6428"},{"taxonomy":"product_tag","embeddable":true,"href":"https:\/\/bluedoggenetics.com\/fr\/wp-json\/wp\/v2\/product_tag?post=6428"}],"curies":[{"name":"wp","href":"https:\/\/api.w.org\/{rel}","templated":true}]}}