{"id":6394,"date":"2026-03-31T00:33:40","date_gmt":"2026-03-30T22:33:40","guid":{"rendered":"https:\/\/bluedoggenetics.com\/?post_type=product&#038;p=6394"},"modified":"2026-05-06T14:59:47","modified_gmt":"2026-05-06T12:59:47","slug":"mikromachine-auto","status":"publish","type":"product","link":"https:\/\/bluedoggenetics.com\/fr\/produit\/graines\/autofloraison\/mikromachine-auto\/","title":{"rendered":"Mikromachine Auto"},"content":{"rendered":"<p>Si vous recherchez rapidit\u00e9 et efficacit\u00e9, la g\u00e9n\u00e9tique <strong>Mikromachine Auto<\/strong> de <strong>Kannabia Seeds<\/strong> C'est une autofloraison \u00e9lite. Con\u00e7ue pour terminer son cycle \u00e0 une vitesse fulgurante sans d\u00e9pendre des photop\u00e9riodes, cette merveille automatique vous offrira des saveurs fruit\u00e9es et terreuses en un temps record, avec un effet euphorique qui rivalise avec les meilleures vari\u00e9t\u00e9s photod\u00e9pendantes.<\/p>\n<p><b>Aspect de la fleur.<\/b> Ses t\u00eates n'ont rien \u00e0 envier aux g\u00e9n\u00e9tiques traditionnelles. Ils forment d\u2019\u00e9pais c\u00f4nes floraux recouverts de trichomes qui sentent le paradis. Le rapport calice-feuille est excellent pour une auto, ce qui rend la manucure beaucoup plus facile.<\/p>\n<p><b>Morphologie v\u00e9g\u00e9tale.<\/b> Il a une structure compacte et robuste, parfaite pour grandir dans de petits espaces, des balcons ou des terrasses discrets. \u00c9tant autoflorissante, elle commencera \u00e0 produire naturellement des pistils \u00e0 partir de la troisi\u00e8me ou quatri\u00e8me semaine de vie.<\/p>\n<h3><b>Conseils de Culture<\/b><\/h3>\n<ul>\n<li><strong>Quel est le climat id\u00e9al pour cultiver le Mikromachine Auto ?<\/strong><br \/>Les voitures aiment tout ! Elles peuvent \u00eatre cultiv\u00e9es en ext\u00e9rieur presque toute l'ann\u00e9e \u00e0 condition que les temp\u00e9ratures ne descendent pas en dessous de 15\u00baC. En int\u00e9rieur, offrez-leur un cycle continu de 20 heures de lumi\u00e8re et 4 heures d'obscurit\u00e9 pour en tirer le meilleur parti.<\/li>\n<li><strong>Quelles techniques de formation fonctionnent le mieux avec le Mikromachine Auto ?<\/strong><br \/>Avec les vari\u00e9t\u00e9s \u00e0 autofloraison, moins c'est plus. \u00c9vitez les tailles agressives (comme la taille apicale) car leur cycle v\u00e9g\u00e9tatif court ne leur laisse pas le temps de r\u00e9cup\u00e9rer. Tenez-vous en au LST (Low Stress Training) tr\u00e8s doux si vous devez ouvrir les branches.<\/li>\n<li><strong>De quel type de fertilisation le Mikromachine Auto a-t-il besoin ?<\/strong><br \/>Mangez l\u00e9g\u00e8rement mais constamment. \u00c9vitez de trop fertiliser pendant les trois premi\u00e8res semaines et veillez \u00e0 ajouter un stimulateur racinaire d\u00e8s le premier jour afin que la plante gagne une bonne taille avant de commencer \u00e0 fleurir.<\/li>\n<li><strong>\u00c0 quoi devraient ressembler l\u2019irrigation et l\u2019humidit\u00e9 pour le Mikromachine Auto ?<\/strong><br \/>Le truc d'or avec les autos : arrosages tr\u00e8s courts et fr\u00e9quents au d\u00e9but pour ne pas engorger la petite racine, et passer \u00e0 des substrats tr\u00e8s a\u00e9r\u00e9s (ajouter 30% de perlite ou de coco) pour maximiser son d\u00e9veloppement explosif.<\/li>\n<li><strong>Est-il n\u00e9cessaire de tailler la plante Mikromachine Auto ?<\/strong><br \/>NON. \u00c9vitez de tailler les branches dans les g\u00e9n\u00e9tiques \u00e0 autofloraison. Tout au plus, enlevez une feuille qui recouvre un bourgeon important en phase finale de maturation, mais \u00e9vitez de stresser la plante.<\/li>\n<\/ul>","protected":false},"excerpt":{"rendered":"<p>Le <strong>Mikromachine Auto<\/strong> est synonyme d'excellence de Kannabia Seeds. Une vari\u00e9t\u00e9 autoflorissante qui combine un puissant punch de 18 \u00e0 24 % de THC avec de d\u00e9licieuses notes aromatiques fruit\u00e9es. Vivez une exp\u00e9rience profond\u00e9ment euphorique.<\/p>","protected":false},"featured_media":6417,"template":"","meta":{"_acf_changed":false,"inline_featured_image":false,"_wp_applaud_exclude":false},"product_brand":[347],"product_cat":[21],"product_tag":[],"class_list":{"0":"post-6394","1":"product","2":"type-product","3":"status-publish","4":"has-post-thumbnail","6":"product_brand-kannabia-seeds","7":"product_cat-autoflorecientes","8":"pa_altura-exterior-150-180","9":"pa_altura-interior-90-120","10":"pa_beneficios-terapeuticos-alivio-de-ansiedad","11":"pa_beneficios-terapeuticos-alivio-del-dolor","12":"pa_beneficios-terapeuticos-ayuda-para-dormir","13":"pa_cantidad-5-fem","14":"pa_clima-templado","15":"pa_cosecha-exterior-450-550","16":"pa_cosecha-interior-400-500","17":"pa_efectos-destacables-activo","18":"pa_efectos-destacables-euforico","19":"pa_floracion-10-12","20":"pa_genetica-50-50","21":"pa_olor-intenso","22":"pa_sabores-y-olores-afrutado","23":"pa_sabores-y-olores-tierra","24":"pa_thc-18-24","25":"pa_variedad-autofloreciente","27":"first","28":"instock","29":"taxable","30":"shipping-taxable","31":"purchasable","32":"product-type-variable"},"acf":{"sticker":false,"family_tree":""},"yoast_head":"<!-- This site is optimized with the Yoast SEO plugin v26.5 - https:\/\/yoast.com\/wordpress\/plugins\/seo\/ -->\n<title>Mikromachine Auto - BLUEDOG GENETICS Seeds<\/title>\n<meta name=\"description\" content=\"Mikromachine Auto de Kannabia Seeds. Cultiva tu propia leyenda. THC 18-24%, sabor a afrutado y efecto euf\u00f3rico. Calidad TOP. \u00a1C\u00f3mpralas aqu\u00ed!\" \/>\n<meta name=\"robots\" content=\"index, follow, max-snippet:-1, max-image-preview:large, max-video-preview:-1\" \/>\n<link rel=\"canonical\" href=\"https:\/\/bluedoggenetics.com\/fr\/produit\/autofloraison\/mikromachine-auto\/\" \/>\n<meta property=\"og:locale\" content=\"fr_FR\" \/>\n<meta property=\"og:type\" content=\"article\" \/>\n<meta property=\"og:title\" content=\"Mikromachine Auto - BLUEDOG GENETICS Seeds\" \/>\n<meta property=\"og:description\" content=\"Mikromachine Auto de Kannabia Seeds. Cultiva tu propia leyenda. THC 18-24%, sabor a afrutado y efecto euf\u00f3rico. Calidad TOP. \u00a1C\u00f3mpralas aqu\u00ed!\" \/>\n<meta property=\"og:url\" content=\"https:\/\/bluedoggenetics.com\/fr\/produit\/autofloraison\/mikromachine-auto\/\" \/>\n<meta property=\"og:site_name\" content=\"BLUEDOG GENETICS Seeds\" \/>\n<meta property=\"article:modified_time\" content=\"2026-05-06T12:59:47+00:00\" \/>\n<meta property=\"og:image\" content=\"https:\/\/bluedoggenetics.com\/wp-content\/uploads\/2026\/03\/148051_985246_pimcore.jpg\" \/>\n\t<meta property=\"og:image:width\" content=\"300\" \/>\n\t<meta property=\"og:image:height\" content=\"533\" \/>\n\t<meta property=\"og:image:type\" content=\"image\/jpeg\" \/>\n<meta name=\"twitter:card\" content=\"summary_large_image\" \/>\n<meta name=\"twitter:label1\" content=\"Dur\u00e9e de lecture estim\u00e9e\" \/>\n\t<meta name=\"twitter:data1\" content=\"2 minutes\" \/>\n<script type=\"application\/ld+json\" class=\"yoast-schema-graph\">{\"@context\":\"https:\/\/schema.org\",\"@graph\":[{\"@type\":[\"WebPage\",\"ItemPage\"],\"@id\":\"https:\/\/bluedoggenetics.com\/producto\/autoflorecientes\/mikromachine-auto\/\",\"url\":\"https:\/\/bluedoggenetics.com\/producto\/autoflorecientes\/mikromachine-auto\/\",\"name\":\"Mikromachine Auto - BLUEDOG GENETICS Seeds\",\"isPartOf\":{\"@id\":\"https:\/\/bluedoggenetics.com\/de\/#website\"},\"primaryImageOfPage\":{\"@id\":\"https:\/\/bluedoggenetics.com\/producto\/autoflorecientes\/mikromachine-auto\/#primaryimage\"},\"image\":{\"@id\":\"https:\/\/bluedoggenetics.com\/producto\/autoflorecientes\/mikromachine-auto\/#primaryimage\"},\"thumbnailUrl\":\"https:\/\/bluedoggenetics.com\/wp-content\/uploads\/2026\/03\/148051_985246_pimcore.jpg\",\"datePublished\":\"2026-03-30T22:33:40+00:00\",\"dateModified\":\"2026-05-06T12:59:47+00:00\",\"description\":\"Mikromachine Auto de Kannabia Seeds. Cultiva tu propia leyenda. THC 18-24%, sabor a afrutado y efecto euf\u00f3rico. Calidad TOP. \u00a1C\u00f3mpralas aqu\u00ed!\",\"breadcrumb\":{\"@id\":\"https:\/\/bluedoggenetics.com\/producto\/autoflorecientes\/mikromachine-auto\/#breadcrumb\"},\"inLanguage\":\"fr-FR\",\"potentialAction\":[{\"@type\":\"ReadAction\",\"target\":[\"https:\/\/bluedoggenetics.com\/producto\/autoflorecientes\/mikromachine-auto\/\"]}]},{\"@type\":\"ImageObject\",\"inLanguage\":\"fr-FR\",\"@id\":\"https:\/\/bluedoggenetics.com\/producto\/autoflorecientes\/mikromachine-auto\/#primaryimage\",\"url\":\"https:\/\/bluedoggenetics.com\/wp-content\/uploads\/2026\/03\/148051_985246_pimcore.jpg\",\"contentUrl\":\"https:\/\/bluedoggenetics.com\/wp-content\/uploads\/2026\/03\/148051_985246_pimcore.jpg\",\"width\":300,\"height\":533},{\"@type\":\"BreadcrumbList\",\"@id\":\"https:\/\/bluedoggenetics.com\/producto\/autoflorecientes\/mikromachine-auto\/#breadcrumb\",\"itemListElement\":[{\"@type\":\"ListItem\",\"position\":1,\"name\":\"Portada\",\"item\":\"https:\/\/bluedoggenetics.com\/\"},{\"@type\":\"ListItem\",\"position\":2,\"name\":\"Tienda\",\"item\":\"https:\/\/bluedoggenetics.com\/fr\/tienda\/\"},{\"@type\":\"ListItem\",\"position\":3,\"name\":\"Mikromachine Auto\"}]},{\"@type\":\"WebSite\",\"@id\":\"https:\/\/bluedoggenetics.com\/de\/#website\",\"url\":\"https:\/\/bluedoggenetics.com\/de\/\",\"name\":\"BLUEDOG GENETICS Seeds\",\"description\":\"Compara y compra las mejores semillas de cannabis. Feminizadas, Autoflorecientes, CBD.\",\"publisher\":{\"@id\":\"https:\/\/bluedoggenetics.com\/de\/#organization\"},\"alternateName\":\"BLUEDOG GENETICS\",\"potentialAction\":[{\"@type\":\"SearchAction\",\"target\":{\"@type\":\"EntryPoint\",\"urlTemplate\":\"https:\/\/bluedoggenetics.com\/de\/?s={search_term_string}\"},\"query-input\":{\"@type\":\"PropertyValueSpecification\",\"valueRequired\":true,\"valueName\":\"search_term_string\"}}],\"inLanguage\":\"fr-FR\"},{\"@type\":\"Organization\",\"@id\":\"https:\/\/bluedoggenetics.com\/de\/#organization\",\"name\":\"BLUEDOG GENETICS\",\"url\":\"https:\/\/bluedoggenetics.com\/de\/\",\"logo\":{\"@type\":\"ImageObject\",\"inLanguage\":\"fr-FR\",\"@id\":\"https:\/\/bluedoggenetics.com\/de\/#\/schema\/logo\/image\/\",\"url\":\"https:\/\/bluedoggenetics.com\/wp-content\/uploads\/2024\/11\/appIcon.png\",\"contentUrl\":\"https:\/\/bluedoggenetics.com\/wp-content\/uploads\/2024\/11\/appIcon.png\",\"width\":1024,\"height\":1024,\"caption\":\"BLUEDOG GENETICS\"},\"image\":{\"@id\":\"https:\/\/bluedoggenetics.com\/de\/#\/schema\/logo\/image\/\"},\"sameAs\":[\"https:\/\/www.instagram.com\/bluedog.genetics\/\"]}]}<\/script>\n<!-- \/ Yoast SEO plugin. -->","yoast_head_json":{"title":"Mikromachine Auto - Graines G\u00c9N\u00c9TIQUE BLUEDOG","description":"Mikromachine Auto de Kannabia Seeds. Cultivez votre propre l\u00e9gende. THC 18-24%, saveur fruit\u00e9e et effet euphorisant. Qualit\u00e9 TOP. Achetez-les ici!","robots":{"index":"index","follow":"follow","max-snippet":"max-snippet:-1","max-image-preview":"max-image-preview:large","max-video-preview":"max-video-preview:-1"},"canonical":"https:\/\/bluedoggenetics.com\/fr\/produit\/autofloraison\/mikromachine-auto\/","og_locale":"fr_FR","og_type":"article","og_title":"Mikromachine Auto - BLUEDOG GENETICS Seeds","og_description":"Mikromachine Auto de Kannabia Seeds. Cultiva tu propia leyenda. THC 18-24%, sabor a afrutado y efecto euf\u00f3rico. Calidad TOP. \u00a1C\u00f3mpralas aqu\u00ed!","og_url":"https:\/\/bluedoggenetics.com\/fr\/produit\/autofloraison\/mikromachine-auto\/","og_site_name":"BLUEDOG GENETICS Seeds","article_modified_time":"2026-05-06T12:59:47+00:00","og_image":[{"width":300,"height":533,"url":"https:\/\/bluedoggenetics.com\/wp-content\/uploads\/2026\/03\/148051_985246_pimcore.jpg","type":"image\/jpeg"}],"twitter_card":"summary_large_image","twitter_misc":{"Dur\u00e9e de lecture estim\u00e9e":"2 minutes"},"schema":{"@context":"https:\/\/schema.org","@graph":[{"@type":["WebPage","ItemPage"],"@id":"https:\/\/bluedoggenetics.com\/producto\/autoflorecientes\/mikromachine-auto\/","url":"https:\/\/bluedoggenetics.com\/producto\/autoflorecientes\/mikromachine-auto\/","name":"Mikromachine Auto - Graines G\u00c9N\u00c9TIQUE BLUEDOG","isPartOf":{"@id":"https:\/\/bluedoggenetics.com\/de\/#website"},"primaryImageOfPage":{"@id":"https:\/\/bluedoggenetics.com\/producto\/autoflorecientes\/mikromachine-auto\/#primaryimage"},"image":{"@id":"https:\/\/bluedoggenetics.com\/producto\/autoflorecientes\/mikromachine-auto\/#primaryimage"},"thumbnailUrl":"https:\/\/bluedoggenetics.com\/wp-content\/uploads\/2026\/03\/148051_985246_pimcore.jpg","datePublished":"2026-03-30T22:33:40+00:00","dateModified":"2026-05-06T12:59:47+00:00","description":"Mikromachine Auto de Kannabia Seeds. Cultivez votre propre l\u00e9gende. THC 18-24%, saveur fruit\u00e9e et effet euphorisant. Qualit\u00e9 TOP. Achetez-les ici!","breadcrumb":{"@id":"https:\/\/bluedoggenetics.com\/producto\/autoflorecientes\/mikromachine-auto\/#breadcrumb"},"inLanguage":"fr-FR","potentialAction":[{"@type":"ReadAction","target":["https:\/\/bluedoggenetics.com\/producto\/autoflorecientes\/mikromachine-auto\/"]}]},{"@type":"ImageObject","inLanguage":"fr-FR","@id":"https:\/\/bluedoggenetics.com\/producto\/autoflorecientes\/mikromachine-auto\/#primaryimage","url":"https:\/\/bluedoggenetics.com\/wp-content\/uploads\/2026\/03\/148051_985246_pimcore.jpg","contentUrl":"https:\/\/bluedoggenetics.com\/wp-content\/uploads\/2026\/03\/148051_985246_pimcore.jpg","width":300,"height":533},{"@type":"BreadcrumbList","@id":"https:\/\/bluedoggenetics.com\/producto\/autoflorecientes\/mikromachine-auto\/#breadcrumb","itemListElement":[{"@type":"ListItem","position":1,"name":"Portada","item":"https:\/\/bluedoggenetics.com\/"},{"@type":"ListItem","position":2,"name":"Tienda","item":"https:\/\/bluedoggenetics.com\/fr\/tienda\/"},{"@type":"ListItem","position":3,"name":"Mikromachine Auto"}]},{"@type":"WebSite","@id":"https:\/\/bluedoggenetics.com\/de\/#website","url":"https:\/\/bluedoggenetics.com\/de\/","name":"BLUEDOG GENETICS Seeds","description":"Compare et ach\u00e8te les meilleures graines de cannabis. F\u00e9minis\u00e9es, autofloraison, CBD.","publisher":{"@id":"https:\/\/bluedoggenetics.com\/de\/#organization"},"alternateName":"BLUEDOG GENETICS","potentialAction":[{"@type":"SearchAction","target":{"@type":"EntryPoint","urlTemplate":"https:\/\/bluedoggenetics.com\/de\/?s={search_term_string}"},"query-input":{"@type":"PropertyValueSpecification","valueRequired":true,"valueName":"search_term_string"}}],"inLanguage":"fr-FR"},{"@type":"Organization","@id":"https:\/\/bluedoggenetics.com\/de\/#organization","name":"BLUEDOG GENETICS","url":"https:\/\/bluedoggenetics.com\/de\/","logo":{"@type":"ImageObject","inLanguage":"fr-FR","@id":"https:\/\/bluedoggenetics.com\/de\/#\/schema\/logo\/image\/","url":"https:\/\/bluedoggenetics.com\/wp-content\/uploads\/2024\/11\/appIcon.png","contentUrl":"https:\/\/bluedoggenetics.com\/wp-content\/uploads\/2024\/11\/appIcon.png","width":1024,"height":1024,"caption":"BLUEDOG GENETICS"},"image":{"@id":"https:\/\/bluedoggenetics.com\/de\/#\/schema\/logo\/image\/"},"sameAs":["https:\/\/www.instagram.com\/bluedog.genetics\/"]}]}},"sticker_url":null,"variations_full":[{"id":6418,"price":38,"regular_price":38,"attributes":{"attribute_pa_cantidad":"5-fem"},"image_src":"https:\/\/bluedoggenetics.com\/wp-content\/uploads\/2026\/03\/148051_985246_pimcore.jpg","is_in_stock":true}],"jetpack_sharing_enabled":true,"_links":{"self":[{"href":"https:\/\/bluedoggenetics.com\/fr\/wp-json\/wp\/v2\/product\/6394","targetHints":{"allow":["GET"]}}],"collection":[{"href":"https:\/\/bluedoggenetics.com\/fr\/wp-json\/wp\/v2\/product"}],"about":[{"href":"https:\/\/bluedoggenetics.com\/fr\/wp-json\/wp\/v2\/types\/product"}],"wp:featuredmedia":[{"embeddable":true,"href":"https:\/\/bluedoggenetics.com\/fr\/wp-json\/wp\/v2\/media\/6417"}],"wp:attachment":[{"href":"https:\/\/bluedoggenetics.com\/fr\/wp-json\/wp\/v2\/media?parent=6394"}],"wp:term":[{"taxonomy":"product_brand","embeddable":true,"href":"https:\/\/bluedoggenetics.com\/fr\/wp-json\/wp\/v2\/product_brand?post=6394"},{"taxonomy":"product_cat","embeddable":true,"href":"https:\/\/bluedoggenetics.com\/fr\/wp-json\/wp\/v2\/product_cat?post=6394"},{"taxonomy":"product_tag","embeddable":true,"href":"https:\/\/bluedoggenetics.com\/fr\/wp-json\/wp\/v2\/product_tag?post=6394"}],"curies":[{"name":"wp","href":"https:\/\/api.w.org\/{rel}","templated":true}]}}