{"id":6361,"date":"2026-03-31T00:33:17","date_gmt":"2026-03-30T22:33:17","guid":{"rendered":"https:\/\/bluedoggenetics.com\/?post_type=product&#038;p=6361"},"modified":"2026-05-06T14:59:40","modified_gmt":"2026-05-06T12:59:40","slug":"early-queen-x-afghan-haze-early-haze","status":"publish","type":"product","link":"https:\/\/bluedoggenetics.com\/fr\/produit\/regular\/early-queen-x-afghan-haze-early-haze\/","title":{"rendered":"Early Queen x Afghan Haze (Early Haze)"},"content":{"rendered":"<p>Si vous recherchez une exp\u00e9rience stimulante et purement c\u00e9r\u00e9brale, le <strong>Early Queen x Afghan Haze (Early Haze)<\/strong> de <strong>Mr Nice Seedbank<\/strong> Il d\u00e9passera toutes vos attentes. Ce chef-d'\u0153uvre a \u00e9t\u00e9 m\u00e9ticuleusement crois\u00e9 pour pr\u00e9server sa vigueur tropicale sauvage, offrant un profil terp\u00e9nique o\u00f9 pr\u00e9dominent les nuances tropicales et biscuit\u00e9es. Pr\u00e9parez-vous \u00e0 un d\u00e9collage mental imm\u00e9diat qui favorise la cr\u00e9ativit\u00e9 et un \u00e9tat de sourire, id\u00e9al pour partager entre amis ou r\u00e9aliser des t\u00e2ches artistiques.<\/p>\n<p><b>Aspect de la fleur.<\/b> Sur le plan visuel, c'est un spectacle de la nature. Ses fleurs s'allongent en formant des \u00ab queues de renard \u00bb, laissant une structure a\u00e9r\u00e9e mais \u00e9tonnamment lourde. La r\u00e9sine abondante et collante recouvre chaque calice, contrastant \u00e0 merveille avec une mer de pistils orang\u00e9s.<\/p>\n<p><b>Morphologie v\u00e9g\u00e9tale.<\/b> Son h\u00e9ritage g\u00e9n\u00e9tique se manifeste d\u00e8s les premi\u00e8res semaines de croissance. Il pr\u00e9sente un \u00e9tirement vertical tr\u00e8s prononc\u00e9, des entre-n\u0153uds larges et des feuilles tr\u00e8s fines. Cette structure ouverte constitue un immense avantage, car elle permet \u00e0 la lumi\u00e8re de p\u00e9n\u00e9trer jusqu\u2019aux zones les plus basses et pr\u00e9vient efficacement l\u2019apparition de champignons.<\/p>\n<h3><b>Conseils de Culture<\/b><\/h3>\n<ul>\n<li><strong>Quel est le climat id\u00e9al pour cultiver le Early Queen x Afghan Haze (Early Haze) ?<\/strong><br \/>Cette lign\u00e9e aime la chaleur et les longues saisons estivales. En ext\u00e9rieur, sous les climats chauds ou m\u00e9diterran\u00e9ens, il peut devenir un v\u00e9ritable arbre. En int\u00e9rieur, veillez \u00e0 maintenir des temp\u00e9ratures stables autour de 25-27\u00b0C.<\/li>\n<li><strong>Quelles techniques de formation fonctionnent le mieux avec Early Queen x Afghan Haze (Early Haze) ?<\/strong><br \/>Sa taille est son plus grand d\u00e9fi sous les projecteurs. Des techniques telles que le Supercropping, le LST (Low Stress Training) ou l'utilisation de r\u00e9seaux SCROG sont presque obligatoires pour apprivoiser sa croissance et obtenir une canop\u00e9e uniforme pleine de queues principales.<\/li>\n<li><strong>De quel type de fertilisation le Early Queen x Afghan Haze (Early Haze) a-t-il besoin ?<\/strong><br \/>Ils ont tendance \u00e0 bien manger. Nous recommandons un programme de fertilisation doux, en veillant particuli\u00e8rement \u00e0 ne pas en faire trop avec de l'azote, car il est sujet \u00e0 une surfertilisation \u00e0 ses d\u00e9buts.<\/li>\n<li><strong>Comment devraient se d\u00e9rouler l\u2019irrigation et l\u2019humidit\u00e9 pour le Early Queen x Afghan Haze (Early Haze) ?<\/strong><br \/>Il lui faut un substrat tr\u00e8s a\u00e9r\u00e9 et qui se draine rapidement. Il tol\u00e8re mieux un peu de soif qu\u2019un engorgement continu, qui \u00e9toufferait ses longues racines.<\/li>\n<li><strong>Est-il n\u00e9cessaire de tailler la plante Early Queen x Afghan Haze (Early Haze) ?<\/strong><br \/>Une taille basse est totalement recommand\u00e9e. En nettoyant le tiers inf\u00e9rieur de la plante, vous canalisez toute la s\u00e8ve vers la couronne, obtenant ainsi des fleurs de championnat et facilitant grandement la ventilation inf\u00e9rieure.<\/li>\n<\/ul>","protected":false},"excerpt":{"rendered":"<p>Le <strong>Early Queen x Afghan Haze (Early Haze)<\/strong> est synonyme d'excellence de la part de Mr Nice Seedbank. Une vari\u00e9t\u00e9 hybride qui combine un puissant punch de 18 \u00e0 24 % de THC avec de d\u00e9licieuses notes aromatiques tropicales. Vivez une exp\u00e9rience profond\u00e9ment souriante.<\/p>","protected":false},"featured_media":6378,"template":"","meta":{"_acf_changed":false,"inline_featured_image":false,"_wp_applaud_exclude":false},"product_brand":[291],"product_cat":[309],"product_tag":[],"class_list":{"0":"post-6361","1":"product","2":"type-product","3":"status-publish","4":"has-post-thumbnail","6":"product_brand-mr-nice-seedbank","7":"product_cat-regular","8":"pa_altura-exterior-150-180","9":"pa_altura-interior-90-120","10":"pa_beneficios-terapeuticos-alivio-de-ansiedad","11":"pa_beneficios-terapeuticos-aumento-del-apetito","12":"pa_cantidad-18-reg","13":"pa_clima-templado","14":"pa_cosecha-exterior-450-550","15":"pa_cosecha-interior-400-500","16":"pa_efectos-destacables-activo","17":"pa_efectos-destacables-alegre","18":"pa_efectos-destacables-risueno","19":"pa_floracion-10-12","20":"pa_genetica-50-50","21":"pa_olor-fuerte","22":"pa_sabores-y-olores-galletas","23":"pa_sabores-y-olores-tropical","24":"pa_thc-18-24","25":"pa_variedad-hibrida","27":"first","28":"instock","29":"taxable","30":"shipping-taxable","31":"purchasable","32":"product-type-variable"},"acf":{"sticker":false,"family_tree":""},"yoast_head":"<!-- This site is optimized with the Yoast SEO plugin v26.5 - https:\/\/yoast.com\/wordpress\/plugins\/seo\/ -->\n<title>Early Queen x Afghan Haze (Early Haze) - BLUEDOG GENETICS Seeds<\/title>\n<meta name=\"description\" content=\"Early Queen x Afghan Haze (Early Haze) de Mr Nice Seedbank. Cultiva tu propia leyenda. THC 18-24%, sabor a tropical y efecto risue\u00f1o. Calidad TOP. \u00a1C\" \/>\n<meta name=\"robots\" content=\"index, follow, max-snippet:-1, max-image-preview:large, max-video-preview:-1\" \/>\n<link rel=\"canonical\" href=\"https:\/\/bluedoggenetics.com\/fr\/produit\/regular\/early-queen-x-afghan-haze-early-haze\/\" \/>\n<meta property=\"og:locale\" content=\"fr_FR\" \/>\n<meta property=\"og:type\" content=\"article\" \/>\n<meta property=\"og:title\" content=\"Early Queen x Afghan Haze (Early Haze) - BLUEDOG GENETICS Seeds\" \/>\n<meta property=\"og:description\" content=\"Early Queen x Afghan Haze (Early Haze) de Mr Nice Seedbank. Cultiva tu propia leyenda. THC 18-24%, sabor a tropical y efecto risue\u00f1o. Calidad TOP. \u00a1C\" \/>\n<meta property=\"og:url\" content=\"https:\/\/bluedoggenetics.com\/fr\/produit\/regular\/early-queen-x-afghan-haze-early-haze\/\" \/>\n<meta property=\"og:site_name\" content=\"BLUEDOG GENETICS Seeds\" \/>\n<meta property=\"article:modified_time\" content=\"2026-05-06T12:59:40+00:00\" \/>\n<meta property=\"og:image\" content=\"https:\/\/bluedoggenetics.com\/wp-content\/uploads\/2026\/03\/140276_2338812_pimcore_1.jpg\" \/>\n\t<meta property=\"og:image:width\" content=\"600\" \/>\n\t<meta property=\"og:image:height\" content=\"582\" \/>\n\t<meta property=\"og:image:type\" content=\"image\/jpeg\" \/>\n<meta name=\"twitter:card\" content=\"summary_large_image\" \/>\n<meta name=\"twitter:label1\" content=\"Dur\u00e9e de lecture estim\u00e9e\" \/>\n\t<meta name=\"twitter:data1\" content=\"2 minutes\" \/>\n<script type=\"application\/ld+json\" class=\"yoast-schema-graph\">{\"@context\":\"https:\/\/schema.org\",\"@graph\":[{\"@type\":[\"WebPage\",\"ItemPage\"],\"@id\":\"https:\/\/bluedoggenetics.com\/producto\/regular\/early-queen-x-afghan-haze-early-haze\/\",\"url\":\"https:\/\/bluedoggenetics.com\/producto\/regular\/early-queen-x-afghan-haze-early-haze\/\",\"name\":\"Early Queen x Afghan Haze (Early Haze) - BLUEDOG GENETICS Seeds\",\"isPartOf\":{\"@id\":\"https:\/\/bluedoggenetics.com\/de\/#website\"},\"primaryImageOfPage\":{\"@id\":\"https:\/\/bluedoggenetics.com\/producto\/regular\/early-queen-x-afghan-haze-early-haze\/#primaryimage\"},\"image\":{\"@id\":\"https:\/\/bluedoggenetics.com\/producto\/regular\/early-queen-x-afghan-haze-early-haze\/#primaryimage\"},\"thumbnailUrl\":\"https:\/\/bluedoggenetics.com\/wp-content\/uploads\/2026\/03\/140276_2338812_pimcore_1.jpg\",\"datePublished\":\"2026-03-30T22:33:17+00:00\",\"dateModified\":\"2026-05-06T12:59:40+00:00\",\"description\":\"Early Queen x Afghan Haze (Early Haze) de Mr Nice Seedbank. Cultiva tu propia leyenda. THC 18-24%, sabor a tropical y efecto risue\u00f1o. Calidad TOP. \u00a1C\",\"breadcrumb\":{\"@id\":\"https:\/\/bluedoggenetics.com\/producto\/regular\/early-queen-x-afghan-haze-early-haze\/#breadcrumb\"},\"inLanguage\":\"fr-FR\",\"potentialAction\":[{\"@type\":\"ReadAction\",\"target\":[\"https:\/\/bluedoggenetics.com\/producto\/regular\/early-queen-x-afghan-haze-early-haze\/\"]}]},{\"@type\":\"ImageObject\",\"inLanguage\":\"fr-FR\",\"@id\":\"https:\/\/bluedoggenetics.com\/producto\/regular\/early-queen-x-afghan-haze-early-haze\/#primaryimage\",\"url\":\"https:\/\/bluedoggenetics.com\/wp-content\/uploads\/2026\/03\/140276_2338812_pimcore_1.jpg\",\"contentUrl\":\"https:\/\/bluedoggenetics.com\/wp-content\/uploads\/2026\/03\/140276_2338812_pimcore_1.jpg\",\"width\":600,\"height\":582},{\"@type\":\"BreadcrumbList\",\"@id\":\"https:\/\/bluedoggenetics.com\/producto\/regular\/early-queen-x-afghan-haze-early-haze\/#breadcrumb\",\"itemListElement\":[{\"@type\":\"ListItem\",\"position\":1,\"name\":\"Portada\",\"item\":\"https:\/\/bluedoggenetics.com\/\"},{\"@type\":\"ListItem\",\"position\":2,\"name\":\"Tienda\",\"item\":\"https:\/\/bluedoggenetics.com\/fr\/tienda\/\"},{\"@type\":\"ListItem\",\"position\":3,\"name\":\"Early Queen x Afghan Haze (Early Haze)\"}]},{\"@type\":\"WebSite\",\"@id\":\"https:\/\/bluedoggenetics.com\/de\/#website\",\"url\":\"https:\/\/bluedoggenetics.com\/de\/\",\"name\":\"BLUEDOG GENETICS Seeds\",\"description\":\"Compara y compra las mejores semillas de cannabis. Feminizadas, Autoflorecientes, CBD.\",\"publisher\":{\"@id\":\"https:\/\/bluedoggenetics.com\/de\/#organization\"},\"alternateName\":\"BLUEDOG GENETICS\",\"potentialAction\":[{\"@type\":\"SearchAction\",\"target\":{\"@type\":\"EntryPoint\",\"urlTemplate\":\"https:\/\/bluedoggenetics.com\/de\/?s={search_term_string}\"},\"query-input\":{\"@type\":\"PropertyValueSpecification\",\"valueRequired\":true,\"valueName\":\"search_term_string\"}}],\"inLanguage\":\"fr-FR\"},{\"@type\":\"Organization\",\"@id\":\"https:\/\/bluedoggenetics.com\/de\/#organization\",\"name\":\"BLUEDOG GENETICS\",\"url\":\"https:\/\/bluedoggenetics.com\/de\/\",\"logo\":{\"@type\":\"ImageObject\",\"inLanguage\":\"fr-FR\",\"@id\":\"https:\/\/bluedoggenetics.com\/de\/#\/schema\/logo\/image\/\",\"url\":\"https:\/\/bluedoggenetics.com\/wp-content\/uploads\/2024\/11\/appIcon.png\",\"contentUrl\":\"https:\/\/bluedoggenetics.com\/wp-content\/uploads\/2024\/11\/appIcon.png\",\"width\":1024,\"height\":1024,\"caption\":\"BLUEDOG GENETICS\"},\"image\":{\"@id\":\"https:\/\/bluedoggenetics.com\/de\/#\/schema\/logo\/image\/\"},\"sameAs\":[\"https:\/\/www.instagram.com\/bluedog.genetics\/\"]}]}<\/script>\n<!-- \/ Yoast SEO plugin. -->","yoast_head_json":{"title":"Early Queen x Afghan Haze (Early Haze) - Graines G\u00c9N\u00c9TIQUE BLUEDOG","description":"Early Queen x Afghan Haze (Early Haze) par Mr Nice Seedbank. Cultivez votre propre l\u00e9gende. THC 18-24%, saveur tropicale et effet souriant. Qualit\u00e9 TOP. C","robots":{"index":"index","follow":"follow","max-snippet":"max-snippet:-1","max-image-preview":"max-image-preview:large","max-video-preview":"max-video-preview:-1"},"canonical":"https:\/\/bluedoggenetics.com\/fr\/produit\/regular\/early-queen-x-afghan-haze-early-haze\/","og_locale":"fr_FR","og_type":"article","og_title":"Early Queen x Afghan Haze (Early Haze) - BLUEDOG GENETICS Seeds","og_description":"Early Queen x Afghan Haze (Early Haze) de Mr Nice Seedbank. Cultiva tu propia leyenda. THC 18-24%, sabor a tropical y efecto risue\u00f1o. Calidad TOP. \u00a1C","og_url":"https:\/\/bluedoggenetics.com\/fr\/produit\/regular\/early-queen-x-afghan-haze-early-haze\/","og_site_name":"BLUEDOG GENETICS Seeds","article_modified_time":"2026-05-06T12:59:40+00:00","og_image":[{"width":600,"height":582,"url":"https:\/\/bluedoggenetics.com\/wp-content\/uploads\/2026\/03\/140276_2338812_pimcore_1.jpg","type":"image\/jpeg"}],"twitter_card":"summary_large_image","twitter_misc":{"Dur\u00e9e de lecture estim\u00e9e":"2 minutes"},"schema":{"@context":"https:\/\/schema.org","@graph":[{"@type":["WebPage","ItemPage"],"@id":"https:\/\/bluedoggenetics.com\/producto\/regular\/early-queen-x-afghan-haze-early-haze\/","url":"https:\/\/bluedoggenetics.com\/producto\/regular\/early-queen-x-afghan-haze-early-haze\/","name":"Early Queen x Afghan Haze (Early Haze) - Graines G\u00c9N\u00c9TIQUE BLUEDOG","isPartOf":{"@id":"https:\/\/bluedoggenetics.com\/de\/#website"},"primaryImageOfPage":{"@id":"https:\/\/bluedoggenetics.com\/producto\/regular\/early-queen-x-afghan-haze-early-haze\/#primaryimage"},"image":{"@id":"https:\/\/bluedoggenetics.com\/producto\/regular\/early-queen-x-afghan-haze-early-haze\/#primaryimage"},"thumbnailUrl":"https:\/\/bluedoggenetics.com\/wp-content\/uploads\/2026\/03\/140276_2338812_pimcore_1.jpg","datePublished":"2026-03-30T22:33:17+00:00","dateModified":"2026-05-06T12:59:40+00:00","description":"Early Queen x Afghan Haze (Early Haze) par Mr Nice Seedbank. Cultivez votre propre l\u00e9gende. THC 18-24%, saveur tropicale et effet souriant. Qualit\u00e9 TOP. C","breadcrumb":{"@id":"https:\/\/bluedoggenetics.com\/producto\/regular\/early-queen-x-afghan-haze-early-haze\/#breadcrumb"},"inLanguage":"fr-FR","potentialAction":[{"@type":"ReadAction","target":["https:\/\/bluedoggenetics.com\/producto\/regular\/early-queen-x-afghan-haze-early-haze\/"]}]},{"@type":"ImageObject","inLanguage":"fr-FR","@id":"https:\/\/bluedoggenetics.com\/producto\/regular\/early-queen-x-afghan-haze-early-haze\/#primaryimage","url":"https:\/\/bluedoggenetics.com\/wp-content\/uploads\/2026\/03\/140276_2338812_pimcore_1.jpg","contentUrl":"https:\/\/bluedoggenetics.com\/wp-content\/uploads\/2026\/03\/140276_2338812_pimcore_1.jpg","width":600,"height":582},{"@type":"BreadcrumbList","@id":"https:\/\/bluedoggenetics.com\/producto\/regular\/early-queen-x-afghan-haze-early-haze\/#breadcrumb","itemListElement":[{"@type":"ListItem","position":1,"name":"Portada","item":"https:\/\/bluedoggenetics.com\/"},{"@type":"ListItem","position":2,"name":"Tienda","item":"https:\/\/bluedoggenetics.com\/fr\/tienda\/"},{"@type":"ListItem","position":3,"name":"Early Queen x Afghan Haze (Early Haze)"}]},{"@type":"WebSite","@id":"https:\/\/bluedoggenetics.com\/de\/#website","url":"https:\/\/bluedoggenetics.com\/de\/","name":"BLUEDOG GENETICS Seeds","description":"Compare et ach\u00e8te les meilleures graines de cannabis. F\u00e9minis\u00e9es, autofloraison, CBD.","publisher":{"@id":"https:\/\/bluedoggenetics.com\/de\/#organization"},"alternateName":"BLUEDOG GENETICS","potentialAction":[{"@type":"SearchAction","target":{"@type":"EntryPoint","urlTemplate":"https:\/\/bluedoggenetics.com\/de\/?s={search_term_string}"},"query-input":{"@type":"PropertyValueSpecification","valueRequired":true,"valueName":"search_term_string"}}],"inLanguage":"fr-FR"},{"@type":"Organization","@id":"https:\/\/bluedoggenetics.com\/de\/#organization","name":"BLUEDOG GENETICS","url":"https:\/\/bluedoggenetics.com\/de\/","logo":{"@type":"ImageObject","inLanguage":"fr-FR","@id":"https:\/\/bluedoggenetics.com\/de\/#\/schema\/logo\/image\/","url":"https:\/\/bluedoggenetics.com\/wp-content\/uploads\/2024\/11\/appIcon.png","contentUrl":"https:\/\/bluedoggenetics.com\/wp-content\/uploads\/2024\/11\/appIcon.png","width":1024,"height":1024,"caption":"BLUEDOG GENETICS"},"image":{"@id":"https:\/\/bluedoggenetics.com\/de\/#\/schema\/logo\/image\/"},"sameAs":["https:\/\/www.instagram.com\/bluedog.genetics\/"]}]}},"sticker_url":null,"variations_full":[{"id":6379,"price":68,"regular_price":68,"attributes":{"attribute_pa_cantidad":"18-reg"},"image_src":"https:\/\/bluedoggenetics.com\/wp-content\/uploads\/2026\/03\/140276_2338812_pimcore_1.jpg","is_in_stock":true}],"jetpack_sharing_enabled":true,"_links":{"self":[{"href":"https:\/\/bluedoggenetics.com\/fr\/wp-json\/wp\/v2\/product\/6361","targetHints":{"allow":["GET"]}}],"collection":[{"href":"https:\/\/bluedoggenetics.com\/fr\/wp-json\/wp\/v2\/product"}],"about":[{"href":"https:\/\/bluedoggenetics.com\/fr\/wp-json\/wp\/v2\/types\/product"}],"wp:featuredmedia":[{"embeddable":true,"href":"https:\/\/bluedoggenetics.com\/fr\/wp-json\/wp\/v2\/media\/6378"}],"wp:attachment":[{"href":"https:\/\/bluedoggenetics.com\/fr\/wp-json\/wp\/v2\/media?parent=6361"}],"wp:term":[{"taxonomy":"product_brand","embeddable":true,"href":"https:\/\/bluedoggenetics.com\/fr\/wp-json\/wp\/v2\/product_brand?post=6361"},{"taxonomy":"product_cat","embeddable":true,"href":"https:\/\/bluedoggenetics.com\/fr\/wp-json\/wp\/v2\/product_cat?post=6361"},{"taxonomy":"product_tag","embeddable":true,"href":"https:\/\/bluedoggenetics.com\/fr\/wp-json\/wp\/v2\/product_tag?post=6361"}],"curies":[{"name":"wp","href":"https:\/\/api.w.org\/{rel}","templated":true}]}}