{"id":623,"date":"2024-10-01T05:52:50","date_gmt":"2024-10-01T03:52:50","guid":{"rendered":"https:\/\/bluedoggenetics.com\/?post_type=product&#038;p=623"},"modified":"2026-05-06T14:55:42","modified_gmt":"2026-05-06T12:55:42","slug":"graines-cannabis-feminisees-banana-sherbet","status":"publish","type":"product","link":"https:\/\/bluedoggenetics.com\/fr\/produit\/graines\/feminise\/graines-cannabis-feminisees-banana-sherbet\/","title":{"rendered":"Banana Sherbet"},"content":{"rendered":"<p class=\"translation-block\">Si vous cherchiez \u00e0 acheter des graines de cannabis et que vous h\u00e9sitiez, Banana Sherbet vous facilitera la d\u00e9cision. C\u2019est la reine des m\u00e9langes tropicaux, avec une dominance Indica de 70 % et 30 % de Sativa. En seulement 8 \u00e0 9 semaines, elle vous offre une r\u00e9colte abondante : entre 450 et 550 grammes par m\u00e8tre carr\u00e9 en int\u00e9rieur, ou jusqu\u2019\u00e0 850 grammes par plante en ext\u00e9rieur. Cette beaut\u00e9 s\u2019\u00e9panouit mieux dans les climats chauds, atteignant son apog\u00e9e avec des <strong>niveaux de THC allant de 20 % \u00e0 26 %.<\/strong> Son profil de saveur est une f\u00eate de banane et de cr\u00e8me avec une touche d\u2019agrumes, offrant un m\u00e9lange \u00e0 la fois s\u00e9datif et stimulant. Parfaite pour ces moments o\u00f9 vous voulez vous d\u00e9tendre, savourer un bon repas ou simplement avoir une conversation anim\u00e9e avec des amis.<\/p>\n<p class=\"translation-block\"><b>Apparence de la Fleur.<\/b> Banana Sherbet est un bijou visuel. <strong>Ses t\u00eates, denses et bien form\u00e9es, brillent d'un \u00e9clat dor\u00e9<\/strong> gr\u00e2ce \u00e0 l'\u00e9paisse couche de trichomes r\u00e9sineux. Le vert vif des t\u00eates est orn\u00e9 de nuances orang\u00e9es et violettes, cr\u00e9ant un spectacle de couleurs \u00e9clatant. La texture est collante au toucher et, une fois allum\u00e9e, un ar\u00f4me puissant et sucr\u00e9 se d\u00e9gage, m\u00e9langeant banane m\u00fbre, cr\u00e8me onctueuse et une touche d'agrumes qui vous donne envie d'en savourer davantage.<\/p>\n<p class=\"translation-block\"><b>Morphologie de la plante. <\/b>Cette plante se d\u00e9veloppe en grand, atteignant entre 120 et 150 cm en int\u00e9rieur et <strong>jusqu'\u00e0 200 cm en ext\u00e9rieur. <\/strong>Si tu cherchais \u00e0 acheter des graines de marijuana XXL pour ton jardin, n'h\u00e9site plus, celle-ci est id\u00e9ale. Sa structure est robuste, avec des branches fortes qui supportent sans probl\u00e8me les bourgeons lourds. Les feuilles vert fonc\u00e9 contrastent avec les couleurs \u00e9clatantes des bourgeons. Adaptable aux climats chauds, la Banana Sherbet s'\u00e9panouit en plein soleil, o\u00f9 elle peut atteindre son plein potentiel.<\/p>\n<h3><b>Conseils de Culture<\/b><\/h3>\n<ul>\n<li style=\"font-weight: 400;\" aria-level=\"1\" class=\"translation-block\"><strong>Quel est le climat id\u00e9al pour cultiver la Banana Sherbet ?<\/strong><br>\nLes graines de cannabis f\u00e9minis\u00e9es Banana Sherbet pr\u00e9f\u00e8rent les climats temp\u00e9r\u00e9s ou chauds, avec une bonne lumi\u00e8re naturelle. Elles s\u2019adaptent aussi tr\u00e8s bien \u00e0 la culture en int\u00e9rieur avec une humidit\u00e9 et une temp\u00e9rature contr\u00f4l\u00e9es entre 20 et 27\u202f\u00b0C.<\/li>\n<li style=\"font-weight: 400;\" aria-level=\"1\" class=\"translation-block\"><strong>Quelles techniques de culture fonctionnent le mieux avec Banana Sherbet ?<\/strong><br>\nGr\u00e2ce \u00e0 sa structure robuste et bien ramifi\u00e9e, cette vari\u00e9t\u00e9 r\u00e9agit tr\u00e8s bien au LST et au SOG. Id\u00e9ale pour les environnements contr\u00f4l\u00e9s visant une floraison abondante.<\/li>\n<li style=\"font-weight: 400;\" aria-level=\"1\" class=\"translation-block\"><strong>Quel type de fertilisation la Banana Sherbet n\u00e9cessite-t-elle ?<\/strong><br>\nPendant la croissance, elle n\u00e9cessite une alimentation riche en azote. En floraison, augmentez le phosphore et le potassium. L\u2019utilisation de stimulateurs de terp\u00e8nes peut intensifier sa saveur sucr\u00e9e de banane.<\/li>\n<li style=\"font-weight: 400;\" aria-level=\"1\" class=\"translation-block\"><strong>Comment g\u00e9rer l\u2019arrosage et l\u2019humidit\u00e9 ?<\/strong><br>\nGardez le substrat l\u00e9g\u00e8rement sec entre les arrosages. Pendant la floraison, r\u00e9duisez l\u2019humidit\u00e9 \u00e0 40\u201350\u202f% pour \u00e9viter les moisissures et pr\u00e9server les ar\u00f4mes tropicaux.<\/li>\n<li style=\"font-weight: 400;\" aria-level=\"1\" class=\"translation-block\"><strong>La taille est-elle n\u00e9cessaire pour la Banana Sherbet ?<\/strong><br>\nOui. Une taille apicale pendant la phase v\u00e9g\u00e9tative et un effeuillage s\u00e9lectif en pr\u00e9floraison am\u00e9liorent la circulation de l\u2019air et l\u2019exposition \u00e0 la lumi\u00e8re, ce qui augmente le rendement et la qualit\u00e9 des t\u00eates.<\/li>\n<\/ul>","protected":false},"excerpt":{"rendered":"<p data-start=\"1286\" data-end=\"1516\">Banana Sherbet est une vari\u00e9t\u00e9 f\u00e9minis\u00e9e aux saveurs tropicales et \u00e0 l\u2019effet \u00e9quilibr\u00e9 entre euphorie et relaxation. Parfaite pour les cultivateurs recherchant des t\u00eates r\u00e9sineuses, savoureuses et productives, en int\u00e9rieur comme en ext\u00e9rieur.<\/p>","protected":false},"featured_media":2621,"template":"","meta":{"_acf_changed":false,"inline_featured_image":false,"_wp_applaud_exclude":false},"product_brand":[194],"product_cat":[22],"product_tag":[],"class_list":{"0":"post-623","1":"product","2":"type-product","3":"status-publish","4":"has-post-thumbnail","6":"product_brand-bluedog-genetics","7":"product_cat-feminizadas","8":"pa_altura-exterior-180-200","9":"pa_altura-interior-120-150","10":"pa_beneficios-terapeuticos-alivio-del-dolor","11":"pa_beneficios-terapeuticos-aumento-del-apetito","12":"pa_beneficios-terapeuticos-ayuda-para-dormir","13":"pa_cantidad-pack-1","14":"pa_cantidad-pack-10","15":"pa_cantidad-pack-3","16":"pa_cantidad-pack-5","17":"pa_clima-calido","18":"pa_cosecha-exterior-750-850","19":"pa_cosecha-interior-450-550","20":"pa_efectos-destacables-alegre","21":"pa_efectos-destacables-conversador","22":"pa_efectos-destacables-creativo","23":"pa_efectos-destacables-munchies","24":"pa_efectos-destacables-relajado","25":"pa_efectos-destacables-risueno","26":"pa_floracion-8-9","27":"pa_genetica-70-30","28":"pa_olor-intenso","29":"pa_sabores-y-olores-citrico","30":"pa_sabores-y-olores-cremoso","31":"pa_sabores-y-olores-dulce","32":"pa_sabores-y-olores-tropical","33":"pa_thc-20-26","34":"pa_variedad-indica","35":"pa_variedad-mayormente-indica","37":"first","38":"instock","39":"taxable","40":"shipping-taxable","41":"purchasable","42":"product-type-variable"},"acf":{"sticker":"https:\/\/bluedoggenetics.com\/wp-content\/uploads\/2024\/10\/sticker_banana_sherbet.webp","family_tree":"<ul>\n<li><a href=\"https:\/\/seedfinder.eu\/en\/strain-info\/banana-sherbert\/bluedog-genetics\" target=\"_blank\" rel=\"noopener\">Banana Sherbert<\/a>\n<ul>\n<li><a href=\"https:\/\/seedfinder.eu\/en\/strain-info\/banana-sherbet\/unknown-or-legendary\" target=\"_blank\" rel=\"noopener\">Banana Sherbert<\/a>\n<ul>\n<li><a href=\"https:\/\/seedfinder.eu\/en\/strain-info\/banana-kush\/crockett-family-farms\" target=\"_blank\" rel=\"noopener\">Banana Kush<\/a>\n<ul>\n<li><a href=\"https:\/\/seedfinder.eu\/en\/strain-info\/ghost-og\/clone-only-strains\" target=\"_blank\" rel=\"noopener\">Ghost OG<\/a>\n<ul>\n<li><a href=\"https:\/\/seedfinder.eu\/en\/strain-info\/og-kush\/clone-only-strains\" target=\"_blank\" rel=\"noopener\">OG Kush (pheno: Ghost cut)<\/a><\/li>\n<\/ul>\n<\/li>\n<li>&#8211;\n<ul>\n<li><a href=\"https:\/\/seedfinder.eu\/en\/strain-info\/skunk\/unknown-or-legendary\" target=\"_blank\" rel=\"noopener\">Skunk<\/a>\n<ul>\n<li><a href=\"https:\/\/seedfinder.eu\/en\/strain-info\/skunk-nr1\/cultivators-choice\" target=\"_blank\" rel=\"noopener\">Skunk #1<\/a><\/li>\n<\/ul>\n<\/li>\n<li><a href=\"https:\/\/seedfinder.eu\/en\/strain-info\/haze\/unknown-or-legendary\" target=\"_blank\" rel=\"noopener\">Haze<\/a>\n<ul>\n<li><a href=\"https:\/\/seedfinder.eu\/en\/strain-info\/colombia-sativa\/original-strains\" target=\"_blank\" rel=\"noopener\">Santa Marta Gold<\/a><\/li>\n<li><a href=\"https:\/\/seedfinder.eu\/en\/strain-info\/colombia-sativa\/original-strains\" target=\"_blank\" rel=\"noopener\">Wacky Weed (pheno: aka Chocolate Colombian)<\/a><\/li>\n<li><a href=\"https:\/\/seedfinder.eu\/en\/strain-info\/colombia-sativa\/original-strains\" target=\"_blank\" rel=\"noopener\">Kolumbien<\/a><\/li>\n<\/ul>\n<\/li>\n<\/ul>\n<\/li>\n<\/ul>\n<\/li>\n<li><a href=\"https:\/\/seedfinder.eu\/en\/strain-info\/sunset-sherbert\/unknown-or-legendary\" target=\"_blank\" rel=\"noopener\">Sunset Sherbet<\/a>\n<ul>\n<li><a href=\"https:\/\/seedfinder.eu\/en\/strain-info\/girl-scout-cookies\/clone-only-strains\" target=\"_blank\" rel=\"noopener\">Girl Scout Cookies<\/a>\n<ul>\n<li><a href=\"https:\/\/seedfinder.eu\/en\/strain-info\/gsc-thin-mints\/clone-only-strains\" target=\"_blank\" rel=\"noopener\">Thin Mint GSC<\/a><\/li>\n<\/ul>\n<\/li>\n<li><a href=\"https:\/\/seedfinder.eu\/en\/strain-info\/pink-panties\/unknown-or-legendary\" target=\"_blank\" rel=\"noopener\">Pink Panties<\/a>\n<ul>\n<li><a href=\"https:\/\/seedfinder.eu\/en\/strain-info\/og-kush\/clone-only-strains\" target=\"_blank\" rel=\"noopener\">OG Kush (South Florida)<\/a><\/li>\n<li>&#8211;\n<ul>\n<li><a href=\"https:\/\/seedfinder.eu\/en\/strain-info\/og-kush\/clone-only-strains\" target=\"_blank\" rel=\"noopener\">OG Kush (South Florida)<\/a><\/li>\n<li><a href=\"https:\/\/seedfinder.eu\/en\/strain-info\/burmese\/unknown-or-legendary\" target=\"_blank\" rel=\"noopener\">Burma<\/a><\/li>\n<\/ul>\n<\/li>\n<\/ul>\n<\/li>\n<\/ul>\n<\/li>\n<\/ul>\n<\/li>\n<li><a href=\"https:\/\/seedfinder.eu\/en\/strain-info\/banana-sherbet\/unknown-or-legendary\" target=\"_blank\" rel=\"noopener\">Banana Sherbert<\/a>\n<ul>\n<li><a href=\"https:\/\/seedfinder.eu\/en\/strain-info\/banana-kush\/crockett-family-farms\" target=\"_blank\" rel=\"noopener\">Banana Kush<\/a>\n<ul>\n<li><a href=\"https:\/\/seedfinder.eu\/en\/strain-info\/ghost-og\/clone-only-strains\" target=\"_blank\" rel=\"noopener\">Ghost OG<\/a>\n<ul>\n<li><a href=\"https:\/\/seedfinder.eu\/en\/strain-info\/og-kush\/clone-only-strains\" target=\"_blank\" rel=\"noopener\">OG Kush (pheno: Ghost cut)<\/a><\/li>\n<\/ul>\n<\/li>\n<li>&#8211;\n<ul>\n<li><a href=\"https:\/\/seedfinder.eu\/en\/strain-info\/skunk\/unknown-or-legendary\" target=\"_blank\" rel=\"noopener\">Skunk<\/a>\n<ul>\n<li><a href=\"https:\/\/seedfinder.eu\/en\/strain-info\/skunk-nr1\/cultivators-choice\" target=\"_blank\" rel=\"noopener\">Skunk #1<\/a><\/li>\n<\/ul>\n<\/li>\n<li><a href=\"https:\/\/seedfinder.eu\/en\/strain-info\/haze\/unknown-or-legendary\" target=\"_blank\" rel=\"noopener\">Haze<\/a>\n<ul>\n<li><a href=\"https:\/\/seedfinder.eu\/en\/strain-info\/colombia-sativa\/original-strains\" target=\"_blank\" rel=\"noopener\">Santa Marta Gold<\/a><\/li>\n<li><a href=\"https:\/\/seedfinder.eu\/en\/strain-info\/colombia-sativa\/original-strains\" target=\"_blank\" rel=\"noopener\">Wacky Weed (pheno: aka Chocolate Colombian)<\/a><\/li>\n<li><a href=\"https:\/\/seedfinder.eu\/en\/strain-info\/colombia-sativa\/original-strains\" target=\"_blank\" rel=\"noopener\">Kolumbien<\/a><\/li>\n<\/ul>\n<\/li>\n<\/ul>\n<\/li>\n<\/ul>\n<\/li>\n<li><a href=\"https:\/\/seedfinder.eu\/en\/strain-info\/sunset-sherbert\/unknown-or-legendary\" target=\"_blank\" rel=\"noopener\">Sunset Sherbet<\/a>\n<ul>\n<li><a href=\"https:\/\/seedfinder.eu\/en\/strain-info\/girl-scout-cookies\/clone-only-strains\" target=\"_blank\" rel=\"noopener\">Girl Scout Cookies<\/a>\n<ul>\n<li><a href=\"https:\/\/seedfinder.eu\/en\/strain-info\/gsc-thin-mints\/clone-only-strains\" target=\"_blank\" rel=\"noopener\">Thin Mint GSC<\/a><\/li>\n<\/ul>\n<\/li>\n<li><a href=\"https:\/\/seedfinder.eu\/en\/strain-info\/pink-panties\/unknown-or-legendary\" target=\"_blank\" rel=\"noopener\">Pink Panties<\/a>\n<ul>\n<li><a href=\"https:\/\/seedfinder.eu\/en\/strain-info\/og-kush\/clone-only-strains\" target=\"_blank\" rel=\"noopener\">OG Kush (South Florida)<\/a><\/li>\n<li>&#8211;\n<ul>\n<li><a href=\"https:\/\/seedfinder.eu\/en\/strain-info\/og-kush\/clone-only-strains\" target=\"_blank\" rel=\"noopener\">OG Kush (South Florida)<\/a><\/li>\n<li><a href=\"https:\/\/seedfinder.eu\/en\/strain-info\/burmese\/unknown-or-legendary\" target=\"_blank\" rel=\"noopener\">Burma<\/a><\/li>\n<\/ul>\n<\/li>\n<\/ul>\n<\/li>\n<\/ul>\n<\/li>\n<\/ul>\n<\/li>\n<\/ul>\n<\/li>\n<\/ul>\n"},"yoast_head":"<!-- This site is optimized with the Yoast SEO plugin v26.5 - https:\/\/yoast.com\/wordpress\/plugins\/seo\/ -->\n<title>Banana Sherbet - Semillas de Marihuana Feminizadas con Sabor a Banana | Bluedog Genetics<\/title>\n<meta name=\"description\" content=\"Banana Sherbet es una variedad feminizada de sabor tropical intenso y alto THC. Ideal para cultivos en interior o exterior, con efectos alegres y relajantes.\" \/>\n<meta name=\"robots\" content=\"index, follow, max-snippet:-1, max-image-preview:large, max-video-preview:-1\" \/>\n<link rel=\"canonical\" href=\"https:\/\/bluedoggenetics.com\/fr\/produit\/feminise\/graines-cannabis-feminisees-banana-sherbet\/\" \/>\n<meta property=\"og:locale\" content=\"fr_FR\" \/>\n<meta property=\"og:type\" content=\"article\" \/>\n<meta property=\"og:title\" content=\"Banana Sherbet - Semillas de Marihuana Feminizadas con Sabor a Banana | Bluedog Genetics\" \/>\n<meta property=\"og:description\" content=\"Banana Sherbet es una variedad feminizada de sabor tropical intenso y alto THC. Ideal para cultivos en interior o exterior, con efectos alegres y relajantes.\" \/>\n<meta property=\"og:url\" content=\"https:\/\/bluedoggenetics.com\/fr\/produit\/feminise\/graines-cannabis-feminisees-banana-sherbet\/\" \/>\n<meta property=\"og:site_name\" content=\"BLUEDOG GENETICS Seeds\" \/>\n<meta property=\"article:modified_time\" content=\"2026-05-06T12:55:42+00:00\" \/>\n<meta property=\"og:image\" content=\"https:\/\/bluedoggenetics.com\/wp-content\/uploads\/2024\/10\/Banana-Sherbet-Bluedog-Genetics_11zon.webp\" \/>\n\t<meta property=\"og:image:width\" content=\"1536\" \/>\n\t<meta property=\"og:image:height\" content=\"1024\" \/>\n\t<meta property=\"og:image:type\" content=\"image\/webp\" \/>\n<meta name=\"twitter:card\" content=\"summary_large_image\" \/>\n<meta name=\"twitter:label1\" content=\"Dur\u00e9e de lecture estim\u00e9e\" \/>\n\t<meta name=\"twitter:data1\" content=\"3 minutes\" \/>\n<script type=\"application\/ld+json\" class=\"yoast-schema-graph\">{\"@context\":\"https:\/\/schema.org\",\"@graph\":[{\"@type\":[\"WebPage\",\"ItemPage\"],\"@id\":\"https:\/\/bluedoggenetics.com\/producto\/feminizadas\/semillas-marihuana-feminizadas-banana-sherbet\/\",\"url\":\"https:\/\/bluedoggenetics.com\/producto\/feminizadas\/semillas-marihuana-feminizadas-banana-sherbet\/\",\"name\":\"Banana Sherbet - Semillas de Marihuana Feminizadas con Sabor a Banana | Bluedog Genetics\",\"isPartOf\":{\"@id\":\"https:\/\/bluedoggenetics.com\/de\/#website\"},\"primaryImageOfPage\":{\"@id\":\"https:\/\/bluedoggenetics.com\/producto\/feminizadas\/semillas-marihuana-feminizadas-banana-sherbet\/#primaryimage\"},\"image\":{\"@id\":\"https:\/\/bluedoggenetics.com\/producto\/feminizadas\/semillas-marihuana-feminizadas-banana-sherbet\/#primaryimage\"},\"thumbnailUrl\":\"https:\/\/bluedoggenetics.com\/wp-content\/uploads\/2024\/10\/Banana-Sherbet-Bluedog-Genetics_11zon.webp\",\"datePublished\":\"2024-10-01T03:52:50+00:00\",\"dateModified\":\"2026-05-06T12:55:42+00:00\",\"description\":\"Banana Sherbet es una variedad feminizada de sabor tropical intenso y alto THC. Ideal para cultivos en interior o exterior, con efectos alegres y relajantes.\",\"breadcrumb\":{\"@id\":\"https:\/\/bluedoggenetics.com\/producto\/feminizadas\/semillas-marihuana-feminizadas-banana-sherbet\/#breadcrumb\"},\"inLanguage\":\"fr-FR\",\"potentialAction\":[{\"@type\":\"ReadAction\",\"target\":[\"https:\/\/bluedoggenetics.com\/producto\/feminizadas\/semillas-marihuana-feminizadas-banana-sherbet\/\"]}]},{\"@type\":\"ImageObject\",\"inLanguage\":\"fr-FR\",\"@id\":\"https:\/\/bluedoggenetics.com\/producto\/feminizadas\/semillas-marihuana-feminizadas-banana-sherbet\/#primaryimage\",\"url\":\"https:\/\/bluedoggenetics.com\/wp-content\/uploads\/2024\/10\/Banana-Sherbet-Bluedog-Genetics_11zon.webp\",\"contentUrl\":\"https:\/\/bluedoggenetics.com\/wp-content\/uploads\/2024\/10\/Banana-Sherbet-Bluedog-Genetics_11zon.webp\",\"width\":1536,\"height\":1024,\"caption\":\"Banana Sherbet de Bluedog Genetics lista para ser cosechada\"},{\"@type\":\"BreadcrumbList\",\"@id\":\"https:\/\/bluedoggenetics.com\/producto\/feminizadas\/semillas-marihuana-feminizadas-banana-sherbet\/#breadcrumb\",\"itemListElement\":[{\"@type\":\"ListItem\",\"position\":1,\"name\":\"Portada\",\"item\":\"https:\/\/bluedoggenetics.com\/\"},{\"@type\":\"ListItem\",\"position\":2,\"name\":\"Tienda\",\"item\":\"https:\/\/bluedoggenetics.com\/fr\/tienda\/\"},{\"@type\":\"ListItem\",\"position\":3,\"name\":\"Banana Sherbet\"}]},{\"@type\":\"WebSite\",\"@id\":\"https:\/\/bluedoggenetics.com\/de\/#website\",\"url\":\"https:\/\/bluedoggenetics.com\/de\/\",\"name\":\"BLUEDOG GENETICS Seeds\",\"description\":\"Compara y compra las mejores semillas de cannabis. Feminizadas, Autoflorecientes, CBD.\",\"publisher\":{\"@id\":\"https:\/\/bluedoggenetics.com\/de\/#organization\"},\"alternateName\":\"BLUEDOG GENETICS\",\"potentialAction\":[{\"@type\":\"SearchAction\",\"target\":{\"@type\":\"EntryPoint\",\"urlTemplate\":\"https:\/\/bluedoggenetics.com\/de\/?s={search_term_string}\"},\"query-input\":{\"@type\":\"PropertyValueSpecification\",\"valueRequired\":true,\"valueName\":\"search_term_string\"}}],\"inLanguage\":\"fr-FR\"},{\"@type\":\"Organization\",\"@id\":\"https:\/\/bluedoggenetics.com\/de\/#organization\",\"name\":\"BLUEDOG GENETICS\",\"url\":\"https:\/\/bluedoggenetics.com\/de\/\",\"logo\":{\"@type\":\"ImageObject\",\"inLanguage\":\"fr-FR\",\"@id\":\"https:\/\/bluedoggenetics.com\/de\/#\/schema\/logo\/image\/\",\"url\":\"https:\/\/bluedoggenetics.com\/wp-content\/uploads\/2024\/11\/appIcon.png\",\"contentUrl\":\"https:\/\/bluedoggenetics.com\/wp-content\/uploads\/2024\/11\/appIcon.png\",\"width\":1024,\"height\":1024,\"caption\":\"BLUEDOG GENETICS\"},\"image\":{\"@id\":\"https:\/\/bluedoggenetics.com\/de\/#\/schema\/logo\/image\/\"},\"sameAs\":[\"https:\/\/www.instagram.com\/bluedog.genetics\/\"]}]}<\/script>\n<!-- \/ Yoast SEO plugin. -->","yoast_head_json":{"title":"Banana Sherbet \u2013 Graines de Cannabis F\u00e9minis\u00e9es au Go\u00fbt de Banane | Bluedog Genetics","description":"Banana Sherbet est une vari\u00e9t\u00e9 f\u00e9minis\u00e9e au go\u00fbt tropical intense et au taux \u00e9lev\u00e9 de THC. Id\u00e9ale en culture int\u00e9rieure ou ext\u00e9rieure, avec des effets joyeux et relaxants.","robots":{"index":"index","follow":"follow","max-snippet":"max-snippet:-1","max-image-preview":"max-image-preview:large","max-video-preview":"max-video-preview:-1"},"canonical":"https:\/\/bluedoggenetics.com\/fr\/produit\/feminise\/graines-cannabis-feminisees-banana-sherbet\/","og_locale":"fr_FR","og_type":"article","og_title":"Banana Sherbet - Semillas de Marihuana Feminizadas con Sabor a Banana | Bluedog Genetics","og_description":"Banana Sherbet es una variedad feminizada de sabor tropical intenso y alto THC. Ideal para cultivos en interior o exterior, con efectos alegres y relajantes.","og_url":"https:\/\/bluedoggenetics.com\/fr\/produit\/feminise\/graines-cannabis-feminisees-banana-sherbet\/","og_site_name":"BLUEDOG GENETICS Seeds","article_modified_time":"2026-05-06T12:55:42+00:00","og_image":[{"width":1536,"height":1024,"url":"https:\/\/bluedoggenetics.com\/wp-content\/uploads\/2024\/10\/Banana-Sherbet-Bluedog-Genetics_11zon.webp","type":"image\/webp"}],"twitter_card":"summary_large_image","twitter_misc":{"Dur\u00e9e de lecture estim\u00e9e":"3 minutes"},"schema":{"@context":"https:\/\/schema.org","@graph":[{"@type":["WebPage","ItemPage"],"@id":"https:\/\/bluedoggenetics.com\/producto\/feminizadas\/semillas-marihuana-feminizadas-banana-sherbet\/","url":"https:\/\/bluedoggenetics.com\/producto\/feminizadas\/semillas-marihuana-feminizadas-banana-sherbet\/","name":"Banana Sherbet \u2013 Graines de Cannabis F\u00e9minis\u00e9es au Go\u00fbt de Banane | Bluedog Genetics","isPartOf":{"@id":"https:\/\/bluedoggenetics.com\/de\/#website"},"primaryImageOfPage":{"@id":"https:\/\/bluedoggenetics.com\/producto\/feminizadas\/semillas-marihuana-feminizadas-banana-sherbet\/#primaryimage"},"image":{"@id":"https:\/\/bluedoggenetics.com\/producto\/feminizadas\/semillas-marihuana-feminizadas-banana-sherbet\/#primaryimage"},"thumbnailUrl":"https:\/\/bluedoggenetics.com\/wp-content\/uploads\/2024\/10\/Banana-Sherbet-Bluedog-Genetics_11zon.webp","datePublished":"2024-10-01T03:52:50+00:00","dateModified":"2026-05-06T12:55:42+00:00","description":"Banana Sherbet est une vari\u00e9t\u00e9 f\u00e9minis\u00e9e au go\u00fbt tropical intense et au taux \u00e9lev\u00e9 de THC. Id\u00e9ale en culture int\u00e9rieure ou ext\u00e9rieure, avec des effets joyeux et relaxants.","breadcrumb":{"@id":"https:\/\/bluedoggenetics.com\/producto\/feminizadas\/semillas-marihuana-feminizadas-banana-sherbet\/#breadcrumb"},"inLanguage":"fr-FR","potentialAction":[{"@type":"ReadAction","target":["https:\/\/bluedoggenetics.com\/producto\/feminizadas\/semillas-marihuana-feminizadas-banana-sherbet\/"]}]},{"@type":"ImageObject","inLanguage":"fr-FR","@id":"https:\/\/bluedoggenetics.com\/producto\/feminizadas\/semillas-marihuana-feminizadas-banana-sherbet\/#primaryimage","url":"https:\/\/bluedoggenetics.com\/wp-content\/uploads\/2024\/10\/Banana-Sherbet-Bluedog-Genetics_11zon.webp","contentUrl":"https:\/\/bluedoggenetics.com\/wp-content\/uploads\/2024\/10\/Banana-Sherbet-Bluedog-Genetics_11zon.webp","width":1536,"height":1024,"caption":"Banana Sherbet de Bluedog Genetics lista para ser cosechada"},{"@type":"BreadcrumbList","@id":"https:\/\/bluedoggenetics.com\/producto\/feminizadas\/semillas-marihuana-feminizadas-banana-sherbet\/#breadcrumb","itemListElement":[{"@type":"ListItem","position":1,"name":"Portada","item":"https:\/\/bluedoggenetics.com\/"},{"@type":"ListItem","position":2,"name":"Tienda","item":"https:\/\/bluedoggenetics.com\/fr\/tienda\/"},{"@type":"ListItem","position":3,"name":"Banana Sherbet"}]},{"@type":"WebSite","@id":"https:\/\/bluedoggenetics.com\/de\/#website","url":"https:\/\/bluedoggenetics.com\/de\/","name":"BLUEDOG GENETICS Seeds","description":"Compare et ach\u00e8te les meilleures graines de cannabis. F\u00e9minis\u00e9es, autofloraison, CBD.","publisher":{"@id":"https:\/\/bluedoggenetics.com\/de\/#organization"},"alternateName":"BLUEDOG GENETICS","potentialAction":[{"@type":"SearchAction","target":{"@type":"EntryPoint","urlTemplate":"https:\/\/bluedoggenetics.com\/de\/?s={search_term_string}"},"query-input":{"@type":"PropertyValueSpecification","valueRequired":true,"valueName":"search_term_string"}}],"inLanguage":"fr-FR"},{"@type":"Organization","@id":"https:\/\/bluedoggenetics.com\/de\/#organization","name":"BLUEDOG GENETICS","url":"https:\/\/bluedoggenetics.com\/de\/","logo":{"@type":"ImageObject","inLanguage":"fr-FR","@id":"https:\/\/bluedoggenetics.com\/de\/#\/schema\/logo\/image\/","url":"https:\/\/bluedoggenetics.com\/wp-content\/uploads\/2024\/11\/appIcon.png","contentUrl":"https:\/\/bluedoggenetics.com\/wp-content\/uploads\/2024\/11\/appIcon.png","width":1024,"height":1024,"caption":"BLUEDOG GENETICS"},"image":{"@id":"https:\/\/bluedoggenetics.com\/de\/#\/schema\/logo\/image\/"},"sameAs":["https:\/\/www.instagram.com\/bluedog.genetics\/"]}]}},"sticker_url":"https:\/\/bluedoggenetics.com\/wp-content\/uploads\/2024\/10\/sticker_banana_sherbet.webp","variations_full":[{"id":1096,"price":9.5,"regular_price":9.5,"attributes":{"attribute_pa_cantidad":"pack-1"},"image_src":"https:\/\/bluedoggenetics.com\/wp-content\/uploads\/2024\/10\/Banana-Sherbet-Bluedog-Genetics_11zon-600x400.webp","is_in_stock":true},{"id":1097,"price":25.65,"regular_price":25.65,"attributes":{"attribute_pa_cantidad":"pack-3"},"image_src":"https:\/\/bluedoggenetics.com\/wp-content\/uploads\/2024\/10\/Banana-Sherbet-Bluedog-Genetics_11zon-600x400.webp","is_in_stock":true},{"id":1098,"price":37.9,"regular_price":37.9,"attributes":{"attribute_pa_cantidad":"pack-5"},"image_src":"https:\/\/bluedoggenetics.com\/wp-content\/uploads\/2024\/10\/Banana-Sherbet-Bluedog-Genetics_11zon-600x400.webp","is_in_stock":true},{"id":1099,"price":66.8,"regular_price":66.8,"attributes":{"attribute_pa_cantidad":"pack-10"},"image_src":"https:\/\/bluedoggenetics.com\/wp-content\/uploads\/2024\/10\/Banana-Sherbet-Bluedog-Genetics_11zon-600x400.webp","is_in_stock":true}],"jetpack_sharing_enabled":true,"_links":{"self":[{"href":"https:\/\/bluedoggenetics.com\/fr\/wp-json\/wp\/v2\/product\/623","targetHints":{"allow":["GET"]}}],"collection":[{"href":"https:\/\/bluedoggenetics.com\/fr\/wp-json\/wp\/v2\/product"}],"about":[{"href":"https:\/\/bluedoggenetics.com\/fr\/wp-json\/wp\/v2\/types\/product"}],"wp:featuredmedia":[{"embeddable":true,"href":"https:\/\/bluedoggenetics.com\/fr\/wp-json\/wp\/v2\/media\/2621"}],"wp:attachment":[{"href":"https:\/\/bluedoggenetics.com\/fr\/wp-json\/wp\/v2\/media?parent=623"}],"wp:term":[{"taxonomy":"product_brand","embeddable":true,"href":"https:\/\/bluedoggenetics.com\/fr\/wp-json\/wp\/v2\/product_brand?post=623"},{"taxonomy":"product_cat","embeddable":true,"href":"https:\/\/bluedoggenetics.com\/fr\/wp-json\/wp\/v2\/product_cat?post=623"},{"taxonomy":"product_tag","embeddable":true,"href":"https:\/\/bluedoggenetics.com\/fr\/wp-json\/wp\/v2\/product_tag?post=623"}],"curies":[{"name":"wp","href":"https:\/\/api.w.org\/{rel}","templated":true}]}}