{"id":6002,"date":"2026-03-30T23:32:15","date_gmt":"2026-03-30T21:32:15","guid":{"rendered":"https:\/\/bluedoggenetics.com\/?post_type=product&#038;p=6002"},"modified":"2026-05-06T14:58:33","modified_gmt":"2026-05-06T12:58:33","slug":"early-skunk","status":"publish","type":"product","link":"https:\/\/bluedoggenetics.com\/fr\/produit\/regular\/early-skunk\/","title":{"rendered":"Early Skunk"},"content":{"rendered":"<p>Un classique aux performances XXL et \u00e0 l'ar\u00f4me p\u00e9n\u00e9trant. La Early Skunk garantit facilement d\u2019\u00e9normes r\u00e9coltes, \u00e9tant l\u2019une des vari\u00e9t\u00e9s commerciales les plus fiables et prim\u00e9es au monde. Une fois sa phase de floraison commenc\u00e9e (qui dure environ 8 semaines), elle expose tout son potentiel avec des taux de THC de 18 \u00e0 24 %. C'est une vari\u00e9t\u00e9 hybride tr\u00e8s appr\u00e9ci\u00e9e dans la communaut\u00e9 cannabique.<\/p>\n<p><b>Aspect de la fleur.<\/b> Il d\u00e9veloppe d\u2019\u00e9normes queues de renard remplies de calices gonfl\u00e9s. Il poss\u00e8de un excellent rapport calice-feuille qui rend la manucure ult\u00e9rieure rapide et facile. Un v\u00e9ritable d\u00e9lice visuel qui remplit la pi\u00e8ce de ses ar\u00f4mes intenses d'agrumes, de bois, d'\u00e9pices, de pin, d'ananas.<\/p>\n<p><b>Morphologie v\u00e9g\u00e9tale.<\/b> C'est une vari\u00e9t\u00e9 tr\u00e8s vigoureuse et reconnaissante, avec une croissance extr\u00eamement uniforme. Ses branches lat\u00e9rales deviennent fortes, rivalisant souvent pour atteindre la hauteur de la pointe principale. Cette plante atteint environ 90 \u00e0 120 cm en int\u00e9rieur et donne des rendements luxuriants estim\u00e9s \u00e0 550 \u00e0 650 g\/m2 sous la lumi\u00e8re.<\/p>\n<h3><b>Conseils de Culture<\/b><\/h3>\n<ul>\n<li><strong>Quel est le climat id\u00e9al pour cultiver le Early Skunk ?<\/strong><br \/>Id\u00e9al pour les climats temp\u00e9r\u00e9s ou en int\u00e9rieur sous des spots. En ext\u00e9rieur, elle appr\u00e9cie les endroits ensoleill\u00e9s et bien a\u00e9r\u00e9s pour \u00e9viter que l'humidit\u00e9 n'affecte ses fleurs denses \u00e0 l'approche du point de coupe.<\/li>\n<li><strong>Quelles techniques de formation fonctionnent le mieux avec le Early Skunk ?<\/strong><br \/>Il appr\u00e9cie grandement la taille apicale et les techniques de palissage de type SCROG. Ces pratiques contribuent \u00e0 homog\u00e9n\u00e9iser la canop\u00e9e, permettant \u00e0 la lumi\u00e8re de p\u00e9n\u00e9trer jusqu'aux zones les plus basses et d'augmenter la production globale.<\/li>\n<li><strong>De quel type de fertilisation le Early Skunk a-t-il besoin ?<\/strong><br \/>Il s'adapte \u00e0 presque tous les plans nutritionnels. C'est la plante id\u00e9ale pour pardonner les erreurs d'alimentation des d\u00e9butants, en r\u00e9sistant bien aux fluctuations de pH ou d'Ec.<\/li>\n<li><strong>\u00c0 quoi devraient ressembler l\u2019irrigation et l\u2019humidit\u00e9 pour le Early Skunk ?<\/strong><br \/>\u00c9vitez d'engorger le substrat, arrosez de pr\u00e9f\u00e9rence lorsque le pot a perdu du poids. Cela encourage les racines \u00e0 se d\u00e9velopper \u00e0 la recherche d'humidit\u00e9, renfor\u00e7ant ainsi le syst\u00e8me racinaire de la plante.<\/li>\n<li><strong>Est-il n\u00e9cessaire de tailler la plante Early Skunk ?<\/strong><br \/>Oui, une petite taille des branches inf\u00e9rieures (lollipopping) avant la floraison optimisera la production, en concentrant toute l'\u00e9nergie de la plante dans les couronnes sup\u00e9rieures qui re\u00e7oivent plus de lumi\u00e8re.<\/li>\n<\/ul>","protected":false},"excerpt":{"rendered":"<p><strong>Early Skunk<\/strong> par Sensi Seeds. Un classique aux performances XXL et \u00e0 l'ar\u00f4me p\u00e9n\u00e9trant. La Early Skunk garantit facilement d\u2019\u00e9normes r\u00e9coltes, \u00e9tant l\u2019une des vari\u00e9t\u00e9s commerciales les plus fiables et prim\u00e9es au monde.<\/p>","protected":false},"featured_media":6021,"template":"","meta":{"_acf_changed":false,"inline_featured_image":false,"_wp_applaud_exclude":false},"product_brand":[198],"product_cat":[309],"product_tag":[],"class_list":{"0":"post-6002","1":"product","2":"type-product","3":"status-publish","4":"has-post-thumbnail","6":"product_brand-sensi-seeds","7":"product_cat-regular","8":"pa_altura-exterior-150-180","9":"pa_altura-interior-90-120","10":"pa_beneficios-terapeuticos-alivio-del-dolor","11":"pa_beneficios-terapeuticos-ayuda-para-dormir","12":"pa_cantidad-pack-10","13":"pa_clima-templado","14":"pa_cosecha-exterior-850-950","15":"pa_cosecha-interior-550-650","16":"pa_efectos-destacables-alegre","17":"pa_efectos-destacables-munchies","18":"pa_efectos-destacables-relajado","19":"pa_efectos-destacables-risueno","20":"pa_floracion-131","21":"pa_genetica-50-50","22":"pa_olor-fuerte","23":"pa_sabores-y-olores-citrico","24":"pa_sabores-y-olores-madera","25":"pa_sabores-y-olores-picante","26":"pa_sabores-y-olores-pina","27":"pa_sabores-y-olores-pino","28":"pa_thc-18-24","29":"pa_variedad-hibrida","31":"first","32":"instock","33":"taxable","34":"shipping-taxable","35":"purchasable","36":"product-type-variable"},"acf":{"sticker":false,"family_tree":""},"yoast_head":"<!-- This site is optimized with the Yoast SEO plugin v26.5 - https:\/\/yoast.com\/wordpress\/plugins\/seo\/ -->\n<title>Early Skunk - BLUEDOG GENETICS Seeds<\/title>\n<meta name=\"description\" content=\"Early Skunk de Sensi Seeds. THC 18-24%. Sabor C\u00edtrico. Rendimientos \u00e9picos y cultivo agradecido. \u00a1Compra tus semillas ahora!\" \/>\n<meta name=\"robots\" content=\"index, follow, max-snippet:-1, max-image-preview:large, max-video-preview:-1\" \/>\n<link rel=\"canonical\" href=\"https:\/\/bluedoggenetics.com\/fr\/produit\/regular\/early-skunk\/\" \/>\n<meta property=\"og:locale\" content=\"fr_FR\" \/>\n<meta property=\"og:type\" content=\"article\" \/>\n<meta property=\"og:title\" content=\"Early Skunk - BLUEDOG GENETICS Seeds\" \/>\n<meta property=\"og:description\" content=\"Early Skunk de Sensi Seeds. THC 18-24%. Sabor C\u00edtrico. Rendimientos \u00e9picos y cultivo agradecido. \u00a1Compra tus semillas ahora!\" \/>\n<meta property=\"og:url\" content=\"https:\/\/bluedoggenetics.com\/fr\/produit\/regular\/early-skunk\/\" \/>\n<meta property=\"og:site_name\" content=\"BLUEDOG GENETICS Seeds\" \/>\n<meta property=\"article:modified_time\" content=\"2026-05-06T12:58:33+00:00\" \/>\n<meta property=\"og:image\" content=\"https:\/\/bluedoggenetics.com\/wp-content\/uploads\/2026\/03\/140174_2180710_pimcore_1_2.jpg\" \/>\n\t<meta property=\"og:image:width\" content=\"1000\" \/>\n\t<meta property=\"og:image:height\" content=\"1214\" \/>\n\t<meta property=\"og:image:type\" content=\"image\/jpeg\" \/>\n<meta name=\"twitter:card\" content=\"summary_large_image\" \/>\n<meta name=\"twitter:label1\" content=\"Dur\u00e9e de lecture estim\u00e9e\" \/>\n\t<meta name=\"twitter:data1\" content=\"2 minutes\" \/>\n<script type=\"application\/ld+json\" class=\"yoast-schema-graph\">{\"@context\":\"https:\/\/schema.org\",\"@graph\":[{\"@type\":[\"WebPage\",\"ItemPage\"],\"@id\":\"https:\/\/bluedoggenetics.com\/producto\/regular\/early-skunk\/\",\"url\":\"https:\/\/bluedoggenetics.com\/producto\/regular\/early-skunk\/\",\"name\":\"Early Skunk - BLUEDOG GENETICS Seeds\",\"isPartOf\":{\"@id\":\"https:\/\/bluedoggenetics.com\/de\/#website\"},\"primaryImageOfPage\":{\"@id\":\"https:\/\/bluedoggenetics.com\/producto\/regular\/early-skunk\/#primaryimage\"},\"image\":{\"@id\":\"https:\/\/bluedoggenetics.com\/producto\/regular\/early-skunk\/#primaryimage\"},\"thumbnailUrl\":\"https:\/\/bluedoggenetics.com\/wp-content\/uploads\/2026\/03\/140174_2180710_pimcore_1_2.jpg\",\"datePublished\":\"2026-03-30T21:32:15+00:00\",\"dateModified\":\"2026-05-06T12:58:33+00:00\",\"description\":\"Early Skunk de Sensi Seeds. THC 18-24%. Sabor C\u00edtrico. Rendimientos \u00e9picos y cultivo agradecido. \u00a1Compra tus semillas ahora!\",\"breadcrumb\":{\"@id\":\"https:\/\/bluedoggenetics.com\/producto\/regular\/early-skunk\/#breadcrumb\"},\"inLanguage\":\"fr-FR\",\"potentialAction\":[{\"@type\":\"ReadAction\",\"target\":[\"https:\/\/bluedoggenetics.com\/producto\/regular\/early-skunk\/\"]}]},{\"@type\":\"ImageObject\",\"inLanguage\":\"fr-FR\",\"@id\":\"https:\/\/bluedoggenetics.com\/producto\/regular\/early-skunk\/#primaryimage\",\"url\":\"https:\/\/bluedoggenetics.com\/wp-content\/uploads\/2026\/03\/140174_2180710_pimcore_1_2.jpg\",\"contentUrl\":\"https:\/\/bluedoggenetics.com\/wp-content\/uploads\/2026\/03\/140174_2180710_pimcore_1_2.jpg\",\"width\":1000,\"height\":1214},{\"@type\":\"BreadcrumbList\",\"@id\":\"https:\/\/bluedoggenetics.com\/producto\/regular\/early-skunk\/#breadcrumb\",\"itemListElement\":[{\"@type\":\"ListItem\",\"position\":1,\"name\":\"Portada\",\"item\":\"https:\/\/bluedoggenetics.com\/\"},{\"@type\":\"ListItem\",\"position\":2,\"name\":\"Tienda\",\"item\":\"https:\/\/bluedoggenetics.com\/fr\/tienda\/\"},{\"@type\":\"ListItem\",\"position\":3,\"name\":\"Early Skunk\"}]},{\"@type\":\"WebSite\",\"@id\":\"https:\/\/bluedoggenetics.com\/de\/#website\",\"url\":\"https:\/\/bluedoggenetics.com\/de\/\",\"name\":\"BLUEDOG GENETICS Seeds\",\"description\":\"Compara y compra las mejores semillas de cannabis. Feminizadas, Autoflorecientes, CBD.\",\"publisher\":{\"@id\":\"https:\/\/bluedoggenetics.com\/de\/#organization\"},\"alternateName\":\"BLUEDOG GENETICS\",\"potentialAction\":[{\"@type\":\"SearchAction\",\"target\":{\"@type\":\"EntryPoint\",\"urlTemplate\":\"https:\/\/bluedoggenetics.com\/de\/?s={search_term_string}\"},\"query-input\":{\"@type\":\"PropertyValueSpecification\",\"valueRequired\":true,\"valueName\":\"search_term_string\"}}],\"inLanguage\":\"fr-FR\"},{\"@type\":\"Organization\",\"@id\":\"https:\/\/bluedoggenetics.com\/de\/#organization\",\"name\":\"BLUEDOG GENETICS\",\"url\":\"https:\/\/bluedoggenetics.com\/de\/\",\"logo\":{\"@type\":\"ImageObject\",\"inLanguage\":\"fr-FR\",\"@id\":\"https:\/\/bluedoggenetics.com\/de\/#\/schema\/logo\/image\/\",\"url\":\"https:\/\/bluedoggenetics.com\/wp-content\/uploads\/2024\/11\/appIcon.png\",\"contentUrl\":\"https:\/\/bluedoggenetics.com\/wp-content\/uploads\/2024\/11\/appIcon.png\",\"width\":1024,\"height\":1024,\"caption\":\"BLUEDOG GENETICS\"},\"image\":{\"@id\":\"https:\/\/bluedoggenetics.com\/de\/#\/schema\/logo\/image\/\"},\"sameAs\":[\"https:\/\/www.instagram.com\/bluedog.genetics\/\"]}]}<\/script>\n<!-- \/ Yoast SEO plugin. -->","yoast_head_json":{"title":"Early Skunk - Graines G\u00c9N\u00c9TIQUE BLUEDOG","description":"Early Skunk par Sensi Seeds. THC 18-24 %. Go\u00fbt d'agrumes. Des rendements \u00e9piques et une culture reconnaissante. Achetez vos graines maintenant !","robots":{"index":"index","follow":"follow","max-snippet":"max-snippet:-1","max-image-preview":"max-image-preview:large","max-video-preview":"max-video-preview:-1"},"canonical":"https:\/\/bluedoggenetics.com\/fr\/produit\/regular\/early-skunk\/","og_locale":"fr_FR","og_type":"article","og_title":"Early Skunk - BLUEDOG GENETICS Seeds","og_description":"Early Skunk de Sensi Seeds. THC 18-24%. Sabor C\u00edtrico. Rendimientos \u00e9picos y cultivo agradecido. \u00a1Compra tus semillas ahora!","og_url":"https:\/\/bluedoggenetics.com\/fr\/produit\/regular\/early-skunk\/","og_site_name":"BLUEDOG GENETICS Seeds","article_modified_time":"2026-05-06T12:58:33+00:00","og_image":[{"width":1000,"height":1214,"url":"https:\/\/bluedoggenetics.com\/wp-content\/uploads\/2026\/03\/140174_2180710_pimcore_1_2.jpg","type":"image\/jpeg"}],"twitter_card":"summary_large_image","twitter_misc":{"Dur\u00e9e de lecture estim\u00e9e":"2 minutes"},"schema":{"@context":"https:\/\/schema.org","@graph":[{"@type":["WebPage","ItemPage"],"@id":"https:\/\/bluedoggenetics.com\/producto\/regular\/early-skunk\/","url":"https:\/\/bluedoggenetics.com\/producto\/regular\/early-skunk\/","name":"Early Skunk - Graines G\u00c9N\u00c9TIQUE BLUEDOG","isPartOf":{"@id":"https:\/\/bluedoggenetics.com\/de\/#website"},"primaryImageOfPage":{"@id":"https:\/\/bluedoggenetics.com\/producto\/regular\/early-skunk\/#primaryimage"},"image":{"@id":"https:\/\/bluedoggenetics.com\/producto\/regular\/early-skunk\/#primaryimage"},"thumbnailUrl":"https:\/\/bluedoggenetics.com\/wp-content\/uploads\/2026\/03\/140174_2180710_pimcore_1_2.jpg","datePublished":"2026-03-30T21:32:15+00:00","dateModified":"2026-05-06T12:58:33+00:00","description":"Early Skunk par Sensi Seeds. THC 18-24 %. Go\u00fbt d'agrumes. Des rendements \u00e9piques et une culture reconnaissante. Achetez vos graines maintenant !","breadcrumb":{"@id":"https:\/\/bluedoggenetics.com\/producto\/regular\/early-skunk\/#breadcrumb"},"inLanguage":"fr-FR","potentialAction":[{"@type":"ReadAction","target":["https:\/\/bluedoggenetics.com\/producto\/regular\/early-skunk\/"]}]},{"@type":"ImageObject","inLanguage":"fr-FR","@id":"https:\/\/bluedoggenetics.com\/producto\/regular\/early-skunk\/#primaryimage","url":"https:\/\/bluedoggenetics.com\/wp-content\/uploads\/2026\/03\/140174_2180710_pimcore_1_2.jpg","contentUrl":"https:\/\/bluedoggenetics.com\/wp-content\/uploads\/2026\/03\/140174_2180710_pimcore_1_2.jpg","width":1000,"height":1214},{"@type":"BreadcrumbList","@id":"https:\/\/bluedoggenetics.com\/producto\/regular\/early-skunk\/#breadcrumb","itemListElement":[{"@type":"ListItem","position":1,"name":"Portada","item":"https:\/\/bluedoggenetics.com\/"},{"@type":"ListItem","position":2,"name":"Tienda","item":"https:\/\/bluedoggenetics.com\/fr\/tienda\/"},{"@type":"ListItem","position":3,"name":"Early Skunk"}]},{"@type":"WebSite","@id":"https:\/\/bluedoggenetics.com\/de\/#website","url":"https:\/\/bluedoggenetics.com\/de\/","name":"BLUEDOG GENETICS Seeds","description":"Compare et ach\u00e8te les meilleures graines de cannabis. F\u00e9minis\u00e9es, autofloraison, CBD.","publisher":{"@id":"https:\/\/bluedoggenetics.com\/de\/#organization"},"alternateName":"BLUEDOG GENETICS","potentialAction":[{"@type":"SearchAction","target":{"@type":"EntryPoint","urlTemplate":"https:\/\/bluedoggenetics.com\/de\/?s={search_term_string}"},"query-input":{"@type":"PropertyValueSpecification","valueRequired":true,"valueName":"search_term_string"}}],"inLanguage":"fr-FR"},{"@type":"Organization","@id":"https:\/\/bluedoggenetics.com\/de\/#organization","name":"BLUEDOG GENETICS","url":"https:\/\/bluedoggenetics.com\/de\/","logo":{"@type":"ImageObject","inLanguage":"fr-FR","@id":"https:\/\/bluedoggenetics.com\/de\/#\/schema\/logo\/image\/","url":"https:\/\/bluedoggenetics.com\/wp-content\/uploads\/2024\/11\/appIcon.png","contentUrl":"https:\/\/bluedoggenetics.com\/wp-content\/uploads\/2024\/11\/appIcon.png","width":1024,"height":1024,"caption":"BLUEDOG GENETICS"},"image":{"@id":"https:\/\/bluedoggenetics.com\/de\/#\/schema\/logo\/image\/"},"sameAs":["https:\/\/www.instagram.com\/bluedog.genetics\/"]}]}},"sticker_url":null,"variations_full":[{"id":6022,"price":36,"regular_price":36,"attributes":{"attribute_pa_cantidad":"pack-10"},"image_src":"https:\/\/bluedoggenetics.com\/wp-content\/uploads\/2026\/03\/140174_2180710_pimcore_1_2-600x728.jpg","is_in_stock":true}],"jetpack_sharing_enabled":true,"_links":{"self":[{"href":"https:\/\/bluedoggenetics.com\/fr\/wp-json\/wp\/v2\/product\/6002","targetHints":{"allow":["GET"]}}],"collection":[{"href":"https:\/\/bluedoggenetics.com\/fr\/wp-json\/wp\/v2\/product"}],"about":[{"href":"https:\/\/bluedoggenetics.com\/fr\/wp-json\/wp\/v2\/types\/product"}],"wp:featuredmedia":[{"embeddable":true,"href":"https:\/\/bluedoggenetics.com\/fr\/wp-json\/wp\/v2\/media\/6021"}],"wp:attachment":[{"href":"https:\/\/bluedoggenetics.com\/fr\/wp-json\/wp\/v2\/media?parent=6002"}],"wp:term":[{"taxonomy":"product_brand","embeddable":true,"href":"https:\/\/bluedoggenetics.com\/fr\/wp-json\/wp\/v2\/product_brand?post=6002"},{"taxonomy":"product_cat","embeddable":true,"href":"https:\/\/bluedoggenetics.com\/fr\/wp-json\/wp\/v2\/product_cat?post=6002"},{"taxonomy":"product_tag","embeddable":true,"href":"https:\/\/bluedoggenetics.com\/fr\/wp-json\/wp\/v2\/product_tag?post=6002"}],"curies":[{"name":"wp","href":"https:\/\/api.w.org\/{rel}","templated":true}]}}