{"id":6001,"date":"2026-03-30T23:32:15","date_gmt":"2026-03-30T21:32:15","guid":{"rendered":"https:\/\/bluedoggenetics.com\/?post_type=product&#038;p=6001"},"modified":"2026-05-06T14:58:33","modified_gmt":"2026-05-06T12:58:33","slug":"early-pearl","status":"publish","type":"product","link":"https:\/\/bluedoggenetics.com\/fr\/produit\/regular\/early-pearl\/","title":{"rendered":"Early Pearl"},"content":{"rendered":"<p>Early Pearl de Sensi Seeds est un hybride exceptionnel avec une grande stabilit\u00e9 et performance. Cette g\u00e9n\u00e9tique a \u00e9t\u00e9 soigneusement s\u00e9lectionn\u00e9e pour offrir aux cultivateurs une plante \u00e0 croissance vigoureuse, id\u00e9ale aussi bien pour les experts que pour ceux qui d\u00e9butent en autoculture. Une fois sa phase de floraison commenc\u00e9e (qui dure environ 8 \u00e0 9 semaines), elle expose tout son potentiel avec des niveaux de THC de 18 \u00e0 24 %. C'est une vari\u00e9t\u00e9 hybride tr\u00e8s appr\u00e9ci\u00e9e dans la communaut\u00e9 cannabique.<\/p>\n<p><b>Aspect de la fleur.<\/b> Les fleurs du Early Pearl pr\u00e9sentent des t\u00eates r\u00e9sineuses, compactes et lourdes, avec des nuances de couleurs saisissantes qui attirent le regard. Son \u00e9paisse couche de trichomes lui conf\u00e8re un aspect brillant qui refl\u00e8te la qualit\u00e9 de sa lign\u00e9e. Un v\u00e9ritable d\u00e9lice visuel qui remplit la pi\u00e8ce de ses ar\u00f4mes intenses de carburant, floraux, de papaye et tropicaux.<\/p>\n<p><b>Morphologie v\u00e9g\u00e9tale.<\/b> Sa structure est de taille moyenne \u00e0 haute, avec un d\u00e9veloppement v\u00e9g\u00e9tatif rapide et une grande ramification lat\u00e9rale. Elle d\u00e9veloppe une tige centrale forte et des branches secondaires capables de supporter le poids des inflorescences durant leurs derni\u00e8res semaines. Cette plante atteint environ 90 \u00e0 120 cm en int\u00e9rieur et donne des rendements luxuriants estim\u00e9s \u00e0 400 \u00e0 500 g\/m2 sous la lumi\u00e8re.<\/p>\n<h3><b>Conseils de Culture<\/b><\/h3>\n<ul>\n<li><strong>Quel est le climat id\u00e9al pour cultiver le Early Pearl ?<\/strong><br \/>Id\u00e9al pour les climats temp\u00e9r\u00e9s ou en int\u00e9rieur sous des spots. En ext\u00e9rieur, elle appr\u00e9cie les endroits ensoleill\u00e9s et bien a\u00e9r\u00e9s pour \u00e9viter que l'humidit\u00e9 n'affecte ses fleurs denses \u00e0 l'approche du point de coupe.<\/li>\n<li><strong>Quelles techniques de formation fonctionnent le mieux avec le Early Pearl ?<\/strong><br \/>Il appr\u00e9cie grandement la taille apicale et les techniques de palissage de type SCROG. Ces pratiques contribuent \u00e0 homog\u00e9n\u00e9iser la canop\u00e9e, permettant \u00e0 la lumi\u00e8re de p\u00e9n\u00e9trer jusqu'aux zones les plus basses et d'augmenter la production globale.<\/li>\n<li><strong>De quel type de fertilisation le Early Pearl a-t-il besoin ?<\/strong><br \/>Il n\u00e9cessite une alimentation \u00e9quilibr\u00e9e et constante tout au long de son cycle. Au cours de la phase finale d'engraissement, une l\u00e9g\u00e8re augmentation des niveaux de phosphore et de potassium (PK) fera gonfler sensiblement les calices.<\/li>\n<li><strong>Quelle devrait \u00eatre l\u2019irrigation et l\u2019humidit\u00e9 pour le Early Pearl ?<\/strong><br \/>\u00c9vitez d'engorger le substrat, arrosez de pr\u00e9f\u00e9rence lorsque le pot a perdu du poids. Cela encourage les racines \u00e0 se d\u00e9velopper \u00e0 la recherche d'humidit\u00e9, renfor\u00e7ant ainsi le syst\u00e8me racinaire de la plante.<\/li>\n<li><strong>Est-il n\u00e9cessaire de tailler la plante Early Pearl ?<\/strong><br \/>Oui, une petite taille des branches inf\u00e9rieures (lollipopping) avant la floraison optimisera la production, en concentrant toute l'\u00e9nergie de la plante dans les couronnes sup\u00e9rieures qui re\u00e7oivent plus de lumi\u00e8re.<\/li>\n<\/ul>","protected":false},"excerpt":{"rendered":"<p><strong>Early Pearl<\/strong> par Sensi Seeds. Early Pearl de Sensi Seeds est un hybride exceptionnel avec une grande stabilit\u00e9 et performance. Cette g\u00e9n\u00e9tique a \u00e9t\u00e9 soigneusement s\u00e9lectionn\u00e9e pour offrir aux cultivateurs une plante \u00e0 croissance vigoureuse, id\u00e9ale aussi bien pour les experts que pour ceux qui d\u00e9butent en autoculture.<\/p>","protected":false},"featured_media":6019,"template":"","meta":{"_acf_changed":false,"inline_featured_image":false,"_wp_applaud_exclude":false},"product_brand":[198],"product_cat":[309],"product_tag":[],"class_list":{"0":"post-6001","1":"product","2":"type-product","3":"status-publish","4":"has-post-thumbnail","6":"product_brand-sensi-seeds","7":"product_cat-regular","8":"pa_altura-exterior-150-180","9":"pa_altura-interior-90-120","10":"pa_beneficios-terapeuticos-aumento-del-apetito","11":"pa_beneficios-terapeuticos-reduccion-de-nauseas","12":"pa_cantidad-pack-10","13":"pa_clima-templado","14":"pa_cosecha-exterior-450-550","15":"pa_cosecha-interior-400-500","16":"pa_efectos-destacables-alegre","17":"pa_efectos-destacables-creativo","18":"pa_efectos-destacables-euforico","19":"pa_floracion-8-9","20":"pa_genetica-50-50","21":"pa_olor-moderado","22":"pa_sabores-y-olores-combustible","23":"pa_sabores-y-olores-floral","24":"pa_sabores-y-olores-papaya","25":"pa_sabores-y-olores-tropical","26":"pa_thc-18-24","27":"pa_variedad-hibrida","29":"first","30":"instock","31":"taxable","32":"shipping-taxable","33":"purchasable","34":"product-type-variable"},"acf":{"sticker":false,"family_tree":""},"yoast_head":"<!-- This site is optimized with the Yoast SEO plugin v26.5 - https:\/\/yoast.com\/wordpress\/plugins\/seo\/ -->\n<title>Early Pearl - BLUEDOG GENETICS Seeds<\/title>\n<meta name=\"description\" content=\"Early Pearl de Sensi Seeds. THC 18-24%. Sabor Combustible. Rendimientos \u00e9picos y cultivo agradecido. \u00a1Compra tus semillas ahora!\" \/>\n<meta name=\"robots\" content=\"index, follow, max-snippet:-1, max-image-preview:large, max-video-preview:-1\" \/>\n<link rel=\"canonical\" href=\"https:\/\/bluedoggenetics.com\/fr\/produit\/regular\/early-pearl\/\" \/>\n<meta property=\"og:locale\" content=\"fr_FR\" \/>\n<meta property=\"og:type\" content=\"article\" \/>\n<meta property=\"og:title\" content=\"Early Pearl - BLUEDOG GENETICS Seeds\" \/>\n<meta property=\"og:description\" content=\"Early Pearl de Sensi Seeds. THC 18-24%. Sabor Combustible. Rendimientos \u00e9picos y cultivo agradecido. \u00a1Compra tus semillas ahora!\" \/>\n<meta property=\"og:url\" content=\"https:\/\/bluedoggenetics.com\/fr\/produit\/regular\/early-pearl\/\" \/>\n<meta property=\"og:site_name\" content=\"BLUEDOG GENETICS Seeds\" \/>\n<meta property=\"article:modified_time\" content=\"2026-05-06T12:58:33+00:00\" \/>\n<meta property=\"og:image\" content=\"https:\/\/bluedoggenetics.com\/wp-content\/uploads\/2026\/03\/140183_2180728_pimcore_1.jpg\" \/>\n\t<meta property=\"og:image:width\" content=\"1000\" \/>\n\t<meta property=\"og:image:height\" content=\"1214\" \/>\n\t<meta property=\"og:image:type\" content=\"image\/jpeg\" \/>\n<meta name=\"twitter:card\" content=\"summary_large_image\" \/>\n<meta name=\"twitter:label1\" content=\"Dur\u00e9e de lecture estim\u00e9e\" \/>\n\t<meta name=\"twitter:data1\" content=\"2 minutes\" \/>\n<script type=\"application\/ld+json\" class=\"yoast-schema-graph\">{\"@context\":\"https:\/\/schema.org\",\"@graph\":[{\"@type\":[\"WebPage\",\"ItemPage\"],\"@id\":\"https:\/\/bluedoggenetics.com\/producto\/regular\/early-pearl\/\",\"url\":\"https:\/\/bluedoggenetics.com\/producto\/regular\/early-pearl\/\",\"name\":\"Early Pearl - BLUEDOG GENETICS Seeds\",\"isPartOf\":{\"@id\":\"https:\/\/bluedoggenetics.com\/de\/#website\"},\"primaryImageOfPage\":{\"@id\":\"https:\/\/bluedoggenetics.com\/producto\/regular\/early-pearl\/#primaryimage\"},\"image\":{\"@id\":\"https:\/\/bluedoggenetics.com\/producto\/regular\/early-pearl\/#primaryimage\"},\"thumbnailUrl\":\"https:\/\/bluedoggenetics.com\/wp-content\/uploads\/2026\/03\/140183_2180728_pimcore_1.jpg\",\"datePublished\":\"2026-03-30T21:32:15+00:00\",\"dateModified\":\"2026-05-06T12:58:33+00:00\",\"description\":\"Early Pearl de Sensi Seeds. THC 18-24%. Sabor Combustible. Rendimientos \u00e9picos y cultivo agradecido. \u00a1Compra tus semillas ahora!\",\"breadcrumb\":{\"@id\":\"https:\/\/bluedoggenetics.com\/producto\/regular\/early-pearl\/#breadcrumb\"},\"inLanguage\":\"fr-FR\",\"potentialAction\":[{\"@type\":\"ReadAction\",\"target\":[\"https:\/\/bluedoggenetics.com\/producto\/regular\/early-pearl\/\"]}]},{\"@type\":\"ImageObject\",\"inLanguage\":\"fr-FR\",\"@id\":\"https:\/\/bluedoggenetics.com\/producto\/regular\/early-pearl\/#primaryimage\",\"url\":\"https:\/\/bluedoggenetics.com\/wp-content\/uploads\/2026\/03\/140183_2180728_pimcore_1.jpg\",\"contentUrl\":\"https:\/\/bluedoggenetics.com\/wp-content\/uploads\/2026\/03\/140183_2180728_pimcore_1.jpg\",\"width\":1000,\"height\":1214},{\"@type\":\"BreadcrumbList\",\"@id\":\"https:\/\/bluedoggenetics.com\/producto\/regular\/early-pearl\/#breadcrumb\",\"itemListElement\":[{\"@type\":\"ListItem\",\"position\":1,\"name\":\"Portada\",\"item\":\"https:\/\/bluedoggenetics.com\/\"},{\"@type\":\"ListItem\",\"position\":2,\"name\":\"Tienda\",\"item\":\"https:\/\/bluedoggenetics.com\/fr\/tienda\/\"},{\"@type\":\"ListItem\",\"position\":3,\"name\":\"Early Pearl\"}]},{\"@type\":\"WebSite\",\"@id\":\"https:\/\/bluedoggenetics.com\/de\/#website\",\"url\":\"https:\/\/bluedoggenetics.com\/de\/\",\"name\":\"BLUEDOG GENETICS Seeds\",\"description\":\"Compara y compra las mejores semillas de cannabis. Feminizadas, Autoflorecientes, CBD.\",\"publisher\":{\"@id\":\"https:\/\/bluedoggenetics.com\/de\/#organization\"},\"alternateName\":\"BLUEDOG GENETICS\",\"potentialAction\":[{\"@type\":\"SearchAction\",\"target\":{\"@type\":\"EntryPoint\",\"urlTemplate\":\"https:\/\/bluedoggenetics.com\/de\/?s={search_term_string}\"},\"query-input\":{\"@type\":\"PropertyValueSpecification\",\"valueRequired\":true,\"valueName\":\"search_term_string\"}}],\"inLanguage\":\"fr-FR\"},{\"@type\":\"Organization\",\"@id\":\"https:\/\/bluedoggenetics.com\/de\/#organization\",\"name\":\"BLUEDOG GENETICS\",\"url\":\"https:\/\/bluedoggenetics.com\/de\/\",\"logo\":{\"@type\":\"ImageObject\",\"inLanguage\":\"fr-FR\",\"@id\":\"https:\/\/bluedoggenetics.com\/de\/#\/schema\/logo\/image\/\",\"url\":\"https:\/\/bluedoggenetics.com\/wp-content\/uploads\/2024\/11\/appIcon.png\",\"contentUrl\":\"https:\/\/bluedoggenetics.com\/wp-content\/uploads\/2024\/11\/appIcon.png\",\"width\":1024,\"height\":1024,\"caption\":\"BLUEDOG GENETICS\"},\"image\":{\"@id\":\"https:\/\/bluedoggenetics.com\/de\/#\/schema\/logo\/image\/\"},\"sameAs\":[\"https:\/\/www.instagram.com\/bluedog.genetics\/\"]}]}<\/script>\n<!-- \/ Yoast SEO plugin. -->","yoast_head_json":{"title":"Early Pearl - Graines G\u00c9N\u00c9TIQUE BLUEDOG","description":"Early Pearl par Sensi Seeds. THC 18-24 %. Saveur de carburant. Des rendements \u00e9piques et une culture reconnaissante. Achetez vos graines maintenant !","robots":{"index":"index","follow":"follow","max-snippet":"max-snippet:-1","max-image-preview":"max-image-preview:large","max-video-preview":"max-video-preview:-1"},"canonical":"https:\/\/bluedoggenetics.com\/fr\/produit\/regular\/early-pearl\/","og_locale":"fr_FR","og_type":"article","og_title":"Early Pearl - BLUEDOG GENETICS Seeds","og_description":"Early Pearl de Sensi Seeds. THC 18-24%. Sabor Combustible. Rendimientos \u00e9picos y cultivo agradecido. \u00a1Compra tus semillas ahora!","og_url":"https:\/\/bluedoggenetics.com\/fr\/produit\/regular\/early-pearl\/","og_site_name":"BLUEDOG GENETICS Seeds","article_modified_time":"2026-05-06T12:58:33+00:00","og_image":[{"width":1000,"height":1214,"url":"https:\/\/bluedoggenetics.com\/wp-content\/uploads\/2026\/03\/140183_2180728_pimcore_1.jpg","type":"image\/jpeg"}],"twitter_card":"summary_large_image","twitter_misc":{"Dur\u00e9e de lecture estim\u00e9e":"2 minutes"},"schema":{"@context":"https:\/\/schema.org","@graph":[{"@type":["WebPage","ItemPage"],"@id":"https:\/\/bluedoggenetics.com\/producto\/regular\/early-pearl\/","url":"https:\/\/bluedoggenetics.com\/producto\/regular\/early-pearl\/","name":"Early Pearl - Graines G\u00c9N\u00c9TIQUE BLUEDOG","isPartOf":{"@id":"https:\/\/bluedoggenetics.com\/de\/#website"},"primaryImageOfPage":{"@id":"https:\/\/bluedoggenetics.com\/producto\/regular\/early-pearl\/#primaryimage"},"image":{"@id":"https:\/\/bluedoggenetics.com\/producto\/regular\/early-pearl\/#primaryimage"},"thumbnailUrl":"https:\/\/bluedoggenetics.com\/wp-content\/uploads\/2026\/03\/140183_2180728_pimcore_1.jpg","datePublished":"2026-03-30T21:32:15+00:00","dateModified":"2026-05-06T12:58:33+00:00","description":"Early Pearl par Sensi Seeds. THC 18-24 %. Saveur de carburant. Des rendements \u00e9piques et une culture reconnaissante. Achetez vos graines maintenant !","breadcrumb":{"@id":"https:\/\/bluedoggenetics.com\/producto\/regular\/early-pearl\/#breadcrumb"},"inLanguage":"fr-FR","potentialAction":[{"@type":"ReadAction","target":["https:\/\/bluedoggenetics.com\/producto\/regular\/early-pearl\/"]}]},{"@type":"ImageObject","inLanguage":"fr-FR","@id":"https:\/\/bluedoggenetics.com\/producto\/regular\/early-pearl\/#primaryimage","url":"https:\/\/bluedoggenetics.com\/wp-content\/uploads\/2026\/03\/140183_2180728_pimcore_1.jpg","contentUrl":"https:\/\/bluedoggenetics.com\/wp-content\/uploads\/2026\/03\/140183_2180728_pimcore_1.jpg","width":1000,"height":1214},{"@type":"BreadcrumbList","@id":"https:\/\/bluedoggenetics.com\/producto\/regular\/early-pearl\/#breadcrumb","itemListElement":[{"@type":"ListItem","position":1,"name":"Portada","item":"https:\/\/bluedoggenetics.com\/"},{"@type":"ListItem","position":2,"name":"Tienda","item":"https:\/\/bluedoggenetics.com\/fr\/tienda\/"},{"@type":"ListItem","position":3,"name":"Early Pearl"}]},{"@type":"WebSite","@id":"https:\/\/bluedoggenetics.com\/de\/#website","url":"https:\/\/bluedoggenetics.com\/de\/","name":"BLUEDOG GENETICS Seeds","description":"Compare et ach\u00e8te les meilleures graines de cannabis. F\u00e9minis\u00e9es, autofloraison, CBD.","publisher":{"@id":"https:\/\/bluedoggenetics.com\/de\/#organization"},"alternateName":"BLUEDOG GENETICS","potentialAction":[{"@type":"SearchAction","target":{"@type":"EntryPoint","urlTemplate":"https:\/\/bluedoggenetics.com\/de\/?s={search_term_string}"},"query-input":{"@type":"PropertyValueSpecification","valueRequired":true,"valueName":"search_term_string"}}],"inLanguage":"fr-FR"},{"@type":"Organization","@id":"https:\/\/bluedoggenetics.com\/de\/#organization","name":"BLUEDOG GENETICS","url":"https:\/\/bluedoggenetics.com\/de\/","logo":{"@type":"ImageObject","inLanguage":"fr-FR","@id":"https:\/\/bluedoggenetics.com\/de\/#\/schema\/logo\/image\/","url":"https:\/\/bluedoggenetics.com\/wp-content\/uploads\/2024\/11\/appIcon.png","contentUrl":"https:\/\/bluedoggenetics.com\/wp-content\/uploads\/2024\/11\/appIcon.png","width":1024,"height":1024,"caption":"BLUEDOG GENETICS"},"image":{"@id":"https:\/\/bluedoggenetics.com\/de\/#\/schema\/logo\/image\/"},"sameAs":["https:\/\/www.instagram.com\/bluedog.genetics\/"]}]}},"sticker_url":null,"variations_full":[{"id":6020,"price":61,"regular_price":61,"attributes":{"attribute_pa_cantidad":"pack-10"},"image_src":"https:\/\/bluedoggenetics.com\/wp-content\/uploads\/2026\/03\/140183_2180728_pimcore_1-600x728.jpg","is_in_stock":true}],"jetpack_sharing_enabled":true,"_links":{"self":[{"href":"https:\/\/bluedoggenetics.com\/fr\/wp-json\/wp\/v2\/product\/6001","targetHints":{"allow":["GET"]}}],"collection":[{"href":"https:\/\/bluedoggenetics.com\/fr\/wp-json\/wp\/v2\/product"}],"about":[{"href":"https:\/\/bluedoggenetics.com\/fr\/wp-json\/wp\/v2\/types\/product"}],"wp:featuredmedia":[{"embeddable":true,"href":"https:\/\/bluedoggenetics.com\/fr\/wp-json\/wp\/v2\/media\/6019"}],"wp:attachment":[{"href":"https:\/\/bluedoggenetics.com\/fr\/wp-json\/wp\/v2\/media?parent=6001"}],"wp:term":[{"taxonomy":"product_brand","embeddable":true,"href":"https:\/\/bluedoggenetics.com\/fr\/wp-json\/wp\/v2\/product_brand?post=6001"},{"taxonomy":"product_cat","embeddable":true,"href":"https:\/\/bluedoggenetics.com\/fr\/wp-json\/wp\/v2\/product_cat?post=6001"},{"taxonomy":"product_tag","embeddable":true,"href":"https:\/\/bluedoggenetics.com\/fr\/wp-json\/wp\/v2\/product_tag?post=6001"}],"curies":[{"name":"wp","href":"https:\/\/api.w.org\/{rel}","templated":true}]}}