{"id":5905,"date":"2026-03-30T23:04:16","date_gmt":"2026-03-30T21:04:16","guid":{"rendered":"https:\/\/bluedoggenetics.com\/?post_type=product&#038;p=5905"},"modified":"2026-05-06T14:58:17","modified_gmt":"2026-05-06T12:58:17","slug":"mexican-sativa","status":"publish","type":"product","link":"https:\/\/bluedoggenetics.com\/fr\/produit\/regular\/mexican-sativa\/","title":{"rendered":"Mexican Sativa"},"content":{"rendered":"<p>Une l\u00e9gende Sativa. Mexican Sativa de Sensi Seeds se distingue par son puissant effet c\u00e9r\u00e9bral et son profil incomparable d'agrumes et de terp\u00e8nes \u00e9pic\u00e9s. Une fois sa phase de floraison commenc\u00e9e (qui dure environ 10 \u00e0 12 semaines), elle expose tout son potentiel avec des taux de THC de 20 \u00e0 26 %. C'est une vari\u00e9t\u00e9 autoflorissante tr\u00e8s appr\u00e9ci\u00e9e dans la communaut\u00e9.<\/p>\n<p><b>Aspect de la fleur.<\/b> T\u00eates longues et duveteuses caract\u00e9ristiques des Sativas de haut niveau, baign\u00e9es de r\u00e9sine brillante et avec des pistils orange. Un d\u00e9lice visuel aux ar\u00f4mes fruit\u00e9s intenses.<\/p>\n<p><b>Morphologie v\u00e9g\u00e9tale.<\/b> C'est une plante qui pousse avec une grande vigueur, pr\u00e9sentant de longs entre-n\u0153uds et des feuilles aux folioles pointues et \u00e9troites. Cette plante atteint environ 100-130 cm en int\u00e9rieur et donne des rendements estim\u00e9s de 450-550 g\/m2.<\/p>\n<h3><b>Conseils de Culture<\/b><\/h3>\n<ul>\n<li><strong>Quel est le climat id\u00e9al pour cultiver le Mexican Sativa ?<\/strong><br \/>Il aime les climats chauds et les longues p\u00e9riodes d\u2019ensoleillement ext\u00e9rieur.<\/li>\n<li><strong>Quelles techniques de formation fonctionnent le mieux avec le Mexican Sativa ?<\/strong><br \/>Le port de LST ou de collants est crucial pour garder votre \u00e9tirement vertical \u00e0 distance \u00e0 l'int\u00e9rieur.<\/li>\n<li><strong>De quel type de fertilisation le Mexican Sativa a-t-il besoin ?<\/strong><br \/>Il tol\u00e8re moins bien les niveaux \u00e9lev\u00e9s d\u2019azote ; garder les doses douces pendant la croissance.<\/li>\n<li><strong>\u00c0 quoi devraient ressembler l\u2019irrigation et l\u2019humidit\u00e9 pour le Mexican Sativa ?<\/strong><br \/>\u00c9vitez d'engorger le substrat, arrosez lorsque le pot a perdu du poids.<\/li>\n<li><strong>Est-il n\u00e9cessaire de tailler la plante Mexican Sativa ?<\/strong><br \/>Une taille un peu plus basse (lollipopping) optimisera la production de canop\u00e9e.<\/li>\n<\/ul>","protected":false},"excerpt":{"rendered":"<p><strong>Mexican Sativa<\/strong> par Sensi Seeds. Une l\u00e9gende Sativa. Mexican Sativa de Sensi Seeds se distingue par son puissant effet c\u00e9r\u00e9bral et son profil incomparable d'agrumes et de terp\u00e8nes \u00e9pic\u00e9s.<\/p>","protected":false},"featured_media":5920,"template":"","meta":{"_acf_changed":false,"inline_featured_image":false,"_wp_applaud_exclude":false},"product_brand":[],"product_cat":[309],"product_tag":[],"class_list":{"0":"post-5905","1":"product","2":"type-product","3":"status-publish","4":"has-post-thumbnail","6":"product_cat-regular","7":"pa_altura-exterior-200-250","8":"pa_altura-interior-100-130","9":"pa_beneficios-terapeuticos-alivio-de-ansiedad","10":"pa_cantidad-pack-10","11":"pa_clima-calido","12":"pa_cosecha-exterior-650-750","13":"pa_cosecha-interior-450-550","14":"pa_efectos-destacables-activo","15":"pa_floracion-10-12","16":"pa_genetica-20-80","17":"pa_olor-intenso","18":"pa_sabores-y-olores-afrutado","19":"pa_thc-20-26","20":"pa_variedad-autofloreciente","22":"first","23":"instock","24":"taxable","25":"shipping-taxable","26":"purchasable","27":"product-type-variable"},"acf":{"sticker":false,"family_tree":""},"yoast_head":"<!-- This site is optimized with the Yoast SEO plugin v26.5 - https:\/\/yoast.com\/wordpress\/plugins\/seo\/ -->\n<title>Mexican Sativa - BLUEDOG GENETICS Seeds<\/title>\n<meta name=\"robots\" content=\"index, follow, max-snippet:-1, max-image-preview:large, max-video-preview:-1\" \/>\n<link rel=\"canonical\" href=\"https:\/\/bluedoggenetics.com\/fr\/produit\/regular\/mexican-sativa\/\" \/>\n<meta property=\"og:locale\" content=\"fr_FR\" \/>\n<meta property=\"og:type\" content=\"article\" \/>\n<meta property=\"og:title\" content=\"Mexican Sativa - BLUEDOG GENETICS Seeds\" \/>\n<meta property=\"og:description\" content=\"Mexican Sativa de Sensi Seeds. Una leyenda Sativa. Mexican Sativa de Sensi Seeds destaca por su poderoso efecto cerebral y su inconfundible perfil de terpenos c\u00edtrico y especiado.\" \/>\n<meta property=\"og:url\" content=\"https:\/\/bluedoggenetics.com\/fr\/produit\/regular\/mexican-sativa\/\" \/>\n<meta property=\"og:site_name\" content=\"BLUEDOG GENETICS Seeds\" \/>\n<meta property=\"article:modified_time\" content=\"2026-05-06T12:58:17+00:00\" \/>\n<meta property=\"og:image\" content=\"https:\/\/bluedoggenetics.com\/wp-content\/uploads\/2026\/03\/140167_2180694_pimcore_1_1.jpg\" \/>\n\t<meta property=\"og:image:width\" content=\"1000\" \/>\n\t<meta property=\"og:image:height\" content=\"1214\" \/>\n\t<meta property=\"og:image:type\" content=\"image\/jpeg\" \/>\n<meta name=\"twitter:card\" content=\"summary_large_image\" \/>\n<meta name=\"twitter:label1\" content=\"Dur\u00e9e de lecture estim\u00e9e\" \/>\n\t<meta name=\"twitter:data1\" content=\"1 minute\" \/>\n<script type=\"application\/ld+json\" class=\"yoast-schema-graph\">{\"@context\":\"https:\/\/schema.org\",\"@graph\":[{\"@type\":[\"WebPage\",\"ItemPage\"],\"@id\":\"https:\/\/bluedoggenetics.com\/producto\/regular\/mexican-sativa\/\",\"url\":\"https:\/\/bluedoggenetics.com\/producto\/regular\/mexican-sativa\/\",\"name\":\"Mexican Sativa - BLUEDOG GENETICS Seeds\",\"isPartOf\":{\"@id\":\"https:\/\/bluedoggenetics.com\/de\/#website\"},\"primaryImageOfPage\":{\"@id\":\"https:\/\/bluedoggenetics.com\/producto\/regular\/mexican-sativa\/#primaryimage\"},\"image\":{\"@id\":\"https:\/\/bluedoggenetics.com\/producto\/regular\/mexican-sativa\/#primaryimage\"},\"thumbnailUrl\":\"https:\/\/bluedoggenetics.com\/wp-content\/uploads\/2026\/03\/140167_2180694_pimcore_1_1.jpg\",\"datePublished\":\"2026-03-30T21:04:16+00:00\",\"dateModified\":\"2026-05-06T12:58:17+00:00\",\"breadcrumb\":{\"@id\":\"https:\/\/bluedoggenetics.com\/producto\/regular\/mexican-sativa\/#breadcrumb\"},\"inLanguage\":\"fr-FR\",\"potentialAction\":[{\"@type\":\"ReadAction\",\"target\":[\"https:\/\/bluedoggenetics.com\/producto\/regular\/mexican-sativa\/\"]}]},{\"@type\":\"ImageObject\",\"inLanguage\":\"fr-FR\",\"@id\":\"https:\/\/bluedoggenetics.com\/producto\/regular\/mexican-sativa\/#primaryimage\",\"url\":\"https:\/\/bluedoggenetics.com\/wp-content\/uploads\/2026\/03\/140167_2180694_pimcore_1_1.jpg\",\"contentUrl\":\"https:\/\/bluedoggenetics.com\/wp-content\/uploads\/2026\/03\/140167_2180694_pimcore_1_1.jpg\",\"width\":1000,\"height\":1214},{\"@type\":\"BreadcrumbList\",\"@id\":\"https:\/\/bluedoggenetics.com\/producto\/regular\/mexican-sativa\/#breadcrumb\",\"itemListElement\":[{\"@type\":\"ListItem\",\"position\":1,\"name\":\"Portada\",\"item\":\"https:\/\/bluedoggenetics.com\/\"},{\"@type\":\"ListItem\",\"position\":2,\"name\":\"Tienda\",\"item\":\"https:\/\/bluedoggenetics.com\/fr\/tienda\/\"},{\"@type\":\"ListItem\",\"position\":3,\"name\":\"Mexican Sativa\"}]},{\"@type\":\"WebSite\",\"@id\":\"https:\/\/bluedoggenetics.com\/de\/#website\",\"url\":\"https:\/\/bluedoggenetics.com\/de\/\",\"name\":\"BLUEDOG GENETICS Seeds\",\"description\":\"Compara y compra las mejores semillas de cannabis. Feminizadas, Autoflorecientes, CBD.\",\"publisher\":{\"@id\":\"https:\/\/bluedoggenetics.com\/de\/#organization\"},\"alternateName\":\"BLUEDOG GENETICS\",\"potentialAction\":[{\"@type\":\"SearchAction\",\"target\":{\"@type\":\"EntryPoint\",\"urlTemplate\":\"https:\/\/bluedoggenetics.com\/de\/?s={search_term_string}\"},\"query-input\":{\"@type\":\"PropertyValueSpecification\",\"valueRequired\":true,\"valueName\":\"search_term_string\"}}],\"inLanguage\":\"fr-FR\"},{\"@type\":\"Organization\",\"@id\":\"https:\/\/bluedoggenetics.com\/de\/#organization\",\"name\":\"BLUEDOG GENETICS\",\"url\":\"https:\/\/bluedoggenetics.com\/de\/\",\"logo\":{\"@type\":\"ImageObject\",\"inLanguage\":\"fr-FR\",\"@id\":\"https:\/\/bluedoggenetics.com\/de\/#\/schema\/logo\/image\/\",\"url\":\"https:\/\/bluedoggenetics.com\/wp-content\/uploads\/2024\/11\/appIcon.png\",\"contentUrl\":\"https:\/\/bluedoggenetics.com\/wp-content\/uploads\/2024\/11\/appIcon.png\",\"width\":1024,\"height\":1024,\"caption\":\"BLUEDOG GENETICS\"},\"image\":{\"@id\":\"https:\/\/bluedoggenetics.com\/de\/#\/schema\/logo\/image\/\"},\"sameAs\":[\"https:\/\/www.instagram.com\/bluedog.genetics\/\"]}]}<\/script>\n<!-- \/ Yoast SEO plugin. -->","yoast_head_json":{"title":"Mexican Sativa - Graines G\u00c9N\u00c9TIQUE BLUEDOG","robots":{"index":"index","follow":"follow","max-snippet":"max-snippet:-1","max-image-preview":"max-image-preview:large","max-video-preview":"max-video-preview:-1"},"canonical":"https:\/\/bluedoggenetics.com\/fr\/produit\/regular\/mexican-sativa\/","og_locale":"fr_FR","og_type":"article","og_title":"Mexican Sativa - BLUEDOG GENETICS Seeds","og_description":"Mexican Sativa de Sensi Seeds. Una leyenda Sativa. Mexican Sativa de Sensi Seeds destaca por su poderoso efecto cerebral y su inconfundible perfil de terpenos c\u00edtrico y especiado.","og_url":"https:\/\/bluedoggenetics.com\/fr\/produit\/regular\/mexican-sativa\/","og_site_name":"BLUEDOG GENETICS Seeds","article_modified_time":"2026-05-06T12:58:17+00:00","og_image":[{"width":1000,"height":1214,"url":"https:\/\/bluedoggenetics.com\/wp-content\/uploads\/2026\/03\/140167_2180694_pimcore_1_1.jpg","type":"image\/jpeg"}],"twitter_card":"summary_large_image","twitter_misc":{"Dur\u00e9e de lecture estim\u00e9e":"1 minute"},"schema":{"@context":"https:\/\/schema.org","@graph":[{"@type":["WebPage","ItemPage"],"@id":"https:\/\/bluedoggenetics.com\/producto\/regular\/mexican-sativa\/","url":"https:\/\/bluedoggenetics.com\/producto\/regular\/mexican-sativa\/","name":"Mexican Sativa - Graines G\u00c9N\u00c9TIQUE BLUEDOG","isPartOf":{"@id":"https:\/\/bluedoggenetics.com\/de\/#website"},"primaryImageOfPage":{"@id":"https:\/\/bluedoggenetics.com\/producto\/regular\/mexican-sativa\/#primaryimage"},"image":{"@id":"https:\/\/bluedoggenetics.com\/producto\/regular\/mexican-sativa\/#primaryimage"},"thumbnailUrl":"https:\/\/bluedoggenetics.com\/wp-content\/uploads\/2026\/03\/140167_2180694_pimcore_1_1.jpg","datePublished":"2026-03-30T21:04:16+00:00","dateModified":"2026-05-06T12:58:17+00:00","breadcrumb":{"@id":"https:\/\/bluedoggenetics.com\/producto\/regular\/mexican-sativa\/#breadcrumb"},"inLanguage":"fr-FR","potentialAction":[{"@type":"ReadAction","target":["https:\/\/bluedoggenetics.com\/producto\/regular\/mexican-sativa\/"]}]},{"@type":"ImageObject","inLanguage":"fr-FR","@id":"https:\/\/bluedoggenetics.com\/producto\/regular\/mexican-sativa\/#primaryimage","url":"https:\/\/bluedoggenetics.com\/wp-content\/uploads\/2026\/03\/140167_2180694_pimcore_1_1.jpg","contentUrl":"https:\/\/bluedoggenetics.com\/wp-content\/uploads\/2026\/03\/140167_2180694_pimcore_1_1.jpg","width":1000,"height":1214},{"@type":"BreadcrumbList","@id":"https:\/\/bluedoggenetics.com\/producto\/regular\/mexican-sativa\/#breadcrumb","itemListElement":[{"@type":"ListItem","position":1,"name":"Portada","item":"https:\/\/bluedoggenetics.com\/"},{"@type":"ListItem","position":2,"name":"Tienda","item":"https:\/\/bluedoggenetics.com\/fr\/tienda\/"},{"@type":"ListItem","position":3,"name":"Mexican Sativa"}]},{"@type":"WebSite","@id":"https:\/\/bluedoggenetics.com\/de\/#website","url":"https:\/\/bluedoggenetics.com\/de\/","name":"BLUEDOG GENETICS Seeds","description":"Compare et ach\u00e8te les meilleures graines de cannabis. F\u00e9minis\u00e9es, autofloraison, CBD.","publisher":{"@id":"https:\/\/bluedoggenetics.com\/de\/#organization"},"alternateName":"BLUEDOG GENETICS","potentialAction":[{"@type":"SearchAction","target":{"@type":"EntryPoint","urlTemplate":"https:\/\/bluedoggenetics.com\/de\/?s={search_term_string}"},"query-input":{"@type":"PropertyValueSpecification","valueRequired":true,"valueName":"search_term_string"}}],"inLanguage":"fr-FR"},{"@type":"Organization","@id":"https:\/\/bluedoggenetics.com\/de\/#organization","name":"BLUEDOG GENETICS","url":"https:\/\/bluedoggenetics.com\/de\/","logo":{"@type":"ImageObject","inLanguage":"fr-FR","@id":"https:\/\/bluedoggenetics.com\/de\/#\/schema\/logo\/image\/","url":"https:\/\/bluedoggenetics.com\/wp-content\/uploads\/2024\/11\/appIcon.png","contentUrl":"https:\/\/bluedoggenetics.com\/wp-content\/uploads\/2024\/11\/appIcon.png","width":1024,"height":1024,"caption":"BLUEDOG GENETICS"},"image":{"@id":"https:\/\/bluedoggenetics.com\/de\/#\/schema\/logo\/image\/"},"sameAs":["https:\/\/www.instagram.com\/bluedog.genetics\/"]}]}},"sticker_url":null,"variations_full":[{"id":5921,"price":24,"regular_price":24,"attributes":{"attribute_pa_cantidad":"pack-10"},"image_src":"https:\/\/bluedoggenetics.com\/wp-content\/uploads\/2026\/03\/140167_2180694_pimcore_1_1-600x728.jpg","is_in_stock":true}],"jetpack_sharing_enabled":true,"_links":{"self":[{"href":"https:\/\/bluedoggenetics.com\/fr\/wp-json\/wp\/v2\/product\/5905","targetHints":{"allow":["GET"]}}],"collection":[{"href":"https:\/\/bluedoggenetics.com\/fr\/wp-json\/wp\/v2\/product"}],"about":[{"href":"https:\/\/bluedoggenetics.com\/fr\/wp-json\/wp\/v2\/types\/product"}],"wp:featuredmedia":[{"embeddable":true,"href":"https:\/\/bluedoggenetics.com\/fr\/wp-json\/wp\/v2\/media\/5920"}],"wp:attachment":[{"href":"https:\/\/bluedoggenetics.com\/fr\/wp-json\/wp\/v2\/media?parent=5905"}],"wp:term":[{"taxonomy":"product_brand","embeddable":true,"href":"https:\/\/bluedoggenetics.com\/fr\/wp-json\/wp\/v2\/product_brand?post=5905"},{"taxonomy":"product_cat","embeddable":true,"href":"https:\/\/bluedoggenetics.com\/fr\/wp-json\/wp\/v2\/product_cat?post=5905"},{"taxonomy":"product_tag","embeddable":true,"href":"https:\/\/bluedoggenetics.com\/fr\/wp-json\/wp\/v2\/product_tag?post=5905"}],"curies":[{"name":"wp","href":"https:\/\/api.w.org\/{rel}","templated":true}]}}