{"id":5904,"date":"2026-03-30T23:04:16","date_gmt":"2026-03-30T21:04:16","guid":{"rendered":"https:\/\/bluedoggenetics.com\/?post_type=product&#038;p=5904"},"modified":"2026-05-06T14:58:17","modified_gmt":"2026-05-06T12:58:17","slug":"master-kaze-master-kush-skunk-x-afghan-haze","status":"publish","type":"product","link":"https:\/\/bluedoggenetics.com\/fr\/produit\/regular\/master-kaze-master-kush-skunk-x-afghan-haze\/","title":{"rendered":"Master Kaze (Master Kush Skunk x Afghan Haze)"},"content":{"rendered":"<p>Une l\u00e9gende Sativa. Master Kaze (Master Kush Skunk x Afghan Haze) de Mr Nice Seedbank se distingue par son puissant effet c\u00e9r\u00e9bral et son profil incomparable d'agrumes et de terp\u00e8nes \u00e9pic\u00e9s. Une fois sa phase de floraison commenc\u00e9e (qui dure environ 10 \u00e0 12 semaines), elle expose tout son potentiel avec des taux de THC de 20 \u00e0 26 %. C'est une vari\u00e9t\u00e9 autoflorissante tr\u00e8s appr\u00e9ci\u00e9e dans la communaut\u00e9.<\/p>\n<p><b>Aspect de la fleur.<\/b> T\u00eates longues et duveteuses caract\u00e9ristiques des Sativas de haut niveau, baign\u00e9es de r\u00e9sine brillante et avec des pistils orange. Un d\u00e9lice visuel aux ar\u00f4mes fruit\u00e9s intenses.<\/p>\n<p><b>Morphologie v\u00e9g\u00e9tale.<\/b> C'est une plante qui pousse avec une grande vigueur, pr\u00e9sentant de longs entre-n\u0153uds et des feuilles aux folioles pointues et \u00e9troites. Cette plante atteint environ 100-130 cm en int\u00e9rieur et donne des rendements estim\u00e9s de 450-550 g\/m2.<\/p>\n<h3><b>Conseils de Culture<\/b><\/h3>\n<ul>\n<li><strong>Quel est le climat id\u00e9al pour cultiver du Master Kaze (Master Kush Skunk x Afghan Haze) ?<\/strong><br \/>Il aime les climats chauds et les longues p\u00e9riodes d\u2019ensoleillement ext\u00e9rieur.<\/li>\n<li><strong>Quelles techniques de formation fonctionnent le mieux avec Master Kaze (Master Kush Skunk x Afghan Haze) ?<\/strong><br \/>Le port de LST ou de collants est crucial pour garder votre \u00e9tirement vertical \u00e0 distance \u00e0 l'int\u00e9rieur.<\/li>\n<li><strong>De quel type de fertilisation le Master Kaze (Master Kush Skunk x Afghan Haze) a-t-il besoin ?<\/strong><br \/>Il tol\u00e8re moins bien les niveaux \u00e9lev\u00e9s d\u2019azote ; garder les doses douces pendant la croissance.<\/li>\n<li><strong>Comment devraient se d\u00e9rouler l\u2019irrigation et l\u2019humidit\u00e9 pour le Master Kaze (Master Kush Skunk x Afghan Haze) ?<\/strong><br \/>\u00c9vitez d'engorger le substrat, arrosez lorsque le pot a perdu du poids.<\/li>\n<li><strong>Est-il n\u00e9cessaire de tailler la plante Master Kaze (Master Kush Skunk x Afghan Haze) ?<\/strong><br \/>Une taille un peu plus basse (lollipopping) optimisera la production de canop\u00e9e.<\/li>\n<\/ul>","protected":false},"excerpt":{"rendered":"<p><strong>Master Kaze (Master Kush Skunk x Afghan Haze)<\/strong> par M. Nice Seedbank. Une l\u00e9gende Sativa. Master Kaze (Master Kush Skunk x Afghan Haze) de Mr Nice Seedbank se distingue par son puissant effet c\u00e9r\u00e9bral et son profil incomparable d'agrumes et de terp\u00e8nes \u00e9pic\u00e9s.<\/p>","protected":false},"featured_media":5511,"template":"","meta":{"_acf_changed":false,"inline_featured_image":false,"_wp_applaud_exclude":false},"product_brand":[291],"product_cat":[309],"product_tag":[],"class_list":{"0":"post-5904","1":"product","2":"type-product","3":"status-publish","4":"has-post-thumbnail","6":"product_brand-mr-nice-seedbank","7":"product_cat-regular","8":"pa_altura-exterior-200-250","9":"pa_altura-interior-100-130","10":"pa_beneficios-terapeuticos-alivio-de-ansiedad","11":"pa_cantidad-pack-18","12":"pa_clima-calido","13":"pa_cosecha-exterior-650-750","14":"pa_cosecha-interior-450-550","15":"pa_efectos-destacables-activo","16":"pa_floracion-10-12","17":"pa_genetica-20-80","18":"pa_olor-intenso","19":"pa_sabores-y-olores-afrutado","20":"pa_thc-20-26","21":"pa_variedad-autofloreciente","23":"first","24":"instock","25":"taxable","26":"shipping-taxable","27":"purchasable","28":"product-type-variable"},"acf":{"sticker":false,"family_tree":""},"yoast_head":"<!-- This site is optimized with the Yoast SEO plugin v26.5 - https:\/\/yoast.com\/wordpress\/plugins\/seo\/ -->\n<title>Master Kaze (Master Kush Skunk x Afghan Haze) - BLUEDOG GENETICS Seeds<\/title>\n<meta name=\"description\" content=\"Master Kaze (Master Kush Skunk x Afghan Haze) de Mr Nice Seedbank. Semillas con 20-26% de THC. Aromas a Afrutado. Cultivo f\u00e1cil y grandes rendimientos. \u00a1Co\" \/>\n<meta name=\"robots\" content=\"index, follow, max-snippet:-1, max-image-preview:large, max-video-preview:-1\" \/>\n<link rel=\"canonical\" href=\"https:\/\/bluedoggenetics.com\/fr\/produit\/regular\/master-kaze-master-kush-skunk-x-afghan-haze\/\" \/>\n<meta property=\"og:locale\" content=\"fr_FR\" \/>\n<meta property=\"og:type\" content=\"article\" \/>\n<meta property=\"og:title\" content=\"Master Kaze (Master Kush Skunk x Afghan Haze) - BLUEDOG GENETICS Seeds\" \/>\n<meta property=\"og:description\" content=\"Master Kaze (Master Kush Skunk x Afghan Haze) de Mr Nice Seedbank. Semillas con 20-26% de THC. Aromas a Afrutado. Cultivo f\u00e1cil y grandes rendimientos. \u00a1Co\" \/>\n<meta property=\"og:url\" content=\"https:\/\/bluedoggenetics.com\/fr\/produit\/regular\/master-kaze-master-kush-skunk-x-afghan-haze\/\" \/>\n<meta property=\"og:site_name\" content=\"BLUEDOG GENETICS Seeds\" \/>\n<meta property=\"article:modified_time\" content=\"2026-05-06T12:58:17+00:00\" \/>\n<meta property=\"og:image\" content=\"https:\/\/bluedoggenetics.com\/wp-content\/uploads\/2026\/03\/140012_2195939_pimcore_1_2.jpg\" \/>\n\t<meta property=\"og:image:width\" content=\"525\" \/>\n\t<meta property=\"og:image:height\" content=\"700\" \/>\n\t<meta property=\"og:image:type\" content=\"image\/jpeg\" \/>\n<meta name=\"twitter:card\" content=\"summary_large_image\" \/>\n<meta name=\"twitter:label1\" content=\"Dur\u00e9e de lecture estim\u00e9e\" \/>\n\t<meta name=\"twitter:data1\" content=\"1 minute\" \/>\n<script type=\"application\/ld+json\" class=\"yoast-schema-graph\">{\"@context\":\"https:\/\/schema.org\",\"@graph\":[{\"@type\":[\"WebPage\",\"ItemPage\"],\"@id\":\"https:\/\/bluedoggenetics.com\/producto\/regular\/master-kaze-master-kush-skunk-x-afghan-haze\/\",\"url\":\"https:\/\/bluedoggenetics.com\/producto\/regular\/master-kaze-master-kush-skunk-x-afghan-haze\/\",\"name\":\"Master Kaze (Master Kush Skunk x Afghan Haze) - BLUEDOG GENETICS Seeds\",\"isPartOf\":{\"@id\":\"https:\/\/bluedoggenetics.com\/de\/#website\"},\"primaryImageOfPage\":{\"@id\":\"https:\/\/bluedoggenetics.com\/producto\/regular\/master-kaze-master-kush-skunk-x-afghan-haze\/#primaryimage\"},\"image\":{\"@id\":\"https:\/\/bluedoggenetics.com\/producto\/regular\/master-kaze-master-kush-skunk-x-afghan-haze\/#primaryimage\"},\"thumbnailUrl\":\"https:\/\/bluedoggenetics.com\/wp-content\/uploads\/2026\/03\/140012_2195939_pimcore_1_2.jpg\",\"datePublished\":\"2026-03-30T21:04:16+00:00\",\"dateModified\":\"2026-05-06T12:58:17+00:00\",\"description\":\"Master Kaze (Master Kush Skunk x Afghan Haze) de Mr Nice Seedbank. Semillas con 20-26% de THC. Aromas a Afrutado. Cultivo f\u00e1cil y grandes rendimientos. \u00a1Co\",\"breadcrumb\":{\"@id\":\"https:\/\/bluedoggenetics.com\/producto\/regular\/master-kaze-master-kush-skunk-x-afghan-haze\/#breadcrumb\"},\"inLanguage\":\"fr-FR\",\"potentialAction\":[{\"@type\":\"ReadAction\",\"target\":[\"https:\/\/bluedoggenetics.com\/producto\/regular\/master-kaze-master-kush-skunk-x-afghan-haze\/\"]}]},{\"@type\":\"ImageObject\",\"inLanguage\":\"fr-FR\",\"@id\":\"https:\/\/bluedoggenetics.com\/producto\/regular\/master-kaze-master-kush-skunk-x-afghan-haze\/#primaryimage\",\"url\":\"https:\/\/bluedoggenetics.com\/wp-content\/uploads\/2026\/03\/140012_2195939_pimcore_1_2.jpg\",\"contentUrl\":\"https:\/\/bluedoggenetics.com\/wp-content\/uploads\/2026\/03\/140012_2195939_pimcore_1_2.jpg\",\"width\":525,\"height\":700},{\"@type\":\"BreadcrumbList\",\"@id\":\"https:\/\/bluedoggenetics.com\/producto\/regular\/master-kaze-master-kush-skunk-x-afghan-haze\/#breadcrumb\",\"itemListElement\":[{\"@type\":\"ListItem\",\"position\":1,\"name\":\"Portada\",\"item\":\"https:\/\/bluedoggenetics.com\/\"},{\"@type\":\"ListItem\",\"position\":2,\"name\":\"Tienda\",\"item\":\"https:\/\/bluedoggenetics.com\/fr\/tienda\/\"},{\"@type\":\"ListItem\",\"position\":3,\"name\":\"Master Kaze (Master Kush Skunk x Afghan Haze)\"}]},{\"@type\":\"WebSite\",\"@id\":\"https:\/\/bluedoggenetics.com\/de\/#website\",\"url\":\"https:\/\/bluedoggenetics.com\/de\/\",\"name\":\"BLUEDOG GENETICS Seeds\",\"description\":\"Compara y compra las mejores semillas de cannabis. Feminizadas, Autoflorecientes, CBD.\",\"publisher\":{\"@id\":\"https:\/\/bluedoggenetics.com\/de\/#organization\"},\"alternateName\":\"BLUEDOG GENETICS\",\"potentialAction\":[{\"@type\":\"SearchAction\",\"target\":{\"@type\":\"EntryPoint\",\"urlTemplate\":\"https:\/\/bluedoggenetics.com\/de\/?s={search_term_string}\"},\"query-input\":{\"@type\":\"PropertyValueSpecification\",\"valueRequired\":true,\"valueName\":\"search_term_string\"}}],\"inLanguage\":\"fr-FR\"},{\"@type\":\"Organization\",\"@id\":\"https:\/\/bluedoggenetics.com\/de\/#organization\",\"name\":\"BLUEDOG GENETICS\",\"url\":\"https:\/\/bluedoggenetics.com\/de\/\",\"logo\":{\"@type\":\"ImageObject\",\"inLanguage\":\"fr-FR\",\"@id\":\"https:\/\/bluedoggenetics.com\/de\/#\/schema\/logo\/image\/\",\"url\":\"https:\/\/bluedoggenetics.com\/wp-content\/uploads\/2024\/11\/appIcon.png\",\"contentUrl\":\"https:\/\/bluedoggenetics.com\/wp-content\/uploads\/2024\/11\/appIcon.png\",\"width\":1024,\"height\":1024,\"caption\":\"BLUEDOG GENETICS\"},\"image\":{\"@id\":\"https:\/\/bluedoggenetics.com\/de\/#\/schema\/logo\/image\/\"},\"sameAs\":[\"https:\/\/www.instagram.com\/bluedog.genetics\/\"]}]}<\/script>\n<!-- \/ Yoast SEO plugin. -->","yoast_head_json":{"title":"Master Kaze (Master Kush Skunk x Afghan Haze) - Graines G\u00c9N\u00c9TIQUE BLUEDOG","description":"Master Kaze (Master Kush Skunk x Afghan Haze) par Mr Nice Seedbank. Graines avec 20-26% de THC. Ar\u00f4mes fruit\u00e9s. Culture facile et bons rendements. Co","robots":{"index":"index","follow":"follow","max-snippet":"max-snippet:-1","max-image-preview":"max-image-preview:large","max-video-preview":"max-video-preview:-1"},"canonical":"https:\/\/bluedoggenetics.com\/fr\/produit\/regular\/master-kaze-master-kush-skunk-x-afghan-haze\/","og_locale":"fr_FR","og_type":"article","og_title":"Master Kaze (Master Kush Skunk x Afghan Haze) - BLUEDOG GENETICS Seeds","og_description":"Master Kaze (Master Kush Skunk x Afghan Haze) de Mr Nice Seedbank. Semillas con 20-26% de THC. Aromas a Afrutado. Cultivo f\u00e1cil y grandes rendimientos. \u00a1Co","og_url":"https:\/\/bluedoggenetics.com\/fr\/produit\/regular\/master-kaze-master-kush-skunk-x-afghan-haze\/","og_site_name":"BLUEDOG GENETICS Seeds","article_modified_time":"2026-05-06T12:58:17+00:00","og_image":[{"width":525,"height":700,"url":"https:\/\/bluedoggenetics.com\/wp-content\/uploads\/2026\/03\/140012_2195939_pimcore_1_2.jpg","type":"image\/jpeg"}],"twitter_card":"summary_large_image","twitter_misc":{"Dur\u00e9e de lecture estim\u00e9e":"1 minute"},"schema":{"@context":"https:\/\/schema.org","@graph":[{"@type":["WebPage","ItemPage"],"@id":"https:\/\/bluedoggenetics.com\/producto\/regular\/master-kaze-master-kush-skunk-x-afghan-haze\/","url":"https:\/\/bluedoggenetics.com\/producto\/regular\/master-kaze-master-kush-skunk-x-afghan-haze\/","name":"Master Kaze (Master Kush Skunk x Afghan Haze) - Graines G\u00c9N\u00c9TIQUE BLUEDOG","isPartOf":{"@id":"https:\/\/bluedoggenetics.com\/de\/#website"},"primaryImageOfPage":{"@id":"https:\/\/bluedoggenetics.com\/producto\/regular\/master-kaze-master-kush-skunk-x-afghan-haze\/#primaryimage"},"image":{"@id":"https:\/\/bluedoggenetics.com\/producto\/regular\/master-kaze-master-kush-skunk-x-afghan-haze\/#primaryimage"},"thumbnailUrl":"https:\/\/bluedoggenetics.com\/wp-content\/uploads\/2026\/03\/140012_2195939_pimcore_1_2.jpg","datePublished":"2026-03-30T21:04:16+00:00","dateModified":"2026-05-06T12:58:17+00:00","description":"Master Kaze (Master Kush Skunk x Afghan Haze) par Mr Nice Seedbank. Graines avec 20-26% de THC. Ar\u00f4mes fruit\u00e9s. Culture facile et bons rendements. Co","breadcrumb":{"@id":"https:\/\/bluedoggenetics.com\/producto\/regular\/master-kaze-master-kush-skunk-x-afghan-haze\/#breadcrumb"},"inLanguage":"fr-FR","potentialAction":[{"@type":"ReadAction","target":["https:\/\/bluedoggenetics.com\/producto\/regular\/master-kaze-master-kush-skunk-x-afghan-haze\/"]}]},{"@type":"ImageObject","inLanguage":"fr-FR","@id":"https:\/\/bluedoggenetics.com\/producto\/regular\/master-kaze-master-kush-skunk-x-afghan-haze\/#primaryimage","url":"https:\/\/bluedoggenetics.com\/wp-content\/uploads\/2026\/03\/140012_2195939_pimcore_1_2.jpg","contentUrl":"https:\/\/bluedoggenetics.com\/wp-content\/uploads\/2026\/03\/140012_2195939_pimcore_1_2.jpg","width":525,"height":700},{"@type":"BreadcrumbList","@id":"https:\/\/bluedoggenetics.com\/producto\/regular\/master-kaze-master-kush-skunk-x-afghan-haze\/#breadcrumb","itemListElement":[{"@type":"ListItem","position":1,"name":"Portada","item":"https:\/\/bluedoggenetics.com\/"},{"@type":"ListItem","position":2,"name":"Tienda","item":"https:\/\/bluedoggenetics.com\/fr\/tienda\/"},{"@type":"ListItem","position":3,"name":"Master Kaze (Master Kush Skunk x Afghan Haze)"}]},{"@type":"WebSite","@id":"https:\/\/bluedoggenetics.com\/de\/#website","url":"https:\/\/bluedoggenetics.com\/de\/","name":"BLUEDOG GENETICS Seeds","description":"Compare et ach\u00e8te les meilleures graines de cannabis. F\u00e9minis\u00e9es, autofloraison, CBD.","publisher":{"@id":"https:\/\/bluedoggenetics.com\/de\/#organization"},"alternateName":"BLUEDOG GENETICS","potentialAction":[{"@type":"SearchAction","target":{"@type":"EntryPoint","urlTemplate":"https:\/\/bluedoggenetics.com\/de\/?s={search_term_string}"},"query-input":{"@type":"PropertyValueSpecification","valueRequired":true,"valueName":"search_term_string"}}],"inLanguage":"fr-FR"},{"@type":"Organization","@id":"https:\/\/bluedoggenetics.com\/de\/#organization","name":"BLUEDOG GENETICS","url":"https:\/\/bluedoggenetics.com\/de\/","logo":{"@type":"ImageObject","inLanguage":"fr-FR","@id":"https:\/\/bluedoggenetics.com\/de\/#\/schema\/logo\/image\/","url":"https:\/\/bluedoggenetics.com\/wp-content\/uploads\/2024\/11\/appIcon.png","contentUrl":"https:\/\/bluedoggenetics.com\/wp-content\/uploads\/2024\/11\/appIcon.png","width":1024,"height":1024,"caption":"BLUEDOG GENETICS"},"image":{"@id":"https:\/\/bluedoggenetics.com\/de\/#\/schema\/logo\/image\/"},"sameAs":["https:\/\/www.instagram.com\/bluedog.genetics\/"]}]}},"sticker_url":null,"variations_full":[{"id":5919,"price":68,"regular_price":68,"attributes":{"attribute_pa_cantidad":"pack-18"},"image_src":"https:\/\/bluedoggenetics.com\/wp-content\/uploads\/2026\/03\/140012_2195939_pimcore_1_2.jpg","is_in_stock":true}],"jetpack_sharing_enabled":true,"_links":{"self":[{"href":"https:\/\/bluedoggenetics.com\/fr\/wp-json\/wp\/v2\/product\/5904","targetHints":{"allow":["GET"]}}],"collection":[{"href":"https:\/\/bluedoggenetics.com\/fr\/wp-json\/wp\/v2\/product"}],"about":[{"href":"https:\/\/bluedoggenetics.com\/fr\/wp-json\/wp\/v2\/types\/product"}],"wp:featuredmedia":[{"embeddable":true,"href":"https:\/\/bluedoggenetics.com\/fr\/wp-json\/wp\/v2\/media\/5511"}],"wp:attachment":[{"href":"https:\/\/bluedoggenetics.com\/fr\/wp-json\/wp\/v2\/media?parent=5904"}],"wp:term":[{"taxonomy":"product_brand","embeddable":true,"href":"https:\/\/bluedoggenetics.com\/fr\/wp-json\/wp\/v2\/product_brand?post=5904"},{"taxonomy":"product_cat","embeddable":true,"href":"https:\/\/bluedoggenetics.com\/fr\/wp-json\/wp\/v2\/product_cat?post=5904"},{"taxonomy":"product_tag","embeddable":true,"href":"https:\/\/bluedoggenetics.com\/fr\/wp-json\/wp\/v2\/product_tag?post=5904"}],"curies":[{"name":"wp","href":"https:\/\/api.w.org\/{rel}","templated":true}]}}