{"id":5859,"date":"2026-03-30T22:51:06","date_gmt":"2026-03-30T20:51:06","guid":{"rendered":"https:\/\/bluedoggenetics.com\/?post_type=product&#038;p=5859"},"modified":"2026-05-06T14:58:05","modified_gmt":"2026-05-06T12:58:05","slug":"nevilles-haze-regular-seeds","status":"publish","type":"product","link":"https:\/\/bluedoggenetics.com\/fr\/produit\/regular\/nevilles-haze-regular-seeds\/","title":{"rendered":"Graines r\u00e9guli\u00e8res de Neville's Haze"},"content":{"rendered":"<p>Un joyau pour les amateurs de sativa. Neville's Haze Regular Seeds de Mr Nice Seedbank offre une vigueur spectaculaire et un effet c\u00e9r\u00e9bral \u00e9lectrique de longue dur\u00e9e. Une fois sa phase de floraison commenc\u00e9e (qui dure environ 10 \u00e0 12 semaines), elle expose tout son potentiel avec des taux de THC de 20 \u00e0 26 %. C'est une vari\u00e9t\u00e9 hybride tr\u00e8s appr\u00e9ci\u00e9e dans la communaut\u00e9.<\/p>\n<p><b>Aspect de la fleur.<\/b> Ses t\u00eates sont allong\u00e9es et spongieuses, typiques de son h\u00e9ritage sativa, couvertes de trichomes argent\u00e9s et de pistils orange. Un d\u00e9lice visuel aux ar\u00f4mes intenses d'agrumes, d'\u00e9pices et de pin.<\/p>\n<p><b>Morphologie v\u00e9g\u00e9tale.<\/b> Neville's Haze Regular Seeds s'\u00e9tend consid\u00e9rablement, montrant des feuilles avec de fines folioles et une large distance internodale qui facilite la ventilation. Cette plante atteint environ 100-130 cm en int\u00e9rieur et donne des rendements estim\u00e9s de 450-550 g\/m2.<\/p>\n<h3><b>Conseils de Culture<\/b><\/h3>\n<ul>\n<li><strong>Quel est le climat id\u00e9al pour cultiver les graines r\u00e9guli\u00e8res de Neville's Haze ?<\/strong><br \/>Il pr\u00e9f\u00e8re les climats chauds et ensoleill\u00e9s, semblables \u00e0 ceux de la M\u00e9diterran\u00e9e, o\u00f9 il peut d\u00e9velopper tout son potentiel.<\/li>\n<li><strong>Quelles techniques de dressage fonctionnent le mieux avec les graines r\u00e9guli\u00e8res de Neville's Haze ?<\/strong><br \/>Il est presque obligatoire d'utiliser le SCROG ou le LST en int\u00e9rieur pour contr\u00f4ler votre hauteur explosive.<\/li>\n<li><strong>De quel type de fertilisation Neville's Haze Regular Seeds a-t-elle besoin ?<\/strong><br \/>Soyez prudent avec l'azote. Il est sensible \u00e0 la surfertilisation, mieux vaut garder une EC mod\u00e9r\u00e9e.<\/li>\n<li><strong>\u00c0 quoi devraient ressembler l\u2019arrosage et l\u2019humidit\u00e9 pour les graines r\u00e9guli\u00e8res de Neville\u2019s Haze ?<\/strong><br \/>Risques mod\u00e9r\u00e9s. \u00c9vitez l\u2019engorgement pour \u00e9viter les probl\u00e8mes de racines.<\/li>\n<li><strong>Est-il n\u00e9cessaire de tailler la plante Neville's Haze Regular Seeds ?<\/strong><br \/>Oui, l\u2019\u00e9limination strat\u00e9gique des feuilles sur les branches inf\u00e9rieures am\u00e9liorera l\u2019a\u00e9ration.<\/li>\n<\/ul>","protected":false},"excerpt":{"rendered":"<p><strong>Graines r\u00e9guli\u00e8res de Neville's Haze<\/strong> par M. Nice Seedbank. Un joyau pour les amateurs de sativa. Neville's Haze Regular Seeds de Mr Nice Seedbank offre une vigueur spectaculaire et un effet c\u00e9r\u00e9bral \u00e9lectrique de longue dur\u00e9e.<\/p>","protected":false},"featured_media":5123,"template":"","meta":{"_acf_changed":false,"inline_featured_image":false,"_wp_applaud_exclude":false},"product_brand":[291],"product_cat":[309],"product_tag":[],"class_list":{"0":"post-5859","1":"product","2":"type-product","3":"status-publish","4":"has-post-thumbnail","6":"product_brand-mr-nice-seedbank","7":"product_cat-regular","8":"pa_altura-exterior-200-250","9":"pa_altura-interior-100-130","10":"pa_beneficios-terapeuticos-alivio-de-ansiedad","11":"pa_beneficios-terapeuticos-aumento-del-apetito","12":"pa_cantidad-pack-18","13":"pa_clima-calido","14":"pa_cosecha-exterior-650-750","15":"pa_cosecha-interior-450-550","16":"pa_efectos-destacables-activo","17":"pa_efectos-destacables-creativo","18":"pa_efectos-destacables-euforico","19":"pa_floracion-10-12","20":"pa_genetica-20-80","21":"pa_olor-fuerte","22":"pa_sabores-y-olores-citrico","23":"pa_sabores-y-olores-especias","24":"pa_sabores-y-olores-pino","25":"pa_thc-20-26","26":"pa_variedad-hibrida","28":"first","29":"instock","30":"taxable","31":"shipping-taxable","32":"purchasable","33":"product-type-variable"},"acf":{"sticker":false,"family_tree":""},"yoast_head":"<!-- This site is optimized with the Yoast SEO plugin v26.5 - https:\/\/yoast.com\/wordpress\/plugins\/seo\/ -->\n<title>Neville&#039;s Haze Regular Seeds - BLUEDOG GENETICS Seeds<\/title>\n<meta name=\"description\" content=\"Neville&#039;s Haze Regular Seeds de Mr Nice Seedbank. Semillas con 20-26% de THC. Aromas a C\u00edtrico, Especias, Pino. Cosecha r\u00e1pida y grandes rendimientos. \u00a1Com\" \/>\n<meta name=\"robots\" content=\"index, follow, max-snippet:-1, max-image-preview:large, max-video-preview:-1\" \/>\n<link rel=\"canonical\" href=\"https:\/\/bluedoggenetics.com\/fr\/produit\/regular\/nevilles-haze-regular-seeds\/\" \/>\n<meta property=\"og:locale\" content=\"fr_FR\" \/>\n<meta property=\"og:type\" content=\"article\" \/>\n<meta property=\"og:title\" content=\"Neville&#039;s Haze Regular Seeds - BLUEDOG GENETICS Seeds\" \/>\n<meta property=\"og:description\" content=\"Neville&#039;s Haze Regular Seeds de Mr Nice Seedbank. Semillas con 20-26% de THC. Aromas a C\u00edtrico, Especias, Pino. Cosecha r\u00e1pida y grandes rendimientos. \u00a1Com\" \/>\n<meta property=\"og:url\" content=\"https:\/\/bluedoggenetics.com\/fr\/produit\/regular\/nevilles-haze-regular-seeds\/\" \/>\n<meta property=\"og:site_name\" content=\"BLUEDOG GENETICS Seeds\" \/>\n<meta property=\"article:modified_time\" content=\"2026-05-06T12:58:05+00:00\" \/>\n<meta property=\"og:image\" content=\"https:\/\/bluedoggenetics.com\/wp-content\/uploads\/2026\/03\/139989_2195880_pimcore_1_1.jpg\" \/>\n\t<meta property=\"og:image:width\" content=\"375\" \/>\n\t<meta property=\"og:image:height\" content=\"505\" \/>\n\t<meta property=\"og:image:type\" content=\"image\/jpeg\" \/>\n<meta name=\"twitter:card\" content=\"summary_large_image\" \/>\n<meta name=\"twitter:label1\" content=\"Dur\u00e9e de lecture estim\u00e9e\" \/>\n\t<meta name=\"twitter:data1\" content=\"1 minute\" \/>\n<script type=\"application\/ld+json\" class=\"yoast-schema-graph\">{\"@context\":\"https:\/\/schema.org\",\"@graph\":[{\"@type\":[\"WebPage\",\"ItemPage\"],\"@id\":\"https:\/\/bluedoggenetics.com\/producto\/regular\/nevilles-haze-regular-seeds\/\",\"url\":\"https:\/\/bluedoggenetics.com\/producto\/regular\/nevilles-haze-regular-seeds\/\",\"name\":\"Neville's Haze Regular Seeds - BLUEDOG GENETICS Seeds\",\"isPartOf\":{\"@id\":\"https:\/\/bluedoggenetics.com\/de\/#website\"},\"primaryImageOfPage\":{\"@id\":\"https:\/\/bluedoggenetics.com\/producto\/regular\/nevilles-haze-regular-seeds\/#primaryimage\"},\"image\":{\"@id\":\"https:\/\/bluedoggenetics.com\/producto\/regular\/nevilles-haze-regular-seeds\/#primaryimage\"},\"thumbnailUrl\":\"https:\/\/bluedoggenetics.com\/wp-content\/uploads\/2026\/03\/139989_2195880_pimcore_1_1.jpg\",\"datePublished\":\"2026-03-30T20:51:06+00:00\",\"dateModified\":\"2026-05-06T12:58:05+00:00\",\"description\":\"Neville's Haze Regular Seeds de Mr Nice Seedbank. Semillas con 20-26% de THC. Aromas a C\u00edtrico, Especias, Pino. Cosecha r\u00e1pida y grandes rendimientos. \u00a1Com\",\"breadcrumb\":{\"@id\":\"https:\/\/bluedoggenetics.com\/producto\/regular\/nevilles-haze-regular-seeds\/#breadcrumb\"},\"inLanguage\":\"fr-FR\",\"potentialAction\":[{\"@type\":\"ReadAction\",\"target\":[\"https:\/\/bluedoggenetics.com\/producto\/regular\/nevilles-haze-regular-seeds\/\"]}]},{\"@type\":\"ImageObject\",\"inLanguage\":\"fr-FR\",\"@id\":\"https:\/\/bluedoggenetics.com\/producto\/regular\/nevilles-haze-regular-seeds\/#primaryimage\",\"url\":\"https:\/\/bluedoggenetics.com\/wp-content\/uploads\/2026\/03\/139989_2195880_pimcore_1_1.jpg\",\"contentUrl\":\"https:\/\/bluedoggenetics.com\/wp-content\/uploads\/2026\/03\/139989_2195880_pimcore_1_1.jpg\",\"width\":375,\"height\":505},{\"@type\":\"BreadcrumbList\",\"@id\":\"https:\/\/bluedoggenetics.com\/producto\/regular\/nevilles-haze-regular-seeds\/#breadcrumb\",\"itemListElement\":[{\"@type\":\"ListItem\",\"position\":1,\"name\":\"Portada\",\"item\":\"https:\/\/bluedoggenetics.com\/\"},{\"@type\":\"ListItem\",\"position\":2,\"name\":\"Tienda\",\"item\":\"https:\/\/bluedoggenetics.com\/fr\/tienda\/\"},{\"@type\":\"ListItem\",\"position\":3,\"name\":\"Neville&#8217;s Haze Regular Seeds\"}]},{\"@type\":\"WebSite\",\"@id\":\"https:\/\/bluedoggenetics.com\/de\/#website\",\"url\":\"https:\/\/bluedoggenetics.com\/de\/\",\"name\":\"BLUEDOG GENETICS Seeds\",\"description\":\"Compara y compra las mejores semillas de cannabis. Feminizadas, Autoflorecientes, CBD.\",\"publisher\":{\"@id\":\"https:\/\/bluedoggenetics.com\/de\/#organization\"},\"alternateName\":\"BLUEDOG GENETICS\",\"potentialAction\":[{\"@type\":\"SearchAction\",\"target\":{\"@type\":\"EntryPoint\",\"urlTemplate\":\"https:\/\/bluedoggenetics.com\/de\/?s={search_term_string}\"},\"query-input\":{\"@type\":\"PropertyValueSpecification\",\"valueRequired\":true,\"valueName\":\"search_term_string\"}}],\"inLanguage\":\"fr-FR\"},{\"@type\":\"Organization\",\"@id\":\"https:\/\/bluedoggenetics.com\/de\/#organization\",\"name\":\"BLUEDOG GENETICS\",\"url\":\"https:\/\/bluedoggenetics.com\/de\/\",\"logo\":{\"@type\":\"ImageObject\",\"inLanguage\":\"fr-FR\",\"@id\":\"https:\/\/bluedoggenetics.com\/de\/#\/schema\/logo\/image\/\",\"url\":\"https:\/\/bluedoggenetics.com\/wp-content\/uploads\/2024\/11\/appIcon.png\",\"contentUrl\":\"https:\/\/bluedoggenetics.com\/wp-content\/uploads\/2024\/11\/appIcon.png\",\"width\":1024,\"height\":1024,\"caption\":\"BLUEDOG GENETICS\"},\"image\":{\"@id\":\"https:\/\/bluedoggenetics.com\/de\/#\/schema\/logo\/image\/\"},\"sameAs\":[\"https:\/\/www.instagram.com\/bluedog.genetics\/\"]}]}<\/script>\n<!-- \/ Yoast SEO plugin. -->","yoast_head_json":{"title":"Neville's Haze Regular Seeds - Graines G\u00c9N\u00c9TIQUE BLUEDOG","description":"Neville's Haze Regular Seeds de Mr Nice Seedbank. Graines avec 20-26% de THC. Ar\u00f4mes d'agrumes, d'\u00e9pices, de pin. R\u00e9colte rapide et bons rendements. Com","robots":{"index":"index","follow":"follow","max-snippet":"max-snippet:-1","max-image-preview":"max-image-preview:large","max-video-preview":"max-video-preview:-1"},"canonical":"https:\/\/bluedoggenetics.com\/fr\/produit\/regular\/nevilles-haze-regular-seeds\/","og_locale":"fr_FR","og_type":"article","og_title":"Neville's Haze Regular Seeds - BLUEDOG GENETICS Seeds","og_description":"Neville's Haze Regular Seeds de Mr Nice Seedbank. Semillas con 20-26% de THC. Aromas a C\u00edtrico, Especias, Pino. Cosecha r\u00e1pida y grandes rendimientos. \u00a1Com","og_url":"https:\/\/bluedoggenetics.com\/fr\/produit\/regular\/nevilles-haze-regular-seeds\/","og_site_name":"BLUEDOG GENETICS Seeds","article_modified_time":"2026-05-06T12:58:05+00:00","og_image":[{"width":375,"height":505,"url":"https:\/\/bluedoggenetics.com\/wp-content\/uploads\/2026\/03\/139989_2195880_pimcore_1_1.jpg","type":"image\/jpeg"}],"twitter_card":"summary_large_image","twitter_misc":{"Dur\u00e9e de lecture estim\u00e9e":"1 minute"},"schema":{"@context":"https:\/\/schema.org","@graph":[{"@type":["WebPage","ItemPage"],"@id":"https:\/\/bluedoggenetics.com\/producto\/regular\/nevilles-haze-regular-seeds\/","url":"https:\/\/bluedoggenetics.com\/producto\/regular\/nevilles-haze-regular-seeds\/","name":"Neville's Haze Regular Seeds - Graines G\u00c9N\u00c9TIQUE BLUEDOG","isPartOf":{"@id":"https:\/\/bluedoggenetics.com\/de\/#website"},"primaryImageOfPage":{"@id":"https:\/\/bluedoggenetics.com\/producto\/regular\/nevilles-haze-regular-seeds\/#primaryimage"},"image":{"@id":"https:\/\/bluedoggenetics.com\/producto\/regular\/nevilles-haze-regular-seeds\/#primaryimage"},"thumbnailUrl":"https:\/\/bluedoggenetics.com\/wp-content\/uploads\/2026\/03\/139989_2195880_pimcore_1_1.jpg","datePublished":"2026-03-30T20:51:06+00:00","dateModified":"2026-05-06T12:58:05+00:00","description":"Neville's Haze Regular Seeds de Mr Nice Seedbank. Graines avec 20-26% de THC. Ar\u00f4mes d'agrumes, d'\u00e9pices, de pin. R\u00e9colte rapide et bons rendements. Com","breadcrumb":{"@id":"https:\/\/bluedoggenetics.com\/producto\/regular\/nevilles-haze-regular-seeds\/#breadcrumb"},"inLanguage":"fr-FR","potentialAction":[{"@type":"ReadAction","target":["https:\/\/bluedoggenetics.com\/producto\/regular\/nevilles-haze-regular-seeds\/"]}]},{"@type":"ImageObject","inLanguage":"fr-FR","@id":"https:\/\/bluedoggenetics.com\/producto\/regular\/nevilles-haze-regular-seeds\/#primaryimage","url":"https:\/\/bluedoggenetics.com\/wp-content\/uploads\/2026\/03\/139989_2195880_pimcore_1_1.jpg","contentUrl":"https:\/\/bluedoggenetics.com\/wp-content\/uploads\/2026\/03\/139989_2195880_pimcore_1_1.jpg","width":375,"height":505},{"@type":"BreadcrumbList","@id":"https:\/\/bluedoggenetics.com\/producto\/regular\/nevilles-haze-regular-seeds\/#breadcrumb","itemListElement":[{"@type":"ListItem","position":1,"name":"Portada","item":"https:\/\/bluedoggenetics.com\/"},{"@type":"ListItem","position":2,"name":"Tienda","item":"https:\/\/bluedoggenetics.com\/fr\/tienda\/"},{"@type":"ListItem","position":3,"name":"Neville&#8217;s Haze Regular Seeds"}]},{"@type":"WebSite","@id":"https:\/\/bluedoggenetics.com\/de\/#website","url":"https:\/\/bluedoggenetics.com\/de\/","name":"BLUEDOG GENETICS Seeds","description":"Compare et ach\u00e8te les meilleures graines de cannabis. F\u00e9minis\u00e9es, autofloraison, CBD.","publisher":{"@id":"https:\/\/bluedoggenetics.com\/de\/#organization"},"alternateName":"BLUEDOG GENETICS","potentialAction":[{"@type":"SearchAction","target":{"@type":"EntryPoint","urlTemplate":"https:\/\/bluedoggenetics.com\/de\/?s={search_term_string}"},"query-input":{"@type":"PropertyValueSpecification","valueRequired":true,"valueName":"search_term_string"}}],"inLanguage":"fr-FR"},{"@type":"Organization","@id":"https:\/\/bluedoggenetics.com\/de\/#organization","name":"BLUEDOG GENETICS","url":"https:\/\/bluedoggenetics.com\/de\/","logo":{"@type":"ImageObject","inLanguage":"fr-FR","@id":"https:\/\/bluedoggenetics.com\/de\/#\/schema\/logo\/image\/","url":"https:\/\/bluedoggenetics.com\/wp-content\/uploads\/2024\/11\/appIcon.png","contentUrl":"https:\/\/bluedoggenetics.com\/wp-content\/uploads\/2024\/11\/appIcon.png","width":1024,"height":1024,"caption":"BLUEDOG GENETICS"},"image":{"@id":"https:\/\/bluedoggenetics.com\/de\/#\/schema\/logo\/image\/"},"sameAs":["https:\/\/www.instagram.com\/bluedog.genetics\/"]}]}},"sticker_url":null,"variations_full":[{"id":5868,"price":115,"regular_price":115,"attributes":{"attribute_pa_cantidad":"pack-18"},"image_src":"https:\/\/bluedoggenetics.com\/wp-content\/uploads\/2026\/03\/139989_2195880_pimcore_1_1.jpg","is_in_stock":true}],"jetpack_sharing_enabled":true,"_links":{"self":[{"href":"https:\/\/bluedoggenetics.com\/fr\/wp-json\/wp\/v2\/product\/5859","targetHints":{"allow":["GET"]}}],"collection":[{"href":"https:\/\/bluedoggenetics.com\/fr\/wp-json\/wp\/v2\/product"}],"about":[{"href":"https:\/\/bluedoggenetics.com\/fr\/wp-json\/wp\/v2\/types\/product"}],"wp:featuredmedia":[{"embeddable":true,"href":"https:\/\/bluedoggenetics.com\/fr\/wp-json\/wp\/v2\/media\/5123"}],"wp:attachment":[{"href":"https:\/\/bluedoggenetics.com\/fr\/wp-json\/wp\/v2\/media?parent=5859"}],"wp:term":[{"taxonomy":"product_brand","embeddable":true,"href":"https:\/\/bluedoggenetics.com\/fr\/wp-json\/wp\/v2\/product_brand?post=5859"},{"taxonomy":"product_cat","embeddable":true,"href":"https:\/\/bluedoggenetics.com\/fr\/wp-json\/wp\/v2\/product_cat?post=5859"},{"taxonomy":"product_tag","embeddable":true,"href":"https:\/\/bluedoggenetics.com\/fr\/wp-json\/wp\/v2\/product_tag?post=5859"}],"curies":[{"name":"wp","href":"https:\/\/api.w.org\/{rel}","templated":true}]}}