{"id":5857,"date":"2026-03-30T22:51:06","date_gmt":"2026-03-30T20:51:06","guid":{"rendered":"https:\/\/bluedoggenetics.com\/?post_type=product&#038;p=5857"},"modified":"2026-05-06T14:58:05","modified_gmt":"2026-05-06T12:58:05","slug":"master-kush-x-skunk-regular-seeds","status":"publish","type":"product","link":"https:\/\/bluedoggenetics.com\/fr\/produit\/regular\/master-kush-x-skunk-regular-seeds\/","title":{"rendered":"Master Kush x Skunk Regular Seeds"},"content":{"rendered":"<p>V\u00e9ritable puissance de la vieille \u00e9cole. Master Kush x Skunk Regular Seeds de Mr Nice Seedbank est une indica \u00e9crasante, c\u00e9l\u00e8bre pour son immense production de r\u00e9sine et son effet profond\u00e9ment narcotique. Une fois sa phase de floraison commenc\u00e9e (qui dure environ 7 \u00e0 8 semaines), elle expose tout son potentiel avec des taux de THC de 18 \u00e0 25 %. C'est une vari\u00e9t\u00e9 hybride tr\u00e8s appr\u00e9ci\u00e9e dans la communaut\u00e9.<\/p>\n<p><b>Aspect de la fleur.<\/b> Fleurs denses, dures comme de la pierre et de couleur vert fonc\u00e9. L'\u00e9paisse couche de r\u00e9sine du Master Kush x Skunk Regular Seeds le rend id\u00e9al pour les extractions. Un d\u00e9lice visuel avec des ar\u00f4mes intenses de citron, de mouffette et de terre.<\/p>\n<p><b>Morphologie v\u00e9g\u00e9tale.<\/b> Croissance touffue et compacte. Il d\u00e9veloppe un tronc \u00e9pais et des feuilles larges et sombres, parfaites pour les petits espaces. Cette plante atteint environ 80 \u00e0 100 cm en int\u00e9rieur et donne des rendements estim\u00e9s de 400 \u00e0 500 g\/m2.<\/p>\n<h3><b>Conseils de Culture<\/b><\/h3>\n<ul>\n<li><strong>Quel est le climat id\u00e9al pour cultiver le Master Kush x Skunk Regular Seeds ?<\/strong><br \/>Il r\u00e9siste tr\u00e8s bien aux basses temp\u00e9ratures et aux climats plus frais gr\u00e2ce \u00e0 son origine montagneuse.<\/li>\n<li><strong>Quelles techniques de formation fonctionnent le mieux avec Master Kush x Skunk Regular Seeds ?<\/strong><br \/>La m\u00e9thode SOG (Sea of \u200b\u200b\u200b\u200bGreen) est incroyablement efficace pour cette g\u00e9n\u00e9tique \u00e0 structure centrale en colonnes.<\/li>\n<li><strong>De quel type de fertilisation le Master Kush x Skunk Regular Seeds a-t-il besoin ?<\/strong><br \/>C'est une plante avaleuse ; Elle acceptera des doses g\u00e9n\u00e9reuses d\u2019engrais, surtout pendant les semaines de floraison maximale.<\/li>\n<li><strong>Comment devraient \u00eatre l\u2019irrigation et l\u2019humidit\u00e9 pour le Master Kush x Skunk Regular Seeds ?<\/strong><br \/>Risques mod\u00e9r\u00e9s. \u00c9vitez l\u2019engorgement pour \u00e9viter les probl\u00e8mes de racines.<\/li>\n<li><strong>Est-il n\u00e9cessaire de tailler la plante Master Kush x Skunk Regular Seeds ?<\/strong><br \/>Oui, l\u2019\u00e9limination strat\u00e9gique des feuilles sur les branches inf\u00e9rieures am\u00e9liorera l\u2019a\u00e9ration.<\/li>\n<\/ul>","protected":false},"excerpt":{"rendered":"<p><strong>Master Kush x Skunk Regular Seeds<\/strong> par M. Nice Seedbank. V\u00e9ritable puissance de la vieille \u00e9cole. Master Kush x Skunk Regular Seeds de Mr Nice Seedbank est une indica \u00e9crasante, c\u00e9l\u00e8bre pour son immense production de r\u00e9sine et son effet profond\u00e9ment narcotique.<\/p>","protected":false},"featured_media":5121,"template":"","meta":{"_acf_changed":false,"inline_featured_image":false,"_wp_applaud_exclude":false},"product_brand":[291],"product_cat":[309],"product_tag":[],"class_list":{"0":"post-5857","1":"product","2":"type-product","3":"status-publish","4":"has-post-thumbnail","6":"product_brand-mr-nice-seedbank","7":"product_cat-regular","8":"pa_altura-exterior-120-150","9":"pa_altura-interior-80-100","10":"pa_beneficios-terapeuticos-alivio-del-dolor","11":"pa_beneficios-terapeuticos-reduccion-de-nauseas","12":"pa_cantidad-pack-18","13":"pa_clima-fresco","14":"pa_cosecha-exterior-750-850","15":"pa_cosecha-interior-400-500","16":"pa_efectos-destacables-alegre","17":"pa_efectos-destacables-conversador","18":"pa_efectos-destacables-relajado","19":"pa_floracion-7-8","20":"pa_genetica-80-20","21":"pa_olor-intenso","22":"pa_sabores-y-olores-limon","23":"pa_sabores-y-olores-skunk","24":"pa_sabores-y-olores-terroso","25":"pa_thc-18-25-2","26":"pa_variedad-hibrida","28":"first","29":"instock","30":"taxable","31":"shipping-taxable","32":"purchasable","33":"product-type-variable"},"acf":{"sticker":false,"family_tree":""},"yoast_head":"<!-- This site is optimized with the Yoast SEO plugin v26.5 - https:\/\/yoast.com\/wordpress\/plugins\/seo\/ -->\n<title>Master Kush x Skunk Regular Seeds - BLUEDOG GENETICS Seeds<\/title>\n<meta name=\"description\" content=\"Master Kush x Skunk Regular Seeds de Mr Nice Seedbank. Semillas con 18-25% de THC. Aromas a Lim\u00f3n, Skunk, Terroso. Cosecha r\u00e1pida y grandes rendimientos. \u00a1\" \/>\n<meta name=\"robots\" content=\"index, follow, max-snippet:-1, max-image-preview:large, max-video-preview:-1\" \/>\n<link rel=\"canonical\" href=\"https:\/\/bluedoggenetics.com\/fr\/produit\/regular\/master-kush-x-skunk-regular-seeds\/\" \/>\n<meta property=\"og:locale\" content=\"fr_FR\" \/>\n<meta property=\"og:type\" content=\"article\" \/>\n<meta property=\"og:title\" content=\"Master Kush x Skunk Regular Seeds - BLUEDOG GENETICS Seeds\" \/>\n<meta property=\"og:description\" content=\"Master Kush x Skunk Regular Seeds de Mr Nice Seedbank. Semillas con 18-25% de THC. Aromas a Lim\u00f3n, Skunk, Terroso. Cosecha r\u00e1pida y grandes rendimientos. \u00a1\" \/>\n<meta property=\"og:url\" content=\"https:\/\/bluedoggenetics.com\/fr\/produit\/regular\/master-kush-x-skunk-regular-seeds\/\" \/>\n<meta property=\"og:site_name\" content=\"BLUEDOG GENETICS Seeds\" \/>\n<meta property=\"article:modified_time\" content=\"2026-05-06T12:58:05+00:00\" \/>\n<meta property=\"og:image\" content=\"https:\/\/bluedoggenetics.com\/wp-content\/uploads\/2026\/03\/139987_2338733_pimcore_1_1.jpg\" \/>\n\t<meta property=\"og:image:width\" content=\"400\" \/>\n\t<meta property=\"og:image:height\" content=\"505\" \/>\n\t<meta property=\"og:image:type\" content=\"image\/jpeg\" \/>\n<meta name=\"twitter:card\" content=\"summary_large_image\" \/>\n<meta name=\"twitter:label1\" content=\"Dur\u00e9e de lecture estim\u00e9e\" \/>\n\t<meta name=\"twitter:data1\" content=\"1 minute\" \/>\n<script type=\"application\/ld+json\" class=\"yoast-schema-graph\">{\"@context\":\"https:\/\/schema.org\",\"@graph\":[{\"@type\":[\"WebPage\",\"ItemPage\"],\"@id\":\"https:\/\/bluedoggenetics.com\/producto\/regular\/master-kush-x-skunk-regular-seeds\/\",\"url\":\"https:\/\/bluedoggenetics.com\/producto\/regular\/master-kush-x-skunk-regular-seeds\/\",\"name\":\"Master Kush x Skunk Regular Seeds - BLUEDOG GENETICS Seeds\",\"isPartOf\":{\"@id\":\"https:\/\/bluedoggenetics.com\/de\/#website\"},\"primaryImageOfPage\":{\"@id\":\"https:\/\/bluedoggenetics.com\/producto\/regular\/master-kush-x-skunk-regular-seeds\/#primaryimage\"},\"image\":{\"@id\":\"https:\/\/bluedoggenetics.com\/producto\/regular\/master-kush-x-skunk-regular-seeds\/#primaryimage\"},\"thumbnailUrl\":\"https:\/\/bluedoggenetics.com\/wp-content\/uploads\/2026\/03\/139987_2338733_pimcore_1_1.jpg\",\"datePublished\":\"2026-03-30T20:51:06+00:00\",\"dateModified\":\"2026-05-06T12:58:05+00:00\",\"description\":\"Master Kush x Skunk Regular Seeds de Mr Nice Seedbank. Semillas con 18-25% de THC. Aromas a Lim\u00f3n, Skunk, Terroso. Cosecha r\u00e1pida y grandes rendimientos. \u00a1\",\"breadcrumb\":{\"@id\":\"https:\/\/bluedoggenetics.com\/producto\/regular\/master-kush-x-skunk-regular-seeds\/#breadcrumb\"},\"inLanguage\":\"fr-FR\",\"potentialAction\":[{\"@type\":\"ReadAction\",\"target\":[\"https:\/\/bluedoggenetics.com\/producto\/regular\/master-kush-x-skunk-regular-seeds\/\"]}]},{\"@type\":\"ImageObject\",\"inLanguage\":\"fr-FR\",\"@id\":\"https:\/\/bluedoggenetics.com\/producto\/regular\/master-kush-x-skunk-regular-seeds\/#primaryimage\",\"url\":\"https:\/\/bluedoggenetics.com\/wp-content\/uploads\/2026\/03\/139987_2338733_pimcore_1_1.jpg\",\"contentUrl\":\"https:\/\/bluedoggenetics.com\/wp-content\/uploads\/2026\/03\/139987_2338733_pimcore_1_1.jpg\",\"width\":400,\"height\":505},{\"@type\":\"BreadcrumbList\",\"@id\":\"https:\/\/bluedoggenetics.com\/producto\/regular\/master-kush-x-skunk-regular-seeds\/#breadcrumb\",\"itemListElement\":[{\"@type\":\"ListItem\",\"position\":1,\"name\":\"Portada\",\"item\":\"https:\/\/bluedoggenetics.com\/\"},{\"@type\":\"ListItem\",\"position\":2,\"name\":\"Tienda\",\"item\":\"https:\/\/bluedoggenetics.com\/fr\/tienda\/\"},{\"@type\":\"ListItem\",\"position\":3,\"name\":\"Master Kush x Skunk Regular Seeds\"}]},{\"@type\":\"WebSite\",\"@id\":\"https:\/\/bluedoggenetics.com\/de\/#website\",\"url\":\"https:\/\/bluedoggenetics.com\/de\/\",\"name\":\"BLUEDOG GENETICS Seeds\",\"description\":\"Compara y compra las mejores semillas de cannabis. Feminizadas, Autoflorecientes, CBD.\",\"publisher\":{\"@id\":\"https:\/\/bluedoggenetics.com\/de\/#organization\"},\"alternateName\":\"BLUEDOG GENETICS\",\"potentialAction\":[{\"@type\":\"SearchAction\",\"target\":{\"@type\":\"EntryPoint\",\"urlTemplate\":\"https:\/\/bluedoggenetics.com\/de\/?s={search_term_string}\"},\"query-input\":{\"@type\":\"PropertyValueSpecification\",\"valueRequired\":true,\"valueName\":\"search_term_string\"}}],\"inLanguage\":\"fr-FR\"},{\"@type\":\"Organization\",\"@id\":\"https:\/\/bluedoggenetics.com\/de\/#organization\",\"name\":\"BLUEDOG GENETICS\",\"url\":\"https:\/\/bluedoggenetics.com\/de\/\",\"logo\":{\"@type\":\"ImageObject\",\"inLanguage\":\"fr-FR\",\"@id\":\"https:\/\/bluedoggenetics.com\/de\/#\/schema\/logo\/image\/\",\"url\":\"https:\/\/bluedoggenetics.com\/wp-content\/uploads\/2024\/11\/appIcon.png\",\"contentUrl\":\"https:\/\/bluedoggenetics.com\/wp-content\/uploads\/2024\/11\/appIcon.png\",\"width\":1024,\"height\":1024,\"caption\":\"BLUEDOG GENETICS\"},\"image\":{\"@id\":\"https:\/\/bluedoggenetics.com\/de\/#\/schema\/logo\/image\/\"},\"sameAs\":[\"https:\/\/www.instagram.com\/bluedog.genetics\/\"]}]}<\/script>\n<!-- \/ Yoast SEO plugin. -->","yoast_head_json":{"title":"Master Kush x Skunk Regular Seeds - Graines G\u00c9N\u00c9TIQUE BLUEDOG","description":"Master Kush x Skunk Regular Seeds par Mr Nice Seedbank. Graines avec 18-25% de THC. Ar\u00f4mes de citron, de Skunk et de terre. R\u00e9colte rapide et bons rendements. \u00a1","robots":{"index":"index","follow":"follow","max-snippet":"max-snippet:-1","max-image-preview":"max-image-preview:large","max-video-preview":"max-video-preview:-1"},"canonical":"https:\/\/bluedoggenetics.com\/fr\/produit\/regular\/master-kush-x-skunk-regular-seeds\/","og_locale":"fr_FR","og_type":"article","og_title":"Master Kush x Skunk Regular Seeds - BLUEDOG GENETICS Seeds","og_description":"Master Kush x Skunk Regular Seeds de Mr Nice Seedbank. Semillas con 18-25% de THC. Aromas a Lim\u00f3n, Skunk, Terroso. Cosecha r\u00e1pida y grandes rendimientos. \u00a1","og_url":"https:\/\/bluedoggenetics.com\/fr\/produit\/regular\/master-kush-x-skunk-regular-seeds\/","og_site_name":"BLUEDOG GENETICS Seeds","article_modified_time":"2026-05-06T12:58:05+00:00","og_image":[{"width":400,"height":505,"url":"https:\/\/bluedoggenetics.com\/wp-content\/uploads\/2026\/03\/139987_2338733_pimcore_1_1.jpg","type":"image\/jpeg"}],"twitter_card":"summary_large_image","twitter_misc":{"Dur\u00e9e de lecture estim\u00e9e":"1 minute"},"schema":{"@context":"https:\/\/schema.org","@graph":[{"@type":["WebPage","ItemPage"],"@id":"https:\/\/bluedoggenetics.com\/producto\/regular\/master-kush-x-skunk-regular-seeds\/","url":"https:\/\/bluedoggenetics.com\/producto\/regular\/master-kush-x-skunk-regular-seeds\/","name":"Master Kush x Skunk Regular Seeds - Graines G\u00c9N\u00c9TIQUE BLUEDOG","isPartOf":{"@id":"https:\/\/bluedoggenetics.com\/de\/#website"},"primaryImageOfPage":{"@id":"https:\/\/bluedoggenetics.com\/producto\/regular\/master-kush-x-skunk-regular-seeds\/#primaryimage"},"image":{"@id":"https:\/\/bluedoggenetics.com\/producto\/regular\/master-kush-x-skunk-regular-seeds\/#primaryimage"},"thumbnailUrl":"https:\/\/bluedoggenetics.com\/wp-content\/uploads\/2026\/03\/139987_2338733_pimcore_1_1.jpg","datePublished":"2026-03-30T20:51:06+00:00","dateModified":"2026-05-06T12:58:05+00:00","description":"Master Kush x Skunk Regular Seeds par Mr Nice Seedbank. Graines avec 18-25% de THC. Ar\u00f4mes de citron, de Skunk et de terre. R\u00e9colte rapide et bons rendements. \u00a1","breadcrumb":{"@id":"https:\/\/bluedoggenetics.com\/producto\/regular\/master-kush-x-skunk-regular-seeds\/#breadcrumb"},"inLanguage":"fr-FR","potentialAction":[{"@type":"ReadAction","target":["https:\/\/bluedoggenetics.com\/producto\/regular\/master-kush-x-skunk-regular-seeds\/"]}]},{"@type":"ImageObject","inLanguage":"fr-FR","@id":"https:\/\/bluedoggenetics.com\/producto\/regular\/master-kush-x-skunk-regular-seeds\/#primaryimage","url":"https:\/\/bluedoggenetics.com\/wp-content\/uploads\/2026\/03\/139987_2338733_pimcore_1_1.jpg","contentUrl":"https:\/\/bluedoggenetics.com\/wp-content\/uploads\/2026\/03\/139987_2338733_pimcore_1_1.jpg","width":400,"height":505},{"@type":"BreadcrumbList","@id":"https:\/\/bluedoggenetics.com\/producto\/regular\/master-kush-x-skunk-regular-seeds\/#breadcrumb","itemListElement":[{"@type":"ListItem","position":1,"name":"Portada","item":"https:\/\/bluedoggenetics.com\/"},{"@type":"ListItem","position":2,"name":"Tienda","item":"https:\/\/bluedoggenetics.com\/fr\/tienda\/"},{"@type":"ListItem","position":3,"name":"Master Kush x Skunk Regular Seeds"}]},{"@type":"WebSite","@id":"https:\/\/bluedoggenetics.com\/de\/#website","url":"https:\/\/bluedoggenetics.com\/de\/","name":"BLUEDOG GENETICS Seeds","description":"Compare et ach\u00e8te les meilleures graines de cannabis. F\u00e9minis\u00e9es, autofloraison, CBD.","publisher":{"@id":"https:\/\/bluedoggenetics.com\/de\/#organization"},"alternateName":"BLUEDOG GENETICS","potentialAction":[{"@type":"SearchAction","target":{"@type":"EntryPoint","urlTemplate":"https:\/\/bluedoggenetics.com\/de\/?s={search_term_string}"},"query-input":{"@type":"PropertyValueSpecification","valueRequired":true,"valueName":"search_term_string"}}],"inLanguage":"fr-FR"},{"@type":"Organization","@id":"https:\/\/bluedoggenetics.com\/de\/#organization","name":"BLUEDOG GENETICS","url":"https:\/\/bluedoggenetics.com\/de\/","logo":{"@type":"ImageObject","inLanguage":"fr-FR","@id":"https:\/\/bluedoggenetics.com\/de\/#\/schema\/logo\/image\/","url":"https:\/\/bluedoggenetics.com\/wp-content\/uploads\/2024\/11\/appIcon.png","contentUrl":"https:\/\/bluedoggenetics.com\/wp-content\/uploads\/2024\/11\/appIcon.png","width":1024,"height":1024,"caption":"BLUEDOG GENETICS"},"image":{"@id":"https:\/\/bluedoggenetics.com\/de\/#\/schema\/logo\/image\/"},"sameAs":["https:\/\/www.instagram.com\/bluedog.genetics\/"]}]}},"sticker_url":null,"variations_full":[{"id":5866,"price":57,"regular_price":57,"attributes":{"attribute_pa_cantidad":"pack-18"},"image_src":"https:\/\/bluedoggenetics.com\/wp-content\/uploads\/2026\/03\/139987_2338733_pimcore_1_1.jpg","is_in_stock":true}],"jetpack_sharing_enabled":true,"_links":{"self":[{"href":"https:\/\/bluedoggenetics.com\/fr\/wp-json\/wp\/v2\/product\/5857","targetHints":{"allow":["GET"]}}],"collection":[{"href":"https:\/\/bluedoggenetics.com\/fr\/wp-json\/wp\/v2\/product"}],"about":[{"href":"https:\/\/bluedoggenetics.com\/fr\/wp-json\/wp\/v2\/types\/product"}],"wp:featuredmedia":[{"embeddable":true,"href":"https:\/\/bluedoggenetics.com\/fr\/wp-json\/wp\/v2\/media\/5121"}],"wp:attachment":[{"href":"https:\/\/bluedoggenetics.com\/fr\/wp-json\/wp\/v2\/media?parent=5857"}],"wp:term":[{"taxonomy":"product_brand","embeddable":true,"href":"https:\/\/bluedoggenetics.com\/fr\/wp-json\/wp\/v2\/product_brand?post=5857"},{"taxonomy":"product_cat","embeddable":true,"href":"https:\/\/bluedoggenetics.com\/fr\/wp-json\/wp\/v2\/product_cat?post=5857"},{"taxonomy":"product_tag","embeddable":true,"href":"https:\/\/bluedoggenetics.com\/fr\/wp-json\/wp\/v2\/product_tag?post=5857"}],"curies":[{"name":"wp","href":"https:\/\/api.w.org\/{rel}","templated":true}]}}