{"id":5852,"date":"2026-03-30T22:51:05","date_gmt":"2026-03-30T20:51:05","guid":{"rendered":"https:\/\/bluedoggenetics.com\/?post_type=product&#038;p=5852"},"modified":"2026-05-06T14:58:05","modified_gmt":"2026-05-06T12:58:05","slug":"black-widow-regular-seeds","status":"publish","type":"product","link":"https:\/\/bluedoggenetics.com\/fr\/produit\/regular\/black-widow-regular-seeds\/","title":{"rendered":"Black Widow Regular Seeds"},"content":{"rendered":"<p>L\u00e9gendaire et glacial. Black Widow Regular Seeds de Mr Nice Seedbank est connue dans le monde entier pour sa production exag\u00e9r\u00e9e de cristaux blancs qui recouvrent m\u00eame les feuilles. Une fois sa phase de floraison commenc\u00e9e (qui dure environ 8 \u00e0 9 semaines), elle expose tout son potentiel avec des niveaux de THC de 18 \u00e0 24 %. C'est une vari\u00e9t\u00e9 hybride tr\u00e8s appr\u00e9ci\u00e9e dans la communaut\u00e9.<\/p>\n<p><b>Aspect de la fleur.<\/b> La particularit\u00e9 du Black Widow Regular Seeds est sa couche de r\u00e9sine blanche. Les t\u00eates semblent enneig\u00e9es, contrastant avec des tons vert p\u00e2le. Un d\u00e9lice visuel aux ar\u00f4mes intenses de fleurs, de bois et de terre.<\/p>\n<p><b>Morphologie v\u00e9g\u00e9tale.<\/b> Plante vigoureuse et r\u00e9sistante aux parasites. Il a une taille tr\u00e8s maniable et se branche facilement. Cette plante atteint environ 90 \u00e0 120 cm en int\u00e9rieur et donne des rendements estim\u00e9s de 400 \u00e0 500 g\/m2.<\/p>\n<h3><b>Conseils de Culture<\/b><\/h3>\n<ul>\n<li><strong>Quel est le climat id\u00e9al pour cultiver le Black Widow Regular Seeds ?<\/strong><br \/>Id\u00e9al pour les climats temp\u00e9r\u00e9s. Maintenir les temp\u00e9ratures sans grandes fluctuations pour maximiser son potentiel.<\/li>\n<li><strong>Quelles techniques de formation fonctionnent le mieux avec le Black Widow Regular Seeds ?<\/strong><br \/>Des techniques telles que la taille apicale et le LST sont id\u00e9ales pour homog\u00e9n\u00e9iser la canop\u00e9e.<\/li>\n<li><strong>De quel type de fertilisation le Black Widow Regular Seeds a-t-il besoin ?<\/strong><br \/>Il n\u00e9cessite une alimentation standard, appr\u00e9ciant les apports suppl\u00e9mentaires de phosphore dans la phase finale.<\/li>\n<li><strong>Comment devraient se d\u00e9rouler l\u2019irrigation et l\u2019humidit\u00e9 pour le Black Widow Regular Seeds ?<\/strong><br \/>Il est tr\u00e8s r\u00e9sistant, mais pr\u00e9f\u00e8re des arrosages espac\u00e9s pour \u00e9viter les probl\u00e8mes fongiques dans ses grappes denses.<\/li>\n<li><strong>Est-il n\u00e9cessaire de tailler la plante Black Widow Regular Seeds ?<\/strong><br \/>Oui, l\u2019\u00e9limination strat\u00e9gique des feuilles sur les branches inf\u00e9rieures am\u00e9liorera l\u2019a\u00e9ration.<\/li>\n<\/ul>","protected":false},"excerpt":{"rendered":"<p><strong>Black Widow Regular Seeds<\/strong> par M. Nice Seedbank. L\u00e9gendaire et glacial. Black Widow Regular Seeds de Mr Nice Seedbank est connue dans le monde entier pour sa production exag\u00e9r\u00e9e de cristaux blancs qui recouvrent m\u00eame les feuilles.<\/p>","protected":false},"featured_media":5124,"template":"","meta":{"_acf_changed":false,"inline_featured_image":false,"_wp_applaud_exclude":false},"product_brand":[],"product_cat":[309],"product_tag":[],"class_list":{"0":"post-5852","1":"product","2":"type-product","3":"status-publish","4":"has-post-thumbnail","6":"product_cat-regular","7":"pa_altura-exterior-150-180","8":"pa_altura-interior-90-120","9":"pa_beneficios-terapeuticos-alivio-de-ansiedad","10":"pa_beneficios-terapeuticos-alivio-del-dolor","11":"pa_cantidad-pack-18","12":"pa_clima-templado","13":"pa_cosecha-exterior-450-550","14":"pa_cosecha-interior-400-500","15":"pa_efectos-destacables-alegre","16":"pa_efectos-destacables-euforico","17":"pa_efectos-destacables-relajado","18":"pa_floracion-8-9","19":"pa_genetica-50-50","20":"pa_olor-fuerte","21":"pa_sabores-y-olores-floral","22":"pa_sabores-y-olores-madera","23":"pa_sabores-y-olores-terroso","24":"pa_thc-18-24","25":"pa_variedad-hibrida","27":"first","28":"instock","29":"taxable","30":"shipping-taxable","31":"purchasable","32":"product-type-variable"},"acf":{"sticker":false,"family_tree":""},"yoast_head":"<!-- This site is optimized with the Yoast SEO plugin v26.5 - https:\/\/yoast.com\/wordpress\/plugins\/seo\/ -->\n<title>Black Widow Regular Seeds - BLUEDOG GENETICS Seeds<\/title>\n<meta name=\"robots\" content=\"index, follow, max-snippet:-1, max-image-preview:large, max-video-preview:-1\" \/>\n<link rel=\"canonical\" href=\"https:\/\/bluedoggenetics.com\/fr\/produit\/regular\/black-widow-regular-seeds\/\" \/>\n<meta property=\"og:locale\" content=\"fr_FR\" \/>\n<meta property=\"og:type\" content=\"article\" \/>\n<meta property=\"og:title\" content=\"Black Widow Regular Seeds - BLUEDOG GENETICS Seeds\" \/>\n<meta property=\"og:description\" content=\"Black Widow Regular Seeds de Mr Nice Seedbank. Legendaria y escarchada. La Black Widow Regular Seeds de Mr Nice Seedbank es conocida mundialmente por su exagerada producci\u00f3n de cristales blancos que cubren hasta las hojas.\" \/>\n<meta property=\"og:url\" content=\"https:\/\/bluedoggenetics.com\/fr\/produit\/regular\/black-widow-regular-seeds\/\" \/>\n<meta property=\"og:site_name\" content=\"BLUEDOG GENETICS Seeds\" \/>\n<meta property=\"article:modified_time\" content=\"2026-05-06T12:58:05+00:00\" \/>\n<meta property=\"og:image\" content=\"https:\/\/bluedoggenetics.com\/wp-content\/uploads\/2026\/03\/139991_2338741_pimcore_1_1.jpg\" \/>\n\t<meta property=\"og:image:width\" content=\"350\" \/>\n\t<meta property=\"og:image:height\" content=\"502\" \/>\n\t<meta property=\"og:image:type\" content=\"image\/jpeg\" \/>\n<meta name=\"twitter:card\" content=\"summary_large_image\" \/>\n<meta name=\"twitter:label1\" content=\"Dur\u00e9e de lecture estim\u00e9e\" \/>\n\t<meta name=\"twitter:data1\" content=\"1 minute\" \/>\n<script type=\"application\/ld+json\" class=\"yoast-schema-graph\">{\"@context\":\"https:\/\/schema.org\",\"@graph\":[{\"@type\":[\"WebPage\",\"ItemPage\"],\"@id\":\"https:\/\/bluedoggenetics.com\/producto\/regular\/black-widow-regular-seeds\/\",\"url\":\"https:\/\/bluedoggenetics.com\/producto\/regular\/black-widow-regular-seeds\/\",\"name\":\"Black Widow Regular Seeds - BLUEDOG GENETICS Seeds\",\"isPartOf\":{\"@id\":\"https:\/\/bluedoggenetics.com\/de\/#website\"},\"primaryImageOfPage\":{\"@id\":\"https:\/\/bluedoggenetics.com\/producto\/regular\/black-widow-regular-seeds\/#primaryimage\"},\"image\":{\"@id\":\"https:\/\/bluedoggenetics.com\/producto\/regular\/black-widow-regular-seeds\/#primaryimage\"},\"thumbnailUrl\":\"https:\/\/bluedoggenetics.com\/wp-content\/uploads\/2026\/03\/139991_2338741_pimcore_1_1.jpg\",\"datePublished\":\"2026-03-30T20:51:05+00:00\",\"dateModified\":\"2026-05-06T12:58:05+00:00\",\"breadcrumb\":{\"@id\":\"https:\/\/bluedoggenetics.com\/producto\/regular\/black-widow-regular-seeds\/#breadcrumb\"},\"inLanguage\":\"fr-FR\",\"potentialAction\":[{\"@type\":\"ReadAction\",\"target\":[\"https:\/\/bluedoggenetics.com\/producto\/regular\/black-widow-regular-seeds\/\"]}]},{\"@type\":\"ImageObject\",\"inLanguage\":\"fr-FR\",\"@id\":\"https:\/\/bluedoggenetics.com\/producto\/regular\/black-widow-regular-seeds\/#primaryimage\",\"url\":\"https:\/\/bluedoggenetics.com\/wp-content\/uploads\/2026\/03\/139991_2338741_pimcore_1_1.jpg\",\"contentUrl\":\"https:\/\/bluedoggenetics.com\/wp-content\/uploads\/2026\/03\/139991_2338741_pimcore_1_1.jpg\",\"width\":350,\"height\":502},{\"@type\":\"BreadcrumbList\",\"@id\":\"https:\/\/bluedoggenetics.com\/producto\/regular\/black-widow-regular-seeds\/#breadcrumb\",\"itemListElement\":[{\"@type\":\"ListItem\",\"position\":1,\"name\":\"Portada\",\"item\":\"https:\/\/bluedoggenetics.com\/\"},{\"@type\":\"ListItem\",\"position\":2,\"name\":\"Tienda\",\"item\":\"https:\/\/bluedoggenetics.com\/fr\/tienda\/\"},{\"@type\":\"ListItem\",\"position\":3,\"name\":\"Black Widow Regular Seeds\"}]},{\"@type\":\"WebSite\",\"@id\":\"https:\/\/bluedoggenetics.com\/de\/#website\",\"url\":\"https:\/\/bluedoggenetics.com\/de\/\",\"name\":\"BLUEDOG GENETICS Seeds\",\"description\":\"Compara y compra las mejores semillas de cannabis. Feminizadas, Autoflorecientes, CBD.\",\"publisher\":{\"@id\":\"https:\/\/bluedoggenetics.com\/de\/#organization\"},\"alternateName\":\"BLUEDOG GENETICS\",\"potentialAction\":[{\"@type\":\"SearchAction\",\"target\":{\"@type\":\"EntryPoint\",\"urlTemplate\":\"https:\/\/bluedoggenetics.com\/de\/?s={search_term_string}\"},\"query-input\":{\"@type\":\"PropertyValueSpecification\",\"valueRequired\":true,\"valueName\":\"search_term_string\"}}],\"inLanguage\":\"fr-FR\"},{\"@type\":\"Organization\",\"@id\":\"https:\/\/bluedoggenetics.com\/de\/#organization\",\"name\":\"BLUEDOG GENETICS\",\"url\":\"https:\/\/bluedoggenetics.com\/de\/\",\"logo\":{\"@type\":\"ImageObject\",\"inLanguage\":\"fr-FR\",\"@id\":\"https:\/\/bluedoggenetics.com\/de\/#\/schema\/logo\/image\/\",\"url\":\"https:\/\/bluedoggenetics.com\/wp-content\/uploads\/2024\/11\/appIcon.png\",\"contentUrl\":\"https:\/\/bluedoggenetics.com\/wp-content\/uploads\/2024\/11\/appIcon.png\",\"width\":1024,\"height\":1024,\"caption\":\"BLUEDOG GENETICS\"},\"image\":{\"@id\":\"https:\/\/bluedoggenetics.com\/de\/#\/schema\/logo\/image\/\"},\"sameAs\":[\"https:\/\/www.instagram.com\/bluedog.genetics\/\"]}]}<\/script>\n<!-- \/ Yoast SEO plugin. -->","yoast_head_json":{"title":"Black Widow Regular Seeds - Graines G\u00c9N\u00c9TIQUE BLUEDOG","robots":{"index":"index","follow":"follow","max-snippet":"max-snippet:-1","max-image-preview":"max-image-preview:large","max-video-preview":"max-video-preview:-1"},"canonical":"https:\/\/bluedoggenetics.com\/fr\/produit\/regular\/black-widow-regular-seeds\/","og_locale":"fr_FR","og_type":"article","og_title":"Black Widow Regular Seeds - BLUEDOG GENETICS Seeds","og_description":"Black Widow Regular Seeds de Mr Nice Seedbank. Legendaria y escarchada. La Black Widow Regular Seeds de Mr Nice Seedbank es conocida mundialmente por su exagerada producci\u00f3n de cristales blancos que cubren hasta las hojas.","og_url":"https:\/\/bluedoggenetics.com\/fr\/produit\/regular\/black-widow-regular-seeds\/","og_site_name":"BLUEDOG GENETICS Seeds","article_modified_time":"2026-05-06T12:58:05+00:00","og_image":[{"width":350,"height":502,"url":"https:\/\/bluedoggenetics.com\/wp-content\/uploads\/2026\/03\/139991_2338741_pimcore_1_1.jpg","type":"image\/jpeg"}],"twitter_card":"summary_large_image","twitter_misc":{"Dur\u00e9e de lecture estim\u00e9e":"1 minute"},"schema":{"@context":"https:\/\/schema.org","@graph":[{"@type":["WebPage","ItemPage"],"@id":"https:\/\/bluedoggenetics.com\/producto\/regular\/black-widow-regular-seeds\/","url":"https:\/\/bluedoggenetics.com\/producto\/regular\/black-widow-regular-seeds\/","name":"Black Widow Regular Seeds - Graines G\u00c9N\u00c9TIQUE BLUEDOG","isPartOf":{"@id":"https:\/\/bluedoggenetics.com\/de\/#website"},"primaryImageOfPage":{"@id":"https:\/\/bluedoggenetics.com\/producto\/regular\/black-widow-regular-seeds\/#primaryimage"},"image":{"@id":"https:\/\/bluedoggenetics.com\/producto\/regular\/black-widow-regular-seeds\/#primaryimage"},"thumbnailUrl":"https:\/\/bluedoggenetics.com\/wp-content\/uploads\/2026\/03\/139991_2338741_pimcore_1_1.jpg","datePublished":"2026-03-30T20:51:05+00:00","dateModified":"2026-05-06T12:58:05+00:00","breadcrumb":{"@id":"https:\/\/bluedoggenetics.com\/producto\/regular\/black-widow-regular-seeds\/#breadcrumb"},"inLanguage":"fr-FR","potentialAction":[{"@type":"ReadAction","target":["https:\/\/bluedoggenetics.com\/producto\/regular\/black-widow-regular-seeds\/"]}]},{"@type":"ImageObject","inLanguage":"fr-FR","@id":"https:\/\/bluedoggenetics.com\/producto\/regular\/black-widow-regular-seeds\/#primaryimage","url":"https:\/\/bluedoggenetics.com\/wp-content\/uploads\/2026\/03\/139991_2338741_pimcore_1_1.jpg","contentUrl":"https:\/\/bluedoggenetics.com\/wp-content\/uploads\/2026\/03\/139991_2338741_pimcore_1_1.jpg","width":350,"height":502},{"@type":"BreadcrumbList","@id":"https:\/\/bluedoggenetics.com\/producto\/regular\/black-widow-regular-seeds\/#breadcrumb","itemListElement":[{"@type":"ListItem","position":1,"name":"Portada","item":"https:\/\/bluedoggenetics.com\/"},{"@type":"ListItem","position":2,"name":"Tienda","item":"https:\/\/bluedoggenetics.com\/fr\/tienda\/"},{"@type":"ListItem","position":3,"name":"Black Widow Regular Seeds"}]},{"@type":"WebSite","@id":"https:\/\/bluedoggenetics.com\/de\/#website","url":"https:\/\/bluedoggenetics.com\/de\/","name":"BLUEDOG GENETICS Seeds","description":"Compare et ach\u00e8te les meilleures graines de cannabis. F\u00e9minis\u00e9es, autofloraison, CBD.","publisher":{"@id":"https:\/\/bluedoggenetics.com\/de\/#organization"},"alternateName":"BLUEDOG GENETICS","potentialAction":[{"@type":"SearchAction","target":{"@type":"EntryPoint","urlTemplate":"https:\/\/bluedoggenetics.com\/de\/?s={search_term_string}"},"query-input":{"@type":"PropertyValueSpecification","valueRequired":true,"valueName":"search_term_string"}}],"inLanguage":"fr-FR"},{"@type":"Organization","@id":"https:\/\/bluedoggenetics.com\/de\/#organization","name":"BLUEDOG GENETICS","url":"https:\/\/bluedoggenetics.com\/de\/","logo":{"@type":"ImageObject","inLanguage":"fr-FR","@id":"https:\/\/bluedoggenetics.com\/de\/#\/schema\/logo\/image\/","url":"https:\/\/bluedoggenetics.com\/wp-content\/uploads\/2024\/11\/appIcon.png","contentUrl":"https:\/\/bluedoggenetics.com\/wp-content\/uploads\/2024\/11\/appIcon.png","width":1024,"height":1024,"caption":"BLUEDOG GENETICS"},"image":{"@id":"https:\/\/bluedoggenetics.com\/de\/#\/schema\/logo\/image\/"},"sameAs":["https:\/\/www.instagram.com\/bluedog.genetics\/"]}]}},"sticker_url":null,"variations_full":[{"id":5861,"price":68,"regular_price":68,"attributes":{"attribute_pa_cantidad":"pack-18"},"image_src":"https:\/\/bluedoggenetics.com\/wp-content\/uploads\/2026\/03\/139991_2338741_pimcore_1_1.jpg","is_in_stock":true}],"jetpack_sharing_enabled":true,"_links":{"self":[{"href":"https:\/\/bluedoggenetics.com\/fr\/wp-json\/wp\/v2\/product\/5852","targetHints":{"allow":["GET"]}}],"collection":[{"href":"https:\/\/bluedoggenetics.com\/fr\/wp-json\/wp\/v2\/product"}],"about":[{"href":"https:\/\/bluedoggenetics.com\/fr\/wp-json\/wp\/v2\/types\/product"}],"wp:featuredmedia":[{"embeddable":true,"href":"https:\/\/bluedoggenetics.com\/fr\/wp-json\/wp\/v2\/media\/5124"}],"wp:attachment":[{"href":"https:\/\/bluedoggenetics.com\/fr\/wp-json\/wp\/v2\/media?parent=5852"}],"wp:term":[{"taxonomy":"product_brand","embeddable":true,"href":"https:\/\/bluedoggenetics.com\/fr\/wp-json\/wp\/v2\/product_brand?post=5852"},{"taxonomy":"product_cat","embeddable":true,"href":"https:\/\/bluedoggenetics.com\/fr\/wp-json\/wp\/v2\/product_cat?post=5852"},{"taxonomy":"product_tag","embeddable":true,"href":"https:\/\/bluedoggenetics.com\/fr\/wp-json\/wp\/v2\/product_tag?post=5852"}],"curies":[{"name":"wp","href":"https:\/\/api.w.org\/{rel}","templated":true}]}}