{"id":5851,"date":"2026-03-30T22:51:05","date_gmt":"2026-03-30T20:51:05","guid":{"rendered":"https:\/\/bluedoggenetics.com\/?post_type=product&#038;p=5851"},"modified":"2026-05-06T14:58:05","modified_gmt":"2026-05-06T12:58:05","slug":"ash-regular-seeds","status":"publish","type":"product","link":"https:\/\/bluedoggenetics.com\/fr\/produit\/regular\/ash-regular-seeds\/","title":{"rendered":"ASH Regular Seeds"},"content":{"rendered":"<p>ASH Regular Seeds de Mr Nice Seedbank est une g\u00e9n\u00e9tique tr\u00e8s \u00e9quilibr\u00e9e qui se distingue par sa robustesse et ses performances constantes. Une fois sa phase de floraison commenc\u00e9e (qui dure environ 8 \u00e0 9 semaines), elle expose tout son potentiel avec des niveaux de THC de 18 \u00e0 24 %. C'est une vari\u00e9t\u00e9 hybride tr\u00e8s appr\u00e9ci\u00e9e dans la communaut\u00e9.<\/p>\n<p><b>Aspect de la fleur.<\/b> Les fleurs du ASH Regular Seeds ont un aspect compact, avec une couche de r\u00e9sine brillante et des calices bien form\u00e9s. Un d\u00e9lice visuel avec des ar\u00f4mes intenses de fruits, d'\u00e9pices et de mouffette.<\/p>\n<p><b>Morphologie v\u00e9g\u00e9tale.<\/b> Cette plante d\u00e9veloppe une structure de taille moyenne, avec de fortes branches lat\u00e9rales capables de supporter le poids des t\u00eates. Cette plante atteint environ 90 \u00e0 120 cm en int\u00e9rieur et donne des rendements estim\u00e9s de 400 \u00e0 500 g\/m2.<\/p>\n<h3><b>Conseils de Culture<\/b><\/h3>\n<ul>\n<li><strong>Quel est le climat id\u00e9al pour cultiver le ASH Regular Seeds ?<\/strong><br \/>Id\u00e9al pour les climats temp\u00e9r\u00e9s. Maintenir les temp\u00e9ratures sans grandes fluctuations pour maximiser son potentiel.<\/li>\n<li><strong>Quelles techniques de formation fonctionnent le mieux avec le ASH Regular Seeds ?<\/strong><br \/>Des techniques telles que la taille apicale et le LST sont id\u00e9ales pour homog\u00e9n\u00e9iser la canop\u00e9e.<\/li>\n<li><strong>De quel type de fertilisation le ASH Regular Seeds a-t-il besoin ?<\/strong><br \/>Il n\u00e9cessite une alimentation standard, appr\u00e9ciant les apports suppl\u00e9mentaires de phosphore dans la phase finale.<\/li>\n<li><strong>\u00c0 quoi devraient ressembler l\u2019irrigation et l\u2019humidit\u00e9 pour le ASH Regular Seeds ?<\/strong><br \/>Risques mod\u00e9r\u00e9s. \u00c9vitez l\u2019engorgement pour \u00e9viter les probl\u00e8mes de racines.<\/li>\n<li><strong>Est-il n\u00e9cessaire de tailler la plante ASH Regular Seeds ?<\/strong><br \/>Oui, l\u2019\u00e9limination strat\u00e9gique des feuilles sur les branches inf\u00e9rieures am\u00e9liorera l\u2019a\u00e9ration.<\/li>\n<\/ul>","protected":false},"excerpt":{"rendered":"<p><strong>ASH Regular Seeds<\/strong> par M. Nice Seedbank. ASH Regular Seeds de Mr Nice Seedbank est une g\u00e9n\u00e9tique tr\u00e8s \u00e9quilibr\u00e9e qui se distingue par sa robustesse et ses performances constantes.<\/p>","protected":false},"featured_media":5125,"template":"","meta":{"_acf_changed":false,"inline_featured_image":false,"_wp_applaud_exclude":false},"product_brand":[291],"product_cat":[309],"product_tag":[],"class_list":{"0":"post-5851","1":"product","2":"type-product","3":"status-publish","4":"has-post-thumbnail","6":"product_brand-mr-nice-seedbank","7":"product_cat-regular","8":"pa_altura-exterior-150-180","9":"pa_altura-interior-90-120","10":"pa_beneficios-terapeuticos-alivio-del-dolor","11":"pa_beneficios-terapeuticos-aumento-del-apetito","12":"pa_cantidad-pack-18","13":"pa_clima-templado","14":"pa_cosecha-exterior-450-550","15":"pa_cosecha-interior-400-500","16":"pa_efectos-destacables-alegre","17":"pa_efectos-destacables-creativo","18":"pa_efectos-destacables-relajado","19":"pa_floracion-8-9","20":"pa_genetica-50-50","21":"pa_olor-moderado","22":"pa_sabores-y-olores-afrutado","23":"pa_sabores-y-olores-especias","24":"pa_sabores-y-olores-skunk","25":"pa_thc-18-24","26":"pa_variedad-hibrida","28":"first","29":"instock","30":"taxable","31":"shipping-taxable","32":"purchasable","33":"product-type-variable"},"acf":{"sticker":false,"family_tree":""},"yoast_head":"<!-- This site is optimized with the Yoast SEO plugin v26.5 - https:\/\/yoast.com\/wordpress\/plugins\/seo\/ -->\n<title>ASH Regular Seeds - BLUEDOG GENETICS Seeds<\/title>\n<meta name=\"description\" content=\"ASH Regular Seeds de Mr Nice Seedbank. Semillas con 18-24% de THC. Aromas a Afrutado, Especias, Skunk. Cosecha r\u00e1pida y grandes rendimientos. \u00a1Compra al me\" \/>\n<meta name=\"robots\" content=\"index, follow, max-snippet:-1, max-image-preview:large, max-video-preview:-1\" \/>\n<link rel=\"canonical\" href=\"https:\/\/bluedoggenetics.com\/fr\/produit\/regular\/ash-regular-seeds\/\" \/>\n<meta property=\"og:locale\" content=\"fr_FR\" \/>\n<meta property=\"og:type\" content=\"article\" \/>\n<meta property=\"og:title\" content=\"ASH Regular Seeds - BLUEDOG GENETICS Seeds\" \/>\n<meta property=\"og:description\" content=\"ASH Regular Seeds de Mr Nice Seedbank. Semillas con 18-24% de THC. Aromas a Afrutado, Especias, Skunk. Cosecha r\u00e1pida y grandes rendimientos. \u00a1Compra al me\" \/>\n<meta property=\"og:url\" content=\"https:\/\/bluedoggenetics.com\/fr\/produit\/regular\/ash-regular-seeds\/\" \/>\n<meta property=\"og:site_name\" content=\"BLUEDOG GENETICS Seeds\" \/>\n<meta property=\"article:modified_time\" content=\"2026-05-06T12:58:05+00:00\" \/>\n<meta property=\"og:image\" content=\"https:\/\/bluedoggenetics.com\/wp-content\/uploads\/2026\/03\/139992_2195889_pimcore_1_2.jpg\" \/>\n\t<meta property=\"og:image:width\" content=\"340\" \/>\n\t<meta property=\"og:image:height\" content=\"360\" \/>\n\t<meta property=\"og:image:type\" content=\"image\/jpeg\" \/>\n<meta name=\"twitter:card\" content=\"summary_large_image\" \/>\n<meta name=\"twitter:label1\" content=\"Dur\u00e9e de lecture estim\u00e9e\" \/>\n\t<meta name=\"twitter:data1\" content=\"1 minute\" \/>\n<script type=\"application\/ld+json\" class=\"yoast-schema-graph\">{\"@context\":\"https:\/\/schema.org\",\"@graph\":[{\"@type\":[\"WebPage\",\"ItemPage\"],\"@id\":\"https:\/\/bluedoggenetics.com\/producto\/regular\/ash-regular-seeds\/\",\"url\":\"https:\/\/bluedoggenetics.com\/producto\/regular\/ash-regular-seeds\/\",\"name\":\"ASH Regular Seeds - BLUEDOG GENETICS Seeds\",\"isPartOf\":{\"@id\":\"https:\/\/bluedoggenetics.com\/de\/#website\"},\"primaryImageOfPage\":{\"@id\":\"https:\/\/bluedoggenetics.com\/producto\/regular\/ash-regular-seeds\/#primaryimage\"},\"image\":{\"@id\":\"https:\/\/bluedoggenetics.com\/producto\/regular\/ash-regular-seeds\/#primaryimage\"},\"thumbnailUrl\":\"https:\/\/bluedoggenetics.com\/wp-content\/uploads\/2026\/03\/139992_2195889_pimcore_1_2.jpg\",\"datePublished\":\"2026-03-30T20:51:05+00:00\",\"dateModified\":\"2026-05-06T12:58:05+00:00\",\"description\":\"ASH Regular Seeds de Mr Nice Seedbank. Semillas con 18-24% de THC. Aromas a Afrutado, Especias, Skunk. Cosecha r\u00e1pida y grandes rendimientos. \u00a1Compra al me\",\"breadcrumb\":{\"@id\":\"https:\/\/bluedoggenetics.com\/producto\/regular\/ash-regular-seeds\/#breadcrumb\"},\"inLanguage\":\"fr-FR\",\"potentialAction\":[{\"@type\":\"ReadAction\",\"target\":[\"https:\/\/bluedoggenetics.com\/producto\/regular\/ash-regular-seeds\/\"]}]},{\"@type\":\"ImageObject\",\"inLanguage\":\"fr-FR\",\"@id\":\"https:\/\/bluedoggenetics.com\/producto\/regular\/ash-regular-seeds\/#primaryimage\",\"url\":\"https:\/\/bluedoggenetics.com\/wp-content\/uploads\/2026\/03\/139992_2195889_pimcore_1_2.jpg\",\"contentUrl\":\"https:\/\/bluedoggenetics.com\/wp-content\/uploads\/2026\/03\/139992_2195889_pimcore_1_2.jpg\",\"width\":340,\"height\":360},{\"@type\":\"BreadcrumbList\",\"@id\":\"https:\/\/bluedoggenetics.com\/producto\/regular\/ash-regular-seeds\/#breadcrumb\",\"itemListElement\":[{\"@type\":\"ListItem\",\"position\":1,\"name\":\"Portada\",\"item\":\"https:\/\/bluedoggenetics.com\/\"},{\"@type\":\"ListItem\",\"position\":2,\"name\":\"Tienda\",\"item\":\"https:\/\/bluedoggenetics.com\/fr\/tienda\/\"},{\"@type\":\"ListItem\",\"position\":3,\"name\":\"ASH Regular Seeds\"}]},{\"@type\":\"WebSite\",\"@id\":\"https:\/\/bluedoggenetics.com\/de\/#website\",\"url\":\"https:\/\/bluedoggenetics.com\/de\/\",\"name\":\"BLUEDOG GENETICS Seeds\",\"description\":\"Compara y compra las mejores semillas de cannabis. Feminizadas, Autoflorecientes, CBD.\",\"publisher\":{\"@id\":\"https:\/\/bluedoggenetics.com\/de\/#organization\"},\"alternateName\":\"BLUEDOG GENETICS\",\"potentialAction\":[{\"@type\":\"SearchAction\",\"target\":{\"@type\":\"EntryPoint\",\"urlTemplate\":\"https:\/\/bluedoggenetics.com\/de\/?s={search_term_string}\"},\"query-input\":{\"@type\":\"PropertyValueSpecification\",\"valueRequired\":true,\"valueName\":\"search_term_string\"}}],\"inLanguage\":\"fr-FR\"},{\"@type\":\"Organization\",\"@id\":\"https:\/\/bluedoggenetics.com\/de\/#organization\",\"name\":\"BLUEDOG GENETICS\",\"url\":\"https:\/\/bluedoggenetics.com\/de\/\",\"logo\":{\"@type\":\"ImageObject\",\"inLanguage\":\"fr-FR\",\"@id\":\"https:\/\/bluedoggenetics.com\/de\/#\/schema\/logo\/image\/\",\"url\":\"https:\/\/bluedoggenetics.com\/wp-content\/uploads\/2024\/11\/appIcon.png\",\"contentUrl\":\"https:\/\/bluedoggenetics.com\/wp-content\/uploads\/2024\/11\/appIcon.png\",\"width\":1024,\"height\":1024,\"caption\":\"BLUEDOG GENETICS\"},\"image\":{\"@id\":\"https:\/\/bluedoggenetics.com\/de\/#\/schema\/logo\/image\/\"},\"sameAs\":[\"https:\/\/www.instagram.com\/bluedog.genetics\/\"]}]}<\/script>\n<!-- \/ Yoast SEO plugin. -->","yoast_head_json":{"title":"ASH Regular Seeds - Graines G\u00c9N\u00c9TIQUE BLUEDOG","description":"ASH Regular Seeds par M. Nice Seedbank. Graines avec 18-24% de THC. Ar\u00f4mes fruit\u00e9s, \u00e9pices, mouffette. R\u00e9colte rapide et bons rendements. Achetez chez moi","robots":{"index":"index","follow":"follow","max-snippet":"max-snippet:-1","max-image-preview":"max-image-preview:large","max-video-preview":"max-video-preview:-1"},"canonical":"https:\/\/bluedoggenetics.com\/fr\/produit\/regular\/ash-regular-seeds\/","og_locale":"fr_FR","og_type":"article","og_title":"ASH Regular Seeds - BLUEDOG GENETICS Seeds","og_description":"ASH Regular Seeds de Mr Nice Seedbank. Semillas con 18-24% de THC. Aromas a Afrutado, Especias, Skunk. Cosecha r\u00e1pida y grandes rendimientos. \u00a1Compra al me","og_url":"https:\/\/bluedoggenetics.com\/fr\/produit\/regular\/ash-regular-seeds\/","og_site_name":"BLUEDOG GENETICS Seeds","article_modified_time":"2026-05-06T12:58:05+00:00","og_image":[{"width":340,"height":360,"url":"https:\/\/bluedoggenetics.com\/wp-content\/uploads\/2026\/03\/139992_2195889_pimcore_1_2.jpg","type":"image\/jpeg"}],"twitter_card":"summary_large_image","twitter_misc":{"Dur\u00e9e de lecture estim\u00e9e":"1 minute"},"schema":{"@context":"https:\/\/schema.org","@graph":[{"@type":["WebPage","ItemPage"],"@id":"https:\/\/bluedoggenetics.com\/producto\/regular\/ash-regular-seeds\/","url":"https:\/\/bluedoggenetics.com\/producto\/regular\/ash-regular-seeds\/","name":"ASH Regular Seeds - Graines G\u00c9N\u00c9TIQUE BLUEDOG","isPartOf":{"@id":"https:\/\/bluedoggenetics.com\/de\/#website"},"primaryImageOfPage":{"@id":"https:\/\/bluedoggenetics.com\/producto\/regular\/ash-regular-seeds\/#primaryimage"},"image":{"@id":"https:\/\/bluedoggenetics.com\/producto\/regular\/ash-regular-seeds\/#primaryimage"},"thumbnailUrl":"https:\/\/bluedoggenetics.com\/wp-content\/uploads\/2026\/03\/139992_2195889_pimcore_1_2.jpg","datePublished":"2026-03-30T20:51:05+00:00","dateModified":"2026-05-06T12:58:05+00:00","description":"ASH Regular Seeds par M. Nice Seedbank. Graines avec 18-24% de THC. Ar\u00f4mes fruit\u00e9s, \u00e9pices, mouffette. R\u00e9colte rapide et bons rendements. Achetez chez moi","breadcrumb":{"@id":"https:\/\/bluedoggenetics.com\/producto\/regular\/ash-regular-seeds\/#breadcrumb"},"inLanguage":"fr-FR","potentialAction":[{"@type":"ReadAction","target":["https:\/\/bluedoggenetics.com\/producto\/regular\/ash-regular-seeds\/"]}]},{"@type":"ImageObject","inLanguage":"fr-FR","@id":"https:\/\/bluedoggenetics.com\/producto\/regular\/ash-regular-seeds\/#primaryimage","url":"https:\/\/bluedoggenetics.com\/wp-content\/uploads\/2026\/03\/139992_2195889_pimcore_1_2.jpg","contentUrl":"https:\/\/bluedoggenetics.com\/wp-content\/uploads\/2026\/03\/139992_2195889_pimcore_1_2.jpg","width":340,"height":360},{"@type":"BreadcrumbList","@id":"https:\/\/bluedoggenetics.com\/producto\/regular\/ash-regular-seeds\/#breadcrumb","itemListElement":[{"@type":"ListItem","position":1,"name":"Portada","item":"https:\/\/bluedoggenetics.com\/"},{"@type":"ListItem","position":2,"name":"Tienda","item":"https:\/\/bluedoggenetics.com\/fr\/tienda\/"},{"@type":"ListItem","position":3,"name":"ASH Regular Seeds"}]},{"@type":"WebSite","@id":"https:\/\/bluedoggenetics.com\/de\/#website","url":"https:\/\/bluedoggenetics.com\/de\/","name":"BLUEDOG GENETICS Seeds","description":"Compare et ach\u00e8te les meilleures graines de cannabis. F\u00e9minis\u00e9es, autofloraison, CBD.","publisher":{"@id":"https:\/\/bluedoggenetics.com\/de\/#organization"},"alternateName":"BLUEDOG GENETICS","potentialAction":[{"@type":"SearchAction","target":{"@type":"EntryPoint","urlTemplate":"https:\/\/bluedoggenetics.com\/de\/?s={search_term_string}"},"query-input":{"@type":"PropertyValueSpecification","valueRequired":true,"valueName":"search_term_string"}}],"inLanguage":"fr-FR"},{"@type":"Organization","@id":"https:\/\/bluedoggenetics.com\/de\/#organization","name":"BLUEDOG GENETICS","url":"https:\/\/bluedoggenetics.com\/de\/","logo":{"@type":"ImageObject","inLanguage":"fr-FR","@id":"https:\/\/bluedoggenetics.com\/de\/#\/schema\/logo\/image\/","url":"https:\/\/bluedoggenetics.com\/wp-content\/uploads\/2024\/11\/appIcon.png","contentUrl":"https:\/\/bluedoggenetics.com\/wp-content\/uploads\/2024\/11\/appIcon.png","width":1024,"height":1024,"caption":"BLUEDOG GENETICS"},"image":{"@id":"https:\/\/bluedoggenetics.com\/de\/#\/schema\/logo\/image\/"},"sameAs":["https:\/\/www.instagram.com\/bluedog.genetics\/"]}]}},"sticker_url":null,"variations_full":[{"id":5860,"price":57,"regular_price":57,"attributes":{"attribute_pa_cantidad":"pack-18"},"image_src":"https:\/\/bluedoggenetics.com\/wp-content\/uploads\/2026\/03\/139992_2195889_pimcore_1_2.jpg","is_in_stock":true}],"jetpack_sharing_enabled":true,"_links":{"self":[{"href":"https:\/\/bluedoggenetics.com\/fr\/wp-json\/wp\/v2\/product\/5851","targetHints":{"allow":["GET"]}}],"collection":[{"href":"https:\/\/bluedoggenetics.com\/fr\/wp-json\/wp\/v2\/product"}],"about":[{"href":"https:\/\/bluedoggenetics.com\/fr\/wp-json\/wp\/v2\/types\/product"}],"wp:featuredmedia":[{"embeddable":true,"href":"https:\/\/bluedoggenetics.com\/fr\/wp-json\/wp\/v2\/media\/5125"}],"wp:attachment":[{"href":"https:\/\/bluedoggenetics.com\/fr\/wp-json\/wp\/v2\/media?parent=5851"}],"wp:term":[{"taxonomy":"product_brand","embeddable":true,"href":"https:\/\/bluedoggenetics.com\/fr\/wp-json\/wp\/v2\/product_brand?post=5851"},{"taxonomy":"product_cat","embeddable":true,"href":"https:\/\/bluedoggenetics.com\/fr\/wp-json\/wp\/v2\/product_cat?post=5851"},{"taxonomy":"product_tag","embeddable":true,"href":"https:\/\/bluedoggenetics.com\/fr\/wp-json\/wp\/v2\/product_tag?post=5851"}],"curies":[{"name":"wp","href":"https:\/\/api.w.org\/{rel}","templated":true}]}}