{"id":4801,"date":"2026-03-27T19:56:32","date_gmt":"2026-03-27T18:56:32","guid":{"rendered":"https:\/\/bluedoggenetics.com\/?post_type=product&#038;p=4801"},"modified":"2026-05-06T14:57:35","modified_gmt":"2026-05-06T12:57:35","slug":"amnesia-flash-auto","status":"publish","type":"product","link":"https:\/\/bluedoggenetics.com\/fr\/produit\/graines\/autofloraison\/amnesia-flash-auto\/","title":{"rendered":"Amnesia Flash Auto"},"content":{"rendered":"<p>Cultiver des graines <strong>Amnesia Flash<\/strong> est de garantir le succ\u00e8s de votre jardin. Cette b\u00eate g\u00e9n\u00e9tique d'Anesia Seeds est con\u00e7ue pour fournir des rendements massifs sans compromettre le moindrement la qualit\u00e9. En culture d'int\u00e9rieur, dans des conditions optimales, ses \u00e9paisses structures florales peuvent sans effort d\u00e9passer 600 g\/m2. Si vous d\u00e9cidez de le planter en ext\u00e9rieur en plein soleil, pr\u00e9parez-vous \u00e0 voir comment chaque sp\u00e9cimen se transforme en un v\u00e9ritable arbre productif, r\u00e9sistant sto\u00efquement aux intemp\u00e9ries gr\u00e2ce \u00e0 sa robustesse ind\u00e9niable.<\/p>\n<p>Lors de la d\u00e9gustation <strong>Amnesia Flash<\/strong>, le voyage commence d\u00e8s la premi\u00e8re bouff\u00e9e. Son pourcentage colossal de cannabino\u00efdes provoque une puissante vague de Euforia c\u00e9r\u00e9bral, d'\u00e9nergie cr\u00e9atrice et de bonheur in\u00e9gal\u00e9. C'est une exp\u00e9rience longue et intense r\u00e9serv\u00e9e aux producteurs et aux consommateurs qui recherchent une qualit\u00e9 \u00e0 la limite du commercial mais avec l'\u00e2me d'une v\u00e9ritable \u00ab boutique \u00bb. g\u00e9n\u00e9tique.<\/p>\n<p><b>Aspect de la fleur.<\/b> Les t\u00eates de ce joyau sont visuellement spectaculaires : extr\u00eamement denses, lourdes comme de la pierre et recouvertes d'une couche de r\u00e9sine si \u00e9paisse qu'elles semblent gel\u00e9es. Ses calices pr\u00e9sentent des verts intenses qui, avec le froid, deviennent violets, se d\u00e9tachant intens\u00e9ment sous la neige des trichomes cristallins.<\/p>\n<p><b>Morphologie v\u00e9g\u00e9tale.<\/b> <strong>Amnesia Flash<\/strong> Il pr\u00e9sente une croissance vigoureuse d\u00e8s ses premi\u00e8res semaines de vie. Sa structure est solide, avec une distance internodale parfaite pour permettre \u00e0 la lumi\u00e8re de p\u00e9n\u00e9trer jusqu'aux fleurs les plus basses, tandis que sa branche principale domine avec une taille majestueuse.<\/p>\n<h3><b>Conseils de Culture<\/b><\/h3>\n<ul>\n<li><strong>Quel est le climat id\u00e9al pour cultiver le Amnesia Flash ?<\/strong>\n<p>Il appr\u00e9cie grandement les climats ensoleill\u00e9s, secs et chauds semblables \u00e0 ceux de la M\u00e9diterran\u00e9e. Cependant, sa solide g\u00e9n\u00e9tique lui conf\u00e8re une grande r\u00e9sistance aux l\u00e9g\u00e8res baisses de temp\u00e9rature.<\/li>\n<li><strong>Quelles techniques de formation fonctionnent le mieux avec Amnesia Flash ?<\/strong>\n<p>Pour tirer le meilleur parti de ses performances, appliquez des m\u00e9thodes \u00e0 faible stress (LST) ou des techniques telles que le SCROG, permettant ainsi de cr\u00e9er une canop\u00e9e de niveau o\u00f9 toutes ses branches re\u00e7oivent une lumi\u00e8re directe.<\/li>\n<li><strong>De quel type de fertilisation le Amnesia Flash a-t-il besoin ?<\/strong>\n<p>\u00c9tant un super-producteur, il n\u00e9cessite une alimentation solide. Soutenez-le avec des compl\u00e9ments biologiques riches en phosphore et en potassium pendant la phase d'engraissement pour booster la taille et la saveur de ses calices.<\/li>\n<li><strong>\u00c0 quoi devraient ressembler l\u2019arrosage et l\u2019humidit\u00e9 pour le Amnesia Flash ?<\/strong>\n<p>Pr\u00e9voyez beaucoup d\u2019eau mais laissez toujours le substrat s\u00e9cher l\u00e9g\u00e8rement entre les arrosages. Dans la phase finale de floraison, maintenez l'humidit\u00e9 en dessous de 45 % pour \u00e9viter des probl\u00e8mes au niveau de ses fleurs compactes.<\/li>\n<li><strong>Est-il n\u00e9cessaire de tailler la plante Flash Amnesia ?<\/strong>\n<p>Certainement. Effectuer une taille basse (lollipopping) avant d'entrer en floraison, en \u00e9liminant les branches qui ne re\u00e7oivent pas de lumi\u00e8re, canalisera toute l'\u00e9nergie de la plante vers la couronne principale.<\/li>\n<\/ul>","protected":false},"excerpt":{"rendered":"<p><strong>Amnesia Flash Auto<\/strong> par Anesia Seeds est un chef-d'\u0153uvre de la s\u00e9lection de cannabis actuelle. Cette graine f\u00e9minis\u00e9e (<strong>sativa<\/strong>) est connu pour repousser les limites connues, atteignant des niveaux de THC stup\u00e9fiants du <strong>26-30%<\/strong>. En raison de son extr\u00eame vigueur, de sa r\u00e9sistance et de son profil terp\u00e9nique \u00e9crasant, elle est devenue l\u2019une des g\u00e9n\u00e9tiques les plus recherch\u00e9es et cultiv\u00e9es avec succ\u00e8s au monde. Id\u00e9al pour ceux qui exigent le maximum de puissance et de production.<\/p>","protected":false},"featured_media":3056,"template":"","meta":{"_acf_changed":false,"inline_featured_image":false,"_wp_applaud_exclude":false},"product_brand":[197],"product_cat":[21],"product_tag":[],"class_list":{"0":"post-4801","1":"product","2":"type-product","3":"status-publish","4":"has-post-thumbnail","6":"product_brand-anesia-seeds","7":"product_cat-autoflorecientes","8":"pa_altura-exterior-180-200","9":"pa_altura-interior-120-150","10":"pa_beneficios-terapeuticos-alivio-de-ansiedad","11":"pa_beneficios-terapeuticos-aumento-del-apetito","12":"pa_cantidad-pack-10","13":"pa_cantidad-pack-3","14":"pa_cantidad-pack-5","15":"pa_clima-calido","16":"pa_cosecha-exterior-750-850","17":"pa_cosecha-interior-550-650","18":"pa_efectos-destacables-activo","19":"pa_efectos-destacables-alegre","20":"pa_efectos-destacables-creativo","21":"pa_efectos-destacables-euforico","22":"pa_floracion-9-10","23":"pa_genetica-20-80","24":"pa_olor-intenso","25":"pa_sabores-y-olores-citrico","26":"pa_sabores-y-olores-especias","27":"pa_sabores-y-olores-floral","28":"pa_thc-26-30","29":"pa_variedad-mayormente-sativa","30":"pa_variedad-sativa","32":"first","33":"instock","34":"taxable","35":"shipping-taxable","36":"purchasable","37":"product-type-variable"},"acf":{"sticker":"https:\/\/bluedoggenetics.com\/wp-content\/uploads\/2026\/03\/anesia.webp","family_tree":""},"yoast_head":"<!-- This site is optimized with the Yoast SEO plugin v26.5 - https:\/\/yoast.com\/wordpress\/plugins\/seo\/ -->\n<title>Amnesia Flash Auto Auto de Anesia Seeds - BLUEDOG GENETICS Seeds<\/title>\n<meta name=\"description\" content=\"Amnesia Flash Auto de Anesia Seeds: la Sativa con 27% de THC y aroma a lim\u00f3n y especias. Floraci\u00f3n r\u00e1pida y efecto cerebral potente. \u00a1Compra tus semillas ahora!\" \/>\n<meta name=\"robots\" content=\"index, follow, max-snippet:-1, max-image-preview:large, max-video-preview:-1\" \/>\n<link rel=\"canonical\" href=\"https:\/\/bluedoggenetics.com\/fr\/produit\/autofloraison\/amnesia-flash-auto\/\" \/>\n<meta property=\"og:locale\" content=\"fr_FR\" \/>\n<meta property=\"og:type\" content=\"article\" \/>\n<meta property=\"og:title\" content=\"Amnesia Flash Auto Auto de Anesia Seeds - BLUEDOG GENETICS Seeds\" \/>\n<meta property=\"og:description\" content=\"Amnesia Flash Auto de Anesia Seeds: la Sativa con 27% de THC y aroma a lim\u00f3n y especias. Floraci\u00f3n r\u00e1pida y efecto cerebral potente. \u00a1Compra tus semillas ahora!\" \/>\n<meta property=\"og:url\" content=\"https:\/\/bluedoggenetics.com\/fr\/produit\/autofloraison\/amnesia-flash-auto\/\" \/>\n<meta property=\"og:site_name\" content=\"BLUEDOG GENETICS Seeds\" \/>\n<meta property=\"article:modified_time\" content=\"2026-05-06T12:57:35+00:00\" \/>\n<meta property=\"og:image\" content=\"https:\/\/bluedoggenetics.com\/wp-content\/uploads\/2026\/03\/Amnesia-Flash-600x800-1-300x400-1.jpg\" \/>\n\t<meta property=\"og:image:width\" content=\"300\" \/>\n\t<meta property=\"og:image:height\" content=\"400\" \/>\n\t<meta property=\"og:image:type\" content=\"image\/jpeg\" \/>\n<meta name=\"twitter:card\" content=\"summary_large_image\" \/>\n<meta name=\"twitter:label1\" content=\"Dur\u00e9e de lecture estim\u00e9e\" \/>\n\t<meta name=\"twitter:data1\" content=\"3 minutes\" \/>\n<script type=\"application\/ld+json\" class=\"yoast-schema-graph\">{\"@context\":\"https:\/\/schema.org\",\"@graph\":[{\"@type\":[\"WebPage\",\"ItemPage\"],\"@id\":\"https:\/\/bluedoggenetics.com\/producto\/autoflorecientes\/amnesia-flash-auto\/\",\"url\":\"https:\/\/bluedoggenetics.com\/producto\/autoflorecientes\/amnesia-flash-auto\/\",\"name\":\"Amnesia Flash Auto Auto de Anesia Seeds - BLUEDOG GENETICS Seeds\",\"isPartOf\":{\"@id\":\"https:\/\/bluedoggenetics.com\/de\/#website\"},\"primaryImageOfPage\":{\"@id\":\"https:\/\/bluedoggenetics.com\/producto\/autoflorecientes\/amnesia-flash-auto\/#primaryimage\"},\"image\":{\"@id\":\"https:\/\/bluedoggenetics.com\/producto\/autoflorecientes\/amnesia-flash-auto\/#primaryimage\"},\"thumbnailUrl\":\"https:\/\/bluedoggenetics.com\/wp-content\/uploads\/2026\/03\/Amnesia-Flash-600x800-1-300x400-1.jpg\",\"datePublished\":\"2026-03-27T18:56:32+00:00\",\"dateModified\":\"2026-05-06T12:57:35+00:00\",\"description\":\"Amnesia Flash Auto de Anesia Seeds: la Sativa con 27% de THC y aroma a lim\u00f3n y especias. Floraci\u00f3n r\u00e1pida y efecto cerebral potente. \u00a1Compra tus semillas ahora!\",\"breadcrumb\":{\"@id\":\"https:\/\/bluedoggenetics.com\/producto\/autoflorecientes\/amnesia-flash-auto\/#breadcrumb\"},\"inLanguage\":\"fr-FR\",\"potentialAction\":[{\"@type\":\"ReadAction\",\"target\":[\"https:\/\/bluedoggenetics.com\/producto\/autoflorecientes\/amnesia-flash-auto\/\"]}]},{\"@type\":\"ImageObject\",\"inLanguage\":\"fr-FR\",\"@id\":\"https:\/\/bluedoggenetics.com\/producto\/autoflorecientes\/amnesia-flash-auto\/#primaryimage\",\"url\":\"https:\/\/bluedoggenetics.com\/wp-content\/uploads\/2026\/03\/Amnesia-Flash-600x800-1-300x400-1.jpg\",\"contentUrl\":\"https:\/\/bluedoggenetics.com\/wp-content\/uploads\/2026\/03\/Amnesia-Flash-600x800-1-300x400-1.jpg\",\"width\":300,\"height\":400,\"caption\":\"Amnesia Flash Auto de Anesia Seeds\"},{\"@type\":\"BreadcrumbList\",\"@id\":\"https:\/\/bluedoggenetics.com\/producto\/autoflorecientes\/amnesia-flash-auto\/#breadcrumb\",\"itemListElement\":[{\"@type\":\"ListItem\",\"position\":1,\"name\":\"Portada\",\"item\":\"https:\/\/bluedoggenetics.com\/\"},{\"@type\":\"ListItem\",\"position\":2,\"name\":\"Tienda\",\"item\":\"https:\/\/bluedoggenetics.com\/fr\/tienda\/\"},{\"@type\":\"ListItem\",\"position\":3,\"name\":\"Amnesia Flash Auto\"}]},{\"@type\":\"WebSite\",\"@id\":\"https:\/\/bluedoggenetics.com\/de\/#website\",\"url\":\"https:\/\/bluedoggenetics.com\/de\/\",\"name\":\"BLUEDOG GENETICS Seeds\",\"description\":\"Compara y compra las mejores semillas de cannabis. Feminizadas, Autoflorecientes, CBD.\",\"publisher\":{\"@id\":\"https:\/\/bluedoggenetics.com\/de\/#organization\"},\"alternateName\":\"BLUEDOG GENETICS\",\"potentialAction\":[{\"@type\":\"SearchAction\",\"target\":{\"@type\":\"EntryPoint\",\"urlTemplate\":\"https:\/\/bluedoggenetics.com\/de\/?s={search_term_string}\"},\"query-input\":{\"@type\":\"PropertyValueSpecification\",\"valueRequired\":true,\"valueName\":\"search_term_string\"}}],\"inLanguage\":\"fr-FR\"},{\"@type\":\"Organization\",\"@id\":\"https:\/\/bluedoggenetics.com\/de\/#organization\",\"name\":\"BLUEDOG GENETICS\",\"url\":\"https:\/\/bluedoggenetics.com\/de\/\",\"logo\":{\"@type\":\"ImageObject\",\"inLanguage\":\"fr-FR\",\"@id\":\"https:\/\/bluedoggenetics.com\/de\/#\/schema\/logo\/image\/\",\"url\":\"https:\/\/bluedoggenetics.com\/wp-content\/uploads\/2024\/11\/appIcon.png\",\"contentUrl\":\"https:\/\/bluedoggenetics.com\/wp-content\/uploads\/2024\/11\/appIcon.png\",\"width\":1024,\"height\":1024,\"caption\":\"BLUEDOG GENETICS\"},\"image\":{\"@id\":\"https:\/\/bluedoggenetics.com\/de\/#\/schema\/logo\/image\/\"},\"sameAs\":[\"https:\/\/www.instagram.com\/bluedog.genetics\/\"]}]}<\/script>\n<!-- \/ Yoast SEO plugin. -->","yoast_head_json":{"title":"Amnesia Flash Auto Auto par Anesia Seeds - Graines BLUEDOG GENETICS","description":"Amnesia Flash Auto d'Anesia Seeds : la Sativa avec 27% de THC et un ar\u00f4me de citron et d'\u00e9pices. Floraison rapide et effet c\u00e9r\u00e9bral puissant. Achetez vos graines maintenant !","robots":{"index":"index","follow":"follow","max-snippet":"max-snippet:-1","max-image-preview":"max-image-preview:large","max-video-preview":"max-video-preview:-1"},"canonical":"https:\/\/bluedoggenetics.com\/fr\/produit\/autofloraison\/amnesia-flash-auto\/","og_locale":"fr_FR","og_type":"article","og_title":"Amnesia Flash Auto Auto de Anesia Seeds - BLUEDOG GENETICS Seeds","og_description":"Amnesia Flash Auto de Anesia Seeds: la Sativa con 27% de THC y aroma a lim\u00f3n y especias. Floraci\u00f3n r\u00e1pida y efecto cerebral potente. \u00a1Compra tus semillas ahora!","og_url":"https:\/\/bluedoggenetics.com\/fr\/produit\/autofloraison\/amnesia-flash-auto\/","og_site_name":"BLUEDOG GENETICS Seeds","article_modified_time":"2026-05-06T12:57:35+00:00","og_image":[{"width":300,"height":400,"url":"https:\/\/bluedoggenetics.com\/wp-content\/uploads\/2026\/03\/Amnesia-Flash-600x800-1-300x400-1.jpg","type":"image\/jpeg"}],"twitter_card":"summary_large_image","twitter_misc":{"Dur\u00e9e de lecture estim\u00e9e":"3 minutes"},"schema":{"@context":"https:\/\/schema.org","@graph":[{"@type":["WebPage","ItemPage"],"@id":"https:\/\/bluedoggenetics.com\/producto\/autoflorecientes\/amnesia-flash-auto\/","url":"https:\/\/bluedoggenetics.com\/producto\/autoflorecientes\/amnesia-flash-auto\/","name":"Amnesia Flash Auto Auto par Anesia Seeds - Graines BLUEDOG GENETICS","isPartOf":{"@id":"https:\/\/bluedoggenetics.com\/de\/#website"},"primaryImageOfPage":{"@id":"https:\/\/bluedoggenetics.com\/producto\/autoflorecientes\/amnesia-flash-auto\/#primaryimage"},"image":{"@id":"https:\/\/bluedoggenetics.com\/producto\/autoflorecientes\/amnesia-flash-auto\/#primaryimage"},"thumbnailUrl":"https:\/\/bluedoggenetics.com\/wp-content\/uploads\/2026\/03\/Amnesia-Flash-600x800-1-300x400-1.jpg","datePublished":"2026-03-27T18:56:32+00:00","dateModified":"2026-05-06T12:57:35+00:00","description":"Amnesia Flash Auto d'Anesia Seeds : la Sativa avec 27% de THC et un ar\u00f4me de citron et d'\u00e9pices. Floraison rapide et effet c\u00e9r\u00e9bral puissant. Achetez vos graines maintenant !","breadcrumb":{"@id":"https:\/\/bluedoggenetics.com\/producto\/autoflorecientes\/amnesia-flash-auto\/#breadcrumb"},"inLanguage":"fr-FR","potentialAction":[{"@type":"ReadAction","target":["https:\/\/bluedoggenetics.com\/producto\/autoflorecientes\/amnesia-flash-auto\/"]}]},{"@type":"ImageObject","inLanguage":"fr-FR","@id":"https:\/\/bluedoggenetics.com\/producto\/autoflorecientes\/amnesia-flash-auto\/#primaryimage","url":"https:\/\/bluedoggenetics.com\/wp-content\/uploads\/2026\/03\/Amnesia-Flash-600x800-1-300x400-1.jpg","contentUrl":"https:\/\/bluedoggenetics.com\/wp-content\/uploads\/2026\/03\/Amnesia-Flash-600x800-1-300x400-1.jpg","width":300,"height":400,"caption":"Amnesia Flash Auto de Anesia Seeds"},{"@type":"BreadcrumbList","@id":"https:\/\/bluedoggenetics.com\/producto\/autoflorecientes\/amnesia-flash-auto\/#breadcrumb","itemListElement":[{"@type":"ListItem","position":1,"name":"Portada","item":"https:\/\/bluedoggenetics.com\/"},{"@type":"ListItem","position":2,"name":"Tienda","item":"https:\/\/bluedoggenetics.com\/fr\/tienda\/"},{"@type":"ListItem","position":3,"name":"Amnesia Flash Auto"}]},{"@type":"WebSite","@id":"https:\/\/bluedoggenetics.com\/de\/#website","url":"https:\/\/bluedoggenetics.com\/de\/","name":"BLUEDOG GENETICS Seeds","description":"Compare et ach\u00e8te les meilleures graines de cannabis. F\u00e9minis\u00e9es, autofloraison, CBD.","publisher":{"@id":"https:\/\/bluedoggenetics.com\/de\/#organization"},"alternateName":"BLUEDOG GENETICS","potentialAction":[{"@type":"SearchAction","target":{"@type":"EntryPoint","urlTemplate":"https:\/\/bluedoggenetics.com\/de\/?s={search_term_string}"},"query-input":{"@type":"PropertyValueSpecification","valueRequired":true,"valueName":"search_term_string"}}],"inLanguage":"fr-FR"},{"@type":"Organization","@id":"https:\/\/bluedoggenetics.com\/de\/#organization","name":"BLUEDOG GENETICS","url":"https:\/\/bluedoggenetics.com\/de\/","logo":{"@type":"ImageObject","inLanguage":"fr-FR","@id":"https:\/\/bluedoggenetics.com\/de\/#\/schema\/logo\/image\/","url":"https:\/\/bluedoggenetics.com\/wp-content\/uploads\/2024\/11\/appIcon.png","contentUrl":"https:\/\/bluedoggenetics.com\/wp-content\/uploads\/2024\/11\/appIcon.png","width":1024,"height":1024,"caption":"BLUEDOG GENETICS"},"image":{"@id":"https:\/\/bluedoggenetics.com\/de\/#\/schema\/logo\/image\/"},"sameAs":["https:\/\/www.instagram.com\/bluedog.genetics\/"]}]}},"sticker_url":"https:\/\/bluedoggenetics.com\/wp-content\/uploads\/2026\/03\/anesia.webp","variations_full":[{"id":4811,"price":22,"regular_price":22,"attributes":{"attribute_pa_cantidad":"pack-3"},"image_src":"https:\/\/bluedoggenetics.com\/wp-content\/uploads\/2026\/03\/Amnesia-Flash-600x800-1-300x400-1.jpg","is_in_stock":true},{"id":4812,"price":34.5,"regular_price":34.5,"attributes":{"attribute_pa_cantidad":"pack-5"},"image_src":"https:\/\/bluedoggenetics.com\/wp-content\/uploads\/2026\/03\/Amnesia-Flash-600x800-1-300x400-1.jpg","is_in_stock":true},{"id":4813,"price":62,"regular_price":62,"attributes":{"attribute_pa_cantidad":"pack-10"},"image_src":"https:\/\/bluedoggenetics.com\/wp-content\/uploads\/2026\/03\/Amnesia-Flash-600x800-1-300x400-1.jpg","is_in_stock":true}],"jetpack_sharing_enabled":true,"_links":{"self":[{"href":"https:\/\/bluedoggenetics.com\/fr\/wp-json\/wp\/v2\/product\/4801","targetHints":{"allow":["GET"]}}],"collection":[{"href":"https:\/\/bluedoggenetics.com\/fr\/wp-json\/wp\/v2\/product"}],"about":[{"href":"https:\/\/bluedoggenetics.com\/fr\/wp-json\/wp\/v2\/types\/product"}],"wp:featuredmedia":[{"embeddable":true,"href":"https:\/\/bluedoggenetics.com\/fr\/wp-json\/wp\/v2\/media\/3056"}],"wp:attachment":[{"href":"https:\/\/bluedoggenetics.com\/fr\/wp-json\/wp\/v2\/media?parent=4801"}],"wp:term":[{"taxonomy":"product_brand","embeddable":true,"href":"https:\/\/bluedoggenetics.com\/fr\/wp-json\/wp\/v2\/product_brand?post=4801"},{"taxonomy":"product_cat","embeddable":true,"href":"https:\/\/bluedoggenetics.com\/fr\/wp-json\/wp\/v2\/product_cat?post=4801"},{"taxonomy":"product_tag","embeddable":true,"href":"https:\/\/bluedoggenetics.com\/fr\/wp-json\/wp\/v2\/product_tag?post=4801"}],"curies":[{"name":"wp","href":"https:\/\/api.w.org\/{rel}","templated":true}]}}