{"id":4586,"date":"2026-03-29T17:53:41","date_gmt":"2026-03-29T15:53:41","guid":{"rendered":"https:\/\/bluedoggenetics.com\/?post_type=product&#038;p=4586"},"modified":"2026-05-06T14:57:29","modified_gmt":"2026-05-06T12:57:29","slug":"gas-pack","status":"publish","type":"product","link":"https:\/\/bluedoggenetics.com\/fr\/produit\/graines\/feminise\/gas-pack\/","title":{"rendered":"Gas Pack"},"content":{"rendered":"<p>Si vous d\u00e9cidez d'incorporer les graines de <strong>Gas Pack<\/strong> \u00e0 votre culture, vous garantirez une g\u00e9n\u00e9tique d\u2019une fiabilit\u00e9 extr\u00eamement \u00e9lev\u00e9e et de performances \u00e9tonnantes. Ces vari\u00e9t\u00e9s se distinguent par leur immense vigueur v\u00e9g\u00e9tative, capables de g\u00e9n\u00e9rer des structures solides pr\u00e9par\u00e9es pour supporter le poids des r\u00e9coltes qui, dans des conditions optimales, d\u00e9passeront de loin les 600 g\/m2 en armoires int\u00e9rieures. Lorsqu\u2019elle est cultiv\u00e9e en ext\u00e9rieur en plein soleil, chaque plante peut devenir un v\u00e9ritable monstre productif tr\u00e8s demand\u00e9 \u00e0 l\u2019\u00e9chelle mondiale.<\/p>\n<h3><b>Conseils de Culture<\/b><\/h3>\n<ul>\n<li><strong>Quel est le climat id\u00e9al pour cultiver le Gas Pack ?<\/strong>\n<p>Il se d\u00e9veloppe de mani\u00e8re spectaculaire dans les climats chauds et ensoleill\u00e9s de type m\u00e9diterran\u00e9en, s'adaptant sans probl\u00e8me \u00e0 de l\u00e9g\u00e8res fluctuations et \u00e0 des environnements plus temp\u00e9r\u00e9s.<\/li>\n<li><strong>Quelles techniques de formation fonctionnent le mieux avec le Gas Pack ?<\/strong>\n<p>Gr\u00e2ce \u00e0 sa ramification vigoureuse, il r\u00e9pond \u00e0 merveille aux techniques de faible stress (LST) et aux maillages SCROG, qui vous aideront \u00e0 maximiser la p\u00e9n\u00e9tration de la lumi\u00e8re et \u00e0 uniformiser la canop\u00e9e.<\/li>\n<li><strong>De quel type de fertilisation le Gas Pack a-t-il besoin ?<\/strong>\n<p>C'est une plante \u00e0 l'app\u00e9tit vorace pendant ses semaines d'engraissement. Un programme nutritionnel riche en stimulateurs PK fera ressortir toute la douceur et la complexit\u00e9 de ses terp\u00e8nes.<\/li>\n<li><strong>\u00c0 quoi devraient ressembler l\u2019irrigation et l\u2019humidit\u00e9 pour le Gas Pack ?<\/strong>\n<p>Arroser abondamment mais en laissant respirer le substrat. Maintenez l'humidit\u00e9 relative strictement en dessous de 45-50% en fin de floraison pour prot\u00e9ger ses calices.<\/li>\n<li><strong>Est-il n\u00e9cessaire de tailler les plants Gas Pack ?<\/strong>\n<p>Oui, une taille g\u00e9n\u00e9reuse des branches basses (lollipopping) en d\u00e9but de floraison et un l\u00e9ger effeuillage canaliseront toute l'\u00e9nergie vers ses pointes principales luxuriantes.<\/li>\n<\/ul>","protected":false},"excerpt":{"rendered":"<p><strong>Gas Pack<\/strong> Elle s\u2019est rapidement impos\u00e9e comme une g\u00e9n\u00e9tique incontournable du catalogue moderne. Cette graine f\u00e9minis\u00e9e exceptionnelle (<strong>indica<\/strong>) poss\u00e8de des niveaux de THC allant de <strong>26-30%<\/strong>.<\/p>","protected":false},"featured_media":3512,"template":"","meta":{"_acf_changed":false,"inline_featured_image":false,"_wp_applaud_exclude":false},"product_brand":[192],"product_cat":[22],"product_tag":[],"class_list":{"0":"post-4586","1":"product","2":"type-product","3":"status-publish","4":"has-post-thumbnail","6":"product_brand-barneys-farm","7":"product_cat-feminizadas","8":"pa_altura-exterior-120-150","9":"pa_altura-interior-90-120","10":"pa_beneficios-terapeuticos-alivio-del-dolor","11":"pa_beneficios-terapeuticos-ayuda-para-dormir","12":"pa_beneficios-terapeuticos-reduccion-de-nauseas","13":"pa_cantidad-pack-1","14":"pa_cantidad-pack-10","15":"pa_cantidad-pack-3","16":"pa_cantidad-pack-5","17":"pa_clima-calido","18":"pa_cosecha-exterior-750-850","19":"pa_cosecha-interior-550-650","20":"pa_efectos-destacables-adormecido","21":"pa_efectos-destacables-alegre","22":"pa_efectos-destacables-relajado","23":"pa_floracion-8-9","24":"pa_genetica-80-20","25":"pa_olor-intenso","26":"pa_sabores-y-olores-combustible","27":"pa_sabores-y-olores-limon","28":"pa_sabores-y-olores-pino","29":"pa_sabores-y-olores-terroso","30":"pa_thc-26-30","31":"pa_variedad-indica","32":"pa_variedad-mayormente-indica","34":"first","35":"instock","36":"taxable","37":"shipping-taxable","38":"purchasable","39":"product-type-variable"},"acf":{"sticker":"https:\/\/bluedoggenetics.com\/wp-content\/uploads\/2026\/03\/barneys-farm.webp","family_tree":""},"yoast_head":"<!-- This site is optimized with the Yoast SEO plugin v26.5 - https:\/\/yoast.com\/wordpress\/plugins\/seo\/ -->\n<title>Gas Pack de Barney&#039;s Farm - BLUEDOG GENETICS Seeds<\/title>\n<meta name=\"description\" content=\"Una potencia arrolladora con un inconfundible aroma a combustible, notas terrosas y c\u00edtricas. Resina extrema y relajaci\u00f3n profunda en una gen\u00e9tica de \u00e9lite.\" \/>\n<meta name=\"robots\" content=\"index, follow, max-snippet:-1, max-image-preview:large, max-video-preview:-1\" \/>\n<link rel=\"canonical\" href=\"https:\/\/bluedoggenetics.com\/fr\/produit\/feminise\/gas-pack\/\" \/>\n<meta property=\"og:locale\" content=\"fr_FR\" \/>\n<meta property=\"og:type\" content=\"article\" \/>\n<meta property=\"og:title\" content=\"Gas Pack de Barney&#039;s Farm - BLUEDOG GENETICS Seeds\" \/>\n<meta property=\"og:description\" content=\"Una potencia arrolladora con un inconfundible aroma a combustible, notas terrosas y c\u00edtricas. Resina extrema y relajaci\u00f3n profunda en una gen\u00e9tica de \u00e9lite.\" \/>\n<meta property=\"og:url\" content=\"https:\/\/bluedoggenetics.com\/fr\/produit\/feminise\/gas-pack\/\" \/>\n<meta property=\"og:site_name\" content=\"BLUEDOG GENETICS Seeds\" \/>\n<meta property=\"article:modified_time\" content=\"2026-05-06T12:57:29+00:00\" \/>\n<meta property=\"og:image\" content=\"https:\/\/bluedoggenetics.com\/wp-content\/uploads\/2026\/03\/gas-pack_circle_new_21_554309.webp\" \/>\n\t<meta property=\"og:image:width\" content=\"475\" \/>\n\t<meta property=\"og:image:height\" content=\"570\" \/>\n\t<meta property=\"og:image:type\" content=\"image\/webp\" \/>\n<meta name=\"twitter:card\" content=\"summary_large_image\" \/>\n<meta name=\"twitter:label1\" content=\"Dur\u00e9e de lecture estim\u00e9e\" \/>\n\t<meta name=\"twitter:data1\" content=\"2 minutes\" \/>\n<script type=\"application\/ld+json\" class=\"yoast-schema-graph\">{\"@context\":\"https:\/\/schema.org\",\"@graph\":[{\"@type\":[\"WebPage\",\"ItemPage\"],\"@id\":\"https:\/\/bluedoggenetics.com\/producto\/feminizadas\/gas-pack\/\",\"url\":\"https:\/\/bluedoggenetics.com\/producto\/feminizadas\/gas-pack\/\",\"name\":\"Gas Pack de Barney's Farm - BLUEDOG GENETICS Seeds\",\"isPartOf\":{\"@id\":\"https:\/\/bluedoggenetics.com\/de\/#website\"},\"primaryImageOfPage\":{\"@id\":\"https:\/\/bluedoggenetics.com\/producto\/feminizadas\/gas-pack\/#primaryimage\"},\"image\":{\"@id\":\"https:\/\/bluedoggenetics.com\/producto\/feminizadas\/gas-pack\/#primaryimage\"},\"thumbnailUrl\":\"https:\/\/bluedoggenetics.com\/wp-content\/uploads\/2026\/03\/gas-pack_circle_new_21_554309.webp\",\"datePublished\":\"2026-03-29T15:53:41+00:00\",\"dateModified\":\"2026-05-06T12:57:29+00:00\",\"description\":\"Una potencia arrolladora con un inconfundible aroma a combustible, notas terrosas y c\u00edtricas. Resina extrema y relajaci\u00f3n profunda en una gen\u00e9tica de \u00e9lite.\",\"breadcrumb\":{\"@id\":\"https:\/\/bluedoggenetics.com\/producto\/feminizadas\/gas-pack\/#breadcrumb\"},\"inLanguage\":\"fr-FR\",\"potentialAction\":[{\"@type\":\"ReadAction\",\"target\":[\"https:\/\/bluedoggenetics.com\/producto\/feminizadas\/gas-pack\/\"]}]},{\"@type\":\"ImageObject\",\"inLanguage\":\"fr-FR\",\"@id\":\"https:\/\/bluedoggenetics.com\/producto\/feminizadas\/gas-pack\/#primaryimage\",\"url\":\"https:\/\/bluedoggenetics.com\/wp-content\/uploads\/2026\/03\/gas-pack_circle_new_21_554309.webp\",\"contentUrl\":\"https:\/\/bluedoggenetics.com\/wp-content\/uploads\/2026\/03\/gas-pack_circle_new_21_554309.webp\",\"width\":475,\"height\":570,\"caption\":\"Gas pack Barney's Farm\"},{\"@type\":\"BreadcrumbList\",\"@id\":\"https:\/\/bluedoggenetics.com\/producto\/feminizadas\/gas-pack\/#breadcrumb\",\"itemListElement\":[{\"@type\":\"ListItem\",\"position\":1,\"name\":\"Portada\",\"item\":\"https:\/\/bluedoggenetics.com\/\"},{\"@type\":\"ListItem\",\"position\":2,\"name\":\"Tienda\",\"item\":\"https:\/\/bluedoggenetics.com\/fr\/tienda\/\"},{\"@type\":\"ListItem\",\"position\":3,\"name\":\"Gas Pack\"}]},{\"@type\":\"WebSite\",\"@id\":\"https:\/\/bluedoggenetics.com\/de\/#website\",\"url\":\"https:\/\/bluedoggenetics.com\/de\/\",\"name\":\"BLUEDOG GENETICS Seeds\",\"description\":\"Compara y compra las mejores semillas de cannabis. Feminizadas, Autoflorecientes, CBD.\",\"publisher\":{\"@id\":\"https:\/\/bluedoggenetics.com\/de\/#organization\"},\"alternateName\":\"BLUEDOG GENETICS\",\"potentialAction\":[{\"@type\":\"SearchAction\",\"target\":{\"@type\":\"EntryPoint\",\"urlTemplate\":\"https:\/\/bluedoggenetics.com\/de\/?s={search_term_string}\"},\"query-input\":{\"@type\":\"PropertyValueSpecification\",\"valueRequired\":true,\"valueName\":\"search_term_string\"}}],\"inLanguage\":\"fr-FR\"},{\"@type\":\"Organization\",\"@id\":\"https:\/\/bluedoggenetics.com\/de\/#organization\",\"name\":\"BLUEDOG GENETICS\",\"url\":\"https:\/\/bluedoggenetics.com\/de\/\",\"logo\":{\"@type\":\"ImageObject\",\"inLanguage\":\"fr-FR\",\"@id\":\"https:\/\/bluedoggenetics.com\/de\/#\/schema\/logo\/image\/\",\"url\":\"https:\/\/bluedoggenetics.com\/wp-content\/uploads\/2024\/11\/appIcon.png\",\"contentUrl\":\"https:\/\/bluedoggenetics.com\/wp-content\/uploads\/2024\/11\/appIcon.png\",\"width\":1024,\"height\":1024,\"caption\":\"BLUEDOG GENETICS\"},\"image\":{\"@id\":\"https:\/\/bluedoggenetics.com\/de\/#\/schema\/logo\/image\/\"},\"sameAs\":[\"https:\/\/www.instagram.com\/bluedog.genetics\/\"]}]}<\/script>\n<!-- \/ Yoast SEO plugin. -->","yoast_head_json":{"title":"Gas Pack de Barney's Farm - Graines BLUEDOG GENETICS","description":"Une puissance \u00e9crasante avec un ar\u00f4me incomparable de carburant, de notes terreuses et d'agrumes. R\u00e9sine extr\u00eame et relaxation profonde dans une g\u00e9n\u00e9tique d'\u00e9lite.","robots":{"index":"index","follow":"follow","max-snippet":"max-snippet:-1","max-image-preview":"max-image-preview:large","max-video-preview":"max-video-preview:-1"},"canonical":"https:\/\/bluedoggenetics.com\/fr\/produit\/feminise\/gas-pack\/","og_locale":"fr_FR","og_type":"article","og_title":"Gas Pack de Barney's Farm - BLUEDOG GENETICS Seeds","og_description":"Una potencia arrolladora con un inconfundible aroma a combustible, notas terrosas y c\u00edtricas. Resina extrema y relajaci\u00f3n profunda en una gen\u00e9tica de \u00e9lite.","og_url":"https:\/\/bluedoggenetics.com\/fr\/produit\/feminise\/gas-pack\/","og_site_name":"BLUEDOG GENETICS Seeds","article_modified_time":"2026-05-06T12:57:29+00:00","og_image":[{"width":475,"height":570,"url":"https:\/\/bluedoggenetics.com\/wp-content\/uploads\/2026\/03\/gas-pack_circle_new_21_554309.webp","type":"image\/webp"}],"twitter_card":"summary_large_image","twitter_misc":{"Dur\u00e9e de lecture estim\u00e9e":"2 minutes"},"schema":{"@context":"https:\/\/schema.org","@graph":[{"@type":["WebPage","ItemPage"],"@id":"https:\/\/bluedoggenetics.com\/producto\/feminizadas\/gas-pack\/","url":"https:\/\/bluedoggenetics.com\/producto\/feminizadas\/gas-pack\/","name":"Gas Pack de Barney's Farm - Graines BLUEDOG GENETICS","isPartOf":{"@id":"https:\/\/bluedoggenetics.com\/de\/#website"},"primaryImageOfPage":{"@id":"https:\/\/bluedoggenetics.com\/producto\/feminizadas\/gas-pack\/#primaryimage"},"image":{"@id":"https:\/\/bluedoggenetics.com\/producto\/feminizadas\/gas-pack\/#primaryimage"},"thumbnailUrl":"https:\/\/bluedoggenetics.com\/wp-content\/uploads\/2026\/03\/gas-pack_circle_new_21_554309.webp","datePublished":"2026-03-29T15:53:41+00:00","dateModified":"2026-05-06T12:57:29+00:00","description":"Une puissance \u00e9crasante avec un ar\u00f4me incomparable de carburant, de notes terreuses et d'agrumes. R\u00e9sine extr\u00eame et relaxation profonde dans une g\u00e9n\u00e9tique d'\u00e9lite.","breadcrumb":{"@id":"https:\/\/bluedoggenetics.com\/producto\/feminizadas\/gas-pack\/#breadcrumb"},"inLanguage":"fr-FR","potentialAction":[{"@type":"ReadAction","target":["https:\/\/bluedoggenetics.com\/producto\/feminizadas\/gas-pack\/"]}]},{"@type":"ImageObject","inLanguage":"fr-FR","@id":"https:\/\/bluedoggenetics.com\/producto\/feminizadas\/gas-pack\/#primaryimage","url":"https:\/\/bluedoggenetics.com\/wp-content\/uploads\/2026\/03\/gas-pack_circle_new_21_554309.webp","contentUrl":"https:\/\/bluedoggenetics.com\/wp-content\/uploads\/2026\/03\/gas-pack_circle_new_21_554309.webp","width":475,"height":570,"caption":"Gas pack Barney's Farm"},{"@type":"BreadcrumbList","@id":"https:\/\/bluedoggenetics.com\/producto\/feminizadas\/gas-pack\/#breadcrumb","itemListElement":[{"@type":"ListItem","position":1,"name":"Portada","item":"https:\/\/bluedoggenetics.com\/"},{"@type":"ListItem","position":2,"name":"Tienda","item":"https:\/\/bluedoggenetics.com\/fr\/tienda\/"},{"@type":"ListItem","position":3,"name":"Gas Pack"}]},{"@type":"WebSite","@id":"https:\/\/bluedoggenetics.com\/de\/#website","url":"https:\/\/bluedoggenetics.com\/de\/","name":"BLUEDOG GENETICS Seeds","description":"Compare et ach\u00e8te les meilleures graines de cannabis. F\u00e9minis\u00e9es, autofloraison, CBD.","publisher":{"@id":"https:\/\/bluedoggenetics.com\/de\/#organization"},"alternateName":"BLUEDOG GENETICS","potentialAction":[{"@type":"SearchAction","target":{"@type":"EntryPoint","urlTemplate":"https:\/\/bluedoggenetics.com\/de\/?s={search_term_string}"},"query-input":{"@type":"PropertyValueSpecification","valueRequired":true,"valueName":"search_term_string"}}],"inLanguage":"fr-FR"},{"@type":"Organization","@id":"https:\/\/bluedoggenetics.com\/de\/#organization","name":"BLUEDOG GENETICS","url":"https:\/\/bluedoggenetics.com\/de\/","logo":{"@type":"ImageObject","inLanguage":"fr-FR","@id":"https:\/\/bluedoggenetics.com\/de\/#\/schema\/logo\/image\/","url":"https:\/\/bluedoggenetics.com\/wp-content\/uploads\/2024\/11\/appIcon.png","contentUrl":"https:\/\/bluedoggenetics.com\/wp-content\/uploads\/2024\/11\/appIcon.png","width":1024,"height":1024,"caption":"BLUEDOG GENETICS"},"image":{"@id":"https:\/\/bluedoggenetics.com\/de\/#\/schema\/logo\/image\/"},"sameAs":["https:\/\/www.instagram.com\/bluedog.genetics\/"]}]}},"sticker_url":"https:\/\/bluedoggenetics.com\/wp-content\/uploads\/2026\/03\/barneys-farm.webp","variations_full":[{"id":4601,"price":12,"regular_price":12,"attributes":{"attribute_pa_cantidad":"pack-1"},"image_src":"https:\/\/bluedoggenetics.com\/wp-content\/uploads\/2026\/03\/gas-pack_circle_new_21_554309.webp","is_in_stock":true},{"id":4602,"price":32,"regular_price":32,"attributes":{"attribute_pa_cantidad":"pack-3"},"image_src":"https:\/\/bluedoggenetics.com\/wp-content\/uploads\/2026\/03\/gas-pack_circle_new_21_554309.webp","is_in_stock":true},{"id":4603,"price":48,"regular_price":48,"attributes":{"attribute_pa_cantidad":"pack-5"},"image_src":"https:\/\/bluedoggenetics.com\/wp-content\/uploads\/2026\/03\/gas-pack_circle_new_21_554309.webp","is_in_stock":true},{"id":4604,"price":85,"regular_price":85,"attributes":{"attribute_pa_cantidad":"pack-10"},"image_src":"https:\/\/bluedoggenetics.com\/wp-content\/uploads\/2026\/03\/gas-pack_circle_new_21_554309.webp","is_in_stock":true}],"jetpack_sharing_enabled":true,"_links":{"self":[{"href":"https:\/\/bluedoggenetics.com\/fr\/wp-json\/wp\/v2\/product\/4586","targetHints":{"allow":["GET"]}}],"collection":[{"href":"https:\/\/bluedoggenetics.com\/fr\/wp-json\/wp\/v2\/product"}],"about":[{"href":"https:\/\/bluedoggenetics.com\/fr\/wp-json\/wp\/v2\/types\/product"}],"wp:featuredmedia":[{"embeddable":true,"href":"https:\/\/bluedoggenetics.com\/fr\/wp-json\/wp\/v2\/media\/3512"}],"wp:attachment":[{"href":"https:\/\/bluedoggenetics.com\/fr\/wp-json\/wp\/v2\/media?parent=4586"}],"wp:term":[{"taxonomy":"product_brand","embeddable":true,"href":"https:\/\/bluedoggenetics.com\/fr\/wp-json\/wp\/v2\/product_brand?post=4586"},{"taxonomy":"product_cat","embeddable":true,"href":"https:\/\/bluedoggenetics.com\/fr\/wp-json\/wp\/v2\/product_cat?post=4586"},{"taxonomy":"product_tag","embeddable":true,"href":"https:\/\/bluedoggenetics.com\/fr\/wp-json\/wp\/v2\/product_tag?post=4586"}],"curies":[{"name":"wp","href":"https:\/\/api.w.org\/{rel}","templated":true}]}}