{"id":4583,"date":"2026-03-29T17:49:32","date_gmt":"2026-03-29T15:49:32","guid":{"rendered":"https:\/\/bluedoggenetics.com\/?post_type=product&#038;p=4583"},"modified":"2026-05-06T14:57:28","modified_gmt":"2026-05-06T12:57:28","slug":"cherry-poppers","status":"publish","type":"product","link":"https:\/\/bluedoggenetics.com\/fr\/produit\/graines\/feminise\/cherry-poppers\/","title":{"rendered":"Cherry Poppers"},"content":{"rendered":"<p>Si vous d\u00e9cidez d'incorporer les graines de <strong>Cherry Poppers<\/strong> \u00e0 votre culture, vous garantirez une g\u00e9n\u00e9tique d\u2019une fiabilit\u00e9 extr\u00eamement \u00e9lev\u00e9e et de performances \u00e9tonnantes. Cette vari\u00e9t\u00e9 se distingue par son immense vigueur v\u00e9g\u00e9tative, capable de g\u00e9n\u00e9rer des structures solides pr\u00eates \u00e0 supporter le poids des r\u00e9coltes qui, dans des conditions optimales, d\u00e9passeront de loin les 600 g\/m2 en armoires int\u00e9rieures. Lorsqu\u2019elle est cultiv\u00e9e en ext\u00e9rieur en plein soleil, chaque plante peut devenir un v\u00e9ritable monstre productif tr\u00e8s demand\u00e9 \u00e0 l\u2019\u00e9chelle mondiale.<\/p>\n<p>Au niveau des effets, <strong>Cherry Poppers<\/strong> n'est pas en reste. Lors de sa consommation, vous percevrez rapidement un impact puissant qui d\u00e9clenche un premier effet euphorique intens\u00e9ment c\u00e9r\u00e9bral et plein d'\u00e9nergie cr\u00e9atrice, id\u00e9al pour les palais exigeants \u00e0 la recherche d'une puissance totale et d'une exp\u00e9rience gustative profonde et durable.<\/p>\n<p><b>Aspect de la fleur.<\/b> Les t\u00eates produites par cette g\u00e9n\u00e9tique sont de championnat : denses, lourdes et compactes. Visuellement, elles se distinguent par leurs tons verts vibrants qui, selon le ph\u00e9notype et les temp\u00e9ratures, peuvent d\u00e9velopper de belles teintes bleut\u00e9es ou violettes. Le plus impressionnant est sa couche exag\u00e9r\u00e9e de r\u00e9sine cristalline, qui donne l\u2019impression que les fleurs sont recouvertes de sucre.<\/p>\n<p><b>Morphologie v\u00e9g\u00e9tale.<\/b> Durant sa phase de croissance, <strong>Cherry Poppers<\/strong> Elle s'av\u00e8re \u00eatre une vari\u00e9t\u00e9 tr\u00e8s r\u00e9sistante et reconnaissante. Elle poss\u00e8de une distance internodale optimale qui facilite une bonne a\u00e9ration, d\u00e9veloppant des branches lat\u00e9rales \u00e9paisses qui rivaliseront avec sa t\u00eate centrale massive.<\/p>\n<h3><b>Conseils de Culture<\/b><\/h3>\n<ul>\n<li><strong>Quel est le climat id\u00e9al pour cultiver le Cherry Poppers ?<\/strong>\n<p>Il se d\u00e9veloppe de mani\u00e8re spectaculaire dans les climats chauds et ensoleill\u00e9s de type m\u00e9diterran\u00e9en, s'adaptant sans probl\u00e8me \u00e0 de l\u00e9g\u00e8res fluctuations et \u00e0 des environnements plus temp\u00e9r\u00e9s.<\/li>\n<li><strong>Quelles techniques de formation fonctionnent le mieux avec le Cherry Poppers ?<\/strong>\n<p>Gr\u00e2ce \u00e0 sa ramification vigoureuse, il r\u00e9pond \u00e0 merveille aux techniques de faible stress (LST) et aux maillages SCROG, qui vous aideront \u00e0 maximiser la p\u00e9n\u00e9tration de la lumi\u00e8re et \u00e0 uniformiser la canop\u00e9e.<\/li>\n<li><strong>De quel type de fertilisation le Cherry Poppers a-t-il besoin ?<\/strong>\n<p>C'est une plante \u00e0 l'app\u00e9tit vorace pendant ses semaines d'engraissement. Un programme nutritionnel riche en stimulateurs PK fera ressortir toute la douceur et la complexit\u00e9 de ses terp\u00e8nes.<\/li>\n<li><strong>\u00c0 quoi devraient ressembler l\u2019irrigation et l\u2019humidit\u00e9 pour le Cherry Poppers ?<\/strong>\n<p>Arroser abondamment mais en laissant respirer le substrat. Maintenez l'humidit\u00e9 relative strictement en dessous de 45-50% en fin de floraison pour prot\u00e9ger ses calices.<\/li>\n<li><strong>Est-il n\u00e9cessaire de tailler la plante Cherry Poppers ?<\/strong>\n<p>Oui, une taille g\u00e9n\u00e9reuse des branches basses (lollipopping) en d\u00e9but de floraison et un l\u00e9ger effeuillage canaliseront toute l'\u00e9nergie vers ses pointes principales luxuriantes.<\/li>\n<\/ul>","protected":false},"excerpt":{"rendered":"<p><strong>Cherry Poppers<\/strong> Elle s\u2019est rapidement impos\u00e9e comme une g\u00e9n\u00e9tique incontournable du catalogue moderne. Cette graine f\u00e9minis\u00e9e exceptionnelle (<strong>hybride<\/strong>) poss\u00e8de des niveaux de THC allant de <strong>20-26%<\/strong>. En raison de sa vigueur ind\u00e9niable et de son profil terp\u00e9nique \u00e9blouissant, elle est devenue une option la plus vendue. Parfait pour ceux qui recherchent une r\u00e9colte de qualit\u00e9 \u00ab boutique \u00bb. avec un grand retour.<\/p>","protected":false},"featured_media":3506,"template":"","meta":{"_acf_changed":false,"inline_featured_image":false,"_wp_applaud_exclude":false},"product_brand":[192],"product_cat":[22],"product_tag":[],"class_list":{"0":"post-4583","1":"product","2":"type-product","3":"status-publish","4":"has-post-thumbnail","6":"product_brand-barneys-farm","7":"product_cat-feminizadas","8":"pa_altura-exterior-150-180","9":"pa_altura-interior-90-120","10":"pa_beneficios-terapeuticos-alivio-de-ansiedad","11":"pa_beneficios-terapeuticos-alivio-del-dolor","12":"pa_cantidad-pack-1","13":"pa_cantidad-pack-10","14":"pa_cantidad-pack-3","15":"pa_cantidad-pack-5","16":"pa_clima-calido","17":"pa_cosecha-exterior-750-850","18":"pa_cosecha-interior-550-650","19":"pa_efectos-destacables-alegre","20":"pa_efectos-destacables-creativo","21":"pa_efectos-destacables-euforico","22":"pa_efectos-destacables-relajado","23":"pa_floracion-8-9","24":"pa_genetica-50-50","25":"pa_olor-intenso","26":"pa_sabores-y-olores-cereza","27":"pa_sabores-y-olores-citrico","28":"pa_sabores-y-olores-dulce","29":"pa_sabores-y-olores-terroso","30":"pa_thc-20-26","31":"pa_variedad-hibrida","33":"first","34":"instock","35":"taxable","36":"shipping-taxable","37":"purchasable","38":"product-type-variable"},"acf":{"sticker":"https:\/\/bluedoggenetics.com\/wp-content\/uploads\/2026\/03\/barneys-farm.webp","family_tree":""},"yoast_head":"<!-- This site is optimized with the Yoast SEO plugin v26.5 - https:\/\/yoast.com\/wordpress\/plugins\/seo\/ -->\n<title>Cherry Poppers de Barney&#039;s Farm - BLUEDOG GENETICS Seeds<\/title>\n<meta name=\"description\" content=\"Una explosi\u00f3n de sabor a cereza dulce y notas gaseosas con una potencia excepcional. Ideal para amantes de los perfiles frutales y extracciones resinosas.\" \/>\n<meta name=\"robots\" content=\"index, follow, max-snippet:-1, max-image-preview:large, max-video-preview:-1\" \/>\n<link rel=\"canonical\" href=\"https:\/\/bluedoggenetics.com\/fr\/produit\/feminise\/cherry-poppers\/\" \/>\n<meta property=\"og:locale\" content=\"fr_FR\" \/>\n<meta property=\"og:type\" content=\"article\" \/>\n<meta property=\"og:title\" content=\"Cherry Poppers de Barney&#039;s Farm - BLUEDOG GENETICS Seeds\" \/>\n<meta property=\"og:description\" content=\"Una explosi\u00f3n de sabor a cereza dulce y notas gaseosas con una potencia excepcional. Ideal para amantes de los perfiles frutales y extracciones resinosas.\" \/>\n<meta property=\"og:url\" content=\"https:\/\/bluedoggenetics.com\/fr\/produit\/feminise\/cherry-poppers\/\" \/>\n<meta property=\"og:site_name\" content=\"BLUEDOG GENETICS Seeds\" \/>\n<meta property=\"article:modified_time\" content=\"2026-05-06T12:57:28+00:00\" \/>\n<meta property=\"og:image\" content=\"https:\/\/bluedoggenetics.com\/wp-content\/uploads\/2026\/03\/cherry-poppers_circle_new_21_370740.webp\" \/>\n\t<meta property=\"og:image:width\" content=\"475\" \/>\n\t<meta property=\"og:image:height\" content=\"570\" \/>\n\t<meta property=\"og:image:type\" content=\"image\/webp\" \/>\n<meta name=\"twitter:card\" content=\"summary_large_image\" \/>\n<meta name=\"twitter:label1\" content=\"Dur\u00e9e de lecture estim\u00e9e\" \/>\n\t<meta name=\"twitter:data1\" content=\"3 minutes\" \/>\n<script type=\"application\/ld+json\" class=\"yoast-schema-graph\">{\"@context\":\"https:\/\/schema.org\",\"@graph\":[{\"@type\":[\"WebPage\",\"ItemPage\"],\"@id\":\"https:\/\/bluedoggenetics.com\/producto\/feminizadas\/cherry-poppers\/\",\"url\":\"https:\/\/bluedoggenetics.com\/producto\/feminizadas\/cherry-poppers\/\",\"name\":\"Cherry Poppers de Barney's Farm - BLUEDOG GENETICS Seeds\",\"isPartOf\":{\"@id\":\"https:\/\/bluedoggenetics.com\/de\/#website\"},\"primaryImageOfPage\":{\"@id\":\"https:\/\/bluedoggenetics.com\/producto\/feminizadas\/cherry-poppers\/#primaryimage\"},\"image\":{\"@id\":\"https:\/\/bluedoggenetics.com\/producto\/feminizadas\/cherry-poppers\/#primaryimage\"},\"thumbnailUrl\":\"https:\/\/bluedoggenetics.com\/wp-content\/uploads\/2026\/03\/cherry-poppers_circle_new_21_370740.webp\",\"datePublished\":\"2026-03-29T15:49:32+00:00\",\"dateModified\":\"2026-05-06T12:57:28+00:00\",\"description\":\"Una explosi\u00f3n de sabor a cereza dulce y notas gaseosas con una potencia excepcional. Ideal para amantes de los perfiles frutales y extracciones resinosas.\",\"breadcrumb\":{\"@id\":\"https:\/\/bluedoggenetics.com\/producto\/feminizadas\/cherry-poppers\/#breadcrumb\"},\"inLanguage\":\"fr-FR\",\"potentialAction\":[{\"@type\":\"ReadAction\",\"target\":[\"https:\/\/bluedoggenetics.com\/producto\/feminizadas\/cherry-poppers\/\"]}]},{\"@type\":\"ImageObject\",\"inLanguage\":\"fr-FR\",\"@id\":\"https:\/\/bluedoggenetics.com\/producto\/feminizadas\/cherry-poppers\/#primaryimage\",\"url\":\"https:\/\/bluedoggenetics.com\/wp-content\/uploads\/2026\/03\/cherry-poppers_circle_new_21_370740.webp\",\"contentUrl\":\"https:\/\/bluedoggenetics.com\/wp-content\/uploads\/2026\/03\/cherry-poppers_circle_new_21_370740.webp\",\"width\":475,\"height\":570,\"caption\":\"Cherry Poppers de Barney's farm\"},{\"@type\":\"BreadcrumbList\",\"@id\":\"https:\/\/bluedoggenetics.com\/producto\/feminizadas\/cherry-poppers\/#breadcrumb\",\"itemListElement\":[{\"@type\":\"ListItem\",\"position\":1,\"name\":\"Portada\",\"item\":\"https:\/\/bluedoggenetics.com\/\"},{\"@type\":\"ListItem\",\"position\":2,\"name\":\"Tienda\",\"item\":\"https:\/\/bluedoggenetics.com\/fr\/tienda\/\"},{\"@type\":\"ListItem\",\"position\":3,\"name\":\"Cherry Poppers\"}]},{\"@type\":\"WebSite\",\"@id\":\"https:\/\/bluedoggenetics.com\/de\/#website\",\"url\":\"https:\/\/bluedoggenetics.com\/de\/\",\"name\":\"BLUEDOG GENETICS Seeds\",\"description\":\"Compara y compra las mejores semillas de cannabis. Feminizadas, Autoflorecientes, CBD.\",\"publisher\":{\"@id\":\"https:\/\/bluedoggenetics.com\/de\/#organization\"},\"alternateName\":\"BLUEDOG GENETICS\",\"potentialAction\":[{\"@type\":\"SearchAction\",\"target\":{\"@type\":\"EntryPoint\",\"urlTemplate\":\"https:\/\/bluedoggenetics.com\/de\/?s={search_term_string}\"},\"query-input\":{\"@type\":\"PropertyValueSpecification\",\"valueRequired\":true,\"valueName\":\"search_term_string\"}}],\"inLanguage\":\"fr-FR\"},{\"@type\":\"Organization\",\"@id\":\"https:\/\/bluedoggenetics.com\/de\/#organization\",\"name\":\"BLUEDOG GENETICS\",\"url\":\"https:\/\/bluedoggenetics.com\/de\/\",\"logo\":{\"@type\":\"ImageObject\",\"inLanguage\":\"fr-FR\",\"@id\":\"https:\/\/bluedoggenetics.com\/de\/#\/schema\/logo\/image\/\",\"url\":\"https:\/\/bluedoggenetics.com\/wp-content\/uploads\/2024\/11\/appIcon.png\",\"contentUrl\":\"https:\/\/bluedoggenetics.com\/wp-content\/uploads\/2024\/11\/appIcon.png\",\"width\":1024,\"height\":1024,\"caption\":\"BLUEDOG GENETICS\"},\"image\":{\"@id\":\"https:\/\/bluedoggenetics.com\/de\/#\/schema\/logo\/image\/\"},\"sameAs\":[\"https:\/\/www.instagram.com\/bluedog.genetics\/\"]}]}<\/script>\n<!-- \/ Yoast SEO plugin. -->","yoast_head_json":{"title":"Cherry Poppers de Barney's Farm - Graines BLUEDOG GENETICS","description":"Une explosion de saveurs de cerise douce et de notes p\u00e9tillantes d'une puissance exceptionnelle. Id\u00e9al pour les amateurs de profils fruit\u00e9s et d'extractions r\u00e9sineuses.","robots":{"index":"index","follow":"follow","max-snippet":"max-snippet:-1","max-image-preview":"max-image-preview:large","max-video-preview":"max-video-preview:-1"},"canonical":"https:\/\/bluedoggenetics.com\/fr\/produit\/feminise\/cherry-poppers\/","og_locale":"fr_FR","og_type":"article","og_title":"Cherry Poppers de Barney's Farm - BLUEDOG GENETICS Seeds","og_description":"Una explosi\u00f3n de sabor a cereza dulce y notas gaseosas con una potencia excepcional. Ideal para amantes de los perfiles frutales y extracciones resinosas.","og_url":"https:\/\/bluedoggenetics.com\/fr\/produit\/feminise\/cherry-poppers\/","og_site_name":"BLUEDOG GENETICS Seeds","article_modified_time":"2026-05-06T12:57:28+00:00","og_image":[{"width":475,"height":570,"url":"https:\/\/bluedoggenetics.com\/wp-content\/uploads\/2026\/03\/cherry-poppers_circle_new_21_370740.webp","type":"image\/webp"}],"twitter_card":"summary_large_image","twitter_misc":{"Dur\u00e9e de lecture estim\u00e9e":"3 minutes"},"schema":{"@context":"https:\/\/schema.org","@graph":[{"@type":["WebPage","ItemPage"],"@id":"https:\/\/bluedoggenetics.com\/producto\/feminizadas\/cherry-poppers\/","url":"https:\/\/bluedoggenetics.com\/producto\/feminizadas\/cherry-poppers\/","name":"Cherry Poppers de Barney's Farm - Graines BLUEDOG GENETICS","isPartOf":{"@id":"https:\/\/bluedoggenetics.com\/de\/#website"},"primaryImageOfPage":{"@id":"https:\/\/bluedoggenetics.com\/producto\/feminizadas\/cherry-poppers\/#primaryimage"},"image":{"@id":"https:\/\/bluedoggenetics.com\/producto\/feminizadas\/cherry-poppers\/#primaryimage"},"thumbnailUrl":"https:\/\/bluedoggenetics.com\/wp-content\/uploads\/2026\/03\/cherry-poppers_circle_new_21_370740.webp","datePublished":"2026-03-29T15:49:32+00:00","dateModified":"2026-05-06T12:57:28+00:00","description":"Une explosion de saveurs de cerise douce et de notes p\u00e9tillantes d'une puissance exceptionnelle. Id\u00e9al pour les amateurs de profils fruit\u00e9s et d'extractions r\u00e9sineuses.","breadcrumb":{"@id":"https:\/\/bluedoggenetics.com\/producto\/feminizadas\/cherry-poppers\/#breadcrumb"},"inLanguage":"fr-FR","potentialAction":[{"@type":"ReadAction","target":["https:\/\/bluedoggenetics.com\/producto\/feminizadas\/cherry-poppers\/"]}]},{"@type":"ImageObject","inLanguage":"fr-FR","@id":"https:\/\/bluedoggenetics.com\/producto\/feminizadas\/cherry-poppers\/#primaryimage","url":"https:\/\/bluedoggenetics.com\/wp-content\/uploads\/2026\/03\/cherry-poppers_circle_new_21_370740.webp","contentUrl":"https:\/\/bluedoggenetics.com\/wp-content\/uploads\/2026\/03\/cherry-poppers_circle_new_21_370740.webp","width":475,"height":570,"caption":"Cherry Poppers de Barney's farm"},{"@type":"BreadcrumbList","@id":"https:\/\/bluedoggenetics.com\/producto\/feminizadas\/cherry-poppers\/#breadcrumb","itemListElement":[{"@type":"ListItem","position":1,"name":"Portada","item":"https:\/\/bluedoggenetics.com\/"},{"@type":"ListItem","position":2,"name":"Tienda","item":"https:\/\/bluedoggenetics.com\/fr\/tienda\/"},{"@type":"ListItem","position":3,"name":"Cherry Poppers"}]},{"@type":"WebSite","@id":"https:\/\/bluedoggenetics.com\/de\/#website","url":"https:\/\/bluedoggenetics.com\/de\/","name":"BLUEDOG GENETICS Seeds","description":"Compare et ach\u00e8te les meilleures graines de cannabis. F\u00e9minis\u00e9es, autofloraison, CBD.","publisher":{"@id":"https:\/\/bluedoggenetics.com\/de\/#organization"},"alternateName":"BLUEDOG GENETICS","potentialAction":[{"@type":"SearchAction","target":{"@type":"EntryPoint","urlTemplate":"https:\/\/bluedoggenetics.com\/de\/?s={search_term_string}"},"query-input":{"@type":"PropertyValueSpecification","valueRequired":true,"valueName":"search_term_string"}}],"inLanguage":"fr-FR"},{"@type":"Organization","@id":"https:\/\/bluedoggenetics.com\/de\/#organization","name":"BLUEDOG GENETICS","url":"https:\/\/bluedoggenetics.com\/de\/","logo":{"@type":"ImageObject","inLanguage":"fr-FR","@id":"https:\/\/bluedoggenetics.com\/de\/#\/schema\/logo\/image\/","url":"https:\/\/bluedoggenetics.com\/wp-content\/uploads\/2024\/11\/appIcon.png","contentUrl":"https:\/\/bluedoggenetics.com\/wp-content\/uploads\/2024\/11\/appIcon.png","width":1024,"height":1024,"caption":"BLUEDOG GENETICS"},"image":{"@id":"https:\/\/bluedoggenetics.com\/de\/#\/schema\/logo\/image\/"},"sameAs":["https:\/\/www.instagram.com\/bluedog.genetics\/"]}]}},"sticker_url":"https:\/\/bluedoggenetics.com\/wp-content\/uploads\/2026\/03\/barneys-farm.webp","variations_full":[{"id":4589,"price":12,"regular_price":12,"attributes":{"attribute_pa_cantidad":"pack-1"},"image_src":"https:\/\/bluedoggenetics.com\/wp-content\/uploads\/2026\/03\/cherry-poppers_circle_new_21_370740.webp","is_in_stock":true},{"id":4590,"price":32,"regular_price":32,"attributes":{"attribute_pa_cantidad":"pack-3"},"image_src":"https:\/\/bluedoggenetics.com\/wp-content\/uploads\/2026\/03\/cherry-poppers_circle_new_21_370740.webp","is_in_stock":true},{"id":4591,"price":48,"regular_price":48,"attributes":{"attribute_pa_cantidad":"pack-5"},"image_src":"https:\/\/bluedoggenetics.com\/wp-content\/uploads\/2026\/03\/cherry-poppers_circle_new_21_370740.webp","is_in_stock":true},{"id":4592,"price":85,"regular_price":85,"attributes":{"attribute_pa_cantidad":"pack-10"},"image_src":"https:\/\/bluedoggenetics.com\/wp-content\/uploads\/2026\/03\/cherry-poppers_circle_new_21_370740.webp","is_in_stock":true}],"jetpack_sharing_enabled":true,"_links":{"self":[{"href":"https:\/\/bluedoggenetics.com\/fr\/wp-json\/wp\/v2\/product\/4583","targetHints":{"allow":["GET"]}}],"collection":[{"href":"https:\/\/bluedoggenetics.com\/fr\/wp-json\/wp\/v2\/product"}],"about":[{"href":"https:\/\/bluedoggenetics.com\/fr\/wp-json\/wp\/v2\/types\/product"}],"wp:featuredmedia":[{"embeddable":true,"href":"https:\/\/bluedoggenetics.com\/fr\/wp-json\/wp\/v2\/media\/3506"}],"wp:attachment":[{"href":"https:\/\/bluedoggenetics.com\/fr\/wp-json\/wp\/v2\/media?parent=4583"}],"wp:term":[{"taxonomy":"product_brand","embeddable":true,"href":"https:\/\/bluedoggenetics.com\/fr\/wp-json\/wp\/v2\/product_brand?post=4583"},{"taxonomy":"product_cat","embeddable":true,"href":"https:\/\/bluedoggenetics.com\/fr\/wp-json\/wp\/v2\/product_cat?post=4583"},{"taxonomy":"product_tag","embeddable":true,"href":"https:\/\/bluedoggenetics.com\/fr\/wp-json\/wp\/v2\/product_tag?post=4583"}],"curies":[{"name":"wp","href":"https:\/\/api.w.org\/{rel}","templated":true}]}}