{"id":4339,"date":"2026-03-29T17:52:11","date_gmt":"2026-03-29T15:52:11","guid":{"rendered":"https:\/\/bluedoggenetics.com\/?post_type=product&#038;p=4339"},"modified":"2026-05-06T14:56:41","modified_gmt":"2026-05-06T12:56:41","slug":"ayahuasca-purple","status":"publish","type":"product","link":"https:\/\/bluedoggenetics.com\/fr\/produit\/graines\/feminise\/ayahuasca-purple\/","title":{"rendered":"Ayahuasca Purple"},"content":{"rendered":"<p>Si vous d\u00e9cidez d'incorporer les graines de <strong>Ayahuasca Purple<\/strong> dans votre salle de culture ou votre jardin ext\u00e9rieur, vous garantirez une g\u00e9n\u00e9tique d'une fiabilit\u00e9 extr\u00eamement \u00e9lev\u00e9e et de performances \u00e9tonnantes. Cette vari\u00e9t\u00e9 se distingue par son immense vigueur v\u00e9g\u00e9tative, capable de g\u00e9n\u00e9rer des structures solides pr\u00eates \u00e0 supporter le poids des r\u00e9coltes qui, dans des conditions optimales, d\u00e9passeront de loin les 600 g\/m2 en armoires int\u00e9rieures. Cultiv\u00e9e en ext\u00e9rieur en plein soleil, chaque plante peut devenir un v\u00e9ritable monstre productif.<\/p>\n<p>Au niveau des effets, <strong>Ayahuasca Purple<\/strong> n'est pas en reste. Lorsqu'il est consomm\u00e9, vous percevrez rapidement un impact puissant qui d\u00e9clenche un \u00e9tat de relaxation physique profond et durable qui att\u00e9nue le stress, id\u00e9al pour les palais exigeants \u00e0 la recherche d'une puissance totale et d'une exp\u00e9rience gustative profonde et durable.<\/p>\n<p><b>Aspect de la fleur.<\/b> Les t\u00eates produites par cette g\u00e9n\u00e9tique sont exceptionnelles : extr\u00eamement denses, lourdes et compactes. Visuellement, elles se distinguent par leurs tons verts vibrants qui, selon le ph\u00e9notype et les temp\u00e9ratures nocturnes, peuvent d\u00e9velopper de belles teintes bleut\u00e9es ou violettes. Le plus impressionnant est sa couche exag\u00e9r\u00e9e de r\u00e9sine cristalline, qui donne l'impression que les fleurs sont recouvertes de sucre et d\u00e9gagent des ar\u00f4mes enivrants au moindre contact.<\/p>\n<p><b>Morphologie v\u00e9g\u00e9tale.<\/b> Durant sa phase de croissance, <strong>Ayahuasca Purple<\/strong> Elle s'av\u00e8re \u00eatre une vari\u00e9t\u00e9 tr\u00e8s r\u00e9sistante et reconnaissante. Elle poss\u00e8de une distance internodale optimale qui facilite une bonne a\u00e9ration, d\u00e9veloppant des branches lat\u00e9rales \u00e9paisses qui rivaliseront avec sa t\u00eate centrale massive et pro\u00e9minente pour absorber toute la lumi\u00e8re disponible.<\/p>\n<h3><b>Conseils de Culture<\/b><\/h3>\n<ul>\n<li><strong>Quel est le climat id\u00e9al pour cultiver le Ayahuasca Purple ?<\/strong>\n<p>Il se d\u00e9veloppe de mani\u00e8re spectaculaire dans les climats chauds et ensoleill\u00e9s de type m\u00e9diterran\u00e9en, m\u00eame si sa r\u00e9sistance g\u00e9n\u00e9tique exceptionnelle lui permet de s'adapter sans probl\u00e8me \u00e0 de l\u00e9g\u00e8res fluctuations et \u00e0 des environnements plus temp\u00e9r\u00e9s ou humides.<\/li>\n<li><strong>Quelles techniques de formation fonctionnent le mieux avec le Ayahuasca Purple ?<\/strong>\n<p>Gr\u00e2ce \u00e0 sa ramification vigoureuse, il r\u00e9pond \u00e0 merveille aux techniques de faible contrainte (LST) et aux maillages SCROG, qui vous aideront \u00e0 maximiser la p\u00e9n\u00e9tration de la lumi\u00e8re et \u00e0 uniformiser la canop\u00e9e.<\/li>\n<li><strong>De quel type de fertilisation le Ayahuasca Purple a-t-il besoin ?<\/strong>\n<p>C'est une plante \u00e0 l'app\u00e9tit vorace pendant ses semaines d'engraissement maximum. Un programme nutritionnel bio riche en stimulateurs PK fera ressortir toute la douceur et la complexit\u00e9 de ses terp\u00e8nes.<\/li>\n<li><strong>Comment devraient se d\u00e9rouler l\u2019irrigation et l\u2019humidit\u00e9 pour le Ayahuasca Purple ?<\/strong>\n<p>Arroser abondamment mais en laissant toujours le substrat respirer entre les cycles. Maintenez l'humidit\u00e9 relative strictement en dessous de 45-50% en floraison avanc\u00e9e pour prot\u00e9ger la tr\u00e8s haute densit\u00e9 de ses calices.<\/li>\n<li><strong>Est-il n\u00e9cessaire de tailler la plante Ayahuasca Purple ?<\/strong>\n<p>Oui, une taille g\u00e9n\u00e9reuse des branches basses (lollipopping) en d\u00e9but de floraison et un l\u00e9ger effeuillage s\u00e9lectif canaliseront toute l'\u00e9nergie vers ses pointes principales luxuriantes.<\/li>\n<\/ul>","protected":false},"excerpt":{"rendered":"<p><strong>Ayahuasca Purple<\/strong> s'est rapidement impos\u00e9e comme une g\u00e9n\u00e9tique incontournable de Barney's Farm. Cette graine f\u00e9minis\u00e9e exceptionnelle (<strong>indica<\/strong>) poss\u00e8de des niveaux de THC \u00e9crasants allant de <strong>20-26%<\/strong>.<\/p>","protected":false},"featured_media":3456,"template":"","meta":{"_acf_changed":false,"inline_featured_image":false,"_wp_applaud_exclude":false},"product_brand":[192],"product_cat":[22],"product_tag":[],"class_list":{"0":"post-4339","1":"product","2":"type-product","3":"status-publish","4":"has-post-thumbnail","6":"product_brand-barneys-farm","7":"product_cat-feminizadas","8":"pa_altura-exterior-120-150","9":"pa_altura-interior-90-120","10":"pa_beneficios-terapeuticos-alivio-del-dolor","11":"pa_beneficios-terapeuticos-ayuda-para-dormir","12":"pa_beneficios-terapeuticos-reduccion-de-nauseas","13":"pa_cantidad-pack-1","14":"pa_cantidad-pack-10","15":"pa_cantidad-pack-3","16":"pa_cantidad-pack-5","17":"pa_clima-calido","18":"pa_cosecha-exterior-750-850","19":"pa_cosecha-interior-550-650","20":"pa_efectos-destacables-adormecido","21":"pa_efectos-destacables-alegre","22":"pa_efectos-destacables-relajado","23":"pa_floracion-8-9","24":"pa_genetica-100-0","25":"pa_olor-intenso","26":"pa_sabores-y-olores-floral","27":"pa_sabores-y-olores-papaya","28":"pa_sabores-y-olores-terroso","29":"pa_sabores-y-olores-tropical","30":"pa_thc-20-26","31":"pa_variedad-indica","32":"pa_variedad-mayormente-indica","34":"first","35":"instock","36":"taxable","37":"shipping-taxable","38":"purchasable","39":"product-type-variable"},"acf":{"sticker":"https:\/\/bluedoggenetics.com\/wp-content\/uploads\/2026\/03\/barneys-farm.webp","family_tree":""},"yoast_head":"<!-- This site is optimized with the Yoast SEO plugin v26.5 - https:\/\/yoast.com\/wordpress\/plugins\/seo\/ -->\n<title>Ayahuasca Purple de Barney&#039;s Farm - BLUEDOG GENETICS Seeds<\/title>\n<meta name=\"description\" content=\"Ayahuasca Purple de Barney&#039;s Farm: \u00cdndica pura con 21% de THC y aroma a avellana y papaya. Efecto relajante profundo y colores p\u00farpuras. \u00a1Compra tus semillas!\" \/>\n<meta name=\"robots\" content=\"index, follow, max-snippet:-1, max-image-preview:large, max-video-preview:-1\" \/>\n<link rel=\"canonical\" href=\"https:\/\/bluedoggenetics.com\/fr\/produit\/feminise\/ayahuasca-purple\/\" \/>\n<meta property=\"og:locale\" content=\"fr_FR\" \/>\n<meta property=\"og:type\" content=\"article\" \/>\n<meta property=\"og:title\" content=\"Ayahuasca Purple de Barney&#039;s Farm - BLUEDOG GENETICS Seeds\" \/>\n<meta property=\"og:description\" content=\"Ayahuasca Purple de Barney&#039;s Farm: \u00cdndica pura con 21% de THC y aroma a avellana y papaya. Efecto relajante profundo y colores p\u00farpuras. \u00a1Compra tus semillas!\" \/>\n<meta property=\"og:url\" content=\"https:\/\/bluedoggenetics.com\/fr\/produit\/feminise\/ayahuasca-purple\/\" \/>\n<meta property=\"og:site_name\" content=\"BLUEDOG GENETICS Seeds\" \/>\n<meta property=\"article:modified_time\" content=\"2026-05-06T12:56:41+00:00\" \/>\n<meta property=\"og:image\" content=\"https:\/\/bluedoggenetics.com\/wp-content\/uploads\/2026\/03\/ayahuasca-purple_circle_new_21_217001.webp\" \/>\n\t<meta property=\"og:image:width\" content=\"475\" \/>\n\t<meta property=\"og:image:height\" content=\"570\" \/>\n\t<meta property=\"og:image:type\" content=\"image\/webp\" \/>\n<meta name=\"twitter:card\" content=\"summary_large_image\" \/>\n<meta name=\"twitter:label1\" content=\"Dur\u00e9e de lecture estim\u00e9e\" \/>\n\t<meta name=\"twitter:data1\" content=\"3 minutes\" \/>\n<script type=\"application\/ld+json\" class=\"yoast-schema-graph\">{\"@context\":\"https:\/\/schema.org\",\"@graph\":[{\"@type\":[\"WebPage\",\"ItemPage\"],\"@id\":\"https:\/\/bluedoggenetics.com\/producto\/feminizadas\/ayahuasca-purple\/\",\"url\":\"https:\/\/bluedoggenetics.com\/producto\/feminizadas\/ayahuasca-purple\/\",\"name\":\"Ayahuasca Purple de Barney's Farm - BLUEDOG GENETICS Seeds\",\"isPartOf\":{\"@id\":\"https:\/\/bluedoggenetics.com\/de\/#website\"},\"primaryImageOfPage\":{\"@id\":\"https:\/\/bluedoggenetics.com\/producto\/feminizadas\/ayahuasca-purple\/#primaryimage\"},\"image\":{\"@id\":\"https:\/\/bluedoggenetics.com\/producto\/feminizadas\/ayahuasca-purple\/#primaryimage\"},\"thumbnailUrl\":\"https:\/\/bluedoggenetics.com\/wp-content\/uploads\/2026\/03\/ayahuasca-purple_circle_new_21_217001.webp\",\"datePublished\":\"2026-03-29T15:52:11+00:00\",\"dateModified\":\"2026-05-06T12:56:41+00:00\",\"description\":\"Ayahuasca Purple de Barney's Farm: \u00cdndica pura con 21% de THC y aroma a avellana y papaya. Efecto relajante profundo y colores p\u00farpuras. \u00a1Compra tus semillas!\",\"breadcrumb\":{\"@id\":\"https:\/\/bluedoggenetics.com\/producto\/feminizadas\/ayahuasca-purple\/#breadcrumb\"},\"inLanguage\":\"fr-FR\",\"potentialAction\":[{\"@type\":\"ReadAction\",\"target\":[\"https:\/\/bluedoggenetics.com\/producto\/feminizadas\/ayahuasca-purple\/\"]}]},{\"@type\":\"ImageObject\",\"inLanguage\":\"fr-FR\",\"@id\":\"https:\/\/bluedoggenetics.com\/producto\/feminizadas\/ayahuasca-purple\/#primaryimage\",\"url\":\"https:\/\/bluedoggenetics.com\/wp-content\/uploads\/2026\/03\/ayahuasca-purple_circle_new_21_217001.webp\",\"contentUrl\":\"https:\/\/bluedoggenetics.com\/wp-content\/uploads\/2026\/03\/ayahuasca-purple_circle_new_21_217001.webp\",\"width\":475,\"height\":570,\"caption\":\"Ayahuasca Purple de Barney's Farm\"},{\"@type\":\"BreadcrumbList\",\"@id\":\"https:\/\/bluedoggenetics.com\/producto\/feminizadas\/ayahuasca-purple\/#breadcrumb\",\"itemListElement\":[{\"@type\":\"ListItem\",\"position\":1,\"name\":\"Portada\",\"item\":\"https:\/\/bluedoggenetics.com\/\"},{\"@type\":\"ListItem\",\"position\":2,\"name\":\"Tienda\",\"item\":\"https:\/\/bluedoggenetics.com\/fr\/tienda\/\"},{\"@type\":\"ListItem\",\"position\":3,\"name\":\"Ayahuasca Purple\"}]},{\"@type\":\"WebSite\",\"@id\":\"https:\/\/bluedoggenetics.com\/de\/#website\",\"url\":\"https:\/\/bluedoggenetics.com\/de\/\",\"name\":\"BLUEDOG GENETICS Seeds\",\"description\":\"Compara y compra las mejores semillas de cannabis. Feminizadas, Autoflorecientes, CBD.\",\"publisher\":{\"@id\":\"https:\/\/bluedoggenetics.com\/de\/#organization\"},\"alternateName\":\"BLUEDOG GENETICS\",\"potentialAction\":[{\"@type\":\"SearchAction\",\"target\":{\"@type\":\"EntryPoint\",\"urlTemplate\":\"https:\/\/bluedoggenetics.com\/de\/?s={search_term_string}\"},\"query-input\":{\"@type\":\"PropertyValueSpecification\",\"valueRequired\":true,\"valueName\":\"search_term_string\"}}],\"inLanguage\":\"fr-FR\"},{\"@type\":\"Organization\",\"@id\":\"https:\/\/bluedoggenetics.com\/de\/#organization\",\"name\":\"BLUEDOG GENETICS\",\"url\":\"https:\/\/bluedoggenetics.com\/de\/\",\"logo\":{\"@type\":\"ImageObject\",\"inLanguage\":\"fr-FR\",\"@id\":\"https:\/\/bluedoggenetics.com\/de\/#\/schema\/logo\/image\/\",\"url\":\"https:\/\/bluedoggenetics.com\/wp-content\/uploads\/2024\/11\/appIcon.png\",\"contentUrl\":\"https:\/\/bluedoggenetics.com\/wp-content\/uploads\/2024\/11\/appIcon.png\",\"width\":1024,\"height\":1024,\"caption\":\"BLUEDOG GENETICS\"},\"image\":{\"@id\":\"https:\/\/bluedoggenetics.com\/de\/#\/schema\/logo\/image\/\"},\"sameAs\":[\"https:\/\/www.instagram.com\/bluedog.genetics\/\"]}]}<\/script>\n<!-- \/ Yoast SEO plugin. -->","yoast_head_json":{"title":"Ayahuasca Purple de Barney's Farm - Graines BLUEDOG GENETICS","description":"Ayahuasca Purple de Barney's Farm : Indica pure avec 21% de THC et ar\u00f4me de noisette et de papaye. Effet relaxant profond et couleurs violettes. Achetez vos graines !","robots":{"index":"index","follow":"follow","max-snippet":"max-snippet:-1","max-image-preview":"max-image-preview:large","max-video-preview":"max-video-preview:-1"},"canonical":"https:\/\/bluedoggenetics.com\/fr\/produit\/feminise\/ayahuasca-purple\/","og_locale":"fr_FR","og_type":"article","og_title":"Ayahuasca Purple de Barney's Farm - BLUEDOG GENETICS Seeds","og_description":"Ayahuasca Purple de Barney's Farm: \u00cdndica pura con 21% de THC y aroma a avellana y papaya. Efecto relajante profundo y colores p\u00farpuras. \u00a1Compra tus semillas!","og_url":"https:\/\/bluedoggenetics.com\/fr\/produit\/feminise\/ayahuasca-purple\/","og_site_name":"BLUEDOG GENETICS Seeds","article_modified_time":"2026-05-06T12:56:41+00:00","og_image":[{"width":475,"height":570,"url":"https:\/\/bluedoggenetics.com\/wp-content\/uploads\/2026\/03\/ayahuasca-purple_circle_new_21_217001.webp","type":"image\/webp"}],"twitter_card":"summary_large_image","twitter_misc":{"Dur\u00e9e de lecture estim\u00e9e":"3 minutes"},"schema":{"@context":"https:\/\/schema.org","@graph":[{"@type":["WebPage","ItemPage"],"@id":"https:\/\/bluedoggenetics.com\/producto\/feminizadas\/ayahuasca-purple\/","url":"https:\/\/bluedoggenetics.com\/producto\/feminizadas\/ayahuasca-purple\/","name":"Ayahuasca Purple de Barney's Farm - Graines BLUEDOG GENETICS","isPartOf":{"@id":"https:\/\/bluedoggenetics.com\/de\/#website"},"primaryImageOfPage":{"@id":"https:\/\/bluedoggenetics.com\/producto\/feminizadas\/ayahuasca-purple\/#primaryimage"},"image":{"@id":"https:\/\/bluedoggenetics.com\/producto\/feminizadas\/ayahuasca-purple\/#primaryimage"},"thumbnailUrl":"https:\/\/bluedoggenetics.com\/wp-content\/uploads\/2026\/03\/ayahuasca-purple_circle_new_21_217001.webp","datePublished":"2026-03-29T15:52:11+00:00","dateModified":"2026-05-06T12:56:41+00:00","description":"Ayahuasca Purple de Barney's Farm : Indica pure avec 21% de THC et ar\u00f4me de noisette et de papaye. Effet relaxant profond et couleurs violettes. Achetez vos graines !","breadcrumb":{"@id":"https:\/\/bluedoggenetics.com\/producto\/feminizadas\/ayahuasca-purple\/#breadcrumb"},"inLanguage":"fr-FR","potentialAction":[{"@type":"ReadAction","target":["https:\/\/bluedoggenetics.com\/producto\/feminizadas\/ayahuasca-purple\/"]}]},{"@type":"ImageObject","inLanguage":"fr-FR","@id":"https:\/\/bluedoggenetics.com\/producto\/feminizadas\/ayahuasca-purple\/#primaryimage","url":"https:\/\/bluedoggenetics.com\/wp-content\/uploads\/2026\/03\/ayahuasca-purple_circle_new_21_217001.webp","contentUrl":"https:\/\/bluedoggenetics.com\/wp-content\/uploads\/2026\/03\/ayahuasca-purple_circle_new_21_217001.webp","width":475,"height":570,"caption":"Ayahuasca Purple de Barney's Farm"},{"@type":"BreadcrumbList","@id":"https:\/\/bluedoggenetics.com\/producto\/feminizadas\/ayahuasca-purple\/#breadcrumb","itemListElement":[{"@type":"ListItem","position":1,"name":"Portada","item":"https:\/\/bluedoggenetics.com\/"},{"@type":"ListItem","position":2,"name":"Tienda","item":"https:\/\/bluedoggenetics.com\/fr\/tienda\/"},{"@type":"ListItem","position":3,"name":"Ayahuasca Purple"}]},{"@type":"WebSite","@id":"https:\/\/bluedoggenetics.com\/de\/#website","url":"https:\/\/bluedoggenetics.com\/de\/","name":"BLUEDOG GENETICS Seeds","description":"Compare et ach\u00e8te les meilleures graines de cannabis. F\u00e9minis\u00e9es, autofloraison, CBD.","publisher":{"@id":"https:\/\/bluedoggenetics.com\/de\/#organization"},"alternateName":"BLUEDOG GENETICS","potentialAction":[{"@type":"SearchAction","target":{"@type":"EntryPoint","urlTemplate":"https:\/\/bluedoggenetics.com\/de\/?s={search_term_string}"},"query-input":{"@type":"PropertyValueSpecification","valueRequired":true,"valueName":"search_term_string"}}],"inLanguage":"fr-FR"},{"@type":"Organization","@id":"https:\/\/bluedoggenetics.com\/de\/#organization","name":"BLUEDOG GENETICS","url":"https:\/\/bluedoggenetics.com\/de\/","logo":{"@type":"ImageObject","inLanguage":"fr-FR","@id":"https:\/\/bluedoggenetics.com\/de\/#\/schema\/logo\/image\/","url":"https:\/\/bluedoggenetics.com\/wp-content\/uploads\/2024\/11\/appIcon.png","contentUrl":"https:\/\/bluedoggenetics.com\/wp-content\/uploads\/2024\/11\/appIcon.png","width":1024,"height":1024,"caption":"BLUEDOG GENETICS"},"image":{"@id":"https:\/\/bluedoggenetics.com\/de\/#\/schema\/logo\/image\/"},"sameAs":["https:\/\/www.instagram.com\/bluedog.genetics\/"]}]}},"sticker_url":"https:\/\/bluedoggenetics.com\/wp-content\/uploads\/2026\/03\/barneys-farm.webp","variations_full":[{"id":4351,"price":12,"regular_price":12,"attributes":{"attribute_pa_cantidad":"pack-1"},"image_src":"https:\/\/bluedoggenetics.com\/wp-content\/uploads\/2026\/03\/ayahuasca-purple_circle_new_21_217001.webp","is_in_stock":true},{"id":4352,"price":32,"regular_price":32,"attributes":{"attribute_pa_cantidad":"pack-3"},"image_src":"https:\/\/bluedoggenetics.com\/wp-content\/uploads\/2026\/03\/ayahuasca-purple_circle_new_21_217001.webp","is_in_stock":true},{"id":4353,"price":48,"regular_price":48,"attributes":{"attribute_pa_cantidad":"pack-5"},"image_src":"https:\/\/bluedoggenetics.com\/wp-content\/uploads\/2026\/03\/ayahuasca-purple_circle_new_21_217001.webp","is_in_stock":true},{"id":4354,"price":85,"regular_price":85,"attributes":{"attribute_pa_cantidad":"pack-10"},"image_src":"https:\/\/bluedoggenetics.com\/wp-content\/uploads\/2026\/03\/ayahuasca-purple_circle_new_21_217001.webp","is_in_stock":true}],"jetpack_sharing_enabled":true,"_links":{"self":[{"href":"https:\/\/bluedoggenetics.com\/fr\/wp-json\/wp\/v2\/product\/4339","targetHints":{"allow":["GET"]}}],"collection":[{"href":"https:\/\/bluedoggenetics.com\/fr\/wp-json\/wp\/v2\/product"}],"about":[{"href":"https:\/\/bluedoggenetics.com\/fr\/wp-json\/wp\/v2\/types\/product"}],"wp:featuredmedia":[{"embeddable":true,"href":"https:\/\/bluedoggenetics.com\/fr\/wp-json\/wp\/v2\/media\/3456"}],"wp:attachment":[{"href":"https:\/\/bluedoggenetics.com\/fr\/wp-json\/wp\/v2\/media?parent=4339"}],"wp:term":[{"taxonomy":"product_brand","embeddable":true,"href":"https:\/\/bluedoggenetics.com\/fr\/wp-json\/wp\/v2\/product_brand?post=4339"},{"taxonomy":"product_cat","embeddable":true,"href":"https:\/\/bluedoggenetics.com\/fr\/wp-json\/wp\/v2\/product_cat?post=4339"},{"taxonomy":"product_tag","embeddable":true,"href":"https:\/\/bluedoggenetics.com\/fr\/wp-json\/wp\/v2\/product_tag?post=4339"}],"curies":[{"name":"wp","href":"https:\/\/api.w.org\/{rel}","templated":true}]}}