{"id":4293,"date":"2026-03-29T17:52:08","date_gmt":"2026-03-29T15:52:08","guid":{"rendered":"https:\/\/bluedoggenetics.com\/?post_type=product&#038;p=4293"},"modified":"2026-05-06T14:56:28","modified_gmt":"2026-05-06T12:56:28","slug":"zkittlez-og-auto","status":"publish","type":"product","link":"https:\/\/bluedoggenetics.com\/fr\/produit\/graines\/autofloraison\/zkittlez-og-auto\/","title":{"rendered":"Zkittlez OG Auto"},"content":{"rendered":"<p>Les graines de <strong>Zkittlez OG Auto<\/strong> Ils brisent tous les pr\u00e9jug\u00e9s sur les performances des g\u00e9n\u00e9tiques autoflorissantes. Se d\u00e9veloppant avec une vigueur hybride \u00e9tonnante d\u00e8s le premier jour, elle compl\u00e8te son cycle complet, de la graine \u00e0 la r\u00e9colte, en 70 \u00e0 75 jours. Gr\u00e2ce \u00e0 son impressionnante capacit\u00e9 de production, qui peut atteindre et d\u00e9passer 600 grammes par m\u00e8tre carr\u00e9 en int\u00e9rieur, ce joyau botanique a balay\u00e9 les ventes et la popularit\u00e9 aupr\u00e8s des producteurs commerciaux et des particuliers sur des march\u00e9s aussi comp\u00e9titifs que l'Allemagne, la France, les \u00c9tats-Unis et l'Espagne.<\/p>\n<p>L'effet du Zkittlez OG Auto est une v\u00e9ritable merveille moderne. Gr\u00e2ce \u00e0 son excellent \u00e9quilibre g\u00e9n\u00e9tique (50% indica \/ 50% sativa), elle offre une stimulation c\u00e9r\u00e9brale initiale enivrante et puissante, qui favorise la cr\u00e9ativit\u00e9, la sociabilit\u00e9 et la concentration. Au fil du temps, l'h\u00e9ritage OG Kush prend le relais pour installer votre corps dans un \u00e9tat de relaxation physique profonde et apaisante, qui aide \u00e0 merveille \u00e0 d\u00e9nouer les n\u0153uds musculaires et \u00e0 att\u00e9nuer le stress mental.<\/p>\n<p><b>Aspect de la fleur.<\/b> Les grappes de fleurs sont un spectacle. T\u00eates volumineuses et lourdes avec une structure robuste, d\u00e9cor\u00e9es de poils orange vif et, parfois, de teintes roses ou violettes. Le point culminant est son extraordinaire et brillante couche de trichomes d\u00e9bordante de r\u00e9sine, responsable de cet ar\u00f4me explosif de bonbon aux fruits tropicaux avec le fond de pin classique de la g\u00e9n\u00e9tique OG.<\/p>\n<p><b>Morphologie v\u00e9g\u00e9tale.<\/b> Au cours de son d\u00e9veloppement, il pr\u00e9sente une morphologie incroyablement forte et robuste, h\u00e9ritant de la structure classique du OG Kush . Elle pousse beaucoup plus grande que les autres autos, atteignant des hauteurs allant de 100 \u00e0 130 cm, d\u00e9veloppant une \u00e9norme distance internodale et de longues branches lat\u00e9rales remplies \u00e0 ras bord de lourdes fleurs givr\u00e9es.<\/p>\n<h3><b>Conseils de Culture<\/b><\/h3>\n<ul>\n<li><strong>Quel est le climat id\u00e9al pour cultiver le Zkittlez OG Auto ?<\/strong>\n<p>C'est une vari\u00e9t\u00e9 robuste et r\u00e9sistante \u00e0 la plupart des parasites et des champignons, se sentant plus \u00e0 l'aise sous le soleil direct dans les climats secs, chauds et typiquement m\u00e9diterran\u00e9ens.<\/li>\n<li><strong>Quelles techniques de formation fonctionnent le mieux avec le Zkittlez OG Auto ?<\/strong>\n<p>En raison de sa taille et de sa grande vigueur dans les branches lat\u00e9rales, attacher et guider doucement ses branches (LST) est tr\u00e8s b\u00e9n\u00e9fique pour former une canop\u00e9e uniforme et maximiser la p\u00e9n\u00e9tration de la lumi\u00e8re du projecteur.<\/li>\n<li><strong>De quel type de fertilisation le Zkittlez OG Auto a-t-il besoin ?<\/strong>\n<p>Cette g\u00e9n\u00e9tique m\u00e9tabolise de grandes quantit\u00e9s de nutriments pendant la floraison. Fournir un bon stimulateur racinaire dans les premi\u00e8res semaines et un engraissement riche en PK biologique dans la phase finale multipliera le poids et la douceur de la r\u00e9colte.<\/li>\n<li><strong>\u00c0 quoi devraient ressembler l\u2019irrigation et l\u2019humidit\u00e9 pour le Zkittlez OG Auto ?<\/strong>\n<p>En tant que grosse voiture, son syst\u00e8me racinaire est exigeant ; Arrosez abondamment mais en respectant toujours les cycles secs entre les arrosages pour que la racine se d\u00e9veloppe. Maintenir une humidit\u00e9 autour de 40-45% en fin de culture.<\/li>\n<li><strong>Est-il n\u00e9cessaire de tailler la plante Zkittlez OG Auto ?<\/strong>\n<p>Pour \u00e9viter les probl\u00e8mes de stress, \u00e9vitez \u00e0 tout prix la taille haute. Une fois la floraison d\u00e9marr\u00e9e, vous pouvez proc\u00e9der \u00e0 un retrait d'ombre l\u00e9ger et tr\u00e8s mesur\u00e9 si la canop\u00e9e est trop dense.<\/li>\n<\/ul>","protected":false},"excerpt":{"rendered":"<p><strong>Zkittlez OG Auto<\/strong> C'est une v\u00e9ritable championne dans le monde des vari\u00e9t\u00e9s autoflorissantes. Cet hybride 50\/50, r\u00e9sultat d'un croisement entre Zkittlez , OG Kush et BF Super Auto, offre des niveaux de THC \u00e9tonnants et une cascade de terp\u00e8nes fruit\u00e9s qui \u00e9voquent les bonbons et les fruits exotiques. Il promet des rendements et des effets tr\u00e8s \u00e9lev\u00e9s avec un \u00e9quilibre parfait entre une relaxation physique profonde et un \u00e9tat de vigilance mentale heureux et cr\u00e9atif.<\/p>","protected":false},"featured_media":3559,"template":"","meta":{"_acf_changed":false,"inline_featured_image":false,"_wp_applaud_exclude":false},"product_brand":[192],"product_cat":[21],"product_tag":[],"class_list":{"0":"post-4293","1":"product","2":"type-product","3":"status-publish","4":"has-post-thumbnail","6":"product_brand-barneys-farm","7":"product_cat-autoflorecientes","8":"pa_altura-exterior-120-150","9":"pa_altura-interior-90-120","10":"pa_beneficios-terapeuticos-alivio-de-ansiedad","11":"pa_beneficios-terapeuticos-alivio-del-dolor","12":"pa_cantidad-pack-1","13":"pa_cantidad-pack-10","14":"pa_cantidad-pack-3","15":"pa_cantidad-pack-5","16":"pa_clima-calido","17":"pa_cosecha-exterior-550-650","18":"pa_cosecha-interior-550-650","19":"pa_efectos-destacables-activo","20":"pa_efectos-destacables-creativo","21":"pa_efectos-destacables-euforico","22":"pa_efectos-destacables-relajado","23":"pa_floracion-10-11","24":"pa_genetica-50-50","25":"pa_olor-intenso","26":"pa_sabores-y-olores-afrutado","27":"pa_sabores-y-olores-bayas","28":"pa_sabores-y-olores-dulce","29":"pa_sabores-y-olores-floral","30":"pa_sabores-y-olores-tropical","31":"pa_thc-20-26","32":"pa_variedad-autofloreciente","33":"pa_variedad-hibrida","35":"first","36":"instock","37":"taxable","38":"shipping-taxable","39":"purchasable","40":"product-type-variable"},"acf":{"sticker":"https:\/\/bluedoggenetics.com\/wp-content\/uploads\/2026\/03\/barneys-farm.webp","family_tree":""},"yoast_head":"<!-- This site is optimized with the Yoast SEO plugin v26.5 - https:\/\/yoast.com\/wordpress\/plugins\/seo\/ -->\n<title>Zkittlez OG Auto - BLUEDOG GENETICS Seeds<\/title>\n<meta name=\"description\" content=\"Zkittlez OG Auto de Barney&#039;s Farm: el h\u00edbrido con 20% de THC y aroma a caramelo de frutas y Kush. Ciclo r\u00e1pido y gran producci\u00f3n. \u00a1Compra tus semillas ahora!\" \/>\n<meta name=\"robots\" content=\"index, follow, max-snippet:-1, max-image-preview:large, max-video-preview:-1\" \/>\n<link rel=\"canonical\" href=\"https:\/\/bluedoggenetics.com\/fr\/produit\/autofloraison\/zkittlez-og-auto\/\" \/>\n<meta property=\"og:locale\" content=\"fr_FR\" \/>\n<meta property=\"og:type\" content=\"article\" \/>\n<meta property=\"og:title\" content=\"Zkittlez OG Auto - BLUEDOG GENETICS Seeds\" \/>\n<meta property=\"og:description\" content=\"Zkittlez OG Auto de Barney&#039;s Farm: el h\u00edbrido con 20% de THC y aroma a caramelo de frutas y Kush. Ciclo r\u00e1pido y gran producci\u00f3n. \u00a1Compra tus semillas ahora!\" \/>\n<meta property=\"og:url\" content=\"https:\/\/bluedoggenetics.com\/fr\/produit\/autofloraison\/zkittlez-og-auto\/\" \/>\n<meta property=\"og:site_name\" content=\"BLUEDOG GENETICS Seeds\" \/>\n<meta property=\"article:modified_time\" content=\"2026-05-06T12:56:28+00:00\" \/>\n<meta property=\"og:image\" content=\"https:\/\/bluedoggenetics.com\/wp-content\/uploads\/2026\/03\/zkittlez-og-auto_circle_new_21_125352.webp\" \/>\n\t<meta property=\"og:image:width\" content=\"475\" \/>\n\t<meta property=\"og:image:height\" content=\"570\" \/>\n\t<meta property=\"og:image:type\" content=\"image\/webp\" \/>\n<meta name=\"twitter:card\" content=\"summary_large_image\" \/>\n<meta name=\"twitter:label1\" content=\"Dur\u00e9e de lecture estim\u00e9e\" \/>\n\t<meta name=\"twitter:data1\" content=\"3 minutes\" \/>\n<script type=\"application\/ld+json\" class=\"yoast-schema-graph\">{\"@context\":\"https:\/\/schema.org\",\"@graph\":[{\"@type\":[\"WebPage\",\"ItemPage\"],\"@id\":\"https:\/\/bluedoggenetics.com\/producto\/autoflorecientes\/zkittlez-og-auto\/\",\"url\":\"https:\/\/bluedoggenetics.com\/producto\/autoflorecientes\/zkittlez-og-auto\/\",\"name\":\"Zkittlez OG Auto - BLUEDOG GENETICS Seeds\",\"isPartOf\":{\"@id\":\"https:\/\/bluedoggenetics.com\/de\/#website\"},\"primaryImageOfPage\":{\"@id\":\"https:\/\/bluedoggenetics.com\/producto\/autoflorecientes\/zkittlez-og-auto\/#primaryimage\"},\"image\":{\"@id\":\"https:\/\/bluedoggenetics.com\/producto\/autoflorecientes\/zkittlez-og-auto\/#primaryimage\"},\"thumbnailUrl\":\"https:\/\/bluedoggenetics.com\/wp-content\/uploads\/2026\/03\/zkittlez-og-auto_circle_new_21_125352.webp\",\"datePublished\":\"2026-03-29T15:52:08+00:00\",\"dateModified\":\"2026-05-06T12:56:28+00:00\",\"description\":\"Zkittlez OG Auto de Barney's Farm: el h\u00edbrido con 20% de THC y aroma a caramelo de frutas y Kush. Ciclo r\u00e1pido y gran producci\u00f3n. \u00a1Compra tus semillas ahora!\",\"breadcrumb\":{\"@id\":\"https:\/\/bluedoggenetics.com\/producto\/autoflorecientes\/zkittlez-og-auto\/#breadcrumb\"},\"inLanguage\":\"fr-FR\",\"potentialAction\":[{\"@type\":\"ReadAction\",\"target\":[\"https:\/\/bluedoggenetics.com\/producto\/autoflorecientes\/zkittlez-og-auto\/\"]}]},{\"@type\":\"ImageObject\",\"inLanguage\":\"fr-FR\",\"@id\":\"https:\/\/bluedoggenetics.com\/producto\/autoflorecientes\/zkittlez-og-auto\/#primaryimage\",\"url\":\"https:\/\/bluedoggenetics.com\/wp-content\/uploads\/2026\/03\/zkittlez-og-auto_circle_new_21_125352.webp\",\"contentUrl\":\"https:\/\/bluedoggenetics.com\/wp-content\/uploads\/2026\/03\/zkittlez-og-auto_circle_new_21_125352.webp\",\"width\":475,\"height\":570,\"caption\":\"zKITTLEZ og de Barney's Farm\"},{\"@type\":\"BreadcrumbList\",\"@id\":\"https:\/\/bluedoggenetics.com\/producto\/autoflorecientes\/zkittlez-og-auto\/#breadcrumb\",\"itemListElement\":[{\"@type\":\"ListItem\",\"position\":1,\"name\":\"Portada\",\"item\":\"https:\/\/bluedoggenetics.com\/\"},{\"@type\":\"ListItem\",\"position\":2,\"name\":\"Tienda\",\"item\":\"https:\/\/bluedoggenetics.com\/fr\/tienda\/\"},{\"@type\":\"ListItem\",\"position\":3,\"name\":\"Zkittlez OG Auto\"}]},{\"@type\":\"WebSite\",\"@id\":\"https:\/\/bluedoggenetics.com\/de\/#website\",\"url\":\"https:\/\/bluedoggenetics.com\/de\/\",\"name\":\"BLUEDOG GENETICS Seeds\",\"description\":\"Compara y compra las mejores semillas de cannabis. Feminizadas, Autoflorecientes, CBD.\",\"publisher\":{\"@id\":\"https:\/\/bluedoggenetics.com\/de\/#organization\"},\"alternateName\":\"BLUEDOG GENETICS\",\"potentialAction\":[{\"@type\":\"SearchAction\",\"target\":{\"@type\":\"EntryPoint\",\"urlTemplate\":\"https:\/\/bluedoggenetics.com\/de\/?s={search_term_string}\"},\"query-input\":{\"@type\":\"PropertyValueSpecification\",\"valueRequired\":true,\"valueName\":\"search_term_string\"}}],\"inLanguage\":\"fr-FR\"},{\"@type\":\"Organization\",\"@id\":\"https:\/\/bluedoggenetics.com\/de\/#organization\",\"name\":\"BLUEDOG GENETICS\",\"url\":\"https:\/\/bluedoggenetics.com\/de\/\",\"logo\":{\"@type\":\"ImageObject\",\"inLanguage\":\"fr-FR\",\"@id\":\"https:\/\/bluedoggenetics.com\/de\/#\/schema\/logo\/image\/\",\"url\":\"https:\/\/bluedoggenetics.com\/wp-content\/uploads\/2024\/11\/appIcon.png\",\"contentUrl\":\"https:\/\/bluedoggenetics.com\/wp-content\/uploads\/2024\/11\/appIcon.png\",\"width\":1024,\"height\":1024,\"caption\":\"BLUEDOG GENETICS\"},\"image\":{\"@id\":\"https:\/\/bluedoggenetics.com\/de\/#\/schema\/logo\/image\/\"},\"sameAs\":[\"https:\/\/www.instagram.com\/bluedog.genetics\/\"]}]}<\/script>\n<!-- \/ Yoast SEO plugin. -->","yoast_head_json":{"title":"Zkittlez OG Auto - Graines G\u00c9N\u00c9TIQUE BLUEDOG","description":"Zkittlez OG Auto de Barney's Farm : l'hybride avec 20 % de THC et des bonbons aux fruits et un ar\u00f4me Kush. Cycle rapide et grande production. Achetez vos graines maintenant !","robots":{"index":"index","follow":"follow","max-snippet":"max-snippet:-1","max-image-preview":"max-image-preview:large","max-video-preview":"max-video-preview:-1"},"canonical":"https:\/\/bluedoggenetics.com\/fr\/produit\/autofloraison\/zkittlez-og-auto\/","og_locale":"fr_FR","og_type":"article","og_title":"Zkittlez OG Auto - BLUEDOG GENETICS Seeds","og_description":"Zkittlez OG Auto de Barney's Farm: el h\u00edbrido con 20% de THC y aroma a caramelo de frutas y Kush. Ciclo r\u00e1pido y gran producci\u00f3n. \u00a1Compra tus semillas ahora!","og_url":"https:\/\/bluedoggenetics.com\/fr\/produit\/autofloraison\/zkittlez-og-auto\/","og_site_name":"BLUEDOG GENETICS Seeds","article_modified_time":"2026-05-06T12:56:28+00:00","og_image":[{"width":475,"height":570,"url":"https:\/\/bluedoggenetics.com\/wp-content\/uploads\/2026\/03\/zkittlez-og-auto_circle_new_21_125352.webp","type":"image\/webp"}],"twitter_card":"summary_large_image","twitter_misc":{"Dur\u00e9e de lecture estim\u00e9e":"3 minutes"},"schema":{"@context":"https:\/\/schema.org","@graph":[{"@type":["WebPage","ItemPage"],"@id":"https:\/\/bluedoggenetics.com\/producto\/autoflorecientes\/zkittlez-og-auto\/","url":"https:\/\/bluedoggenetics.com\/producto\/autoflorecientes\/zkittlez-og-auto\/","name":"Zkittlez OG Auto - Graines G\u00c9N\u00c9TIQUE BLUEDOG","isPartOf":{"@id":"https:\/\/bluedoggenetics.com\/de\/#website"},"primaryImageOfPage":{"@id":"https:\/\/bluedoggenetics.com\/producto\/autoflorecientes\/zkittlez-og-auto\/#primaryimage"},"image":{"@id":"https:\/\/bluedoggenetics.com\/producto\/autoflorecientes\/zkittlez-og-auto\/#primaryimage"},"thumbnailUrl":"https:\/\/bluedoggenetics.com\/wp-content\/uploads\/2026\/03\/zkittlez-og-auto_circle_new_21_125352.webp","datePublished":"2026-03-29T15:52:08+00:00","dateModified":"2026-05-06T12:56:28+00:00","description":"Zkittlez OG Auto de Barney's Farm : l'hybride avec 20 % de THC et des bonbons aux fruits et un ar\u00f4me Kush. Cycle rapide et grande production. Achetez vos graines maintenant !","breadcrumb":{"@id":"https:\/\/bluedoggenetics.com\/producto\/autoflorecientes\/zkittlez-og-auto\/#breadcrumb"},"inLanguage":"fr-FR","potentialAction":[{"@type":"ReadAction","target":["https:\/\/bluedoggenetics.com\/producto\/autoflorecientes\/zkittlez-og-auto\/"]}]},{"@type":"ImageObject","inLanguage":"fr-FR","@id":"https:\/\/bluedoggenetics.com\/producto\/autoflorecientes\/zkittlez-og-auto\/#primaryimage","url":"https:\/\/bluedoggenetics.com\/wp-content\/uploads\/2026\/03\/zkittlez-og-auto_circle_new_21_125352.webp","contentUrl":"https:\/\/bluedoggenetics.com\/wp-content\/uploads\/2026\/03\/zkittlez-og-auto_circle_new_21_125352.webp","width":475,"height":570,"caption":"zKITTLEZ og de Barney's Farm"},{"@type":"BreadcrumbList","@id":"https:\/\/bluedoggenetics.com\/producto\/autoflorecientes\/zkittlez-og-auto\/#breadcrumb","itemListElement":[{"@type":"ListItem","position":1,"name":"Portada","item":"https:\/\/bluedoggenetics.com\/"},{"@type":"ListItem","position":2,"name":"Tienda","item":"https:\/\/bluedoggenetics.com\/fr\/tienda\/"},{"@type":"ListItem","position":3,"name":"Zkittlez OG Auto"}]},{"@type":"WebSite","@id":"https:\/\/bluedoggenetics.com\/de\/#website","url":"https:\/\/bluedoggenetics.com\/de\/","name":"BLUEDOG GENETICS Seeds","description":"Compare et ach\u00e8te les meilleures graines de cannabis. F\u00e9minis\u00e9es, autofloraison, CBD.","publisher":{"@id":"https:\/\/bluedoggenetics.com\/de\/#organization"},"alternateName":"BLUEDOG GENETICS","potentialAction":[{"@type":"SearchAction","target":{"@type":"EntryPoint","urlTemplate":"https:\/\/bluedoggenetics.com\/de\/?s={search_term_string}"},"query-input":{"@type":"PropertyValueSpecification","valueRequired":true,"valueName":"search_term_string"}}],"inLanguage":"fr-FR"},{"@type":"Organization","@id":"https:\/\/bluedoggenetics.com\/de\/#organization","name":"BLUEDOG GENETICS","url":"https:\/\/bluedoggenetics.com\/de\/","logo":{"@type":"ImageObject","inLanguage":"fr-FR","@id":"https:\/\/bluedoggenetics.com\/de\/#\/schema\/logo\/image\/","url":"https:\/\/bluedoggenetics.com\/wp-content\/uploads\/2024\/11\/appIcon.png","contentUrl":"https:\/\/bluedoggenetics.com\/wp-content\/uploads\/2024\/11\/appIcon.png","width":1024,"height":1024,"caption":"BLUEDOG GENETICS"},"image":{"@id":"https:\/\/bluedoggenetics.com\/de\/#\/schema\/logo\/image\/"},"sameAs":["https:\/\/www.instagram.com\/bluedog.genetics\/"]}]}},"sticker_url":"https:\/\/bluedoggenetics.com\/wp-content\/uploads\/2026\/03\/barneys-farm.webp","variations_full":[{"id":4302,"price":11,"regular_price":11,"attributes":{"attribute_pa_cantidad":"pack-1"},"image_src":"https:\/\/bluedoggenetics.com\/wp-content\/uploads\/2026\/03\/zkittlez-og-auto_circle_new_21_125352.webp","is_in_stock":true},{"id":4303,"price":28,"regular_price":28,"attributes":{"attribute_pa_cantidad":"pack-3"},"image_src":"https:\/\/bluedoggenetics.com\/wp-content\/uploads\/2026\/03\/zkittlez-og-auto_circle_new_21_125352.webp","is_in_stock":true},{"id":4304,"price":42,"regular_price":42,"attributes":{"attribute_pa_cantidad":"pack-5"},"image_src":"https:\/\/bluedoggenetics.com\/wp-content\/uploads\/2026\/03\/zkittlez-og-auto_circle_new_21_125352.webp","is_in_stock":true},{"id":4305,"price":80,"regular_price":80,"attributes":{"attribute_pa_cantidad":"pack-10"},"image_src":"https:\/\/bluedoggenetics.com\/wp-content\/uploads\/2026\/03\/zkittlez-og-auto_circle_new_21_125352.webp","is_in_stock":true}],"jetpack_sharing_enabled":true,"_links":{"self":[{"href":"https:\/\/bluedoggenetics.com\/fr\/wp-json\/wp\/v2\/product\/4293","targetHints":{"allow":["GET"]}}],"collection":[{"href":"https:\/\/bluedoggenetics.com\/fr\/wp-json\/wp\/v2\/product"}],"about":[{"href":"https:\/\/bluedoggenetics.com\/fr\/wp-json\/wp\/v2\/types\/product"}],"wp:featuredmedia":[{"embeddable":true,"href":"https:\/\/bluedoggenetics.com\/fr\/wp-json\/wp\/v2\/media\/3559"}],"wp:attachment":[{"href":"https:\/\/bluedoggenetics.com\/fr\/wp-json\/wp\/v2\/media?parent=4293"}],"wp:term":[{"taxonomy":"product_brand","embeddable":true,"href":"https:\/\/bluedoggenetics.com\/fr\/wp-json\/wp\/v2\/product_brand?post=4293"},{"taxonomy":"product_cat","embeddable":true,"href":"https:\/\/bluedoggenetics.com\/fr\/wp-json\/wp\/v2\/product_cat?post=4293"},{"taxonomy":"product_tag","embeddable":true,"href":"https:\/\/bluedoggenetics.com\/fr\/wp-json\/wp\/v2\/product_tag?post=4293"}],"curies":[{"name":"wp","href":"https:\/\/api.w.org\/{rel}","templated":true}]}}