{"id":4292,"date":"2026-03-29T17:52:08","date_gmt":"2026-03-29T15:52:08","guid":{"rendered":"https:\/\/bluedoggenetics.com\/?post_type=product&#038;p=4292"},"modified":"2026-05-06T14:56:28","modified_gmt":"2026-05-06T12:56:28","slug":"purple-punch-auto","status":"publish","type":"product","link":"https:\/\/bluedoggenetics.com\/fr\/produit\/graines\/autofloraison\/purple-punch-auto\/","title":{"rendered":"Purple Punch Auto"},"content":{"rendered":"<p>Graines de marijuana <strong>Purple Punch Auto<\/strong> C'est un ajout incontournable pour les amateurs de g\u00e9n\u00e9tiques am\u00e9ricaines les plus savoureuses \u00e0 la recherche de vitesse et d'endurance simples. De la graine \u00e0 la r\u00e9colte, cette merveille botanique ne prend que 50 \u00e0 60 jours, l'un des cycles les plus rapides et les plus explosifs du march\u00e9. Son extr\u00eame fiabilit\u00e9, ainsi que son profil \u00e9blouissant de terp\u00e8nes fruit\u00e9s et sucr\u00e9s, l'ont positionn\u00e9e comme l'une des vari\u00e9t\u00e9s autoflorissantes les plus vendues et cultiv\u00e9es commercialement en Allemagne, en France, aux \u00c9tats-Unis et en Espagne, produisant des rendements allant jusqu'\u00e0 400 g\/m2.<\/p>\n<p>Si vous vous interrogez sur son effet, le Purple Punch Auto est un ticket direct pour une relaxation totale. Le \u00ab high \u00bb C'est nettement physique et profond\u00e9ment s\u00e9datif ; Il d\u00e9tend presque instantan\u00e9ment les muscles tendus et enveloppe l\u2019esprit d\u2019une brume chaleureuse, heureuse et tr\u00e8s calme. C'est sans aucun doute la g\u00e9n\u00e9tique id\u00e9ale pour se d\u00e9connecter \u00e0 la fin d'une longue journ\u00e9e, r\u00e9duire drastiquement le stress et s'endormir.<\/p>\n<p><b>Aspect de la fleur.<\/b> Visuellement, c'est un joyau \u00e9blouissant. Les t\u00eates sont denses, extr\u00eamement r\u00e9sineuses et acqui\u00e8rent, lors de la derni\u00e8re phase de floraison, de belles et intenses tonalit\u00e9s violettes, violettes et rouge\u00e2tres. Le contraste entre les calices sombres, les pistils orange et l'\u00e9paisse couche blanche de trichomes donne \u00e0 la fleur un \u00ab attrait de sac \u00bb. qualit\u00e9 gourmande.<\/p>\n<p><b>Morphologie v\u00e9g\u00e9tale.<\/b> C'est une plante autoflorissante \u00e0 la structure tr\u00e8s contenue, trapue et extr\u00eamement discr\u00e8te, qui d\u00e9passe rarement 80 centim\u00e8tres de hauteur en int\u00e9rieur. Malgr\u00e9 sa petite taille, il est \u00e9tonnamment productif gr\u00e2ce au d\u00e9veloppement d'une tige centrale pro\u00e9minente et lourde, entour\u00e9e de plusieurs branches lat\u00e9rales vigoureuses qui supportent bien le poids.<\/p>\n<h3><b>Conseils de Culture<\/b><\/h3>\n<ul>\n<li><strong>Quel est le climat id\u00e9al pour cultiver le Purple Punch Auto ?<\/strong>\n<p>Cette vari\u00e9t\u00e9 appr\u00e9cie les climats temp\u00e9r\u00e9s et chauds ; Cependant, elle remerciera et r\u00e9compensera le cultivateur avec ses tons violets plus vifs s'il subit une baisse l\u00e9g\u00e8re et contr\u00f4l\u00e9e des temp\u00e9ratures nocturnes \u00e0 la fin de la culture.<\/li>\n<li><strong>Quelles techniques de formation fonctionnent le mieux avec le Purple Punch Auto ?<\/strong>\n<p>En raison de sa vitesse extr\u00eame et de son cycle v\u00e9g\u00e9tatif court, une taille drastique n\u2019est pas recommand\u00e9e. Un l\u00e9ger LST (Low Stress Training) adapt\u00e9 \u00e0 la voile suffit pour maximiser votre exposition \u00e0 la lumi\u00e8re.<\/li>\n<li><strong>De quel type de fertilisation le Purple Punch Auto a-t-il besoin ?<\/strong>\n<p>R\u00e9pond tr\u00e8s bien aux plans de nutrition bio. \u00c9vitez de saturer le substrat en azote et concentrez-vous sur l'application d'un bon exhausteur de floraison riche en sucres pour tirer le meilleur parti de son go\u00fbt de tarte aux myrtilles.<\/li>\n<li><strong>\u00c0 quoi devraient ressembler l\u2019irrigation et l\u2019humidit\u00e9 pour le Purple Punch Auto ?<\/strong>\n<p>Maintenez un r\u00e9gime d'irrigation mod\u00e9r\u00e9, permettant des cycles de s\u00e9cheresse dans les racines. En raison de l'extr\u00eame densit\u00e9 et duret\u00e9 de ses bourgeons violets, il est essentiel de maintenir une humidit\u00e9 relative inf\u00e9rieure \u00e0 45 % pendant la phase de maturation.<\/li>\n<li><strong>Est-il n\u00e9cessaire de tailler la plante Purple Punch Auto ?<\/strong>\n<p>La taille agressive des branches (Lollipopping) n'est pas recommand\u00e9e dans les plantes \u00e0 autofloraison aussi rapides, mais vous pouvez retirer ou \u00e9liminer toutes les feuilles inf\u00e9rieures qui bloquent la lumi\u00e8re des t\u00eates principales.<\/li>\n<\/ul>","protected":false},"excerpt":{"rendered":"<p><strong>Purple Punch Auto<\/strong> est une vari\u00e9t\u00e9 autoflorissante spectaculaire cr\u00e9\u00e9e \u00e0 partir du croisement de Purple Punch et BF Super Auto #1. Avec une lign\u00e9e Indica incomparable (80 %), cette vari\u00e9t\u00e9 est c\u00e9l\u00e8bre pour son cycle de vie court et ses saveurs \u00e9tonnantes de tarte aux pommes cuites au four, de myrtilles et de cerises. Avec une teneur en THC d'environ 18-20 %, elle assure une pure relaxation et une culture hypnotique et color\u00e9e.<\/p>","protected":false},"featured_media":3555,"template":"","meta":{"_acf_changed":false,"inline_featured_image":false,"_wp_applaud_exclude":false},"product_brand":[192],"product_cat":[21],"product_tag":[],"class_list":{"0":"post-4292","1":"product","2":"type-product","3":"status-publish","4":"has-post-thumbnail","6":"product_brand-barneys-farm","7":"product_cat-autoflorecientes","8":"pa_altura-exterior-90-120","9":"pa_altura-interior-90-120","10":"pa_beneficios-terapeuticos-alivio-de-ansiedad","11":"pa_beneficios-terapeuticos-alivio-del-dolor","12":"pa_beneficios-terapeuticos-ayuda-para-dormir","13":"pa_cantidad-pack-1","14":"pa_cantidad-pack-10","15":"pa_cantidad-pack-3","16":"pa_cantidad-pack-5","17":"pa_clima-templado","18":"pa_cosecha-exterior-350-450","19":"pa_cosecha-interior-350-450","20":"pa_efectos-destacables-adormecido","21":"pa_efectos-destacables-relajado","22":"pa_floracion-8-9","23":"pa_genetica-80-20","24":"pa_olor-intenso","25":"pa_sabores-y-olores-bayas","26":"pa_sabores-y-olores-dulce","27":"pa_sabores-y-olores-uva","28":"pa_thc-18-20","29":"pa_variedad-autofloreciente","30":"pa_variedad-indica","31":"pa_variedad-mayormente-indica","33":"first","34":"instock","35":"taxable","36":"shipping-taxable","37":"purchasable","38":"product-type-variable"},"acf":{"sticker":"https:\/\/bluedoggenetics.com\/wp-content\/uploads\/2026\/03\/barneys-farm.webp","family_tree":""},"yoast_head":"<!-- This site is optimized with the Yoast SEO plugin v26.5 - https:\/\/yoast.com\/wordpress\/plugins\/seo\/ -->\n<title>Purple Punch Auto de Barney&#039;s Farm - BLUEDOG GENETICS Seeds<\/title>\n<meta name=\"description\" content=\"Purple Punch Auto de Barney&#039;s Farm: el h\u00edbrido con 18% de THC y aroma a tarta de ar\u00e1ndanos. Ciclo de 60 d\u00edas y gran producci\u00f3n. \u00a1Compra tus semillas ahora!\" \/>\n<meta name=\"robots\" content=\"index, follow, max-snippet:-1, max-image-preview:large, max-video-preview:-1\" \/>\n<link rel=\"canonical\" href=\"https:\/\/bluedoggenetics.com\/fr\/produit\/autofloraison\/purple-punch-auto\/\" \/>\n<meta property=\"og:locale\" content=\"fr_FR\" \/>\n<meta property=\"og:type\" content=\"article\" \/>\n<meta property=\"og:title\" content=\"Purple Punch Auto de Barney&#039;s Farm - BLUEDOG GENETICS Seeds\" \/>\n<meta property=\"og:description\" content=\"Purple Punch Auto de Barney&#039;s Farm: el h\u00edbrido con 18% de THC y aroma a tarta de ar\u00e1ndanos. Ciclo de 60 d\u00edas y gran producci\u00f3n. \u00a1Compra tus semillas ahora!\" \/>\n<meta property=\"og:url\" content=\"https:\/\/bluedoggenetics.com\/fr\/produit\/autofloraison\/purple-punch-auto\/\" \/>\n<meta property=\"og:site_name\" content=\"BLUEDOG GENETICS Seeds\" \/>\n<meta property=\"article:modified_time\" content=\"2026-05-06T12:56:28+00:00\" \/>\n<meta property=\"og:image\" content=\"https:\/\/bluedoggenetics.com\/wp-content\/uploads\/2026\/03\/purple-punch-auto_circle_new_21_125053.webp\" \/>\n\t<meta property=\"og:image:width\" content=\"475\" \/>\n\t<meta property=\"og:image:height\" content=\"570\" \/>\n\t<meta property=\"og:image:type\" content=\"image\/webp\" \/>\n<meta name=\"twitter:card\" content=\"summary_large_image\" \/>\n<meta name=\"twitter:label1\" content=\"Dur\u00e9e de lecture estim\u00e9e\" \/>\n\t<meta name=\"twitter:data1\" content=\"3 minutes\" \/>\n<script type=\"application\/ld+json\" class=\"yoast-schema-graph\">{\"@context\":\"https:\/\/schema.org\",\"@graph\":[{\"@type\":[\"WebPage\",\"ItemPage\"],\"@id\":\"https:\/\/bluedoggenetics.com\/producto\/autoflorecientes\/purple-punch-auto\/\",\"url\":\"https:\/\/bluedoggenetics.com\/producto\/autoflorecientes\/purple-punch-auto\/\",\"name\":\"Purple Punch Auto de Barney's Farm - BLUEDOG GENETICS Seeds\",\"isPartOf\":{\"@id\":\"https:\/\/bluedoggenetics.com\/de\/#website\"},\"primaryImageOfPage\":{\"@id\":\"https:\/\/bluedoggenetics.com\/producto\/autoflorecientes\/purple-punch-auto\/#primaryimage\"},\"image\":{\"@id\":\"https:\/\/bluedoggenetics.com\/producto\/autoflorecientes\/purple-punch-auto\/#primaryimage\"},\"thumbnailUrl\":\"https:\/\/bluedoggenetics.com\/wp-content\/uploads\/2026\/03\/purple-punch-auto_circle_new_21_125053.webp\",\"datePublished\":\"2026-03-29T15:52:08+00:00\",\"dateModified\":\"2026-05-06T12:56:28+00:00\",\"description\":\"Purple Punch Auto de Barney's Farm: el h\u00edbrido con 18% de THC y aroma a tarta de ar\u00e1ndanos. Ciclo de 60 d\u00edas y gran producci\u00f3n. \u00a1Compra tus semillas ahora!\",\"breadcrumb\":{\"@id\":\"https:\/\/bluedoggenetics.com\/producto\/autoflorecientes\/purple-punch-auto\/#breadcrumb\"},\"inLanguage\":\"fr-FR\",\"potentialAction\":[{\"@type\":\"ReadAction\",\"target\":[\"https:\/\/bluedoggenetics.com\/producto\/autoflorecientes\/purple-punch-auto\/\"]}]},{\"@type\":\"ImageObject\",\"inLanguage\":\"fr-FR\",\"@id\":\"https:\/\/bluedoggenetics.com\/producto\/autoflorecientes\/purple-punch-auto\/#primaryimage\",\"url\":\"https:\/\/bluedoggenetics.com\/wp-content\/uploads\/2026\/03\/purple-punch-auto_circle_new_21_125053.webp\",\"contentUrl\":\"https:\/\/bluedoggenetics.com\/wp-content\/uploads\/2026\/03\/purple-punch-auto_circle_new_21_125053.webp\",\"width\":475,\"height\":570,\"caption\":\"Purple Punch Auto de Barney's Farm\"},{\"@type\":\"BreadcrumbList\",\"@id\":\"https:\/\/bluedoggenetics.com\/producto\/autoflorecientes\/purple-punch-auto\/#breadcrumb\",\"itemListElement\":[{\"@type\":\"ListItem\",\"position\":1,\"name\":\"Portada\",\"item\":\"https:\/\/bluedoggenetics.com\/\"},{\"@type\":\"ListItem\",\"position\":2,\"name\":\"Tienda\",\"item\":\"https:\/\/bluedoggenetics.com\/fr\/tienda\/\"},{\"@type\":\"ListItem\",\"position\":3,\"name\":\"Purple Punch Auto\"}]},{\"@type\":\"WebSite\",\"@id\":\"https:\/\/bluedoggenetics.com\/de\/#website\",\"url\":\"https:\/\/bluedoggenetics.com\/de\/\",\"name\":\"BLUEDOG GENETICS Seeds\",\"description\":\"Compara y compra las mejores semillas de cannabis. Feminizadas, Autoflorecientes, CBD.\",\"publisher\":{\"@id\":\"https:\/\/bluedoggenetics.com\/de\/#organization\"},\"alternateName\":\"BLUEDOG GENETICS\",\"potentialAction\":[{\"@type\":\"SearchAction\",\"target\":{\"@type\":\"EntryPoint\",\"urlTemplate\":\"https:\/\/bluedoggenetics.com\/de\/?s={search_term_string}\"},\"query-input\":{\"@type\":\"PropertyValueSpecification\",\"valueRequired\":true,\"valueName\":\"search_term_string\"}}],\"inLanguage\":\"fr-FR\"},{\"@type\":\"Organization\",\"@id\":\"https:\/\/bluedoggenetics.com\/de\/#organization\",\"name\":\"BLUEDOG GENETICS\",\"url\":\"https:\/\/bluedoggenetics.com\/de\/\",\"logo\":{\"@type\":\"ImageObject\",\"inLanguage\":\"fr-FR\",\"@id\":\"https:\/\/bluedoggenetics.com\/de\/#\/schema\/logo\/image\/\",\"url\":\"https:\/\/bluedoggenetics.com\/wp-content\/uploads\/2024\/11\/appIcon.png\",\"contentUrl\":\"https:\/\/bluedoggenetics.com\/wp-content\/uploads\/2024\/11\/appIcon.png\",\"width\":1024,\"height\":1024,\"caption\":\"BLUEDOG GENETICS\"},\"image\":{\"@id\":\"https:\/\/bluedoggenetics.com\/de\/#\/schema\/logo\/image\/\"},\"sameAs\":[\"https:\/\/www.instagram.com\/bluedog.genetics\/\"]}]}<\/script>\n<!-- \/ Yoast SEO plugin. -->","yoast_head_json":{"title":"Purple Punch Auto de Barney's Farm - Graines BLUEDOG GENETICS","description":"Purple Punch Auto de Barney's Farm : l'hybride \u00e0 18% de THC et \u00e0 l'ar\u00f4me de tarte aux myrtilles. Cycle de 60 jours et excellente production. Achetez vos graines maintenant !","robots":{"index":"index","follow":"follow","max-snippet":"max-snippet:-1","max-image-preview":"max-image-preview:large","max-video-preview":"max-video-preview:-1"},"canonical":"https:\/\/bluedoggenetics.com\/fr\/produit\/autofloraison\/purple-punch-auto\/","og_locale":"fr_FR","og_type":"article","og_title":"Purple Punch Auto de Barney's Farm - BLUEDOG GENETICS Seeds","og_description":"Purple Punch Auto de Barney's Farm: el h\u00edbrido con 18% de THC y aroma a tarta de ar\u00e1ndanos. Ciclo de 60 d\u00edas y gran producci\u00f3n. \u00a1Compra tus semillas ahora!","og_url":"https:\/\/bluedoggenetics.com\/fr\/produit\/autofloraison\/purple-punch-auto\/","og_site_name":"BLUEDOG GENETICS Seeds","article_modified_time":"2026-05-06T12:56:28+00:00","og_image":[{"width":475,"height":570,"url":"https:\/\/bluedoggenetics.com\/wp-content\/uploads\/2026\/03\/purple-punch-auto_circle_new_21_125053.webp","type":"image\/webp"}],"twitter_card":"summary_large_image","twitter_misc":{"Dur\u00e9e de lecture estim\u00e9e":"3 minutes"},"schema":{"@context":"https:\/\/schema.org","@graph":[{"@type":["WebPage","ItemPage"],"@id":"https:\/\/bluedoggenetics.com\/producto\/autoflorecientes\/purple-punch-auto\/","url":"https:\/\/bluedoggenetics.com\/producto\/autoflorecientes\/purple-punch-auto\/","name":"Purple Punch Auto de Barney's Farm - Graines BLUEDOG GENETICS","isPartOf":{"@id":"https:\/\/bluedoggenetics.com\/de\/#website"},"primaryImageOfPage":{"@id":"https:\/\/bluedoggenetics.com\/producto\/autoflorecientes\/purple-punch-auto\/#primaryimage"},"image":{"@id":"https:\/\/bluedoggenetics.com\/producto\/autoflorecientes\/purple-punch-auto\/#primaryimage"},"thumbnailUrl":"https:\/\/bluedoggenetics.com\/wp-content\/uploads\/2026\/03\/purple-punch-auto_circle_new_21_125053.webp","datePublished":"2026-03-29T15:52:08+00:00","dateModified":"2026-05-06T12:56:28+00:00","description":"Purple Punch Auto de Barney's Farm : l'hybride \u00e0 18% de THC et \u00e0 l'ar\u00f4me de tarte aux myrtilles. Cycle de 60 jours et excellente production. Achetez vos graines maintenant !","breadcrumb":{"@id":"https:\/\/bluedoggenetics.com\/producto\/autoflorecientes\/purple-punch-auto\/#breadcrumb"},"inLanguage":"fr-FR","potentialAction":[{"@type":"ReadAction","target":["https:\/\/bluedoggenetics.com\/producto\/autoflorecientes\/purple-punch-auto\/"]}]},{"@type":"ImageObject","inLanguage":"fr-FR","@id":"https:\/\/bluedoggenetics.com\/producto\/autoflorecientes\/purple-punch-auto\/#primaryimage","url":"https:\/\/bluedoggenetics.com\/wp-content\/uploads\/2026\/03\/purple-punch-auto_circle_new_21_125053.webp","contentUrl":"https:\/\/bluedoggenetics.com\/wp-content\/uploads\/2026\/03\/purple-punch-auto_circle_new_21_125053.webp","width":475,"height":570,"caption":"Purple Punch Auto de Barney's Farm"},{"@type":"BreadcrumbList","@id":"https:\/\/bluedoggenetics.com\/producto\/autoflorecientes\/purple-punch-auto\/#breadcrumb","itemListElement":[{"@type":"ListItem","position":1,"name":"Portada","item":"https:\/\/bluedoggenetics.com\/"},{"@type":"ListItem","position":2,"name":"Tienda","item":"https:\/\/bluedoggenetics.com\/fr\/tienda\/"},{"@type":"ListItem","position":3,"name":"Purple Punch Auto"}]},{"@type":"WebSite","@id":"https:\/\/bluedoggenetics.com\/de\/#website","url":"https:\/\/bluedoggenetics.com\/de\/","name":"BLUEDOG GENETICS Seeds","description":"Compare et ach\u00e8te les meilleures graines de cannabis. F\u00e9minis\u00e9es, autofloraison, CBD.","publisher":{"@id":"https:\/\/bluedoggenetics.com\/de\/#organization"},"alternateName":"BLUEDOG GENETICS","potentialAction":[{"@type":"SearchAction","target":{"@type":"EntryPoint","urlTemplate":"https:\/\/bluedoggenetics.com\/de\/?s={search_term_string}"},"query-input":{"@type":"PropertyValueSpecification","valueRequired":true,"valueName":"search_term_string"}}],"inLanguage":"fr-FR"},{"@type":"Organization","@id":"https:\/\/bluedoggenetics.com\/de\/#organization","name":"BLUEDOG GENETICS","url":"https:\/\/bluedoggenetics.com\/de\/","logo":{"@type":"ImageObject","inLanguage":"fr-FR","@id":"https:\/\/bluedoggenetics.com\/de\/#\/schema\/logo\/image\/","url":"https:\/\/bluedoggenetics.com\/wp-content\/uploads\/2024\/11\/appIcon.png","contentUrl":"https:\/\/bluedoggenetics.com\/wp-content\/uploads\/2024\/11\/appIcon.png","width":1024,"height":1024,"caption":"BLUEDOG GENETICS"},"image":{"@id":"https:\/\/bluedoggenetics.com\/de\/#\/schema\/logo\/image\/"},"sameAs":["https:\/\/www.instagram.com\/bluedog.genetics\/"]}]}},"sticker_url":"https:\/\/bluedoggenetics.com\/wp-content\/uploads\/2026\/03\/barneys-farm.webp","variations_full":[{"id":4298,"price":11,"regular_price":11,"attributes":{"attribute_pa_cantidad":"pack-1"},"image_src":"https:\/\/bluedoggenetics.com\/wp-content\/uploads\/2026\/03\/purple-punch-auto_circle_new_21_125053.webp","is_in_stock":true},{"id":4299,"price":28,"regular_price":28,"attributes":{"attribute_pa_cantidad":"pack-3"},"image_src":"https:\/\/bluedoggenetics.com\/wp-content\/uploads\/2026\/03\/purple-punch-auto_circle_new_21_125053.webp","is_in_stock":true},{"id":4300,"price":42,"regular_price":42,"attributes":{"attribute_pa_cantidad":"pack-5"},"image_src":"https:\/\/bluedoggenetics.com\/wp-content\/uploads\/2026\/03\/purple-punch-auto_circle_new_21_125053.webp","is_in_stock":true},{"id":4301,"price":80,"regular_price":80,"attributes":{"attribute_pa_cantidad":"pack-10"},"image_src":"https:\/\/bluedoggenetics.com\/wp-content\/uploads\/2026\/03\/purple-punch-auto_circle_new_21_125053.webp","is_in_stock":true}],"jetpack_sharing_enabled":true,"_links":{"self":[{"href":"https:\/\/bluedoggenetics.com\/fr\/wp-json\/wp\/v2\/product\/4292","targetHints":{"allow":["GET"]}}],"collection":[{"href":"https:\/\/bluedoggenetics.com\/fr\/wp-json\/wp\/v2\/product"}],"about":[{"href":"https:\/\/bluedoggenetics.com\/fr\/wp-json\/wp\/v2\/types\/product"}],"wp:featuredmedia":[{"embeddable":true,"href":"https:\/\/bluedoggenetics.com\/fr\/wp-json\/wp\/v2\/media\/3555"}],"wp:attachment":[{"href":"https:\/\/bluedoggenetics.com\/fr\/wp-json\/wp\/v2\/media?parent=4292"}],"wp:term":[{"taxonomy":"product_brand","embeddable":true,"href":"https:\/\/bluedoggenetics.com\/fr\/wp-json\/wp\/v2\/product_brand?post=4292"},{"taxonomy":"product_cat","embeddable":true,"href":"https:\/\/bluedoggenetics.com\/fr\/wp-json\/wp\/v2\/product_cat?post=4292"},{"taxonomy":"product_tag","embeddable":true,"href":"https:\/\/bluedoggenetics.com\/fr\/wp-json\/wp\/v2\/product_tag?post=4292"}],"curies":[{"name":"wp","href":"https:\/\/api.w.org\/{rel}","templated":true}]}}