{"id":4291,"date":"2026-03-29T17:52:07","date_gmt":"2026-03-29T15:52:07","guid":{"rendered":"https:\/\/bluedoggenetics.com\/?post_type=product&#038;p=4291"},"modified":"2026-05-06T14:56:28","modified_gmt":"2026-05-06T12:56:28","slug":"pineapple-express-auto","status":"publish","type":"product","link":"https:\/\/bluedoggenetics.com\/fr\/produit\/graines\/autofloraison\/pineapple-express-auto\/","title":{"rendered":"Pineapple Express Auto"},"content":{"rendered":"<p>Avec les graines de <strong>Pineapple Express Auto<\/strong> Vous d\u00e9couvrirez \u00e0 quel point il peut \u00eatre facile et rapide de r\u00e9colter une marijuana de la plus haute qualit\u00e9. Cette merveilleuse vari\u00e9t\u00e9 autoflorissante est pr\u00eate \u00e0 \u00eatre coup\u00e9e dans un cycle de vie complet de seulement 60 \u00e0 65 jours \u00e0 compter de la germination des graines. Cette rapidit\u00e9 en a fait un best-seller retentissant en Allemagne, en France, aux \u00c9tats-Unis et en Espagne, o\u00f9 les cultivateurs experts et d\u00e9butants appr\u00e9cient son incroyable capacit\u00e9 \u00e0 offrir des rendements allant jusqu'\u00e0 600 gr\/m2 en int\u00e9rieur, d\u00e9fiant compl\u00e8tement le stigmate des vari\u00e9t\u00e9s autoflorissantes \u00e0 faible production.<\/p>\n<p>Au niveau des effets, le Pineapple Express Auto offre une exp\u00e9rience exceptionnellement agr\u00e9able et th\u00e9rapeutique. L'impact initial est doucement c\u00e9r\u00e9bral et joyeux, parfait pour \u00e9liminer l'anxi\u00e9t\u00e9 et le stress quotidien, laissant progressivement place \u00e0 une sensation de calme physique profond et de relaxation musculaire qui ne devient pas un \u00ab coup de gr\u00e2ce \u00bb. absolu, vous permettant de profiter d'apr\u00e8s-midi tranquilles ou d'un bon film sur le canap\u00e9.<\/p>\n<p><b>Aspect de la fleur.<\/b> Les t\u00eates de cette vari\u00e9t\u00e9 automatique sont une v\u00e9ritable \u0153uvre d'art botanique. Ils ont une structure compacte et un rapport calice-feuille \u00e9tonnant qui facilite grandement la t\u00e2che de manucure. Ses fleurs, d'un vert clair vibrant avec des reflets dor\u00e9s, sont envelopp\u00e9es dans une couche \u00e9paisse et collante de r\u00e9sine cristalline, d\u00e9gageant une odeur enivrante qui remplit n'importe quel espace.<\/p>\n<p><b>Morphologie v\u00e9g\u00e9tale.<\/b> Au cours de son d\u00e9veloppement acc\u00e9l\u00e9r\u00e9, la plante conserve une morphologie \u00e9minemment indica : elle est tr\u00e8s trapue, forte, compacte et ne d\u00e9passe g\u00e9n\u00e9ralement pas 100-110 cm de hauteur. Cela la rend incroyablement discr\u00e8te et id\u00e9ale pour les balcons, les terrasses urbaines ou les petites tentes de culture en int\u00e9rieur, o\u00f9 elle d\u00e9veloppe une tige centrale dominante impressionnante et des branches lat\u00e9rales charg\u00e9es.<\/p>\n<h3><b>Conseils de Culture<\/b><\/h3>\n<ul>\n<li><strong>Quel est le climat id\u00e9al pour cultiver le Pineapple Express Auto ?<\/strong>\n<p>Gr\u00e2ce \u00e0 son h\u00e9ritage ruderalis, la Pineapple Express Auto tol\u00e8re assez bien les fluctuations thermiques, mais offrira ses rendements les meilleurs et les plus abondants sous la chaleur constante des climats m\u00e9diterran\u00e9ens ensoleill\u00e9s.<\/li>\n<li><strong>Quelles techniques de formation fonctionnent le mieux avec le Pineapple Express Auto ?<\/strong>\n<p>Comme il s'agit d'une g\u00e9n\u00e9tique \u00e0 autofloraison rapide, il est recommand\u00e9 d'\u00e9viter les tailles agressives et tr\u00e8s stressantes (telles que la taille apicale ou FIM) qui peuvent ralentir son cycle ; au lieu de cela, un LST l\u00e9ger pour ouvrir votre structure est la meilleure option.<\/li>\n<li><strong>De quel type de fertilisation le Pineapple Express Auto a-t-il besoin ?<\/strong>\n<p>Comme la plupart des autos, il pr\u00e9f\u00e8re un r\u00e9gime alimentaire plus doux. Il est conseill\u00e9 de commencer avec de faibles doses d'engrais et d'augmenter progressivement, en faisant attention \u00e0 l'apport de phosphore et de potassium au d\u00e9but de la floraison.<\/li>\n<li><strong>Comment doivent \u00eatre l'irrigation et l'humidit\u00e9 pour le Pineapple Express Auto ?<\/strong>\n<p>Ses racines ont besoin d\u2019oxyg\u00e9nation pour une croissance explosive. Appliquer des arrosages l\u00e9gers et fr\u00e9quents, en \u00e9vitant \u00e0 tout prix de submerger le substrat, surtout au cours de ses trois premi\u00e8res semaines de vie. Maintenez l'humidit\u00e9 en dessous de 50 % pendant la floraison.<\/li>\n<li><strong>Est-il n\u00e9cessaire de tailler la plante Pineapple Express Auto ?<\/strong>\n<p>Au lieu de tailler les branches, vous pouvez appliquer une d\u00e9foliation tr\u00e8s l\u00e9g\u00e8re et minutieuse des plus grandes feuilles en \u00e9ventail qui ombragent directement les bourgeons inf\u00e9rieurs \u00e0 mi-floraison.<\/li>\n<\/ul>","protected":false},"excerpt":{"rendered":"<p><strong>Pineapple Express Auto<\/strong> de Barney's Farm est une \u00e9tonnante g\u00e9n\u00e9tique autoflorissante qui conserve toute la saveur et la vigueur de la version photod\u00e9pendante. Un croisement entre Pineapple Express et Super Auto \u00e0 dominance indica (70%) qui atteint d'excellents niveaux de THC, d\u00e9passant 14-20%. Sa douce saveur d'ananas et de fruits tropicaux en fait un bonbon irr\u00e9sistible pour tout cultivateur \u00e0 la recherche de vitesse, de saveur premium et d'effets super relaxants dans un format compact.<\/p>","protected":false},"featured_media":3553,"template":"","meta":{"_acf_changed":false,"inline_featured_image":false,"_wp_applaud_exclude":false},"product_brand":[192],"product_cat":[21],"product_tag":[],"class_list":{"0":"post-4291","1":"product","2":"type-product","3":"status-publish","4":"has-post-thumbnail","6":"product_brand-barneys-farm","7":"product_cat-autoflorecientes","8":"pa_altura-exterior-90-120","9":"pa_altura-interior-90-120","10":"pa_beneficios-terapeuticos-alivio-de-ansiedad","11":"pa_beneficios-terapeuticos-alivio-del-dolor","12":"pa_cantidad-pack-1","13":"pa_cantidad-pack-10","14":"pa_cantidad-pack-3","15":"pa_cantidad-pack-5","16":"pa_clima-calido","17":"pa_cosecha-exterior-550-650","18":"pa_cosecha-interior-550-650","19":"pa_efectos-destacables-alegre","20":"pa_efectos-destacables-relajado","21":"pa_floracion-8-9","22":"pa_genetica-70-30","23":"pa_olor-intenso","24":"pa_sabores-y-olores-afrutado","25":"pa_sabores-y-olores-dulce","26":"pa_sabores-y-olores-pina","27":"pa_sabores-y-olores-tropical","28":"pa_thc-14-20","29":"pa_variedad-autofloreciente","30":"pa_variedad-indica","31":"pa_variedad-mayormente-indica","33":"first","34":"instock","35":"taxable","36":"shipping-taxable","37":"purchasable","38":"product-type-variable"},"acf":{"sticker":"https:\/\/bluedoggenetics.com\/wp-content\/uploads\/2026\/03\/barneys-farm.webp","family_tree":""},"yoast_head":"<!-- This site is optimized with the Yoast SEO plugin v26.5 - https:\/\/yoast.com\/wordpress\/plugins\/seo\/ -->\n<title>Pineapple Express Auto - BLUEDOG GENETICS Seeds<\/title>\n<meta name=\"description\" content=\"Pineapple Express de Barney&#039;s Farm: el h\u00edbrido Sativa con 21% de THC y aroma a pi\u00f1a tropical. Gran producci\u00f3n y efecto creativo. \u00a1Compra tus semillas ahora!\" \/>\n<meta name=\"robots\" content=\"index, follow, max-snippet:-1, max-image-preview:large, max-video-preview:-1\" \/>\n<link rel=\"canonical\" href=\"https:\/\/bluedoggenetics.com\/fr\/produit\/autofloraison\/pineapple-express-auto\/\" \/>\n<meta property=\"og:locale\" content=\"fr_FR\" \/>\n<meta property=\"og:type\" content=\"article\" \/>\n<meta property=\"og:title\" content=\"Pineapple Express Auto - BLUEDOG GENETICS Seeds\" \/>\n<meta property=\"og:description\" content=\"Pineapple Express de Barney&#039;s Farm: el h\u00edbrido Sativa con 21% de THC y aroma a pi\u00f1a tropical. Gran producci\u00f3n y efecto creativo. \u00a1Compra tus semillas ahora!\" \/>\n<meta property=\"og:url\" content=\"https:\/\/bluedoggenetics.com\/fr\/produit\/autofloraison\/pineapple-express-auto\/\" \/>\n<meta property=\"og:site_name\" content=\"BLUEDOG GENETICS Seeds\" \/>\n<meta property=\"article:modified_time\" content=\"2026-05-06T12:56:28+00:00\" \/>\n<meta property=\"og:image\" content=\"https:\/\/bluedoggenetics.com\/wp-content\/uploads\/2026\/03\/pineapple-express-auto_circle_new_21_125024.webp\" \/>\n\t<meta property=\"og:image:width\" content=\"475\" \/>\n\t<meta property=\"og:image:height\" content=\"570\" \/>\n\t<meta property=\"og:image:type\" content=\"image\/webp\" \/>\n<meta name=\"twitter:card\" content=\"summary_large_image\" \/>\n<meta name=\"twitter:label1\" content=\"Dur\u00e9e de lecture estim\u00e9e\" \/>\n\t<meta name=\"twitter:data1\" content=\"3 minutes\" \/>\n<script type=\"application\/ld+json\" class=\"yoast-schema-graph\">{\"@context\":\"https:\/\/schema.org\",\"@graph\":[{\"@type\":[\"WebPage\",\"ItemPage\"],\"@id\":\"https:\/\/bluedoggenetics.com\/producto\/autoflorecientes\/pineapple-express-auto\/\",\"url\":\"https:\/\/bluedoggenetics.com\/producto\/autoflorecientes\/pineapple-express-auto\/\",\"name\":\"Pineapple Express Auto - BLUEDOG GENETICS Seeds\",\"isPartOf\":{\"@id\":\"https:\/\/bluedoggenetics.com\/de\/#website\"},\"primaryImageOfPage\":{\"@id\":\"https:\/\/bluedoggenetics.com\/producto\/autoflorecientes\/pineapple-express-auto\/#primaryimage\"},\"image\":{\"@id\":\"https:\/\/bluedoggenetics.com\/producto\/autoflorecientes\/pineapple-express-auto\/#primaryimage\"},\"thumbnailUrl\":\"https:\/\/bluedoggenetics.com\/wp-content\/uploads\/2026\/03\/pineapple-express-auto_circle_new_21_125024.webp\",\"datePublished\":\"2026-03-29T15:52:07+00:00\",\"dateModified\":\"2026-05-06T12:56:28+00:00\",\"description\":\"Pineapple Express de Barney's Farm: el h\u00edbrido Sativa con 21% de THC y aroma a pi\u00f1a tropical. Gran producci\u00f3n y efecto creativo. \u00a1Compra tus semillas ahora!\",\"breadcrumb\":{\"@id\":\"https:\/\/bluedoggenetics.com\/producto\/autoflorecientes\/pineapple-express-auto\/#breadcrumb\"},\"inLanguage\":\"fr-FR\",\"potentialAction\":[{\"@type\":\"ReadAction\",\"target\":[\"https:\/\/bluedoggenetics.com\/producto\/autoflorecientes\/pineapple-express-auto\/\"]}]},{\"@type\":\"ImageObject\",\"inLanguage\":\"fr-FR\",\"@id\":\"https:\/\/bluedoggenetics.com\/producto\/autoflorecientes\/pineapple-express-auto\/#primaryimage\",\"url\":\"https:\/\/bluedoggenetics.com\/wp-content\/uploads\/2026\/03\/pineapple-express-auto_circle_new_21_125024.webp\",\"contentUrl\":\"https:\/\/bluedoggenetics.com\/wp-content\/uploads\/2026\/03\/pineapple-express-auto_circle_new_21_125024.webp\",\"width\":475,\"height\":570,\"caption\":\"Pineapple Express Auto de Barney's Farm\"},{\"@type\":\"BreadcrumbList\",\"@id\":\"https:\/\/bluedoggenetics.com\/producto\/autoflorecientes\/pineapple-express-auto\/#breadcrumb\",\"itemListElement\":[{\"@type\":\"ListItem\",\"position\":1,\"name\":\"Portada\",\"item\":\"https:\/\/bluedoggenetics.com\/\"},{\"@type\":\"ListItem\",\"position\":2,\"name\":\"Tienda\",\"item\":\"https:\/\/bluedoggenetics.com\/fr\/tienda\/\"},{\"@type\":\"ListItem\",\"position\":3,\"name\":\"Pineapple Express Auto\"}]},{\"@type\":\"WebSite\",\"@id\":\"https:\/\/bluedoggenetics.com\/de\/#website\",\"url\":\"https:\/\/bluedoggenetics.com\/de\/\",\"name\":\"BLUEDOG GENETICS Seeds\",\"description\":\"Compara y compra las mejores semillas de cannabis. Feminizadas, Autoflorecientes, CBD.\",\"publisher\":{\"@id\":\"https:\/\/bluedoggenetics.com\/de\/#organization\"},\"alternateName\":\"BLUEDOG GENETICS\",\"potentialAction\":[{\"@type\":\"SearchAction\",\"target\":{\"@type\":\"EntryPoint\",\"urlTemplate\":\"https:\/\/bluedoggenetics.com\/de\/?s={search_term_string}\"},\"query-input\":{\"@type\":\"PropertyValueSpecification\",\"valueRequired\":true,\"valueName\":\"search_term_string\"}}],\"inLanguage\":\"fr-FR\"},{\"@type\":\"Organization\",\"@id\":\"https:\/\/bluedoggenetics.com\/de\/#organization\",\"name\":\"BLUEDOG GENETICS\",\"url\":\"https:\/\/bluedoggenetics.com\/de\/\",\"logo\":{\"@type\":\"ImageObject\",\"inLanguage\":\"fr-FR\",\"@id\":\"https:\/\/bluedoggenetics.com\/de\/#\/schema\/logo\/image\/\",\"url\":\"https:\/\/bluedoggenetics.com\/wp-content\/uploads\/2024\/11\/appIcon.png\",\"contentUrl\":\"https:\/\/bluedoggenetics.com\/wp-content\/uploads\/2024\/11\/appIcon.png\",\"width\":1024,\"height\":1024,\"caption\":\"BLUEDOG GENETICS\"},\"image\":{\"@id\":\"https:\/\/bluedoggenetics.com\/de\/#\/schema\/logo\/image\/\"},\"sameAs\":[\"https:\/\/www.instagram.com\/bluedog.genetics\/\"]}]}<\/script>\n<!-- \/ Yoast SEO plugin. -->","yoast_head_json":{"title":"Pineapple Express Auto - Graines G\u00c9N\u00c9TIQUE BLUEDOG","description":"Pineapple Express de Barney's Farm : l'hybride Sativa avec 21 % de THC et un ar\u00f4me d'ananas tropical. Grande production et effet cr\u00e9atif. Achetez vos graines maintenant !","robots":{"index":"index","follow":"follow","max-snippet":"max-snippet:-1","max-image-preview":"max-image-preview:large","max-video-preview":"max-video-preview:-1"},"canonical":"https:\/\/bluedoggenetics.com\/fr\/produit\/autofloraison\/pineapple-express-auto\/","og_locale":"fr_FR","og_type":"article","og_title":"Pineapple Express Auto - BLUEDOG GENETICS Seeds","og_description":"Pineapple Express de Barney's Farm: el h\u00edbrido Sativa con 21% de THC y aroma a pi\u00f1a tropical. Gran producci\u00f3n y efecto creativo. \u00a1Compra tus semillas ahora!","og_url":"https:\/\/bluedoggenetics.com\/fr\/produit\/autofloraison\/pineapple-express-auto\/","og_site_name":"BLUEDOG GENETICS Seeds","article_modified_time":"2026-05-06T12:56:28+00:00","og_image":[{"width":475,"height":570,"url":"https:\/\/bluedoggenetics.com\/wp-content\/uploads\/2026\/03\/pineapple-express-auto_circle_new_21_125024.webp","type":"image\/webp"}],"twitter_card":"summary_large_image","twitter_misc":{"Dur\u00e9e de lecture estim\u00e9e":"3 minutes"},"schema":{"@context":"https:\/\/schema.org","@graph":[{"@type":["WebPage","ItemPage"],"@id":"https:\/\/bluedoggenetics.com\/producto\/autoflorecientes\/pineapple-express-auto\/","url":"https:\/\/bluedoggenetics.com\/producto\/autoflorecientes\/pineapple-express-auto\/","name":"Pineapple Express Auto - Graines G\u00c9N\u00c9TIQUE BLUEDOG","isPartOf":{"@id":"https:\/\/bluedoggenetics.com\/de\/#website"},"primaryImageOfPage":{"@id":"https:\/\/bluedoggenetics.com\/producto\/autoflorecientes\/pineapple-express-auto\/#primaryimage"},"image":{"@id":"https:\/\/bluedoggenetics.com\/producto\/autoflorecientes\/pineapple-express-auto\/#primaryimage"},"thumbnailUrl":"https:\/\/bluedoggenetics.com\/wp-content\/uploads\/2026\/03\/pineapple-express-auto_circle_new_21_125024.webp","datePublished":"2026-03-29T15:52:07+00:00","dateModified":"2026-05-06T12:56:28+00:00","description":"Pineapple Express de Barney's Farm : l'hybride Sativa avec 21 % de THC et un ar\u00f4me d'ananas tropical. Grande production et effet cr\u00e9atif. Achetez vos graines maintenant !","breadcrumb":{"@id":"https:\/\/bluedoggenetics.com\/producto\/autoflorecientes\/pineapple-express-auto\/#breadcrumb"},"inLanguage":"fr-FR","potentialAction":[{"@type":"ReadAction","target":["https:\/\/bluedoggenetics.com\/producto\/autoflorecientes\/pineapple-express-auto\/"]}]},{"@type":"ImageObject","inLanguage":"fr-FR","@id":"https:\/\/bluedoggenetics.com\/producto\/autoflorecientes\/pineapple-express-auto\/#primaryimage","url":"https:\/\/bluedoggenetics.com\/wp-content\/uploads\/2026\/03\/pineapple-express-auto_circle_new_21_125024.webp","contentUrl":"https:\/\/bluedoggenetics.com\/wp-content\/uploads\/2026\/03\/pineapple-express-auto_circle_new_21_125024.webp","width":475,"height":570,"caption":"Pineapple Express Auto de Barney's Farm"},{"@type":"BreadcrumbList","@id":"https:\/\/bluedoggenetics.com\/producto\/autoflorecientes\/pineapple-express-auto\/#breadcrumb","itemListElement":[{"@type":"ListItem","position":1,"name":"Portada","item":"https:\/\/bluedoggenetics.com\/"},{"@type":"ListItem","position":2,"name":"Tienda","item":"https:\/\/bluedoggenetics.com\/fr\/tienda\/"},{"@type":"ListItem","position":3,"name":"Pineapple Express Auto"}]},{"@type":"WebSite","@id":"https:\/\/bluedoggenetics.com\/de\/#website","url":"https:\/\/bluedoggenetics.com\/de\/","name":"BLUEDOG GENETICS Seeds","description":"Compare et ach\u00e8te les meilleures graines de cannabis. F\u00e9minis\u00e9es, autofloraison, CBD.","publisher":{"@id":"https:\/\/bluedoggenetics.com\/de\/#organization"},"alternateName":"BLUEDOG GENETICS","potentialAction":[{"@type":"SearchAction","target":{"@type":"EntryPoint","urlTemplate":"https:\/\/bluedoggenetics.com\/de\/?s={search_term_string}"},"query-input":{"@type":"PropertyValueSpecification","valueRequired":true,"valueName":"search_term_string"}}],"inLanguage":"fr-FR"},{"@type":"Organization","@id":"https:\/\/bluedoggenetics.com\/de\/#organization","name":"BLUEDOG GENETICS","url":"https:\/\/bluedoggenetics.com\/de\/","logo":{"@type":"ImageObject","inLanguage":"fr-FR","@id":"https:\/\/bluedoggenetics.com\/de\/#\/schema\/logo\/image\/","url":"https:\/\/bluedoggenetics.com\/wp-content\/uploads\/2024\/11\/appIcon.png","contentUrl":"https:\/\/bluedoggenetics.com\/wp-content\/uploads\/2024\/11\/appIcon.png","width":1024,"height":1024,"caption":"BLUEDOG GENETICS"},"image":{"@id":"https:\/\/bluedoggenetics.com\/de\/#\/schema\/logo\/image\/"},"sameAs":["https:\/\/www.instagram.com\/bluedog.genetics\/"]}]}},"sticker_url":"https:\/\/bluedoggenetics.com\/wp-content\/uploads\/2026\/03\/barneys-farm.webp","variations_full":[{"id":4294,"price":11,"regular_price":11,"attributes":{"attribute_pa_cantidad":"pack-1"},"image_src":"https:\/\/bluedoggenetics.com\/wp-content\/uploads\/2026\/03\/pineapple-express-auto_circle_new_21_125024.webp","is_in_stock":true},{"id":4295,"price":28,"regular_price":28,"attributes":{"attribute_pa_cantidad":"pack-3"},"image_src":"https:\/\/bluedoggenetics.com\/wp-content\/uploads\/2026\/03\/pineapple-express-auto_circle_new_21_125024.webp","is_in_stock":true},{"id":4296,"price":42,"regular_price":42,"attributes":{"attribute_pa_cantidad":"pack-5"},"image_src":"https:\/\/bluedoggenetics.com\/wp-content\/uploads\/2026\/03\/pineapple-express-auto_circle_new_21_125024.webp","is_in_stock":true},{"id":4297,"price":80,"regular_price":80,"attributes":{"attribute_pa_cantidad":"pack-10"},"image_src":"https:\/\/bluedoggenetics.com\/wp-content\/uploads\/2026\/03\/pineapple-express-auto_circle_new_21_125024.webp","is_in_stock":true}],"jetpack_sharing_enabled":true,"_links":{"self":[{"href":"https:\/\/bluedoggenetics.com\/fr\/wp-json\/wp\/v2\/product\/4291","targetHints":{"allow":["GET"]}}],"collection":[{"href":"https:\/\/bluedoggenetics.com\/fr\/wp-json\/wp\/v2\/product"}],"about":[{"href":"https:\/\/bluedoggenetics.com\/fr\/wp-json\/wp\/v2\/types\/product"}],"wp:featuredmedia":[{"embeddable":true,"href":"https:\/\/bluedoggenetics.com\/fr\/wp-json\/wp\/v2\/media\/3553"}],"wp:attachment":[{"href":"https:\/\/bluedoggenetics.com\/fr\/wp-json\/wp\/v2\/media?parent=4291"}],"wp:term":[{"taxonomy":"product_brand","embeddable":true,"href":"https:\/\/bluedoggenetics.com\/fr\/wp-json\/wp\/v2\/product_brand?post=4291"},{"taxonomy":"product_cat","embeddable":true,"href":"https:\/\/bluedoggenetics.com\/fr\/wp-json\/wp\/v2\/product_cat?post=4291"},{"taxonomy":"product_tag","embeddable":true,"href":"https:\/\/bluedoggenetics.com\/fr\/wp-json\/wp\/v2\/product_tag?post=4291"}],"curies":[{"name":"wp","href":"https:\/\/api.w.org\/{rel}","templated":true}]}}