{"id":4269,"date":"2026-03-29T17:52:08","date_gmt":"2026-03-29T15:52:08","guid":{"rendered":"https:\/\/bluedoggenetics.com\/?post_type=product&#038;p=4269"},"modified":"2026-05-06T14:56:28","modified_gmt":"2026-05-06T12:56:28","slug":"dos-si-dos-33-2","status":"publish","type":"product","link":"https:\/\/bluedoggenetics.com\/fr\/produit\/graines\/feminise\/dos-si-dos-33-2\/","title":{"rendered":"Dos Si Dos 33"},"content":{"rendered":"<p>Les graines de <strong>Dos Si Dos 33<\/strong> Ils constituent un billet direct pour la centrale \u00e9lectrique de la c\u00f4te Ouest. Elles fleurissent brillamment en seulement 60 \u00e0 65 jours et en ext\u00e9rieur, elles peuvent \u00eatre pr\u00eates \u00e0 la mi-octobre, offrant jusqu'\u00e0 2 000 grammes par plante. Une fois consomm\u00e9, vous remarquerez un Euforia sativique initial super \u00e9lectrique, qui se transforme rapidement en un profond effet s\u00e9datif et relaxant.<\/p>\n<p><b>Aspect de la fleur.<\/b> Les calices gonflent \u00e9norm\u00e9ment, affichant des couleurs vibrantes allant du vert lime au Violeta fonc\u00e9. La r\u00e9sine recouvre m\u00eame les plus grandes feuilles.<\/p>\n<p><b>Morphologie v\u00e9g\u00e9tale.<\/b> Il a une hauteur faible \u00e0 moyenne et une structure de buisson extr\u00eamement dense, ce qui maximise son rendement au m\u00e8tre carr\u00e9.<\/p>\n<h3><b>Conseils de Culture<\/b><\/h3>\n<ul>\n<li><strong>Quel est le climat id\u00e9al pour cultiver le Dos Si Dos 33 ?<\/strong>\n<p>C'est une vari\u00e9t\u00e9 qui aime le soleil et qui se comporte \u00e0 merveille dans les climats chauds et secs, offrant des fleurs dures comme la pierre.<\/li>\n<li><strong>Quelles techniques de formation fonctionnent le mieux avec le Dos Si Dos 33 ?<\/strong>\n<p>Les techniques \u00e0 faible stress (LST) font des merveilles pour s\u00e9parer vos branches lat\u00e9rales et encourager la lumi\u00e8re \u00e0 atteindre tous les coins du buisson.<\/li>\n<li><strong>De quel type de fertilisation le Dos Si Dos 33 a-t-il besoin ?<\/strong>\n<p>Pour en extraire le maximum de saveur et de puissance g\u00e9n\u00e9tique, il est indispensable de le nourrir avec un plan complet d'engrais organiques ou biologiques.<\/li>\n<li><strong>Comment doivent \u00eatre l'irrigation et l'humidit\u00e9 pour le Dos Si Dos 33 ?<\/strong>\n<p>\u00c9vitez les inondations continues. En raison de la haute densit\u00e9 de sa fleur, vous devez maintenir l'humidit\u00e9 strictement inf\u00e9rieure \u00e0 45 % lors de la maturation.<\/li>\n<li><strong>Est-il n\u00e9cessaire de tailler la plante Dos Si Dos 33 ?<\/strong>\n<p>Compl\u00e8tement; Vous devez tailler ses branches et ses feuilles inf\u00e9rieures qui ne re\u00e7oivent pas de lumi\u00e8re pour \u00e9viter qu'il ne gaspille pas d'\u00e9nergie sur des bourgeons nains sans valeur (lollipopping).<\/li>\n<\/ul>","protected":false},"excerpt":{"rendered":"<p><strong>Dos Si Dos 33<\/strong> repr\u00e9sente le summum de l'\u00e9levage californien moderne. Une lign\u00e9e scandaleuse impliquant Do-Si-Dos ( OG Kush Breath x Face Off OG) crois\u00e9 avec Gelato #33. Elle offre des niveaux de THC autour de 28 %, une incroyable saveur de menthe \u00e9pic\u00e9e et de p\u00e2tisserie, et des couleurs \u00e9clatantes.<\/p>","protected":false},"featured_media":3434,"template":"","meta":{"_acf_changed":false,"inline_featured_image":false,"_wp_applaud_exclude":false},"product_brand":[192],"product_cat":[22],"product_tag":[],"class_list":{"0":"post-4269","1":"product","2":"type-product","3":"status-publish","4":"has-post-thumbnail","6":"product_brand-barneys-farm","7":"product_cat-feminizadas","8":"pa_altura-exterior-90-120","9":"pa_altura-interior-90-120","10":"pa_beneficios-terapeuticos-alivio-del-dolor","11":"pa_beneficios-terapeuticos-ayuda-para-dormir","12":"pa_beneficios-terapeuticos-reduccion-de-nauseas","13":"pa_cantidad-pack-1","14":"pa_cantidad-pack-10","15":"pa_cantidad-pack-3","16":"pa_cantidad-pack-5","17":"pa_clima-calido","18":"pa_cosecha-exterior-750-850","19":"pa_cosecha-interior-550-650","20":"pa_efectos-destacables-adormecido","21":"pa_efectos-destacables-alegre","22":"pa_efectos-destacables-euforico","23":"pa_efectos-destacables-relajado","24":"pa_floracion-8-9","25":"pa_genetica-60-40","26":"pa_olor-intenso","27":"pa_sabores-y-olores-citrico","28":"pa_sabores-y-olores-dulce","29":"pa_sabores-y-olores-especias","30":"pa_sabores-y-olores-floral","31":"pa_sabores-y-olores-menta","32":"pa_sabores-y-olores-terroso","33":"pa_thc-26-30","34":"pa_variedad-indica","35":"pa_variedad-mayormente-indica","37":"first","38":"instock","39":"taxable","40":"shipping-taxable","41":"purchasable","42":"product-type-variable"},"acf":{"sticker":"https:\/\/bluedoggenetics.com\/wp-content\/uploads\/2026\/03\/barneys-farm.webp","family_tree":""},"yoast_head":"<!-- This site is optimized with the Yoast SEO plugin v26.5 - https:\/\/yoast.com\/wordpress\/plugins\/seo\/ -->\n<title>Dos Si Dos 33 de Barney&#039;s Farm - BLUEDOG GENETICS Seeds<\/title>\n<meta name=\"description\" content=\"Dos Si Dos 33 de Barney&#039;s Farm: el h\u00edbrido con hasta 28% de THC y aroma a menta y lima. Efecto euf\u00f3rico y relajante profundo. \u00a1Compra tus semillas ahora!\" \/>\n<meta name=\"robots\" content=\"index, follow, max-snippet:-1, max-image-preview:large, max-video-preview:-1\" \/>\n<link rel=\"canonical\" href=\"https:\/\/bluedoggenetics.com\/fr\/produit\/feminise\/dos-si-dos-33-2\/\" \/>\n<meta property=\"og:locale\" content=\"fr_FR\" \/>\n<meta property=\"og:type\" content=\"article\" \/>\n<meta property=\"og:title\" content=\"Dos Si Dos 33 de Barney&#039;s Farm - BLUEDOG GENETICS Seeds\" \/>\n<meta property=\"og:description\" content=\"Dos Si Dos 33 de Barney&#039;s Farm: el h\u00edbrido con hasta 28% de THC y aroma a menta y lima. Efecto euf\u00f3rico y relajante profundo. \u00a1Compra tus semillas ahora!\" \/>\n<meta property=\"og:url\" content=\"https:\/\/bluedoggenetics.com\/fr\/produit\/feminise\/dos-si-dos-33-2\/\" \/>\n<meta property=\"og:site_name\" content=\"BLUEDOG GENETICS Seeds\" \/>\n<meta property=\"article:modified_time\" content=\"2026-05-06T12:56:28+00:00\" \/>\n<meta property=\"og:image\" content=\"https:\/\/bluedoggenetics.com\/wp-content\/uploads\/2026\/03\/dos-si-dos-33_circle_new_21_126897.webp\" \/>\n\t<meta property=\"og:image:width\" content=\"475\" \/>\n\t<meta property=\"og:image:height\" content=\"570\" \/>\n\t<meta property=\"og:image:type\" content=\"image\/webp\" \/>\n<meta name=\"twitter:card\" content=\"summary_large_image\" \/>\n<meta name=\"twitter:label1\" content=\"Dur\u00e9e de lecture estim\u00e9e\" \/>\n\t<meta name=\"twitter:data1\" content=\"2 minutes\" \/>\n<script type=\"application\/ld+json\" class=\"yoast-schema-graph\">{\"@context\":\"https:\/\/schema.org\",\"@graph\":[{\"@type\":[\"WebPage\",\"ItemPage\"],\"@id\":\"https:\/\/bluedoggenetics.com\/producto\/feminizadas\/dos-si-dos-33-2\/\",\"url\":\"https:\/\/bluedoggenetics.com\/producto\/feminizadas\/dos-si-dos-33-2\/\",\"name\":\"Dos Si Dos 33 de Barney's Farm - BLUEDOG GENETICS Seeds\",\"isPartOf\":{\"@id\":\"https:\/\/bluedoggenetics.com\/de\/#website\"},\"primaryImageOfPage\":{\"@id\":\"https:\/\/bluedoggenetics.com\/producto\/feminizadas\/dos-si-dos-33-2\/#primaryimage\"},\"image\":{\"@id\":\"https:\/\/bluedoggenetics.com\/producto\/feminizadas\/dos-si-dos-33-2\/#primaryimage\"},\"thumbnailUrl\":\"https:\/\/bluedoggenetics.com\/wp-content\/uploads\/2026\/03\/dos-si-dos-33_circle_new_21_126897.webp\",\"datePublished\":\"2026-03-29T15:52:08+00:00\",\"dateModified\":\"2026-05-06T12:56:28+00:00\",\"description\":\"Dos Si Dos 33 de Barney's Farm: el h\u00edbrido con hasta 28% de THC y aroma a menta y lima. Efecto euf\u00f3rico y relajante profundo. \u00a1Compra tus semillas ahora!\",\"breadcrumb\":{\"@id\":\"https:\/\/bluedoggenetics.com\/producto\/feminizadas\/dos-si-dos-33-2\/#breadcrumb\"},\"inLanguage\":\"fr-FR\",\"potentialAction\":[{\"@type\":\"ReadAction\",\"target\":[\"https:\/\/bluedoggenetics.com\/producto\/feminizadas\/dos-si-dos-33-2\/\"]}]},{\"@type\":\"ImageObject\",\"inLanguage\":\"fr-FR\",\"@id\":\"https:\/\/bluedoggenetics.com\/producto\/feminizadas\/dos-si-dos-33-2\/#primaryimage\",\"url\":\"https:\/\/bluedoggenetics.com\/wp-content\/uploads\/2026\/03\/dos-si-dos-33_circle_new_21_126897.webp\",\"contentUrl\":\"https:\/\/bluedoggenetics.com\/wp-content\/uploads\/2026\/03\/dos-si-dos-33_circle_new_21_126897.webp\",\"width\":475,\"height\":570,\"caption\":\"Dos Si Dos 33 de Barney's Farm\"},{\"@type\":\"BreadcrumbList\",\"@id\":\"https:\/\/bluedoggenetics.com\/producto\/feminizadas\/dos-si-dos-33-2\/#breadcrumb\",\"itemListElement\":[{\"@type\":\"ListItem\",\"position\":1,\"name\":\"Portada\",\"item\":\"https:\/\/bluedoggenetics.com\/\"},{\"@type\":\"ListItem\",\"position\":2,\"name\":\"Tienda\",\"item\":\"https:\/\/bluedoggenetics.com\/fr\/tienda\/\"},{\"@type\":\"ListItem\",\"position\":3,\"name\":\"Dos Si Dos 33\"}]},{\"@type\":\"WebSite\",\"@id\":\"https:\/\/bluedoggenetics.com\/de\/#website\",\"url\":\"https:\/\/bluedoggenetics.com\/de\/\",\"name\":\"BLUEDOG GENETICS Seeds\",\"description\":\"Compara y compra las mejores semillas de cannabis. Feminizadas, Autoflorecientes, CBD.\",\"publisher\":{\"@id\":\"https:\/\/bluedoggenetics.com\/de\/#organization\"},\"alternateName\":\"BLUEDOG GENETICS\",\"potentialAction\":[{\"@type\":\"SearchAction\",\"target\":{\"@type\":\"EntryPoint\",\"urlTemplate\":\"https:\/\/bluedoggenetics.com\/de\/?s={search_term_string}\"},\"query-input\":{\"@type\":\"PropertyValueSpecification\",\"valueRequired\":true,\"valueName\":\"search_term_string\"}}],\"inLanguage\":\"fr-FR\"},{\"@type\":\"Organization\",\"@id\":\"https:\/\/bluedoggenetics.com\/de\/#organization\",\"name\":\"BLUEDOG GENETICS\",\"url\":\"https:\/\/bluedoggenetics.com\/de\/\",\"logo\":{\"@type\":\"ImageObject\",\"inLanguage\":\"fr-FR\",\"@id\":\"https:\/\/bluedoggenetics.com\/de\/#\/schema\/logo\/image\/\",\"url\":\"https:\/\/bluedoggenetics.com\/wp-content\/uploads\/2024\/11\/appIcon.png\",\"contentUrl\":\"https:\/\/bluedoggenetics.com\/wp-content\/uploads\/2024\/11\/appIcon.png\",\"width\":1024,\"height\":1024,\"caption\":\"BLUEDOG GENETICS\"},\"image\":{\"@id\":\"https:\/\/bluedoggenetics.com\/de\/#\/schema\/logo\/image\/\"},\"sameAs\":[\"https:\/\/www.instagram.com\/bluedog.genetics\/\"]}]}<\/script>\n<!-- \/ Yoast SEO plugin. -->","yoast_head_json":{"title":"Dos Si Dos 33 de Barney's Farm - Graines BLUEDOG GENETICS","description":"Dos Si Dos 33 de Barney's Farm : l'hybride avec jusqu'\u00e0 28 % de THC et un ar\u00f4me de menthe et de citron vert. Effet euphorisant et profond\u00e9ment relaxant. Achetez vos graines maintenant !","robots":{"index":"index","follow":"follow","max-snippet":"max-snippet:-1","max-image-preview":"max-image-preview:large","max-video-preview":"max-video-preview:-1"},"canonical":"https:\/\/bluedoggenetics.com\/fr\/produit\/feminise\/dos-si-dos-33-2\/","og_locale":"fr_FR","og_type":"article","og_title":"Dos Si Dos 33 de Barney's Farm - BLUEDOG GENETICS Seeds","og_description":"Dos Si Dos 33 de Barney's Farm: el h\u00edbrido con hasta 28% de THC y aroma a menta y lima. Efecto euf\u00f3rico y relajante profundo. \u00a1Compra tus semillas ahora!","og_url":"https:\/\/bluedoggenetics.com\/fr\/produit\/feminise\/dos-si-dos-33-2\/","og_site_name":"BLUEDOG GENETICS Seeds","article_modified_time":"2026-05-06T12:56:28+00:00","og_image":[{"width":475,"height":570,"url":"https:\/\/bluedoggenetics.com\/wp-content\/uploads\/2026\/03\/dos-si-dos-33_circle_new_21_126897.webp","type":"image\/webp"}],"twitter_card":"summary_large_image","twitter_misc":{"Dur\u00e9e de lecture estim\u00e9e":"2 minutes"},"schema":{"@context":"https:\/\/schema.org","@graph":[{"@type":["WebPage","ItemPage"],"@id":"https:\/\/bluedoggenetics.com\/producto\/feminizadas\/dos-si-dos-33-2\/","url":"https:\/\/bluedoggenetics.com\/producto\/feminizadas\/dos-si-dos-33-2\/","name":"Dos Si Dos 33 de Barney's Farm - Graines BLUEDOG GENETICS","isPartOf":{"@id":"https:\/\/bluedoggenetics.com\/de\/#website"},"primaryImageOfPage":{"@id":"https:\/\/bluedoggenetics.com\/producto\/feminizadas\/dos-si-dos-33-2\/#primaryimage"},"image":{"@id":"https:\/\/bluedoggenetics.com\/producto\/feminizadas\/dos-si-dos-33-2\/#primaryimage"},"thumbnailUrl":"https:\/\/bluedoggenetics.com\/wp-content\/uploads\/2026\/03\/dos-si-dos-33_circle_new_21_126897.webp","datePublished":"2026-03-29T15:52:08+00:00","dateModified":"2026-05-06T12:56:28+00:00","description":"Dos Si Dos 33 de Barney's Farm : l'hybride avec jusqu'\u00e0 28 % de THC et un ar\u00f4me de menthe et de citron vert. Effet euphorisant et profond\u00e9ment relaxant. Achetez vos graines maintenant !","breadcrumb":{"@id":"https:\/\/bluedoggenetics.com\/producto\/feminizadas\/dos-si-dos-33-2\/#breadcrumb"},"inLanguage":"fr-FR","potentialAction":[{"@type":"ReadAction","target":["https:\/\/bluedoggenetics.com\/producto\/feminizadas\/dos-si-dos-33-2\/"]}]},{"@type":"ImageObject","inLanguage":"fr-FR","@id":"https:\/\/bluedoggenetics.com\/producto\/feminizadas\/dos-si-dos-33-2\/#primaryimage","url":"https:\/\/bluedoggenetics.com\/wp-content\/uploads\/2026\/03\/dos-si-dos-33_circle_new_21_126897.webp","contentUrl":"https:\/\/bluedoggenetics.com\/wp-content\/uploads\/2026\/03\/dos-si-dos-33_circle_new_21_126897.webp","width":475,"height":570,"caption":"Dos Si Dos 33 de Barney's Farm"},{"@type":"BreadcrumbList","@id":"https:\/\/bluedoggenetics.com\/producto\/feminizadas\/dos-si-dos-33-2\/#breadcrumb","itemListElement":[{"@type":"ListItem","position":1,"name":"Portada","item":"https:\/\/bluedoggenetics.com\/"},{"@type":"ListItem","position":2,"name":"Tienda","item":"https:\/\/bluedoggenetics.com\/fr\/tienda\/"},{"@type":"ListItem","position":3,"name":"Dos Si Dos 33"}]},{"@type":"WebSite","@id":"https:\/\/bluedoggenetics.com\/de\/#website","url":"https:\/\/bluedoggenetics.com\/de\/","name":"BLUEDOG GENETICS Seeds","description":"Compare et ach\u00e8te les meilleures graines de cannabis. F\u00e9minis\u00e9es, autofloraison, CBD.","publisher":{"@id":"https:\/\/bluedoggenetics.com\/de\/#organization"},"alternateName":"BLUEDOG GENETICS","potentialAction":[{"@type":"SearchAction","target":{"@type":"EntryPoint","urlTemplate":"https:\/\/bluedoggenetics.com\/de\/?s={search_term_string}"},"query-input":{"@type":"PropertyValueSpecification","valueRequired":true,"valueName":"search_term_string"}}],"inLanguage":"fr-FR"},{"@type":"Organization","@id":"https:\/\/bluedoggenetics.com\/de\/#organization","name":"BLUEDOG GENETICS","url":"https:\/\/bluedoggenetics.com\/de\/","logo":{"@type":"ImageObject","inLanguage":"fr-FR","@id":"https:\/\/bluedoggenetics.com\/de\/#\/schema\/logo\/image\/","url":"https:\/\/bluedoggenetics.com\/wp-content\/uploads\/2024\/11\/appIcon.png","contentUrl":"https:\/\/bluedoggenetics.com\/wp-content\/uploads\/2024\/11\/appIcon.png","width":1024,"height":1024,"caption":"BLUEDOG GENETICS"},"image":{"@id":"https:\/\/bluedoggenetics.com\/de\/#\/schema\/logo\/image\/"},"sameAs":["https:\/\/www.instagram.com\/bluedog.genetics\/"]}]}},"sticker_url":"https:\/\/bluedoggenetics.com\/wp-content\/uploads\/2026\/03\/barneys-farm.webp","variations_full":[{"id":4286,"price":12,"regular_price":12,"attributes":{"attribute_pa_cantidad":"pack-1"},"image_src":"https:\/\/bluedoggenetics.com\/wp-content\/uploads\/2026\/03\/dos-si-dos-33_circle_new_21_126897.webp","is_in_stock":true},{"id":4287,"price":30,"regular_price":30,"attributes":{"attribute_pa_cantidad":"pack-3"},"image_src":"https:\/\/bluedoggenetics.com\/wp-content\/uploads\/2026\/03\/dos-si-dos-33_circle_new_21_126897.webp","is_in_stock":true},{"id":4288,"price":45,"regular_price":45,"attributes":{"attribute_pa_cantidad":"pack-5"},"image_src":"https:\/\/bluedoggenetics.com\/wp-content\/uploads\/2026\/03\/dos-si-dos-33_circle_new_21_126897.webp","is_in_stock":true},{"id":4289,"price":85,"regular_price":85,"attributes":{"attribute_pa_cantidad":"pack-10"},"image_src":"https:\/\/bluedoggenetics.com\/wp-content\/uploads\/2026\/03\/dos-si-dos-33_circle_new_21_126897.webp","is_in_stock":true}],"jetpack_sharing_enabled":true,"_links":{"self":[{"href":"https:\/\/bluedoggenetics.com\/fr\/wp-json\/wp\/v2\/product\/4269","targetHints":{"allow":["GET"]}}],"collection":[{"href":"https:\/\/bluedoggenetics.com\/fr\/wp-json\/wp\/v2\/product"}],"about":[{"href":"https:\/\/bluedoggenetics.com\/fr\/wp-json\/wp\/v2\/types\/product"}],"wp:featuredmedia":[{"embeddable":true,"href":"https:\/\/bluedoggenetics.com\/fr\/wp-json\/wp\/v2\/media\/3434"}],"wp:attachment":[{"href":"https:\/\/bluedoggenetics.com\/fr\/wp-json\/wp\/v2\/media?parent=4269"}],"wp:term":[{"taxonomy":"product_brand","embeddable":true,"href":"https:\/\/bluedoggenetics.com\/fr\/wp-json\/wp\/v2\/product_brand?post=4269"},{"taxonomy":"product_cat","embeddable":true,"href":"https:\/\/bluedoggenetics.com\/fr\/wp-json\/wp\/v2\/product_cat?post=4269"},{"taxonomy":"product_tag","embeddable":true,"href":"https:\/\/bluedoggenetics.com\/fr\/wp-json\/wp\/v2\/product_tag?post=4269"}],"curies":[{"name":"wp","href":"https:\/\/api.w.org\/{rel}","templated":true}]}}