{"id":4268,"date":"2026-03-29T17:52:08","date_gmt":"2026-03-29T15:52:08","guid":{"rendered":"https:\/\/bluedoggenetics.com\/?post_type=product&#038;p=4268"},"modified":"2026-05-06T14:56:28","modified_gmt":"2026-05-06T12:56:28","slug":"lsd-2","status":"publish","type":"product","link":"https:\/\/bluedoggenetics.com\/fr\/produit\/graines\/feminise\/lsd-2\/","title":{"rendered":"LSD"},"content":{"rendered":"<p>Lors du choix des graines <strong>LSD<\/strong>, vous optez pour l'une des g\u00e9n\u00e9tiques les plus prim\u00e9es et les plus puissantes au monde. Elle termine sa floraison rapidement, entre 60 et 65 jours, et est r\u00e9compens\u00e9e par des r\u00e9coltes denses allant jusqu'\u00e0 600 g\/m2. L'exp\u00e9rience en la fumant ressemble \u00e0 des montagnes russes : un d\u00e9but hyper-cr\u00e9atif et c\u00e9r\u00e9bral qui d\u00e9fie sa g\u00e9n\u00e9tique indica, vous plongeant \u00e0 la fin dans un \u00e9tat narcotique.<\/p>\n<p><b>Aspect de la fleur.<\/b> Les t\u00eates de la LSD ont le look Indica classique : elles sont incroyablement serr\u00e9es, arrondies et super collantes.<\/p>\n<p><b>Morphologie v\u00e9g\u00e9tale.<\/b> Son h\u00e9ritage afghan en fait un bunker. Il est court, robuste, touffu et capable de r\u00e9sister \u00e0 pratiquement tous les parasites, champignons et intemp\u00e9ries.<\/p>\n<h3><b>Conseils de Culture<\/b><\/h3>\n<ul>\n<li><strong>Quel est le climat id\u00e9al pour cultiver le LSD ?<\/strong>\n<p>Gr\u00e2ce \u00e0 son extr\u00eame duret\u00e9, il se d\u00e9veloppe parfaitement dans les climats hostiles ou extr\u00eamement froids sans que sa floraison ne soit diminu\u00e9e.<\/li>\n<li><strong>Quelles techniques de formation fonctionnent le mieux avec le LSD ?<\/strong>\n<p>Il s'adapte incroyablement bien \u00e0 la culture en SOG (Sea of \u200b\u200b\u200b\u200bGreen) en pla\u00e7ant de nombreuses plantes ensemble pour centraliser la r\u00e9colte dans la pointe principale.<\/li>\n<li><strong>De quel type de fertilisation le LSD a-t-il besoin ?<\/strong>\n<p>Ce n'est pas une vari\u00e9t\u00e9 exigeante. Une alimentation basique et constante gardera la plante verte et saine ; Il est important de ne pas trop le fertiliser.<\/li>\n<li><strong>\u00c0 quoi devraient ressembler l\u2019irrigation et l\u2019humidit\u00e9 pour le LSD ?<\/strong>\n<p>Il pr\u00e9sente une haute r\u00e9sistance \u00e0 la moisissure, mais \u00e0 l'int\u00e9rieur, il est recommand\u00e9 d'arroser uniquement lorsque le pot a perdu du poids, en maintenant une humidit\u00e9 de 50 %.<\/li>\n<li><strong>Est-il n\u00e9cessaire de tailler la plante LSD ?<\/strong>\n<p>L\u2019\u00e9limination des feuilles est essentielle ; Enlever les grandes feuilles nourrici\u00e8res pendant la pr\u00e9-floraison permettra \u00e0 la lumi\u00e8re de p\u00e9n\u00e9trer plus facilement dans sa structure \u00e9paisse et compacte.<\/li>\n<\/ul>","protected":false},"excerpt":{"rendered":"<p><strong>LSD<\/strong> est une vari\u00e9t\u00e9 historique de Barney's Farm qui m\u00e9rite son nom. Ce croisement tr\u00e8s puissant entre Skunk #1 et Mazar est une indica \u00e0 70% qui d\u00e9livre un coup c\u00e9r\u00e9bral presque psych\u00e9d\u00e9lique avant de vous plonger dans une relaxation physique extr\u00eame. C'est le choix parfait pour ceux qui recherchent une puissance sans compromis.<\/p>","protected":false},"featured_media":3432,"template":"","meta":{"_acf_changed":false,"inline_featured_image":false,"_wp_applaud_exclude":false},"product_brand":[192],"product_cat":[22],"product_tag":[],"class_list":{"0":"post-4268","1":"product","2":"type-product","3":"status-publish","4":"has-post-thumbnail","6":"product_brand-barneys-farm","7":"product_cat-feminizadas","8":"pa_altura-exterior-90-120","9":"pa_altura-interior-90-120","10":"pa_beneficios-terapeuticos-alivio-de-ansiedad","11":"pa_beneficios-terapeuticos-alivio-del-dolor","12":"pa_beneficios-terapeuticos-reduccion-de-nauseas","13":"pa_cantidad-pack-1","14":"pa_cantidad-pack-10","15":"pa_cantidad-pack-3","16":"pa_cantidad-pack-5","17":"pa_clima-extremadamente-frio","18":"pa_cosecha-exterior-550-650","19":"pa_cosecha-interior-450-550","20":"pa_efectos-destacables-activo","21":"pa_efectos-destacables-creativo","22":"pa_efectos-destacables-euforico","23":"pa_efectos-destacables-relajado","24":"pa_efectos-destacables-risueno","25":"pa_floracion-8-9","26":"pa_genetica-70-30","27":"pa_olor-intenso","28":"pa_sabores-y-olores-citrico","29":"pa_sabores-y-olores-especias","30":"pa_sabores-y-olores-limon","31":"pa_sabores-y-olores-madera","32":"pa_sabores-y-olores-terroso","33":"pa_thc-20-26","34":"pa_variedad-indica","35":"pa_variedad-mayormente-indica","37":"first","38":"instock","39":"taxable","40":"shipping-taxable","41":"purchasable","42":"product-type-variable"},"acf":{"sticker":"https:\/\/bluedoggenetics.com\/wp-content\/uploads\/2026\/03\/barneys-farm.webp","family_tree":""},"yoast_head":"<!-- This site is optimized with the Yoast SEO plugin v26.5 - https:\/\/yoast.com\/wordpress\/plugins\/seo\/ -->\n<title>LSD de Barney&#039;s Farm - BLUEDOG GENETICS Seeds<\/title>\n<meta name=\"description\" content=\"LSD de Barney&#039;s Farm: el h\u00edbrido con 25% de THC y aroma terroso y dulce. Efecto potente y casi psicod\u00e9lico. \u00a1Compra tus semillas ahora al mejor precio!\" \/>\n<meta name=\"robots\" content=\"index, follow, max-snippet:-1, max-image-preview:large, max-video-preview:-1\" \/>\n<link rel=\"canonical\" href=\"https:\/\/bluedoggenetics.com\/fr\/produit\/feminise\/lsd-2\/\" \/>\n<meta property=\"og:locale\" content=\"fr_FR\" \/>\n<meta property=\"og:type\" content=\"article\" \/>\n<meta property=\"og:title\" content=\"LSD de Barney&#039;s Farm - BLUEDOG GENETICS Seeds\" \/>\n<meta property=\"og:description\" content=\"LSD de Barney&#039;s Farm: el h\u00edbrido con 25% de THC y aroma terroso y dulce. Efecto potente y casi psicod\u00e9lico. \u00a1Compra tus semillas ahora al mejor precio!\" \/>\n<meta property=\"og:url\" content=\"https:\/\/bluedoggenetics.com\/fr\/produit\/feminise\/lsd-2\/\" \/>\n<meta property=\"og:site_name\" content=\"BLUEDOG GENETICS Seeds\" \/>\n<meta property=\"article:modified_time\" content=\"2026-05-06T12:56:28+00:00\" \/>\n<meta property=\"og:image\" content=\"https:\/\/bluedoggenetics.com\/wp-content\/uploads\/2026\/03\/lsd_circle_new_21_128363.webp\" \/>\n\t<meta property=\"og:image:width\" content=\"475\" \/>\n\t<meta property=\"og:image:height\" content=\"570\" \/>\n\t<meta property=\"og:image:type\" content=\"image\/webp\" \/>\n<meta name=\"twitter:card\" content=\"summary_large_image\" \/>\n<meta name=\"twitter:label1\" content=\"Dur\u00e9e de lecture estim\u00e9e\" \/>\n\t<meta name=\"twitter:data1\" content=\"2 minutes\" \/>\n<script type=\"application\/ld+json\" class=\"yoast-schema-graph\">{\"@context\":\"https:\/\/schema.org\",\"@graph\":[{\"@type\":[\"WebPage\",\"ItemPage\"],\"@id\":\"https:\/\/bluedoggenetics.com\/producto\/feminizadas\/lsd-2\/\",\"url\":\"https:\/\/bluedoggenetics.com\/producto\/feminizadas\/lsd-2\/\",\"name\":\"LSD de Barney's Farm - BLUEDOG GENETICS Seeds\",\"isPartOf\":{\"@id\":\"https:\/\/bluedoggenetics.com\/de\/#website\"},\"primaryImageOfPage\":{\"@id\":\"https:\/\/bluedoggenetics.com\/producto\/feminizadas\/lsd-2\/#primaryimage\"},\"image\":{\"@id\":\"https:\/\/bluedoggenetics.com\/producto\/feminizadas\/lsd-2\/#primaryimage\"},\"thumbnailUrl\":\"https:\/\/bluedoggenetics.com\/wp-content\/uploads\/2026\/03\/lsd_circle_new_21_128363.webp\",\"datePublished\":\"2026-03-29T15:52:08+00:00\",\"dateModified\":\"2026-05-06T12:56:28+00:00\",\"description\":\"LSD de Barney's Farm: el h\u00edbrido con 25% de THC y aroma terroso y dulce. Efecto potente y casi psicod\u00e9lico. \u00a1Compra tus semillas ahora al mejor precio!\",\"breadcrumb\":{\"@id\":\"https:\/\/bluedoggenetics.com\/producto\/feminizadas\/lsd-2\/#breadcrumb\"},\"inLanguage\":\"fr-FR\",\"potentialAction\":[{\"@type\":\"ReadAction\",\"target\":[\"https:\/\/bluedoggenetics.com\/producto\/feminizadas\/lsd-2\/\"]}]},{\"@type\":\"ImageObject\",\"inLanguage\":\"fr-FR\",\"@id\":\"https:\/\/bluedoggenetics.com\/producto\/feminizadas\/lsd-2\/#primaryimage\",\"url\":\"https:\/\/bluedoggenetics.com\/wp-content\/uploads\/2026\/03\/lsd_circle_new_21_128363.webp\",\"contentUrl\":\"https:\/\/bluedoggenetics.com\/wp-content\/uploads\/2026\/03\/lsd_circle_new_21_128363.webp\",\"width\":475,\"height\":570,\"caption\":\"LSD de Barney's Farm\"},{\"@type\":\"BreadcrumbList\",\"@id\":\"https:\/\/bluedoggenetics.com\/producto\/feminizadas\/lsd-2\/#breadcrumb\",\"itemListElement\":[{\"@type\":\"ListItem\",\"position\":1,\"name\":\"Portada\",\"item\":\"https:\/\/bluedoggenetics.com\/\"},{\"@type\":\"ListItem\",\"position\":2,\"name\":\"Tienda\",\"item\":\"https:\/\/bluedoggenetics.com\/fr\/tienda\/\"},{\"@type\":\"ListItem\",\"position\":3,\"name\":\"LSD\"}]},{\"@type\":\"WebSite\",\"@id\":\"https:\/\/bluedoggenetics.com\/de\/#website\",\"url\":\"https:\/\/bluedoggenetics.com\/de\/\",\"name\":\"BLUEDOG GENETICS Seeds\",\"description\":\"Compara y compra las mejores semillas de cannabis. Feminizadas, Autoflorecientes, CBD.\",\"publisher\":{\"@id\":\"https:\/\/bluedoggenetics.com\/de\/#organization\"},\"alternateName\":\"BLUEDOG GENETICS\",\"potentialAction\":[{\"@type\":\"SearchAction\",\"target\":{\"@type\":\"EntryPoint\",\"urlTemplate\":\"https:\/\/bluedoggenetics.com\/de\/?s={search_term_string}\"},\"query-input\":{\"@type\":\"PropertyValueSpecification\",\"valueRequired\":true,\"valueName\":\"search_term_string\"}}],\"inLanguage\":\"fr-FR\"},{\"@type\":\"Organization\",\"@id\":\"https:\/\/bluedoggenetics.com\/de\/#organization\",\"name\":\"BLUEDOG GENETICS\",\"url\":\"https:\/\/bluedoggenetics.com\/de\/\",\"logo\":{\"@type\":\"ImageObject\",\"inLanguage\":\"fr-FR\",\"@id\":\"https:\/\/bluedoggenetics.com\/de\/#\/schema\/logo\/image\/\",\"url\":\"https:\/\/bluedoggenetics.com\/wp-content\/uploads\/2024\/11\/appIcon.png\",\"contentUrl\":\"https:\/\/bluedoggenetics.com\/wp-content\/uploads\/2024\/11\/appIcon.png\",\"width\":1024,\"height\":1024,\"caption\":\"BLUEDOG GENETICS\"},\"image\":{\"@id\":\"https:\/\/bluedoggenetics.com\/de\/#\/schema\/logo\/image\/\"},\"sameAs\":[\"https:\/\/www.instagram.com\/bluedog.genetics\/\"]}]}<\/script>\n<!-- \/ Yoast SEO plugin. -->","yoast_head_json":{"title":"LSD de Barney's Farm - Graines BLUEDOG GENETICS","description":"LSD de Barney's Farm : l'hybride avec 25% de THC et un ar\u00f4me terreux et sucr\u00e9. Effet puissant et presque psych\u00e9d\u00e9lique. Achetez d\u00e8s maintenant vos graines au meilleur prix !","robots":{"index":"index","follow":"follow","max-snippet":"max-snippet:-1","max-image-preview":"max-image-preview:large","max-video-preview":"max-video-preview:-1"},"canonical":"https:\/\/bluedoggenetics.com\/fr\/produit\/feminise\/lsd-2\/","og_locale":"fr_FR","og_type":"article","og_title":"LSD de Barney's Farm - BLUEDOG GENETICS Seeds","og_description":"LSD de Barney's Farm: el h\u00edbrido con 25% de THC y aroma terroso y dulce. Efecto potente y casi psicod\u00e9lico. \u00a1Compra tus semillas ahora al mejor precio!","og_url":"https:\/\/bluedoggenetics.com\/fr\/produit\/feminise\/lsd-2\/","og_site_name":"BLUEDOG GENETICS Seeds","article_modified_time":"2026-05-06T12:56:28+00:00","og_image":[{"width":475,"height":570,"url":"https:\/\/bluedoggenetics.com\/wp-content\/uploads\/2026\/03\/lsd_circle_new_21_128363.webp","type":"image\/webp"}],"twitter_card":"summary_large_image","twitter_misc":{"Dur\u00e9e de lecture estim\u00e9e":"2 minutes"},"schema":{"@context":"https:\/\/schema.org","@graph":[{"@type":["WebPage","ItemPage"],"@id":"https:\/\/bluedoggenetics.com\/producto\/feminizadas\/lsd-2\/","url":"https:\/\/bluedoggenetics.com\/producto\/feminizadas\/lsd-2\/","name":"LSD de Barney's Farm - Graines BLUEDOG GENETICS","isPartOf":{"@id":"https:\/\/bluedoggenetics.com\/de\/#website"},"primaryImageOfPage":{"@id":"https:\/\/bluedoggenetics.com\/producto\/feminizadas\/lsd-2\/#primaryimage"},"image":{"@id":"https:\/\/bluedoggenetics.com\/producto\/feminizadas\/lsd-2\/#primaryimage"},"thumbnailUrl":"https:\/\/bluedoggenetics.com\/wp-content\/uploads\/2026\/03\/lsd_circle_new_21_128363.webp","datePublished":"2026-03-29T15:52:08+00:00","dateModified":"2026-05-06T12:56:28+00:00","description":"LSD de Barney's Farm : l'hybride avec 25% de THC et un ar\u00f4me terreux et sucr\u00e9. Effet puissant et presque psych\u00e9d\u00e9lique. Achetez d\u00e8s maintenant vos graines au meilleur prix !","breadcrumb":{"@id":"https:\/\/bluedoggenetics.com\/producto\/feminizadas\/lsd-2\/#breadcrumb"},"inLanguage":"fr-FR","potentialAction":[{"@type":"ReadAction","target":["https:\/\/bluedoggenetics.com\/producto\/feminizadas\/lsd-2\/"]}]},{"@type":"ImageObject","inLanguage":"fr-FR","@id":"https:\/\/bluedoggenetics.com\/producto\/feminizadas\/lsd-2\/#primaryimage","url":"https:\/\/bluedoggenetics.com\/wp-content\/uploads\/2026\/03\/lsd_circle_new_21_128363.webp","contentUrl":"https:\/\/bluedoggenetics.com\/wp-content\/uploads\/2026\/03\/lsd_circle_new_21_128363.webp","width":475,"height":570,"caption":"LSD de Barney's Farm"},{"@type":"BreadcrumbList","@id":"https:\/\/bluedoggenetics.com\/producto\/feminizadas\/lsd-2\/#breadcrumb","itemListElement":[{"@type":"ListItem","position":1,"name":"Portada","item":"https:\/\/bluedoggenetics.com\/"},{"@type":"ListItem","position":2,"name":"Tienda","item":"https:\/\/bluedoggenetics.com\/fr\/tienda\/"},{"@type":"ListItem","position":3,"name":"LSD"}]},{"@type":"WebSite","@id":"https:\/\/bluedoggenetics.com\/de\/#website","url":"https:\/\/bluedoggenetics.com\/de\/","name":"BLUEDOG GENETICS Seeds","description":"Compare et ach\u00e8te les meilleures graines de cannabis. F\u00e9minis\u00e9es, autofloraison, CBD.","publisher":{"@id":"https:\/\/bluedoggenetics.com\/de\/#organization"},"alternateName":"BLUEDOG GENETICS","potentialAction":[{"@type":"SearchAction","target":{"@type":"EntryPoint","urlTemplate":"https:\/\/bluedoggenetics.com\/de\/?s={search_term_string}"},"query-input":{"@type":"PropertyValueSpecification","valueRequired":true,"valueName":"search_term_string"}}],"inLanguage":"fr-FR"},{"@type":"Organization","@id":"https:\/\/bluedoggenetics.com\/de\/#organization","name":"BLUEDOG GENETICS","url":"https:\/\/bluedoggenetics.com\/de\/","logo":{"@type":"ImageObject","inLanguage":"fr-FR","@id":"https:\/\/bluedoggenetics.com\/de\/#\/schema\/logo\/image\/","url":"https:\/\/bluedoggenetics.com\/wp-content\/uploads\/2024\/11\/appIcon.png","contentUrl":"https:\/\/bluedoggenetics.com\/wp-content\/uploads\/2024\/11\/appIcon.png","width":1024,"height":1024,"caption":"BLUEDOG GENETICS"},"image":{"@id":"https:\/\/bluedoggenetics.com\/de\/#\/schema\/logo\/image\/"},"sameAs":["https:\/\/www.instagram.com\/bluedog.genetics\/"]}]}},"sticker_url":"https:\/\/bluedoggenetics.com\/wp-content\/uploads\/2026\/03\/barneys-farm.webp","variations_full":[{"id":4282,"price":10,"regular_price":10,"attributes":{"attribute_pa_cantidad":"pack-1"},"image_src":"https:\/\/bluedoggenetics.com\/wp-content\/uploads\/2026\/03\/lsd_circle_new_21_128363.webp","is_in_stock":true},{"id":4283,"price":25,"regular_price":25,"attributes":{"attribute_pa_cantidad":"pack-3"},"image_src":"https:\/\/bluedoggenetics.com\/wp-content\/uploads\/2026\/03\/lsd_circle_new_21_128363.webp","is_in_stock":true},{"id":4284,"price":38,"regular_price":38,"attributes":{"attribute_pa_cantidad":"pack-5"},"image_src":"https:\/\/bluedoggenetics.com\/wp-content\/uploads\/2026\/03\/lsd_circle_new_21_128363.webp","is_in_stock":true},{"id":4285,"price":70,"regular_price":70,"attributes":{"attribute_pa_cantidad":"pack-10"},"image_src":"https:\/\/bluedoggenetics.com\/wp-content\/uploads\/2026\/03\/lsd_circle_new_21_128363.webp","is_in_stock":true}],"jetpack_sharing_enabled":true,"_links":{"self":[{"href":"https:\/\/bluedoggenetics.com\/fr\/wp-json\/wp\/v2\/product\/4268","targetHints":{"allow":["GET"]}}],"collection":[{"href":"https:\/\/bluedoggenetics.com\/fr\/wp-json\/wp\/v2\/product"}],"about":[{"href":"https:\/\/bluedoggenetics.com\/fr\/wp-json\/wp\/v2\/types\/product"}],"wp:featuredmedia":[{"embeddable":true,"href":"https:\/\/bluedoggenetics.com\/fr\/wp-json\/wp\/v2\/media\/3432"}],"wp:attachment":[{"href":"https:\/\/bluedoggenetics.com\/fr\/wp-json\/wp\/v2\/media?parent=4268"}],"wp:term":[{"taxonomy":"product_brand","embeddable":true,"href":"https:\/\/bluedoggenetics.com\/fr\/wp-json\/wp\/v2\/product_brand?post=4268"},{"taxonomy":"product_cat","embeddable":true,"href":"https:\/\/bluedoggenetics.com\/fr\/wp-json\/wp\/v2\/product_cat?post=4268"},{"taxonomy":"product_tag","embeddable":true,"href":"https:\/\/bluedoggenetics.com\/fr\/wp-json\/wp\/v2\/product_tag?post=4268"}],"curies":[{"name":"wp","href":"https:\/\/api.w.org\/{rel}","templated":true}]}}