{"id":4267,"date":"2026-03-29T17:52:07","date_gmt":"2026-03-29T15:52:07","guid":{"rendered":"https:\/\/bluedoggenetics.com\/?post_type=product&#038;p=4267"},"modified":"2026-05-06T14:56:28","modified_gmt":"2026-05-06T12:56:28","slug":"blue-gelato-41-2","status":"publish","type":"product","link":"https:\/\/bluedoggenetics.com\/fr\/produit\/graines\/feminise\/blue-gelato-41-2\/","title":{"rendered":"Blue Gelato 41"},"content":{"rendered":"<p>Avec les graines f\u00e9minis\u00e9es de <strong>Blue Gelato 41<\/strong> Vous ajouterez \u00e0 votre jardin l\u2019une des g\u00e9n\u00e9tiques californiennes les plus prim\u00e9es. Pr\u00e9parez-vous \u00e0 une p\u00e9riode de floraison de 9 \u00e0 10 semaines et \u00e0 des r\u00e9coltes \u00e9tonnantes pouvant d\u00e9passer 2,5 kilos par plante en ext\u00e9rieur. Son effet est clair et \u00e9nergique, d\u00e9livrant des vagues de rire et de Euforia avant d'installer le corps dans une douce relaxation physique.<\/p>\n<p><b>Aspect de la fleur.<\/b> Ses fleurs sont un spectacle visuel. Ils deviennent de beaux bleus et violets au cours de leurs derni\u00e8res semaines, entour\u00e9s d'\u00e9pais calices qui respirent de la r\u00e9sine.<\/p>\n<p><b>Morphologie v\u00e9g\u00e9tale.<\/b> Il pousse avec une grande vigueur v\u00e9g\u00e9tative et peut atteindre une hauteur assez \u00e9lev\u00e9e, atteignant jusqu'\u00e0 2 m\u00e8tres en ext\u00e9rieur. Ses entre-n\u0153uds m\u00e9dians permettent une bonne circulation de l'air.<\/p>\n<h3><b>Conseils de Culture<\/b><\/h3>\n<ul>\n<li><strong>Quel est le climat id\u00e9al pour cultiver le Blue Gelato 41 ?<\/strong>\n<p>Il pr\u00e9f\u00e8re les climats chauds et secs, m\u00eame s\u2019il accueille favorablement les baisses de temp\u00e9ratures nocturnes en fin de cycle pour montrer ses tons bleus exotiques.<\/li>\n<li><strong>Quelles techniques de formation fonctionnent le mieux avec le Blue Gelato 41 ?<\/strong>\n<p>Il r\u00e9pond \u00e0 merveille \u00e0 la technique FIM et au LST pour ouvrir sa large structure et permettre \u00e0 la lumi\u00e8re de nourrir les branches lat\u00e9rales.<\/li>\n<li><strong>De quel type de fertilisation le Blue Gelato 41 a-t-il besoin ?<\/strong>\n<p>Accepte des niveaux \u00e9lev\u00e9s de nutriments (EC \u00e9lev\u00e9e). L'ajout de stimulateurs \u00e0 base d'algues et d'acides amin\u00e9s fera ressortir tout son potentiel de r\u00e9sine.<\/li>\n<li><strong>\u00c0 quoi devraient ressembler l\u2019irrigation et l\u2019humidit\u00e9 pour le Blue Gelato 41 ?<\/strong>\n<p>Il a besoin d\u2019un arrosage abondant pendant les semaines de floraison maximale. Gardez l'humidit\u00e9 bien contr\u00f4l\u00e9e, entre 40% et 50% dans la phase finale.<\/li>\n<li><strong>Est-il n\u00e9cessaire de tailler la plante Blue Gelato 41 ?<\/strong>\n<p>Oui, une taille apicale pr\u00e9coce est id\u00e9ale pour contr\u00f4ler sa hauteur en int\u00e9rieur et multiplier ses t\u00eates principales exub\u00e9rantes.<\/li>\n<\/ul>","protected":false},"excerpt":{"rendered":"<p><strong>Blue Gelato 41<\/strong> est un titan du cannabis qui combine le c\u00e9l\u00e8bre Blueberry avec le c\u00e9l\u00e8bre Thin Mint Girl Scout Cookies et le doux Sunset Sherbet. Le r\u00e9sultat est une plante \u00e0 l\u00e9g\u00e8re dominance indica mais avec un incroyable effet psych\u00e9d\u00e9lique c\u00e9r\u00e9bral. Ses saveurs d'agrumes et de p\u00e2tisserie le rendent irr\u00e9sistible.<\/p>","protected":false},"featured_media":3430,"template":"","meta":{"_acf_changed":false,"inline_featured_image":false,"_wp_applaud_exclude":false},"product_brand":[192],"product_cat":[22],"product_tag":[],"class_list":{"0":"post-4267","1":"product","2":"type-product","3":"status-publish","4":"has-post-thumbnail","6":"product_brand-barneys-farm","7":"product_cat-feminizadas","8":"pa_altura-exterior-180-200","9":"pa_altura-interior-120-150","10":"pa_beneficios-terapeuticos-alivio-de-ansiedad","11":"pa_beneficios-terapeuticos-alivio-del-dolor","12":"pa_beneficios-terapeuticos-aumento-del-apetito","13":"pa_cantidad-pack-1","14":"pa_cantidad-pack-10","15":"pa_cantidad-pack-3","16":"pa_cantidad-pack-5","17":"pa_clima-calido","18":"pa_cosecha-exterior-750-850","19":"pa_cosecha-interior-550-650","20":"pa_efectos-destacables-alegre","21":"pa_efectos-destacables-conversador","22":"pa_efectos-destacables-euforico","23":"pa_efectos-destacables-relajado","24":"pa_efectos-destacables-risueno","25":"pa_floracion-9-10","26":"pa_genetica-60-40","27":"pa_olor-intenso","28":"pa_sabores-y-olores-afrutado","29":"pa_sabores-y-olores-bayas","30":"pa_sabores-y-olores-citrico","31":"pa_sabores-y-olores-dulce","32":"pa_sabores-y-olores-floral","33":"pa_sabores-y-olores-terroso","34":"pa_thc-20-26","35":"pa_variedad-hibrida","37":"first","38":"instock","39":"taxable","40":"shipping-taxable","41":"purchasable","42":"product-type-variable"},"acf":{"sticker":"https:\/\/bluedoggenetics.com\/wp-content\/uploads\/2026\/03\/barneys-farm.webp","family_tree":""},"yoast_head":"<!-- This site is optimized with the Yoast SEO plugin v26.5 - https:\/\/yoast.com\/wordpress\/plugins\/seo\/ -->\n<title>Blue Gelato 41 - BLUEDOG GENETICS Seeds<\/title>\n<meta name=\"description\" content=\"Blue Gelato 41 de Barney&#039;s Farm: el h\u00edbrido con 25% de THC y aroma a frutas dulces y c\u00edtricos. Efecto euf\u00f3rico y l\u00facido. \u00a1Compra tus semillas ahora!\" \/>\n<meta name=\"robots\" content=\"index, follow, max-snippet:-1, max-image-preview:large, max-video-preview:-1\" \/>\n<link rel=\"canonical\" href=\"https:\/\/bluedoggenetics.com\/fr\/produit\/feminise\/blue-gelato-41-2\/\" \/>\n<meta property=\"og:locale\" content=\"fr_FR\" \/>\n<meta property=\"og:type\" content=\"article\" \/>\n<meta property=\"og:title\" content=\"Blue Gelato 41 - BLUEDOG GENETICS Seeds\" \/>\n<meta property=\"og:description\" content=\"Blue Gelato 41 de Barney&#039;s Farm: el h\u00edbrido con 25% de THC y aroma a frutas dulces y c\u00edtricos. Efecto euf\u00f3rico y l\u00facido. \u00a1Compra tus semillas ahora!\" \/>\n<meta property=\"og:url\" content=\"https:\/\/bluedoggenetics.com\/fr\/produit\/feminise\/blue-gelato-41-2\/\" \/>\n<meta property=\"og:site_name\" content=\"BLUEDOG GENETICS Seeds\" \/>\n<meta property=\"article:modified_time\" content=\"2026-05-06T12:56:28+00:00\" \/>\n<meta property=\"og:image\" content=\"https:\/\/bluedoggenetics.com\/wp-content\/uploads\/2026\/03\/blue-gelato-41_circle_new_21_126435.webp\" \/>\n\t<meta property=\"og:image:width\" content=\"475\" \/>\n\t<meta property=\"og:image:height\" content=\"570\" \/>\n\t<meta property=\"og:image:type\" content=\"image\/webp\" \/>\n<meta name=\"twitter:card\" content=\"summary_large_image\" \/>\n<meta name=\"twitter:label1\" content=\"Dur\u00e9e de lecture estim\u00e9e\" \/>\n\t<meta name=\"twitter:data1\" content=\"2 minutes\" \/>\n<script type=\"application\/ld+json\" class=\"yoast-schema-graph\">{\"@context\":\"https:\/\/schema.org\",\"@graph\":[{\"@type\":[\"WebPage\",\"ItemPage\"],\"@id\":\"https:\/\/bluedoggenetics.com\/producto\/feminizadas\/blue-gelato-41-2\/\",\"url\":\"https:\/\/bluedoggenetics.com\/producto\/feminizadas\/blue-gelato-41-2\/\",\"name\":\"Blue Gelato 41 - BLUEDOG GENETICS Seeds\",\"isPartOf\":{\"@id\":\"https:\/\/bluedoggenetics.com\/de\/#website\"},\"primaryImageOfPage\":{\"@id\":\"https:\/\/bluedoggenetics.com\/producto\/feminizadas\/blue-gelato-41-2\/#primaryimage\"},\"image\":{\"@id\":\"https:\/\/bluedoggenetics.com\/producto\/feminizadas\/blue-gelato-41-2\/#primaryimage\"},\"thumbnailUrl\":\"https:\/\/bluedoggenetics.com\/wp-content\/uploads\/2026\/03\/blue-gelato-41_circle_new_21_126435.webp\",\"datePublished\":\"2026-03-29T15:52:07+00:00\",\"dateModified\":\"2026-05-06T12:56:28+00:00\",\"description\":\"Blue Gelato 41 de Barney's Farm: el h\u00edbrido con 25% de THC y aroma a frutas dulces y c\u00edtricos. Efecto euf\u00f3rico y l\u00facido. \u00a1Compra tus semillas ahora!\",\"breadcrumb\":{\"@id\":\"https:\/\/bluedoggenetics.com\/producto\/feminizadas\/blue-gelato-41-2\/#breadcrumb\"},\"inLanguage\":\"fr-FR\",\"potentialAction\":[{\"@type\":\"ReadAction\",\"target\":[\"https:\/\/bluedoggenetics.com\/producto\/feminizadas\/blue-gelato-41-2\/\"]}]},{\"@type\":\"ImageObject\",\"inLanguage\":\"fr-FR\",\"@id\":\"https:\/\/bluedoggenetics.com\/producto\/feminizadas\/blue-gelato-41-2\/#primaryimage\",\"url\":\"https:\/\/bluedoggenetics.com\/wp-content\/uploads\/2026\/03\/blue-gelato-41_circle_new_21_126435.webp\",\"contentUrl\":\"https:\/\/bluedoggenetics.com\/wp-content\/uploads\/2026\/03\/blue-gelato-41_circle_new_21_126435.webp\",\"width\":475,\"height\":570,\"caption\":\"Blue Gelato 41\"},{\"@type\":\"BreadcrumbList\",\"@id\":\"https:\/\/bluedoggenetics.com\/producto\/feminizadas\/blue-gelato-41-2\/#breadcrumb\",\"itemListElement\":[{\"@type\":\"ListItem\",\"position\":1,\"name\":\"Portada\",\"item\":\"https:\/\/bluedoggenetics.com\/\"},{\"@type\":\"ListItem\",\"position\":2,\"name\":\"Tienda\",\"item\":\"https:\/\/bluedoggenetics.com\/fr\/tienda\/\"},{\"@type\":\"ListItem\",\"position\":3,\"name\":\"Blue Gelato 41\"}]},{\"@type\":\"WebSite\",\"@id\":\"https:\/\/bluedoggenetics.com\/de\/#website\",\"url\":\"https:\/\/bluedoggenetics.com\/de\/\",\"name\":\"BLUEDOG GENETICS Seeds\",\"description\":\"Compara y compra las mejores semillas de cannabis. Feminizadas, Autoflorecientes, CBD.\",\"publisher\":{\"@id\":\"https:\/\/bluedoggenetics.com\/de\/#organization\"},\"alternateName\":\"BLUEDOG GENETICS\",\"potentialAction\":[{\"@type\":\"SearchAction\",\"target\":{\"@type\":\"EntryPoint\",\"urlTemplate\":\"https:\/\/bluedoggenetics.com\/de\/?s={search_term_string}\"},\"query-input\":{\"@type\":\"PropertyValueSpecification\",\"valueRequired\":true,\"valueName\":\"search_term_string\"}}],\"inLanguage\":\"fr-FR\"},{\"@type\":\"Organization\",\"@id\":\"https:\/\/bluedoggenetics.com\/de\/#organization\",\"name\":\"BLUEDOG GENETICS\",\"url\":\"https:\/\/bluedoggenetics.com\/de\/\",\"logo\":{\"@type\":\"ImageObject\",\"inLanguage\":\"fr-FR\",\"@id\":\"https:\/\/bluedoggenetics.com\/de\/#\/schema\/logo\/image\/\",\"url\":\"https:\/\/bluedoggenetics.com\/wp-content\/uploads\/2024\/11\/appIcon.png\",\"contentUrl\":\"https:\/\/bluedoggenetics.com\/wp-content\/uploads\/2024\/11\/appIcon.png\",\"width\":1024,\"height\":1024,\"caption\":\"BLUEDOG GENETICS\"},\"image\":{\"@id\":\"https:\/\/bluedoggenetics.com\/de\/#\/schema\/logo\/image\/\"},\"sameAs\":[\"https:\/\/www.instagram.com\/bluedog.genetics\/\"]}]}<\/script>\n<!-- \/ Yoast SEO plugin. -->","yoast_head_json":{"title":"Blue Gelato 41 - Graines G\u00c9N\u00c9TIQUE BLUEDOG","description":"Blue Gelato 41 de Barney's Farm : l'hybride avec 25% de THC et un ar\u00f4me de fruits sucr\u00e9s et d'agrumes. Effet euphorique et lucide. Achetez vos graines maintenant !","robots":{"index":"index","follow":"follow","max-snippet":"max-snippet:-1","max-image-preview":"max-image-preview:large","max-video-preview":"max-video-preview:-1"},"canonical":"https:\/\/bluedoggenetics.com\/fr\/produit\/feminise\/blue-gelato-41-2\/","og_locale":"fr_FR","og_type":"article","og_title":"Blue Gelato 41 - BLUEDOG GENETICS Seeds","og_description":"Blue Gelato 41 de Barney's Farm: el h\u00edbrido con 25% de THC y aroma a frutas dulces y c\u00edtricos. Efecto euf\u00f3rico y l\u00facido. \u00a1Compra tus semillas ahora!","og_url":"https:\/\/bluedoggenetics.com\/fr\/produit\/feminise\/blue-gelato-41-2\/","og_site_name":"BLUEDOG GENETICS Seeds","article_modified_time":"2026-05-06T12:56:28+00:00","og_image":[{"width":475,"height":570,"url":"https:\/\/bluedoggenetics.com\/wp-content\/uploads\/2026\/03\/blue-gelato-41_circle_new_21_126435.webp","type":"image\/webp"}],"twitter_card":"summary_large_image","twitter_misc":{"Dur\u00e9e de lecture estim\u00e9e":"2 minutes"},"schema":{"@context":"https:\/\/schema.org","@graph":[{"@type":["WebPage","ItemPage"],"@id":"https:\/\/bluedoggenetics.com\/producto\/feminizadas\/blue-gelato-41-2\/","url":"https:\/\/bluedoggenetics.com\/producto\/feminizadas\/blue-gelato-41-2\/","name":"Blue Gelato 41 - Graines G\u00c9N\u00c9TIQUE BLUEDOG","isPartOf":{"@id":"https:\/\/bluedoggenetics.com\/de\/#website"},"primaryImageOfPage":{"@id":"https:\/\/bluedoggenetics.com\/producto\/feminizadas\/blue-gelato-41-2\/#primaryimage"},"image":{"@id":"https:\/\/bluedoggenetics.com\/producto\/feminizadas\/blue-gelato-41-2\/#primaryimage"},"thumbnailUrl":"https:\/\/bluedoggenetics.com\/wp-content\/uploads\/2026\/03\/blue-gelato-41_circle_new_21_126435.webp","datePublished":"2026-03-29T15:52:07+00:00","dateModified":"2026-05-06T12:56:28+00:00","description":"Blue Gelato 41 de Barney's Farm : l'hybride avec 25% de THC et un ar\u00f4me de fruits sucr\u00e9s et d'agrumes. Effet euphorique et lucide. Achetez vos graines maintenant !","breadcrumb":{"@id":"https:\/\/bluedoggenetics.com\/producto\/feminizadas\/blue-gelato-41-2\/#breadcrumb"},"inLanguage":"fr-FR","potentialAction":[{"@type":"ReadAction","target":["https:\/\/bluedoggenetics.com\/producto\/feminizadas\/blue-gelato-41-2\/"]}]},{"@type":"ImageObject","inLanguage":"fr-FR","@id":"https:\/\/bluedoggenetics.com\/producto\/feminizadas\/blue-gelato-41-2\/#primaryimage","url":"https:\/\/bluedoggenetics.com\/wp-content\/uploads\/2026\/03\/blue-gelato-41_circle_new_21_126435.webp","contentUrl":"https:\/\/bluedoggenetics.com\/wp-content\/uploads\/2026\/03\/blue-gelato-41_circle_new_21_126435.webp","width":475,"height":570,"caption":"Blue Gelato 41"},{"@type":"BreadcrumbList","@id":"https:\/\/bluedoggenetics.com\/producto\/feminizadas\/blue-gelato-41-2\/#breadcrumb","itemListElement":[{"@type":"ListItem","position":1,"name":"Portada","item":"https:\/\/bluedoggenetics.com\/"},{"@type":"ListItem","position":2,"name":"Tienda","item":"https:\/\/bluedoggenetics.com\/fr\/tienda\/"},{"@type":"ListItem","position":3,"name":"Blue Gelato 41"}]},{"@type":"WebSite","@id":"https:\/\/bluedoggenetics.com\/de\/#website","url":"https:\/\/bluedoggenetics.com\/de\/","name":"BLUEDOG GENETICS Seeds","description":"Compare et ach\u00e8te les meilleures graines de cannabis. F\u00e9minis\u00e9es, autofloraison, CBD.","publisher":{"@id":"https:\/\/bluedoggenetics.com\/de\/#organization"},"alternateName":"BLUEDOG GENETICS","potentialAction":[{"@type":"SearchAction","target":{"@type":"EntryPoint","urlTemplate":"https:\/\/bluedoggenetics.com\/de\/?s={search_term_string}"},"query-input":{"@type":"PropertyValueSpecification","valueRequired":true,"valueName":"search_term_string"}}],"inLanguage":"fr-FR"},{"@type":"Organization","@id":"https:\/\/bluedoggenetics.com\/de\/#organization","name":"BLUEDOG GENETICS","url":"https:\/\/bluedoggenetics.com\/de\/","logo":{"@type":"ImageObject","inLanguage":"fr-FR","@id":"https:\/\/bluedoggenetics.com\/de\/#\/schema\/logo\/image\/","url":"https:\/\/bluedoggenetics.com\/wp-content\/uploads\/2024\/11\/appIcon.png","contentUrl":"https:\/\/bluedoggenetics.com\/wp-content\/uploads\/2024\/11\/appIcon.png","width":1024,"height":1024,"caption":"BLUEDOG GENETICS"},"image":{"@id":"https:\/\/bluedoggenetics.com\/de\/#\/schema\/logo\/image\/"},"sameAs":["https:\/\/www.instagram.com\/bluedog.genetics\/"]}]}},"sticker_url":"https:\/\/bluedoggenetics.com\/wp-content\/uploads\/2026\/03\/barneys-farm.webp","variations_full":[{"id":4278,"price":12,"regular_price":12,"attributes":{"attribute_pa_cantidad":"pack-1"},"image_src":"https:\/\/bluedoggenetics.com\/wp-content\/uploads\/2026\/03\/blue-gelato-41_circle_new_21_126435.webp","is_in_stock":true},{"id":4279,"price":30,"regular_price":30,"attributes":{"attribute_pa_cantidad":"pack-3"},"image_src":"https:\/\/bluedoggenetics.com\/wp-content\/uploads\/2026\/03\/blue-gelato-41_circle_new_21_126435.webp","is_in_stock":true},{"id":4280,"price":45,"regular_price":45,"attributes":{"attribute_pa_cantidad":"pack-5"},"image_src":"https:\/\/bluedoggenetics.com\/wp-content\/uploads\/2026\/03\/blue-gelato-41_circle_new_21_126435.webp","is_in_stock":true},{"id":4281,"price":85,"regular_price":85,"attributes":{"attribute_pa_cantidad":"pack-10"},"image_src":"https:\/\/bluedoggenetics.com\/wp-content\/uploads\/2026\/03\/blue-gelato-41_circle_new_21_126435.webp","is_in_stock":true}],"jetpack_sharing_enabled":true,"_links":{"self":[{"href":"https:\/\/bluedoggenetics.com\/fr\/wp-json\/wp\/v2\/product\/4267","targetHints":{"allow":["GET"]}}],"collection":[{"href":"https:\/\/bluedoggenetics.com\/fr\/wp-json\/wp\/v2\/product"}],"about":[{"href":"https:\/\/bluedoggenetics.com\/fr\/wp-json\/wp\/v2\/types\/product"}],"wp:featuredmedia":[{"embeddable":true,"href":"https:\/\/bluedoggenetics.com\/fr\/wp-json\/wp\/v2\/media\/3430"}],"wp:attachment":[{"href":"https:\/\/bluedoggenetics.com\/fr\/wp-json\/wp\/v2\/media?parent=4267"}],"wp:term":[{"taxonomy":"product_brand","embeddable":true,"href":"https:\/\/bluedoggenetics.com\/fr\/wp-json\/wp\/v2\/product_brand?post=4267"},{"taxonomy":"product_cat","embeddable":true,"href":"https:\/\/bluedoggenetics.com\/fr\/wp-json\/wp\/v2\/product_cat?post=4267"},{"taxonomy":"product_tag","embeddable":true,"href":"https:\/\/bluedoggenetics.com\/fr\/wp-json\/wp\/v2\/product_tag?post=4267"}],"curies":[{"name":"wp","href":"https:\/\/api.w.org\/{rel}","templated":true}]}}