{"id":4265,"date":"2026-03-29T17:52:07","date_gmt":"2026-03-29T15:52:07","guid":{"rendered":"https:\/\/bluedoggenetics.com\/?post_type=product&#038;p=4265"},"modified":"2026-05-06T14:56:23","modified_gmt":"2026-05-06T12:56:23","slug":"gorilla-zkittlez-2","status":"publish","type":"product","link":"https:\/\/bluedoggenetics.com\/fr\/produit\/graines\/feminise\/gorilla-zkittlez-2\/","title":{"rendered":"Gorilla Zkittlez"},"content":{"rendered":"<p>Graines de marijuana f\u00e9minis\u00e9es <strong>Gorilla Zkittlez<\/strong> Elles fleurissent en seulement 8 \u00e0 9 semaines, produisant des r\u00e9coltes monstrueuses pouvant d\u00e9passer 700 grammes par m\u00e8tre carr\u00e9 en int\u00e9rieur, et jusqu'\u00e0 2,5 kg par plante en ext\u00e9rieur si les conditions sont optimales. Son patrimoine g\u00e9n\u00e9tique impressionnant lui conf\u00e8re non seulement une vigueur v\u00e9g\u00e9tative incroyable, mais la rend \u00e9galement tr\u00e8s r\u00e9sistante. Les effets de cette vari\u00e9t\u00e9 d\u00e9butent par un \u00e9lan euphorique et cr\u00e9atif, puis laissent place \u00e0 une relaxation profonde et agr\u00e9able, id\u00e9ale pour se d\u00e9tendre en fin de journ\u00e9e.<\/p>\n<p><b>Aspect de la fleur.<\/b> Les fleurs du Gorilla Zkittlez sont des roches vraiment denses et lourdes. Les t\u00eates pr\u00e9sentent un vert olive fonc\u00e9 ponctu\u00e9 de teintes violettes et violettes lorsque les temp\u00e9ratures baissent. Ce qui est le plus impressionnant, c'est sa couche de trichomes : ils semblent recouverts de sucre brillant, ce qui en fait un excellent choix pour les extractions.<\/p>\n<p><b>Morphologie v\u00e9g\u00e9tale.<\/b> Durant sa phase de croissance, cette vari\u00e9t\u00e9 d\u00e9veloppe une structure typiquement indica robuste, mais avec une ramification lat\u00e9rale impressionnante qu'elle h\u00e9rite de la Zkittlez . Il atteint g\u00e9n\u00e9ralement une hauteur g\u00e9rable de 140 \u00e0 170 cm, ce qui facilite son dressage ou son filet \u00e0 l'int\u00e9rieur.<\/p>\n<h3><b>Conseils de Culture<\/b><\/h3>\n<ul>\n<li><strong>Quel est le climat id\u00e9al pour cultiver le Gorilla Zkittlez ?<\/strong>\n<p>Il pr\u00e9f\u00e8re les climats chauds et ensoleill\u00e9s de type m\u00e9diterran\u00e9en. Bien qu\u2019elle soit r\u00e9sistante, un environnement contr\u00f4l\u00e9 est recommand\u00e9 en floraison avanc\u00e9e.<\/li>\n<li><strong>Quelles techniques de formation fonctionnent le mieux avec le Gorilla Zkittlez ?<\/strong>\n<p>C'est un candidat parfait pour des techniques telles que le SCROG ou la taille apicale, r\u00e9partissant ainsi sa production massive dans toutes les branches.<\/li>\n<li><strong>De quel type de fertilisation le Gorilla Zkittlez a-t-il besoin ?<\/strong>\n<p>C'est une plante gourmande ; Elle appr\u00e9cie les apports g\u00e9n\u00e9reux en phosphore et en potassium pendant les semaines de floraison maximale, ainsi que l'utilisation de m\u00e9lasse.<\/li>\n<li><strong>Comment doivent \u00eatre l\u2019irrigation et l\u2019humidit\u00e9 pour le Gorilla Zkittlez ?<\/strong>\n<p>Arrosez mod\u00e9r\u00e9ment en attendant que le substrat s\u00e8che. Maintenez l'humidit\u00e9 en dessous de 45 % pendant la floraison pour \u00e9viter les champignons sur ses t\u00eates denses.<\/li>\n<li><strong>Est-il n\u00e9cessaire de tailler la plante Gorilla Zkittlez ?<\/strong>\n<p>Oui, l\u2019\u00e9limination s\u00e9lective des feuilles pendant la pr\u00e9-floraison contribuera \u00e0 am\u00e9liorer l\u2019a\u00e9ration interne et la p\u00e9n\u00e9tration de la lumi\u00e8re vers les calices inf\u00e9rieurs.<\/li>\n<\/ul>","protected":false},"excerpt":{"rendered":"<p><strong>Gorilla Zkittlez<\/strong> C'est l'un des joyaux les plus convoit\u00e9s du catalogue Barney's Farm. Une graine f\u00e9minis\u00e9e \u00e0 dominante indica (60%) issue du croisement l\u00e9gendaire entre Gorilla Glue #4 et Zkittlez . Elle se distingue par ses niveaux de THC stratosph\u00e9riques, d\u00e9passant les 24 %, et son \u00e9tonnant profil terp\u00e9nique qui m\u00e9lange les fruits tropicaux avec de profondes notes terreuses. Parfait pour ceux qui recherchent une exp\u00e9rience intense et des performances spectaculaires en culture.<\/p>","protected":false},"featured_media":3426,"template":"","meta":{"_acf_changed":false,"inline_featured_image":false,"_wp_applaud_exclude":false},"product_brand":[192],"product_cat":[22],"product_tag":[],"class_list":{"0":"post-4265","1":"product","2":"type-product","3":"status-publish","4":"has-post-thumbnail","6":"product_brand-barneys-farm","7":"product_cat-feminizadas","8":"pa_altura-exterior-120-150","9":"pa_altura-interior-120-150","10":"pa_beneficios-terapeuticos-alivio-de-ansiedad","11":"pa_beneficios-terapeuticos-alivio-del-dolor","12":"pa_beneficios-terapeuticos-ayuda-para-dormir","13":"pa_beneficios-terapeuticos-reduccion-de-nauseas","14":"pa_cantidad-pack-1","15":"pa_cantidad-pack-10","16":"pa_cantidad-pack-3","17":"pa_cantidad-pack-5","18":"pa_clima-calido","19":"pa_cosecha-exterior-1850-2000","20":"pa_cosecha-interior-450-550","21":"pa_efectos-destacables-adormecido","22":"pa_efectos-destacables-alegre","23":"pa_efectos-destacables-euforico","24":"pa_efectos-destacables-munchies","25":"pa_efectos-destacables-relajado","26":"pa_floracion-8-9","27":"pa_genetica-60-40","28":"pa_olor-intenso","29":"pa_sabores-y-olores-afrutado","30":"pa_sabores-y-olores-dulce","31":"pa_sabores-y-olores-especias","32":"pa_sabores-y-olores-terroso","33":"pa_sabores-y-olores-tropical","34":"pa_thc-20-26","35":"pa_variedad-indica","36":"pa_variedad-mayormente-indica","38":"first","39":"instock","40":"taxable","41":"shipping-taxable","42":"purchasable","43":"product-type-variable"},"acf":{"sticker":"https:\/\/bluedoggenetics.com\/wp-content\/uploads\/2026\/03\/barneys-farm.webp","family_tree":""},"yoast_head":"<!-- This site is optimized with the Yoast SEO plugin v26.5 - https:\/\/yoast.com\/wordpress\/plugins\/seo\/ -->\n<title>Gorilla Zkittlez de Barney&#039;s Farm - BLUEDOG GENETICS Seeds<\/title>\n<meta name=\"robots\" content=\"index, follow, max-snippet:-1, max-image-preview:large, max-video-preview:-1\" \/>\n<link rel=\"canonical\" href=\"https:\/\/bluedoggenetics.com\/fr\/produit\/feminise\/gorilla-zkittlez-2\/\" \/>\n<meta property=\"og:locale\" content=\"fr_FR\" \/>\n<meta property=\"og:type\" content=\"article\" \/>\n<meta property=\"og:title\" content=\"Gorilla Zkittlez de Barney&#039;s Farm - BLUEDOG GENETICS Seeds\" \/>\n<meta property=\"og:description\" content=\"Gorilla Zkittlez es una de las joyas m\u00e1s codiciadas del cat\u00e1logo de Barney&#039;s Farm. Una semilla feminizada de dominancia \u00edndica (60%) que nace del cruce legendario entre Gorilla Glue #4 y Zkittlez. Destaca por sus niveles estratosf\u00e9ricos de THC, superando el 24%, y su asombroso perfil de terpenos que mezcla frutas tropicales con notas terrosas profundas. Perfecta para quienes buscan una experiencia intensa y un rendimiento espectacular en el cultivo.\" \/>\n<meta property=\"og:url\" content=\"https:\/\/bluedoggenetics.com\/fr\/produit\/feminise\/gorilla-zkittlez-2\/\" \/>\n<meta property=\"og:site_name\" content=\"BLUEDOG GENETICS Seeds\" \/>\n<meta property=\"article:modified_time\" content=\"2026-05-06T12:56:23+00:00\" \/>\n<meta property=\"og:image\" content=\"https:\/\/bluedoggenetics.com\/wp-content\/uploads\/2026\/03\/gorilla-zkittlez_circle_new_21_127530.webp\" \/>\n\t<meta property=\"og:image:width\" content=\"475\" \/>\n\t<meta property=\"og:image:height\" content=\"570\" \/>\n\t<meta property=\"og:image:type\" content=\"image\/webp\" \/>\n<meta name=\"twitter:card\" content=\"summary_large_image\" \/>\n<meta name=\"twitter:label1\" content=\"Dur\u00e9e de lecture estim\u00e9e\" \/>\n\t<meta name=\"twitter:data1\" content=\"2 minutes\" \/>\n<script type=\"application\/ld+json\" class=\"yoast-schema-graph\">{\"@context\":\"https:\/\/schema.org\",\"@graph\":[{\"@type\":[\"WebPage\",\"ItemPage\"],\"@id\":\"https:\/\/bluedoggenetics.com\/producto\/feminizadas\/gorilla-zkittlez-2\/\",\"url\":\"https:\/\/bluedoggenetics.com\/producto\/feminizadas\/gorilla-zkittlez-2\/\",\"name\":\"Gorilla Zkittlez de Barney's Farm - BLUEDOG GENETICS Seeds\",\"isPartOf\":{\"@id\":\"https:\/\/bluedoggenetics.com\/de\/#website\"},\"primaryImageOfPage\":{\"@id\":\"https:\/\/bluedoggenetics.com\/producto\/feminizadas\/gorilla-zkittlez-2\/#primaryimage\"},\"image\":{\"@id\":\"https:\/\/bluedoggenetics.com\/producto\/feminizadas\/gorilla-zkittlez-2\/#primaryimage\"},\"thumbnailUrl\":\"https:\/\/bluedoggenetics.com\/wp-content\/uploads\/2026\/03\/gorilla-zkittlez_circle_new_21_127530.webp\",\"datePublished\":\"2026-03-29T15:52:07+00:00\",\"dateModified\":\"2026-05-06T12:56:23+00:00\",\"breadcrumb\":{\"@id\":\"https:\/\/bluedoggenetics.com\/producto\/feminizadas\/gorilla-zkittlez-2\/#breadcrumb\"},\"inLanguage\":\"fr-FR\",\"potentialAction\":[{\"@type\":\"ReadAction\",\"target\":[\"https:\/\/bluedoggenetics.com\/producto\/feminizadas\/gorilla-zkittlez-2\/\"]}]},{\"@type\":\"ImageObject\",\"inLanguage\":\"fr-FR\",\"@id\":\"https:\/\/bluedoggenetics.com\/producto\/feminizadas\/gorilla-zkittlez-2\/#primaryimage\",\"url\":\"https:\/\/bluedoggenetics.com\/wp-content\/uploads\/2026\/03\/gorilla-zkittlez_circle_new_21_127530.webp\",\"contentUrl\":\"https:\/\/bluedoggenetics.com\/wp-content\/uploads\/2026\/03\/gorilla-zkittlez_circle_new_21_127530.webp\",\"width\":475,\"height\":570,\"caption\":\"Gorilla Zkittlez de Barney's Farm\"},{\"@type\":\"BreadcrumbList\",\"@id\":\"https:\/\/bluedoggenetics.com\/producto\/feminizadas\/gorilla-zkittlez-2\/#breadcrumb\",\"itemListElement\":[{\"@type\":\"ListItem\",\"position\":1,\"name\":\"Portada\",\"item\":\"https:\/\/bluedoggenetics.com\/\"},{\"@type\":\"ListItem\",\"position\":2,\"name\":\"Tienda\",\"item\":\"https:\/\/bluedoggenetics.com\/fr\/tienda\/\"},{\"@type\":\"ListItem\",\"position\":3,\"name\":\"Gorilla Zkittlez\"}]},{\"@type\":\"WebSite\",\"@id\":\"https:\/\/bluedoggenetics.com\/de\/#website\",\"url\":\"https:\/\/bluedoggenetics.com\/de\/\",\"name\":\"BLUEDOG GENETICS Seeds\",\"description\":\"Compara y compra las mejores semillas de cannabis. Feminizadas, Autoflorecientes, CBD.\",\"publisher\":{\"@id\":\"https:\/\/bluedoggenetics.com\/de\/#organization\"},\"alternateName\":\"BLUEDOG GENETICS\",\"potentialAction\":[{\"@type\":\"SearchAction\",\"target\":{\"@type\":\"EntryPoint\",\"urlTemplate\":\"https:\/\/bluedoggenetics.com\/de\/?s={search_term_string}\"},\"query-input\":{\"@type\":\"PropertyValueSpecification\",\"valueRequired\":true,\"valueName\":\"search_term_string\"}}],\"inLanguage\":\"fr-FR\"},{\"@type\":\"Organization\",\"@id\":\"https:\/\/bluedoggenetics.com\/de\/#organization\",\"name\":\"BLUEDOG GENETICS\",\"url\":\"https:\/\/bluedoggenetics.com\/de\/\",\"logo\":{\"@type\":\"ImageObject\",\"inLanguage\":\"fr-FR\",\"@id\":\"https:\/\/bluedoggenetics.com\/de\/#\/schema\/logo\/image\/\",\"url\":\"https:\/\/bluedoggenetics.com\/wp-content\/uploads\/2024\/11\/appIcon.png\",\"contentUrl\":\"https:\/\/bluedoggenetics.com\/wp-content\/uploads\/2024\/11\/appIcon.png\",\"width\":1024,\"height\":1024,\"caption\":\"BLUEDOG GENETICS\"},\"image\":{\"@id\":\"https:\/\/bluedoggenetics.com\/de\/#\/schema\/logo\/image\/\"},\"sameAs\":[\"https:\/\/www.instagram.com\/bluedog.genetics\/\"]}]}<\/script>\n<!-- \/ Yoast SEO plugin. -->","yoast_head_json":{"title":"Gorilla Zkittlez de Barney's Farm - Graines BLUEDOG GENETICS","robots":{"index":"index","follow":"follow","max-snippet":"max-snippet:-1","max-image-preview":"max-image-preview:large","max-video-preview":"max-video-preview:-1"},"canonical":"https:\/\/bluedoggenetics.com\/fr\/produit\/feminise\/gorilla-zkittlez-2\/","og_locale":"fr_FR","og_type":"article","og_title":"Gorilla Zkittlez de Barney's Farm - BLUEDOG GENETICS Seeds","og_description":"Gorilla Zkittlez es una de las joyas m\u00e1s codiciadas del cat\u00e1logo de Barney's Farm. Una semilla feminizada de dominancia \u00edndica (60%) que nace del cruce legendario entre Gorilla Glue #4 y Zkittlez. Destaca por sus niveles estratosf\u00e9ricos de THC, superando el 24%, y su asombroso perfil de terpenos que mezcla frutas tropicales con notas terrosas profundas. Perfecta para quienes buscan una experiencia intensa y un rendimiento espectacular en el cultivo.","og_url":"https:\/\/bluedoggenetics.com\/fr\/produit\/feminise\/gorilla-zkittlez-2\/","og_site_name":"BLUEDOG GENETICS Seeds","article_modified_time":"2026-05-06T12:56:23+00:00","og_image":[{"width":475,"height":570,"url":"https:\/\/bluedoggenetics.com\/wp-content\/uploads\/2026\/03\/gorilla-zkittlez_circle_new_21_127530.webp","type":"image\/webp"}],"twitter_card":"summary_large_image","twitter_misc":{"Dur\u00e9e de lecture estim\u00e9e":"2 minutes"},"schema":{"@context":"https:\/\/schema.org","@graph":[{"@type":["WebPage","ItemPage"],"@id":"https:\/\/bluedoggenetics.com\/producto\/feminizadas\/gorilla-zkittlez-2\/","url":"https:\/\/bluedoggenetics.com\/producto\/feminizadas\/gorilla-zkittlez-2\/","name":"Gorilla Zkittlez de Barney's Farm - Graines BLUEDOG GENETICS","isPartOf":{"@id":"https:\/\/bluedoggenetics.com\/de\/#website"},"primaryImageOfPage":{"@id":"https:\/\/bluedoggenetics.com\/producto\/feminizadas\/gorilla-zkittlez-2\/#primaryimage"},"image":{"@id":"https:\/\/bluedoggenetics.com\/producto\/feminizadas\/gorilla-zkittlez-2\/#primaryimage"},"thumbnailUrl":"https:\/\/bluedoggenetics.com\/wp-content\/uploads\/2026\/03\/gorilla-zkittlez_circle_new_21_127530.webp","datePublished":"2026-03-29T15:52:07+00:00","dateModified":"2026-05-06T12:56:23+00:00","breadcrumb":{"@id":"https:\/\/bluedoggenetics.com\/producto\/feminizadas\/gorilla-zkittlez-2\/#breadcrumb"},"inLanguage":"fr-FR","potentialAction":[{"@type":"ReadAction","target":["https:\/\/bluedoggenetics.com\/producto\/feminizadas\/gorilla-zkittlez-2\/"]}]},{"@type":"ImageObject","inLanguage":"fr-FR","@id":"https:\/\/bluedoggenetics.com\/producto\/feminizadas\/gorilla-zkittlez-2\/#primaryimage","url":"https:\/\/bluedoggenetics.com\/wp-content\/uploads\/2026\/03\/gorilla-zkittlez_circle_new_21_127530.webp","contentUrl":"https:\/\/bluedoggenetics.com\/wp-content\/uploads\/2026\/03\/gorilla-zkittlez_circle_new_21_127530.webp","width":475,"height":570,"caption":"Gorilla Zkittlez de Barney's Farm"},{"@type":"BreadcrumbList","@id":"https:\/\/bluedoggenetics.com\/producto\/feminizadas\/gorilla-zkittlez-2\/#breadcrumb","itemListElement":[{"@type":"ListItem","position":1,"name":"Portada","item":"https:\/\/bluedoggenetics.com\/"},{"@type":"ListItem","position":2,"name":"Tienda","item":"https:\/\/bluedoggenetics.com\/fr\/tienda\/"},{"@type":"ListItem","position":3,"name":"Gorilla Zkittlez"}]},{"@type":"WebSite","@id":"https:\/\/bluedoggenetics.com\/de\/#website","url":"https:\/\/bluedoggenetics.com\/de\/","name":"BLUEDOG GENETICS Seeds","description":"Compare et ach\u00e8te les meilleures graines de cannabis. F\u00e9minis\u00e9es, autofloraison, CBD.","publisher":{"@id":"https:\/\/bluedoggenetics.com\/de\/#organization"},"alternateName":"BLUEDOG GENETICS","potentialAction":[{"@type":"SearchAction","target":{"@type":"EntryPoint","urlTemplate":"https:\/\/bluedoggenetics.com\/de\/?s={search_term_string}"},"query-input":{"@type":"PropertyValueSpecification","valueRequired":true,"valueName":"search_term_string"}}],"inLanguage":"fr-FR"},{"@type":"Organization","@id":"https:\/\/bluedoggenetics.com\/de\/#organization","name":"BLUEDOG GENETICS","url":"https:\/\/bluedoggenetics.com\/de\/","logo":{"@type":"ImageObject","inLanguage":"fr-FR","@id":"https:\/\/bluedoggenetics.com\/de\/#\/schema\/logo\/image\/","url":"https:\/\/bluedoggenetics.com\/wp-content\/uploads\/2024\/11\/appIcon.png","contentUrl":"https:\/\/bluedoggenetics.com\/wp-content\/uploads\/2024\/11\/appIcon.png","width":1024,"height":1024,"caption":"BLUEDOG GENETICS"},"image":{"@id":"https:\/\/bluedoggenetics.com\/de\/#\/schema\/logo\/image\/"},"sameAs":["https:\/\/www.instagram.com\/bluedog.genetics\/"]}]}},"sticker_url":"https:\/\/bluedoggenetics.com\/wp-content\/uploads\/2026\/03\/barneys-farm.webp","variations_full":[{"id":4270,"price":12,"regular_price":12,"attributes":{"attribute_pa_cantidad":"pack-1"},"image_src":"https:\/\/bluedoggenetics.com\/wp-content\/uploads\/2026\/03\/gorilla-zkittlez_circle_new_21_127530.webp","is_in_stock":true},{"id":4271,"price":30,"regular_price":30,"attributes":{"attribute_pa_cantidad":"pack-3"},"image_src":"https:\/\/bluedoggenetics.com\/wp-content\/uploads\/2026\/03\/gorilla-zkittlez_circle_new_21_127530.webp","is_in_stock":true},{"id":4272,"price":45,"regular_price":45,"attributes":{"attribute_pa_cantidad":"pack-5"},"image_src":"https:\/\/bluedoggenetics.com\/wp-content\/uploads\/2026\/03\/gorilla-zkittlez_circle_new_21_127530.webp","is_in_stock":true},{"id":4273,"price":85,"regular_price":85,"attributes":{"attribute_pa_cantidad":"pack-10"},"image_src":"https:\/\/bluedoggenetics.com\/wp-content\/uploads\/2026\/03\/gorilla-zkittlez_circle_new_21_127530.webp","is_in_stock":true}],"jetpack_sharing_enabled":true,"_links":{"self":[{"href":"https:\/\/bluedoggenetics.com\/fr\/wp-json\/wp\/v2\/product\/4265","targetHints":{"allow":["GET"]}}],"collection":[{"href":"https:\/\/bluedoggenetics.com\/fr\/wp-json\/wp\/v2\/product"}],"about":[{"href":"https:\/\/bluedoggenetics.com\/fr\/wp-json\/wp\/v2\/types\/product"}],"wp:featuredmedia":[{"embeddable":true,"href":"https:\/\/bluedoggenetics.com\/fr\/wp-json\/wp\/v2\/media\/3426"}],"wp:attachment":[{"href":"https:\/\/bluedoggenetics.com\/fr\/wp-json\/wp\/v2\/media?parent=4265"}],"wp:term":[{"taxonomy":"product_brand","embeddable":true,"href":"https:\/\/bluedoggenetics.com\/fr\/wp-json\/wp\/v2\/product_brand?post=4265"},{"taxonomy":"product_cat","embeddable":true,"href":"https:\/\/bluedoggenetics.com\/fr\/wp-json\/wp\/v2\/product_cat?post=4265"},{"taxonomy":"product_tag","embeddable":true,"href":"https:\/\/bluedoggenetics.com\/fr\/wp-json\/wp\/v2\/product_tag?post=4265"}],"curies":[{"name":"wp","href":"https:\/\/api.w.org\/{rel}","templated":true}]}}