{"id":2823,"date":"2025-11-26T11:49:26","date_gmt":"2025-11-26T10:49:26","guid":{"rendered":"https:\/\/bluedoggenetics.com\/?post_type=product&#038;p=2823"},"modified":"2026-04-11T15:17:05","modified_gmt":"2026-04-11T13:17:05","slug":"marqueur-permanent","status":"publish","type":"product","link":"https:\/\/bluedoggenetics.com\/fr\/produit\/feminise\/marqueur-permanent\/","title":{"rendered":"Permanent Marker"},"content":{"rendered":"<p data-start=\"000\" data-end=\"000\" class=\"translation-block\">Permanent Marker est un hybride moderne et prim\u00e9 (Vari\u00e9t\u00e9 de l'Ann\u00e9e 2023) qui combine la puissance de Biscotti, Sherb Bx et Jealousy. Avec une dominance Indica et des niveaux de THC d\u00e9passant constamment 25 %, cette g\u00e9n\u00e9tique offre un effet puissant et double : elle commence par une euphorie c\u00e9r\u00e9brale et cr\u00e9ative, suivie d'une relaxation corporelle profonde et durable. Son profil aromatique est unique, complexe et piquant, m\u00e9langeant des notes de <strong>savon floral, de sucr\u00e9, de bonbon et de diesel (gassy funk)<\/strong>. C'est un choix premium pour les utilisateurs exp\u00e9riment\u00e9s \u00e0 la recherche d'une puissance maximale et de terp\u00e8nes audacieux.<\/p>\n<p data-start=\"000\" data-end=\"000\" class=\"translation-block\"><strong>Morphologie de la plante.<\/strong> Permanent Marker d\u00e9veloppe une structure robuste et compacte, avec un sch\u00e9ma de croissance qui penche g\u00e9n\u00e9ralement vers l'Indica. Elle pr\u00e9sente un bon ramassage lat\u00e9ral qui la rend apte \u00e0 maximiser la production. Ses feuilles sont touffues et d'un vert intense. Bien qu'il s'agisse d'une vari\u00e9t\u00e9 vigoureuse, sa culture est consid\u00e9r\u00e9e comme \u00e9tant de <strong>difficult\u00e9 interm\u00e9diaire<\/strong>, car ses t\u00eates extr\u00eamement denses et r\u00e9sineuses exigent une ventilation et un contr\u00f4le de l'humidit\u00e9 exceptionnels pour pr\u00e9venir la moisissure.<\/p>\n<p data-start=\"000\" data-end=\"000\" class=\"translation-block\"><strong>Aspect de la fleur.<\/strong> Les t\u00eates de Permanent Marker sont sa caract\u00e9ristique la plus impressionnante : elles sont <strong>exceptionnellement dures, denses et compactes<\/strong>. Elles sont enti\u00e8rement recouvertes d'une couche de trichomes si \u00e9paisse qu'elles semblent givr\u00e9es, refl\u00e9tant leur teneur extr\u00eame en THC. L'ar\u00f4me, qui \u00e9voque des notes douces et chimiques, s'intensifie drastiquement lors de la manipulation de la fleur. Sa fum\u00e9e est dense et la saveur est une exp\u00e9rience complexe, laissant un arri\u00e8re-go\u00fbt durable qui combine le sucr\u00e9, le floral et un fond p\u00e9n\u00e9trant de gaz.<\/p>\n<h3>Conseils de culture<\/h3>\n<ul>\n<li data-start=\"000\" data-end=\"000\"><strong data-start=\"000\" data-end=\"000\">Quel est le climat id\u00e9al pour la culture du Permanent Marker ?<\/strong><br data-start=\"000\" data-end=\"000\" \/>Pr\u00e9f\u00e8re un climat <strong>chaud et aride (M\u00e9diterran\u00e9e)<\/strong>. \u00c0 l'int\u00e9rieur, un environnement contr\u00f4l\u00e9 avec des temp\u00e9ratures stables (21\u00b0C-27\u00b0C) est n\u00e9cessaire. En ext\u00e9rieur, il est essentiel de le prot\u00e9ger de la pluie et d'une forte humidit\u00e9 en raison de l'extr\u00eame densit\u00e9 de ses bourgeons.<\/li>\n<li data-start=\"000\" data-end=\"000\"><strong data-start=\"000\" data-end=\"000\">Quelles sont les techniques de formation qui fonctionnent le mieux avec le marqueur permanent ?<\/strong><br data-start=\"000\" data-end=\"000\" \/>En raison de sa bonne ramification, il r\u00e9pond bien aux techniques telles que le... <strong>LST (Low Stress Training)<\/strong> et le <strong>taille apicale (\u00e9t\u00eatage)<\/strong> para crear una estructura tipo &#8220;vaso de margarita&#8221; y promover la m\u00e1xima distribuci\u00f3n de luz. Tambi\u00e9n se adapta bien al SCROG.<\/li>\n<li data-start=\"000\"><strong data-start=\"000\" data-end=\"000\">De quel type de fertilisation Permanent Marker a-t-il besoin ?<\/strong><br data-start=\"000\" data-end=\"000\" \/>Tiene una reputaci\u00f3n de &#8220;gustarle comer&#8221; y responder bien a niveles de nutrientes ligeramente m\u00e1s altos que la media. Es crucial un r\u00e9gimen de abonado completo y equilibrado, prestando especial atenci\u00f3n a los micronutrientes y asegurando un buen aporte de f\u00f3sforo y potasio durante la floraci\u00f3n.<\/li>\n<li data-start=\"000\" data-end=\"000\" class=\"translation-block\"><strong data-start=\"000\" data-end=\"000\">Est-il n\u00e9cessaire de tailler la plante Permanent Marker ?<\/strong><br data-start=\"000\" data-end=\"000\">Oui, la taille des parties inf\u00e9rieures (lollipopping) est tr\u00e8s importante pour am\u00e9liorer la circulation de l'air.<\/li>\n<li data-start=\"000\" data-end=\"000\"><strong data-start=\"000\" data-end=\"000\">Est-il n\u00e9cessaire de tailler la plante Permanent Marker ?<\/strong><br data-start=\"000\" data-end=\"000\" \/>Oui, la sucette est tr\u00e8s importante pour am\u00e9liorer la circulation de l'air.<\/li>\n<\/ul>","protected":false},"excerpt":{"rendered":"<p>Permanent Marker est un hybride \u00e0 dominante indica de nouvelle g\u00e9n\u00e9ration, r\u00e9compens\u00e9 pour sa puissance extr\u00eamement \u00e9lev\u00e9e (plus de 25% THC) et son double effet d'euphorie et de relaxation profonde. Elle est pris\u00e9e pour son profil terp\u00e9nique piquant qui combine des notes florales, sucr\u00e9es et diesel, bien qu'elle soit d'une difficult\u00e9 moyenne \u00e0 cultiver en raison de l'extr\u00eame densit\u00e9 de ses bourgeons.<\/p>","protected":false},"featured_media":2824,"template":"","meta":{"_acf_changed":false,"inline_featured_image":false,"_wp_applaud_exclude":false},"product_brand":[194],"product_cat":[22],"product_tag":[],"class_list":{"0":"post-2823","1":"product","2":"type-product","3":"status-publish","4":"has-post-thumbnail","6":"product_brand-bluedog-genetics","7":"product_cat-feminizadas","9":"first","10":"instock","11":"taxable","12":"shipping-taxable","13":"purchasable","14":"product-type-variable"},"acf":{"sticker":"https:\/\/bluedoggenetics.com\/wp-content\/uploads\/2025\/11\/Permanent-marker-sticker_11zon.webp","family_tree":"<ul>\n<li><a href=\"#\">Permanent Marker<\/a>\n<ul>\n<li><a href=\"#\">Biscotti x Jealousy<\/a>\n<ul>\n<li><a href=\"#\">Biscotti<\/a>\n<ul>\n<li><a href=\"#\">South Florida OG<\/a>\n<ul>\n<li><a href=\"#\">OG Kush [South Florida OG]<\/a><\/li>\n<li><a href=\"#\">Hindu Kush [Neville]<\/a><\/li>\n<\/ul>\n<\/li>\n<li><a href=\"#\">Gelato #25<\/a>\n<ul>\n<li><a href=\"#\">Guava Gelato (#25)<\/a><\/li>\n<\/ul>\n<\/li>\n<\/ul>\n<\/li>\n<li><a href=\"#\">Jealousy<\/a>\n<ul>\n<li><a href=\"#\">Gelato #41 (#41)<\/a>\n<ul>\n<li><a href=\"#\">Bacio Gelato (#41)<\/a><\/li>\n<\/ul>\n<\/li>\n<li><a href=\"#\">Sherbet (BX1)<\/a>\n<ul>\n<li><a href=\"#\">Sunset Sherbert<\/a><\/li>\n<li><a href=\"#\">Sunset Sherbert x Animal Cookies Bx2<\/a><\/li>\n<\/ul>\n<\/li>\n<\/ul>\n<\/li>\n<\/ul>\n<\/li>\n<li><a href=\"#\">Sherb Bx (BX1)<\/a>\n<ul>\n<li><a href=\"#\">Sunset Sherbet<\/a>\n<ul>\n<li><a href=\"#\">Girl Scout Cookies<\/a><\/li>\n<li><a href=\"#\">Pink Panties<\/a><\/li>\n<\/ul>\n<\/li>\n<\/ul>\n<\/li>\n<\/ul>\n<\/li>\n<\/ul>\n"},"yoast_head":"<!-- This site is optimized with the Yoast SEO plugin v26.5 - https:\/\/yoast.com\/wordpress\/plugins\/seo\/ -->\n<title>Comprar Semillas Permanent Marker Feminizadas - BLUEDOG GENETICS Seeds<\/title>\n<meta name=\"description\" content=\"Permanent Marker: la nueva gen\u00e9tica con potencia extrema. Compra las semillas feminizadas originales con env\u00edo discreto y la mejor calidad. \u00a1Stock limitado!\" \/>\n<meta name=\"robots\" content=\"index, follow, max-snippet:-1, max-image-preview:large, max-video-preview:-1\" \/>\n<link rel=\"canonical\" href=\"https:\/\/bluedoggenetics.com\/fr\/produit\/feminise\/marqueur-permanent\/\" \/>\n<meta property=\"og:locale\" content=\"fr_FR\" \/>\n<meta property=\"og:type\" content=\"article\" \/>\n<meta property=\"og:title\" content=\"Comprar Semillas Permanent Marker Feminizadas - BLUEDOG GENETICS Seeds\" \/>\n<meta property=\"og:description\" content=\"Permanent Marker: la nueva gen\u00e9tica con potencia extrema. Compra las semillas feminizadas originales con env\u00edo discreto y la mejor calidad. \u00a1Stock limitado!\" \/>\n<meta property=\"og:url\" content=\"https:\/\/bluedoggenetics.com\/fr\/produit\/feminise\/marqueur-permanent\/\" \/>\n<meta property=\"og:site_name\" content=\"BLUEDOG GENETICS Seeds\" \/>\n<meta property=\"article:modified_time\" content=\"2026-04-11T13:17:05+00:00\" \/>\n<meta property=\"og:image\" content=\"https:\/\/bluedoggenetics.com\/wp-content\/uploads\/2025\/11\/Permanent-Market-Bluedog-Genetics_11zon.webp\" \/>\n\t<meta property=\"og:image:width\" content=\"1536\" \/>\n\t<meta property=\"og:image:height\" content=\"1024\" \/>\n\t<meta property=\"og:image:type\" content=\"image\/webp\" \/>\n<meta name=\"twitter:card\" content=\"summary_large_image\" \/>\n<meta name=\"twitter:label1\" content=\"Dur\u00e9e de lecture estim\u00e9e\" \/>\n\t<meta name=\"twitter:data1\" content=\"3 minutes\" \/>\n<script type=\"application\/ld+json\" class=\"yoast-schema-graph\">{\"@context\":\"https:\/\/schema.org\",\"@graph\":[{\"@type\":[\"WebPage\",\"ItemPage\"],\"@id\":\"https:\/\/bluedoggenetics.com\/producto\/feminizadas\/permanent-marker\/\",\"url\":\"https:\/\/bluedoggenetics.com\/producto\/feminizadas\/permanent-marker\/\",\"name\":\"Comprar Semillas Permanent Marker Feminizadas - BLUEDOG GENETICS Seeds\",\"isPartOf\":{\"@id\":\"https:\/\/bluedoggenetics.com\/de\/#website\"},\"primaryImageOfPage\":{\"@id\":\"https:\/\/bluedoggenetics.com\/producto\/feminizadas\/permanent-marker\/#primaryimage\"},\"image\":{\"@id\":\"https:\/\/bluedoggenetics.com\/producto\/feminizadas\/permanent-marker\/#primaryimage\"},\"thumbnailUrl\":\"https:\/\/bluedoggenetics.com\/wp-content\/uploads\/2025\/11\/Permanent-Market-Bluedog-Genetics_11zon.webp\",\"datePublished\":\"2025-11-26T10:49:26+00:00\",\"dateModified\":\"2026-04-11T13:17:05+00:00\",\"description\":\"Permanent Marker: la nueva gen\u00e9tica con potencia extrema. Compra las semillas feminizadas originales con env\u00edo discreto y la mejor calidad. \u00a1Stock limitado!\",\"breadcrumb\":{\"@id\":\"https:\/\/bluedoggenetics.com\/producto\/feminizadas\/permanent-marker\/#breadcrumb\"},\"inLanguage\":\"fr-FR\",\"potentialAction\":[{\"@type\":\"ReadAction\",\"target\":[\"https:\/\/bluedoggenetics.com\/producto\/feminizadas\/permanent-marker\/\"]}]},{\"@type\":\"ImageObject\",\"inLanguage\":\"fr-FR\",\"@id\":\"https:\/\/bluedoggenetics.com\/producto\/feminizadas\/permanent-marker\/#primaryimage\",\"url\":\"https:\/\/bluedoggenetics.com\/wp-content\/uploads\/2025\/11\/Permanent-Market-Bluedog-Genetics_11zon.webp\",\"contentUrl\":\"https:\/\/bluedoggenetics.com\/wp-content\/uploads\/2025\/11\/Permanent-Market-Bluedog-Genetics_11zon.webp\",\"width\":1536,\"height\":1024,\"caption\":\"Cogollo de la genetica Permanent marker de Bluedog Genetics\"},{\"@type\":\"BreadcrumbList\",\"@id\":\"https:\/\/bluedoggenetics.com\/producto\/feminizadas\/permanent-marker\/#breadcrumb\",\"itemListElement\":[{\"@type\":\"ListItem\",\"position\":1,\"name\":\"Portada\",\"item\":\"https:\/\/bluedoggenetics.com\/\"},{\"@type\":\"ListItem\",\"position\":2,\"name\":\"Tienda\",\"item\":\"https:\/\/bluedoggenetics.com\/fr\/tienda\/\"},{\"@type\":\"ListItem\",\"position\":3,\"name\":\"Permanent Marker\"}]},{\"@type\":\"WebSite\",\"@id\":\"https:\/\/bluedoggenetics.com\/de\/#website\",\"url\":\"https:\/\/bluedoggenetics.com\/de\/\",\"name\":\"BLUEDOG GENETICS Seeds\",\"description\":\"Compara y compra las mejores semillas de cannabis. Feminizadas, Autoflorecientes, CBD.\",\"publisher\":{\"@id\":\"https:\/\/bluedoggenetics.com\/de\/#organization\"},\"alternateName\":\"BLUEDOG GENETICS\",\"potentialAction\":[{\"@type\":\"SearchAction\",\"target\":{\"@type\":\"EntryPoint\",\"urlTemplate\":\"https:\/\/bluedoggenetics.com\/de\/?s={search_term_string}\"},\"query-input\":{\"@type\":\"PropertyValueSpecification\",\"valueRequired\":true,\"valueName\":\"search_term_string\"}}],\"inLanguage\":\"fr-FR\"},{\"@type\":\"Organization\",\"@id\":\"https:\/\/bluedoggenetics.com\/de\/#organization\",\"name\":\"BLUEDOG GENETICS\",\"url\":\"https:\/\/bluedoggenetics.com\/de\/\",\"logo\":{\"@type\":\"ImageObject\",\"inLanguage\":\"fr-FR\",\"@id\":\"https:\/\/bluedoggenetics.com\/de\/#\/schema\/logo\/image\/\",\"url\":\"https:\/\/bluedoggenetics.com\/wp-content\/uploads\/2024\/11\/appIcon.png\",\"contentUrl\":\"https:\/\/bluedoggenetics.com\/wp-content\/uploads\/2024\/11\/appIcon.png\",\"width\":1024,\"height\":1024,\"caption\":\"BLUEDOG GENETICS\"},\"image\":{\"@id\":\"https:\/\/bluedoggenetics.com\/de\/#\/schema\/logo\/image\/\"},\"sameAs\":[\"https:\/\/www.instagram.com\/bluedog.genetics\/\"]}]}<\/script>\n<!-- \/ Yoast SEO plugin. -->","yoast_head_json":{"title":"Buy Permanent Marker Feminised Seeds - BLUEDOG GENETICS Seeds","description":"Permanent Marker : la nouvelle g\u00e9n\u00e9tique avec une puissance extr\u00eame. Ach\u00e8te les graines f\u00e9minis\u00e9es originales avec une livraison discr\u00e8te et la meilleure qualit\u00e9 - stock limit\u00e9 !","robots":{"index":"index","follow":"follow","max-snippet":"max-snippet:-1","max-image-preview":"max-image-preview:large","max-video-preview":"max-video-preview:-1"},"canonical":"https:\/\/bluedoggenetics.com\/fr\/produit\/feminise\/marqueur-permanent\/","og_locale":"fr_FR","og_type":"article","og_title":"Comprar Semillas Permanent Marker Feminizadas - BLUEDOG GENETICS Seeds","og_description":"Permanent Marker: la nueva gen\u00e9tica con potencia extrema. Compra las semillas feminizadas originales con env\u00edo discreto y la mejor calidad. \u00a1Stock limitado!","og_url":"https:\/\/bluedoggenetics.com\/fr\/produit\/feminise\/marqueur-permanent\/","og_site_name":"BLUEDOG GENETICS Seeds","article_modified_time":"2026-04-11T13:17:05+00:00","og_image":[{"width":1536,"height":1024,"url":"https:\/\/bluedoggenetics.com\/wp-content\/uploads\/2025\/11\/Permanent-Market-Bluedog-Genetics_11zon.webp","type":"image\/webp"}],"twitter_card":"summary_large_image","twitter_misc":{"Dur\u00e9e de lecture estim\u00e9e":"3 minutes"},"schema":{"@context":"https:\/\/schema.org","@graph":[{"@type":["WebPage","ItemPage"],"@id":"https:\/\/bluedoggenetics.com\/producto\/feminizadas\/permanent-marker\/","url":"https:\/\/bluedoggenetics.com\/producto\/feminizadas\/permanent-marker\/","name":"Buy Permanent Marker Feminised Seeds - BLUEDOG GENETICS Seeds","isPartOf":{"@id":"https:\/\/bluedoggenetics.com\/de\/#website"},"primaryImageOfPage":{"@id":"https:\/\/bluedoggenetics.com\/producto\/feminizadas\/permanent-marker\/#primaryimage"},"image":{"@id":"https:\/\/bluedoggenetics.com\/producto\/feminizadas\/permanent-marker\/#primaryimage"},"thumbnailUrl":"https:\/\/bluedoggenetics.com\/wp-content\/uploads\/2025\/11\/Permanent-Market-Bluedog-Genetics_11zon.webp","datePublished":"2025-11-26T10:49:26+00:00","dateModified":"2026-04-11T13:17:05+00:00","description":"Permanent Marker : la nouvelle g\u00e9n\u00e9tique avec une puissance extr\u00eame. Ach\u00e8te les graines f\u00e9minis\u00e9es originales avec une livraison discr\u00e8te et la meilleure qualit\u00e9 - stock limit\u00e9 !","breadcrumb":{"@id":"https:\/\/bluedoggenetics.com\/producto\/feminizadas\/permanent-marker\/#breadcrumb"},"inLanguage":"fr-FR","potentialAction":[{"@type":"ReadAction","target":["https:\/\/bluedoggenetics.com\/producto\/feminizadas\/permanent-marker\/"]}]},{"@type":"ImageObject","inLanguage":"fr-FR","@id":"https:\/\/bluedoggenetics.com\/producto\/feminizadas\/permanent-marker\/#primaryimage","url":"https:\/\/bluedoggenetics.com\/wp-content\/uploads\/2025\/11\/Permanent-Market-Bluedog-Genetics_11zon.webp","contentUrl":"https:\/\/bluedoggenetics.com\/wp-content\/uploads\/2025\/11\/Permanent-Market-Bluedog-Genetics_11zon.webp","width":1536,"height":1024,"caption":"Cogollo de la genetica Permanent marker de Bluedog Genetics"},{"@type":"BreadcrumbList","@id":"https:\/\/bluedoggenetics.com\/producto\/feminizadas\/permanent-marker\/#breadcrumb","itemListElement":[{"@type":"ListItem","position":1,"name":"Portada","item":"https:\/\/bluedoggenetics.com\/"},{"@type":"ListItem","position":2,"name":"Tienda","item":"https:\/\/bluedoggenetics.com\/fr\/tienda\/"},{"@type":"ListItem","position":3,"name":"Permanent Marker"}]},{"@type":"WebSite","@id":"https:\/\/bluedoggenetics.com\/de\/#website","url":"https:\/\/bluedoggenetics.com\/de\/","name":"BLUEDOG GENETICS Seeds","description":"Compare et ach\u00e8te les meilleures graines de cannabis. F\u00e9minis\u00e9es, autofloraison, CBD.","publisher":{"@id":"https:\/\/bluedoggenetics.com\/de\/#organization"},"alternateName":"BLUEDOG GENETICS","potentialAction":[{"@type":"SearchAction","target":{"@type":"EntryPoint","urlTemplate":"https:\/\/bluedoggenetics.com\/de\/?s={search_term_string}"},"query-input":{"@type":"PropertyValueSpecification","valueRequired":true,"valueName":"search_term_string"}}],"inLanguage":"fr-FR"},{"@type":"Organization","@id":"https:\/\/bluedoggenetics.com\/de\/#organization","name":"BLUEDOG GENETICS","url":"https:\/\/bluedoggenetics.com\/de\/","logo":{"@type":"ImageObject","inLanguage":"fr-FR","@id":"https:\/\/bluedoggenetics.com\/de\/#\/schema\/logo\/image\/","url":"https:\/\/bluedoggenetics.com\/wp-content\/uploads\/2024\/11\/appIcon.png","contentUrl":"https:\/\/bluedoggenetics.com\/wp-content\/uploads\/2024\/11\/appIcon.png","width":1024,"height":1024,"caption":"BLUEDOG GENETICS"},"image":{"@id":"https:\/\/bluedoggenetics.com\/de\/#\/schema\/logo\/image\/"},"sameAs":["https:\/\/www.instagram.com\/bluedog.genetics\/"]}]}},"sticker_url":"https:\/\/bluedoggenetics.com\/wp-content\/uploads\/2025\/11\/Permanent-marker-sticker_11zon.webp","variations_full":[{"id":2839,"price":12,"regular_price":12,"attributes":{"attribute_cantidad":"Pack 1"},"image_src":"https:\/\/bluedoggenetics.com\/wp-content\/uploads\/2025\/11\/Permanent-Market-Bluedog-Genetics_11zon-600x400.webp","is_in_stock":true},{"id":2840,"price":27,"regular_price":27,"attributes":{"attribute_cantidad":"Pack 3"},"image_src":"https:\/\/bluedoggenetics.com\/wp-content\/uploads\/2025\/11\/Permanent-Market-Bluedog-Genetics_11zon-600x400.webp","is_in_stock":true},{"id":2841,"price":41,"regular_price":41,"attributes":{"attribute_cantidad":"Pack 5"},"image_src":"https:\/\/bluedoggenetics.com\/wp-content\/uploads\/2025\/11\/Permanent-Market-Bluedog-Genetics_11zon-600x400.webp","is_in_stock":true},{"id":2842,"price":65,"regular_price":65,"attributes":{"attribute_cantidad":"Pack 10"},"image_src":"https:\/\/bluedoggenetics.com\/wp-content\/uploads\/2025\/11\/Permanent-Market-Bluedog-Genetics_11zon-600x400.webp","is_in_stock":true}],"jetpack_sharing_enabled":true,"_links":{"self":[{"href":"https:\/\/bluedoggenetics.com\/fr\/wp-json\/wp\/v2\/product\/2823","targetHints":{"allow":["GET"]}}],"collection":[{"href":"https:\/\/bluedoggenetics.com\/fr\/wp-json\/wp\/v2\/product"}],"about":[{"href":"https:\/\/bluedoggenetics.com\/fr\/wp-json\/wp\/v2\/types\/product"}],"wp:featuredmedia":[{"embeddable":true,"href":"https:\/\/bluedoggenetics.com\/fr\/wp-json\/wp\/v2\/media\/2824"}],"wp:attachment":[{"href":"https:\/\/bluedoggenetics.com\/fr\/wp-json\/wp\/v2\/media?parent=2823"}],"wp:term":[{"taxonomy":"product_brand","embeddable":true,"href":"https:\/\/bluedoggenetics.com\/fr\/wp-json\/wp\/v2\/product_brand?post=2823"},{"taxonomy":"product_cat","embeddable":true,"href":"https:\/\/bluedoggenetics.com\/fr\/wp-json\/wp\/v2\/product_cat?post=2823"},{"taxonomy":"product_tag","embeddable":true,"href":"https:\/\/bluedoggenetics.com\/fr\/wp-json\/wp\/v2\/product_tag?post=2823"}],"curies":[{"name":"wp","href":"https:\/\/api.w.org\/{rel}","templated":true}]}}