{"id":2577,"date":"2025-11-26T12:56:29","date_gmt":"2025-11-26T11:56:29","guid":{"rendered":"https:\/\/bluedoggenetics.com\/?post_type=product&#038;p=2577"},"modified":"2026-04-11T15:17:05","modified_gmt":"2026-04-11T13:17:05","slug":"ak-47","status":"publish","type":"product","link":"https:\/\/bluedoggenetics.com\/fr\/produit\/feminise\/ak-47\/","title":{"rendered":"AK 47"},"content":{"rendered":"<p class=\"translation-block\">L'<strong>AK-47<\/strong> est une g\u00e9n\u00e9tique prim\u00e9e et intemporelle, un hybride \u00e0 dominante Sativa connu pour sa puissance et sa croissance stable, r\u00e9sultant du croisement expert de vari\u00e9t\u00e9s colombiennes, mexicaines, tha\u00eflandaises et afghanes. Lanc\u00e9e pour la premi\u00e8re fois en 1992, la <strong>souche AK-47<\/strong> a maintenu sa r\u00e9putation mondiale comme l'une des vari\u00e9t\u00e9s les plus stables et les plus puissantes du march\u00e9. Avec un profil de THC moyen-\u00e9lev\u00e9 (environ 20 %) et un m\u00e9lange complexe de terp\u00e8nes, elle offre un effet puissant et double : elle commence par une euphorie c\u00e9r\u00e9brale intense, suivie d'une relaxation corporelle subtile et durable. Son profil aromatique est unique, m\u00e9langeant des notes dominantes de <strong>bois, d'\u00e9pices, et un fond doux de Skunk<\/strong>. C'est un choix premium pour les utilisateurs de tous niveaux \u00e0 la recherche de **stabilit\u00e9 g\u00e9n\u00e9tique** et d'un effet \u00e9quilibr\u00e9.<\/p>\n<p class=\"translation-block\"><strong>Morphologie de la plante.<\/strong> L'<strong>AK-47<\/strong> d\u00e9veloppe une structure robuste et ramifi\u00e9e, affichant une vigueur hybride avec une tendance \u00e0 s'\u00e9tirer pendant la floraison, caract\u00e9ristique de sa g\u00e9n\u00e9tique Sativa. Elle pr\u00e9sente un bon branchage lat\u00e9ral et une t\u00eate centrale pro\u00e9minente qui la rend apte \u00e0 maximiser la production. Bien qu'il s'agisse d'une vari\u00e9t\u00e9 vigoureuse, sa culture est consid\u00e9r\u00e9e comme \u00e9tant de faible difficult\u00e9, car sa g\u00e9n\u00e9tique est tr\u00e8s tol\u00e9rante aux erreurs et montre une r\u00e9sistance impressionnante aux nuisibles et aux maladies.<\/p>\n<p class=\"translation-block\"><strong>Aspect de la fleur.<\/strong> Les t\u00eates de l'<strong>AK-47<\/strong> sont grandes, denses et pr\u00e9sentent une couleur vert clair avec une couverture de r\u00e9sine notable. La production de trichomes est constante et uniforme. L'ar\u00f4me, qui \u00e9voque des notes de <strong>bois et d'\u00e9pices<\/strong>, s'intensifie drastiquement lors de la manipulation de la fleur. Sa fum\u00e9e est douce mais la saveur est persistante, laissant un arri\u00e8re-go\u00fbt durable qui combine le sucr\u00e9, le terreux et un fond p\u00e9n\u00e9trant de Skunk.<\/p>\n<h3>Conseils de culture<\/h3>\n<ul>\n<li><strong>Quel est le climat id\u00e9al pour cultiver l'AK-47 ?<\/strong><br \/>\nIl pr\u00e9f\u00e8re un climat chaud et sec, mais sa rusticit\u00e9 lui permet de s'adapter \u00e0 des climats plus temp\u00e9r\u00e9s. \u00c0 l'int\u00e9rieur, un environnement contr\u00f4l\u00e9 est recommand\u00e9. \u00c0 l'ext\u00e9rieur, sa floraison rapide permet de la r\u00e9colter avant l'arriv\u00e9e des pluies d'automne, ce qui minimise les risques de moisissure.<\/li>\n<li><strong>Quelles sont les techniques d'entra\u00eenement qui fonctionnent le mieux avec l'AK-47 ?<\/strong><br \/>\nEn raison de sa tendance \u00e0 s'\u00e9tirer, il r\u00e9pond excellemment aux techniques de contr\u00f4le de la hauteur telles que le SCROG (Screen of Green) et l'\u00e9t\u00eatage, qui favorisent un couvert uniforme et optimisent la p\u00e9n\u00e9tration de la lumi\u00e8re.<\/li>\n<li><strong>De quel type de fertilisation l'AK-47 a-t-il besoin ?<\/strong><br \/>\nC'est une vari\u00e9t\u00e9 qui tol\u00e8re bien des niveaux de nutriments mod\u00e9r\u00e9s \u00e0 \u00e9lev\u00e9s. Cependant, en raison de sa stabilit\u00e9 et de son d\u00e9veloppement rapide, un r\u00e9gime d'engrais constant et \u00e9quilibr\u00e9 est plus important qu'un r\u00e9gime \u00e0 forte intensit\u00e9.<\/li>\n<li><strong>Quel doit \u00eatre le taux d'arrosage et d'humidit\u00e9 de l'AK-47 ?<\/strong><br \/>\nIl est important d'assurer un bon cycle de s\u00e9chage et d'arrosage. Contrairement aux souches ultra-denses, les <strong>AK-47<\/strong> est plus r\u00e9sistant aux moisissures, mais il est recommand\u00e9 de maintenir l'humidit\u00e9 relative en dessous de 60% pendant la floraison pour optimiser la production de r\u00e9sine.<\/li>\n<li><strong>Faut-il tailler la plante AK-47 ?<\/strong><br \/>\nOui, le lollipopping est utile pour rediriger l'\u00e9nergie vers les colas principaux, surtout si la technique SCROG est appliqu\u00e9e. Le lollipopping permet \u00e9galement d'am\u00e9liorer la circulation de l'air.<\/li>\n<\/ul>","protected":false},"excerpt":{"rendered":"<p>Le <b>AK-47<\/b> es una gen\u00e9tica galardonada y atemporal, un h\u00edbrido Sativa dominante conocido por su potencia y su crecimiento estable, resultado del cruce experto de variedades colombianas, mexicanas, tailandesas y afganas. Con un perfil de THC medio-alto y una compleja mezcla de terpenos, ofrece un efecto intensamente euf\u00f3rico y cerebral que se equilibra con una sutil relajaci\u00f3n corporal, ideal para mantenerse activo, creativo y sociabilizar.<\/p>","protected":false},"featured_media":2690,"template":"","meta":{"_acf_changed":false,"inline_featured_image":false,"_wp_applaud_exclude":false},"product_brand":[194],"product_cat":[22],"product_tag":[],"class_list":{"0":"post-2577","1":"product","2":"type-product","3":"status-publish","4":"has-post-thumbnail","6":"product_brand-bluedog-genetics","7":"product_cat-feminizadas","9":"first","10":"instock","11":"taxable","12":"shipping-taxable","13":"purchasable","14":"product-type-variable"},"acf":{"sticker":"https:\/\/bluedoggenetics.com\/wp-content\/uploads\/2025\/07\/AK-47-Bluedog-Genetics.webp","family_tree":"<ul>\n<li><a href=\"#\">AK-47<\/a>\n<ul>\n<li><a href=\"#\">Colombia<\/a>\n<ul>\n<li><a href=\"#\">Sativa<\/a><\/li>\n<\/ul>\n<\/li>\n<li><a href=\"#\">M\u00e9xico<\/a>\n<ul>\n<li><a href=\"#\">Sativa<\/a><\/li>\n<\/ul>\n<\/li>\n<li><a href=\"#\">Tailandia<\/a>\n<ul>\n<li><a href=\"#\">Sativa<\/a><\/li>\n<\/ul>\n<\/li>\n<li><a href=\"#\">Afganist\u00e1n<\/a>\n<ul>\n<li><a href=\"#\">Indica<\/a><\/li>\n<\/ul>\n<\/li>\n<\/ul>\n<\/li>\n<\/ul>\n"},"yoast_head":"<!-- This site is optimized with the Yoast SEO plugin v26.5 - https:\/\/yoast.com\/wordpress\/plugins\/seo\/ -->\n<title>Comprar Semillas AK-47 Feminized - Sativa Potente y Estable - BLUEDOG GENETICS Seeds<\/title>\n<meta name=\"description\" content=\"La AK-47 original: Ganadora de m\u00faltiples premios, famosa por su estabilidad y su potente efecto. Compra tus semillas con env\u00edo discreto y garant\u00eda.\" \/>\n<meta name=\"robots\" content=\"index, follow, max-snippet:-1, max-image-preview:large, max-video-preview:-1\" \/>\n<link rel=\"canonical\" href=\"https:\/\/bluedoggenetics.com\/fr\/produit\/feminise\/ak-47\/\" \/>\n<meta property=\"og:locale\" content=\"fr_FR\" \/>\n<meta property=\"og:type\" content=\"article\" \/>\n<meta property=\"og:title\" content=\"Comprar Semillas AK-47 Feminized - Sativa Potente y Estable - BLUEDOG GENETICS Seeds\" \/>\n<meta property=\"og:description\" content=\"La AK-47 original: Ganadora de m\u00faltiples premios, famosa por su estabilidad y su potente efecto. Compra tus semillas con env\u00edo discreto y garant\u00eda.\" \/>\n<meta property=\"og:url\" content=\"https:\/\/bluedoggenetics.com\/fr\/produit\/feminise\/ak-47\/\" \/>\n<meta property=\"og:site_name\" content=\"BLUEDOG GENETICS Seeds\" \/>\n<meta property=\"article:modified_time\" content=\"2026-04-11T13:17:05+00:00\" \/>\n<meta property=\"og:image\" content=\"https:\/\/bluedoggenetics.com\/wp-content\/uploads\/2025\/06\/AK47-Bluedog-Genetics_11zon_11zon.webp\" \/>\n\t<meta property=\"og:image:width\" content=\"1536\" \/>\n\t<meta property=\"og:image:height\" content=\"1024\" \/>\n\t<meta property=\"og:image:type\" content=\"image\/webp\" \/>\n<meta name=\"twitter:card\" content=\"summary_large_image\" \/>\n<meta name=\"twitter:label1\" content=\"Dur\u00e9e de lecture estim\u00e9e\" \/>\n\t<meta name=\"twitter:data1\" content=\"3 minutes\" \/>\n<script type=\"application\/ld+json\" class=\"yoast-schema-graph\">{\"@context\":\"https:\/\/schema.org\",\"@graph\":[{\"@type\":[\"WebPage\",\"ItemPage\"],\"@id\":\"https:\/\/bluedoggenetics.com\/producto\/feminizadas\/ak-47\/\",\"url\":\"https:\/\/bluedoggenetics.com\/producto\/feminizadas\/ak-47\/\",\"name\":\"Comprar Semillas AK-47 Feminized - Sativa Potente y Estable - BLUEDOG GENETICS Seeds\",\"isPartOf\":{\"@id\":\"https:\/\/bluedoggenetics.com\/de\/#website\"},\"primaryImageOfPage\":{\"@id\":\"https:\/\/bluedoggenetics.com\/producto\/feminizadas\/ak-47\/#primaryimage\"},\"image\":{\"@id\":\"https:\/\/bluedoggenetics.com\/producto\/feminizadas\/ak-47\/#primaryimage\"},\"thumbnailUrl\":\"https:\/\/bluedoggenetics.com\/wp-content\/uploads\/2025\/06\/AK47-Bluedog-Genetics_11zon_11zon.webp\",\"datePublished\":\"2025-11-26T11:56:29+00:00\",\"dateModified\":\"2026-04-11T13:17:05+00:00\",\"description\":\"La AK-47 original: Ganadora de m\u00faltiples premios, famosa por su estabilidad y su potente efecto. Compra tus semillas con env\u00edo discreto y garant\u00eda.\",\"breadcrumb\":{\"@id\":\"https:\/\/bluedoggenetics.com\/producto\/feminizadas\/ak-47\/#breadcrumb\"},\"inLanguage\":\"fr-FR\",\"potentialAction\":[{\"@type\":\"ReadAction\",\"target\":[\"https:\/\/bluedoggenetics.com\/producto\/feminizadas\/ak-47\/\"]}]},{\"@type\":\"ImageObject\",\"inLanguage\":\"fr-FR\",\"@id\":\"https:\/\/bluedoggenetics.com\/producto\/feminizadas\/ak-47\/#primaryimage\",\"url\":\"https:\/\/bluedoggenetics.com\/wp-content\/uploads\/2025\/06\/AK47-Bluedog-Genetics_11zon_11zon.webp\",\"contentUrl\":\"https:\/\/bluedoggenetics.com\/wp-content\/uploads\/2025\/06\/AK47-Bluedog-Genetics_11zon_11zon.webp\",\"width\":1536,\"height\":1024,\"caption\":\"AK47 de Bluedog Genetics a mitad de floracion\"},{\"@type\":\"BreadcrumbList\",\"@id\":\"https:\/\/bluedoggenetics.com\/producto\/feminizadas\/ak-47\/#breadcrumb\",\"itemListElement\":[{\"@type\":\"ListItem\",\"position\":1,\"name\":\"Portada\",\"item\":\"https:\/\/bluedoggenetics.com\/\"},{\"@type\":\"ListItem\",\"position\":2,\"name\":\"Tienda\",\"item\":\"https:\/\/bluedoggenetics.com\/fr\/tienda\/\"},{\"@type\":\"ListItem\",\"position\":3,\"name\":\"AK 47\"}]},{\"@type\":\"WebSite\",\"@id\":\"https:\/\/bluedoggenetics.com\/de\/#website\",\"url\":\"https:\/\/bluedoggenetics.com\/de\/\",\"name\":\"BLUEDOG GENETICS Seeds\",\"description\":\"Compara y compra las mejores semillas de cannabis. Feminizadas, Autoflorecientes, CBD.\",\"publisher\":{\"@id\":\"https:\/\/bluedoggenetics.com\/de\/#organization\"},\"alternateName\":\"BLUEDOG GENETICS\",\"potentialAction\":[{\"@type\":\"SearchAction\",\"target\":{\"@type\":\"EntryPoint\",\"urlTemplate\":\"https:\/\/bluedoggenetics.com\/de\/?s={search_term_string}\"},\"query-input\":{\"@type\":\"PropertyValueSpecification\",\"valueRequired\":true,\"valueName\":\"search_term_string\"}}],\"inLanguage\":\"fr-FR\"},{\"@type\":\"Organization\",\"@id\":\"https:\/\/bluedoggenetics.com\/de\/#organization\",\"name\":\"BLUEDOG GENETICS\",\"url\":\"https:\/\/bluedoggenetics.com\/de\/\",\"logo\":{\"@type\":\"ImageObject\",\"inLanguage\":\"fr-FR\",\"@id\":\"https:\/\/bluedoggenetics.com\/de\/#\/schema\/logo\/image\/\",\"url\":\"https:\/\/bluedoggenetics.com\/wp-content\/uploads\/2024\/11\/appIcon.png\",\"contentUrl\":\"https:\/\/bluedoggenetics.com\/wp-content\/uploads\/2024\/11\/appIcon.png\",\"width\":1024,\"height\":1024,\"caption\":\"BLUEDOG GENETICS\"},\"image\":{\"@id\":\"https:\/\/bluedoggenetics.com\/de\/#\/schema\/logo\/image\/\"},\"sameAs\":[\"https:\/\/www.instagram.com\/bluedog.genetics\/\"]}]}<\/script>\n<!-- \/ Yoast SEO plugin. -->","yoast_head_json":{"title":"Buy AK-47 Feminized Seeds - Powerful and Stable Sativa - BLUEDOG GENETICS Seeds","description":"L'AK-47 original : plusieurs fois prim\u00e9, c\u00e9l\u00e8bre pour sa stabilit\u00e9 et son effet puissant. Ach\u00e8te tes graines avec une livraison discr\u00e8te et une garantie.","robots":{"index":"index","follow":"follow","max-snippet":"max-snippet:-1","max-image-preview":"max-image-preview:large","max-video-preview":"max-video-preview:-1"},"canonical":"https:\/\/bluedoggenetics.com\/fr\/produit\/feminise\/ak-47\/","og_locale":"fr_FR","og_type":"article","og_title":"Comprar Semillas AK-47 Feminized - Sativa Potente y Estable - BLUEDOG GENETICS Seeds","og_description":"La AK-47 original: Ganadora de m\u00faltiples premios, famosa por su estabilidad y su potente efecto. Compra tus semillas con env\u00edo discreto y garant\u00eda.","og_url":"https:\/\/bluedoggenetics.com\/fr\/produit\/feminise\/ak-47\/","og_site_name":"BLUEDOG GENETICS Seeds","article_modified_time":"2026-04-11T13:17:05+00:00","og_image":[{"width":1536,"height":1024,"url":"https:\/\/bluedoggenetics.com\/wp-content\/uploads\/2025\/06\/AK47-Bluedog-Genetics_11zon_11zon.webp","type":"image\/webp"}],"twitter_card":"summary_large_image","twitter_misc":{"Dur\u00e9e de lecture estim\u00e9e":"3 minutes"},"schema":{"@context":"https:\/\/schema.org","@graph":[{"@type":["WebPage","ItemPage"],"@id":"https:\/\/bluedoggenetics.com\/producto\/feminizadas\/ak-47\/","url":"https:\/\/bluedoggenetics.com\/producto\/feminizadas\/ak-47\/","name":"Buy AK-47 Feminized Seeds - Powerful and Stable Sativa - BLUEDOG GENETICS Seeds","isPartOf":{"@id":"https:\/\/bluedoggenetics.com\/de\/#website"},"primaryImageOfPage":{"@id":"https:\/\/bluedoggenetics.com\/producto\/feminizadas\/ak-47\/#primaryimage"},"image":{"@id":"https:\/\/bluedoggenetics.com\/producto\/feminizadas\/ak-47\/#primaryimage"},"thumbnailUrl":"https:\/\/bluedoggenetics.com\/wp-content\/uploads\/2025\/06\/AK47-Bluedog-Genetics_11zon_11zon.webp","datePublished":"2025-11-26T11:56:29+00:00","dateModified":"2026-04-11T13:17:05+00:00","description":"L'AK-47 original : plusieurs fois prim\u00e9, c\u00e9l\u00e8bre pour sa stabilit\u00e9 et son effet puissant. Ach\u00e8te tes graines avec une livraison discr\u00e8te et une garantie.","breadcrumb":{"@id":"https:\/\/bluedoggenetics.com\/producto\/feminizadas\/ak-47\/#breadcrumb"},"inLanguage":"fr-FR","potentialAction":[{"@type":"ReadAction","target":["https:\/\/bluedoggenetics.com\/producto\/feminizadas\/ak-47\/"]}]},{"@type":"ImageObject","inLanguage":"fr-FR","@id":"https:\/\/bluedoggenetics.com\/producto\/feminizadas\/ak-47\/#primaryimage","url":"https:\/\/bluedoggenetics.com\/wp-content\/uploads\/2025\/06\/AK47-Bluedog-Genetics_11zon_11zon.webp","contentUrl":"https:\/\/bluedoggenetics.com\/wp-content\/uploads\/2025\/06\/AK47-Bluedog-Genetics_11zon_11zon.webp","width":1536,"height":1024,"caption":"AK47 de Bluedog Genetics a mitad de floracion"},{"@type":"BreadcrumbList","@id":"https:\/\/bluedoggenetics.com\/producto\/feminizadas\/ak-47\/#breadcrumb","itemListElement":[{"@type":"ListItem","position":1,"name":"Portada","item":"https:\/\/bluedoggenetics.com\/"},{"@type":"ListItem","position":2,"name":"Tienda","item":"https:\/\/bluedoggenetics.com\/fr\/tienda\/"},{"@type":"ListItem","position":3,"name":"AK 47"}]},{"@type":"WebSite","@id":"https:\/\/bluedoggenetics.com\/de\/#website","url":"https:\/\/bluedoggenetics.com\/de\/","name":"BLUEDOG GENETICS Seeds","description":"Compare et ach\u00e8te les meilleures graines de cannabis. F\u00e9minis\u00e9es, autofloraison, CBD.","publisher":{"@id":"https:\/\/bluedoggenetics.com\/de\/#organization"},"alternateName":"BLUEDOG GENETICS","potentialAction":[{"@type":"SearchAction","target":{"@type":"EntryPoint","urlTemplate":"https:\/\/bluedoggenetics.com\/de\/?s={search_term_string}"},"query-input":{"@type":"PropertyValueSpecification","valueRequired":true,"valueName":"search_term_string"}}],"inLanguage":"fr-FR"},{"@type":"Organization","@id":"https:\/\/bluedoggenetics.com\/de\/#organization","name":"BLUEDOG GENETICS","url":"https:\/\/bluedoggenetics.com\/de\/","logo":{"@type":"ImageObject","inLanguage":"fr-FR","@id":"https:\/\/bluedoggenetics.com\/de\/#\/schema\/logo\/image\/","url":"https:\/\/bluedoggenetics.com\/wp-content\/uploads\/2024\/11\/appIcon.png","contentUrl":"https:\/\/bluedoggenetics.com\/wp-content\/uploads\/2024\/11\/appIcon.png","width":1024,"height":1024,"caption":"BLUEDOG GENETICS"},"image":{"@id":"https:\/\/bluedoggenetics.com\/de\/#\/schema\/logo\/image\/"},"sameAs":["https:\/\/www.instagram.com\/bluedog.genetics\/"]}]}},"sticker_url":"https:\/\/bluedoggenetics.com\/wp-content\/uploads\/2025\/07\/AK-47-Bluedog-Genetics.webp","variations_full":[{"id":2844,"price":9,"regular_price":9,"attributes":{"attribute_cantidad":"Pack 1"},"image_src":"https:\/\/bluedoggenetics.com\/wp-content\/uploads\/2025\/06\/AK47-Bluedog-Genetics_11zon_11zon-600x400.webp","is_in_stock":true},{"id":2845,"price":23,"regular_price":23,"attributes":{"attribute_cantidad":"Pack 3"},"image_src":"https:\/\/bluedoggenetics.com\/wp-content\/uploads\/2025\/06\/AK47-Bluedog-Genetics_11zon_11zon-600x400.webp","is_in_stock":true},{"id":2846,"price":34,"regular_price":34,"attributes":{"attribute_cantidad":"Pack 5"},"image_src":"https:\/\/bluedoggenetics.com\/wp-content\/uploads\/2025\/06\/AK47-Bluedog-Genetics_11zon_11zon-600x400.webp","is_in_stock":true},{"id":2847,"price":56,"regular_price":56,"attributes":{"attribute_cantidad":"Pack 10"},"image_src":"https:\/\/bluedoggenetics.com\/wp-content\/uploads\/2025\/06\/AK47-Bluedog-Genetics_11zon_11zon-600x400.webp","is_in_stock":true}],"jetpack_sharing_enabled":true,"_links":{"self":[{"href":"https:\/\/bluedoggenetics.com\/fr\/wp-json\/wp\/v2\/product\/2577","targetHints":{"allow":["GET"]}}],"collection":[{"href":"https:\/\/bluedoggenetics.com\/fr\/wp-json\/wp\/v2\/product"}],"about":[{"href":"https:\/\/bluedoggenetics.com\/fr\/wp-json\/wp\/v2\/types\/product"}],"wp:featuredmedia":[{"embeddable":true,"href":"https:\/\/bluedoggenetics.com\/fr\/wp-json\/wp\/v2\/media\/2690"}],"wp:attachment":[{"href":"https:\/\/bluedoggenetics.com\/fr\/wp-json\/wp\/v2\/media?parent=2577"}],"wp:term":[{"taxonomy":"product_brand","embeddable":true,"href":"https:\/\/bluedoggenetics.com\/fr\/wp-json\/wp\/v2\/product_brand?post=2577"},{"taxonomy":"product_cat","embeddable":true,"href":"https:\/\/bluedoggenetics.com\/fr\/wp-json\/wp\/v2\/product_cat?post=2577"},{"taxonomy":"product_tag","embeddable":true,"href":"https:\/\/bluedoggenetics.com\/fr\/wp-json\/wp\/v2\/product_tag?post=2577"}],"curies":[{"name":"wp","href":"https:\/\/api.w.org\/{rel}","templated":true}]}}