{"id":2571,"date":"2025-11-26T00:28:46","date_gmt":"2025-11-25T23:28:46","guid":{"rendered":"https:\/\/bluedoggenetics.com\/?post_type=product&#038;p=2571"},"modified":"2026-04-11T15:17:05","modified_gmt":"2026-04-11T13:17:05","slug":"diesel-acide","status":"publish","type":"product","link":"https:\/\/bluedoggenetics.com\/fr\/produit\/feminise\/diesel-acide\/","title":{"rendered":"Sour Diesel"},"content":{"rendered":"<p data-start=\"000\" data-end=\"000\" class=\"translation-block\">Sour Diesel (\u00e9galement connue sous le nom de Sour D) est l'une des souches \u00e0 dominante Sativa les plus c\u00e9l\u00e8bres et appr\u00e9ci\u00e9es au monde, avec des origines remontant aux ann\u00e9es 1990. C'est un hybride l\u00e9gendaire, souvent le r\u00e9sultat du croisement de g\u00e9n\u00e9tiques telles que Chemdawg et Super Skunk. Son effet procure un high c\u00e9r\u00e9bral, euphorique et revigorant, id\u00e9al pour la consommation diurne, stimulant la cr\u00e9ativit\u00e9, la concentration et l'humeur. Sa puissance est \u00e9lev\u00e9e (souvent 20-25 % de THC) et son profil aromatique est incomparable, domin\u00e9 par des notes intenses et piquantes de <strong>carburant diesel et de terre<\/strong>, compl\u00e9t\u00e9es par des nuances d'agrumes et aigres.<\/p>\n<p data-start=\"000\" data-end=\"000\" class=\"translation-block\"><strong>Morphologie de la plante.<\/strong> Sour Diesel d\u00e9veloppe une plante avec un sch\u00e9ma Sativa clair : haute, avec une structure \u00e9lanc\u00e9e et une croissance vigoureuse qui tend \u00e0 s'\u00e9tirer consid\u00e9rablement pendant la floraison. Elle pr\u00e9sente un bon ramassage lat\u00e9ral qui, s'il est correctement entra\u00een\u00e9, peut supporter des r\u00e9coltes abondantes. Ses feuilles sont plus fines et de couleur vert clair, ce qui est typique des Sativas. En raison de sa hauteur potentielle (elle peut d\u00e9passer 2 m\u00e8tres en ext\u00e9rieur), elle est plus adapt\u00e9e aux <strong>cultivateurs ayant une certaine exp\u00e9rience<\/strong> qui peuvent g\u00e9rer sa grande taille.<\/p>\n<p data-start=\"000\" data-end=\"000\" class=\"translation-block\"><strong>Aspect de la fleur.<\/strong> Les t\u00eates de Sour Diesel sont de taille moyenne \u00e0 grande, avec une structure l\u00e9g\u00e8rement plus a\u00e9r\u00e9e que les Indicas, mais remarquablement denses et givr\u00e9es. Elles sont recouvertes d'une \u00e9paisse couche de trichomes scintillants qui t\u00e9moignent de leur haute puissance. Les pistils sont longs et d'une couleur orange vibrante. L'ar\u00f4me de carburant et d'agrumes est puissant et p\u00e9n\u00e9trant. En la fumant, la fum\u00e9e est dense et la saveur de gazole et d'\u00e9pices persiste en bouche. Son effet est un high stimulant et \u00e9nerg\u00e9tique qui dure des heures.<\/p>\n<h3>Conseils de culture<\/h3>\n<ul>\n<li data-start=\"000\" data-end=\"000\" class=\"translation-block\"><strong>Quelles techniques d'entra\u00eenement fonctionnent le mieux avec Sour Diesel ?<\/strong><br>\nCompte tenu de sa tendance \u00e0 s'\u00e9tirer, l'utilisation de techniques de contr\u00f4le de la hauteur en int\u00e9rieur est presque obligatoire, comme le <strong>SCROG (Screen of Green)<\/strong> pour forcer une croissance horizontale et maximiser l'espace de lumi\u00e8re. La taille apicale et le LST (Low Stress Training) sont tr\u00e8s efficaces.<\/li>\n<li data-start=\"000\" data-end=\"000\"><strong>Quelles sont les techniques d'entra\u00eenement qui fonctionnent le mieux avec Sour Diesel ?<\/strong><br \/>\nEn raison de sa tendance \u00e0 s'\u00e9tirer, l'utilisation de techniques de contr\u00f4le de la hauteur \u00e0 l'int\u00e9rieur, telles que le <strong>SCROG (\u00c9cran vert)<\/strong> pour forcer la croissance horizontale et maximiser l'espace lumineux. La taille apicale et le LST (Low Stress Training) sont tr\u00e8s efficaces.<\/li>\n<li data-start=\"000\" data-end=\"000\"><strong>De quel type de fertilisation le Sour Diesel a-t-il besoin ?<\/strong><br \/>\nIl a des besoins nutritionnels mod\u00e9r\u00e9s. N\u00e9cessite une <strong>une quantit\u00e9 suffisante d'azote<\/strong> au stade v\u00e9g\u00e9tatif. Pendant la floraison, l'accent doit \u00eatre mis sur <strong>phosphore et potassium<\/strong>. Il est sensible \u00e0 la surfertilisation, c'est pourquoi un r\u00e9gime de fertilisation mod\u00e9r\u00e9 et organique est recommand\u00e9.<\/li>\n<li data-start=\"000\" data-end=\"000\"><strong>Quel doit \u00eatre le niveau d'arrosage et d'humidit\u00e9 pour Sour Diesel ?<\/strong><br \/>\nL'irrigation doit \u00eatre <strong>r\u00e9guli\u00e8re, ce qui permet au substrat de s\u00e9cher<\/strong> entre les cycles. L'humidit\u00e9 relative doit \u00eatre maintenue <strong>bas<\/strong> dans la phase de floraison (id\u00e9alement 40%), notamment en raison de sa structure en bourgeon, pour \u00e9viter les moisissures.<\/li>\n<li data-start=\"000\" data-end=\"000\"><strong>Faut-il tailler la plante Sour Diesel ?<\/strong><br \/>\nOui, c'est fortement recommand\u00e9. A <strong>nettoyage \u00e9lagage<\/strong> o <strong>_lollipopping_.<\/strong> pour supprimer les pousses basses et les branches qui ne re\u00e7oivent pas de lumi\u00e8re. La taille d'entretien permet \u00e9galement de maintenir une bonne circulation de l'air.<\/li>\n<\/ul>","protected":false},"excerpt":{"rendered":"<p>Sour Diesel est une dominante Sativa l\u00e9gendaire qui d\u00e9livre une d\u00e9fonce c\u00e9r\u00e9brale \u00e9difiante et euphorisante, parfaite pour la journ\u00e9e et la cr\u00e9ativit\u00e9. Son profil aromatique est incomparable, avec des notes intenses de diesel et d'agrumes, et bien qu'elle pousse en hauteur, elle est appr\u00e9ci\u00e9e pour ses bourgeons denses et puissants.<\/p>","protected":false},"featured_media":2732,"template":"","meta":{"_acf_changed":false,"inline_featured_image":false,"_wp_applaud_exclude":false},"product_brand":[194],"product_cat":[22],"product_tag":[],"class_list":{"0":"post-2571","1":"product","2":"type-product","3":"status-publish","4":"has-post-thumbnail","6":"product_brand-bluedog-genetics","7":"product_cat-feminizadas","9":"first","10":"instock","11":"taxable","12":"shipping-taxable","13":"purchasable","14":"product-type-variable"},"acf":{"sticker":"https:\/\/bluedoggenetics.com\/wp-content\/uploads\/2025\/07\/Sour-Diesel-Sticker-Bluedog-Genetics.webp","family_tree":"<ul>\n<li><a href=\"#\">Sour Diesel<\/a>\n<ul>\n<li><a href=\"#\">Original Diesel<\/a>\n<ul>\n<li><a href=\"#\">Chemdawg<\/a>\n<ul>\n<li><a href=\"#\">Unknown Hybrid<\/a><\/li>\n<\/ul>\n<\/li>\n<li><a href=\"#\">MassSuperSkunk x SensiNL<\/a>\n<ul>\n<li><a href=\"#\">MassSuperSkunk<\/a>\n<ul>\n<li><a href=\"#\">Super Skunk [probably: Probably]<\/a>\n<ul>\n<li><a href=\"#\">Skunk #1<\/a>\n<ul>\n<li><a href=\"#\">Skunk #1<\/a>\n<ul>\n<li><a href=\"#\">Afganist\u00e1n x Colombia<\/a>\n<ul>\n<li><a href=\"#\">Afganist\u00e1n<\/a>\n<ul>\n<li><a href=\"#\">Indica<\/a><\/li>\n<\/ul>\n<\/li>\n<li><a href=\"#\">Colombia<\/a>\n<ul>\n<li><a href=\"#\">Sativa<\/a><\/li>\n<\/ul>\n<\/li>\n<\/ul>\n<\/li>\n<li><a href=\"#\">Mexico<\/a>\n<ul>\n<li><a href=\"#\">Sativa<\/a><\/li>\n<\/ul>\n<\/li>\n<\/ul>\n<\/li>\n<\/ul>\n<\/li>\n<li><a href=\"#\">Afganist\u00e1n<\/a>\n<ul>\n<li><a href=\"#\">Indica<\/a><\/li>\n<\/ul>\n<\/li>\n<\/ul>\n<\/li>\n<\/ul>\n<\/li>\n<li><a href=\"#\">SensiNL<\/a>\n<ul>\n<li><a href=\"#\">NL #1 x NL #2 x NL #5<\/a>\n<ul>\n<li><a href=\"#\">NL #1 (IBL)<\/a>\n<ul>\n<li><a href=\"#\">Purest Indica<\/a><\/li>\n<li><a href=\"#\">Afghani [probably from Neville]<\/a>\n<ul>\n<li><a href=\"#\">Afganist\u00e1n [Probably Indica]<\/a>\n<ul>\n<li><a href=\"#\">Indica<\/a><\/li>\n<\/ul>\n<\/li>\n<\/ul>\n<\/li>\n<\/ul>\n<\/li>\n<li><a href=\"#\">NL #2<\/a><\/li>\n<li><a href=\"#\">NL #5 (#5)<\/a>\n<ul>\n<li><a href=\"#\">Purest Indica<\/a><\/li>\n<li><a href=\"#\">Hawaiian<\/a>\n<ul>\n<li><a href=\"#\">Sativa<\/a><\/li>\n<\/ul>\n<\/li>\n<\/ul>\n<\/li>\n<\/ul>\n<\/li>\n<\/ul>\n<\/li>\n<\/ul>\n<\/li>\n<\/ul>\n<\/li>\n<\/ul>\n<\/li>\n<\/ul>\n"},"yoast_head":"<!-- This site is optimized with the Yoast SEO plugin v26.5 - https:\/\/yoast.com\/wordpress\/plugins\/seo\/ -->\n<title>Comprar semillas Sour Diesel feminizadas - BLUEDOG GENETICS Seeds<\/title>\n<meta name=\"description\" content=\"Sour Diesel: La gen\u00e9tica Sativa dominante legendaria. Compra ahora semillas feminizadas con env\u00edo discreto y garant\u00eda de germinaci\u00f3n. \u00a1El mejor precio!\" \/>\n<meta name=\"robots\" content=\"index, follow, max-snippet:-1, max-image-preview:large, max-video-preview:-1\" \/>\n<link rel=\"canonical\" href=\"https:\/\/bluedoggenetics.com\/fr\/produit\/feminise\/diesel-acide\/\" \/>\n<meta property=\"og:locale\" content=\"fr_FR\" \/>\n<meta property=\"og:type\" content=\"article\" \/>\n<meta property=\"og:title\" content=\"Comprar semillas Sour Diesel feminizadas - BLUEDOG GENETICS Seeds\" \/>\n<meta property=\"og:description\" content=\"Sour Diesel: La gen\u00e9tica Sativa dominante legendaria. Compra ahora semillas feminizadas con env\u00edo discreto y garant\u00eda de germinaci\u00f3n. \u00a1El mejor precio!\" \/>\n<meta property=\"og:url\" content=\"https:\/\/bluedoggenetics.com\/fr\/produit\/feminise\/diesel-acide\/\" \/>\n<meta property=\"og:site_name\" content=\"BLUEDOG GENETICS Seeds\" \/>\n<meta property=\"article:modified_time\" content=\"2026-04-11T13:17:05+00:00\" \/>\n<meta property=\"og:image\" content=\"https:\/\/bluedoggenetics.com\/wp-content\/uploads\/2025\/06\/Sour-Diesel-Bluedog-Genetics_11zon.webp\" \/>\n\t<meta property=\"og:image:width\" content=\"1536\" \/>\n\t<meta property=\"og:image:height\" content=\"1024\" \/>\n\t<meta property=\"og:image:type\" content=\"image\/webp\" \/>\n<meta name=\"twitter:card\" content=\"summary_large_image\" \/>\n<meta name=\"twitter:label1\" content=\"Dur\u00e9e de lecture estim\u00e9e\" \/>\n\t<meta name=\"twitter:data1\" content=\"3 minutes\" \/>\n<script type=\"application\/ld+json\" class=\"yoast-schema-graph\">{\"@context\":\"https:\/\/schema.org\",\"@graph\":[{\"@type\":[\"WebPage\",\"ItemPage\"],\"@id\":\"https:\/\/bluedoggenetics.com\/producto\/feminizadas\/sour-diesel\/\",\"url\":\"https:\/\/bluedoggenetics.com\/producto\/feminizadas\/sour-diesel\/\",\"name\":\"Comprar semillas Sour Diesel feminizadas - BLUEDOG GENETICS Seeds\",\"isPartOf\":{\"@id\":\"https:\/\/bluedoggenetics.com\/de\/#website\"},\"primaryImageOfPage\":{\"@id\":\"https:\/\/bluedoggenetics.com\/producto\/feminizadas\/sour-diesel\/#primaryimage\"},\"image\":{\"@id\":\"https:\/\/bluedoggenetics.com\/producto\/feminizadas\/sour-diesel\/#primaryimage\"},\"thumbnailUrl\":\"https:\/\/bluedoggenetics.com\/wp-content\/uploads\/2025\/06\/Sour-Diesel-Bluedog-Genetics_11zon.webp\",\"datePublished\":\"2025-11-25T23:28:46+00:00\",\"dateModified\":\"2026-04-11T13:17:05+00:00\",\"description\":\"Sour Diesel: La gen\u00e9tica Sativa dominante legendaria. Compra ahora semillas feminizadas con env\u00edo discreto y garant\u00eda de germinaci\u00f3n. \u00a1El mejor precio!\",\"breadcrumb\":{\"@id\":\"https:\/\/bluedoggenetics.com\/producto\/feminizadas\/sour-diesel\/#breadcrumb\"},\"inLanguage\":\"fr-FR\",\"potentialAction\":[{\"@type\":\"ReadAction\",\"target\":[\"https:\/\/bluedoggenetics.com\/producto\/feminizadas\/sour-diesel\/\"]}]},{\"@type\":\"ImageObject\",\"inLanguage\":\"fr-FR\",\"@id\":\"https:\/\/bluedoggenetics.com\/producto\/feminizadas\/sour-diesel\/#primaryimage\",\"url\":\"https:\/\/bluedoggenetics.com\/wp-content\/uploads\/2025\/06\/Sour-Diesel-Bluedog-Genetics_11zon.webp\",\"contentUrl\":\"https:\/\/bluedoggenetics.com\/wp-content\/uploads\/2025\/06\/Sour-Diesel-Bluedog-Genetics_11zon.webp\",\"width\":1536,\"height\":1024,\"caption\":\"Sour Diesel en floracion de Bluedog Genetics\"},{\"@type\":\"BreadcrumbList\",\"@id\":\"https:\/\/bluedoggenetics.com\/producto\/feminizadas\/sour-diesel\/#breadcrumb\",\"itemListElement\":[{\"@type\":\"ListItem\",\"position\":1,\"name\":\"Portada\",\"item\":\"https:\/\/bluedoggenetics.com\/\"},{\"@type\":\"ListItem\",\"position\":2,\"name\":\"Tienda\",\"item\":\"https:\/\/bluedoggenetics.com\/fr\/tienda\/\"},{\"@type\":\"ListItem\",\"position\":3,\"name\":\"Sour Diesel\"}]},{\"@type\":\"WebSite\",\"@id\":\"https:\/\/bluedoggenetics.com\/de\/#website\",\"url\":\"https:\/\/bluedoggenetics.com\/de\/\",\"name\":\"BLUEDOG GENETICS Seeds\",\"description\":\"Compara y compra las mejores semillas de cannabis. Feminizadas, Autoflorecientes, CBD.\",\"publisher\":{\"@id\":\"https:\/\/bluedoggenetics.com\/de\/#organization\"},\"alternateName\":\"BLUEDOG GENETICS\",\"potentialAction\":[{\"@type\":\"SearchAction\",\"target\":{\"@type\":\"EntryPoint\",\"urlTemplate\":\"https:\/\/bluedoggenetics.com\/de\/?s={search_term_string}\"},\"query-input\":{\"@type\":\"PropertyValueSpecification\",\"valueRequired\":true,\"valueName\":\"search_term_string\"}}],\"inLanguage\":\"fr-FR\"},{\"@type\":\"Organization\",\"@id\":\"https:\/\/bluedoggenetics.com\/de\/#organization\",\"name\":\"BLUEDOG GENETICS\",\"url\":\"https:\/\/bluedoggenetics.com\/de\/\",\"logo\":{\"@type\":\"ImageObject\",\"inLanguage\":\"fr-FR\",\"@id\":\"https:\/\/bluedoggenetics.com\/de\/#\/schema\/logo\/image\/\",\"url\":\"https:\/\/bluedoggenetics.com\/wp-content\/uploads\/2024\/11\/appIcon.png\",\"contentUrl\":\"https:\/\/bluedoggenetics.com\/wp-content\/uploads\/2024\/11\/appIcon.png\",\"width\":1024,\"height\":1024,\"caption\":\"BLUEDOG GENETICS\"},\"image\":{\"@id\":\"https:\/\/bluedoggenetics.com\/de\/#\/schema\/logo\/image\/\"},\"sameAs\":[\"https:\/\/www.instagram.com\/bluedog.genetics\/\"]}]}<\/script>\n<!-- \/ Yoast SEO plugin. -->","yoast_head_json":{"title":"Buy feminised Sour Diesel seeds - BLUEDOG GENETICS Seeds","description":"Sour Diesel : g\u00e9n\u00e9tique l\u00e9gendaire \u00e0 dominante Sativa. Ach\u00e8te des graines f\u00e9minis\u00e9es maintenant avec livraison discr\u00e8te et garantie de germination - meilleur prix !","robots":{"index":"index","follow":"follow","max-snippet":"max-snippet:-1","max-image-preview":"max-image-preview:large","max-video-preview":"max-video-preview:-1"},"canonical":"https:\/\/bluedoggenetics.com\/fr\/produit\/feminise\/diesel-acide\/","og_locale":"fr_FR","og_type":"article","og_title":"Comprar semillas Sour Diesel feminizadas - BLUEDOG GENETICS Seeds","og_description":"Sour Diesel: La gen\u00e9tica Sativa dominante legendaria. Compra ahora semillas feminizadas con env\u00edo discreto y garant\u00eda de germinaci\u00f3n. \u00a1El mejor precio!","og_url":"https:\/\/bluedoggenetics.com\/fr\/produit\/feminise\/diesel-acide\/","og_site_name":"BLUEDOG GENETICS Seeds","article_modified_time":"2026-04-11T13:17:05+00:00","og_image":[{"width":1536,"height":1024,"url":"https:\/\/bluedoggenetics.com\/wp-content\/uploads\/2025\/06\/Sour-Diesel-Bluedog-Genetics_11zon.webp","type":"image\/webp"}],"twitter_card":"summary_large_image","twitter_misc":{"Dur\u00e9e de lecture estim\u00e9e":"3 minutes"},"schema":{"@context":"https:\/\/schema.org","@graph":[{"@type":["WebPage","ItemPage"],"@id":"https:\/\/bluedoggenetics.com\/producto\/feminizadas\/sour-diesel\/","url":"https:\/\/bluedoggenetics.com\/producto\/feminizadas\/sour-diesel\/","name":"Buy feminised Sour Diesel seeds - BLUEDOG GENETICS Seeds","isPartOf":{"@id":"https:\/\/bluedoggenetics.com\/de\/#website"},"primaryImageOfPage":{"@id":"https:\/\/bluedoggenetics.com\/producto\/feminizadas\/sour-diesel\/#primaryimage"},"image":{"@id":"https:\/\/bluedoggenetics.com\/producto\/feminizadas\/sour-diesel\/#primaryimage"},"thumbnailUrl":"https:\/\/bluedoggenetics.com\/wp-content\/uploads\/2025\/06\/Sour-Diesel-Bluedog-Genetics_11zon.webp","datePublished":"2025-11-25T23:28:46+00:00","dateModified":"2026-04-11T13:17:05+00:00","description":"Sour Diesel : g\u00e9n\u00e9tique l\u00e9gendaire \u00e0 dominante Sativa. Ach\u00e8te des graines f\u00e9minis\u00e9es maintenant avec livraison discr\u00e8te et garantie de germination - meilleur prix !","breadcrumb":{"@id":"https:\/\/bluedoggenetics.com\/producto\/feminizadas\/sour-diesel\/#breadcrumb"},"inLanguage":"fr-FR","potentialAction":[{"@type":"ReadAction","target":["https:\/\/bluedoggenetics.com\/producto\/feminizadas\/sour-diesel\/"]}]},{"@type":"ImageObject","inLanguage":"fr-FR","@id":"https:\/\/bluedoggenetics.com\/producto\/feminizadas\/sour-diesel\/#primaryimage","url":"https:\/\/bluedoggenetics.com\/wp-content\/uploads\/2025\/06\/Sour-Diesel-Bluedog-Genetics_11zon.webp","contentUrl":"https:\/\/bluedoggenetics.com\/wp-content\/uploads\/2025\/06\/Sour-Diesel-Bluedog-Genetics_11zon.webp","width":1536,"height":1024,"caption":"Sour Diesel en floracion de Bluedog Genetics"},{"@type":"BreadcrumbList","@id":"https:\/\/bluedoggenetics.com\/producto\/feminizadas\/sour-diesel\/#breadcrumb","itemListElement":[{"@type":"ListItem","position":1,"name":"Portada","item":"https:\/\/bluedoggenetics.com\/"},{"@type":"ListItem","position":2,"name":"Tienda","item":"https:\/\/bluedoggenetics.com\/fr\/tienda\/"},{"@type":"ListItem","position":3,"name":"Sour Diesel"}]},{"@type":"WebSite","@id":"https:\/\/bluedoggenetics.com\/de\/#website","url":"https:\/\/bluedoggenetics.com\/de\/","name":"BLUEDOG GENETICS Seeds","description":"Compare et ach\u00e8te les meilleures graines de cannabis. F\u00e9minis\u00e9es, autofloraison, CBD.","publisher":{"@id":"https:\/\/bluedoggenetics.com\/de\/#organization"},"alternateName":"BLUEDOG GENETICS","potentialAction":[{"@type":"SearchAction","target":{"@type":"EntryPoint","urlTemplate":"https:\/\/bluedoggenetics.com\/de\/?s={search_term_string}"},"query-input":{"@type":"PropertyValueSpecification","valueRequired":true,"valueName":"search_term_string"}}],"inLanguage":"fr-FR"},{"@type":"Organization","@id":"https:\/\/bluedoggenetics.com\/de\/#organization","name":"BLUEDOG GENETICS","url":"https:\/\/bluedoggenetics.com\/de\/","logo":{"@type":"ImageObject","inLanguage":"fr-FR","@id":"https:\/\/bluedoggenetics.com\/de\/#\/schema\/logo\/image\/","url":"https:\/\/bluedoggenetics.com\/wp-content\/uploads\/2024\/11\/appIcon.png","contentUrl":"https:\/\/bluedoggenetics.com\/wp-content\/uploads\/2024\/11\/appIcon.png","width":1024,"height":1024,"caption":"BLUEDOG GENETICS"},"image":{"@id":"https:\/\/bluedoggenetics.com\/de\/#\/schema\/logo\/image\/"},"sameAs":["https:\/\/www.instagram.com\/bluedog.genetics\/"]}]}},"sticker_url":"https:\/\/bluedoggenetics.com\/wp-content\/uploads\/2025\/07\/Sour-Diesel-Sticker-Bluedog-Genetics.webp","variations_full":[{"id":2831,"price":10,"regular_price":10,"attributes":{"attribute_cantidad":"Pack 1"},"image_src":"https:\/\/bluedoggenetics.com\/wp-content\/uploads\/2025\/06\/Sour-Diesel-Bluedog-Genetics_11zon-600x400.webp","is_in_stock":true},{"id":2832,"price":25,"regular_price":25,"attributes":{"attribute_cantidad":"Pack 3"},"image_src":"https:\/\/bluedoggenetics.com\/wp-content\/uploads\/2025\/06\/Sour-Diesel-Bluedog-Genetics_11zon-600x400.webp","is_in_stock":true},{"id":2833,"price":38,"regular_price":38,"attributes":{"attribute_cantidad":"Pack 5"},"image_src":"https:\/\/bluedoggenetics.com\/wp-content\/uploads\/2025\/06\/Sour-Diesel-Bluedog-Genetics_11zon-600x400.webp","is_in_stock":true},{"id":2834,"price":69,"regular_price":69,"attributes":{"attribute_cantidad":"Pack 10"},"image_src":"https:\/\/bluedoggenetics.com\/wp-content\/uploads\/2025\/06\/Sour-Diesel-Bluedog-Genetics_11zon-600x400.webp","is_in_stock":true}],"jetpack_sharing_enabled":true,"_links":{"self":[{"href":"https:\/\/bluedoggenetics.com\/fr\/wp-json\/wp\/v2\/product\/2571","targetHints":{"allow":["GET"]}}],"collection":[{"href":"https:\/\/bluedoggenetics.com\/fr\/wp-json\/wp\/v2\/product"}],"about":[{"href":"https:\/\/bluedoggenetics.com\/fr\/wp-json\/wp\/v2\/types\/product"}],"wp:featuredmedia":[{"embeddable":true,"href":"https:\/\/bluedoggenetics.com\/fr\/wp-json\/wp\/v2\/media\/2732"}],"wp:attachment":[{"href":"https:\/\/bluedoggenetics.com\/fr\/wp-json\/wp\/v2\/media?parent=2571"}],"wp:term":[{"taxonomy":"product_brand","embeddable":true,"href":"https:\/\/bluedoggenetics.com\/fr\/wp-json\/wp\/v2\/product_brand?post=2571"},{"taxonomy":"product_cat","embeddable":true,"href":"https:\/\/bluedoggenetics.com\/fr\/wp-json\/wp\/v2\/product_cat?post=2571"},{"taxonomy":"product_tag","embeddable":true,"href":"https:\/\/bluedoggenetics.com\/fr\/wp-json\/wp\/v2\/product_tag?post=2571"}],"curies":[{"name":"wp","href":"https:\/\/api.w.org\/{rel}","templated":true}]}}