{"id":2565,"date":"2025-11-22T12:16:24","date_gmt":"2025-11-22T11:16:24","guid":{"rendered":"https:\/\/bluedoggenetics.com\/?post_type=product&#038;p=2565"},"modified":"2026-05-06T14:55:57","modified_gmt":"2026-05-06T12:55:57","slug":"jealousy-graines-bluedog-genetic-graines","status":"publish","type":"product","link":"https:\/\/bluedoggenetics.com\/fr\/produit\/graines\/feminise\/jealousy-graines-bluedog-genetic-graines\/","title":{"rendered":"Jealousy"},"content":{"rendered":"<p data-start=\"432\" data-end=\"877\"><strong>Jealousy<\/strong> se distingue par sa combinaison unique de puissance et de saveur. Son <strong>ar\u00f4me intense<\/strong> Il m\u00e9lange des notes sucr\u00e9es, terreuses et fruit\u00e9es qui captivent d\u00e8s la premi\u00e8re bouff\u00e9e. L'effet est \u00e9quilibr\u00e9, procurant une relaxation physique accompagn\u00e9e d'une l\u00e9g\u00e8re stimulation mentale, <strong>parfait pour les moments cr\u00e9atifs et de loisirs<\/strong>. Cette vari\u00e9t\u00e9 s'adapte bien \u00e0 la culture en int\u00e9rieur et en ext\u00e9rieur, offrant des rendements stables et des fleurs de haute qualit\u00e9.<\/p>\n<p data-start=\"908\" data-end=\"1193\"><strong>Morphologie v\u00e9g\u00e9tale<\/strong>. Le Jealousy a une structure moyenne, avec une bonne ramification et des feuilles de taille moyenne. La plante est <strong>r\u00e9sistant et vigoureux,<\/strong> avec une croissance uniforme qui facilite sa gestion. Son port est compact, id\u00e9al pour les espaces contr\u00f4l\u00e9s, et il r\u00e9pond bien aux techniques de taille et de palissage.<\/p>\n<p data-start=\"1219\" data-end=\"1549\"><strong>Apparence de la fleur.<\/strong> Les fleurs de Jealousy sont denses et r\u00e9sineuses, recouvertes d'une couche brillante de trichomes qui indiquent sa grande puissance. Les t\u00eates sont de tons vert fonc\u00e9 avec des pistils orange et marron contrast\u00e9s qui ajoutent un attrait visuel. Son ar\u00f4me est un m\u00e9lange de douceur et de terre, avec des nuances fruit\u00e9es qui s'intensifient une fois affin\u00e9es.<\/p>\n<h3 data-start=\"1551\" data-end=\"1559\">Conseils de culture<\/h3>\n<ul>\n<li data-start=\"1561\" data-end=\"1751\"><strong data-start=\"1561\" data-end=\"1611\">Quel est le climat id\u00e9al pour cultiver le Jealousy ?<\/strong><br data-start=\"1611\" data-end=\"1614\" \/>Le Jealousy est mieux adapt\u00e9 aux climats temp\u00e9r\u00e9s et ensoleill\u00e9s, bien qu\u2019il tol\u00e8re une certaine humidit\u00e9 si la ventilation est bien contr\u00f4l\u00e9e pour \u00e9viter les moisissures.<\/li>\n<li data-start=\"1753\" data-end=\"1947\"><strong data-start=\"1753\" data-end=\"1816\">Quelles techniques de formation fonctionnent le mieux avec le Jealousy ?<\/strong><br data-start=\"1816\" data-end=\"1819\" \/>Il r\u00e9pond bien \u00e0 l'\u00e9t\u00eatage et au LST, ainsi qu'\u00e0 une taille l\u00e9g\u00e8re qui am\u00e9liore la circulation de l'air et la p\u00e9n\u00e9tration de la lumi\u00e8re.<\/li>\n<li data-start=\"1949\" data-end=\"2167\"><strong data-start=\"1949\" data-end=\"1997\">De quel type de fertilisation le Jealousy a-t-il besoin ?<\/strong><br data-start=\"1997\" data-end=\"2000\" \/>Pr\u00e9f\u00e8re des engrais \u00e9quilibr\u00e9s pendant la phase v\u00e9g\u00e9tative et une augmentation du phosphore et du potassium pendant la floraison pour favoriser la formation de fleurs denses et r\u00e9sineuses.<\/li>\n<li data-start=\"2169\" data-end=\"2367\"><strong data-start=\"2169\" data-end=\"2223\">\u00c0 quoi devraient ressembler l\u2019irrigation et l\u2019humidit\u00e9 pour le Jealousy ?<\/strong><br data-start=\"2223\" data-end=\"2226\" \/>Arrosage mod\u00e9r\u00e9, en laissant s\u00e9cher l\u00e9g\u00e8rement le substrat entre les arrosages. L'humidit\u00e9 optimale se situe entre 50 et 60 % en croissance et 40 \u00e0 50 % en floraison.<\/li>\n<li data-start=\"2369\" data-end=\"2578\"><strong data-start=\"2369\" data-end=\"2411\">Est-il n\u00e9cessaire de tailler la plante Jealousy ?<\/strong><br data-start=\"2411\" data-end=\"2414\" \/>La taille est recommand\u00e9e pour am\u00e9liorer le d\u00e9veloppement des fleurs et \u00e9viter l'accumulation d'humidit\u00e9 dans les zones basses, favorisant ainsi une meilleure qualit\u00e9 et sant\u00e9 de la plante.<\/li>\n<\/ul>","protected":false},"excerpt":{"rendered":"<p data-start=\"189\" data-end=\"378\"><strong>Jealousy<\/strong> C'est une vari\u00e9t\u00e9 f\u00e9minis\u00e9e puissante et \u00e9quilibr\u00e9e, avec un profil aromatique intense et un effet relaxant et cr\u00e9atif. Id\u00e9al pour les producteurs \u00e0 la recherche d'une qualit\u00e9 et d'une saveur exceptionnelles.<\/p>","protected":false},"featured_media":2613,"template":"","meta":{"_acf_changed":false,"inline_featured_image":false,"_wp_applaud_exclude":false},"product_brand":[194],"product_cat":[22],"product_tag":[],"class_list":{"0":"post-2565","1":"product","2":"type-product","3":"status-publish","4":"has-post-thumbnail","6":"product_brand-bluedog-genetics","7":"product_cat-feminizadas","8":"pa_altura-exterior-150-180","9":"pa_altura-interior-90-120","10":"pa_beneficios-terapeuticos-alivio-de-ansiedad","11":"pa_beneficios-terapeuticos-aumento-del-apetito","12":"pa_beneficios-terapeuticos-ayuda-para-dormir","13":"pa_cantidad-pack-1","14":"pa_cantidad-pack-10","15":"pa_cantidad-pack-3","16":"pa_cantidad-pack-5","17":"pa_clima-templado","18":"pa_cosecha-exterior-550-650","19":"pa_cosecha-interior-450-550","20":"pa_efectos-destacables-alegre","21":"pa_efectos-destacables-conversador","22":"pa_efectos-destacables-euforico","23":"pa_efectos-destacables-relajado","24":"pa_floracion-8-9","25":"pa_genetica-60-40","26":"pa_olor-fuerte","27":"pa_sabores-y-olores-afrutado","28":"pa_sabores-y-olores-bayas","29":"pa_sabores-y-olores-dulce","30":"pa_sabores-y-olores-terroso","31":"pa_sabores-y-olores-uva","32":"pa_thc-20-26","33":"pa_variedad-mayormente-indica","35":"first","36":"instock","37":"taxable","38":"shipping-taxable","39":"purchasable","40":"product-type-variable"},"acf":{"sticker":"https:\/\/bluedoggenetics.com\/wp-content\/uploads\/2025\/07\/Jealousy.webp","family_tree":"<ul>\n<li><a href=\"https:\/\/bluedoggenetics.com\/blog-tu-jardin-cannabico-cultivar-marihuana\/las-mejores-variedades-de-cannabis-para-cultivar-en-alemania\/\" target=\"_blank\" rel=\"noopener\">Jealousy<\/a>\n<ul>\n<li><a href=\"https:\/\/seedfinder.eu\/en\/strain-info\/gelato-nr41\/unknown-or-legendary\" target=\"_blank\" rel=\"noopener\">Gelato #41<\/a>\n<ul>\n<li><a href=\"https:\/\/seedfinder.eu\/en\/strain-info\/gsc-thin-mints\/clone-only-strains\" target=\"_blank\" rel=\"noopener\">Thin Mint Girl Scout Cookies<\/a>\n<ul>\n<li><a href=\"https:\/\/seedfinder.eu\/en\/strain-info\/og-kush\/clone-only-strains\" target=\"_blank\" rel=\"noopener\">OG Kush<\/a><\/li>\n<li><a href=\"https:\/\/seedfinder.eu\/en\/strain-info\/f1-durban\/unknown-or-legendary\" target=\"_blank\" rel=\"noopener\">Durban Poison<\/a><\/li>\n<\/ul>\n<\/li>\n<li><a href=\"https:\/\/seedfinder.eu\/en\/strain-info\/sunset-sherbert\/unknown-or-legendary\" target=\"_blank\" rel=\"noopener\">Sunset Sherbert<\/a><\/li>\n<\/ul>\n<\/li>\n<li><a href=\"https:\/\/seedfinder.eu\/en\/strain-info\/sunset-sherbert\/unknown-or-legendary\" target=\"_blank\" rel=\"noopener\">Sunset Sherbert<\/a>\n<ul>\n<li><a href=\"https:\/\/seedfinder.eu\/en\/strain-info\/pink-panties\/unknown-or-legendary\" target=\"_blank\" rel=\"noopener\">Pink Panties<\/a><\/li>\n<li><a href=\"https:\/\/seedfinder.eu\/en\/strain-info\/gsc-thin-mints\/clone-only-strains\">Girl Scout Cookies<\/a><\/li>\n<\/ul>\n<\/li>\n<\/ul>\n<\/li>\n<\/ul>\n"},"yoast_head":"<!-- This site is optimized with the Yoast SEO plugin v26.5 - https:\/\/yoast.com\/wordpress\/plugins\/seo\/ -->\n<title>Semillas de marihuana Jealousy feminizadas - BLUEDOG GENETICS Seeds<\/title>\n<meta name=\"description\" content=\"Jealousy es una variedad feminizada potente y equilibrada, con aroma intenso y efecto relajante. Ideal para cultivo interior y exterior.\" \/>\n<meta name=\"robots\" content=\"index, follow, max-snippet:-1, max-image-preview:large, max-video-preview:-1\" \/>\n<link rel=\"canonical\" href=\"https:\/\/bluedoggenetics.com\/fr\/produit\/feminise\/jealousy-graines-bluedog-genetic-graines\/\" \/>\n<meta property=\"og:locale\" content=\"fr_FR\" \/>\n<meta property=\"og:type\" content=\"article\" \/>\n<meta property=\"og:title\" content=\"Semillas de marihuana Jealousy feminizadas - BLUEDOG GENETICS Seeds\" \/>\n<meta property=\"og:description\" content=\"Jealousy es una variedad feminizada potente y equilibrada, con aroma intenso y efecto relajante. Ideal para cultivo interior y exterior.\" \/>\n<meta property=\"og:url\" content=\"https:\/\/bluedoggenetics.com\/fr\/produit\/feminise\/jealousy-graines-bluedog-genetic-graines\/\" \/>\n<meta property=\"og:site_name\" content=\"BLUEDOG GENETICS Seeds\" \/>\n<meta property=\"article:modified_time\" content=\"2026-05-06T12:55:57+00:00\" \/>\n<meta property=\"og:image\" content=\"https:\/\/bluedoggenetics.com\/wp-content\/uploads\/2025\/06\/Jealousy-Buedog-Genetics_11zon.webp\" \/>\n\t<meta property=\"og:image:width\" content=\"1536\" \/>\n\t<meta property=\"og:image:height\" content=\"1024\" \/>\n\t<meta property=\"og:image:type\" content=\"image\/webp\" \/>\n<meta name=\"twitter:card\" content=\"summary_large_image\" \/>\n<meta name=\"twitter:label1\" content=\"Dur\u00e9e de lecture estim\u00e9e\" \/>\n\t<meta name=\"twitter:data1\" content=\"2 minutes\" \/>\n<script type=\"application\/ld+json\" class=\"yoast-schema-graph\">{\"@context\":\"https:\/\/schema.org\",\"@graph\":[{\"@type\":[\"WebPage\",\"ItemPage\"],\"@id\":\"https:\/\/bluedoggenetics.com\/producto\/feminizadas\/semillas-de-marihuana-jealousy\/\",\"url\":\"https:\/\/bluedoggenetics.com\/producto\/feminizadas\/semillas-de-marihuana-jealousy\/\",\"name\":\"Semillas de marihuana Jealousy feminizadas - BLUEDOG GENETICS Seeds\",\"isPartOf\":{\"@id\":\"https:\/\/bluedoggenetics.com\/de\/#website\"},\"primaryImageOfPage\":{\"@id\":\"https:\/\/bluedoggenetics.com\/producto\/feminizadas\/semillas-de-marihuana-jealousy\/#primaryimage\"},\"image\":{\"@id\":\"https:\/\/bluedoggenetics.com\/producto\/feminizadas\/semillas-de-marihuana-jealousy\/#primaryimage\"},\"thumbnailUrl\":\"https:\/\/bluedoggenetics.com\/wp-content\/uploads\/2025\/06\/Jealousy-Buedog-Genetics_11zon.webp\",\"datePublished\":\"2025-11-22T11:16:24+00:00\",\"dateModified\":\"2026-05-06T12:55:57+00:00\",\"description\":\"Jealousy es una variedad feminizada potente y equilibrada, con aroma intenso y efecto relajante. Ideal para cultivo interior y exterior.\",\"breadcrumb\":{\"@id\":\"https:\/\/bluedoggenetics.com\/producto\/feminizadas\/semillas-de-marihuana-jealousy\/#breadcrumb\"},\"inLanguage\":\"fr-FR\",\"potentialAction\":[{\"@type\":\"ReadAction\",\"target\":[\"https:\/\/bluedoggenetics.com\/producto\/feminizadas\/semillas-de-marihuana-jealousy\/\"]}]},{\"@type\":\"ImageObject\",\"inLanguage\":\"fr-FR\",\"@id\":\"https:\/\/bluedoggenetics.com\/producto\/feminizadas\/semillas-de-marihuana-jealousy\/#primaryimage\",\"url\":\"https:\/\/bluedoggenetics.com\/wp-content\/uploads\/2025\/06\/Jealousy-Buedog-Genetics_11zon.webp\",\"contentUrl\":\"https:\/\/bluedoggenetics.com\/wp-content\/uploads\/2025\/06\/Jealousy-Buedog-Genetics_11zon.webp\",\"width\":1536,\"height\":1024,\"caption\":\"Jealousy de Bluedog Genetics en floracion\"},{\"@type\":\"BreadcrumbList\",\"@id\":\"https:\/\/bluedoggenetics.com\/producto\/feminizadas\/semillas-de-marihuana-jealousy\/#breadcrumb\",\"itemListElement\":[{\"@type\":\"ListItem\",\"position\":1,\"name\":\"Portada\",\"item\":\"https:\/\/bluedoggenetics.com\/\"},{\"@type\":\"ListItem\",\"position\":2,\"name\":\"Tienda\",\"item\":\"https:\/\/bluedoggenetics.com\/fr\/tienda\/\"},{\"@type\":\"ListItem\",\"position\":3,\"name\":\"Jealousy\"}]},{\"@type\":\"WebSite\",\"@id\":\"https:\/\/bluedoggenetics.com\/de\/#website\",\"url\":\"https:\/\/bluedoggenetics.com\/de\/\",\"name\":\"BLUEDOG GENETICS Seeds\",\"description\":\"Compara y compra las mejores semillas de cannabis. Feminizadas, Autoflorecientes, CBD.\",\"publisher\":{\"@id\":\"https:\/\/bluedoggenetics.com\/de\/#organization\"},\"alternateName\":\"BLUEDOG GENETICS\",\"potentialAction\":[{\"@type\":\"SearchAction\",\"target\":{\"@type\":\"EntryPoint\",\"urlTemplate\":\"https:\/\/bluedoggenetics.com\/de\/?s={search_term_string}\"},\"query-input\":{\"@type\":\"PropertyValueSpecification\",\"valueRequired\":true,\"valueName\":\"search_term_string\"}}],\"inLanguage\":\"fr-FR\"},{\"@type\":\"Organization\",\"@id\":\"https:\/\/bluedoggenetics.com\/de\/#organization\",\"name\":\"BLUEDOG GENETICS\",\"url\":\"https:\/\/bluedoggenetics.com\/de\/\",\"logo\":{\"@type\":\"ImageObject\",\"inLanguage\":\"fr-FR\",\"@id\":\"https:\/\/bluedoggenetics.com\/de\/#\/schema\/logo\/image\/\",\"url\":\"https:\/\/bluedoggenetics.com\/wp-content\/uploads\/2024\/11\/appIcon.png\",\"contentUrl\":\"https:\/\/bluedoggenetics.com\/wp-content\/uploads\/2024\/11\/appIcon.png\",\"width\":1024,\"height\":1024,\"caption\":\"BLUEDOG GENETICS\"},\"image\":{\"@id\":\"https:\/\/bluedoggenetics.com\/de\/#\/schema\/logo\/image\/\"},\"sameAs\":[\"https:\/\/www.instagram.com\/bluedog.genetics\/\"]}]}<\/script>\n<!-- \/ Yoast SEO plugin. -->","yoast_head_json":{"title":"Graines de cannabis f\u00e9minis\u00e9es Jealousy - BLUEDOG GENETICS Seeds","description":"Jealousy est une vari\u00e9t\u00e9 f\u00e9minis\u00e9e puissante et \u00e9quilibr\u00e9e, avec un ar\u00f4me intense et un effet relaxant. Id\u00e9ale pour la culture en int\u00e9rieur et en ext\u00e9rieur.","robots":{"index":"index","follow":"follow","max-snippet":"max-snippet:-1","max-image-preview":"max-image-preview:large","max-video-preview":"max-video-preview:-1"},"canonical":"https:\/\/bluedoggenetics.com\/fr\/produit\/feminise\/jealousy-graines-bluedog-genetic-graines\/","og_locale":"fr_FR","og_type":"article","og_title":"Semillas de marihuana Jealousy feminizadas - BLUEDOG GENETICS Seeds","og_description":"Jealousy es una variedad feminizada potente y equilibrada, con aroma intenso y efecto relajante. Ideal para cultivo interior y exterior.","og_url":"https:\/\/bluedoggenetics.com\/fr\/produit\/feminise\/jealousy-graines-bluedog-genetic-graines\/","og_site_name":"BLUEDOG GENETICS Seeds","article_modified_time":"2026-05-06T12:55:57+00:00","og_image":[{"width":1536,"height":1024,"url":"https:\/\/bluedoggenetics.com\/wp-content\/uploads\/2025\/06\/Jealousy-Buedog-Genetics_11zon.webp","type":"image\/webp"}],"twitter_card":"summary_large_image","twitter_misc":{"Dur\u00e9e de lecture estim\u00e9e":"2 minutes"},"schema":{"@context":"https:\/\/schema.org","@graph":[{"@type":["WebPage","ItemPage"],"@id":"https:\/\/bluedoggenetics.com\/producto\/feminizadas\/semillas-de-marihuana-jealousy\/","url":"https:\/\/bluedoggenetics.com\/producto\/feminizadas\/semillas-de-marihuana-jealousy\/","name":"Graines de cannabis f\u00e9minis\u00e9es Jealousy - BLUEDOG GENETICS Seeds","isPartOf":{"@id":"https:\/\/bluedoggenetics.com\/de\/#website"},"primaryImageOfPage":{"@id":"https:\/\/bluedoggenetics.com\/producto\/feminizadas\/semillas-de-marihuana-jealousy\/#primaryimage"},"image":{"@id":"https:\/\/bluedoggenetics.com\/producto\/feminizadas\/semillas-de-marihuana-jealousy\/#primaryimage"},"thumbnailUrl":"https:\/\/bluedoggenetics.com\/wp-content\/uploads\/2025\/06\/Jealousy-Buedog-Genetics_11zon.webp","datePublished":"2025-11-22T11:16:24+00:00","dateModified":"2026-05-06T12:55:57+00:00","description":"Jealousy est une vari\u00e9t\u00e9 f\u00e9minis\u00e9e puissante et \u00e9quilibr\u00e9e, avec un ar\u00f4me intense et un effet relaxant. Id\u00e9ale pour la culture en int\u00e9rieur et en ext\u00e9rieur.","breadcrumb":{"@id":"https:\/\/bluedoggenetics.com\/producto\/feminizadas\/semillas-de-marihuana-jealousy\/#breadcrumb"},"inLanguage":"fr-FR","potentialAction":[{"@type":"ReadAction","target":["https:\/\/bluedoggenetics.com\/producto\/feminizadas\/semillas-de-marihuana-jealousy\/"]}]},{"@type":"ImageObject","inLanguage":"fr-FR","@id":"https:\/\/bluedoggenetics.com\/producto\/feminizadas\/semillas-de-marihuana-jealousy\/#primaryimage","url":"https:\/\/bluedoggenetics.com\/wp-content\/uploads\/2025\/06\/Jealousy-Buedog-Genetics_11zon.webp","contentUrl":"https:\/\/bluedoggenetics.com\/wp-content\/uploads\/2025\/06\/Jealousy-Buedog-Genetics_11zon.webp","width":1536,"height":1024,"caption":"Jealousy de Bluedog Genetics en floracion"},{"@type":"BreadcrumbList","@id":"https:\/\/bluedoggenetics.com\/producto\/feminizadas\/semillas-de-marihuana-jealousy\/#breadcrumb","itemListElement":[{"@type":"ListItem","position":1,"name":"Portada","item":"https:\/\/bluedoggenetics.com\/"},{"@type":"ListItem","position":2,"name":"Tienda","item":"https:\/\/bluedoggenetics.com\/fr\/tienda\/"},{"@type":"ListItem","position":3,"name":"Jealousy"}]},{"@type":"WebSite","@id":"https:\/\/bluedoggenetics.com\/de\/#website","url":"https:\/\/bluedoggenetics.com\/de\/","name":"BLUEDOG GENETICS Seeds","description":"Compare et ach\u00e8te les meilleures graines de cannabis. F\u00e9minis\u00e9es, autofloraison, CBD.","publisher":{"@id":"https:\/\/bluedoggenetics.com\/de\/#organization"},"alternateName":"BLUEDOG GENETICS","potentialAction":[{"@type":"SearchAction","target":{"@type":"EntryPoint","urlTemplate":"https:\/\/bluedoggenetics.com\/de\/?s={search_term_string}"},"query-input":{"@type":"PropertyValueSpecification","valueRequired":true,"valueName":"search_term_string"}}],"inLanguage":"fr-FR"},{"@type":"Organization","@id":"https:\/\/bluedoggenetics.com\/de\/#organization","name":"BLUEDOG GENETICS","url":"https:\/\/bluedoggenetics.com\/de\/","logo":{"@type":"ImageObject","inLanguage":"fr-FR","@id":"https:\/\/bluedoggenetics.com\/de\/#\/schema\/logo\/image\/","url":"https:\/\/bluedoggenetics.com\/wp-content\/uploads\/2024\/11\/appIcon.png","contentUrl":"https:\/\/bluedoggenetics.com\/wp-content\/uploads\/2024\/11\/appIcon.png","width":1024,"height":1024,"caption":"BLUEDOG GENETICS"},"image":{"@id":"https:\/\/bluedoggenetics.com\/de\/#\/schema\/logo\/image\/"},"sameAs":["https:\/\/www.instagram.com\/bluedog.genetics\/"]}]}},"sticker_url":"https:\/\/bluedoggenetics.com\/wp-content\/uploads\/2025\/07\/Jealousy.webp","variations_full":[{"id":2701,"price":9,"regular_price":9,"attributes":{"attribute_pa_cantidad":"pack-1"},"image_src":"https:\/\/bluedoggenetics.com\/wp-content\/uploads\/2025\/06\/Jealousy-Buedog-Genetics_11zon-600x400.webp","is_in_stock":true},{"id":2702,"price":22.95,"regular_price":22.95,"attributes":{"attribute_pa_cantidad":"pack-3"},"image_src":"https:\/\/bluedoggenetics.com\/wp-content\/uploads\/2025\/06\/Jealousy-Buedog-Genetics_11zon-600x400.webp","is_in_stock":true},{"id":2703,"price":33.95,"regular_price":33.95,"attributes":{"attribute_pa_cantidad":"pack-5"},"image_src":"https:\/\/bluedoggenetics.com\/wp-content\/uploads\/2025\/06\/Jealousy-Buedog-Genetics_11zon-600x400.webp","is_in_stock":true},{"id":2704,"price":58.5,"regular_price":58.5,"attributes":{"attribute_pa_cantidad":"pack-10"},"image_src":"https:\/\/bluedoggenetics.com\/wp-content\/uploads\/2025\/06\/Jealousy-Buedog-Genetics_11zon-600x400.webp","is_in_stock":true}],"jetpack_sharing_enabled":true,"_links":{"self":[{"href":"https:\/\/bluedoggenetics.com\/fr\/wp-json\/wp\/v2\/product\/2565","targetHints":{"allow":["GET"]}}],"collection":[{"href":"https:\/\/bluedoggenetics.com\/fr\/wp-json\/wp\/v2\/product"}],"about":[{"href":"https:\/\/bluedoggenetics.com\/fr\/wp-json\/wp\/v2\/types\/product"}],"wp:featuredmedia":[{"embeddable":true,"href":"https:\/\/bluedoggenetics.com\/fr\/wp-json\/wp\/v2\/media\/2613"}],"wp:attachment":[{"href":"https:\/\/bluedoggenetics.com\/fr\/wp-json\/wp\/v2\/media?parent=2565"}],"wp:term":[{"taxonomy":"product_brand","embeddable":true,"href":"https:\/\/bluedoggenetics.com\/fr\/wp-json\/wp\/v2\/product_brand?post=2565"},{"taxonomy":"product_cat","embeddable":true,"href":"https:\/\/bluedoggenetics.com\/fr\/wp-json\/wp\/v2\/product_cat?post=2565"},{"taxonomy":"product_tag","embeddable":true,"href":"https:\/\/bluedoggenetics.com\/fr\/wp-json\/wp\/v2\/product_tag?post=2565"}],"curies":[{"name":"wp","href":"https:\/\/api.w.org\/{rel}","templated":true}]}}