{"id":2564,"date":"2025-11-22T22:06:12","date_gmt":"2025-11-22T21:06:12","guid":{"rendered":"https:\/\/bluedoggenetics.com\/?post_type=product&#038;p=2564"},"modified":"2026-04-11T15:17:02","modified_gmt":"2026-04-11T13:17:02","slug":"graines-de-marijuana-northern-lights","status":"publish","type":"product","link":"https:\/\/bluedoggenetics.com\/fr\/produit\/feminise\/graines-de-marijuana-northern-lights\/","title":{"rendered":"Northern Lights"},"content":{"rendered":"<p data-start=\"442\" data-end=\"955\" class=\"translation-block\"><strong data-start=\"442\" data-end=\"461\">Northern Lights<\/strong> est l'une des vari\u00e9t\u00e9s <strong>les plus l\u00e9gendaires du monde<\/strong> du cannabis. Sa dominance Indica se traduit par un effet corporel relaxant, calmant et durable, id\u00e9al pour se reposer, combattre le stress ou s'endormir. Son profil aromatique m\u00e9lange douceur, terre humide et \u00e9pices douces, offrant une exp\u00e9rience classique qui ne se d\u00e9mode jamais. Northern Lights est appr\u00e9ci\u00e9e \u00e0 la fois pour sa stabilit\u00e9 g\u00e9n\u00e9tique et pour sa <strong>facilit\u00e9 de culture<\/strong>, ce qui la rend parfaite pour les cultivateurs de tous niveaux.<\/p>\n<p data-start=\"986\" data-end=\"1342\" class=\"translation-block\"><strong>Morphologie de la plante.<\/strong> Northern Lights d\u00e9veloppe une plante compacte et robuste, de taille moyenne et de structure solide. Elle a une croissance ordonn\u00e9e, avec peu de ramifications, ce qui facilite sa gestion dans les espaces r\u00e9duits. Ses feuilles sont grandes et larges, d'une couleur vert fonc\u00e9 caract\u00e9ristique. Cette vari\u00e9t\u00e9 est <strong>discr\u00e8te et efficace,<\/strong> id\u00e9ale pour les cultures en int\u00e9rieur ou les balcons.<\/p>\n<p data-start=\"1368\" data-end=\"1751\" class=\"translation-block\"><strong>Aspect de la fleur.<\/strong> Les t\u00eates de Northern Lights sont denses, r\u00e9sineuses et d\u00e9gagent un ar\u00f4me doux et terreux qui s'intensifie au s\u00e9chage. Pendant la floraison, les fleurs se couvrent rapidement de <strong>trichomes qui refl\u00e8tent leur haute teneur en THC<\/strong>. Dans les climats froids, elle peut d\u00e9velopper des tons violets ou bleut\u00e9s. Sa fum\u00e9e est douce, avec une saveur sucr\u00e9e et \u00e9pic\u00e9e, et son effet est physique, r\u00e9confortant et durable.<\/p>\n<h3 data-start=\"1753\" data-end=\"1761\">Conseils de Culture<\/h3>\n<ul>\n<li data-start=\"1763\" data-end=\"2030\" class=\"translation-block\"><strong data-start=\"1763\" data-end=\"1821\">Quel est le climat id\u00e9al pour cultiver Northern Lights ?<\/strong><br data-start=\"1821\" data-end=\"1824\">Northern Lights s'adapte tr\u00e8s bien \u00e0 diff\u00e9rents climats, mais pr\u00e9f\u00e8re les environnements secs et ensoleill\u00e9s. Elle est tr\u00e8s r\u00e9sistante \u00e0 la moisissure, ce qui la rend appropri\u00e9e pour la culture en ext\u00e9rieur m\u00eame dans les zones avec une certaine humidit\u00e9.<\/li>\n<li data-start=\"2032\" data-end=\"2299\" class=\"translation-block\"><strong data-start=\"2032\" data-end=\"2103\">Quelles techniques d'entra\u00eenement fonctionnent le mieux avec Northern Lights ?<\/strong><br data-start=\"2103\" data-end=\"2106\">Compte tenu de sa structure compacte, elle r\u00e9pond bien au SOG (Sea of Green) et au LST si l'on cherche \u00e0 contr\u00f4ler la hauteur. En int\u00e9rieur, une taille l\u00e9g\u00e8re suffit g\u00e9n\u00e9ralement pour maximiser la lumi\u00e8re dans les zones basses.<\/li>\n<li data-start=\"2301\" data-end=\"2591\" class=\"translation-block\"><strong data-start=\"2301\" data-end=\"2357\">Quel type de fertilisation Northern Lights n\u00e9cessite-t-elle ?<\/strong><br data-start=\"2357\" data-end=\"2360\">Elle a des besoins nutritionnels mod\u00e9r\u00e9s. Elle appr\u00e9cie une fertilisation \u00e9quilibr\u00e9e tout au long de la culture et r\u00e9agit particuli\u00e8rement bien aux engrais organiques. Elle n'est pas exigeante, ce qui en fait une bonne option pour les d\u00e9butants.<\/li>\n<li data-start=\"2593\" data-end=\"2854\" class=\"translation-block\"><strong data-start=\"2593\" data-end=\"2655\">Quel doit \u00eatre l'arrosage et l'humidit\u00e9 pour Northern Lights ?<\/strong><br data-start=\"2655\" data-end=\"2658\">Elle tol\u00e8re bien les arrosages espac\u00e9s. Elle pr\u00e9f\u00e8re un substrat avec un bon drainage et une humidit\u00e9 relative comprise entre 50-60 % en croissance et 40-50 % en floraison pour maintenir des t\u00eates saines et r\u00e9sineuses.<\/li>\n<li data-start=\"2856\" data-end=\"3136\" class=\"translation-block\"><strong data-start=\"2856\" data-end=\"2906\">Est-il n\u00e9cessaire de tailler la plante Northern Lights ?<\/strong><br data-start=\"2906\" data-end=\"2909\">Ce n'est pas strictement n\u00e9cessaire, mais il est recommand\u00e9 d'enlever quelques grandes feuilles pour am\u00e9liorer la ventilation et la p\u00e9n\u00e9tration de la lumi\u00e8re. La taille des branches basses peut \u00e9galement aider \u00e0 concentrer l'\u00e9nergie sur les colas principales.<\/li>\n<\/ul>","protected":false},"excerpt":{"rendered":"<p data-start=\"168\" data-end=\"388\"><strong data-start=\"168\" data-end=\"187\">Northern Lights<\/strong> es una variedad feminizada m\u00edtica, conocida por su efecto relajante, su crecimiento f\u00e1cil y su aroma dulce con toques terrosos. Ideal para cultivadores principiantes y amantes de las \u00edndicas cl\u00e1sicas.<\/p>","protected":false},"featured_media":2612,"template":"","meta":{"_acf_changed":false,"inline_featured_image":false,"_wp_applaud_exclude":false},"product_brand":[194],"product_cat":[22],"product_tag":[],"class_list":{"0":"post-2564","1":"product","2":"type-product","3":"status-publish","4":"has-post-thumbnail","6":"product_brand-bluedog-genetics","7":"product_cat-feminizadas","9":"first","10":"instock","11":"taxable","12":"shipping-taxable","13":"purchasable","14":"product-type-variable"},"acf":{"sticker":"https:\/\/bluedoggenetics.com\/wp-content\/uploads\/2025\/07\/Northern-Lights-Sticker.webp","family_tree":"<ul>\n<li><a href=\"https:\/\/bluedoggenetics.com\/blog-tu-jardin-cannabico-cultivar-marihuana\/como-cultivar-marihuana-en-climas-frios-y-humedos\/\" target=\"_blank\" rel=\"noopener\">Northern Lights<\/a>\n<ul>\n<li><a href=\"https:\/\/seedfinder.eu\/en\/strain-info\/afghani\/unknown-or-legendary\" target=\"_blank\" rel=\"noopener\">Afghani<\/a>\n<ul>\n<li><a href=\"https:\/\/seedfinder.eu\/en\/strain-info\/afghani\/unknown-or-legendary\" target=\"_blank\" rel=\"noopener\">Afghanistan (landrace \u00edndica)<\/a><\/li>\n<\/ul>\n<\/li>\n<li><a href=\"https:\/\/seedfinder.eu\/en\/strain-info\/thailand-hybrid\/original-strains\" target=\"_blank\" rel=\"noopener\">Thai<\/a>\n<ul>\n<li><a href=\"https:\/\/seedfinder.eu\/en\/strain-info\/thailand-hybrid\/original-strains\" target=\"_blank\" rel=\"noopener\">Thailand (landrace)<\/a><\/li>\n<\/ul>\n<\/li>\n<\/ul>\n<\/li>\n<\/ul>\n"},"yoast_head":"<!-- This site is optimized with the Yoast SEO plugin v26.5 - https:\/\/yoast.com\/wordpress\/plugins\/seo\/ -->\n<title>Semillas de marihuana Northern Lights feminizadas | \u00cdndica cl\u00e1sica - BLUEDOG GENETICS Seeds<\/title>\n<meta name=\"description\" content=\"Northern Lights es una variedad feminizada cl\u00e1sica, muy f\u00e1cil de cultivar, con efecto relajante y aroma dulce y terroso. Apta para todos los cultivadores.\" \/>\n<meta name=\"robots\" content=\"index, follow, max-snippet:-1, max-image-preview:large, max-video-preview:-1\" \/>\n<link rel=\"canonical\" href=\"https:\/\/bluedoggenetics.com\/fr\/produit\/feminise\/graines-de-marijuana-northern-lights\/\" \/>\n<meta property=\"og:locale\" content=\"fr_FR\" \/>\n<meta property=\"og:type\" content=\"article\" \/>\n<meta property=\"og:title\" content=\"Semillas de marihuana Northern Lights feminizadas | \u00cdndica cl\u00e1sica - BLUEDOG GENETICS Seeds\" \/>\n<meta property=\"og:description\" content=\"Northern Lights es una variedad feminizada cl\u00e1sica, muy f\u00e1cil de cultivar, con efecto relajante y aroma dulce y terroso. Apta para todos los cultivadores.\" \/>\n<meta property=\"og:url\" content=\"https:\/\/bluedoggenetics.com\/fr\/produit\/feminise\/graines-de-marijuana-northern-lights\/\" \/>\n<meta property=\"og:site_name\" content=\"BLUEDOG GENETICS Seeds\" \/>\n<meta property=\"article:modified_time\" content=\"2026-04-11T13:17:02+00:00\" \/>\n<meta property=\"og:image\" content=\"https:\/\/bluedoggenetics.com\/wp-content\/uploads\/2025\/06\/Northern-Lights-Bluedog-Genetics_11zon.webp\" \/>\n\t<meta property=\"og:image:width\" content=\"1536\" \/>\n\t<meta property=\"og:image:height\" content=\"1024\" \/>\n\t<meta property=\"og:image:type\" content=\"image\/webp\" \/>\n<meta name=\"twitter:card\" content=\"summary_large_image\" \/>\n<meta name=\"twitter:label1\" content=\"Dur\u00e9e de lecture estim\u00e9e\" \/>\n\t<meta name=\"twitter:data1\" content=\"3 minutes\" \/>\n<script type=\"application\/ld+json\" class=\"yoast-schema-graph\">{\"@context\":\"https:\/\/schema.org\",\"@graph\":[{\"@type\":[\"WebPage\",\"ItemPage\"],\"@id\":\"https:\/\/bluedoggenetics.com\/producto\/feminizadas\/semillas-de-marihuana-northern-lights\/\",\"url\":\"https:\/\/bluedoggenetics.com\/producto\/feminizadas\/semillas-de-marihuana-northern-lights\/\",\"name\":\"Semillas de marihuana Northern Lights feminizadas | \u00cdndica cl\u00e1sica - BLUEDOG GENETICS Seeds\",\"isPartOf\":{\"@id\":\"https:\/\/bluedoggenetics.com\/de\/#website\"},\"primaryImageOfPage\":{\"@id\":\"https:\/\/bluedoggenetics.com\/producto\/feminizadas\/semillas-de-marihuana-northern-lights\/#primaryimage\"},\"image\":{\"@id\":\"https:\/\/bluedoggenetics.com\/producto\/feminizadas\/semillas-de-marihuana-northern-lights\/#primaryimage\"},\"thumbnailUrl\":\"https:\/\/bluedoggenetics.com\/wp-content\/uploads\/2025\/06\/Northern-Lights-Bluedog-Genetics_11zon.webp\",\"datePublished\":\"2025-11-22T21:06:12+00:00\",\"dateModified\":\"2026-04-11T13:17:02+00:00\",\"description\":\"Northern Lights es una variedad feminizada cl\u00e1sica, muy f\u00e1cil de cultivar, con efecto relajante y aroma dulce y terroso. Apta para todos los cultivadores.\",\"breadcrumb\":{\"@id\":\"https:\/\/bluedoggenetics.com\/producto\/feminizadas\/semillas-de-marihuana-northern-lights\/#breadcrumb\"},\"inLanguage\":\"fr-FR\",\"potentialAction\":[{\"@type\":\"ReadAction\",\"target\":[\"https:\/\/bluedoggenetics.com\/producto\/feminizadas\/semillas-de-marihuana-northern-lights\/\"]}]},{\"@type\":\"ImageObject\",\"inLanguage\":\"fr-FR\",\"@id\":\"https:\/\/bluedoggenetics.com\/producto\/feminizadas\/semillas-de-marihuana-northern-lights\/#primaryimage\",\"url\":\"https:\/\/bluedoggenetics.com\/wp-content\/uploads\/2025\/06\/Northern-Lights-Bluedog-Genetics_11zon.webp\",\"contentUrl\":\"https:\/\/bluedoggenetics.com\/wp-content\/uploads\/2025\/06\/Northern-Lights-Bluedog-Genetics_11zon.webp\",\"width\":1536,\"height\":1024,\"caption\":\"Northern Lights en Floracion de Bluedog Genetics\"},{\"@type\":\"BreadcrumbList\",\"@id\":\"https:\/\/bluedoggenetics.com\/producto\/feminizadas\/semillas-de-marihuana-northern-lights\/#breadcrumb\",\"itemListElement\":[{\"@type\":\"ListItem\",\"position\":1,\"name\":\"Portada\",\"item\":\"https:\/\/bluedoggenetics.com\/\"},{\"@type\":\"ListItem\",\"position\":2,\"name\":\"Tienda\",\"item\":\"https:\/\/bluedoggenetics.com\/fr\/tienda\/\"},{\"@type\":\"ListItem\",\"position\":3,\"name\":\"Northern Lights\"}]},{\"@type\":\"WebSite\",\"@id\":\"https:\/\/bluedoggenetics.com\/de\/#website\",\"url\":\"https:\/\/bluedoggenetics.com\/de\/\",\"name\":\"BLUEDOG GENETICS Seeds\",\"description\":\"Compara y compra las mejores semillas de cannabis. Feminizadas, Autoflorecientes, CBD.\",\"publisher\":{\"@id\":\"https:\/\/bluedoggenetics.com\/de\/#organization\"},\"alternateName\":\"BLUEDOG GENETICS\",\"potentialAction\":[{\"@type\":\"SearchAction\",\"target\":{\"@type\":\"EntryPoint\",\"urlTemplate\":\"https:\/\/bluedoggenetics.com\/de\/?s={search_term_string}\"},\"query-input\":{\"@type\":\"PropertyValueSpecification\",\"valueRequired\":true,\"valueName\":\"search_term_string\"}}],\"inLanguage\":\"fr-FR\"},{\"@type\":\"Organization\",\"@id\":\"https:\/\/bluedoggenetics.com\/de\/#organization\",\"name\":\"BLUEDOG GENETICS\",\"url\":\"https:\/\/bluedoggenetics.com\/de\/\",\"logo\":{\"@type\":\"ImageObject\",\"inLanguage\":\"fr-FR\",\"@id\":\"https:\/\/bluedoggenetics.com\/de\/#\/schema\/logo\/image\/\",\"url\":\"https:\/\/bluedoggenetics.com\/wp-content\/uploads\/2024\/11\/appIcon.png\",\"contentUrl\":\"https:\/\/bluedoggenetics.com\/wp-content\/uploads\/2024\/11\/appIcon.png\",\"width\":1024,\"height\":1024,\"caption\":\"BLUEDOG GENETICS\"},\"image\":{\"@id\":\"https:\/\/bluedoggenetics.com\/de\/#\/schema\/logo\/image\/\"},\"sameAs\":[\"https:\/\/www.instagram.com\/bluedog.genetics\/\"]}]}<\/script>\n<!-- \/ Yoast SEO plugin. -->","yoast_head_json":{"title":"Graines de marijuana Northern Lights f\u00e9minis\u00e9es | Indica classique - BLUEDOG GENETICS Seeds","description":"Northern Lights est une vari\u00e9t\u00e9 f\u00e9minis\u00e9e classique, tr\u00e8s facile \u00e0 cultiver, avec un effet relaxant et un ar\u00f4me doux et terreux. Convient \u00e0 tous les cultivateurs.","robots":{"index":"index","follow":"follow","max-snippet":"max-snippet:-1","max-image-preview":"max-image-preview:large","max-video-preview":"max-video-preview:-1"},"canonical":"https:\/\/bluedoggenetics.com\/fr\/produit\/feminise\/graines-de-marijuana-northern-lights\/","og_locale":"fr_FR","og_type":"article","og_title":"Semillas de marihuana Northern Lights feminizadas | \u00cdndica cl\u00e1sica - BLUEDOG GENETICS Seeds","og_description":"Northern Lights es una variedad feminizada cl\u00e1sica, muy f\u00e1cil de cultivar, con efecto relajante y aroma dulce y terroso. Apta para todos los cultivadores.","og_url":"https:\/\/bluedoggenetics.com\/fr\/produit\/feminise\/graines-de-marijuana-northern-lights\/","og_site_name":"BLUEDOG GENETICS Seeds","article_modified_time":"2026-04-11T13:17:02+00:00","og_image":[{"width":1536,"height":1024,"url":"https:\/\/bluedoggenetics.com\/wp-content\/uploads\/2025\/06\/Northern-Lights-Bluedog-Genetics_11zon.webp","type":"image\/webp"}],"twitter_card":"summary_large_image","twitter_misc":{"Dur\u00e9e de lecture estim\u00e9e":"3 minutes"},"schema":{"@context":"https:\/\/schema.org","@graph":[{"@type":["WebPage","ItemPage"],"@id":"https:\/\/bluedoggenetics.com\/producto\/feminizadas\/semillas-de-marihuana-northern-lights\/","url":"https:\/\/bluedoggenetics.com\/producto\/feminizadas\/semillas-de-marihuana-northern-lights\/","name":"Graines de marijuana Northern Lights f\u00e9minis\u00e9es | Indica classique - BLUEDOG GENETICS Seeds","isPartOf":{"@id":"https:\/\/bluedoggenetics.com\/de\/#website"},"primaryImageOfPage":{"@id":"https:\/\/bluedoggenetics.com\/producto\/feminizadas\/semillas-de-marihuana-northern-lights\/#primaryimage"},"image":{"@id":"https:\/\/bluedoggenetics.com\/producto\/feminizadas\/semillas-de-marihuana-northern-lights\/#primaryimage"},"thumbnailUrl":"https:\/\/bluedoggenetics.com\/wp-content\/uploads\/2025\/06\/Northern-Lights-Bluedog-Genetics_11zon.webp","datePublished":"2025-11-22T21:06:12+00:00","dateModified":"2026-04-11T13:17:02+00:00","description":"Northern Lights est une vari\u00e9t\u00e9 f\u00e9minis\u00e9e classique, tr\u00e8s facile \u00e0 cultiver, avec un effet relaxant et un ar\u00f4me doux et terreux. Convient \u00e0 tous les cultivateurs.","breadcrumb":{"@id":"https:\/\/bluedoggenetics.com\/producto\/feminizadas\/semillas-de-marihuana-northern-lights\/#breadcrumb"},"inLanguage":"fr-FR","potentialAction":[{"@type":"ReadAction","target":["https:\/\/bluedoggenetics.com\/producto\/feminizadas\/semillas-de-marihuana-northern-lights\/"]}]},{"@type":"ImageObject","inLanguage":"fr-FR","@id":"https:\/\/bluedoggenetics.com\/producto\/feminizadas\/semillas-de-marihuana-northern-lights\/#primaryimage","url":"https:\/\/bluedoggenetics.com\/wp-content\/uploads\/2025\/06\/Northern-Lights-Bluedog-Genetics_11zon.webp","contentUrl":"https:\/\/bluedoggenetics.com\/wp-content\/uploads\/2025\/06\/Northern-Lights-Bluedog-Genetics_11zon.webp","width":1536,"height":1024,"caption":"Northern Lights en Floracion de Bluedog Genetics"},{"@type":"BreadcrumbList","@id":"https:\/\/bluedoggenetics.com\/producto\/feminizadas\/semillas-de-marihuana-northern-lights\/#breadcrumb","itemListElement":[{"@type":"ListItem","position":1,"name":"Portada","item":"https:\/\/bluedoggenetics.com\/"},{"@type":"ListItem","position":2,"name":"Tienda","item":"https:\/\/bluedoggenetics.com\/fr\/tienda\/"},{"@type":"ListItem","position":3,"name":"Northern Lights"}]},{"@type":"WebSite","@id":"https:\/\/bluedoggenetics.com\/de\/#website","url":"https:\/\/bluedoggenetics.com\/de\/","name":"BLUEDOG GENETICS Seeds","description":"Compare et ach\u00e8te les meilleures graines de cannabis. F\u00e9minis\u00e9es, autofloraison, CBD.","publisher":{"@id":"https:\/\/bluedoggenetics.com\/de\/#organization"},"alternateName":"BLUEDOG GENETICS","potentialAction":[{"@type":"SearchAction","target":{"@type":"EntryPoint","urlTemplate":"https:\/\/bluedoggenetics.com\/de\/?s={search_term_string}"},"query-input":{"@type":"PropertyValueSpecification","valueRequired":true,"valueName":"search_term_string"}}],"inLanguage":"fr-FR"},{"@type":"Organization","@id":"https:\/\/bluedoggenetics.com\/de\/#organization","name":"BLUEDOG GENETICS","url":"https:\/\/bluedoggenetics.com\/de\/","logo":{"@type":"ImageObject","inLanguage":"fr-FR","@id":"https:\/\/bluedoggenetics.com\/de\/#\/schema\/logo\/image\/","url":"https:\/\/bluedoggenetics.com\/wp-content\/uploads\/2024\/11\/appIcon.png","contentUrl":"https:\/\/bluedoggenetics.com\/wp-content\/uploads\/2024\/11\/appIcon.png","width":1024,"height":1024,"caption":"BLUEDOG GENETICS"},"image":{"@id":"https:\/\/bluedoggenetics.com\/de\/#\/schema\/logo\/image\/"},"sameAs":["https:\/\/www.instagram.com\/bluedog.genetics\/"]}]}},"sticker_url":"https:\/\/bluedoggenetics.com\/wp-content\/uploads\/2025\/07\/Northern-Lights-Sticker.webp","variations_full":[{"id":2697,"price":6.5,"regular_price":6.5,"attributes":{"attribute_cantidad":"Pack 1"},"image_src":"https:\/\/bluedoggenetics.com\/wp-content\/uploads\/2025\/06\/Northern-Lights-Bluedog-Genetics_11zon-600x400.webp","is_in_stock":true},{"id":2698,"price":16.5,"regular_price":16.5,"attributes":{"attribute_cantidad":"Pack 3"},"image_src":"https:\/\/bluedoggenetics.com\/wp-content\/uploads\/2025\/06\/Northern-Lights-Bluedog-Genetics_11zon-600x400.webp","is_in_stock":true},{"id":2699,"price":24.3,"regular_price":24.3,"attributes":{"attribute_cantidad":"Pack 5"},"image_src":"https:\/\/bluedoggenetics.com\/wp-content\/uploads\/2025\/06\/Northern-Lights-Bluedog-Genetics_11zon-600x400.webp","is_in_stock":true},{"id":2700,"price":42.5,"regular_price":42.5,"attributes":{"attribute_cantidad":"Pack 10"},"image_src":"https:\/\/bluedoggenetics.com\/wp-content\/uploads\/2025\/06\/Northern-Lights-Bluedog-Genetics_11zon-600x400.webp","is_in_stock":true}],"jetpack_sharing_enabled":true,"_links":{"self":[{"href":"https:\/\/bluedoggenetics.com\/fr\/wp-json\/wp\/v2\/product\/2564","targetHints":{"allow":["GET"]}}],"collection":[{"href":"https:\/\/bluedoggenetics.com\/fr\/wp-json\/wp\/v2\/product"}],"about":[{"href":"https:\/\/bluedoggenetics.com\/fr\/wp-json\/wp\/v2\/types\/product"}],"wp:featuredmedia":[{"embeddable":true,"href":"https:\/\/bluedoggenetics.com\/fr\/wp-json\/wp\/v2\/media\/2612"}],"wp:attachment":[{"href":"https:\/\/bluedoggenetics.com\/fr\/wp-json\/wp\/v2\/media?parent=2564"}],"wp:term":[{"taxonomy":"product_brand","embeddable":true,"href":"https:\/\/bluedoggenetics.com\/fr\/wp-json\/wp\/v2\/product_brand?post=2564"},{"taxonomy":"product_cat","embeddable":true,"href":"https:\/\/bluedoggenetics.com\/fr\/wp-json\/wp\/v2\/product_cat?post=2564"},{"taxonomy":"product_tag","embeddable":true,"href":"https:\/\/bluedoggenetics.com\/fr\/wp-json\/wp\/v2\/product_tag?post=2564"}],"curies":[{"name":"wp","href":"https:\/\/api.w.org\/{rel}","templated":true}]}}