{"id":2561,"date":"2025-11-20T17:50:25","date_gmt":"2025-11-20T16:50:25","guid":{"rendered":"https:\/\/bluedoggenetics.com\/?post_type=product&#038;p=2561"},"modified":"2026-04-11T15:17:02","modified_gmt":"2026-04-11T13:17:02","slug":"blue-mandarin-auto","status":"publish","type":"product","link":"https:\/\/bluedoggenetics.com\/fr\/produit\/autofloraison\/blue-mandarin-auto\/","title":{"rendered":"Blue Mandarin Auto"},"content":{"rendered":"<p data-start=\"601\" data-end=\"919\" class=\"translation-block\"><strong data-start=\"601\" data-end=\"623\">Blue Mandarin Auto<\/strong> est une g\u00e9n\u00e9tique autoflorissante qui combine le meilleur des deux mondes : des saveurs intenses et une culture rapide. Son profil aromatique se distingue par un d\u00e9licieux m\u00e9lange de mandarine m\u00fbre, de fruits des bois et de notes florales fra\u00eeches qui embaument la salle de culture d\u00e8s les premi\u00e8res semaines de floraison.<\/p>\n<p data-start=\"921\" data-end=\"1253\">En termes d'effets, elle offre une exp\u00e9rience \u00e9quilibr\u00e9e. Le high commence par une euphorie c\u00e9r\u00e9brale et une clart\u00e9 mentale, se transformant progressivement en une relaxation physique douce et r\u00e9confortante. Elle est parfaite pour profiter de la journ\u00e9e sans \u00eatre d\u00e9phas\u00e9, id\u00e9ale \u00e0 la fois pour des moments cr\u00e9atifs et pour se d\u00e9tendre avec style.<\/p>\n<p data-start=\"1255\" data-end=\"1476\">Blue Mandarin Auto est tr\u00e8s facile \u00e0 cultiver, avec une excellente r\u00e9sistance aux conditions variables. Sa rapidit\u00e9, son go\u00fbt et sa beaut\u00e9 en font un choix de premier ordre pour les cultivateurs recherchant une autoflorissante sans compromis.<\/p>\n<p data-start=\"1507\" data-end=\"1810\" class=\"translation-block\"><strong>Morphologie de la plante.<\/strong> Cette vari\u00e9t\u00e9 d\u00e9veloppe une plante compacte et ramifi\u00e9e, d'une taille moyenne qui d\u00e9passe rarement un m\u00e8tre de hauteur, ce qui la rend parfaite pour les cultures discr\u00e8tes ou les espaces limit\u00e9s. Sa croissance est ordonn\u00e9e, avec un bon espacement entre les n\u0153uds et une structure permettant une excellente p\u00e9n\u00e9tration de la lumi\u00e8re.<\/p>\n<p data-start=\"2033\" data-end=\"2413\" class=\"translation-block\"><strong>Aspect de la fleur.<\/strong> Les bourgeons de Blue Mandarin Auto sont denses, recouverts de r\u00e9sine et tr\u00e8s attrayants visuellement. L'ar\u00f4me est puissant m\u00eame apr\u00e8s le s\u00e9chage : zeste de mandarine, chewing-gum fruit\u00e9, notes florales et une touche fra\u00eeche qui reste en bouche longtemps apr\u00e8s l'inhalation.<\/p>\n<h3 data-start=\"2415\" data-end=\"2423\">Conseils de Culture<\/h3>\n<ul>\n<li data-start=\"2425\" data-end=\"2685\" class=\"translation-block\"><strong data-start=\"2425\" data-end=\"2486\">Quel est le climat id\u00e9al pour cultiver Blue Mandarin Auto ?<\/strong><br data-start=\"2486\" data-end=\"2489\">Elle s'adapte tr\u00e8s bien aux climats temp\u00e9r\u00e9s et chauds, mais peut \u00e9galement \u00eatre cultiv\u00e9e en ext\u00e9rieur dans les r\u00e9gions \u00e0 \u00e9t\u00e9 court gr\u00e2ce \u00e0 son cycle rapide. Id\u00e9ale pour les balcons, terrasses ou cultures discr\u00e8tes.<\/li>\n<li data-start=\"2687\" data-end=\"2937\" class=\"translation-block\"><strong data-start=\"2687\" data-end=\"2761\">Quelles techniques de formation fonctionnent le mieux pour Blue Mandarin Auto ?<\/strong><br data-start=\"2761\" data-end=\"2764\">Le LST (Low Stress Training) est id\u00e9al pour contr\u00f4ler sa forme et am\u00e9liorer la p\u00e9n\u00e9tration de la lumi\u00e8re. Elle peut \u00e9galement \u00eatre cultiv\u00e9e en Sea of Green avec d'excellents r\u00e9sultats.<\/li>\n<li data-start=\"2939\" data-end=\"3232\" class=\"translation-block\"><strong data-start=\"2939\" data-end=\"2998\">Quel type de fertilisation Blue Mandarin Auto n\u00e9cessite-t-elle ?<\/strong><br data-start=\"2998\" data-end=\"3001\">Elle tol\u00e8re tr\u00e8s bien une fertilisation mod\u00e9r\u00e9e. Elle profite d'un \u00e9quilibre ad\u00e9quat en azote pendant la croissance et d'une bonne base de phosphore et de potassium pendant la floraison. Il est fortement recommand\u00e9 d'am\u00e9liorer ses terp\u00e8nes avec des nutriments organiques.<\/li>\n<li data-start=\"3234\" data-end=\"3463\" class=\"translation-block\"><strong data-start=\"3234\" data-end=\"3299\">Comment doivent \u00eatre l'arrosage et l'humidit\u00e9 pour Blue Mandarin Auto ?<\/strong><br data-start=\"3299\" data-end=\"3302\">Arrosages contr\u00f4l\u00e9s, sans exc\u00e8s. Pendant la floraison, il est conseill\u00e9 de maintenir l'humidit\u00e9 relative en dessous de 50\u202f% pour \u00e9viter les moisissures et favoriser la production de trichomes.<\/li>\n<li data-start=\"3465\" data-end=\"3758\" class=\"translation-block\"><strong data-start=\"3465\" data-end=\"3518\">Est-il n\u00e9cessaire de tailler la plante Blue Mandarin Auto ?<\/strong><br data-start=\"3518\" data-end=\"3521\">Il est possible d'effectuer une taille s\u00e9lective des grandes feuilles ou des branches basses pour am\u00e9liorer la circulation de l'air et l'exposition \u00e0 la lumi\u00e8re. Cependant, \u00e9tant autoflorissante, il est recommand\u00e9 d'\u00e9viter les tailles agressives afin de ne pas perturber son cycle de d\u00e9veloppement.<\/li>\n<\/ul>","protected":false},"excerpt":{"rendered":"<p data-start=\"289\" data-end=\"547\"><strong data-start=\"289\" data-end=\"311\">Blue Mandarin Auto<\/strong> es una variedad autofloreciente vibrante y arom\u00e1tica, que mezcla sabores c\u00edtricos y afrutados con un fondo fresco y floral. Con un ciclo r\u00e1pido y una producci\u00f3n generosa, es ideal para cultivadores que buscan sabor, potencia y rapidez.<\/p>","protected":false},"featured_media":2608,"template":"","meta":{"_acf_changed":false,"inline_featured_image":false,"_wp_applaud_exclude":false},"product_brand":[194],"product_cat":[21],"product_tag":[],"class_list":{"0":"post-2561","1":"product","2":"type-product","3":"status-publish","4":"has-post-thumbnail","6":"product_brand-bluedog-genetics","7":"product_cat-autoflorecientes","9":"first","10":"instock","11":"taxable","12":"shipping-taxable","13":"purchasable","14":"product-type-variable"},"acf":{"sticker":"https:\/\/bluedoggenetics.com\/wp-content\/uploads\/2025\/07\/Blue-Mandarin-Auto-Sticker_11zon.webp","family_tree":"<ul>\n<li><a href=\"http:\/\/ss.com\">Blue Mandarine Auto<\/a>\n<ul>\n<li><a href=\"https:\/\/seedfinder.eu\/en\/strain-info\/deep-mandarin\/delicious-seeds\" target=\"_blank\" rel=\"noopener\">Mandarine<\/a>\n<ul>\n<li><a href=\"https:\/\/seedfinder.eu\/en\/strain-info\/california-orange\/unknown-or-legendary\" target=\"_blank\" rel=\"noopener\">California Orange<\/a><\/li>\n<li><a href=\"https:\/\/seedfinder.eu\/en\/strain-info\/skunk-1\/super-sativa-seed-club\" target=\"_blank\" rel=\"noopener\">Skunk #1<\/a><\/li>\n<\/ul>\n<\/li>\n<li><a href=\"https:\/\/seedfinder.eu\/en\/strain-info\/blueberry-auto\/concrete-jungle-seeds\" target=\"_blank\" rel=\"noopener\">Blueberry Auto<\/a>\n<ul>\n<li><a href=\"https:\/\/seedfinder.eu\/en\/strain-info\/blueberry\/dj-short\" target=\"_blank\" rel=\"noopener\">Blueberry<\/a><\/li>\n<li><a href=\"https:\/\/seedfinder.eu\/en\/strain-info\/ruderalis\/original-strains\" target=\"_blank\" rel=\"noopener\">Ruderalis<\/a>\n<ul>\n<li><a href=\"https:\/\/seedfinder.eu\/en\/strain-info\/royal-canadian-haze-auto\/canadian-seed-lab\" target=\"_blank\" rel=\"noopener\">Canadian Auto Line (Lowryder-type)<\/a><\/li>\n<\/ul>\n<\/li>\n<\/ul>\n<\/li>\n<\/ul>\n<\/li>\n<\/ul>\n"},"yoast_head":"<!-- This site is optimized with the Yoast SEO plugin v26.5 - https:\/\/yoast.com\/wordpress\/plugins\/seo\/ -->\n<title>Semillas autoflorecientes Blue Mandarin Auto - BLUEDOG GENETICS Seeds<\/title>\n<meta name=\"description\" content=\"Blue Mandarin Auto ofrece sabor a mandarina dulce con matices florales, efecto equilibrado y ciclo r\u00e1pido.\" \/>\n<meta name=\"robots\" content=\"index, follow, max-snippet:-1, max-image-preview:large, max-video-preview:-1\" \/>\n<link rel=\"canonical\" href=\"https:\/\/bluedoggenetics.com\/fr\/produit\/autofloraison\/blue-mandarin-auto\/\" \/>\n<meta property=\"og:locale\" content=\"fr_FR\" \/>\n<meta property=\"og:type\" content=\"article\" \/>\n<meta property=\"og:title\" content=\"Semillas autoflorecientes Blue Mandarin Auto - BLUEDOG GENETICS Seeds\" \/>\n<meta property=\"og:description\" content=\"Blue Mandarin Auto ofrece sabor a mandarina dulce con matices florales, efecto equilibrado y ciclo r\u00e1pido.\" \/>\n<meta property=\"og:url\" content=\"https:\/\/bluedoggenetics.com\/fr\/produit\/autofloraison\/blue-mandarin-auto\/\" \/>\n<meta property=\"og:site_name\" content=\"BLUEDOG GENETICS Seeds\" \/>\n<meta property=\"article:modified_time\" content=\"2026-04-11T13:17:02+00:00\" \/>\n<meta property=\"og:image\" content=\"https:\/\/bluedoggenetics.com\/wp-content\/uploads\/2025\/06\/Blue-Mandarine-Auto-Bluedog-Genetics_11zon.webp\" \/>\n\t<meta property=\"og:image:width\" content=\"1536\" \/>\n\t<meta property=\"og:image:height\" content=\"1024\" \/>\n\t<meta property=\"og:image:type\" content=\"image\/webp\" \/>\n<meta name=\"twitter:card\" content=\"summary_large_image\" \/>\n<meta name=\"twitter:label1\" content=\"Dur\u00e9e de lecture estim\u00e9e\" \/>\n\t<meta name=\"twitter:data1\" content=\"3 minutes\" \/>\n<script type=\"application\/ld+json\" class=\"yoast-schema-graph\">{\"@context\":\"https:\/\/schema.org\",\"@graph\":[{\"@type\":[\"WebPage\",\"ItemPage\"],\"@id\":\"https:\/\/bluedoggenetics.com\/producto\/autoflorecientes\/blue-mandarin-auto\/\",\"url\":\"https:\/\/bluedoggenetics.com\/producto\/autoflorecientes\/blue-mandarin-auto\/\",\"name\":\"Semillas autoflorecientes Blue Mandarin Auto - BLUEDOG GENETICS Seeds\",\"isPartOf\":{\"@id\":\"https:\/\/bluedoggenetics.com\/de\/#website\"},\"primaryImageOfPage\":{\"@id\":\"https:\/\/bluedoggenetics.com\/producto\/autoflorecientes\/blue-mandarin-auto\/#primaryimage\"},\"image\":{\"@id\":\"https:\/\/bluedoggenetics.com\/producto\/autoflorecientes\/blue-mandarin-auto\/#primaryimage\"},\"thumbnailUrl\":\"https:\/\/bluedoggenetics.com\/wp-content\/uploads\/2025\/06\/Blue-Mandarine-Auto-Bluedog-Genetics_11zon.webp\",\"datePublished\":\"2025-11-20T16:50:25+00:00\",\"dateModified\":\"2026-04-11T13:17:02+00:00\",\"description\":\"Blue Mandarin Auto ofrece sabor a mandarina dulce con matices florales, efecto equilibrado y ciclo r\u00e1pido.\",\"breadcrumb\":{\"@id\":\"https:\/\/bluedoggenetics.com\/producto\/autoflorecientes\/blue-mandarin-auto\/#breadcrumb\"},\"inLanguage\":\"fr-FR\",\"potentialAction\":[{\"@type\":\"ReadAction\",\"target\":[\"https:\/\/bluedoggenetics.com\/producto\/autoflorecientes\/blue-mandarin-auto\/\"]}]},{\"@type\":\"ImageObject\",\"inLanguage\":\"fr-FR\",\"@id\":\"https:\/\/bluedoggenetics.com\/producto\/autoflorecientes\/blue-mandarin-auto\/#primaryimage\",\"url\":\"https:\/\/bluedoggenetics.com\/wp-content\/uploads\/2025\/06\/Blue-Mandarine-Auto-Bluedog-Genetics_11zon.webp\",\"contentUrl\":\"https:\/\/bluedoggenetics.com\/wp-content\/uploads\/2025\/06\/Blue-Mandarine-Auto-Bluedog-Genetics_11zon.webp\",\"width\":1536,\"height\":1024,\"caption\":\"Planta Blue Mandarine en floracion del banco Bluedog Genetis\"},{\"@type\":\"BreadcrumbList\",\"@id\":\"https:\/\/bluedoggenetics.com\/producto\/autoflorecientes\/blue-mandarin-auto\/#breadcrumb\",\"itemListElement\":[{\"@type\":\"ListItem\",\"position\":1,\"name\":\"Portada\",\"item\":\"https:\/\/bluedoggenetics.com\/\"},{\"@type\":\"ListItem\",\"position\":2,\"name\":\"Tienda\",\"item\":\"https:\/\/bluedoggenetics.com\/fr\/tienda\/\"},{\"@type\":\"ListItem\",\"position\":3,\"name\":\"Blue Mandarin Auto\"}]},{\"@type\":\"WebSite\",\"@id\":\"https:\/\/bluedoggenetics.com\/de\/#website\",\"url\":\"https:\/\/bluedoggenetics.com\/de\/\",\"name\":\"BLUEDOG GENETICS Seeds\",\"description\":\"Compara y compra las mejores semillas de cannabis. Feminizadas, Autoflorecientes, CBD.\",\"publisher\":{\"@id\":\"https:\/\/bluedoggenetics.com\/de\/#organization\"},\"alternateName\":\"BLUEDOG GENETICS\",\"potentialAction\":[{\"@type\":\"SearchAction\",\"target\":{\"@type\":\"EntryPoint\",\"urlTemplate\":\"https:\/\/bluedoggenetics.com\/de\/?s={search_term_string}\"},\"query-input\":{\"@type\":\"PropertyValueSpecification\",\"valueRequired\":true,\"valueName\":\"search_term_string\"}}],\"inLanguage\":\"fr-FR\"},{\"@type\":\"Organization\",\"@id\":\"https:\/\/bluedoggenetics.com\/de\/#organization\",\"name\":\"BLUEDOG GENETICS\",\"url\":\"https:\/\/bluedoggenetics.com\/de\/\",\"logo\":{\"@type\":\"ImageObject\",\"inLanguage\":\"fr-FR\",\"@id\":\"https:\/\/bluedoggenetics.com\/de\/#\/schema\/logo\/image\/\",\"url\":\"https:\/\/bluedoggenetics.com\/wp-content\/uploads\/2024\/11\/appIcon.png\",\"contentUrl\":\"https:\/\/bluedoggenetics.com\/wp-content\/uploads\/2024\/11\/appIcon.png\",\"width\":1024,\"height\":1024,\"caption\":\"BLUEDOG GENETICS\"},\"image\":{\"@id\":\"https:\/\/bluedoggenetics.com\/de\/#\/schema\/logo\/image\/\"},\"sameAs\":[\"https:\/\/www.instagram.com\/bluedog.genetics\/\"]}]}<\/script>\n<!-- \/ Yoast SEO plugin. -->","yoast_head_json":{"title":"Graines Autoflorissantes Blue Mandarin Auto - BLUEDOG GENETICS Seeds","description":"Blue Mandarin Auto offre une saveur de mandarine sucr\u00e9e avec des notes florales, un effet \u00e9quilibr\u00e9 et un cycle de croissance rapide.","robots":{"index":"index","follow":"follow","max-snippet":"max-snippet:-1","max-image-preview":"max-image-preview:large","max-video-preview":"max-video-preview:-1"},"canonical":"https:\/\/bluedoggenetics.com\/fr\/produit\/autofloraison\/blue-mandarin-auto\/","og_locale":"fr_FR","og_type":"article","og_title":"Semillas autoflorecientes Blue Mandarin Auto - BLUEDOG GENETICS Seeds","og_description":"Blue Mandarin Auto ofrece sabor a mandarina dulce con matices florales, efecto equilibrado y ciclo r\u00e1pido.","og_url":"https:\/\/bluedoggenetics.com\/fr\/produit\/autofloraison\/blue-mandarin-auto\/","og_site_name":"BLUEDOG GENETICS Seeds","article_modified_time":"2026-04-11T13:17:02+00:00","og_image":[{"width":1536,"height":1024,"url":"https:\/\/bluedoggenetics.com\/wp-content\/uploads\/2025\/06\/Blue-Mandarine-Auto-Bluedog-Genetics_11zon.webp","type":"image\/webp"}],"twitter_card":"summary_large_image","twitter_misc":{"Dur\u00e9e de lecture estim\u00e9e":"3 minutes"},"schema":{"@context":"https:\/\/schema.org","@graph":[{"@type":["WebPage","ItemPage"],"@id":"https:\/\/bluedoggenetics.com\/producto\/autoflorecientes\/blue-mandarin-auto\/","url":"https:\/\/bluedoggenetics.com\/producto\/autoflorecientes\/blue-mandarin-auto\/","name":"Graines Autoflorissantes Blue Mandarin Auto - BLUEDOG GENETICS Seeds","isPartOf":{"@id":"https:\/\/bluedoggenetics.com\/de\/#website"},"primaryImageOfPage":{"@id":"https:\/\/bluedoggenetics.com\/producto\/autoflorecientes\/blue-mandarin-auto\/#primaryimage"},"image":{"@id":"https:\/\/bluedoggenetics.com\/producto\/autoflorecientes\/blue-mandarin-auto\/#primaryimage"},"thumbnailUrl":"https:\/\/bluedoggenetics.com\/wp-content\/uploads\/2025\/06\/Blue-Mandarine-Auto-Bluedog-Genetics_11zon.webp","datePublished":"2025-11-20T16:50:25+00:00","dateModified":"2026-04-11T13:17:02+00:00","description":"Blue Mandarin Auto offre une saveur de mandarine sucr\u00e9e avec des notes florales, un effet \u00e9quilibr\u00e9 et un cycle de croissance rapide.","breadcrumb":{"@id":"https:\/\/bluedoggenetics.com\/producto\/autoflorecientes\/blue-mandarin-auto\/#breadcrumb"},"inLanguage":"fr-FR","potentialAction":[{"@type":"ReadAction","target":["https:\/\/bluedoggenetics.com\/producto\/autoflorecientes\/blue-mandarin-auto\/"]}]},{"@type":"ImageObject","inLanguage":"fr-FR","@id":"https:\/\/bluedoggenetics.com\/producto\/autoflorecientes\/blue-mandarin-auto\/#primaryimage","url":"https:\/\/bluedoggenetics.com\/wp-content\/uploads\/2025\/06\/Blue-Mandarine-Auto-Bluedog-Genetics_11zon.webp","contentUrl":"https:\/\/bluedoggenetics.com\/wp-content\/uploads\/2025\/06\/Blue-Mandarine-Auto-Bluedog-Genetics_11zon.webp","width":1536,"height":1024,"caption":"Planta Blue Mandarine en floracion del banco Bluedog Genetis"},{"@type":"BreadcrumbList","@id":"https:\/\/bluedoggenetics.com\/producto\/autoflorecientes\/blue-mandarin-auto\/#breadcrumb","itemListElement":[{"@type":"ListItem","position":1,"name":"Portada","item":"https:\/\/bluedoggenetics.com\/"},{"@type":"ListItem","position":2,"name":"Tienda","item":"https:\/\/bluedoggenetics.com\/fr\/tienda\/"},{"@type":"ListItem","position":3,"name":"Blue Mandarin Auto"}]},{"@type":"WebSite","@id":"https:\/\/bluedoggenetics.com\/de\/#website","url":"https:\/\/bluedoggenetics.com\/de\/","name":"BLUEDOG GENETICS Seeds","description":"Compare et ach\u00e8te les meilleures graines de cannabis. F\u00e9minis\u00e9es, autofloraison, CBD.","publisher":{"@id":"https:\/\/bluedoggenetics.com\/de\/#organization"},"alternateName":"BLUEDOG GENETICS","potentialAction":[{"@type":"SearchAction","target":{"@type":"EntryPoint","urlTemplate":"https:\/\/bluedoggenetics.com\/de\/?s={search_term_string}"},"query-input":{"@type":"PropertyValueSpecification","valueRequired":true,"valueName":"search_term_string"}}],"inLanguage":"fr-FR"},{"@type":"Organization","@id":"https:\/\/bluedoggenetics.com\/de\/#organization","name":"BLUEDOG GENETICS","url":"https:\/\/bluedoggenetics.com\/de\/","logo":{"@type":"ImageObject","inLanguage":"fr-FR","@id":"https:\/\/bluedoggenetics.com\/de\/#\/schema\/logo\/image\/","url":"https:\/\/bluedoggenetics.com\/wp-content\/uploads\/2024\/11\/appIcon.png","contentUrl":"https:\/\/bluedoggenetics.com\/wp-content\/uploads\/2024\/11\/appIcon.png","width":1024,"height":1024,"caption":"BLUEDOG GENETICS"},"image":{"@id":"https:\/\/bluedoggenetics.com\/de\/#\/schema\/logo\/image\/"},"sameAs":["https:\/\/www.instagram.com\/bluedog.genetics\/"]}]}},"sticker_url":"https:\/\/bluedoggenetics.com\/wp-content\/uploads\/2025\/07\/Blue-Mandarin-Auto-Sticker_11zon.webp","variations_full":[{"id":2718,"price":8.5,"regular_price":8.5,"attributes":{"attribute_cantidad":"Pack 1"},"image_src":"https:\/\/bluedoggenetics.com\/wp-content\/uploads\/2025\/06\/Blue-Mandarine-Auto-Bluedog-Genetics_11zon-600x400.webp","is_in_stock":true},{"id":2719,"price":21.5,"regular_price":21.5,"attributes":{"attribute_cantidad":"Pack 3"},"image_src":"https:\/\/bluedoggenetics.com\/wp-content\/uploads\/2025\/06\/Blue-Mandarine-Auto-Bluedog-Genetics_11zon-600x400.webp","is_in_stock":true},{"id":2720,"price":31.5,"regular_price":31.5,"attributes":{"attribute_cantidad":"Pack 5"},"image_src":"https:\/\/bluedoggenetics.com\/wp-content\/uploads\/2025\/06\/Blue-Mandarine-Auto-Bluedog-Genetics_11zon-600x400.webp","is_in_stock":true},{"id":2721,"price":55.5,"regular_price":55.5,"attributes":{"attribute_cantidad":"Pack 10"},"image_src":"https:\/\/bluedoggenetics.com\/wp-content\/uploads\/2025\/06\/Blue-Mandarine-Auto-Bluedog-Genetics_11zon-600x400.webp","is_in_stock":true}],"jetpack_sharing_enabled":true,"_links":{"self":[{"href":"https:\/\/bluedoggenetics.com\/fr\/wp-json\/wp\/v2\/product\/2561","targetHints":{"allow":["GET"]}}],"collection":[{"href":"https:\/\/bluedoggenetics.com\/fr\/wp-json\/wp\/v2\/product"}],"about":[{"href":"https:\/\/bluedoggenetics.com\/fr\/wp-json\/wp\/v2\/types\/product"}],"wp:featuredmedia":[{"embeddable":true,"href":"https:\/\/bluedoggenetics.com\/fr\/wp-json\/wp\/v2\/media\/2608"}],"wp:attachment":[{"href":"https:\/\/bluedoggenetics.com\/fr\/wp-json\/wp\/v2\/media?parent=2561"}],"wp:term":[{"taxonomy":"product_brand","embeddable":true,"href":"https:\/\/bluedoggenetics.com\/fr\/wp-json\/wp\/v2\/product_brand?post=2561"},{"taxonomy":"product_cat","embeddable":true,"href":"https:\/\/bluedoggenetics.com\/fr\/wp-json\/wp\/v2\/product_cat?post=2561"},{"taxonomy":"product_tag","embeddable":true,"href":"https:\/\/bluedoggenetics.com\/fr\/wp-json\/wp\/v2\/product_tag?post=2561"}],"curies":[{"name":"wp","href":"https:\/\/api.w.org\/{rel}","templated":true}]}}