{"id":2510,"date":"2025-11-16T17:01:20","date_gmt":"2025-11-16T16:01:20","guid":{"rendered":"https:\/\/bluedoggenetics.com\/?post_type=product&#038;p=2510"},"modified":"2026-04-11T15:16:58","modified_gmt":"2026-04-11T13:16:58","slug":"trifle-graines-de-cannabis-bluedog-genetics-seeds","status":"publish","type":"product","link":"https:\/\/bluedoggenetics.com\/fr\/produit\/feminise\/trifle-graines-de-cannabis-bluedog-genetics-seeds\/","title":{"rendered":"Trifle"},"content":{"rendered":"<p data-start=\"467\" data-end=\"980\" class=\"translation-block\"><strong data-start=\"467\" data-end=\"477\">Trifle<\/strong> est une vari\u00e9t\u00e9 de marijuana f\u00e9minis\u00e9e qui se distingue par son profil organoleptique riche et enveloppant. Son ar\u00f4me rappelle un dessert sucr\u00e9, avec des notes cr\u00e9meuses et des nuances de vanille et de fruits m\u00fbrs. Cette vari\u00e9t\u00e9 combine une puissance \u00e9lev\u00e9e avec un effet profond\u00e9ment relaxant, \u00e0 la fois physique et mental, id\u00e9ale pour se d\u00e9tendre apr\u00e8s une longue journ\u00e9e ou accompagner des moments de calme. Sa structure compacte et son rendement g\u00e9n\u00e9reux la rendent tr\u00e8s attrayante pour les cultivateurs domestiques comme commerciaux.<\/p>\n<p data-start=\"1011\" data-end=\"1426\" class=\"translation-block\"><strong data-start=\"1011\" data-end=\"1021\">Morphologie de la plante. Trifle<\/strong> d\u00e9veloppe une structure robuste et compacte, avec un entre-n\u0153ud court et des branches solides qui supportent bien le poids des fleurs. C'est une plante de taille moyenne, facile \u00e0 g\u00e9rer, id\u00e9ale pour les petits espaces ou les cultures discr\u00e8tes. Ses feuilles sont larges et d'un vert intense, et elle pr\u00e9sente une bonne r\u00e9sistance aux parasites et aux maladies, ce qui la rend adapt\u00e9e \u00e0 la culture en int\u00e9rieur comme en ext\u00e9rieur.<\/p>\n<p data-start=\"1452\" data-end=\"1943\" class=\"translation-block\"><strong>Aspect de la fleur.<\/strong> Les fleurs de <strong>Trifle<\/strong> sont denses, brillantes et couvertes d'une \u00e9paisse couche de trichomes collants qui r\u00e9v\u00e8lent leur puissance. Les t\u00eates prennent des teintes allant du vert clair au violet p\u00e2le par temps frais, avec des pistils orange qui cr\u00e9ent un contraste visuel. Son ar\u00f4me est doux et p\u00e9n\u00e9trant, avec des notes cr\u00e9meuses et \u00e9pic\u00e9es et une touche terreuse qui s'intensifie lors du s\u00e9chage. Lorsqu'elle est fum\u00e9e ou vaporis\u00e9e, elle laisse une saveur durable de p\u00e2tisserie, id\u00e9ale pour les amateurs de vari\u00e9t\u00e9s gourmet.<\/p>\n<h3 data-start=\"1945\" data-end=\"1953\">Conseils de Culture<\/h3>\n<ul>\n<li data-start=\"1955\" data-end=\"2222\" class=\"translation-block\"><strong data-start=\"1955\" data-end=\"2004\">Quel est le climat id\u00e9al pour cultiver Trifle ?<\/strong><br data-start=\"2004\" data-end=\"2007\">Trifle s'adapte mieux aux climats temp\u00e9r\u00e9s et ensoleill\u00e9s, avec des temp\u00e9ratures constantes entre 20\u202f\u00b0C et 26\u202f\u00b0C. Elle se comporte \u00e9galement tr\u00e8s bien en int\u00e9rieur avec contr\u00f4le du climat, o\u00f9 la production de r\u00e9sine peut \u00eatre maximis\u00e9e.<\/li>\n<li data-start=\"2224\" data-end=\"2481\" class=\"translation-block\"><strong data-start=\"2224\" data-end=\"2286\">Quelles techniques de formation fonctionnent le mieux avec Trifle ?<\/strong><br data-start=\"2286\" data-end=\"2289\">Trifle r\u00e9agit tr\u00e8s bien aux techniques de formation telles que le LST (Low Stress Training) et le topping. Elle s'adapte \u00e9galement parfaitement \u00e0 la m\u00e9thode SOG (Sea of Green) gr\u00e2ce \u00e0 sa structure compacte.<\/li>\n<li data-start=\"2483\" data-end=\"2778\" class=\"translation-block\"><strong data-start=\"2483\" data-end=\"2530\">Quel type de fertilisation Trifle n\u00e9cessite-t-elle ?<\/strong><br data-start=\"2530\" data-end=\"2533\">Pendant la phase v\u00e9g\u00e9tative, elle b\u00e9n\u00e9ficie d'un engrais \u00e9quilibr\u00e9 en azote. Pendant la floraison, elle profite d'un apport suppl\u00e9mentaire en phosphore et potassium pour am\u00e9liorer la production de fleurs et de r\u00e9sine. Son profil gourmet s'intensifie avec des engrais organiques.<\/li>\n<li data-start=\"2780\" data-end=\"3080\" class=\"translation-block\"><strong data-start=\"2780\" data-end=\"2833\">Comment doivent \u00eatre l'arrosage et l'humidit\u00e9 pour Trifle ?<\/strong><br data-start=\"2833\" data-end=\"2836\">Elle n\u00e9cessite un arrosage r\u00e9gulier mais sans exc\u00e8s. Il est recommand\u00e9 de laisser l\u00e9g\u00e8rement s\u00e9cher le substrat entre les arrosages. L'humidit\u00e9 id\u00e9ale est de 50-60\u202f% en croissance et 40-50\u202f% en floraison pour \u00e9viter les probl\u00e8mes fongiques et favoriser la formation de r\u00e9sine.<\/li>\n<li data-start=\"3082\" data-end=\"3315\" class=\"translation-block\"><strong data-start=\"3082\" data-end=\"3123\">Est-il n\u00e9cessaire de tailler la plante Trifle ?<\/strong><br data-start=\"3123\" data-end=\"3126\">La taille n'est pas obligatoire, mais elle est recommand\u00e9e pour ouvrir la structure et permettre une meilleure circulation de l'air. La taille des branches basses am\u00e9liore la concentration \u00e9nerg\u00e9tique sur les fleurs principales.<\/li>\n<\/ul>","protected":false},"excerpt":{"rendered":"<p data-start=\"429\" data-end=\"673\"><strong data-start=\"429\" data-end=\"439\">Trifle<\/strong> es una variedad feminizada dulce y potente, conocida por su aroma cremoso, su efecto profundamente relajante y su producci\u00f3n de resina excepcional. Ideal para quienes buscan sabor, potencia y una experiencia intensa al final del d\u00eda.<\/p>","protected":false},"featured_media":2662,"template":"","meta":{"_acf_changed":false,"inline_featured_image":false,"_wp_applaud_exclude":false},"product_brand":[194],"product_cat":[22],"product_tag":[],"class_list":{"0":"post-2510","1":"product","2":"type-product","3":"status-publish","4":"has-post-thumbnail","6":"product_brand-bluedog-genetics","7":"product_cat-feminizadas","9":"first","10":"instock","11":"featured","12":"taxable","13":"shipping-taxable","14":"purchasable","15":"product-type-variable"},"acf":{"sticker":"https:\/\/bluedoggenetics.com\/wp-content\/uploads\/2025\/07\/Trifle.webp","family_tree":"<ul>\n<li><a href=\"https:\/\/seedfinder.eu\/en\/strain-info\/triffle\/bluedog-genetics\" target=\"_blank\" rel=\"noopener\">Triffle<\/a>\n<ul>\n<li><a href=\"https:\/\/seedfinder.eu\/en\/strain-info\/wedding-cake\/seed-junky-genetics\" target=\"_blank\" rel=\"noopener\">Wedding Cake<\/a>\n<ul>\n<li><a href=\"https:\/\/seedfinder.eu\/en\/strain-info\/triangle-mints-23\/seed-junky-genetics\" target=\"_blank\" rel=\"noopener\">Triangle Mints #23<\/a>\n<ul>\n<li><a href=\"https:\/\/seedfinder.eu\/en\/strain-info\/triangle-kush\/unknown-or-legendary\" target=\"_blank\" rel=\"noopener\">Triangle Kush<\/a>\n<ul>\n<li><a href=\"#\">Unknown Strain [Emerald Triangle]<\/a><\/li>\n<li><a href=\"https:\/\/seedfinder.eu\/en\/strain-info\/hindu-kush\/neville-seeds\" target=\"_blank\" rel=\"noopener\">Hindu Kush [Neville]<\/a><\/li>\n<\/ul>\n<\/li>\n<li><a href=\"https:\/\/seedfinder.eu\/en\/strain-info\/animal-mints\/seed-junky-genetics\" target=\"_blank\" rel=\"noopener\">Animal Mints<\/a>\n<ul>\n<li><a href=\"https:\/\/seedfinder.eu\/en\/strain-info\/animal-cookies\/seed-junky-genetics\" target=\"_blank\" rel=\"noopener\">Animal Cookies<\/a>\n<ul>\n<li><a href=\"https:\/\/seedfinder.eu\/en\/strain-info\/girl-scout-cookies\/unknown-or-legendary\" target=\"_blank\" rel=\"noopener\">Girl Scout Cookies<\/a>\n<ul>\n<li><a href=\"https:\/\/seedfinder.eu\/en\/strain-info\/og-kush\/south-florida\" target=\"_blank\" rel=\"noopener\">OG Kush [South Florida]<\/a><\/li>\n<li><a href=\"https:\/\/seedfinder.eu\/en\/strain-info\/durban\/unknown-or-legendary\" target=\"_blank\" rel=\"noopener\">F1 Durban (Durban = South African Sativa)<\/a><\/li>\n<\/ul>\n<\/li>\n<li><a href=\"https:\/\/seedfinder.eu\/en\/strain-info\/fire-og-bx3\/seed-junky-genetics\" target=\"_blank\" rel=\"noopener\">Fire OG Bx3<\/a>\n<ul>\n<li><a href=\"#\">Fire Kush (Fire cut de OG Kush)<\/a><\/li>\n<\/ul>\n<\/li>\n<\/ul>\n<\/li>\n<li><a href=\"https:\/\/seedfinder.eu\/en\/strain-info\/sinmint-cookies\/seed-junky-genetics\" target=\"_blank\" rel=\"noopener\">SinMint Cookies<\/a>\n<ul>\n<li><a href=\"https:\/\/seedfinder.eu\/en\/strain-info\/forum-cookies\/unknown-or-legendary\" target=\"_blank\" rel=\"noopener\">Forum Cookies (GSC forum cut)<\/a><\/li>\n<li><a href=\"#\">Blue Power \u00bb Power \u00d7 White Moonshine<\/a><\/li>\n<\/ul>\n<\/li>\n<\/ul>\n<\/li>\n<\/ul>\n<\/li>\n<\/ul>\n<\/li>\n<li><a href=\"https:\/\/seedfinder.eu\/en\/strain-info\/zkittlez\/apeorigin\" target=\"_blank\" rel=\"noopener\">Zkittlez<\/a>\n<ul>\n<li><a href=\"#\">The Original Z \u00d7 The Original Z<\/a>\n<ul>\n<li><a href=\"https:\/\/seedfinder.eu\/en\/strain-info\/grape-ape\/unknown-or-legendary\" target=\"_blank\" rel=\"noopener\">Grape Ape<\/a><\/li>\n<li><a href=\"https:\/\/seedfinder.eu\/en\/strain-info\/grapefruit\/unknown-or-legendary\" target=\"_blank\" rel=\"noopener\">Grapefruit<\/a><\/li>\n<li><a href=\"#\">Unknown Strain<\/a><\/li>\n<\/ul>\n<\/li>\n<\/ul>\n<\/li>\n<\/ul>\n<\/li>\n<\/ul>\n"},"yoast_head":"<!-- This site is optimized with the Yoast SEO plugin v26.5 - https:\/\/yoast.com\/wordpress\/plugins\/seo\/ -->\n<title>Semillas de marihuana Trifle feminizadas | Sabor dulce - BLUEDOG GENETICS Seeds<\/title>\n<meta name=\"description\" content=\"Trifle es una variedad feminizada dulce, potente y muy resinosa. Disfruta de su aroma cremoso, efecto relajante y flores densas de calidad gourmet.\" \/>\n<meta name=\"robots\" content=\"index, follow, max-snippet:-1, max-image-preview:large, max-video-preview:-1\" \/>\n<link rel=\"canonical\" href=\"https:\/\/bluedoggenetics.com\/fr\/produit\/feminise\/trifle-graines-de-cannabis-bluedog-genetics-seeds\/\" \/>\n<meta property=\"og:locale\" content=\"fr_FR\" \/>\n<meta property=\"og:type\" content=\"article\" \/>\n<meta property=\"og:title\" content=\"Semillas de marihuana Trifle feminizadas | Sabor dulce - BLUEDOG GENETICS Seeds\" \/>\n<meta property=\"og:description\" content=\"Trifle es una variedad feminizada dulce, potente y muy resinosa. Disfruta de su aroma cremoso, efecto relajante y flores densas de calidad gourmet.\" \/>\n<meta property=\"og:url\" content=\"https:\/\/bluedoggenetics.com\/fr\/produit\/feminise\/trifle-graines-de-cannabis-bluedog-genetics-seeds\/\" \/>\n<meta property=\"og:site_name\" content=\"BLUEDOG GENETICS Seeds\" \/>\n<meta property=\"article:modified_time\" content=\"2026-04-11T13:16:58+00:00\" \/>\n<meta property=\"og:image\" content=\"https:\/\/bluedoggenetics.com\/wp-content\/uploads\/2025\/07\/Trifle-Bluedog-Genetics_11zon_11zon.webp\" \/>\n\t<meta property=\"og:image:width\" content=\"1536\" \/>\n\t<meta property=\"og:image:height\" content=\"1024\" \/>\n\t<meta property=\"og:image:type\" content=\"image\/webp\" \/>\n<meta name=\"twitter:card\" content=\"summary_large_image\" \/>\n<meta name=\"twitter:label1\" content=\"Dur\u00e9e de lecture estim\u00e9e\" \/>\n\t<meta name=\"twitter:data1\" content=\"3 minutes\" \/>\n<script type=\"application\/ld+json\" class=\"yoast-schema-graph\">{\"@context\":\"https:\/\/schema.org\",\"@graph\":[{\"@type\":[\"WebPage\",\"ItemPage\"],\"@id\":\"https:\/\/bluedoggenetics.com\/producto\/feminizadas\/semillas-de-marihuana-trifle\/\",\"url\":\"https:\/\/bluedoggenetics.com\/producto\/feminizadas\/semillas-de-marihuana-trifle\/\",\"name\":\"Semillas de marihuana Trifle feminizadas | Sabor dulce - BLUEDOG GENETICS Seeds\",\"isPartOf\":{\"@id\":\"https:\/\/bluedoggenetics.com\/de\/#website\"},\"primaryImageOfPage\":{\"@id\":\"https:\/\/bluedoggenetics.com\/producto\/feminizadas\/semillas-de-marihuana-trifle\/#primaryimage\"},\"image\":{\"@id\":\"https:\/\/bluedoggenetics.com\/producto\/feminizadas\/semillas-de-marihuana-trifle\/#primaryimage\"},\"thumbnailUrl\":\"https:\/\/bluedoggenetics.com\/wp-content\/uploads\/2025\/07\/Trifle-Bluedog-Genetics_11zon_11zon.webp\",\"datePublished\":\"2025-11-16T16:01:20+00:00\",\"dateModified\":\"2026-04-11T13:16:58+00:00\",\"description\":\"Trifle es una variedad feminizada dulce, potente y muy resinosa. Disfruta de su aroma cremoso, efecto relajante y flores densas de calidad gourmet.\",\"breadcrumb\":{\"@id\":\"https:\/\/bluedoggenetics.com\/producto\/feminizadas\/semillas-de-marihuana-trifle\/#breadcrumb\"},\"inLanguage\":\"fr-FR\",\"potentialAction\":[{\"@type\":\"ReadAction\",\"target\":[\"https:\/\/bluedoggenetics.com\/producto\/feminizadas\/semillas-de-marihuana-trifle\/\"]}]},{\"@type\":\"ImageObject\",\"inLanguage\":\"fr-FR\",\"@id\":\"https:\/\/bluedoggenetics.com\/producto\/feminizadas\/semillas-de-marihuana-trifle\/#primaryimage\",\"url\":\"https:\/\/bluedoggenetics.com\/wp-content\/uploads\/2025\/07\/Trifle-Bluedog-Genetics_11zon_11zon.webp\",\"contentUrl\":\"https:\/\/bluedoggenetics.com\/wp-content\/uploads\/2025\/07\/Trifle-Bluedog-Genetics_11zon_11zon.webp\",\"width\":1536,\"height\":1024,\"caption\":\"Trifle en floracion de Bluedog Genetics\"},{\"@type\":\"BreadcrumbList\",\"@id\":\"https:\/\/bluedoggenetics.com\/producto\/feminizadas\/semillas-de-marihuana-trifle\/#breadcrumb\",\"itemListElement\":[{\"@type\":\"ListItem\",\"position\":1,\"name\":\"Portada\",\"item\":\"https:\/\/bluedoggenetics.com\/\"},{\"@type\":\"ListItem\",\"position\":2,\"name\":\"Tienda\",\"item\":\"https:\/\/bluedoggenetics.com\/fr\/tienda\/\"},{\"@type\":\"ListItem\",\"position\":3,\"name\":\"Trifle\"}]},{\"@type\":\"WebSite\",\"@id\":\"https:\/\/bluedoggenetics.com\/de\/#website\",\"url\":\"https:\/\/bluedoggenetics.com\/de\/\",\"name\":\"BLUEDOG GENETICS Seeds\",\"description\":\"Compara y compra las mejores semillas de cannabis. Feminizadas, Autoflorecientes, CBD.\",\"publisher\":{\"@id\":\"https:\/\/bluedoggenetics.com\/de\/#organization\"},\"alternateName\":\"BLUEDOG GENETICS\",\"potentialAction\":[{\"@type\":\"SearchAction\",\"target\":{\"@type\":\"EntryPoint\",\"urlTemplate\":\"https:\/\/bluedoggenetics.com\/de\/?s={search_term_string}\"},\"query-input\":{\"@type\":\"PropertyValueSpecification\",\"valueRequired\":true,\"valueName\":\"search_term_string\"}}],\"inLanguage\":\"fr-FR\"},{\"@type\":\"Organization\",\"@id\":\"https:\/\/bluedoggenetics.com\/de\/#organization\",\"name\":\"BLUEDOG GENETICS\",\"url\":\"https:\/\/bluedoggenetics.com\/de\/\",\"logo\":{\"@type\":\"ImageObject\",\"inLanguage\":\"fr-FR\",\"@id\":\"https:\/\/bluedoggenetics.com\/de\/#\/schema\/logo\/image\/\",\"url\":\"https:\/\/bluedoggenetics.com\/wp-content\/uploads\/2024\/11\/appIcon.png\",\"contentUrl\":\"https:\/\/bluedoggenetics.com\/wp-content\/uploads\/2024\/11\/appIcon.png\",\"width\":1024,\"height\":1024,\"caption\":\"BLUEDOG GENETICS\"},\"image\":{\"@id\":\"https:\/\/bluedoggenetics.com\/de\/#\/schema\/logo\/image\/\"},\"sameAs\":[\"https:\/\/www.instagram.com\/bluedog.genetics\/\"]}]}<\/script>\n<!-- \/ Yoast SEO plugin. -->","yoast_head_json":{"title":"Graines de cannabis Trifle f\u00e9minis\u00e9es | Saveur douce - BLUEDOG GENETICS Seeds","description":"Trifle est une vari\u00e9t\u00e9 f\u00e9minis\u00e9e douce, puissante et tr\u00e8s r\u00e9sineuse. Profitez de son ar\u00f4me cr\u00e9meux, de son effet relaxant et de ses fleurs denses de qualit\u00e9 gourmet.","robots":{"index":"index","follow":"follow","max-snippet":"max-snippet:-1","max-image-preview":"max-image-preview:large","max-video-preview":"max-video-preview:-1"},"canonical":"https:\/\/bluedoggenetics.com\/fr\/produit\/feminise\/trifle-graines-de-cannabis-bluedog-genetics-seeds\/","og_locale":"fr_FR","og_type":"article","og_title":"Semillas de marihuana Trifle feminizadas | Sabor dulce - BLUEDOG GENETICS Seeds","og_description":"Trifle es una variedad feminizada dulce, potente y muy resinosa. Disfruta de su aroma cremoso, efecto relajante y flores densas de calidad gourmet.","og_url":"https:\/\/bluedoggenetics.com\/fr\/produit\/feminise\/trifle-graines-de-cannabis-bluedog-genetics-seeds\/","og_site_name":"BLUEDOG GENETICS Seeds","article_modified_time":"2026-04-11T13:16:58+00:00","og_image":[{"width":1536,"height":1024,"url":"https:\/\/bluedoggenetics.com\/wp-content\/uploads\/2025\/07\/Trifle-Bluedog-Genetics_11zon_11zon.webp","type":"image\/webp"}],"twitter_card":"summary_large_image","twitter_misc":{"Dur\u00e9e de lecture estim\u00e9e":"3 minutes"},"schema":{"@context":"https:\/\/schema.org","@graph":[{"@type":["WebPage","ItemPage"],"@id":"https:\/\/bluedoggenetics.com\/producto\/feminizadas\/semillas-de-marihuana-trifle\/","url":"https:\/\/bluedoggenetics.com\/producto\/feminizadas\/semillas-de-marihuana-trifle\/","name":"Graines de cannabis Trifle f\u00e9minis\u00e9es | Saveur douce - BLUEDOG GENETICS Seeds","isPartOf":{"@id":"https:\/\/bluedoggenetics.com\/de\/#website"},"primaryImageOfPage":{"@id":"https:\/\/bluedoggenetics.com\/producto\/feminizadas\/semillas-de-marihuana-trifle\/#primaryimage"},"image":{"@id":"https:\/\/bluedoggenetics.com\/producto\/feminizadas\/semillas-de-marihuana-trifle\/#primaryimage"},"thumbnailUrl":"https:\/\/bluedoggenetics.com\/wp-content\/uploads\/2025\/07\/Trifle-Bluedog-Genetics_11zon_11zon.webp","datePublished":"2025-11-16T16:01:20+00:00","dateModified":"2026-04-11T13:16:58+00:00","description":"Trifle est une vari\u00e9t\u00e9 f\u00e9minis\u00e9e douce, puissante et tr\u00e8s r\u00e9sineuse. Profitez de son ar\u00f4me cr\u00e9meux, de son effet relaxant et de ses fleurs denses de qualit\u00e9 gourmet.","breadcrumb":{"@id":"https:\/\/bluedoggenetics.com\/producto\/feminizadas\/semillas-de-marihuana-trifle\/#breadcrumb"},"inLanguage":"fr-FR","potentialAction":[{"@type":"ReadAction","target":["https:\/\/bluedoggenetics.com\/producto\/feminizadas\/semillas-de-marihuana-trifle\/"]}]},{"@type":"ImageObject","inLanguage":"fr-FR","@id":"https:\/\/bluedoggenetics.com\/producto\/feminizadas\/semillas-de-marihuana-trifle\/#primaryimage","url":"https:\/\/bluedoggenetics.com\/wp-content\/uploads\/2025\/07\/Trifle-Bluedog-Genetics_11zon_11zon.webp","contentUrl":"https:\/\/bluedoggenetics.com\/wp-content\/uploads\/2025\/07\/Trifle-Bluedog-Genetics_11zon_11zon.webp","width":1536,"height":1024,"caption":"Trifle en floracion de Bluedog Genetics"},{"@type":"BreadcrumbList","@id":"https:\/\/bluedoggenetics.com\/producto\/feminizadas\/semillas-de-marihuana-trifle\/#breadcrumb","itemListElement":[{"@type":"ListItem","position":1,"name":"Portada","item":"https:\/\/bluedoggenetics.com\/"},{"@type":"ListItem","position":2,"name":"Tienda","item":"https:\/\/bluedoggenetics.com\/fr\/tienda\/"},{"@type":"ListItem","position":3,"name":"Trifle"}]},{"@type":"WebSite","@id":"https:\/\/bluedoggenetics.com\/de\/#website","url":"https:\/\/bluedoggenetics.com\/de\/","name":"BLUEDOG GENETICS Seeds","description":"Compare et ach\u00e8te les meilleures graines de cannabis. F\u00e9minis\u00e9es, autofloraison, CBD.","publisher":{"@id":"https:\/\/bluedoggenetics.com\/de\/#organization"},"alternateName":"BLUEDOG GENETICS","potentialAction":[{"@type":"SearchAction","target":{"@type":"EntryPoint","urlTemplate":"https:\/\/bluedoggenetics.com\/de\/?s={search_term_string}"},"query-input":{"@type":"PropertyValueSpecification","valueRequired":true,"valueName":"search_term_string"}}],"inLanguage":"fr-FR"},{"@type":"Organization","@id":"https:\/\/bluedoggenetics.com\/de\/#organization","name":"BLUEDOG GENETICS","url":"https:\/\/bluedoggenetics.com\/de\/","logo":{"@type":"ImageObject","inLanguage":"fr-FR","@id":"https:\/\/bluedoggenetics.com\/de\/#\/schema\/logo\/image\/","url":"https:\/\/bluedoggenetics.com\/wp-content\/uploads\/2024\/11\/appIcon.png","contentUrl":"https:\/\/bluedoggenetics.com\/wp-content\/uploads\/2024\/11\/appIcon.png","width":1024,"height":1024,"caption":"BLUEDOG GENETICS"},"image":{"@id":"https:\/\/bluedoggenetics.com\/de\/#\/schema\/logo\/image\/"},"sameAs":["https:\/\/www.instagram.com\/bluedog.genetics\/"]}]}},"sticker_url":"https:\/\/bluedoggenetics.com\/wp-content\/uploads\/2025\/07\/Trifle.webp","variations_full":[{"id":2673,"price":11,"regular_price":11,"attributes":{"attribute_cantidad":"Pack 1"},"image_src":"https:\/\/bluedoggenetics.com\/wp-content\/uploads\/2025\/07\/Trifle-Bluedog-Genetics_11zon_11zon-600x400.webp","is_in_stock":true},{"id":2674,"price":28,"regular_price":28,"attributes":{"attribute_cantidad":"Pack 3"},"image_src":"https:\/\/bluedoggenetics.com\/wp-content\/uploads\/2025\/07\/Trifle-Bluedog-Genetics_11zon_11zon-600x400.webp","is_in_stock":true},{"id":2675,"price":41,"regular_price":41,"attributes":{"attribute_cantidad":"Pack 5"},"image_src":"https:\/\/bluedoggenetics.com\/wp-content\/uploads\/2025\/07\/Trifle-Bluedog-Genetics_11zon_11zon-600x400.webp","is_in_stock":true},{"id":2676,"price":71,"regular_price":71,"attributes":{"attribute_cantidad":"Pack 10"},"image_src":"https:\/\/bluedoggenetics.com\/wp-content\/uploads\/2025\/07\/Trifle-Bluedog-Genetics_11zon_11zon-600x400.webp","is_in_stock":true}],"jetpack_sharing_enabled":true,"_links":{"self":[{"href":"https:\/\/bluedoggenetics.com\/fr\/wp-json\/wp\/v2\/product\/2510","targetHints":{"allow":["GET"]}}],"collection":[{"href":"https:\/\/bluedoggenetics.com\/fr\/wp-json\/wp\/v2\/product"}],"about":[{"href":"https:\/\/bluedoggenetics.com\/fr\/wp-json\/wp\/v2\/types\/product"}],"wp:featuredmedia":[{"embeddable":true,"href":"https:\/\/bluedoggenetics.com\/fr\/wp-json\/wp\/v2\/media\/2662"}],"wp:attachment":[{"href":"https:\/\/bluedoggenetics.com\/fr\/wp-json\/wp\/v2\/media?parent=2510"}],"wp:term":[{"taxonomy":"product_brand","embeddable":true,"href":"https:\/\/bluedoggenetics.com\/fr\/wp-json\/wp\/v2\/product_brand?post=2510"},{"taxonomy":"product_cat","embeddable":true,"href":"https:\/\/bluedoggenetics.com\/fr\/wp-json\/wp\/v2\/product_cat?post=2510"},{"taxonomy":"product_tag","embeddable":true,"href":"https:\/\/bluedoggenetics.com\/fr\/wp-json\/wp\/v2\/product_tag?post=2510"}],"curies":[{"name":"wp","href":"https:\/\/api.w.org\/{rel}","templated":true}]}}