{"id":1426,"date":"2024-11-05T21:18:13","date_gmt":"2024-11-05T20:18:13","guid":{"rendered":"https:\/\/bluedoggenetics.com\/?post_type=product&#038;p=1426"},"modified":"2026-03-09T11:58:27","modified_gmt":"2026-03-09T10:58:27","slug":"acheter-graines-gelato-x-zookies","status":"publish","type":"product","link":"https:\/\/bluedoggenetics.com\/fr\/produit\/feminise\/acheter-graines-gelato-x-zookies\/","title":{"rendered":"Gelato x Zookies"},"content":{"rendered":"<p class=\"translation-block\">Gelato x Zookies combine 60 % de g\u00e9n\u00e9tique indica et 40 % de sativa, offrant un \u00e9quilibre entre une <strong>croissance compacte<\/strong> et la puissance de ses effets. Avec un cycle de floraison de 9 \u00e0 10 semaines, cette plante convient \u00e0 la culture en int\u00e9rieur et en ext\u00e9rieur, avec des rendements allant de 550 \u00e0 650 grammes par m\u00e8tre carr\u00e9 en int\u00e9rieur et jusqu'\u00e0 <strong>850 grammes par plante<\/strong> en ext\u00e9rieur.<br>\nSes niveaux de THC varient entre 20 % et 27 %, offrant un effet puissant mais \u00e9quilibr\u00e9, combinant euphorie et relaxation profonde et persistante.<\/p>\n<p>Cette vari\u00e9t\u00e9 de cannabis offre non seulement une grande puissance avec jusqu'\u00e0 24 % de THC, mais elle procure \u00e9galement des effets euphoriques et relaxants, parfaits pour la fin de la journ\u00e9e.<\/p>\n<p class=\"translation-block\"><strong>Aspect de la Fleur.<\/strong> Les t\u00eates de Gelato x Zookies sont <strong>denses et pr\u00e9sentent une apparence brillante et r\u00e9sineuse.<\/strong> Les couleurs varient entre des verts intenses et des nuances pourpres, rehauss\u00e9es de pistils orange qui leur donnent une apparence vibrante. En \u00e9miettant ces t\u00eates, une fragrance complexe se lib\u00e8re, o\u00f9 pr\u00e9dominent les notes sucr\u00e9es de fruits et des touches \u00e9pic\u00e9es, refl\u00e9tant la profondeur de son profil de saveur et d'ar\u00f4me.<\/p>\n<p class=\"translation-block\"><strong>Morphologie de la Plante.<\/strong> Gelato x Zookies pousse de mani\u00e8re mod\u00e9r\u00e9e et robuste, atteignant une hauteur de 90 \u00e0 120 cm en int\u00e9rieur et de 150 \u00e0 180 cm en ext\u00e9rieur. Sa structure compacte et bien ramifi\u00e9e est id\u00e9ale pour la culture en int\u00e9rieur dans des espaces r\u00e9duits, o\u00f9 elle peut rester discr\u00e8te et devenir une grande plante en ext\u00e9rieur. Cette plante d\u00e9veloppe des t\u00eates denses et uniformes le long de ses branches, ce qui la rend parfaite <strong>pour les cultivateurs de tous niveaux.<\/strong><\/p>\n<h3><strong>Conseils de Culture<\/strong><\/h3>\n<ul>\n<li class=\"translation-block\"><strong>Climat Id\u00e9al.<\/strong> Gelato x Zookies s'adapte mieux aux climats temp\u00e9r\u00e9s et chauds, o\u00f9 les temp\u00e9ratures varient entre <strong>20-26\u00b0C (68-79\u00b0F).<\/strong> Dans les climats plus humides, il est important d'assurer une bonne ventilation pour \u00e9viter les probl\u00e8mes de moisissure sur les fleurs.<\/li>\n<li class=\"translation-block\"><strong>Espace et Entra\u00eenement.<\/strong> Bien que cette vari\u00e9t\u00e9 croisse de mani\u00e8re contr\u00f4l\u00e9e, le LST (Low Stress Training) peut aider \u00e0 maximiser l'exposition des t\u00eates \u00e0 la lumi\u00e8re, favorisant une croissance uniforme et am\u00e9liorant les rendements.<\/li>\n<li class=\"translation-block\"><strong>Nutriments et Fertilisation.<\/strong> Pendant la phase v\u00e9g\u00e9tative, Gelato x Zookies <strong>r\u00e9pond bien \u00e0 une nutrition \u00e9quilibr\u00e9e<\/strong> riche en azote. En floraison, il est id\u00e9al d'augmenter le phosphore et le potassium pour d\u00e9velopper des t\u00eates denses et r\u00e9sineuses.<\/li>\n<li class=\"translation-block\"><strong>Arrosage et Humidit\u00e9.<\/strong> Maintenez un <strong>arrosage mod\u00e9r\u00e9,<\/strong> en laissant le substrat s\u00e9cher l\u00e9g\u00e8rement entre les arrosages. En floraison, r\u00e9duisez l'humidit\u00e9 \u00e0 une plage de 40 \u00e0 50 % pour garantir la qualit\u00e9 des t\u00eates et pr\u00e9venir les probl\u00e8mes de moisissure.<\/li>\n<li class=\"translation-block\"><strong>Taille et Gestion.<\/strong> Une taille l\u00e9g\u00e8re au d\u00e9but de la croissance peut am\u00e9liorer la circulation de l'air et la p\u00e9n\u00e9tration de la lumi\u00e8re, en particulier dans les branches inf\u00e9rieures. Pendant la floraison, <strong>l'effeuillage s\u00e9lectif<\/strong> permettra aux t\u00eates d'atteindre leur densit\u00e9 et qualit\u00e9 maximales.<\/li>\n<\/ul>","protected":false},"excerpt":{"rendered":"<p><strong>Gelato x Zookies<\/strong> es una fusi\u00f3n irresistible, el perfil de sabor dulce y cremoso de Gelato con las notas terrosas y especiadas de Zookies. Cada calada transporta al usuario a una experiencia completa de sabores, desde el dulce tropical hasta el toque picante y terroso, creando una experiencia compleja y exquisita. Esta variedad es ideal para aquellos que buscan una experiencia equilibrada que relaja profundamente sin perder la claridad mental.<\/p>","protected":false},"featured_media":2645,"template":"","meta":{"_acf_changed":false,"inline_featured_image":false,"_wp_applaud_exclude":false},"product_brand":[194],"product_cat":[22],"product_tag":[],"class_list":{"0":"post-1426","1":"product","2":"type-product","3":"status-publish","4":"has-post-thumbnail","6":"product_brand-bluedog-genetics","7":"product_cat-feminizadas","8":"pa_altura-exterior-150-180","9":"pa_altura-interior-90-120","10":"pa_beneficios-terapeuticos-alivio-de-ansiedad","11":"pa_beneficios-terapeuticos-alivio-del-dolor","12":"pa_beneficios-terapeuticos-reduccion-de-nauseas","13":"pa_cantidad-pack-1","14":"pa_cantidad-pack-10","15":"pa_cantidad-pack-3","16":"pa_cantidad-pack-5","17":"pa_clima-templado","18":"pa_cosecha-exterior-750-850","19":"pa_cosecha-interior-550-650","20":"pa_efectos-destacables-activo","21":"pa_efectos-destacables-creativo","22":"pa_efectos-destacables-euforico","23":"pa_efectos-destacables-relajado","24":"pa_floracion-9-10","25":"pa_genetica-60-40","26":"pa_olor-intenso","27":"pa_sabores-y-olores-dulce","28":"pa_sabores-y-olores-especias","29":"pa_sabores-y-olores-terroso","30":"pa_sabores-y-olores-tropical","31":"pa_thc-20-27","32":"pa_variedad-indica","33":"pa_variedad-sativa","35":"first","36":"instock","37":"taxable","38":"shipping-taxable","39":"purchasable","40":"product-type-variable"},"acf":{"sticker":"https:\/\/bluedoggenetics.com\/wp-content\/uploads\/2024\/11\/Gelato-x-Zookies-Sticker_11zon.webp","family_tree":"<ul>\n<li><a href=\"https:\/\/seedfinder.eu\/es\/strain-info\/gelato-x-zookies\/bluedog-genetics\" target=\"_blank\" rel=\"noopener\">Gelato x Zookies<\/a>\n<ul>\n<li><a href=\"https:\/\/seedfinder.eu\/es\/strain-info\/zookies\/unknown-or-legendary\" target=\"_blank\" rel=\"noopener\">Zookies<\/a>\n<ul>\n<li><a href=\"https:\/\/seedfinder.eu\/es\/strain-info\/original-glue\/gg-genetics\" target=\"_blank\" rel=\"noopener\">Gorilla Glue #4<\/a>\n<ul>\n<li><a href=\"https:\/\/seedfinder.eu\/es\/strain-info\/chocolate-diesel\/unknown-or-legendary\" target=\"_blank\" rel=\"noopener\">Chocolate Diesel<\/a>\n<ul>\n<li><a href=\"https:\/\/seedfinder.eu\/es\/strain-info\/sour-diesel-ibl\/reservoir-seeds\" target=\"_blank\" rel=\"noopener\">Sour Diesel (v1.5)<\/a><\/li>\n<li><a href=\"https:\/\/seedfinder.eu\/es\/strain-info\/chocolate-trip\/dutch-flowers\" target=\"_blank\" rel=\"noopener\">Chocolate Trip (pheno, generation: Katsus F1-Cut)<\/a><\/li>\n<\/ul>\n<\/li>\n<li><a href=\"https:\/\/seedfinder.eu\/es\/strain-info\/chem-sister\/clone-only-strains\" target=\"_blank\" rel=\"noopener\">Chem Sister<\/a>\n<ul>\n<li><a href=\"https:\/\/seedfinder.eu\/es\/strain-info\/chemdog\/unknown-or-legendary\" target=\"_blank\" rel=\"noopener\">Chem Dawg (a)<\/a><\/li>\n<\/ul>\n<\/li>\n<li><a href=\"https:\/\/seedfinder.eu\/es\/strain-info\/sour-dubble\/greyskull-seeds\" target=\"_blank\" rel=\"noopener\">Sour Dubb<\/a>\n<ul>\n<li><a href=\"https:\/\/seedfinder.eu\/es\/strain-info\/sour-bubble\/bog-seeds\" target=\"_blank\" rel=\"noopener\">Sour Bubble<\/a><\/li>\n<li><a href=\"https:\/\/seedfinder.eu\/es\/strain-info\/nyc-diesel\/soma-seeds\" target=\"_blank\" rel=\"noopener\">NYC Diesel<\/a><\/li>\n<\/ul>\n<\/li>\n<\/ul>\n<\/li>\n<li><a href=\"https:\/\/seedfinder.eu\/es\/strain-info\/animal-cookies\/bc-bud-depot\" target=\"_blank\" rel=\"noopener\">Animal Cookies<\/a>\n<ul>\n<li><a href=\"https:\/\/seedfinder.eu\/es\/strain-info\/fire-og-bx3\/bc-bud-depot\" target=\"_blank\" rel=\"noopener\">Fire OG Bx3<\/a>\n<ul>\n<li><a href=\"https:\/\/seedfinder.eu\/es\/strain-info\/unknown-strain\/original-strains\" target=\"_blank\" rel=\"noopener\">Unknown Strain<\/a><\/li>\n<li><a href=\"https:\/\/seedfinder.eu\/es\/strain-info\/fire-kush\/og-raskal-genetics\" target=\"_blank\" rel=\"noopener\">Fire Kush<\/a><\/li>\n<\/ul>\n<\/li>\n<li><a href=\"https:\/\/seedfinder.eu\/es\/strain-info\/girl-scout-cookies\/clone-only-strains\" target=\"_blank\" rel=\"noopener\">Girl Scout Cookies<\/a>\n<ul>\n<li><a href=\"https:\/\/seedfinder.eu\/es\/strain-info\/gsc-thin-mints\/clone-only-strains\" target=\"_blank\" rel=\"noopener\">Thin Mint GSC<\/a><\/li>\n<\/ul>\n<\/li>\n<\/ul>\n<\/li>\n<\/ul>\n<\/li>\n<li><a href=\"https:\/\/seedfinder.eu\/es\/strain-info\/gelato-33\/unknown-or-legendary\" target=\"_blank\" rel=\"noopener\">Gelato #33<\/a>\n<ul>\n<li><a href=\"https:\/\/seedfinder.eu\/es\/strain-info\/gelato-33\/sherbinskis\" target=\"_blank\" rel=\"noopener\">Gelato<\/a>\n<ul>\n<li><a href=\"https:\/\/seedfinder.eu\/es\/strain-info\/gsc-thin-mints\/clone-only-strains\" target=\"_blank\" rel=\"noopener\">Thin Mint Cookies<\/a><\/li>\n<li><a href=\"https:\/\/seedfinder.eu\/es\/strain-info\/sunset-sherbert\/unknown-or-legendary\" target=\"_blank\" rel=\"noopener\">Sunset Sherbet<\/a><\/li>\n<\/ul>\n<\/li>\n<\/ul>\n<\/li>\n<\/ul>\n<\/li>\n<\/ul>\n"},"yoast_head":"<!-- This site is optimized with the Yoast SEO plugin v26.5 - https:\/\/yoast.com\/wordpress\/plugins\/seo\/ -->\n<title>Gelato x Zookies - Comprar semillas de Marihuana - BLUEDOG GENETICS Seeds<\/title>\n<meta name=\"description\" content=\"Gelato x Zookies es variedad potente con hasta 24% de THC, combinando sabores dulces y especiados. Disfruta de una colocon profundo.\" \/>\n<meta name=\"robots\" content=\"index, follow, max-snippet:-1, max-image-preview:large, max-video-preview:-1\" \/>\n<link rel=\"canonical\" href=\"https:\/\/bluedoggenetics.com\/fr\/produit\/graines\/feminise\/acheter-graines-gelato-x-zookies\/\" \/>\n<meta property=\"og:locale\" content=\"fr_FR\" \/>\n<meta property=\"og:type\" content=\"article\" \/>\n<meta property=\"og:title\" content=\"Gelato x Zookies - Comprar semillas de Marihuana - BLUEDOG GENETICS Seeds\" \/>\n<meta property=\"og:description\" content=\"Gelato x Zookies es variedad potente con hasta 24% de THC, combinando sabores dulces y especiados. Disfruta de una colocon profundo.\" \/>\n<meta property=\"og:url\" content=\"https:\/\/bluedoggenetics.com\/fr\/produit\/graines\/feminise\/acheter-graines-gelato-x-zookies\/\" \/>\n<meta property=\"og:site_name\" content=\"BLUEDOG GENETICS Seeds\" \/>\n<meta property=\"article:modified_time\" content=\"2026-03-09T10:58:27+00:00\" \/>\n<meta property=\"og:image\" content=\"https:\/\/bluedoggenetics.com\/wp-content\/uploads\/2024\/11\/Gelato-x-Zookies-Bluedog-Genetics_11zon.webp\" \/>\n\t<meta property=\"og:image:width\" content=\"1536\" \/>\n\t<meta property=\"og:image:height\" content=\"1024\" \/>\n\t<meta property=\"og:image:type\" content=\"image\/webp\" \/>\n<meta name=\"twitter:card\" content=\"summary_large_image\" \/>\n<meta name=\"twitter:label1\" content=\"Dur\u00e9e de lecture estim\u00e9e\" \/>\n\t<meta name=\"twitter:data1\" content=\"3 minutes\" \/>\n<script type=\"application\/ld+json\" class=\"yoast-schema-graph\">{\"@context\":\"https:\/\/schema.org\",\"@graph\":[{\"@type\":[\"WebPage\",\"ItemPage\"],\"@id\":\"https:\/\/bluedoggenetics.com\/producto\/semillas\/feminizadas\/comprar-semillas-gelato-x-zookies\/\",\"url\":\"https:\/\/bluedoggenetics.com\/producto\/semillas\/feminizadas\/comprar-semillas-gelato-x-zookies\/\",\"name\":\"Gelato x Zookies - Comprar semillas de Marihuana - BLUEDOG GENETICS Seeds\",\"isPartOf\":{\"@id\":\"https:\/\/bluedoggenetics.com\/de\/#website\"},\"primaryImageOfPage\":{\"@id\":\"https:\/\/bluedoggenetics.com\/producto\/semillas\/feminizadas\/comprar-semillas-gelato-x-zookies\/#primaryimage\"},\"image\":{\"@id\":\"https:\/\/bluedoggenetics.com\/producto\/semillas\/feminizadas\/comprar-semillas-gelato-x-zookies\/#primaryimage\"},\"thumbnailUrl\":\"https:\/\/bluedoggenetics.com\/wp-content\/uploads\/2024\/11\/Gelato-x-Zookies-Bluedog-Genetics_11zon.webp\",\"datePublished\":\"2024-11-05T20:18:13+00:00\",\"dateModified\":\"2026-03-09T10:58:27+00:00\",\"description\":\"Gelato x Zookies es variedad potente con hasta 24% de THC, combinando sabores dulces y especiados. Disfruta de una colocon profundo.\",\"breadcrumb\":{\"@id\":\"https:\/\/bluedoggenetics.com\/producto\/semillas\/feminizadas\/comprar-semillas-gelato-x-zookies\/#breadcrumb\"},\"inLanguage\":\"fr-FR\",\"potentialAction\":[{\"@type\":\"ReadAction\",\"target\":[\"https:\/\/bluedoggenetics.com\/producto\/semillas\/feminizadas\/comprar-semillas-gelato-x-zookies\/\"]}]},{\"@type\":\"ImageObject\",\"inLanguage\":\"fr-FR\",\"@id\":\"https:\/\/bluedoggenetics.com\/producto\/semillas\/feminizadas\/comprar-semillas-gelato-x-zookies\/#primaryimage\",\"url\":\"https:\/\/bluedoggenetics.com\/wp-content\/uploads\/2024\/11\/Gelato-x-Zookies-Bluedog-Genetics_11zon.webp\",\"contentUrl\":\"https:\/\/bluedoggenetics.com\/wp-content\/uploads\/2024\/11\/Gelato-x-Zookies-Bluedog-Genetics_11zon.webp\",\"width\":1536,\"height\":1024,\"caption\":\"Gelato x Zookies de Bluedog Genetics\"},{\"@type\":\"BreadcrumbList\",\"@id\":\"https:\/\/bluedoggenetics.com\/producto\/semillas\/feminizadas\/comprar-semillas-gelato-x-zookies\/#breadcrumb\",\"itemListElement\":[{\"@type\":\"ListItem\",\"position\":1,\"name\":\"Portada\",\"item\":\"https:\/\/bluedoggenetics.com\/\"},{\"@type\":\"ListItem\",\"position\":2,\"name\":\"Tienda\",\"item\":\"https:\/\/bluedoggenetics.com\/fr\/tienda\/\"},{\"@type\":\"ListItem\",\"position\":3,\"name\":\"Gelato x Zookies\"}]},{\"@type\":\"WebSite\",\"@id\":\"https:\/\/bluedoggenetics.com\/de\/#website\",\"url\":\"https:\/\/bluedoggenetics.com\/de\/\",\"name\":\"BLUEDOG GENETICS Seeds\",\"description\":\"Compara y compra las mejores semillas de cannabis. Feminizadas, Autoflorecientes, CBD.\",\"publisher\":{\"@id\":\"https:\/\/bluedoggenetics.com\/de\/#organization\"},\"alternateName\":\"BLUEDOG GENETICS\",\"potentialAction\":[{\"@type\":\"SearchAction\",\"target\":{\"@type\":\"EntryPoint\",\"urlTemplate\":\"https:\/\/bluedoggenetics.com\/de\/?s={search_term_string}\"},\"query-input\":{\"@type\":\"PropertyValueSpecification\",\"valueRequired\":true,\"valueName\":\"search_term_string\"}}],\"inLanguage\":\"fr-FR\"},{\"@type\":\"Organization\",\"@id\":\"https:\/\/bluedoggenetics.com\/de\/#organization\",\"name\":\"BLUEDOG GENETICS\",\"url\":\"https:\/\/bluedoggenetics.com\/de\/\",\"logo\":{\"@type\":\"ImageObject\",\"inLanguage\":\"fr-FR\",\"@id\":\"https:\/\/bluedoggenetics.com\/de\/#\/schema\/logo\/image\/\",\"url\":\"https:\/\/bluedoggenetics.com\/wp-content\/uploads\/2024\/11\/appIcon.png\",\"contentUrl\":\"https:\/\/bluedoggenetics.com\/wp-content\/uploads\/2024\/11\/appIcon.png\",\"width\":1024,\"height\":1024,\"caption\":\"BLUEDOG GENETICS\"},\"image\":{\"@id\":\"https:\/\/bluedoggenetics.com\/de\/#\/schema\/logo\/image\/\"},\"sameAs\":[\"https:\/\/www.instagram.com\/bluedog.genetics\/\"]}]}<\/script>\n<!-- \/ Yoast SEO plugin. -->","yoast_head_json":{"title":"Gelato x Zookies - Acheter des graines de Cannabis - BLUEDOG GENETICS Seeds","description":"Gelato x Zookies est une vari\u00e9t\u00e9 puissante avec jusqu'\u00e0 24 % de THC, combinant des saveurs sucr\u00e9es et \u00e9pic\u00e9es. Profitez d'un high profond.","robots":{"index":"index","follow":"follow","max-snippet":"max-snippet:-1","max-image-preview":"max-image-preview:large","max-video-preview":"max-video-preview:-1"},"canonical":"https:\/\/bluedoggenetics.com\/fr\/produit\/graines\/feminise\/acheter-graines-gelato-x-zookies\/","og_locale":"fr_FR","og_type":"article","og_title":"Gelato x Zookies - Comprar semillas de Marihuana - BLUEDOG GENETICS Seeds","og_description":"Gelato x Zookies es variedad potente con hasta 24% de THC, combinando sabores dulces y especiados. Disfruta de una colocon profundo.","og_url":"https:\/\/bluedoggenetics.com\/fr\/produit\/graines\/feminise\/acheter-graines-gelato-x-zookies\/","og_site_name":"BLUEDOG GENETICS Seeds","article_modified_time":"2026-03-09T10:58:27+00:00","og_image":[{"width":1536,"height":1024,"url":"https:\/\/bluedoggenetics.com\/wp-content\/uploads\/2024\/11\/Gelato-x-Zookies-Bluedog-Genetics_11zon.webp","type":"image\/webp"}],"twitter_card":"summary_large_image","twitter_misc":{"Dur\u00e9e de lecture estim\u00e9e":"3 minutes"},"schema":{"@context":"https:\/\/schema.org","@graph":[{"@type":["WebPage","ItemPage"],"@id":"https:\/\/bluedoggenetics.com\/producto\/semillas\/feminizadas\/comprar-semillas-gelato-x-zookies\/","url":"https:\/\/bluedoggenetics.com\/producto\/semillas\/feminizadas\/comprar-semillas-gelato-x-zookies\/","name":"Gelato x Zookies - Acheter des graines de Cannabis - BLUEDOG GENETICS Seeds","isPartOf":{"@id":"https:\/\/bluedoggenetics.com\/de\/#website"},"primaryImageOfPage":{"@id":"https:\/\/bluedoggenetics.com\/producto\/semillas\/feminizadas\/comprar-semillas-gelato-x-zookies\/#primaryimage"},"image":{"@id":"https:\/\/bluedoggenetics.com\/producto\/semillas\/feminizadas\/comprar-semillas-gelato-x-zookies\/#primaryimage"},"thumbnailUrl":"https:\/\/bluedoggenetics.com\/wp-content\/uploads\/2024\/11\/Gelato-x-Zookies-Bluedog-Genetics_11zon.webp","datePublished":"2024-11-05T20:18:13+00:00","dateModified":"2026-03-09T10:58:27+00:00","description":"Gelato x Zookies est une vari\u00e9t\u00e9 puissante avec jusqu'\u00e0 24 % de THC, combinant des saveurs sucr\u00e9es et \u00e9pic\u00e9es. Profitez d'un high profond.","breadcrumb":{"@id":"https:\/\/bluedoggenetics.com\/producto\/semillas\/feminizadas\/comprar-semillas-gelato-x-zookies\/#breadcrumb"},"inLanguage":"fr-FR","potentialAction":[{"@type":"ReadAction","target":["https:\/\/bluedoggenetics.com\/producto\/semillas\/feminizadas\/comprar-semillas-gelato-x-zookies\/"]}]},{"@type":"ImageObject","inLanguage":"fr-FR","@id":"https:\/\/bluedoggenetics.com\/producto\/semillas\/feminizadas\/comprar-semillas-gelato-x-zookies\/#primaryimage","url":"https:\/\/bluedoggenetics.com\/wp-content\/uploads\/2024\/11\/Gelato-x-Zookies-Bluedog-Genetics_11zon.webp","contentUrl":"https:\/\/bluedoggenetics.com\/wp-content\/uploads\/2024\/11\/Gelato-x-Zookies-Bluedog-Genetics_11zon.webp","width":1536,"height":1024,"caption":"Gelato x Zookies de Bluedog Genetics"},{"@type":"BreadcrumbList","@id":"https:\/\/bluedoggenetics.com\/producto\/semillas\/feminizadas\/comprar-semillas-gelato-x-zookies\/#breadcrumb","itemListElement":[{"@type":"ListItem","position":1,"name":"Portada","item":"https:\/\/bluedoggenetics.com\/"},{"@type":"ListItem","position":2,"name":"Tienda","item":"https:\/\/bluedoggenetics.com\/fr\/tienda\/"},{"@type":"ListItem","position":3,"name":"Gelato x Zookies"}]},{"@type":"WebSite","@id":"https:\/\/bluedoggenetics.com\/de\/#website","url":"https:\/\/bluedoggenetics.com\/de\/","name":"BLUEDOG GENETICS Seeds","description":"Compare et ach\u00e8te les meilleures graines de cannabis. F\u00e9minis\u00e9es, autofloraison, CBD.","publisher":{"@id":"https:\/\/bluedoggenetics.com\/de\/#organization"},"alternateName":"BLUEDOG GENETICS","potentialAction":[{"@type":"SearchAction","target":{"@type":"EntryPoint","urlTemplate":"https:\/\/bluedoggenetics.com\/de\/?s={search_term_string}"},"query-input":{"@type":"PropertyValueSpecification","valueRequired":true,"valueName":"search_term_string"}}],"inLanguage":"fr-FR"},{"@type":"Organization","@id":"https:\/\/bluedoggenetics.com\/de\/#organization","name":"BLUEDOG GENETICS","url":"https:\/\/bluedoggenetics.com\/de\/","logo":{"@type":"ImageObject","inLanguage":"fr-FR","@id":"https:\/\/bluedoggenetics.com\/de\/#\/schema\/logo\/image\/","url":"https:\/\/bluedoggenetics.com\/wp-content\/uploads\/2024\/11\/appIcon.png","contentUrl":"https:\/\/bluedoggenetics.com\/wp-content\/uploads\/2024\/11\/appIcon.png","width":1024,"height":1024,"caption":"BLUEDOG GENETICS"},"image":{"@id":"https:\/\/bluedoggenetics.com\/de\/#\/schema\/logo\/image\/"},"sameAs":["https:\/\/www.instagram.com\/bluedog.genetics\/"]}]}},"sticker_url":"https:\/\/bluedoggenetics.com\/wp-content\/uploads\/2024\/11\/Gelato-x-Zookies-Sticker_11zon.webp","variations_full":[{"id":1428,"price":6.5,"regular_price":6.5,"attributes":{"attribute_pa_cantidad":"pack-1"},"image_src":"https:\/\/bluedoggenetics.com\/wp-content\/uploads\/2024\/11\/Gelato-x-Zookies-Bluedog-Genetics_11zon-600x400.webp","is_in_stock":true},{"id":1429,"price":16.75,"regular_price":16.75,"attributes":{"attribute_pa_cantidad":"pack-3"},"image_src":"https:\/\/bluedoggenetics.com\/wp-content\/uploads\/2024\/11\/Gelato-x-Zookies-Bluedog-Genetics_11zon-600x400.webp","is_in_stock":true},{"id":1430,"price":25.9,"regular_price":25.9,"attributes":{"attribute_pa_cantidad":"pack-5"},"image_src":"https:\/\/bluedoggenetics.com\/wp-content\/uploads\/2024\/11\/Gelato-x-Zookies-Bluedog-Genetics_11zon-600x400.webp","is_in_stock":true},{"id":1431,"price":45.5,"regular_price":45.5,"attributes":{"attribute_pa_cantidad":"pack-10"},"image_src":"https:\/\/bluedoggenetics.com\/wp-content\/uploads\/2024\/11\/Gelato-x-Zookies-Bluedog-Genetics_11zon-600x400.webp","is_in_stock":true}],"jetpack_sharing_enabled":true,"_links":{"self":[{"href":"https:\/\/bluedoggenetics.com\/fr\/wp-json\/wp\/v2\/product\/1426","targetHints":{"allow":["GET"]}}],"collection":[{"href":"https:\/\/bluedoggenetics.com\/fr\/wp-json\/wp\/v2\/product"}],"about":[{"href":"https:\/\/bluedoggenetics.com\/fr\/wp-json\/wp\/v2\/types\/product"}],"wp:featuredmedia":[{"embeddable":true,"href":"https:\/\/bluedoggenetics.com\/fr\/wp-json\/wp\/v2\/media\/2645"}],"wp:attachment":[{"href":"https:\/\/bluedoggenetics.com\/fr\/wp-json\/wp\/v2\/media?parent=1426"}],"wp:term":[{"taxonomy":"product_brand","embeddable":true,"href":"https:\/\/bluedoggenetics.com\/fr\/wp-json\/wp\/v2\/product_brand?post=1426"},{"taxonomy":"product_cat","embeddable":true,"href":"https:\/\/bluedoggenetics.com\/fr\/wp-json\/wp\/v2\/product_cat?post=1426"},{"taxonomy":"product_tag","embeddable":true,"href":"https:\/\/bluedoggenetics.com\/fr\/wp-json\/wp\/v2\/product_tag?post=1426"}],"curies":[{"name":"wp","href":"https:\/\/api.w.org\/{rel}","templated":true}]}}