{"id":1392,"date":"2024-10-29T22:34:12","date_gmt":"2024-10-29T21:34:12","guid":{"rendered":"https:\/\/bluedoggenetics.com\/?post_type=product&#038;p=1392"},"modified":"2026-04-11T15:16:55","modified_gmt":"2026-04-11T13:16:55","slug":"graines-de-veuve-critique-feminisees","status":"publish","type":"product","link":"https:\/\/bluedoggenetics.com\/fr\/produit\/feminise\/graines-de-veuve-critique-feminisees\/","title":{"rendered":"Critical Widow"},"content":{"rendered":"<p class=\"translation-block\">Critical Widow est un hybride qui <strong>fusionne les g\u00e9n\u00e9tiques de Critical Mass et White Widow,<\/strong> cr\u00e9ant une vari\u00e9t\u00e9 \u00e0 haut rendement qui se distingue par sa saveur et son effet. Avec un temps de floraison de 8 \u00e0 9 semaines, cette vari\u00e9t\u00e9 offre des r\u00e9coltes g\u00e9n\u00e9reuses, entre 550 et 650 grammes par m\u00e8tre carr\u00e9 en int\u00e9rieur et jusqu'\u00e0 750 grammes par plante en ext\u00e9rieur. S'adaptant bien aux climats chauds et temp\u00e9r\u00e9s, Critical Widow est id\u00e9ale pour les cultivateurs de tous niveaux gr\u00e2ce \u00e0 sa croissance robuste et sa facilit\u00e9 de culture.<\/p>\n<p class=\"translation-block\">Avec des <strong>niveaux de THC qui oscillent g\u00e9n\u00e9ralement entre 20 % et 24 %<\/strong>, Critical Widow offre une mont\u00e9e intense et durable. Ses effets \u00e9quilibrent une euphorie joyeuse avec une relaxation douce, id\u00e9ale pour soulager le stress, l'anxi\u00e9t\u00e9 et am\u00e9liorer l'humeur sans vous mettre KO. Son profil de saveur est un m\u00e9lange d\u00e9licieux d'agrumes frais, de douceur fruit\u00e9e et de notes terreuses, cr\u00e9ant une exp\u00e9rience sensorielle compl\u00e8te et agr\u00e9able.<\/p>\n<p class=\"translation-block\"><strong>Aspect de la Fleur.<\/strong> Les t\u00eates de Critical Widow <strong>sont denses et recouvertes de trichomes,<\/strong> leur donnant une brillance spectaculaire sous n'importe quelle lumi\u00e8re. Avec une couleur vert profond parsem\u00e9e de pistils orange et dor\u00e9s, chaque t\u00eate est visuellement saisissante. Une fois \u00e9miett\u00e9es, elles lib\u00e8rent un ar\u00f4me sucr\u00e9 et citronn\u00e9 avec des notes terreuses, les rendant aussi attrayantes que savoureuses.<\/p>\n<p class=\"translation-block\"><strong>Morphologie de la Plante.<\/strong> Critical Widow <strong>cro\u00eet de mani\u00e8re robuste,<\/strong> atteignant entre 120 et 150 cm en int\u00e9rieur et jusqu'\u00e0 180 cm en ext\u00e9rieur. Sa structure \u00e9quilibr\u00e9e et bien ramifi\u00e9e permet une excellente circulation de l'air et une p\u00e9n\u00e9tration optimale de la lumi\u00e8re, maximisant la production de t\u00eates denses. Cette plante est id\u00e9ale pour des espaces int\u00e9rieurs de taille moyenne et pour ceux qui recherchent de hauts rendements sans entretien intensif.<\/p>\n<h3><strong>Conseils de Culture<\/strong><\/h3>\n<ul>\n<li class=\"translation-block\"><strong>Quel est le climat id\u00e9al pour cultiver la Critical Widow ?<\/strong><br>\nCritical Widow pr\u00e9f\u00e8re les climats temp\u00e9r\u00e9s \u00e0 chauds, avec des temp\u00e9ratures comprises entre 22 et 27\u202f\u00b0C. En ext\u00e9rieur, assurez une bonne ventilation et une exposition suffisante au soleil pour maximiser les rendements.<\/li>\n<li class=\"translation-block\"><strong>Quelles techniques de palissage fonctionnent le mieux avec Critical Widow ?<\/strong><br>\nCette vari\u00e9t\u00e9 r\u00e9agit tr\u00e8s bien aux m\u00e9thodes comme le SOG (Sea of Green) et le LST (Low Stress Training). Gr\u00e2ce \u00e0 sa structure ramifi\u00e9e, elle est facile \u00e0 fa\u00e7onner pour maximiser la lumi\u00e8re et l'espace.<\/li>\n<li class=\"translation-block\"><strong>Quel type de fertilisation la Critical Widow n\u00e9cessite-t-elle ?<\/strong><br>\nPendant la phase v\u00e9g\u00e9tative, elle a besoin d'une alimentation riche en azote. En floraison, il est pr\u00e9f\u00e9rable d'utiliser des engrais riches en phosphore et en potassium pour obtenir des t\u00eates plus denses et r\u00e9sineuses.<\/li>\n<li class=\"translation-block\"><strong>Comment doit \u00eatre l'arrosage et l'humidit\u00e9 pour la Critical Widow ?<\/strong><br>\nIl est important de laisser le substrat s\u00e9cher l\u00e9g\u00e8rement entre les arrosages. Pendant la floraison, maintenez l'humidit\u00e9 entre 40 et 50 % pour \u00e9viter la moisissure et garantir des t\u00eates saines et compactes.<\/li>\n<li class=\"translation-block\"><strong>Est-il n\u00e9cessaire de tailler la plante Critical Widow ?<\/strong><br>\nOui, une taille l\u00e9g\u00e8re et un d\u00e9foliage s\u00e9lectif aident \u00e0 am\u00e9liorer la circulation de l'air et la p\u00e9n\u00e9tration de la lumi\u00e8re. Cela favorise une floraison plus abondante et homog\u00e8ne, surtout en culture int\u00e9rieure.<\/li>\n<\/ul>","protected":false},"excerpt":{"rendered":"<p>Les graines f\u00e9minis\u00e9es Critical Widow combinent les g\u00e9n\u00e9tiques explosives de Critical Mass et de White Widow en une vari\u00e9t\u00e9 hybride puissante, productive et facile \u00e0 cultiver. Avec des niveaux de THC allant jusqu'\u00e0 24%, ces graines sont id\u00e9ales pour ceux qui recherchent des bourgeons savoureux et abondants aux effets \u00e9quilibr\u00e9s.<\/p>\n<p>&nbsp;<\/p>","protected":false},"featured_media":2644,"template":"","meta":{"_acf_changed":false,"inline_featured_image":false,"_wp_applaud_exclude":false},"product_brand":[194],"product_cat":[22],"product_tag":[],"class_list":{"0":"post-1392","1":"product","2":"type-product","3":"status-publish","4":"has-post-thumbnail","6":"product_brand-bluedog-genetics","7":"product_cat-feminizadas","9":"first","10":"instock","11":"taxable","12":"shipping-taxable","13":"purchasable","14":"product-type-variable"},"acf":{"sticker":"https:\/\/bluedoggenetics.com\/wp-content\/uploads\/2024\/11\/Critical-Widow-Bluedog-Genetics.webp","family_tree":"<ul>\n<li><a href=\"https:\/\/seedfinder.eu\/es\/strain-info\/critical-widow-1\/bluedog-genetics\" target=\"_blank\" rel=\"noopener\">Critical Widow<\/a>\n<ul>\n<li><a href=\"https:\/\/seedfinder.eu\/es\/strain-info\/white-widow\/unknown-or-legendary\" target=\"_blank\" rel=\"noopener\">White Widow<\/a>\n<ul>\n<li><a href=\"https:\/\/seedfinder.eu\/es\/strain-info\/white-widow\/de-sjamaan\" target=\"_blank\" rel=\"noopener\">White Widow (probably: Probably)<\/a>\n<ul>\n<li><a href=\"https:\/\/seedfinder.eu\/es\/strain-info\/india-indica\/original-strains\" target=\"_blank\" rel=\"noopener\">India<\/a>\n<ul>\n<li><a href=\"https:\/\/seedfinder.eu\/es\/strain-info\/indica\/original-strains\" target=\"_blank\" rel=\"noopener\">Indica<\/a><\/li>\n<\/ul>\n<\/li>\n<li><a href=\"https:\/\/seedfinder.eu\/es\/strain-info\/brazil-sativa\/original-strains\" target=\"_blank\" rel=\"noopener\">Brasil<\/a>\n<ul>\n<li><a href=\"https:\/\/seedfinder.eu\/es\/strain-info\/sativa\/original-strains\" target=\"_blank\" rel=\"noopener\">Sativa<\/a><\/li>\n<\/ul>\n<\/li>\n<\/ul>\n<\/li>\n<\/ul>\n<\/li>\n<li><a href=\"https:\/\/seedfinder.eu\/es\/strain-info\/critical-mass\/mr-nice-seedbank\" target=\"_blank\" rel=\"noopener\">Critical Mass<\/a>\n<ul>\n<li><a href=\"https:\/\/seedfinder.eu\/es\/strain-info\/skunk-nr1\/the-seed-bank\">Skunk #1<\/a>\n<ul>\n<li><a href=\"https:\/\/seedfinder.eu\/es\/strain-info\/skunk-nr1\/cultivators-choice\" target=\"_blank\" rel=\"noopener\">Skunk #1<\/a>\n<ul>\n<li><a href=\"https:\/\/seedfinder.eu\/es\/strain-info\/mexico-sativa\/original-strains\" target=\"_blank\" rel=\"noopener\">Mexico<\/a><\/li>\n<li><a href=\"https:\/\/seedfinder.eu\/es\/strain-info\/colombia-sativa\/original-strains\" target=\"_blank\" rel=\"noopener\">Colombia<\/a><\/li>\n<li><a href=\"https:\/\/seedfinder.eu\/es\/strain-info\/afghanistan-indica\/original-strains\" target=\"_blank\" rel=\"noopener\">Afghanistan<\/a><\/li>\n<\/ul>\n<\/li>\n<li><a href=\"https:\/\/seedfinder.eu\/es\/strain-info\/afghanistan-indica\/original-strains\" target=\"_blank\" rel=\"noopener\">Afghanistan<\/a>\n<ul>\n<li><a href=\"https:\/\/seedfinder.eu\/es\/strain-info\/indica\/original-strains\" target=\"_blank\" rel=\"noopener\">Indica<\/a><\/li>\n<\/ul>\n<\/li>\n<\/ul>\n<\/li>\n<\/ul>\n<\/li>\n<\/ul>\n<\/li>\n<\/ul>\n"},"yoast_head":"<!-- This site is optimized with the Yoast SEO plugin v26.5 - https:\/\/yoast.com\/wordpress\/plugins\/seo\/ -->\n<title>Semillas Critical Widow Feminizadas \u2013 THC Alto y Gran Producci\u00f3n- BLUEDOG GENETICS Seeds<\/title>\n<meta name=\"description\" content=\"Descubre las semillas Critical Widow feminizadas: THC potente, cosechas XXL y sabor c\u00edtrico-terroso. Perfectas para interior y exterior.\" \/>\n<meta name=\"robots\" content=\"index, follow, max-snippet:-1, max-image-preview:large, max-video-preview:-1\" \/>\n<link rel=\"canonical\" href=\"https:\/\/bluedoggenetics.com\/fr\/produit\/feminise\/graines-de-veuve-critique-feminisees\/\" \/>\n<meta property=\"og:locale\" content=\"fr_FR\" \/>\n<meta property=\"og:type\" content=\"article\" \/>\n<meta property=\"og:title\" content=\"Semillas Critical Widow Feminizadas \u2013 THC Alto y Gran Producci\u00f3n- BLUEDOG GENETICS Seeds\" \/>\n<meta property=\"og:description\" content=\"Descubre las semillas Critical Widow feminizadas: THC potente, cosechas XXL y sabor c\u00edtrico-terroso. Perfectas para interior y exterior.\" \/>\n<meta property=\"og:url\" content=\"https:\/\/bluedoggenetics.com\/fr\/produit\/feminise\/graines-de-veuve-critique-feminisees\/\" \/>\n<meta property=\"og:site_name\" content=\"BLUEDOG GENETICS Seeds\" \/>\n<meta property=\"article:modified_time\" content=\"2026-04-11T13:16:55+00:00\" \/>\n<meta property=\"og:image\" content=\"https:\/\/bluedoggenetics.com\/wp-content\/uploads\/2024\/10\/Critical-Widow-Bluedog-Genetics_11zon.webp\" \/>\n\t<meta property=\"og:image:width\" content=\"1536\" \/>\n\t<meta property=\"og:image:height\" content=\"1024\" \/>\n\t<meta property=\"og:image:type\" content=\"image\/webp\" \/>\n<meta name=\"twitter:card\" content=\"summary_large_image\" \/>\n<meta name=\"twitter:label1\" content=\"Dur\u00e9e de lecture estim\u00e9e\" \/>\n\t<meta name=\"twitter:data1\" content=\"3 minutes\" \/>\n<script type=\"application\/ld+json\" class=\"yoast-schema-graph\">{\"@context\":\"https:\/\/schema.org\",\"@graph\":[{\"@type\":[\"WebPage\",\"ItemPage\"],\"@id\":\"https:\/\/bluedoggenetics.com\/producto\/feminizadas\/semillas-critical-widow-feminizadas\/\",\"url\":\"https:\/\/bluedoggenetics.com\/producto\/feminizadas\/semillas-critical-widow-feminizadas\/\",\"name\":\"Semillas Critical Widow Feminizadas \u2013 THC Alto y Gran Producci\u00f3n- BLUEDOG GENETICS Seeds\",\"isPartOf\":{\"@id\":\"https:\/\/bluedoggenetics.com\/de\/#website\"},\"primaryImageOfPage\":{\"@id\":\"https:\/\/bluedoggenetics.com\/producto\/feminizadas\/semillas-critical-widow-feminizadas\/#primaryimage\"},\"image\":{\"@id\":\"https:\/\/bluedoggenetics.com\/producto\/feminizadas\/semillas-critical-widow-feminizadas\/#primaryimage\"},\"thumbnailUrl\":\"https:\/\/bluedoggenetics.com\/wp-content\/uploads\/2024\/10\/Critical-Widow-Bluedog-Genetics_11zon.webp\",\"datePublished\":\"2024-10-29T21:34:12+00:00\",\"dateModified\":\"2026-04-11T13:16:55+00:00\",\"description\":\"Descubre las semillas Critical Widow feminizadas: THC potente, cosechas XXL y sabor c\u00edtrico-terroso. Perfectas para interior y exterior.\",\"breadcrumb\":{\"@id\":\"https:\/\/bluedoggenetics.com\/producto\/feminizadas\/semillas-critical-widow-feminizadas\/#breadcrumb\"},\"inLanguage\":\"fr-FR\",\"potentialAction\":[{\"@type\":\"ReadAction\",\"target\":[\"https:\/\/bluedoggenetics.com\/producto\/feminizadas\/semillas-critical-widow-feminizadas\/\"]}]},{\"@type\":\"ImageObject\",\"inLanguage\":\"fr-FR\",\"@id\":\"https:\/\/bluedoggenetics.com\/producto\/feminizadas\/semillas-critical-widow-feminizadas\/#primaryimage\",\"url\":\"https:\/\/bluedoggenetics.com\/wp-content\/uploads\/2024\/10\/Critical-Widow-Bluedog-Genetics_11zon.webp\",\"contentUrl\":\"https:\/\/bluedoggenetics.com\/wp-content\/uploads\/2024\/10\/Critical-Widow-Bluedog-Genetics_11zon.webp\",\"width\":1536,\"height\":1024,\"caption\":\"Critical Widow de Bluedog Genetics en floracion\"},{\"@type\":\"BreadcrumbList\",\"@id\":\"https:\/\/bluedoggenetics.com\/producto\/feminizadas\/semillas-critical-widow-feminizadas\/#breadcrumb\",\"itemListElement\":[{\"@type\":\"ListItem\",\"position\":1,\"name\":\"Portada\",\"item\":\"https:\/\/bluedoggenetics.com\/\"},{\"@type\":\"ListItem\",\"position\":2,\"name\":\"Tienda\",\"item\":\"https:\/\/bluedoggenetics.com\/fr\/tienda\/\"},{\"@type\":\"ListItem\",\"position\":3,\"name\":\"Critical Widow\"}]},{\"@type\":\"WebSite\",\"@id\":\"https:\/\/bluedoggenetics.com\/de\/#website\",\"url\":\"https:\/\/bluedoggenetics.com\/de\/\",\"name\":\"BLUEDOG GENETICS Seeds\",\"description\":\"Compara y compra las mejores semillas de cannabis. Feminizadas, Autoflorecientes, CBD.\",\"publisher\":{\"@id\":\"https:\/\/bluedoggenetics.com\/de\/#organization\"},\"alternateName\":\"BLUEDOG GENETICS\",\"potentialAction\":[{\"@type\":\"SearchAction\",\"target\":{\"@type\":\"EntryPoint\",\"urlTemplate\":\"https:\/\/bluedoggenetics.com\/de\/?s={search_term_string}\"},\"query-input\":{\"@type\":\"PropertyValueSpecification\",\"valueRequired\":true,\"valueName\":\"search_term_string\"}}],\"inLanguage\":\"fr-FR\"},{\"@type\":\"Organization\",\"@id\":\"https:\/\/bluedoggenetics.com\/de\/#organization\",\"name\":\"BLUEDOG GENETICS\",\"url\":\"https:\/\/bluedoggenetics.com\/de\/\",\"logo\":{\"@type\":\"ImageObject\",\"inLanguage\":\"fr-FR\",\"@id\":\"https:\/\/bluedoggenetics.com\/de\/#\/schema\/logo\/image\/\",\"url\":\"https:\/\/bluedoggenetics.com\/wp-content\/uploads\/2024\/11\/appIcon.png\",\"contentUrl\":\"https:\/\/bluedoggenetics.com\/wp-content\/uploads\/2024\/11\/appIcon.png\",\"width\":1024,\"height\":1024,\"caption\":\"BLUEDOG GENETICS\"},\"image\":{\"@id\":\"https:\/\/bluedoggenetics.com\/de\/#\/schema\/logo\/image\/\"},\"sameAs\":[\"https:\/\/www.instagram.com\/bluedog.genetics\/\"]}]}<\/script>\n<!-- \/ Yoast SEO plugin. -->","yoast_head_json":{"title":"Critical Widow Feminized Seeds - High THC and High Yield - BLUEDOG GENETICS Seeds","description":"D\u00e9couvre les graines f\u00e9minis\u00e9es Critical Widow : THC puissant, rendements XXL et go\u00fbt de terre d'agrumes. Parfaites pour l'int\u00e9rieur et l'ext\u00e9rieur.","robots":{"index":"index","follow":"follow","max-snippet":"max-snippet:-1","max-image-preview":"max-image-preview:large","max-video-preview":"max-video-preview:-1"},"canonical":"https:\/\/bluedoggenetics.com\/fr\/produit\/feminise\/graines-de-veuve-critique-feminisees\/","og_locale":"fr_FR","og_type":"article","og_title":"Semillas Critical Widow Feminizadas \u2013 THC Alto y Gran Producci\u00f3n- BLUEDOG GENETICS Seeds","og_description":"Descubre las semillas Critical Widow feminizadas: THC potente, cosechas XXL y sabor c\u00edtrico-terroso. Perfectas para interior y exterior.","og_url":"https:\/\/bluedoggenetics.com\/fr\/produit\/feminise\/graines-de-veuve-critique-feminisees\/","og_site_name":"BLUEDOG GENETICS Seeds","article_modified_time":"2026-04-11T13:16:55+00:00","og_image":[{"width":1536,"height":1024,"url":"https:\/\/bluedoggenetics.com\/wp-content\/uploads\/2024\/10\/Critical-Widow-Bluedog-Genetics_11zon.webp","type":"image\/webp"}],"twitter_card":"summary_large_image","twitter_misc":{"Dur\u00e9e de lecture estim\u00e9e":"3 minutes"},"schema":{"@context":"https:\/\/schema.org","@graph":[{"@type":["WebPage","ItemPage"],"@id":"https:\/\/bluedoggenetics.com\/producto\/feminizadas\/semillas-critical-widow-feminizadas\/","url":"https:\/\/bluedoggenetics.com\/producto\/feminizadas\/semillas-critical-widow-feminizadas\/","name":"Critical Widow Feminized Seeds - High THC and High Yield - BLUEDOG GENETICS Seeds","isPartOf":{"@id":"https:\/\/bluedoggenetics.com\/de\/#website"},"primaryImageOfPage":{"@id":"https:\/\/bluedoggenetics.com\/producto\/feminizadas\/semillas-critical-widow-feminizadas\/#primaryimage"},"image":{"@id":"https:\/\/bluedoggenetics.com\/producto\/feminizadas\/semillas-critical-widow-feminizadas\/#primaryimage"},"thumbnailUrl":"https:\/\/bluedoggenetics.com\/wp-content\/uploads\/2024\/10\/Critical-Widow-Bluedog-Genetics_11zon.webp","datePublished":"2024-10-29T21:34:12+00:00","dateModified":"2026-04-11T13:16:55+00:00","description":"D\u00e9couvre les graines f\u00e9minis\u00e9es Critical Widow : THC puissant, rendements XXL et go\u00fbt de terre d'agrumes. Parfaites pour l'int\u00e9rieur et l'ext\u00e9rieur.","breadcrumb":{"@id":"https:\/\/bluedoggenetics.com\/producto\/feminizadas\/semillas-critical-widow-feminizadas\/#breadcrumb"},"inLanguage":"fr-FR","potentialAction":[{"@type":"ReadAction","target":["https:\/\/bluedoggenetics.com\/producto\/feminizadas\/semillas-critical-widow-feminizadas\/"]}]},{"@type":"ImageObject","inLanguage":"fr-FR","@id":"https:\/\/bluedoggenetics.com\/producto\/feminizadas\/semillas-critical-widow-feminizadas\/#primaryimage","url":"https:\/\/bluedoggenetics.com\/wp-content\/uploads\/2024\/10\/Critical-Widow-Bluedog-Genetics_11zon.webp","contentUrl":"https:\/\/bluedoggenetics.com\/wp-content\/uploads\/2024\/10\/Critical-Widow-Bluedog-Genetics_11zon.webp","width":1536,"height":1024,"caption":"Critical Widow de Bluedog Genetics en floracion"},{"@type":"BreadcrumbList","@id":"https:\/\/bluedoggenetics.com\/producto\/feminizadas\/semillas-critical-widow-feminizadas\/#breadcrumb","itemListElement":[{"@type":"ListItem","position":1,"name":"Portada","item":"https:\/\/bluedoggenetics.com\/"},{"@type":"ListItem","position":2,"name":"Tienda","item":"https:\/\/bluedoggenetics.com\/fr\/tienda\/"},{"@type":"ListItem","position":3,"name":"Critical Widow"}]},{"@type":"WebSite","@id":"https:\/\/bluedoggenetics.com\/de\/#website","url":"https:\/\/bluedoggenetics.com\/de\/","name":"BLUEDOG GENETICS Seeds","description":"Compare et ach\u00e8te les meilleures graines de cannabis. F\u00e9minis\u00e9es, autofloraison, CBD.","publisher":{"@id":"https:\/\/bluedoggenetics.com\/de\/#organization"},"alternateName":"BLUEDOG GENETICS","potentialAction":[{"@type":"SearchAction","target":{"@type":"EntryPoint","urlTemplate":"https:\/\/bluedoggenetics.com\/de\/?s={search_term_string}"},"query-input":{"@type":"PropertyValueSpecification","valueRequired":true,"valueName":"search_term_string"}}],"inLanguage":"fr-FR"},{"@type":"Organization","@id":"https:\/\/bluedoggenetics.com\/de\/#organization","name":"BLUEDOG GENETICS","url":"https:\/\/bluedoggenetics.com\/de\/","logo":{"@type":"ImageObject","inLanguage":"fr-FR","@id":"https:\/\/bluedoggenetics.com\/de\/#\/schema\/logo\/image\/","url":"https:\/\/bluedoggenetics.com\/wp-content\/uploads\/2024\/11\/appIcon.png","contentUrl":"https:\/\/bluedoggenetics.com\/wp-content\/uploads\/2024\/11\/appIcon.png","width":1024,"height":1024,"caption":"BLUEDOG GENETICS"},"image":{"@id":"https:\/\/bluedoggenetics.com\/de\/#\/schema\/logo\/image\/"},"sameAs":["https:\/\/www.instagram.com\/bluedog.genetics\/"]}]}},"sticker_url":"https:\/\/bluedoggenetics.com\/wp-content\/uploads\/2024\/11\/Critical-Widow-Bluedog-Genetics.webp","variations_full":[{"id":1397,"price":5,"regular_price":5,"attributes":{"attribute_cantidad":"Pack 1"},"image_src":"https:\/\/bluedoggenetics.com\/wp-content\/uploads\/2024\/10\/Critical-Widow-Bluedog-Genetics_11zon-600x400.webp","is_in_stock":true},{"id":1398,"price":13.5,"regular_price":13.5,"attributes":{"attribute_cantidad":"Pack 3"},"image_src":"https:\/\/bluedoggenetics.com\/wp-content\/uploads\/2024\/10\/Critical-Widow-Bluedog-Genetics_11zon-600x400.webp","is_in_stock":true},{"id":1399,"price":19.8,"regular_price":19.8,"attributes":{"attribute_cantidad":"Pack 5"},"image_src":"https:\/\/bluedoggenetics.com\/wp-content\/uploads\/2024\/10\/Critical-Widow-Bluedog-Genetics_11zon-600x400.webp","is_in_stock":true},{"id":1400,"price":34.9,"regular_price":34.9,"attributes":{"attribute_cantidad":"Pack 10"},"image_src":"https:\/\/bluedoggenetics.com\/wp-content\/uploads\/2024\/10\/Critical-Widow-Bluedog-Genetics_11zon-600x400.webp","is_in_stock":true}],"jetpack_sharing_enabled":true,"_links":{"self":[{"href":"https:\/\/bluedoggenetics.com\/fr\/wp-json\/wp\/v2\/product\/1392","targetHints":{"allow":["GET"]}}],"collection":[{"href":"https:\/\/bluedoggenetics.com\/fr\/wp-json\/wp\/v2\/product"}],"about":[{"href":"https:\/\/bluedoggenetics.com\/fr\/wp-json\/wp\/v2\/types\/product"}],"wp:featuredmedia":[{"embeddable":true,"href":"https:\/\/bluedoggenetics.com\/fr\/wp-json\/wp\/v2\/media\/2644"}],"wp:attachment":[{"href":"https:\/\/bluedoggenetics.com\/fr\/wp-json\/wp\/v2\/media?parent=1392"}],"wp:term":[{"taxonomy":"product_brand","embeddable":true,"href":"https:\/\/bluedoggenetics.com\/fr\/wp-json\/wp\/v2\/product_brand?post=1392"},{"taxonomy":"product_cat","embeddable":true,"href":"https:\/\/bluedoggenetics.com\/fr\/wp-json\/wp\/v2\/product_cat?post=1392"},{"taxonomy":"product_tag","embeddable":true,"href":"https:\/\/bluedoggenetics.com\/fr\/wp-json\/wp\/v2\/product_tag?post=1392"}],"curies":[{"name":"wp","href":"https:\/\/api.w.org\/{rel}","templated":true}]}}