{"id":1360,"date":"2024-10-27T18:35:56","date_gmt":"2024-10-27T17:35:56","guid":{"rendered":"https:\/\/bluedoggenetics.com\/?post_type=product&#038;p=1360"},"modified":"2026-03-09T12:01:45","modified_gmt":"2026-03-09T11:01:45","slug":"mendocino-moonrock","status":"publish","type":"product","link":"https:\/\/bluedoggenetics.com\/fr\/produit\/feminise\/mendocino-moonrock\/","title":{"rendered":"Mendocino Moonrock"},"content":{"rendered":"<p class=\"translation-block\"><strong>Mendocino Moonrock<\/strong> est une vari\u00e9t\u00e9 \u00e0 dominance indica, c\u00e9l\u00e8bre pour sa spectaculaire couleur violette et sa g\u00e9n\u00e9tique de premier choix, m\u00e9langeant Blackberry Moonrock et Mendocino. Avec un <strong>cycle de floraison de 8 \u00e0 9 semaines,<\/strong> Mendocino Moonrock r\u00e9compense les cultivateurs avec une r\u00e9colte g\u00e9n\u00e9reuse : en int\u00e9rieur, vous pouvez esp\u00e9rer entre 450 et 500 grammes par m\u00e8tre carr\u00e9, tandis qu\u2019en ext\u00e9rieur, cette beaut\u00e9 produit jusqu\u2019\u00e0 60 grammes par plante. Cette vari\u00e9t\u00e9 prosp\u00e8re dans des climats chauds et temp\u00e9r\u00e9s, et sa culture facile en fait un excellent choix pour les d\u00e9butants comme pour les experts.<\/p>\n<p class=\"translation-block\">Avec <strong>des niveaux de THC allant de 17% \u00e0 23%<\/strong>, Mendocino Moonrock offre un effet puissant et durable qui procure une relaxation profonde. Ses effets physiques sont intenses, ce qui la rend id\u00e9ale pour ceux qui recherchent un soulagement de la douleur, de l\u2019insomnie ou simplement une d\u00e9connexion totale. Son profil aromatique est inoubliable, avec des notes de raisin sucr\u00e9, de baies et une touche terreuse, cr\u00e9ant une exp\u00e9rience douce et fruit\u00e9e.<\/p>\n<p class=\"translation-block\"><strong>Aspect de la Fleur.<\/strong> Les t\u00eates de Mendocino Moonrock sont \u00e9paisses et denses, avec des couleurs allant du vert fonc\u00e9 au violet profond. Recouvertes de trichomes r\u00e9sineux, les t\u00eates brillent sous n\u2019importe quelle lumi\u00e8re, tandis que les pistils orange intense ajoutent une touche vibrante. En les \u00e9miettant, elles d\u00e9gagent un <strong>ar\u00f4me sucr\u00e9 et fruit\u00e9, un m\u00e9lange irr\u00e9sistible de raisins m\u00fbrs et de baies.<\/strong><\/p>\n<p class=\"translation-block\"><strong>Morphologie de la Plante.<\/strong> Mendocino Moonrock pousse avec une structure compacte et robuste, avec une hauteur facile \u00e0 g\u00e9rer, ce qui la rend id\u00e9ale pour la culture en int\u00e9rieur. Ses branches solides supportent facilement le poids de ses t\u00eates denses et r\u00e9sineuses. En int\u00e9rieur, elle atteint une hauteur de 90 \u00e0 120 cm, tandis qu\u2019en ext\u00e9rieur, elle peut pousser jusqu\u2019\u00e0 150 cm. <strong>C\u2019est une plante polyvalente,<\/strong> parfaite pour des cultures discr\u00e8tes ou des espaces plus grands.<\/p>\n<h3><strong>Conseils de Culture<\/strong><\/h3>\n<ul>\n<li class=\"translation-block\"><strong>Climat Id\u00e9al.<\/strong> Maintenez des temp\u00e9ratures entre 20-27\u00b0C (68-81\u00b0F) pour maximiser sa croissance et son d\u00e9veloppement. En ext\u00e9rieur, assurez-vous d\u2019un environnement avec une bonne exposition au soleil et une bonne ventilation.<\/li>\n<li class=\"translation-block\"><strong>Espace et Entra\u00eenement.<\/strong> Elle r\u00e9agit bien aux techniques comme le <strong>ScrOG<\/strong> (Screen of Green) ou le <strong>LST<\/strong> (Low Stress Training), recommand\u00e9es pour maximiser l'exposition \u00e0 la lumi\u00e8re et augmenter les rendements. C\u2019est une plante compacte et facile \u00e0 g\u00e9rer, ce qui la rend <strong>id\u00e9ale pour la culture en int\u00e9rieur.<\/strong><\/li>\n<li class=\"translation-block\"><strong>Nutriments et Fertilisation.<\/strong> Pendant la phase v\u00e9g\u00e9tative, apportez une alimentation \u00e9quilibr\u00e9e en azote. Lors de la phase de floraison, augmentez le phosphore et le potassium pour garantir le d\u00e9veloppement de t\u00eates denses et r\u00e9sineuses. <strong>Ajustez les doses en fonction de la r\u00e9ponse de la plante<\/strong> pour \u00e9viter les probl\u00e8mes de sur-fertilisation.<\/li>\n<li class=\"translation-block\"><strong>Arrosage et Humidit\u00e9.<\/strong> Mendocino Moonrock pr\u00e9f\u00e8re un arrosage mod\u00e9r\u00e9. Laissez la couche sup\u00e9rieure du sol s\u00e9cher entre les arrosages pour \u00e9viter les probl\u00e8mes de racines. Pendant la phase de floraison, <strong>maintenez une humidit\u00e9 relative entre 40 et 50%<\/strong> pour pr\u00e9venir la moisissure et garantir une bonne qualit\u00e9 des t\u00eates.<\/li>\n<li class=\"translation-block\"><strong>Taille et Gestion.<\/strong> Effectuez une taille l\u00e9g\u00e8re et un effeuillage s\u00e9lectif pour am\u00e9liorer la circulation de l'air et la p\u00e9n\u00e9tration de la lumi\u00e8re vers les t\u00eates inf\u00e9rieures. Cela aidera \u00e0 augmenter la densit\u00e9 et la qualit\u00e9 des t\u00eates, en particulier dans les espaces restreints.<\/li>\n<\/ul>","protected":false},"excerpt":{"rendered":"<p><strong>Mendocino Moonrock<\/strong> tiene un sabor excepcional, una mezcla intensa de uvas y bayas dulces que inunda tu paladar en cada calada. Con un aroma inconfundible y cogollos de un profundo color p\u00farpura, esta cepa \u00edndica es ideal para esos momentos de descanso total. Perfecta para una relajaci\u00f3n profunda y un alivio efectivo del dolor y el estr\u00e9s.<\/p>","protected":false},"featured_media":2641,"template":"","meta":{"_acf_changed":false,"inline_featured_image":false,"_wp_applaud_exclude":false},"product_brand":[194],"product_cat":[22],"product_tag":[],"class_list":{"0":"post-1360","1":"product","2":"type-product","3":"status-publish","4":"has-post-thumbnail","6":"product_brand-bluedog-genetics","7":"product_cat-feminizadas","8":"pa_altura-exterior-120-150","9":"pa_altura-interior-90-120","10":"pa_beneficios-terapeuticos-alivio-del-dolor","11":"pa_beneficios-terapeuticos-ayuda-para-dormir","12":"pa_cantidad-pack-1","13":"pa_cantidad-pack-10","14":"pa_cantidad-pack-3","15":"pa_cantidad-pack-5","16":"pa_clima-templado","17":"pa_cosecha-exterior-550-650","18":"pa_cosecha-interior-400-500","19":"pa_efectos-destacables-adormecido","20":"pa_efectos-destacables-alegre","21":"pa_efectos-destacables-relajado","22":"pa_floracion-8-9","23":"pa_genetica-70-30","24":"pa_olor-suave","25":"pa_sabores-y-olores-bayas","26":"pa_sabores-y-olores-dulce","27":"pa_sabores-y-olores-fresa","28":"pa_sabores-y-olores-uva","29":"pa_thc-17-23","30":"pa_variedad-indica","31":"pa_variedad-sativa","33":"first","34":"instock","35":"taxable","36":"shipping-taxable","37":"purchasable","38":"product-type-variable"},"acf":{"sticker":"https:\/\/bluedoggenetics.com\/wp-content\/uploads\/2024\/10\/mendocino-Moonroock-Sticker-1.webp","family_tree":"<ul>\n<li><a href=\"https:\/\/seedfinder.eu\/es\/strain-info\/mendocino-moonrock\/bluedog-genetics\" target=\"_blank\" rel=\"noopener\">Mendocino Moonrock<\/a>\n<ul>\n<li><a href=\"https:\/\/seedfinder.eu\/es\/strain-info\/blackberry-moonrocks\/anesia-seeds\" target=\"_blank\" rel=\"noopener\">Blackberry Moonrocks<\/a>\n<ul>\n<li><a href=\"https:\/\/seedfinder.eu\/es\/strain-info\/black-berry-kush\/unknown-or-legendary\" target=\"_blank\" rel=\"noopener\">Blackberry<\/a>\n<ul>\n<li><a href=\"https:\/\/seedfinder.eu\/es\/strain-info\/afghani\/unknown-or-legendary\" target=\"_blank\" rel=\"noopener\">Afghani<\/a><\/li>\n<li><a href=\"https:\/\/seedfinder.eu\/es\/strain-info\/the-black\/unknown-or-legendary\" target=\"_blank\" rel=\"noopener\">The Black<\/a><\/li>\n<\/ul>\n<\/li>\n<li><a href=\"https:\/\/seedfinder.eu\/es\/strain-info\/bubba-kush\/clone-only-strains\" target=\"_blank\" rel=\"noopener\">Bubba Kush<\/a>\n<ul>\n<li><a href=\"https:\/\/seedfinder.eu\/es\/strain-info\/usa-indica\/original-strains\" target=\"_blank\" rel=\"noopener\">Unknown Indica (pheno: possibly Northern Lights)<\/a><\/li>\n<li><a href=\"https:\/\/seedfinder.eu\/es\/strain-info\/triangle-kush\/clone-only-strains\" target=\"_blank\" rel=\"noopener\">OG Kush<\/a><\/li>\n<\/ul>\n<\/li>\n<li><a href=\"https:\/\/seedfinder.eu\/es\/strain-info\/blue-moon-rocks\/bog-seeds\" target=\"_blank\" rel=\"noopener\">Blue Moonrock (probably: probably)<\/a>\n<ul>\n<li><a href=\"https:\/\/seedfinder.eu\/es\/strain-info\/bluemoon\/unknown-or-legendary\" target=\"_blank\" rel=\"noopener\">Bluemoon<\/a>\n<ul>\n<li><a href=\"https:\/\/seedfinder.eu\/es\/strain-info\/unknown-strain\/original-strains\" target=\"_blank\" rel=\"noopener\">Unknown Strain<\/a><\/li>\n<\/ul>\n<\/li>\n<li><a href=\"https:\/\/seedfinder.eu\/es\/strain-info\/bogbubble\/bog-seeds\" target=\"_blank\" rel=\"noopener\">BOGBubble<\/a>\n<ul>\n<li><a href=\"https:\/\/seedfinder.eu\/es\/strain-info\/double-gum\/white-label\" target=\"_blank\" rel=\"noopener\">WL Bubblegum<\/a><\/li>\n<\/ul>\n<\/li>\n<\/ul>\n<\/li>\n<\/ul>\n<\/li>\n<li><a href=\"https:\/\/seedfinder.eu\/es\/strain-info\/mendo-purps\/unknown-or-legendary\" target=\"_blank\" rel=\"noopener\">Mendo Purps<\/a>\n<ul>\n<li><a href=\"https:\/\/seedfinder.eu\/es\/strain-info\/usa-mostly-indica\/original-strains\" target=\"_blank\" rel=\"noopener\">USA<\/a>\n<ul>\n<li><a href=\"https:\/\/seedfinder.eu\/es\/strain-info\/mostly-indica\/original-strains\" target=\"_blank\" rel=\"noopener\">Mostly Indica<\/a><\/li>\n<\/ul>\n<\/li>\n<\/ul>\n<\/li>\n<\/ul>\n<\/li>\n<\/ul>\n"},"yoast_head":"<!-- This site is optimized with the Yoast SEO plugin v26.5 - https:\/\/yoast.com\/wordpress\/plugins\/seo\/ -->\n<title>Mendocino Moonrock Semillas Feminizadas - BLUEDOG GENETICS Seeds<\/title>\n<meta name=\"description\" content=\"Mendocino Moonrock es unavariedad \u00edndica con alto THC Semillas feminizadas f\u00e1ciles de cultivar ideal para quienes buscan un efecto narcotico.\" \/>\n<meta name=\"robots\" content=\"index, follow, max-snippet:-1, max-image-preview:large, max-video-preview:-1\" \/>\n<link rel=\"canonical\" href=\"https:\/\/bluedoggenetics.com\/fr\/produit\/graines\/feminise\/mendocino-moonrock\/\" \/>\n<meta property=\"og:locale\" content=\"fr_FR\" \/>\n<meta property=\"og:type\" content=\"article\" \/>\n<meta property=\"og:title\" content=\"Mendocino Moonrock Semillas Feminizadas - BLUEDOG GENETICS Seeds\" \/>\n<meta property=\"og:description\" content=\"Mendocino Moonrock es unavariedad \u00edndica con alto THC Semillas feminizadas f\u00e1ciles de cultivar ideal para quienes buscan un efecto narcotico.\" \/>\n<meta property=\"og:url\" content=\"https:\/\/bluedoggenetics.com\/fr\/produit\/graines\/feminise\/mendocino-moonrock\/\" \/>\n<meta property=\"og:site_name\" content=\"BLUEDOG GENETICS Seeds\" \/>\n<meta property=\"article:modified_time\" content=\"2026-03-09T11:01:45+00:00\" \/>\n<meta property=\"og:image\" content=\"https:\/\/bluedoggenetics.com\/wp-content\/uploads\/2024\/10\/Mendocino-Moonrock-Bleudog-Genetics_11zon.webp\" \/>\n\t<meta property=\"og:image:width\" content=\"1536\" \/>\n\t<meta property=\"og:image:height\" content=\"1024\" \/>\n\t<meta property=\"og:image:type\" content=\"image\/webp\" \/>\n<meta name=\"twitter:card\" content=\"summary_large_image\" \/>\n<meta name=\"twitter:label1\" content=\"Dur\u00e9e de lecture estim\u00e9e\" \/>\n\t<meta name=\"twitter:data1\" content=\"3 minutes\" \/>\n<script type=\"application\/ld+json\" class=\"yoast-schema-graph\">{\"@context\":\"https:\/\/schema.org\",\"@graph\":[{\"@type\":[\"WebPage\",\"ItemPage\"],\"@id\":\"https:\/\/bluedoggenetics.com\/producto\/semillas\/feminizadas\/mendocino-moonrock\/\",\"url\":\"https:\/\/bluedoggenetics.com\/producto\/semillas\/feminizadas\/mendocino-moonrock\/\",\"name\":\"Mendocino Moonrock Semillas Feminizadas - BLUEDOG GENETICS Seeds\",\"isPartOf\":{\"@id\":\"https:\/\/bluedoggenetics.com\/de\/#website\"},\"primaryImageOfPage\":{\"@id\":\"https:\/\/bluedoggenetics.com\/producto\/semillas\/feminizadas\/mendocino-moonrock\/#primaryimage\"},\"image\":{\"@id\":\"https:\/\/bluedoggenetics.com\/producto\/semillas\/feminizadas\/mendocino-moonrock\/#primaryimage\"},\"thumbnailUrl\":\"https:\/\/bluedoggenetics.com\/wp-content\/uploads\/2024\/10\/Mendocino-Moonrock-Bleudog-Genetics_11zon.webp\",\"datePublished\":\"2024-10-27T17:35:56+00:00\",\"dateModified\":\"2026-03-09T11:01:45+00:00\",\"description\":\"Mendocino Moonrock es unavariedad \u00edndica con alto THC Semillas feminizadas f\u00e1ciles de cultivar ideal para quienes buscan un efecto narcotico.\",\"breadcrumb\":{\"@id\":\"https:\/\/bluedoggenetics.com\/producto\/semillas\/feminizadas\/mendocino-moonrock\/#breadcrumb\"},\"inLanguage\":\"fr-FR\",\"potentialAction\":[{\"@type\":\"ReadAction\",\"target\":[\"https:\/\/bluedoggenetics.com\/producto\/semillas\/feminizadas\/mendocino-moonrock\/\"]}]},{\"@type\":\"ImageObject\",\"inLanguage\":\"fr-FR\",\"@id\":\"https:\/\/bluedoggenetics.com\/producto\/semillas\/feminizadas\/mendocino-moonrock\/#primaryimage\",\"url\":\"https:\/\/bluedoggenetics.com\/wp-content\/uploads\/2024\/10\/Mendocino-Moonrock-Bleudog-Genetics_11zon.webp\",\"contentUrl\":\"https:\/\/bluedoggenetics.com\/wp-content\/uploads\/2024\/10\/Mendocino-Moonrock-Bleudog-Genetics_11zon.webp\",\"width\":1536,\"height\":1024,\"caption\":\"Mendocino Moonrocks en floracion de Bluedog Genetics\"},{\"@type\":\"BreadcrumbList\",\"@id\":\"https:\/\/bluedoggenetics.com\/producto\/semillas\/feminizadas\/mendocino-moonrock\/#breadcrumb\",\"itemListElement\":[{\"@type\":\"ListItem\",\"position\":1,\"name\":\"Portada\",\"item\":\"https:\/\/bluedoggenetics.com\/\"},{\"@type\":\"ListItem\",\"position\":2,\"name\":\"Tienda\",\"item\":\"https:\/\/bluedoggenetics.com\/fr\/tienda\/\"},{\"@type\":\"ListItem\",\"position\":3,\"name\":\"Mendocino Moonrock\"}]},{\"@type\":\"WebSite\",\"@id\":\"https:\/\/bluedoggenetics.com\/de\/#website\",\"url\":\"https:\/\/bluedoggenetics.com\/de\/\",\"name\":\"BLUEDOG GENETICS Seeds\",\"description\":\"Compara y compra las mejores semillas de cannabis. Feminizadas, Autoflorecientes, CBD.\",\"publisher\":{\"@id\":\"https:\/\/bluedoggenetics.com\/de\/#organization\"},\"alternateName\":\"BLUEDOG GENETICS\",\"potentialAction\":[{\"@type\":\"SearchAction\",\"target\":{\"@type\":\"EntryPoint\",\"urlTemplate\":\"https:\/\/bluedoggenetics.com\/de\/?s={search_term_string}\"},\"query-input\":{\"@type\":\"PropertyValueSpecification\",\"valueRequired\":true,\"valueName\":\"search_term_string\"}}],\"inLanguage\":\"fr-FR\"},{\"@type\":\"Organization\",\"@id\":\"https:\/\/bluedoggenetics.com\/de\/#organization\",\"name\":\"BLUEDOG GENETICS\",\"url\":\"https:\/\/bluedoggenetics.com\/de\/\",\"logo\":{\"@type\":\"ImageObject\",\"inLanguage\":\"fr-FR\",\"@id\":\"https:\/\/bluedoggenetics.com\/de\/#\/schema\/logo\/image\/\",\"url\":\"https:\/\/bluedoggenetics.com\/wp-content\/uploads\/2024\/11\/appIcon.png\",\"contentUrl\":\"https:\/\/bluedoggenetics.com\/wp-content\/uploads\/2024\/11\/appIcon.png\",\"width\":1024,\"height\":1024,\"caption\":\"BLUEDOG GENETICS\"},\"image\":{\"@id\":\"https:\/\/bluedoggenetics.com\/de\/#\/schema\/logo\/image\/\"},\"sameAs\":[\"https:\/\/www.instagram.com\/bluedog.genetics\/\"]}]}<\/script>\n<!-- \/ Yoast SEO plugin. -->","yoast_head_json":{"title":"Mendocino Moonrock Graines F\u00e9minis\u00e9es - BLUEDOG GENETICS Seeds","description":"Mendocino Moonrock est une vari\u00e9t\u00e9 indica avec un THC \u00e9lev\u00e9. Des graines f\u00e9minis\u00e9es faciles \u00e0 cultiver, id\u00e9ales pour ceux qui recherchent un effet narcotique.","robots":{"index":"index","follow":"follow","max-snippet":"max-snippet:-1","max-image-preview":"max-image-preview:large","max-video-preview":"max-video-preview:-1"},"canonical":"https:\/\/bluedoggenetics.com\/fr\/produit\/graines\/feminise\/mendocino-moonrock\/","og_locale":"fr_FR","og_type":"article","og_title":"Mendocino Moonrock Semillas Feminizadas - BLUEDOG GENETICS Seeds","og_description":"Mendocino Moonrock es unavariedad \u00edndica con alto THC Semillas feminizadas f\u00e1ciles de cultivar ideal para quienes buscan un efecto narcotico.","og_url":"https:\/\/bluedoggenetics.com\/fr\/produit\/graines\/feminise\/mendocino-moonrock\/","og_site_name":"BLUEDOG GENETICS Seeds","article_modified_time":"2026-03-09T11:01:45+00:00","og_image":[{"width":1536,"height":1024,"url":"https:\/\/bluedoggenetics.com\/wp-content\/uploads\/2024\/10\/Mendocino-Moonrock-Bleudog-Genetics_11zon.webp","type":"image\/webp"}],"twitter_card":"summary_large_image","twitter_misc":{"Dur\u00e9e de lecture estim\u00e9e":"3 minutes"},"schema":{"@context":"https:\/\/schema.org","@graph":[{"@type":["WebPage","ItemPage"],"@id":"https:\/\/bluedoggenetics.com\/producto\/semillas\/feminizadas\/mendocino-moonrock\/","url":"https:\/\/bluedoggenetics.com\/producto\/semillas\/feminizadas\/mendocino-moonrock\/","name":"Mendocino Moonrock Graines F\u00e9minis\u00e9es - BLUEDOG GENETICS Seeds","isPartOf":{"@id":"https:\/\/bluedoggenetics.com\/de\/#website"},"primaryImageOfPage":{"@id":"https:\/\/bluedoggenetics.com\/producto\/semillas\/feminizadas\/mendocino-moonrock\/#primaryimage"},"image":{"@id":"https:\/\/bluedoggenetics.com\/producto\/semillas\/feminizadas\/mendocino-moonrock\/#primaryimage"},"thumbnailUrl":"https:\/\/bluedoggenetics.com\/wp-content\/uploads\/2024\/10\/Mendocino-Moonrock-Bleudog-Genetics_11zon.webp","datePublished":"2024-10-27T17:35:56+00:00","dateModified":"2026-03-09T11:01:45+00:00","description":"Mendocino Moonrock est une vari\u00e9t\u00e9 indica avec un THC \u00e9lev\u00e9. Des graines f\u00e9minis\u00e9es faciles \u00e0 cultiver, id\u00e9ales pour ceux qui recherchent un effet narcotique.","breadcrumb":{"@id":"https:\/\/bluedoggenetics.com\/producto\/semillas\/feminizadas\/mendocino-moonrock\/#breadcrumb"},"inLanguage":"fr-FR","potentialAction":[{"@type":"ReadAction","target":["https:\/\/bluedoggenetics.com\/producto\/semillas\/feminizadas\/mendocino-moonrock\/"]}]},{"@type":"ImageObject","inLanguage":"fr-FR","@id":"https:\/\/bluedoggenetics.com\/producto\/semillas\/feminizadas\/mendocino-moonrock\/#primaryimage","url":"https:\/\/bluedoggenetics.com\/wp-content\/uploads\/2024\/10\/Mendocino-Moonrock-Bleudog-Genetics_11zon.webp","contentUrl":"https:\/\/bluedoggenetics.com\/wp-content\/uploads\/2024\/10\/Mendocino-Moonrock-Bleudog-Genetics_11zon.webp","width":1536,"height":1024,"caption":"Mendocino Moonrocks en floracion de Bluedog Genetics"},{"@type":"BreadcrumbList","@id":"https:\/\/bluedoggenetics.com\/producto\/semillas\/feminizadas\/mendocino-moonrock\/#breadcrumb","itemListElement":[{"@type":"ListItem","position":1,"name":"Portada","item":"https:\/\/bluedoggenetics.com\/"},{"@type":"ListItem","position":2,"name":"Tienda","item":"https:\/\/bluedoggenetics.com\/fr\/tienda\/"},{"@type":"ListItem","position":3,"name":"Mendocino Moonrock"}]},{"@type":"WebSite","@id":"https:\/\/bluedoggenetics.com\/de\/#website","url":"https:\/\/bluedoggenetics.com\/de\/","name":"BLUEDOG GENETICS Seeds","description":"Compare et ach\u00e8te les meilleures graines de cannabis. F\u00e9minis\u00e9es, autofloraison, CBD.","publisher":{"@id":"https:\/\/bluedoggenetics.com\/de\/#organization"},"alternateName":"BLUEDOG GENETICS","potentialAction":[{"@type":"SearchAction","target":{"@type":"EntryPoint","urlTemplate":"https:\/\/bluedoggenetics.com\/de\/?s={search_term_string}"},"query-input":{"@type":"PropertyValueSpecification","valueRequired":true,"valueName":"search_term_string"}}],"inLanguage":"fr-FR"},{"@type":"Organization","@id":"https:\/\/bluedoggenetics.com\/de\/#organization","name":"BLUEDOG GENETICS","url":"https:\/\/bluedoggenetics.com\/de\/","logo":{"@type":"ImageObject","inLanguage":"fr-FR","@id":"https:\/\/bluedoggenetics.com\/de\/#\/schema\/logo\/image\/","url":"https:\/\/bluedoggenetics.com\/wp-content\/uploads\/2024\/11\/appIcon.png","contentUrl":"https:\/\/bluedoggenetics.com\/wp-content\/uploads\/2024\/11\/appIcon.png","width":1024,"height":1024,"caption":"BLUEDOG GENETICS"},"image":{"@id":"https:\/\/bluedoggenetics.com\/de\/#\/schema\/logo\/image\/"},"sameAs":["https:\/\/www.instagram.com\/bluedog.genetics\/"]}]}},"sticker_url":"https:\/\/bluedoggenetics.com\/wp-content\/uploads\/2024\/10\/mendocino-Moonroock-Sticker-1.webp","variations_full":[{"id":1362,"price":8.5,"regular_price":8.5,"attributes":{"attribute_pa_cantidad":"pack-1"},"image_src":"https:\/\/bluedoggenetics.com\/wp-content\/uploads\/2024\/10\/Mendocino-Moonrock-Bleudog-Genetics_11zon-600x400.webp","is_in_stock":true},{"id":1363,"price":22.95,"regular_price":22.95,"attributes":{"attribute_pa_cantidad":"pack-3"},"image_src":"https:\/\/bluedoggenetics.com\/wp-content\/uploads\/2024\/10\/Mendocino-Moonrock-Bleudog-Genetics_11zon-600x400.webp","is_in_stock":true},{"id":1364,"price":34.3,"regular_price":34.3,"attributes":{"attribute_pa_cantidad":"pack-5"},"image_src":"https:\/\/bluedoggenetics.com\/wp-content\/uploads\/2024\/10\/Mendocino-Moonrock-Bleudog-Genetics_11zon-600x400.webp","is_in_stock":true},{"id":1365,"price":59.5,"regular_price":59.5,"attributes":{"attribute_pa_cantidad":"pack-10"},"image_src":"https:\/\/bluedoggenetics.com\/wp-content\/uploads\/2024\/10\/Mendocino-Moonrock-Bleudog-Genetics_11zon-600x400.webp","is_in_stock":true}],"jetpack_sharing_enabled":true,"_links":{"self":[{"href":"https:\/\/bluedoggenetics.com\/fr\/wp-json\/wp\/v2\/product\/1360","targetHints":{"allow":["GET"]}}],"collection":[{"href":"https:\/\/bluedoggenetics.com\/fr\/wp-json\/wp\/v2\/product"}],"about":[{"href":"https:\/\/bluedoggenetics.com\/fr\/wp-json\/wp\/v2\/types\/product"}],"wp:featuredmedia":[{"embeddable":true,"href":"https:\/\/bluedoggenetics.com\/fr\/wp-json\/wp\/v2\/media\/2641"}],"wp:attachment":[{"href":"https:\/\/bluedoggenetics.com\/fr\/wp-json\/wp\/v2\/media?parent=1360"}],"wp:term":[{"taxonomy":"product_brand","embeddable":true,"href":"https:\/\/bluedoggenetics.com\/fr\/wp-json\/wp\/v2\/product_brand?post=1360"},{"taxonomy":"product_cat","embeddable":true,"href":"https:\/\/bluedoggenetics.com\/fr\/wp-json\/wp\/v2\/product_cat?post=1360"},{"taxonomy":"product_tag","embeddable":true,"href":"https:\/\/bluedoggenetics.com\/fr\/wp-json\/wp\/v2\/product_tag?post=1360"}],"curies":[{"name":"wp","href":"https:\/\/api.w.org\/{rel}","templated":true}]}}