{"id":1184,"date":"2024-10-17T23:07:37","date_gmt":"2024-10-17T21:07:37","guid":{"rendered":"https:\/\/bluedoggenetics.com\/?post_type=product&#038;p=1184"},"modified":"2026-05-06T14:55:45","modified_gmt":"2026-05-06T12:55:45","slug":"passion-fruit-paradise-auto","status":"publish","type":"product","link":"https:\/\/bluedoggenetics.com\/fr\/produit\/graines\/autofloraison\/passion-fruit-paradise-auto\/","title":{"rendered":"Passion Fruit Paradise Auto"},"content":{"rendered":"<p class=\"translation-block\"><span style=\"font-weight: 400\"> <\/span><b>Passion Fruit Paradise Auto<\/b><span style=\"font-weight: 400\"> est un hybride avec 65% d\u2019indica et 35% de sativa. Avec un <strong>cycle de vie rapide de seulement 9 \u00e0 10 semaines,<\/strong> cette plante est parfaite pour ceux qui recherchent une r\u00e9colte rapide et de haute qualit\u00e9. En int\u00e9rieur, vous pouvez esp\u00e9rer des rendements de 400 \u00e0 550 grammes par m\u00e8tre carr\u00e9, tandis qu\u2019en ext\u00e9rieur, <\/span>Passion Fruit Paradise Auto<span style=\"font-weight: 400\"> peut produire <strong>entre 80 et 170 grammes par plante.<\/strong> Avec un taux de THC allant de 17% \u00e0 20%, cette vari\u00e9t\u00e9 offre une exp\u00e9rience relaxante avec une touche d\u2019euphorie pour rester positif.<\/span><\/p>\n<p><span style=\"font-weight: 400;\">Le profil de saveur est exactement ce que le nom sugg\u00e8re : une d\u00e9licieuse et fra\u00eeche touche de fruit de la passion combin\u00e9e \u00e0 une note cr\u00e9meuse qui laisse une sensation douce et fruit\u00e9e sur votre palais.<\/span><\/p>\n<p class=\"translation-block\"><b>Aspect de la Fleur.<\/b><span style=\"font-weight: 400\"> Les t\u00eates de <\/span>Passion Fruit Paradise Auto<span style=\"font-weight: 400\"> pr\u00e9sentent une couleur verte vibrante avec des pistils orange intense, leur donnant un aspect exotique qui refl\u00e8te leur <strong>profil de saveur d\u2019agrumes.<\/strong> Recouvertes de trichomes collants, les t\u00eates brillent sous la lumi\u00e8re et, une fois \u00e9miett\u00e9es, lib\u00e8rent un ar\u00f4me sucr\u00e9 et rafra\u00eechissant.<\/span><\/p>\n<p class=\"translation-block\"><b>Morphologie de la Plante.<\/b> Passion Fruit Paradise Auto<span style=\"font-weight: 400\"> pousse de mani\u00e8re compacte et facile \u00e0 g\u00e9rer, atteignant entre 90 et 120 cm en int\u00e9rieur et entre 120 et 150 cm en ext\u00e9rieur. Sa structure est robuste et ramifi\u00e9e, avec des t\u00eates denses qui se forment le long de ses branches solides. Cette plante est <strong>id\u00e9ale pour les petits espaces<\/strong> ou pour la culture sur des balcons et des terrasses, parfaite pour ceux qui recherchent une plante discr\u00e8te mais productive.<\/span><\/p>\n<h3><b>Conseils de Culture<\/b><\/h3>\n<ul>\n<li style=\"font-weight: 400;\" aria-level=\"1\" class=\"translation-block\"><b>Climat Id\u00e9al.<\/b> Passion Fruit Paradise Auto<span style=\"font-weight: 400\"> pr\u00e9f\u00e8re les climats temp\u00e9r\u00e9s et chauds, mais s\u2019adapte bien \u00e0 une vari\u00e9t\u00e9 de conditions. Maintenez les <strong>temp\u00e9ratures entre 20 et 28\u00b0C (68-82\u00b0F)<\/strong> pour une floraison optimale. En ext\u00e9rieur, assurez-vous qu\u2019elle re\u00e7oive une bonne lumi\u00e8re solaire et un environnement bien ventil\u00e9.<\/span><\/li>\n<li style=\"font-weight: 400;\" aria-level=\"1\" class=\"translation-block\"><b>Espace et Entra\u00eenement.<\/b><span style=\"font-weight: 400\"> Bien que cette vari\u00e9t\u00e9 soit compacte, le <\/span>LST<span style=\"font-weight: 400\"> (Low Stress Training) peut \u00eatre utile pour maximiser la lumi\u00e8re atteignant toutes les t\u00eates. Gr\u00e2ce \u00e0 sa taille facile \u00e0 g\u00e9rer, vous n\u2019aurez pas \u00e0 vous soucier de l\u2019espace, ce qui la rend parfaite pour les cultures en int\u00e9rieur et en ext\u00e9rieur avec un espace limit\u00e9.<\/span><\/li>\n<li style=\"font-weight: 400;\" aria-level=\"1\" class=\"translation-block\"><b>Engrais et Fertilisation.<\/b> Passion Fruit Paradise Auto<span style=\"font-weight: 400\"> r\u00e9agit bien \u00e0 une alimentation \u00e9quilibr\u00e9e. Pendant la phase v\u00e9g\u00e9tative, utilisez un engrais riche en azote pour stimuler la croissance. En floraison, passez \u00e0 un engrais plus riche en phosphore et en potassium pour maximiser le d\u00e9veloppement de t\u00eates denses et r\u00e9sineuses. Ajustez les doses en fonction de la r\u00e9action de la plante.<\/span><\/li>\n<li style=\"font-weight: 400;\" aria-level=\"1\" class=\"translation-block\"><b>Arrosage et Humidit\u00e9.<\/b><span style=\"font-weight: 400\"> <strong>Arrosez <\/strong><\/span><strong>Passion Fruit Paradise Auto<\/strong><span style=\"font-weight: 400\"><strong> avec mod\u00e9ration,<\/strong> en laissant le substrat s\u00e9cher l\u00e9g\u00e8rement entre les arrosages.<\/span><\/li>\n<li style=\"font-weight: 400;\" aria-level=\"1\" class=\"translation-block\"><b>Taille et Gestion.<\/b><span style=\"font-weight: 400\"> \u00c9tant donn\u00e9 que cette vari\u00e9t\u00e9 est compacte, une taille extensive n\u2019est pas n\u00e9cessaire, mais <strong>enlever les grandes feuilles ou les branches basses<\/strong> peut aider \u00e0 am\u00e9liorer la circulation de l\u2019air et la p\u00e9n\u00e9tration de la lumi\u00e8re. Cela garantit un d\u00e9veloppement uniforme des t\u00eates.<\/span><\/li>\n<\/ul>","protected":false},"excerpt":{"rendered":"<p><b>Passion Fruit Paradise Auto<\/b><span style=\"font-weight: 400;\"> C'est comme un fruit tropical, sucr\u00e9 et cr\u00e9meux \u00e0 chaque bouff\u00e9e. Avec un profil aromatique d'agrumes et fruit\u00e9 qui vous remplit de fra\u00eecheur, cette autofloraison est id\u00e9ale pour ceux qui recherchent une exp\u00e9rience savoureuse avec une touche tropicale. Sa p\u00e9riode de floraison de 9 \u00e0 10 semaines et ses effets \u00e9quilibr\u00e9s la rendent parfaite \u00e0 tout moment de la journ\u00e9e.<\/span><\/p>","protected":false},"featured_media":2639,"template":"","meta":{"_acf_changed":false,"inline_featured_image":false,"_wp_applaud_exclude":false},"product_brand":[194],"product_cat":[21],"product_tag":[],"class_list":{"0":"post-1184","1":"product","2":"type-product","3":"status-publish","4":"has-post-thumbnail","6":"product_brand-bluedog-genetics","7":"product_cat-autoflorecientes","8":"pa_altura-exterior-90-120","9":"pa_altura-interior-120-150","10":"pa_beneficios-terapeuticos-alivio-de-ansiedad","11":"pa_beneficios-terapeuticos-aumento-del-apetito","12":"pa_cantidad-pack-1","13":"pa_cantidad-pack-3","14":"pa_cantidad-pack-5","15":"pa_cantidad-pack-10","16":"pa_clima-calido","17":"pa_cosecha-exterior-80-170","18":"pa_cosecha-interior-400-550","19":"pa_efectos-destacables-conversador","20":"pa_efectos-destacables-euforico","21":"pa_efectos-destacables-relajado","22":"pa_floracion-9-10","23":"pa_genetica-65-35","24":"pa_olor-moderado","25":"pa_sabores-y-olores-afrutado","26":"pa_sabores-y-olores-citrico","27":"pa_sabores-y-olores-cremoso","28":"pa_sabores-y-olores-dulce","29":"pa_sabores-y-olores-naranja","30":"pa_sabores-y-olores-tropical","31":"pa_thc-17-20","32":"pa_variedad-indica","33":"pa_variedad-sativa","35":"first","36":"instock","37":"taxable","38":"shipping-taxable","39":"purchasable","40":"product-type-variable"},"acf":{"sticker":"https:\/\/bluedoggenetics.com\/wp-content\/uploads\/2024\/10\/Passion-Fruit-Paradise-Auto-Sticker.webp","family_tree":"<ul>\n<li><a href=\"https:\/\/seedfinder.eu\/es\/strain-info\/passion-fruit-paradise-auto\/bluedog-genetics\" target=\"_blank\" rel=\"noopener\">Passion Fruit Paradise Auto<\/a>\n<ul>\n<li><a href=\"https:\/\/seedfinder.eu\/es\/strain-info\/cream-mandarine-auto\/sweet-seeds\" target=\"_blank\" rel=\"noopener\">Cream Mandarine Auto<\/a>\n<ul>\n<li><a href=\"https:\/\/seedfinder.eu\/es\/strain-info\/cream-caramel-auto\/sweet-seeds\" target=\"_blank\" rel=\"noopener\">Cream Caramel Auto<\/a>\n<ul>\n<li><a href=\"https:\/\/seedfinder.eu\/es\/strain-info\/ruderalis\/original-strains\" target=\"_blank\" rel=\"noopener\">Unknown Ruderalis<\/a><\/li>\n<li><a href=\"https:\/\/seedfinder.eu\/es\/strain-info\/cream-caramel\/sweet-seeds\" target=\"_blank\" rel=\"noopener\">Cream Caramel<\/a>\n<ul>\n<li><a href=\"https:\/\/seedfinder.eu\/es\/strain-info\/white-rhino\/green-house-seeds\" target=\"_blank\" rel=\"noopener\">White Rhino<\/a><\/li>\n<li><a href=\"https:\/\/seedfinder.eu\/es\/strain-info\/maple-leaf-indica\/sensi-seeds\" target=\"_blank\" rel=\"noopener\">Maple Leaf Indica<\/a><\/li>\n<li><a href=\"https:\/\/seedfinder.eu\/es\/strain-info\/blueblack\/unknown-or-legendary\" target=\"_blank\" rel=\"noopener\">BlueBlack<\/a><\/li>\n<\/ul>\n<\/li>\n<\/ul>\n<\/li>\n<li><a href=\"https:\/\/seedfinder.eu\/es\/strain-info\/ice-cool\/sweet-seeds\" target=\"_blank\" rel=\"noopener\">Ice Cool<\/a>\n<ul>\n<li><a href=\"https:\/\/seedfinder.eu\/es\/strain-info\/nyc-diesel\/soma-seeds\" target=\"_blank\" rel=\"noopener\">NYC Diesel<\/a>\n<ul>\n<li><a href=\"https:\/\/seedfinder.eu\/es\/strain-info\/afghani-hawaiian\/mr-nice-seedbank\" target=\"_blank\" rel=\"noopener\">Afghani\/Hawaiian<\/a><\/li>\n<li><a href=\"https:\/\/seedfinder.eu\/es\/strain-info\/unknown-strain\/original-strains\" target=\"_blank\" rel=\"noopener\">Unknown Diesel Bagseed<\/a><\/li>\n<\/ul>\n<\/li>\n<li><a href=\"https:\/\/seedfinder.eu\/es\/strain-info\/india-sativa\/original-strains\" target=\"_blank\" rel=\"noopener\">India<\/a>\n<ul>\n<li><a href=\"https:\/\/seedfinder.eu\/es\/strain-info\/sativa\/original-strains\" target=\"_blank\" rel=\"noopener\">Sativa<\/a><\/li>\n<\/ul>\n<\/li>\n<\/ul>\n<\/li>\n<\/ul>\n<\/li>\n<li><a href=\"https:\/\/seedfinder.eu\/es\/strain-info\/passion-fruit\/dutch-passion\" target=\"_blank\" rel=\"noopener\">Passion Fruit<\/a>\n<ul>\n<li><a href=\"https:\/\/bluedoggenetics.com\/terminos-y-condiciones\/\" target=\"_blank\" rel=\"noopener\">Orange Bud<\/a>\n<ul>\n<li><a href=\"https:\/\/seedfinder.eu\/es\/strain-info\/skunk-nr1\/cultivators-choice\" target=\"_blank\" rel=\"noopener\">Skunk#1<\/a>\n<ul>\n<li><a href=\"https:\/\/seedfinder.eu\/es\/strain-info\/skunk\/unknown-or-legendary\" target=\"_blank\" rel=\"noopener\">Skunk<\/a><\/li>\n<\/ul>\n<\/li>\n<\/ul>\n<\/li>\n<li><a href=\"https:\/\/seedfinder.eu\/es\/strain-info\/sweet-pink-grapefruit\/spice-of-life-seeds\" target=\"_blank\" rel=\"noopener\">Sweet Pink Grapefruit<\/a>\n<ul>\n<li><a href=\"https:\/\/seedfinder.eu\/es\/strain-info\/unknown-strain\/original-strains\" target=\"_blank\" rel=\"noopener\">Unknown Strain<\/a><\/li>\n<li><a href=\"https:\/\/seedfinder.eu\/es\/strain-info\/grapefruit\/clone-only-strains\" target=\"_blank\" rel=\"noopener\">Grapefruit<\/a>\n<ul>\n<li><a href=\"https:\/\/seedfinder.eu\/es\/strain-info\/indica-sativa\/original-strains\" target=\"_blank\" rel=\"noopener\">Unknown Hybrid<\/a><\/li>\n<\/ul>\n<\/li>\n<\/ul>\n<\/li>\n<\/ul>\n<\/li>\n<\/ul>\n<\/li>\n<\/ul>\n"},"yoast_head":"<!-- This site is optimized with the Yoast SEO plugin v26.5 - https:\/\/yoast.com\/wordpress\/plugins\/seo\/ -->\n<title>Passion Fruit Paradise Auto - Variedad Autofloreciente - BLUEDOG GENETICS Seeds<\/title>\n<meta name=\"description\" content=\"Passion Fruit Paradise Auto es una variedad autofloreciente de alto THC y sabor tropical, ideal para cultivos r\u00e1pidos y paladares exigentes\" \/>\n<meta name=\"robots\" content=\"index, follow, max-snippet:-1, max-image-preview:large, max-video-preview:-1\" \/>\n<link rel=\"canonical\" href=\"https:\/\/bluedoggenetics.com\/fr\/produit\/autofloraison\/passion-fruit-paradise-auto\/\" \/>\n<meta property=\"og:locale\" content=\"fr_FR\" \/>\n<meta property=\"og:type\" content=\"article\" \/>\n<meta property=\"og:title\" content=\"Passion Fruit Paradise Auto - Variedad Autofloreciente - BLUEDOG GENETICS Seeds\" \/>\n<meta property=\"og:description\" content=\"Passion Fruit Paradise Auto es una variedad autofloreciente de alto THC y sabor tropical, ideal para cultivos r\u00e1pidos y paladares exigentes\" \/>\n<meta property=\"og:url\" content=\"https:\/\/bluedoggenetics.com\/fr\/produit\/autofloraison\/passion-fruit-paradise-auto\/\" \/>\n<meta property=\"og:site_name\" content=\"BLUEDOG GENETICS Seeds\" \/>\n<meta property=\"article:modified_time\" content=\"2026-05-06T12:55:45+00:00\" \/>\n<meta property=\"og:image\" content=\"https:\/\/bluedoggenetics.com\/wp-content\/uploads\/2024\/10\/Passion-Fruit-Paradise-Auto-Bluedog-Genetics_11zon.webp\" \/>\n\t<meta property=\"og:image:width\" content=\"1536\" \/>\n\t<meta property=\"og:image:height\" content=\"1024\" \/>\n\t<meta property=\"og:image:type\" content=\"image\/webp\" \/>\n<meta name=\"twitter:card\" content=\"summary_large_image\" \/>\n<meta name=\"twitter:label1\" content=\"Dur\u00e9e de lecture estim\u00e9e\" \/>\n\t<meta name=\"twitter:data1\" content=\"3 minutes\" \/>\n<script type=\"application\/ld+json\" class=\"yoast-schema-graph\">{\"@context\":\"https:\/\/schema.org\",\"@graph\":[{\"@type\":[\"WebPage\",\"ItemPage\"],\"@id\":\"https:\/\/bluedoggenetics.com\/producto\/autoflorecientes\/passion-fruit-paradise-auto\/\",\"url\":\"https:\/\/bluedoggenetics.com\/producto\/autoflorecientes\/passion-fruit-paradise-auto\/\",\"name\":\"Passion Fruit Paradise Auto - Variedad Autofloreciente - BLUEDOG GENETICS Seeds\",\"isPartOf\":{\"@id\":\"https:\/\/bluedoggenetics.com\/de\/#website\"},\"primaryImageOfPage\":{\"@id\":\"https:\/\/bluedoggenetics.com\/producto\/autoflorecientes\/passion-fruit-paradise-auto\/#primaryimage\"},\"image\":{\"@id\":\"https:\/\/bluedoggenetics.com\/producto\/autoflorecientes\/passion-fruit-paradise-auto\/#primaryimage\"},\"thumbnailUrl\":\"https:\/\/bluedoggenetics.com\/wp-content\/uploads\/2024\/10\/Passion-Fruit-Paradise-Auto-Bluedog-Genetics_11zon.webp\",\"datePublished\":\"2024-10-17T21:07:37+00:00\",\"dateModified\":\"2026-05-06T12:55:45+00:00\",\"description\":\"Passion Fruit Paradise Auto es una variedad autofloreciente de alto THC y sabor tropical, ideal para cultivos r\u00e1pidos y paladares exigentes\",\"breadcrumb\":{\"@id\":\"https:\/\/bluedoggenetics.com\/producto\/autoflorecientes\/passion-fruit-paradise-auto\/#breadcrumb\"},\"inLanguage\":\"fr-FR\",\"potentialAction\":[{\"@type\":\"ReadAction\",\"target\":[\"https:\/\/bluedoggenetics.com\/producto\/autoflorecientes\/passion-fruit-paradise-auto\/\"]}]},{\"@type\":\"ImageObject\",\"inLanguage\":\"fr-FR\",\"@id\":\"https:\/\/bluedoggenetics.com\/producto\/autoflorecientes\/passion-fruit-paradise-auto\/#primaryimage\",\"url\":\"https:\/\/bluedoggenetics.com\/wp-content\/uploads\/2024\/10\/Passion-Fruit-Paradise-Auto-Bluedog-Genetics_11zon.webp\",\"contentUrl\":\"https:\/\/bluedoggenetics.com\/wp-content\/uploads\/2024\/10\/Passion-Fruit-Paradise-Auto-Bluedog-Genetics_11zon.webp\",\"width\":1536,\"height\":1024,\"caption\":\"Passion fruit paradise de Bluedog Genetics en floracion\"},{\"@type\":\"BreadcrumbList\",\"@id\":\"https:\/\/bluedoggenetics.com\/producto\/autoflorecientes\/passion-fruit-paradise-auto\/#breadcrumb\",\"itemListElement\":[{\"@type\":\"ListItem\",\"position\":1,\"name\":\"Portada\",\"item\":\"https:\/\/bluedoggenetics.com\/\"},{\"@type\":\"ListItem\",\"position\":2,\"name\":\"Tienda\",\"item\":\"https:\/\/bluedoggenetics.com\/fr\/tienda\/\"},{\"@type\":\"ListItem\",\"position\":3,\"name\":\"Passion Fruit Paradise Auto\"}]},{\"@type\":\"WebSite\",\"@id\":\"https:\/\/bluedoggenetics.com\/de\/#website\",\"url\":\"https:\/\/bluedoggenetics.com\/de\/\",\"name\":\"BLUEDOG GENETICS Seeds\",\"description\":\"Compara y compra las mejores semillas de cannabis. Feminizadas, Autoflorecientes, CBD.\",\"publisher\":{\"@id\":\"https:\/\/bluedoggenetics.com\/de\/#organization\"},\"alternateName\":\"BLUEDOG GENETICS\",\"potentialAction\":[{\"@type\":\"SearchAction\",\"target\":{\"@type\":\"EntryPoint\",\"urlTemplate\":\"https:\/\/bluedoggenetics.com\/de\/?s={search_term_string}\"},\"query-input\":{\"@type\":\"PropertyValueSpecification\",\"valueRequired\":true,\"valueName\":\"search_term_string\"}}],\"inLanguage\":\"fr-FR\"},{\"@type\":\"Organization\",\"@id\":\"https:\/\/bluedoggenetics.com\/de\/#organization\",\"name\":\"BLUEDOG GENETICS\",\"url\":\"https:\/\/bluedoggenetics.com\/de\/\",\"logo\":{\"@type\":\"ImageObject\",\"inLanguage\":\"fr-FR\",\"@id\":\"https:\/\/bluedoggenetics.com\/de\/#\/schema\/logo\/image\/\",\"url\":\"https:\/\/bluedoggenetics.com\/wp-content\/uploads\/2024\/11\/appIcon.png\",\"contentUrl\":\"https:\/\/bluedoggenetics.com\/wp-content\/uploads\/2024\/11\/appIcon.png\",\"width\":1024,\"height\":1024,\"caption\":\"BLUEDOG GENETICS\"},\"image\":{\"@id\":\"https:\/\/bluedoggenetics.com\/de\/#\/schema\/logo\/image\/\"},\"sameAs\":[\"https:\/\/www.instagram.com\/bluedog.genetics\/\"]}]}<\/script>\n<!-- \/ Yoast SEO plugin. -->","yoast_head_json":{"title":"Passion Fruit Paradise Auto - Vari\u00e9t\u00e9 Autoflorissante - BLUEDOG GENETICS Seeds","description":"Passion Fruit Paradise Auto est une vari\u00e9t\u00e9 autoflorissante \u00e0 haute teneur en THC et saveur tropicale, id\u00e9ale pour une culture rapide et les palais exigeants.","robots":{"index":"index","follow":"follow","max-snippet":"max-snippet:-1","max-image-preview":"max-image-preview:large","max-video-preview":"max-video-preview:-1"},"canonical":"https:\/\/bluedoggenetics.com\/fr\/produit\/autofloraison\/passion-fruit-paradise-auto\/","og_locale":"fr_FR","og_type":"article","og_title":"Passion Fruit Paradise Auto - Variedad Autofloreciente - BLUEDOG GENETICS Seeds","og_description":"Passion Fruit Paradise Auto es una variedad autofloreciente de alto THC y sabor tropical, ideal para cultivos r\u00e1pidos y paladares exigentes","og_url":"https:\/\/bluedoggenetics.com\/fr\/produit\/autofloraison\/passion-fruit-paradise-auto\/","og_site_name":"BLUEDOG GENETICS Seeds","article_modified_time":"2026-05-06T12:55:45+00:00","og_image":[{"width":1536,"height":1024,"url":"https:\/\/bluedoggenetics.com\/wp-content\/uploads\/2024\/10\/Passion-Fruit-Paradise-Auto-Bluedog-Genetics_11zon.webp","type":"image\/webp"}],"twitter_card":"summary_large_image","twitter_misc":{"Dur\u00e9e de lecture estim\u00e9e":"3 minutes"},"schema":{"@context":"https:\/\/schema.org","@graph":[{"@type":["WebPage","ItemPage"],"@id":"https:\/\/bluedoggenetics.com\/producto\/autoflorecientes\/passion-fruit-paradise-auto\/","url":"https:\/\/bluedoggenetics.com\/producto\/autoflorecientes\/passion-fruit-paradise-auto\/","name":"Passion Fruit Paradise Auto - Vari\u00e9t\u00e9 Autoflorissante - BLUEDOG GENETICS Seeds","isPartOf":{"@id":"https:\/\/bluedoggenetics.com\/de\/#website"},"primaryImageOfPage":{"@id":"https:\/\/bluedoggenetics.com\/producto\/autoflorecientes\/passion-fruit-paradise-auto\/#primaryimage"},"image":{"@id":"https:\/\/bluedoggenetics.com\/producto\/autoflorecientes\/passion-fruit-paradise-auto\/#primaryimage"},"thumbnailUrl":"https:\/\/bluedoggenetics.com\/wp-content\/uploads\/2024\/10\/Passion-Fruit-Paradise-Auto-Bluedog-Genetics_11zon.webp","datePublished":"2024-10-17T21:07:37+00:00","dateModified":"2026-05-06T12:55:45+00:00","description":"Passion Fruit Paradise Auto est une vari\u00e9t\u00e9 autoflorissante \u00e0 haute teneur en THC et saveur tropicale, id\u00e9ale pour une culture rapide et les palais exigeants.","breadcrumb":{"@id":"https:\/\/bluedoggenetics.com\/producto\/autoflorecientes\/passion-fruit-paradise-auto\/#breadcrumb"},"inLanguage":"fr-FR","potentialAction":[{"@type":"ReadAction","target":["https:\/\/bluedoggenetics.com\/producto\/autoflorecientes\/passion-fruit-paradise-auto\/"]}]},{"@type":"ImageObject","inLanguage":"fr-FR","@id":"https:\/\/bluedoggenetics.com\/producto\/autoflorecientes\/passion-fruit-paradise-auto\/#primaryimage","url":"https:\/\/bluedoggenetics.com\/wp-content\/uploads\/2024\/10\/Passion-Fruit-Paradise-Auto-Bluedog-Genetics_11zon.webp","contentUrl":"https:\/\/bluedoggenetics.com\/wp-content\/uploads\/2024\/10\/Passion-Fruit-Paradise-Auto-Bluedog-Genetics_11zon.webp","width":1536,"height":1024,"caption":"Passion fruit paradise de Bluedog Genetics en floracion"},{"@type":"BreadcrumbList","@id":"https:\/\/bluedoggenetics.com\/producto\/autoflorecientes\/passion-fruit-paradise-auto\/#breadcrumb","itemListElement":[{"@type":"ListItem","position":1,"name":"Portada","item":"https:\/\/bluedoggenetics.com\/"},{"@type":"ListItem","position":2,"name":"Tienda","item":"https:\/\/bluedoggenetics.com\/fr\/tienda\/"},{"@type":"ListItem","position":3,"name":"Passion Fruit Paradise Auto"}]},{"@type":"WebSite","@id":"https:\/\/bluedoggenetics.com\/de\/#website","url":"https:\/\/bluedoggenetics.com\/de\/","name":"BLUEDOG GENETICS Seeds","description":"Compare et ach\u00e8te les meilleures graines de cannabis. F\u00e9minis\u00e9es, autofloraison, CBD.","publisher":{"@id":"https:\/\/bluedoggenetics.com\/de\/#organization"},"alternateName":"BLUEDOG GENETICS","potentialAction":[{"@type":"SearchAction","target":{"@type":"EntryPoint","urlTemplate":"https:\/\/bluedoggenetics.com\/de\/?s={search_term_string}"},"query-input":{"@type":"PropertyValueSpecification","valueRequired":true,"valueName":"search_term_string"}}],"inLanguage":"fr-FR"},{"@type":"Organization","@id":"https:\/\/bluedoggenetics.com\/de\/#organization","name":"BLUEDOG GENETICS","url":"https:\/\/bluedoggenetics.com\/de\/","logo":{"@type":"ImageObject","inLanguage":"fr-FR","@id":"https:\/\/bluedoggenetics.com\/de\/#\/schema\/logo\/image\/","url":"https:\/\/bluedoggenetics.com\/wp-content\/uploads\/2024\/11\/appIcon.png","contentUrl":"https:\/\/bluedoggenetics.com\/wp-content\/uploads\/2024\/11\/appIcon.png","width":1024,"height":1024,"caption":"BLUEDOG GENETICS"},"image":{"@id":"https:\/\/bluedoggenetics.com\/de\/#\/schema\/logo\/image\/"},"sameAs":["https:\/\/www.instagram.com\/bluedog.genetics\/"]}]}},"sticker_url":"https:\/\/bluedoggenetics.com\/wp-content\/uploads\/2024\/10\/Passion-Fruit-Paradise-Auto-Sticker.webp","variations_full":[{"id":1185,"price":7,"regular_price":7,"attributes":{"attribute_pa_cantidad":"pack-1"},"image_src":"https:\/\/bluedoggenetics.com\/wp-content\/uploads\/2024\/10\/Passion-Fruit-Paradise-Auto-Bluedog-Genetics_11zon-600x400.webp","is_in_stock":true},{"id":1186,"price":18.9,"regular_price":18.9,"attributes":{"attribute_pa_cantidad":"pack-3"},"image_src":"https:\/\/bluedoggenetics.com\/wp-content\/uploads\/2024\/10\/Passion-Fruit-Paradise-Auto-Bluedog-Genetics_11zon-600x400.webp","is_in_stock":true},{"id":1187,"price":28,"regular_price":28,"attributes":{"attribute_pa_cantidad":"pack-5"},"image_src":"https:\/\/bluedoggenetics.com\/wp-content\/uploads\/2024\/10\/Passion-Fruit-Paradise-Auto-Bluedog-Genetics_11zon-600x400.webp","is_in_stock":true},{"id":1188,"price":49.2,"regular_price":49.2,"attributes":{"attribute_pa_cantidad":"pack-10"},"image_src":"https:\/\/bluedoggenetics.com\/wp-content\/uploads\/2024\/10\/Passion-Fruit-Paradise-Auto-Bluedog-Genetics_11zon-600x400.webp","is_in_stock":true}],"jetpack_sharing_enabled":true,"_links":{"self":[{"href":"https:\/\/bluedoggenetics.com\/fr\/wp-json\/wp\/v2\/product\/1184","targetHints":{"allow":["GET"]}}],"collection":[{"href":"https:\/\/bluedoggenetics.com\/fr\/wp-json\/wp\/v2\/product"}],"about":[{"href":"https:\/\/bluedoggenetics.com\/fr\/wp-json\/wp\/v2\/types\/product"}],"wp:featuredmedia":[{"embeddable":true,"href":"https:\/\/bluedoggenetics.com\/fr\/wp-json\/wp\/v2\/media\/2639"}],"wp:attachment":[{"href":"https:\/\/bluedoggenetics.com\/fr\/wp-json\/wp\/v2\/media?parent=1184"}],"wp:term":[{"taxonomy":"product_brand","embeddable":true,"href":"https:\/\/bluedoggenetics.com\/fr\/wp-json\/wp\/v2\/product_brand?post=1184"},{"taxonomy":"product_cat","embeddable":true,"href":"https:\/\/bluedoggenetics.com\/fr\/wp-json\/wp\/v2\/product_cat?post=1184"},{"taxonomy":"product_tag","embeddable":true,"href":"https:\/\/bluedoggenetics.com\/fr\/wp-json\/wp\/v2\/product_tag?post=1184"}],"curies":[{"name":"wp","href":"https:\/\/api.w.org\/{rel}","templated":true}]}}