{"id":1166,"date":"2024-10-16T23:14:32","date_gmt":"2024-10-16T21:14:32","guid":{"rendered":"https:\/\/bluedoggenetics.com\/?post_type=product&#038;p=1166"},"modified":"2026-04-11T15:16:51","modified_gmt":"2026-04-11T13:16:51","slug":"papaya-kush-auto","status":"publish","type":"product","link":"https:\/\/bluedoggenetics.com\/fr\/produit\/autofloraison\/papaya-kush-auto\/","title":{"rendered":"Papaya Kush Auto"},"content":{"rendered":"<p class=\"translation-block\"><b>Papaya Kush Auto<\/b><span style=\"font-weight: 400\"> est un hybride <a href=\"https:\/\/bluedoggenetics.com\/fr\/categorie\/graines\/autofloraison\/\" target=\"_self\">autoflorissant<\/a> qui frappe fort, combinant le meilleur de ses g\u00e9n\u00e9tiques dans un cycle de floraison ultra-rapide de seulement 9 semaines. Cette plante compacte est parfaite pour ceux qui recherchent une r\u00e9colte rapide sans compromettre la qualit\u00e9. En int\u00e9rieur, vous pouvez vous attendre \u00e0 des rendements g\u00e9n\u00e9reux de 550g par m\u00e8tre carr\u00e9, tandis qu\u2019en ext\u00e9rieur, elle fournira entre 50 et 150 grammes par plante. Avec des niveaux de THC allant de 20% \u00e0 26%, <\/span>Papaya Kush Auto<span style=\"font-weight: 400\"> offre un high fort et relaxant qui enveloppe \u00e0 la fois votre esprit et votre corps.<\/span><\/p>\n<p class=\"translation-block\"><span style=\"font-weight: 400\">Le profil de saveur est un luxe en soi. Ses notes sucr\u00e9es et terreuses se marient \u00e0 une touche tropicale et cr\u00e9meuse, cr\u00e9ant une exp\u00e9rience de fum\u00e9e aussi d\u00e9licieuse qu\u2019efficace. Avec un ar\u00f4me puissant qui vous attire d\u00e8s le premier instant, <\/span>Papaya Kush Auto<span style=\"font-weight: 400\"> est parfaite pour ceux qui recherchent une vari\u00e9t\u00e9 puissante et savoureuse, id\u00e9ale pour soulager le stress, d\u00e9tendre le corps et profiter d\u2019un moment de calme.<\/span><\/p>\n<p class=\"translation-block\"><b>Aspect de la Fleur.<\/b><span style=\"font-weight: 400\"> Les t\u00eates de <\/span>Papaya Kush Auto<span style=\"font-weight: 400\"> sont compactes, avec une couche brillante de trichomes r\u00e9sineux qui leur donne un \u00e9clat spectaculaire. Elles sont petites mais puissantes, et leur structure solide garantit que chaque t\u00eate est pleine de puissance. Lorsqu\u2019elles sont \u00e9miett\u00e9es, l\u2019ar\u00f4me sucr\u00e9 et terreux se m\u00eale \u00e0 une touche tropicale et cr\u00e9meuse, remplissant la pi\u00e8ce d\u2019un parfum irr\u00e9sistible.<\/span><\/p>\n<p class=\"translation-block\"><b>Morphologie de la Plante.<\/b> Papaya Kush Auto<span style=\"font-weight: 400\"> pousse de mani\u00e8re compacte et facile \u00e0 g\u00e9rer, atteignant entre 90 et 120 cm en int\u00e9rieur comme en ext\u00e9rieur. Sa structure robuste et sa taille mod\u00e9r\u00e9e en font une plante id\u00e9ale pour les cultivateurs recherchant une culture facile \u00e0 g\u00e9rer sans renoncer \u00e0 une bonne r\u00e9colte.<\/span><\/p>\n<h3><b>Conseils de Culture<\/b><\/h3>\n<ul>\n<li style=\"font-weight: 400;\" aria-level=\"1\" class=\"translation-block\"><b>Climat Id\u00e9al.<\/b> <b>Papaya Kush Auto<\/b><span style=\"font-weight: 400\"> s\u2019adapte bien aux climats temp\u00e9r\u00e9s. Maintenez les temp\u00e9ratures <strong>entre 20 et 26\u00b0C (68-79\u00b0F)<\/strong> pour optimiser sa croissance et sa floraison. Cette vari\u00e9t\u00e9 autoflorissante <strong>ne n\u00e9cessite pas beaucoup de lumi\u00e8re<\/strong>.<\/span><\/li>\n<li style=\"font-weight: 400;\" aria-level=\"1\" class=\"translation-block\"><b>Espace et Entra\u00eenement.<\/b><span style=\"font-weight: 400\"> Bien que <\/span>Papaya Kush Auto<span style=\"font-weight: 400\"> soit compacte, vous pouvez utiliser des techniques comme le <\/span><strong>LST<\/strong><span style=\"font-weight: 400\"> (Low Stress Training) pour maximiser l\u2019exposition \u00e0 la lumi\u00e8re de toutes les t\u00eates et ainsi am\u00e9liorer les rendements. Sa petite taille et sa facilit\u00e9 de gestion en font un excellent choix pour les cultivateurs disposant d\u2019un espace limit\u00e9.<\/span><\/li>\n<li style=\"font-weight: 400;\" aria-level=\"1\" class=\"translation-block\"><b>Engrais et Fertilisation.<\/b><span style=\"font-weight: 400\"> Pendant la phase v\u00e9g\u00e9tative, utilisez un engrais \u00e9quilibr\u00e9 en NPK pour stimuler une croissance saine. Lorsque la plante entre en floraison, passez \u00e0 un engrais riche en phosphore et en potassium pour maximiser le d\u00e9veloppement de t\u00eates denses et r\u00e9sineuses. Ajustez les doses en fonction de la r\u00e9ponse de la plante pour \u00e9viter les probl\u00e8mes de sur-fertilisation.<\/span><\/li>\n<li style=\"font-weight: 400;\" aria-level=\"1\" class=\"translation-block\"><b>Arrosage et Humidit\u00e9.<\/b> <span style=\"font-weight: 400\"> Laissez le substrat s\u00e9cher l\u00e9g\u00e8rement entre les arrosages pour \u00e9viter les probl\u00e8mes d'engorgement et de racines. Maintenez l'humidit\u00e9 relative dans une plage de 40 \u00e0 50 % pendant la floraison pour pr\u00e9venir les probl\u00e8mes de moisissures et garantir une r\u00e9colte de haute qualit\u00e9.<\/span><\/li>\n<li style=\"font-weight: 400;\" aria-level=\"1\" class=\"translation-block\"><b>Taille et Gestion.<\/b><span style=\"font-weight: 400\"> Compte tenu de son cycle de vie rapide, il est important d\u2019effectuer une taille et un d\u00e9feuillage mod\u00e9r\u00e9s. Am\u00e9liorer la circulation de l\u2019air et la p\u00e9n\u00e9tration de la lumi\u00e8re est essentiel pour garantir que toutes les t\u00eates se d\u00e9veloppent uniform\u00e9ment. Effectuez toute taille au d\u00e9but de sa phase de croissance pour \u00e9viter un stress inutile pendant la floraison.<\/span><\/li>\n<\/ul>","protected":false},"excerpt":{"rendered":"<p><b>Papaya Kush Auto<\/b><span style=\"font-weight: 400;\"> es pura delicia, un h\u00edbrido que mezcla lo dulce con notas tropicales y cremosas, haciendo que cada calada te transporte a un para\u00edso sensorial. Con una floraci\u00f3n r\u00e1pida de solo 9 semanas y efectos potentes, esta variedad te ofrece una experiencia fuerte y equilibrada, perfecta para relajarte y disfrutar<\/span><\/p>","protected":false},"featured_media":2637,"template":"","meta":{"_acf_changed":false,"inline_featured_image":false,"_wp_applaud_exclude":false},"product_brand":[194],"product_cat":[21],"product_tag":[],"class_list":{"0":"post-1166","1":"product","2":"type-product","3":"status-publish","4":"has-post-thumbnail","6":"product_brand-bluedog-genetics","7":"product_cat-autoflorecientes","9":"first","10":"instock","11":"taxable","12":"shipping-taxable","13":"purchasable","14":"product-type-variable"},"acf":{"sticker":"https:\/\/bluedoggenetics.com\/wp-content\/uploads\/2024\/10\/Papaya-Kush-Auto-Sticker.webp","family_tree":""},"yoast_head":"<!-- This site is optimized with the Yoast SEO plugin v26.5 - https:\/\/yoast.com\/wordpress\/plugins\/seo\/ -->\n<title>Papaya Kush - Semillas Autoflorecientes de Alto Rendimiento BLUEDOG GENETICS Seeds<\/title>\n<meta name=\"description\" content=\"Papaya Kush Auto, variedad autofloreciente con sabores tropicales y efecto relajante. Ideal para cultivos r\u00e1pidos y productivos\" \/>\n<meta name=\"robots\" content=\"index, follow, max-snippet:-1, max-image-preview:large, max-video-preview:-1\" \/>\n<link rel=\"canonical\" href=\"https:\/\/bluedoggenetics.com\/fr\/produit\/autofloraison\/papaya-kush-auto\/\" \/>\n<meta property=\"og:locale\" content=\"fr_FR\" \/>\n<meta property=\"og:type\" content=\"article\" \/>\n<meta property=\"og:title\" content=\"Papaya Kush - Semillas Autoflorecientes de Alto Rendimiento BLUEDOG GENETICS Seeds\" \/>\n<meta property=\"og:description\" content=\"Papaya Kush Auto, variedad autofloreciente con sabores tropicales y efecto relajante. Ideal para cultivos r\u00e1pidos y productivos\" \/>\n<meta property=\"og:url\" content=\"https:\/\/bluedoggenetics.com\/fr\/produit\/autofloraison\/papaya-kush-auto\/\" \/>\n<meta property=\"og:site_name\" content=\"BLUEDOG GENETICS Seeds\" \/>\n<meta property=\"article:modified_time\" content=\"2026-04-11T13:16:51+00:00\" \/>\n<meta property=\"og:image\" content=\"https:\/\/bluedoggenetics.com\/wp-content\/uploads\/2024\/10\/Papaya-Kush-Auto_11zon.webp\" \/>\n\t<meta property=\"og:image:width\" content=\"1536\" \/>\n\t<meta property=\"og:image:height\" content=\"1024\" \/>\n\t<meta property=\"og:image:type\" content=\"image\/webp\" \/>\n<meta name=\"twitter:card\" content=\"summary_large_image\" \/>\n<meta name=\"twitter:label1\" content=\"Dur\u00e9e de lecture estim\u00e9e\" \/>\n\t<meta name=\"twitter:data1\" content=\"3 minutes\" \/>\n<script type=\"application\/ld+json\" class=\"yoast-schema-graph\">{\"@context\":\"https:\/\/schema.org\",\"@graph\":[{\"@type\":[\"WebPage\",\"ItemPage\"],\"@id\":\"https:\/\/bluedoggenetics.com\/producto\/autoflorecientes\/papaya-kush-auto\/\",\"url\":\"https:\/\/bluedoggenetics.com\/producto\/autoflorecientes\/papaya-kush-auto\/\",\"name\":\"Papaya Kush - Semillas Autoflorecientes de Alto Rendimiento BLUEDOG GENETICS Seeds\",\"isPartOf\":{\"@id\":\"https:\/\/bluedoggenetics.com\/de\/#website\"},\"primaryImageOfPage\":{\"@id\":\"https:\/\/bluedoggenetics.com\/producto\/autoflorecientes\/papaya-kush-auto\/#primaryimage\"},\"image\":{\"@id\":\"https:\/\/bluedoggenetics.com\/producto\/autoflorecientes\/papaya-kush-auto\/#primaryimage\"},\"thumbnailUrl\":\"https:\/\/bluedoggenetics.com\/wp-content\/uploads\/2024\/10\/Papaya-Kush-Auto_11zon.webp\",\"datePublished\":\"2024-10-16T21:14:32+00:00\",\"dateModified\":\"2026-04-11T13:16:51+00:00\",\"description\":\"Papaya Kush Auto, variedad autofloreciente con sabores tropicales y efecto relajante. Ideal para cultivos r\u00e1pidos y productivos\",\"breadcrumb\":{\"@id\":\"https:\/\/bluedoggenetics.com\/producto\/autoflorecientes\/papaya-kush-auto\/#breadcrumb\"},\"inLanguage\":\"fr-FR\",\"potentialAction\":[{\"@type\":\"ReadAction\",\"target\":[\"https:\/\/bluedoggenetics.com\/producto\/autoflorecientes\/papaya-kush-auto\/\"]}]},{\"@type\":\"ImageObject\",\"inLanguage\":\"fr-FR\",\"@id\":\"https:\/\/bluedoggenetics.com\/producto\/autoflorecientes\/papaya-kush-auto\/#primaryimage\",\"url\":\"https:\/\/bluedoggenetics.com\/wp-content\/uploads\/2024\/10\/Papaya-Kush-Auto_11zon.webp\",\"contentUrl\":\"https:\/\/bluedoggenetics.com\/wp-content\/uploads\/2024\/10\/Papaya-Kush-Auto_11zon.webp\",\"width\":1536,\"height\":1024,\"caption\":\"Papaya Kush Auto de Bluedog Genetics\"},{\"@type\":\"BreadcrumbList\",\"@id\":\"https:\/\/bluedoggenetics.com\/producto\/autoflorecientes\/papaya-kush-auto\/#breadcrumb\",\"itemListElement\":[{\"@type\":\"ListItem\",\"position\":1,\"name\":\"Portada\",\"item\":\"https:\/\/bluedoggenetics.com\/\"},{\"@type\":\"ListItem\",\"position\":2,\"name\":\"Tienda\",\"item\":\"https:\/\/bluedoggenetics.com\/fr\/tienda\/\"},{\"@type\":\"ListItem\",\"position\":3,\"name\":\"Papaya Kush Auto\"}]},{\"@type\":\"WebSite\",\"@id\":\"https:\/\/bluedoggenetics.com\/de\/#website\",\"url\":\"https:\/\/bluedoggenetics.com\/de\/\",\"name\":\"BLUEDOG GENETICS Seeds\",\"description\":\"Compara y compra las mejores semillas de cannabis. Feminizadas, Autoflorecientes, CBD.\",\"publisher\":{\"@id\":\"https:\/\/bluedoggenetics.com\/de\/#organization\"},\"alternateName\":\"BLUEDOG GENETICS\",\"potentialAction\":[{\"@type\":\"SearchAction\",\"target\":{\"@type\":\"EntryPoint\",\"urlTemplate\":\"https:\/\/bluedoggenetics.com\/de\/?s={search_term_string}\"},\"query-input\":{\"@type\":\"PropertyValueSpecification\",\"valueRequired\":true,\"valueName\":\"search_term_string\"}}],\"inLanguage\":\"fr-FR\"},{\"@type\":\"Organization\",\"@id\":\"https:\/\/bluedoggenetics.com\/de\/#organization\",\"name\":\"BLUEDOG GENETICS\",\"url\":\"https:\/\/bluedoggenetics.com\/de\/\",\"logo\":{\"@type\":\"ImageObject\",\"inLanguage\":\"fr-FR\",\"@id\":\"https:\/\/bluedoggenetics.com\/de\/#\/schema\/logo\/image\/\",\"url\":\"https:\/\/bluedoggenetics.com\/wp-content\/uploads\/2024\/11\/appIcon.png\",\"contentUrl\":\"https:\/\/bluedoggenetics.com\/wp-content\/uploads\/2024\/11\/appIcon.png\",\"width\":1024,\"height\":1024,\"caption\":\"BLUEDOG GENETICS\"},\"image\":{\"@id\":\"https:\/\/bluedoggenetics.com\/de\/#\/schema\/logo\/image\/\"},\"sameAs\":[\"https:\/\/www.instagram.com\/bluedog.genetics\/\"]}]}<\/script>\n<!-- \/ Yoast SEO plugin. -->","yoast_head_json":{"title":"Papaya Kush - Graines Autoflorissantes \u00e0 Haut Rendement BLUEDOG GENETICS","description":"Papaya Kush Auto, une vari\u00e9t\u00e9 autoflorissante aux saveurs tropicales et \u00e0 l\u2019effet relaxant. Id\u00e9ale pour des cultures rapides et productives.","robots":{"index":"index","follow":"follow","max-snippet":"max-snippet:-1","max-image-preview":"max-image-preview:large","max-video-preview":"max-video-preview:-1"},"canonical":"https:\/\/bluedoggenetics.com\/fr\/produit\/autofloraison\/papaya-kush-auto\/","og_locale":"fr_FR","og_type":"article","og_title":"Papaya Kush - Semillas Autoflorecientes de Alto Rendimiento BLUEDOG GENETICS Seeds","og_description":"Papaya Kush Auto, variedad autofloreciente con sabores tropicales y efecto relajante. Ideal para cultivos r\u00e1pidos y productivos","og_url":"https:\/\/bluedoggenetics.com\/fr\/produit\/autofloraison\/papaya-kush-auto\/","og_site_name":"BLUEDOG GENETICS Seeds","article_modified_time":"2026-04-11T13:16:51+00:00","og_image":[{"width":1536,"height":1024,"url":"https:\/\/bluedoggenetics.com\/wp-content\/uploads\/2024\/10\/Papaya-Kush-Auto_11zon.webp","type":"image\/webp"}],"twitter_card":"summary_large_image","twitter_misc":{"Dur\u00e9e de lecture estim\u00e9e":"3 minutes"},"schema":{"@context":"https:\/\/schema.org","@graph":[{"@type":["WebPage","ItemPage"],"@id":"https:\/\/bluedoggenetics.com\/producto\/autoflorecientes\/papaya-kush-auto\/","url":"https:\/\/bluedoggenetics.com\/producto\/autoflorecientes\/papaya-kush-auto\/","name":"Papaya Kush - Graines Autoflorissantes \u00e0 Haut Rendement BLUEDOG GENETICS","isPartOf":{"@id":"https:\/\/bluedoggenetics.com\/de\/#website"},"primaryImageOfPage":{"@id":"https:\/\/bluedoggenetics.com\/producto\/autoflorecientes\/papaya-kush-auto\/#primaryimage"},"image":{"@id":"https:\/\/bluedoggenetics.com\/producto\/autoflorecientes\/papaya-kush-auto\/#primaryimage"},"thumbnailUrl":"https:\/\/bluedoggenetics.com\/wp-content\/uploads\/2024\/10\/Papaya-Kush-Auto_11zon.webp","datePublished":"2024-10-16T21:14:32+00:00","dateModified":"2026-04-11T13:16:51+00:00","description":"Papaya Kush Auto, une vari\u00e9t\u00e9 autoflorissante aux saveurs tropicales et \u00e0 l\u2019effet relaxant. Id\u00e9ale pour des cultures rapides et productives.","breadcrumb":{"@id":"https:\/\/bluedoggenetics.com\/producto\/autoflorecientes\/papaya-kush-auto\/#breadcrumb"},"inLanguage":"fr-FR","potentialAction":[{"@type":"ReadAction","target":["https:\/\/bluedoggenetics.com\/producto\/autoflorecientes\/papaya-kush-auto\/"]}]},{"@type":"ImageObject","inLanguage":"fr-FR","@id":"https:\/\/bluedoggenetics.com\/producto\/autoflorecientes\/papaya-kush-auto\/#primaryimage","url":"https:\/\/bluedoggenetics.com\/wp-content\/uploads\/2024\/10\/Papaya-Kush-Auto_11zon.webp","contentUrl":"https:\/\/bluedoggenetics.com\/wp-content\/uploads\/2024\/10\/Papaya-Kush-Auto_11zon.webp","width":1536,"height":1024,"caption":"Papaya Kush Auto de Bluedog Genetics"},{"@type":"BreadcrumbList","@id":"https:\/\/bluedoggenetics.com\/producto\/autoflorecientes\/papaya-kush-auto\/#breadcrumb","itemListElement":[{"@type":"ListItem","position":1,"name":"Portada","item":"https:\/\/bluedoggenetics.com\/"},{"@type":"ListItem","position":2,"name":"Tienda","item":"https:\/\/bluedoggenetics.com\/fr\/tienda\/"},{"@type":"ListItem","position":3,"name":"Papaya Kush Auto"}]},{"@type":"WebSite","@id":"https:\/\/bluedoggenetics.com\/de\/#website","url":"https:\/\/bluedoggenetics.com\/de\/","name":"BLUEDOG GENETICS Seeds","description":"Compare et ach\u00e8te les meilleures graines de cannabis. F\u00e9minis\u00e9es, autofloraison, CBD.","publisher":{"@id":"https:\/\/bluedoggenetics.com\/de\/#organization"},"alternateName":"BLUEDOG GENETICS","potentialAction":[{"@type":"SearchAction","target":{"@type":"EntryPoint","urlTemplate":"https:\/\/bluedoggenetics.com\/de\/?s={search_term_string}"},"query-input":{"@type":"PropertyValueSpecification","valueRequired":true,"valueName":"search_term_string"}}],"inLanguage":"fr-FR"},{"@type":"Organization","@id":"https:\/\/bluedoggenetics.com\/de\/#organization","name":"BLUEDOG GENETICS","url":"https:\/\/bluedoggenetics.com\/de\/","logo":{"@type":"ImageObject","inLanguage":"fr-FR","@id":"https:\/\/bluedoggenetics.com\/de\/#\/schema\/logo\/image\/","url":"https:\/\/bluedoggenetics.com\/wp-content\/uploads\/2024\/11\/appIcon.png","contentUrl":"https:\/\/bluedoggenetics.com\/wp-content\/uploads\/2024\/11\/appIcon.png","width":1024,"height":1024,"caption":"BLUEDOG GENETICS"},"image":{"@id":"https:\/\/bluedoggenetics.com\/de\/#\/schema\/logo\/image\/"},"sameAs":["https:\/\/www.instagram.com\/bluedog.genetics\/"]}]}},"sticker_url":"https:\/\/bluedoggenetics.com\/wp-content\/uploads\/2024\/10\/Papaya-Kush-Auto-Sticker.webp","variations_full":[{"id":1167,"price":7.5,"regular_price":7.5,"attributes":{"attribute_cantidad":"Pack 1"},"image_src":"https:\/\/bluedoggenetics.com\/wp-content\/uploads\/2024\/10\/Papaya-Kush-Auto_11zon-600x400.webp","is_in_stock":true},{"id":1168,"price":20.2,"regular_price":20.2,"attributes":{"attribute_cantidad":"Pack 3"},"image_src":"https:\/\/bluedoggenetics.com\/wp-content\/uploads\/2024\/10\/Papaya-Kush-Auto_11zon-600x400.webp","is_in_stock":true},{"id":1169,"price":29.9,"regular_price":29.9,"attributes":{"attribute_cantidad":"Pack 5"},"image_src":"https:\/\/bluedoggenetics.com\/wp-content\/uploads\/2024\/10\/Papaya-Kush-Auto_11zon-600x400.webp","is_in_stock":true},{"id":1170,"price":52.4,"regular_price":52.4,"attributes":{"attribute_cantidad":"Pack 10"},"image_src":"https:\/\/bluedoggenetics.com\/wp-content\/uploads\/2024\/10\/Papaya-Kush-Auto_11zon-600x400.webp","is_in_stock":true}],"jetpack_sharing_enabled":true,"_links":{"self":[{"href":"https:\/\/bluedoggenetics.com\/fr\/wp-json\/wp\/v2\/product\/1166","targetHints":{"allow":["GET"]}}],"collection":[{"href":"https:\/\/bluedoggenetics.com\/fr\/wp-json\/wp\/v2\/product"}],"about":[{"href":"https:\/\/bluedoggenetics.com\/fr\/wp-json\/wp\/v2\/types\/product"}],"wp:featuredmedia":[{"embeddable":true,"href":"https:\/\/bluedoggenetics.com\/fr\/wp-json\/wp\/v2\/media\/2637"}],"wp:attachment":[{"href":"https:\/\/bluedoggenetics.com\/fr\/wp-json\/wp\/v2\/media?parent=1166"}],"wp:term":[{"taxonomy":"product_brand","embeddable":true,"href":"https:\/\/bluedoggenetics.com\/fr\/wp-json\/wp\/v2\/product_brand?post=1166"},{"taxonomy":"product_cat","embeddable":true,"href":"https:\/\/bluedoggenetics.com\/fr\/wp-json\/wp\/v2\/product_cat?post=1166"},{"taxonomy":"product_tag","embeddable":true,"href":"https:\/\/bluedoggenetics.com\/fr\/wp-json\/wp\/v2\/product_tag?post=1166"}],"curies":[{"name":"wp","href":"https:\/\/api.w.org\/{rel}","templated":true}]}}