{"id":1006,"date":"2024-10-11T23:42:21","date_gmt":"2024-10-11T21:42:21","guid":{"rendered":"https:\/\/bluedoggenetics.com\/?post_type=product&#038;p=1006"},"modified":"2026-05-06T14:55:39","modified_gmt":"2026-05-06T12:55:39","slug":"money-tree-recolte-rapide","status":"publish","type":"product","link":"https:\/\/bluedoggenetics.com\/fr\/produit\/graines\/feminise\/money-tree-recolte-rapide\/","title":{"rendered":"Money Tree"},"content":{"rendered":"<p class=\"translation-block\"><strong>Money Tree<\/strong> est un joyau hybride avec un \u00e9quilibre parfait de 50 % Indica et 50 % Sativa, con\u00e7u pour offrir une exp\u00e9rience puissante et g\u00e9n\u00e9reuse. Avec une p\u00e9riode de floraison de 7 \u00e0 8 semaines, Money Tree est une vari\u00e9t\u00e9 \u00e0 r\u00e9colte rapide qui se distingue par ses rendements g\u00e9n\u00e9reux et sa rapidit\u00e9. En int\u00e9rieur, vous pouvez vous attendre \u00e0 entre 650 et 750 grammes par m\u00e8tre carr\u00e9, tandis qu\u2019en ext\u00e9rieur, la r\u00e9colte peut atteindre <strong>1 050 \u00e0 1 250 grammes g\u00e9n\u00e9reux par plante.<\/strong> Adapt\u00e9e aux climats temp\u00e9r\u00e9s, Money Tree excelle par sa r\u00e9silience et sa polyvalence dans diverses conditions. Avec un THC allant de 18 % \u00e0 24 %, elle offre un m\u00e9lange puissant d\u2019euphorie et de joie, associ\u00e9 \u00e0 une relaxation profonde qui ne vous clouera pas au canap\u00e9. Son profil de saveur est une combinaison d\u00e9licieuse d\u2019agrumes frais, de notes terreuses, bois\u00e9es et \u00e9pic\u00e9es, cr\u00e9ant une exp\u00e9rience sensorielle complexe et attrayante.<\/p>\n<p class=\"translation-block\"><b>Aspect de la Fleur.<\/b> Les t\u00eates de Money Tree sont vraiment impressionnantes. Elles sont grandes, denses et bien form\u00e9es, avec une structure solide qui <strong>promet une production abondante.<\/strong> Elles pr\u00e9sentent une couleur vert profond orn\u00e9e de nuances dor\u00e9es et sont recouvertes d\u2019une g\u00e9n\u00e9reuse couche de trichomes r\u00e9sineux qui leur donnent une brillance argent\u00e9e. Leur texture collante et l\u2019ar\u00f4me frais et p\u00e9n\u00e9trant d\u2019agrumes, de terre, de bois et d\u2019\u00e9pices font de chaque t\u00eate une exp\u00e9rience olfactive remarquable.<\/p>\n<p class=\"translation-block\"><b>Morphologie de la Plante.<\/b> Money Tree pousse grande et robuste, atteignant entre <strong>150 et 180 cm en int\u00e9rieur, et 180 \u00e0 200 cm en ext\u00e9rieur.<\/strong> Sa structure forte et \u00e9quilibr\u00e9e permet \u00e0 ses branches de supporter sans probl\u00e8me des t\u00eates grandes et lourdes. Les feuilles sont d\u2019un vert intense, et les branches s\u2019\u00e9tendent efficacement pour supporter le poids des t\u00eates. Son adaptabilit\u00e9 aux climats temp\u00e9r\u00e9s et sa r\u00e9sistance \u00e0 diverses conditions climatiques en font le choix parfait pour ceux qui recherchent une r\u00e9colte rapide et abondante, garantissant une croissance saine.<\/p>\n<h3><b>Conseils de Culture<\/b><\/h3>\n<ul>\n<li style=\"font-weight: 400;\" aria-level=\"1\" class=\"translation-block\"><b>Climat Id\u00e9al.<\/b><span style=\"font-weight: 400\"> Money Tree prosp\u00e8re dans les climats temp\u00e9r\u00e9s<strong>.<\/strong> Maintenez donc les temp\u00e9ratures diurnes entre <strong>20 et 25\u00b0C (68-77\u00b0F)<\/strong> pour assurer une croissance optimale. En int\u00e9rieur, assurez-vous d\u2019une bonne ventilation pour \u00e9viter une chaleur excessive et maintenir un environnement stable pendant la floraison.<\/span><\/li>\n<li style=\"font-weight: 400;\" aria-level=\"1\" class=\"translation-block\"><b>Espace et Entra\u00eenement.<\/b><span style=\"font-weight: 400\"> En raison de sa r\u00e9colte rapide, de sa hauteur et de la taille de ses t\u00eates, nous recommandons des techniques d\u2019entra\u00eenement telles que le LST (Low Stress Training) ou le SCROG (Screen of Green) pour g\u00e9rer la croissance verticale et, par cons\u00e9quent, <strong>maximiser l\u2019exposition des t\u00eates \u00e0 la lumi\u00e8re.<\/strong> La taille est \u00e9galement utile pour maintenir la plante \u00e0 une taille g\u00e9rable et augmenter les rendements.<\/span><\/li>\n<li style=\"font-weight: 400;\" aria-level=\"1\" class=\"translation-block\"><b>Nutrition et Fertilisation.<\/b><span style=\"font-weight: 400\"> Pendant la phase v\u00e9g\u00e9tative, <strong>fournissez un engrais \u00e9quilibr\u00e9<\/strong> avec NPK pour favoriser une croissance vigoureuse. Ensuite, au d\u00e9but de la floraison, passez \u00e0 un engrais riche en phosphore et en potassium pour soutenir le d\u00e9veloppement de t\u00eates denses et r\u00e9sineuses. Ajustez les doses en fonction de la r\u00e9action de la plante pour \u00e9viter les probl\u00e8mes de surfertilisation.<\/span><\/li>\n<li style=\"font-weight: 400;\" aria-level=\"1\" class=\"translation-block\"><b>Arrosage et Humidit\u00e9.<\/b><span style=\"font-weight: 400\"> Pr\u00e9f\u00e8re un <strong>arrosage r\u00e9gulier mais mod\u00e9r\u00e9.<\/strong> Laissez la couche sup\u00e9rieure du sol s\u00e9cher entre les arrosages pour \u00e9viter les engorgements. Maintenez une humidit\u00e9 relative entre 45 et 55 % pendant la floraison pour pr\u00e9venir les moisissures et maintenir la sant\u00e9 des t\u00eates. En ext\u00e9rieur, en outre, <strong>assurez-vous que le drainage soit ad\u00e9quat<\/strong> pour \u00e9viter les probl\u00e8mes dans les climats humides.<\/span><\/li>\n<li style=\"font-weight: 400;\" aria-level=\"1\" class=\"translation-block\"><b>Taille et Gestion.<\/b><span style=\"font-weight: 400\"> La taille et l\u2019effeuillage s\u00e9lectif sont essentiels car ils permettent d\u2019am\u00e9liorer la circulation de l\u2019air et la p\u00e9n\u00e9tration de la lumi\u00e8re. <strong>Supprimez les feuilles et branches inf\u00e9rieures qui ne re\u00e7oivent pas suffisamment de lumi\u00e8re<\/strong> et effectuez la taille progressivement pour minimiser le stress. <\/span>Cela aide \u00e0 contr\u00f4ler la hauteur de la plante et, par cons\u00e9quent, optimise le rendement des t\u00eates principales.<\/li>\n<\/ul>","protected":false},"excerpt":{"rendered":"<p><strong>Money Tree <\/strong>C'est une vari\u00e9t\u00e9 \u00e0 r\u00e9colte rapide qui se distingue par sa floraison rapide. Il produit des effets euphorisants et joyeux, id\u00e9aux pour am\u00e9liorer l'humeur. De plus, elle est connue pour son immense production, offrant des r\u00e9coltes abondantes.<\/p>","protected":false},"featured_media":2630,"template":"","meta":{"_acf_changed":false,"inline_featured_image":false,"_wp_applaud_exclude":false},"product_brand":[194],"product_cat":[22],"product_tag":[],"class_list":{"0":"post-1006","1":"product","2":"type-product","3":"status-publish","4":"has-post-thumbnail","6":"product_brand-bluedog-genetics","7":"product_cat-feminizadas","8":"pa_altura-exterior-180-200","9":"pa_altura-interior-150-180","10":"pa_beneficios-terapeuticos-alivio-del-dolor","11":"pa_beneficios-terapeuticos-aumento-del-apetito","12":"pa_beneficios-terapeuticos-ayuda-para-dormir","13":"pa_cantidad-pack-1","14":"pa_cantidad-pack-10","15":"pa_cantidad-pack-3","16":"pa_cantidad-pack-5","17":"pa_clima-templado","18":"pa_cosecha-exterior-1050-1250","19":"pa_cosecha-interior-650-750","20":"pa_efectos-destacables-alegre","21":"pa_efectos-destacables-conversador","22":"pa_efectos-destacables-euforico","23":"pa_efectos-destacables-risueno","24":"pa_floracion-7-8","25":"pa_genetica-50-50","26":"pa_olor-fuerte","27":"pa_sabores-y-olores-citrico","28":"pa_sabores-y-olores-dulce","29":"pa_sabores-y-olores-madera","30":"pa_sabores-y-olores-terroso","31":"pa_thc-18-24","32":"pa_variedad-indica","33":"pa_variedad-sativa","35":"first","36":"instock","37":"taxable","38":"shipping-taxable","39":"purchasable","40":"product-type-variable"},"acf":{"sticker":"https:\/\/bluedoggenetics.com\/wp-content\/uploads\/2024\/10\/Money-Tree-Sticker.webp","family_tree":"<ul>\n<li><a href=\"https:\/\/seedfinder.eu\/es\/strain-info\/money-tree\/bluedog-genetics\">Money Tree<\/a>\n<ul>\n<li><a href=\"https:\/\/seedfinder.eu\/es\/strain-info\/critical-mass\/mr-nice-seedbank\">Critical<\/a>\n<ul>\n<li><a href=\"https:\/\/seedfinder.eu\/es\/strain-info\/skunk-nr1\/the-seed-bank\">Skunk #1<\/a>\n<ul>\n<li><a href=\"https:\/\/seedfinder.eu\/es\/strain-info\/skunk-nr1\/cultivators-choice\">Skunk #1<\/a>\n<ul>\n<li><a href=\"https:\/\/seedfinder.eu\/es\/strain-info\/mexico-sativa\/original-strains\">Mexiko<\/a><\/li>\n<li>&#8211;\n<ul>\n<li><a href=\"https:\/\/seedfinder.eu\/es\/strain-info\/colombia-sativa\/original-strains\">Kolumbien<\/a><\/li>\n<li><a href=\"https:\/\/seedfinder.eu\/es\/strain-info\/afghanistan-indica\/original-strains\">Afghanistan<\/a><\/li>\n<\/ul>\n<\/li>\n<\/ul>\n<\/li>\n<\/ul>\n<\/li>\n<li><a href=\"https:\/\/seedfinder.eu\/es\/strain-info\/afghanistan-indica\/original-strains\">Afghanistan<\/a>\n<ul>\n<li><a href=\"https:\/\/seedfinder.eu\/es\/strain-info\/indica\/original-strains\">Indica<\/a><\/li>\n<\/ul>\n<\/li>\n<\/ul>\n<\/li>\n<li>&#8211;\n<ul>\n<li><a href=\"https:\/\/seedfinder.eu\/es\/strain-info\/lemon-tree\/unknown-or-legendary\">Lemon Tree<\/a>\n<ul>\n<li><a href=\"https:\/\/seedfinder.eu\/es\/strain-info\/sour-diesel\/unknown-or-legendary\">Sour Diesel<\/a>\n<ul>\n<li><a href=\"https:\/\/seedfinder.eu\/es\/strain-info\/dnl\/unknown-or-legendary\">DNL<\/a>\n<ul>\n<li><a href=\"https:\/\/seedfinder.eu\/es\/strain-info\/northern-lights\/unknown-or-legendary\">Northern Lights<\/a><\/li>\n<li>&#8211;\n<ul>\n<li><a href=\"https:\/\/seedfinder.eu\/es\/strain-info\/hawaii-hybrid\/original-strains\">Hawaiian<\/a><\/li>\n<li><a href=\"https:\/\/seedfinder.eu\/es\/strain-info\/rfk\/unknown-or-legendary\">RFK Skunk<\/a><\/li>\n<\/ul>\n<\/li>\n<\/ul>\n<\/li>\n<li><a href=\"https:\/\/seedfinder.eu\/es\/strain-info\/original-diesel\/unknown-or-legendary\">Original Diesel<\/a>\n<ul>\n<li><a href=\"https:\/\/seedfinder.eu\/es\/strain-info\/chemdog\/unknown-or-legendary\">Chemdawg<\/a><\/li>\n<li>\n<ul>\n<li><a href=\"https:\/\/seedfinder.eu\/es\/strain-info\/masssuperskunk\/unknown-or-legendary\">MassSuperSkunk<\/a><\/li>\n<li><a href=\"https:\/\/seedfinder.eu\/es\/strain-info\/nothern-lights\/sensi-seeds\">SensiNL<\/a><\/li>\n<\/ul>\n<\/li>\n<\/ul>\n<\/li>\n<\/ul>\n<\/li>\n<li><a href=\"https:\/\/seedfinder.eu\/es\/strain-info\/lemon-skunk\/dna-genetics-seeds\">Lemon Skunk<\/a>\n<ul>\n<li><a href=\"https:\/\/seedfinder.eu\/es\/strain-info\/skunk\/unknown-or-legendary\">Unknown Skunk<\/a>\n<ul>\n<li><a href=\"https:\/\/seedfinder.eu\/es\/strain-info\/skunk-nr1\/cultivators-choice\">Skunk #1<\/a><\/li>\n<\/ul>\n<\/li>\n<li><a href=\"https:\/\/seedfinder.eu\/es\/strain-info\/las-vegas-lemon-skunk\/unknown-or-legendary\">Las Vegas Lemon Skunk<\/a>\n<ul>\n<li><a href=\"https:\/\/seedfinder.eu\/es\/strain-info\/skunk\/unknown-or-legendary\">Unknown Skunk<\/a><\/li>\n<\/ul>\n<\/li>\n<\/ul>\n<\/li>\n<\/ul>\n<\/li>\n<li><a href=\"https:\/\/seedfinder.eu\/es\/strain-info\/money-maker\/strain-hunters-seed-bank\">Money Maker<\/a>\n<ul>\n<li>&#8211;\n<ul>\n<li><a href=\"https:\/\/seedfinder.eu\/es\/strain-info\/skunk\/unknown-or-legendary\">Skunk<\/a>\n<ul>\n<li><a href=\"https:\/\/seedfinder.eu\/es\/strain-info\/skunk-nr1\/cultivators-choice\">Skunk #1<\/a>\n<ul>\n<li><a href=\"https:\/\/seedfinder.eu\/es\/strain-info\/mexico-sativa\/original-strains\">Mexiko<\/a><\/li>\n<li>&#8211;\n<ul>\n<li><a href=\"https:\/\/seedfinder.eu\/es\/strain-info\/colombia-sativa\/original-strains\">Kolumbien<\/a><\/li>\n<li><a href=\"https:\/\/seedfinder.eu\/es\/strain-info\/afghanistan-indica\/original-strains\">Afghanistan<\/a><\/li>\n<\/ul>\n<\/li>\n<\/ul>\n<\/li>\n<\/ul>\n<\/li>\n<li><a href=\"https:\/\/seedfinder.eu\/es\/strain-info\/hindu-kush-indica\/original-strains\">Hindu Kush<\/a>\n<ul>\n<li><a href=\"https:\/\/seedfinder.eu\/es\/strain-info\/indica\/original-strains\">Indica<\/a><\/li>\n<\/ul>\n<\/li>\n<\/ul>\n<\/li>\n<li><a href=\"https:\/\/seedfinder.eu\/es\/strain-info\/masterkush\/positronics\">Masterkush<\/a>\n<ul>\n<li><a href=\"https:\/\/seedfinder.eu\/es\/strain-info\/skunk-1\/positronics\">Skunk #1<\/a>\n<ul>\n<li><a href=\"https:\/\/seedfinder.eu\/es\/strain-info\/skunk-nr1\/cultivators-choice\">Skunk #1<\/a><\/li>\n<\/ul>\n<\/li>\n<li><a href=\"https:\/\/seedfinder.eu\/es\/strain-info\/hindu-kush-indica\/original-strains\">Hindu Kush<\/a>\n<ul>\n<li><a href=\"https:\/\/seedfinder.eu\/es\/strain-info\/indica\/original-strains\">Indica<\/a><\/li>\n<\/ul>\n<\/li>\n<\/ul>\n<\/li>\n<\/ul>\n<\/li>\n<\/ul>\n<\/li>\n<\/ul>\n<\/li>\n<\/ul>\n"},"yoast_head":"<!-- This site is optimized with the Yoast SEO plugin v26.5 - https:\/\/yoast.com\/wordpress\/plugins\/seo\/ -->\n<title>Cosecha Rapida con Money Tree - BLUEDOG GENETICS Seeds<\/title>\n<meta name=\"description\" content=\"Compra semillas de marihuana Money Tree, una cepa h\u00edbrida con una cosecha rapida y abundante. \u00a1Hasta mas de 1kg por planta!\" \/>\n<meta name=\"robots\" content=\"index, follow, max-snippet:-1, max-image-preview:large, max-video-preview:-1\" \/>\n<link rel=\"canonical\" href=\"https:\/\/bluedoggenetics.com\/fr\/produit\/feminise\/money-tree-recolte-rapide\/\" \/>\n<meta property=\"og:locale\" content=\"fr_FR\" \/>\n<meta property=\"og:type\" content=\"article\" \/>\n<meta property=\"og:title\" content=\"Cosecha Rapida con Money Tree - BLUEDOG GENETICS Seeds\" \/>\n<meta property=\"og:description\" content=\"Compra semillas de marihuana Money Tree, una cepa h\u00edbrida con una cosecha rapida y abundante. \u00a1Hasta mas de 1kg por planta!\" \/>\n<meta property=\"og:url\" content=\"https:\/\/bluedoggenetics.com\/fr\/produit\/feminise\/money-tree-recolte-rapide\/\" \/>\n<meta property=\"og:site_name\" content=\"BLUEDOG GENETICS Seeds\" \/>\n<meta property=\"article:modified_time\" content=\"2026-05-06T12:55:39+00:00\" \/>\n<meta property=\"og:image\" content=\"https:\/\/bluedoggenetics.com\/wp-content\/uploads\/2024\/10\/Money-Tree-Bluedog-Genetics_11zon.webp\" \/>\n\t<meta property=\"og:image:width\" content=\"1536\" \/>\n\t<meta property=\"og:image:height\" content=\"1024\" \/>\n\t<meta property=\"og:image:type\" content=\"image\/webp\" \/>\n<meta name=\"twitter:card\" content=\"summary_large_image\" \/>\n<meta name=\"twitter:label1\" content=\"Dur\u00e9e de lecture estim\u00e9e\" \/>\n\t<meta name=\"twitter:data1\" content=\"4 minutes\" \/>\n<script type=\"application\/ld+json\" class=\"yoast-schema-graph\">{\"@context\":\"https:\/\/schema.org\",\"@graph\":[{\"@type\":[\"WebPage\",\"ItemPage\"],\"@id\":\"https:\/\/bluedoggenetics.com\/producto\/feminizadas\/money-tree-cosecha-rapida\/\",\"url\":\"https:\/\/bluedoggenetics.com\/producto\/feminizadas\/money-tree-cosecha-rapida\/\",\"name\":\"Cosecha Rapida con Money Tree - BLUEDOG GENETICS Seeds\",\"isPartOf\":{\"@id\":\"https:\/\/bluedoggenetics.com\/de\/#website\"},\"primaryImageOfPage\":{\"@id\":\"https:\/\/bluedoggenetics.com\/producto\/feminizadas\/money-tree-cosecha-rapida\/#primaryimage\"},\"image\":{\"@id\":\"https:\/\/bluedoggenetics.com\/producto\/feminizadas\/money-tree-cosecha-rapida\/#primaryimage\"},\"thumbnailUrl\":\"https:\/\/bluedoggenetics.com\/wp-content\/uploads\/2024\/10\/Money-Tree-Bluedog-Genetics_11zon.webp\",\"datePublished\":\"2024-10-11T21:42:21+00:00\",\"dateModified\":\"2026-05-06T12:55:39+00:00\",\"description\":\"Compra semillas de marihuana Money Tree, una cepa h\u00edbrida con una cosecha rapida y abundante. \u00a1Hasta mas de 1kg por planta!\",\"breadcrumb\":{\"@id\":\"https:\/\/bluedoggenetics.com\/producto\/feminizadas\/money-tree-cosecha-rapida\/#breadcrumb\"},\"inLanguage\":\"fr-FR\",\"potentialAction\":[{\"@type\":\"ReadAction\",\"target\":[\"https:\/\/bluedoggenetics.com\/producto\/feminizadas\/money-tree-cosecha-rapida\/\"]}]},{\"@type\":\"ImageObject\",\"inLanguage\":\"fr-FR\",\"@id\":\"https:\/\/bluedoggenetics.com\/producto\/feminizadas\/money-tree-cosecha-rapida\/#primaryimage\",\"url\":\"https:\/\/bluedoggenetics.com\/wp-content\/uploads\/2024\/10\/Money-Tree-Bluedog-Genetics_11zon.webp\",\"contentUrl\":\"https:\/\/bluedoggenetics.com\/wp-content\/uploads\/2024\/10\/Money-Tree-Bluedog-Genetics_11zon.webp\",\"width\":1536,\"height\":1024,\"caption\":\"Money Tree de bluedog Genetics\"},{\"@type\":\"BreadcrumbList\",\"@id\":\"https:\/\/bluedoggenetics.com\/producto\/feminizadas\/money-tree-cosecha-rapida\/#breadcrumb\",\"itemListElement\":[{\"@type\":\"ListItem\",\"position\":1,\"name\":\"Portada\",\"item\":\"https:\/\/bluedoggenetics.com\/\"},{\"@type\":\"ListItem\",\"position\":2,\"name\":\"Tienda\",\"item\":\"https:\/\/bluedoggenetics.com\/fr\/tienda\/\"},{\"@type\":\"ListItem\",\"position\":3,\"name\":\"Money Tree\"}]},{\"@type\":\"WebSite\",\"@id\":\"https:\/\/bluedoggenetics.com\/de\/#website\",\"url\":\"https:\/\/bluedoggenetics.com\/de\/\",\"name\":\"BLUEDOG GENETICS Seeds\",\"description\":\"Compara y compra las mejores semillas de cannabis. Feminizadas, Autoflorecientes, CBD.\",\"publisher\":{\"@id\":\"https:\/\/bluedoggenetics.com\/de\/#organization\"},\"alternateName\":\"BLUEDOG GENETICS\",\"potentialAction\":[{\"@type\":\"SearchAction\",\"target\":{\"@type\":\"EntryPoint\",\"urlTemplate\":\"https:\/\/bluedoggenetics.com\/de\/?s={search_term_string}\"},\"query-input\":{\"@type\":\"PropertyValueSpecification\",\"valueRequired\":true,\"valueName\":\"search_term_string\"}}],\"inLanguage\":\"fr-FR\"},{\"@type\":\"Organization\",\"@id\":\"https:\/\/bluedoggenetics.com\/de\/#organization\",\"name\":\"BLUEDOG GENETICS\",\"url\":\"https:\/\/bluedoggenetics.com\/de\/\",\"logo\":{\"@type\":\"ImageObject\",\"inLanguage\":\"fr-FR\",\"@id\":\"https:\/\/bluedoggenetics.com\/de\/#\/schema\/logo\/image\/\",\"url\":\"https:\/\/bluedoggenetics.com\/wp-content\/uploads\/2024\/11\/appIcon.png\",\"contentUrl\":\"https:\/\/bluedoggenetics.com\/wp-content\/uploads\/2024\/11\/appIcon.png\",\"width\":1024,\"height\":1024,\"caption\":\"BLUEDOG GENETICS\"},\"image\":{\"@id\":\"https:\/\/bluedoggenetics.com\/de\/#\/schema\/logo\/image\/\"},\"sameAs\":[\"https:\/\/www.instagram.com\/bluedog.genetics\/\"]}]}<\/script>\n<!-- \/ Yoast SEO plugin. -->","yoast_head_json":{"title":"R\u00e9colte Rapide avec Money Tree - BLUEDOG GENETICS Seeds","description":"Achetez des graines de cannabis Money Tree, une vari\u00e9t\u00e9 hybride avec une r\u00e9colte rapide et abondante. Jusqu\u2019\u00e0 plus de 1 kg par plante !","robots":{"index":"index","follow":"follow","max-snippet":"max-snippet:-1","max-image-preview":"max-image-preview:large","max-video-preview":"max-video-preview:-1"},"canonical":"https:\/\/bluedoggenetics.com\/fr\/produit\/feminise\/money-tree-recolte-rapide\/","og_locale":"fr_FR","og_type":"article","og_title":"Cosecha Rapida con Money Tree - BLUEDOG GENETICS Seeds","og_description":"Compra semillas de marihuana Money Tree, una cepa h\u00edbrida con una cosecha rapida y abundante. \u00a1Hasta mas de 1kg por planta!","og_url":"https:\/\/bluedoggenetics.com\/fr\/produit\/feminise\/money-tree-recolte-rapide\/","og_site_name":"BLUEDOG GENETICS Seeds","article_modified_time":"2026-05-06T12:55:39+00:00","og_image":[{"width":1536,"height":1024,"url":"https:\/\/bluedoggenetics.com\/wp-content\/uploads\/2024\/10\/Money-Tree-Bluedog-Genetics_11zon.webp","type":"image\/webp"}],"twitter_card":"summary_large_image","twitter_misc":{"Dur\u00e9e de lecture estim\u00e9e":"4 minutes"},"schema":{"@context":"https:\/\/schema.org","@graph":[{"@type":["WebPage","ItemPage"],"@id":"https:\/\/bluedoggenetics.com\/producto\/feminizadas\/money-tree-cosecha-rapida\/","url":"https:\/\/bluedoggenetics.com\/producto\/feminizadas\/money-tree-cosecha-rapida\/","name":"R\u00e9colte Rapide avec Money Tree - BLUEDOG GENETICS Seeds","isPartOf":{"@id":"https:\/\/bluedoggenetics.com\/de\/#website"},"primaryImageOfPage":{"@id":"https:\/\/bluedoggenetics.com\/producto\/feminizadas\/money-tree-cosecha-rapida\/#primaryimage"},"image":{"@id":"https:\/\/bluedoggenetics.com\/producto\/feminizadas\/money-tree-cosecha-rapida\/#primaryimage"},"thumbnailUrl":"https:\/\/bluedoggenetics.com\/wp-content\/uploads\/2024\/10\/Money-Tree-Bluedog-Genetics_11zon.webp","datePublished":"2024-10-11T21:42:21+00:00","dateModified":"2026-05-06T12:55:39+00:00","description":"Achetez des graines de cannabis Money Tree, une vari\u00e9t\u00e9 hybride avec une r\u00e9colte rapide et abondante. Jusqu\u2019\u00e0 plus de 1 kg par plante !","breadcrumb":{"@id":"https:\/\/bluedoggenetics.com\/producto\/feminizadas\/money-tree-cosecha-rapida\/#breadcrumb"},"inLanguage":"fr-FR","potentialAction":[{"@type":"ReadAction","target":["https:\/\/bluedoggenetics.com\/producto\/feminizadas\/money-tree-cosecha-rapida\/"]}]},{"@type":"ImageObject","inLanguage":"fr-FR","@id":"https:\/\/bluedoggenetics.com\/producto\/feminizadas\/money-tree-cosecha-rapida\/#primaryimage","url":"https:\/\/bluedoggenetics.com\/wp-content\/uploads\/2024\/10\/Money-Tree-Bluedog-Genetics_11zon.webp","contentUrl":"https:\/\/bluedoggenetics.com\/wp-content\/uploads\/2024\/10\/Money-Tree-Bluedog-Genetics_11zon.webp","width":1536,"height":1024,"caption":"Money Tree de bluedog Genetics"},{"@type":"BreadcrumbList","@id":"https:\/\/bluedoggenetics.com\/producto\/feminizadas\/money-tree-cosecha-rapida\/#breadcrumb","itemListElement":[{"@type":"ListItem","position":1,"name":"Portada","item":"https:\/\/bluedoggenetics.com\/"},{"@type":"ListItem","position":2,"name":"Tienda","item":"https:\/\/bluedoggenetics.com\/fr\/tienda\/"},{"@type":"ListItem","position":3,"name":"Money Tree"}]},{"@type":"WebSite","@id":"https:\/\/bluedoggenetics.com\/de\/#website","url":"https:\/\/bluedoggenetics.com\/de\/","name":"BLUEDOG GENETICS Seeds","description":"Compare et ach\u00e8te les meilleures graines de cannabis. F\u00e9minis\u00e9es, autofloraison, CBD.","publisher":{"@id":"https:\/\/bluedoggenetics.com\/de\/#organization"},"alternateName":"BLUEDOG GENETICS","potentialAction":[{"@type":"SearchAction","target":{"@type":"EntryPoint","urlTemplate":"https:\/\/bluedoggenetics.com\/de\/?s={search_term_string}"},"query-input":{"@type":"PropertyValueSpecification","valueRequired":true,"valueName":"search_term_string"}}],"inLanguage":"fr-FR"},{"@type":"Organization","@id":"https:\/\/bluedoggenetics.com\/de\/#organization","name":"BLUEDOG GENETICS","url":"https:\/\/bluedoggenetics.com\/de\/","logo":{"@type":"ImageObject","inLanguage":"fr-FR","@id":"https:\/\/bluedoggenetics.com\/de\/#\/schema\/logo\/image\/","url":"https:\/\/bluedoggenetics.com\/wp-content\/uploads\/2024\/11\/appIcon.png","contentUrl":"https:\/\/bluedoggenetics.com\/wp-content\/uploads\/2024\/11\/appIcon.png","width":1024,"height":1024,"caption":"BLUEDOG GENETICS"},"image":{"@id":"https:\/\/bluedoggenetics.com\/de\/#\/schema\/logo\/image\/"},"sameAs":["https:\/\/www.instagram.com\/bluedog.genetics\/"]}]}},"sticker_url":"https:\/\/bluedoggenetics.com\/wp-content\/uploads\/2024\/10\/Money-Tree-Sticker.webp","variations_full":[{"id":1008,"price":7.9,"regular_price":7.9,"attributes":{"attribute_pa_cantidad":"pack-1"},"image_src":"https:\/\/bluedoggenetics.com\/wp-content\/uploads\/2024\/10\/Money-Tree-Bluedog-Genetics_11zon-600x400.webp","is_in_stock":true},{"id":1010,"price":21.25,"regular_price":21.25,"attributes":{"attribute_pa_cantidad":"pack-3"},"image_src":"https:\/\/bluedoggenetics.com\/wp-content\/uploads\/2024\/10\/Money-Tree-Bluedog-Genetics_11zon-600x400.webp","is_in_stock":true},{"id":1011,"price":31.5,"regular_price":31.5,"attributes":{"attribute_pa_cantidad":"pack-5"},"image_src":"https:\/\/bluedoggenetics.com\/wp-content\/uploads\/2024\/10\/Money-Tree-Bluedog-Genetics_11zon-600x400.webp","is_in_stock":true},{"id":1009,"price":54.9,"regular_price":54.9,"attributes":{"attribute_pa_cantidad":"pack-10"},"image_src":"https:\/\/bluedoggenetics.com\/wp-content\/uploads\/2024\/10\/Money-Tree-Bluedog-Genetics_11zon-600x400.webp","is_in_stock":true}],"jetpack_sharing_enabled":true,"_links":{"self":[{"href":"https:\/\/bluedoggenetics.com\/fr\/wp-json\/wp\/v2\/product\/1006","targetHints":{"allow":["GET"]}}],"collection":[{"href":"https:\/\/bluedoggenetics.com\/fr\/wp-json\/wp\/v2\/product"}],"about":[{"href":"https:\/\/bluedoggenetics.com\/fr\/wp-json\/wp\/v2\/types\/product"}],"wp:featuredmedia":[{"embeddable":true,"href":"https:\/\/bluedoggenetics.com\/fr\/wp-json\/wp\/v2\/media\/2630"}],"wp:attachment":[{"href":"https:\/\/bluedoggenetics.com\/fr\/wp-json\/wp\/v2\/media?parent=1006"}],"wp:term":[{"taxonomy":"product_brand","embeddable":true,"href":"https:\/\/bluedoggenetics.com\/fr\/wp-json\/wp\/v2\/product_brand?post=1006"},{"taxonomy":"product_cat","embeddable":true,"href":"https:\/\/bluedoggenetics.com\/fr\/wp-json\/wp\/v2\/product_cat?post=1006"},{"taxonomy":"product_tag","embeddable":true,"href":"https:\/\/bluedoggenetics.com\/fr\/wp-json\/wp\/v2\/product_tag?post=1006"}],"curies":[{"name":"wp","href":"https:\/\/api.w.org\/{rel}","templated":true}]}}