{"id":3,"date":"2024-09-23T14:22:10","date_gmt":"2024-09-23T12:22:10","guid":{"rendered":"http:\/\/54.38.241.25\/?page_id=3"},"modified":"2024-11-19T02:03:44","modified_gmt":"2024-11-19T01:03:44","slug":"politique-de-confidentialite","status":"publish","type":"page","link":"https:\/\/bluedoggenetics.com\/fr\/politique-de-confidentialite\/","title":{"rendered":"Politique de confidentialit\u00e9"},"content":{"rendered":"<p style=\"margin-top:0px;margin-bottom:40px\">Derni\u00e8re mise \u00e0 jour :<strong> 19\/11\/2024<\/strong><\/p><p>Au&nbsp;<strong>BLUEDOG G\u00e9n\u00e9tique<\/strong>La protection de ta vie priv\u00e9e est notre priorit\u00e9. Cette politique de confidentialit\u00e9 d\u00e9crit comment nous recueillons, utilisons et prot\u00e9geons tes informations personnelles lorsque tu visites notre site Internet.&nbsp;<strong><a href=\"https:\/\/bluedoggenetics.com\/fr\/\">https:\/\/bluedoggenetics.com<\/a><\/strong>&nbsp;ou tu fais un achat.<\/p><hr class=\"wp-block-separator has-alpha-channel-opacity is-style-wide\"\/><h2 class=\"wp-block-heading\">Informations que nous recueillons<\/h2><p>Nous recueillons des informations que tu nous fournis directement lorsque tu interagis avec notre site, telles que :<\/p><ul class=\"wp-block-list\"><li><strong>Informations de contact :<\/strong>&nbsp;Nom, adresse \u00e9lectronique, num\u00e9ro de t\u00e9l\u00e9phone et adresse postale.<\/li>\n\n<li><strong>Modalit\u00e9s de paiement :<\/strong>&nbsp;Informations sur les cartes de cr\u00e9dit\/d\u00e9bit, trait\u00e9es en toute s\u00e9curit\u00e9 par nos fournisseurs de paiement.<\/li>\n\n<li><strong>Informations sur le compte :<\/strong>&nbsp;Si tu t'inscris, nous stockons ton nom d'utilisateur et ton mot de passe.<\/li>\n\n<li><strong>D\u00e9tails de l'utilisation :<\/strong>&nbsp;Donn\u00e9es de navigation, adresse IP, type d'appareil, navigateur et temps pass\u00e9 sur le site.<\/li>\n\n<li><strong>Abonnement \u00e0 la lettre d'information :<\/strong>&nbsp;Nous utilisons&nbsp;<strong>MailPoet<\/strong>&nbsp;pour g\u00e9rer ton abonnement \u00e0 notre bulletin d'information et \u00e0 nos campagnes de marketing par courriel. Cela inclut des donn\u00e9es telles que ton nom, ton adresse e-mail et des mesures d'engagement.<\/li><\/ul><hr class=\"wp-block-separator has-alpha-channel-opacity is-style-wide\"\/><h2 class=\"wp-block-heading\">Comment nous utilisons tes informations<\/h2><p>Nous utilisons tes informations pour :<\/p><ol class=\"wp-block-list\"><li>Traite les commandes et veille \u00e0 ce que l'exp\u00e9rience d'achat soit fluide.<\/li>\n\n<li>T'envoyer des mises \u00e0 jour sur ta commande.<\/li>\n\n<li>R\u00e9ponds aux demandes de renseignements et assure le service \u00e0 la client\u00e8le.<\/li>\n\n<li>T'envoyer des promotions, des offres sp\u00e9ciales et des mises \u00e0 jour sur les nouveaux produits (avec ton consentement).<\/li>\n\n<li>Pour analyser l'engagement dans nos campagnes de courriels et le comportement sur le site Web, gr\u00e2ce \u00e0 des mesures fournies par.&nbsp;<strong>MailPoet<\/strong>.<\/li>\n\n<li>Respecter les exigences l\u00e9gales et pr\u00e9venir la fraude.<\/li><\/ol><hr class=\"wp-block-separator has-alpha-channel-opacity is-style-wide\"\/><h2 class=\"wp-block-heading\">Gestion des courriels et mesures avec MailPoet<\/h2><p>Nous utilisons&nbsp;<strong>MailPoet<\/strong>&nbsp;pour g\u00e9rer notre liste de courriels et envoyer des campagnes de marketing. MailPoet nous permet de :<\/p><ul class=\"wp-block-list\"><li>Recueillir des informations sur l'interaction avec nos courriels, comme les ouvertures, les clics et le temps de lecture.<\/li>\n\n<li>Analyse les m\u00e9triques du commerce \u00e9lectronique, comme les achats effectu\u00e9s par l'interm\u00e9diaire des liens d'email.<\/li>\n\n<li>Int\u00e9grer des donn\u00e9es sur ton comportement sur notre site web, comme les visites et les produits ajout\u00e9s \u00e0 ton panier.<\/li><\/ul><p><strong>MailPoet<\/strong>&nbsp;est conforme au RGPD et assure la protection de vos donn\u00e9es. Vous pouvez vous d\u00e9sinscrire de nos campagnes \u00e0 tout moment en cliquant sur le lien \u00ab Se d\u00e9sinscrire \u00bb ; inclus dans chaque e-mail.<\/p><hr class=\"wp-block-separator has-alpha-channel-opacity is-style-wide\"\/><h2 class=\"wp-block-heading\">Partage tes informations<\/h2><p>Nous ne vendons pas, ne louons pas et ne partageons pas tes informations personnelles avec des tiers, sauf dans les cas suivants :<\/p><ul class=\"wp-block-list\"><li><strong>Fournisseurs de services :<\/strong>&nbsp;Nous partageons des informations avec des partenaires qui nous aident dans le traitement des paiements, l'exp\u00e9dition et le stockage des donn\u00e9es.<\/li>\n\n<li><strong>MailPoet :<\/strong>&nbsp;Les donn\u00e9es collect\u00e9es pour nos campagnes marketing sont trait\u00e9es par MailPoet conform\u00e9ment \u00e0 ses politiques de confidentialit\u00e9.<\/li>\n\n<li><strong>Conformit\u00e9 l\u00e9gale :<\/strong>&nbsp;Nous divulguons des donn\u00e9es lorsque la loi l'exige ou pour prot\u00e9ger nos droits l\u00e9gaux.<\/li>\n\n<li><strong>Publicit\u00e9 :<\/strong>&nbsp;Nous utilisons des outils tels que Google Ads ou Meta Ads pour am\u00e9liorer nos campagnes. Ces outils peuvent utiliser des cookies pour te montrer des publicit\u00e9s pertinentes.<\/li><\/ul><hr class=\"wp-block-separator has-alpha-channel-opacity is-style-wide\"\/><h2 class=\"wp-block-heading\">Cookies et technologies similaires<\/h2><p>Nous utilisons des cookies pour am\u00e9liorer ton exp\u00e9rience sur notre site web. Il peut s'agir de :<\/p><ul class=\"wp-block-list\"><li><strong>Les biscuits essentiels :<\/strong>&nbsp;N\u00e9cessaire au fonctionnement du site.<\/li>\n\n<li><strong>Cookies de performance :<\/strong>&nbsp;Pour analyser la fa\u00e7on dont tu utilises notre site et am\u00e9liorer sa fonctionnalit\u00e9.<\/li>\n\n<li><strong>Cookies de marketing :<\/strong>&nbsp;Pour te montrer des contenus pertinents sur d'autres plateformes.<\/li><\/ul><p>Tu peux contr\u00f4ler les cookies \u00e0 partir des param\u00e8tres de ton navigateur.<\/p><hr class=\"wp-block-separator has-alpha-channel-opacity is-style-wide\"\/><h2 class=\"wp-block-heading\">Tes droits<\/h2><p>Selon l'endroit o\u00f9 tu te trouves, tu peux avoir des droits sur tes donn\u00e9es personnelles, tels que :<\/p><ul class=\"wp-block-list\"><li>Acc\u00e8de aux donn\u00e9es que nous d\u00e9tenons sur toi.<\/li>\n\n<li>Demande des corrections ou des mises \u00e0 jour.<\/li>\n\n<li>Supprimer tes informations (lorsque cela est l\u00e9galement possible).<\/li>\n\n<li>Refuser de recevoir des communications promotionnelles.<\/li><\/ul><p>Pour exercer ces droits, tu peux nous contacter \u00e0 l'adresse suivante <strong><a href=\"mailto:info@bluedoggenetics.com\">info@bluedoggenetics.com<\/a><\/strong>.<\/p><hr class=\"wp-block-separator has-alpha-channel-opacity is-style-wide\"\/><h2 class=\"wp-block-heading\">S\u00e9curit\u00e9 de tes informations<\/h2><p>Nous avons mis en place des mesures techniques et organisationnelles pour prot\u00e9ger tes donn\u00e9es, notamment :<\/p><ul class=\"wp-block-list\"><li>Cryptage SSL pour toutes les transactions.<\/li>\n\n<li>Stockage s\u00e9curis\u00e9 sur des serveurs prot\u00e9g\u00e9s.<\/li>\n\n<li>Acc\u00e8s limit\u00e9 aux donn\u00e9es personnelles pour les employ\u00e9s autoris\u00e9s uniquement.<\/li><\/ul><hr class=\"wp-block-separator has-alpha-channel-opacity is-style-wide\"\/><h2 class=\"wp-block-heading\">Politique \u00e0 l'\u00e9gard des mineurs<\/h2><p>Notre site est destin\u00e9 aux personnes \u00e2g\u00e9es de plus de 18 ans. Nous ne collectons pas intentionnellement les donn\u00e9es des mineurs. Si nous d\u00e9tectons des donn\u00e9es provenant d'un mineur, nous les supprimerons imm\u00e9diatement.<\/p><hr class=\"wp-block-separator has-alpha-channel-opacity is-style-wide\"\/><h2 class=\"wp-block-heading\">Modifications de cette politique<\/h2><p>Nous nous r\u00e9servons le droit de mettre \u00e0 jour cette politique de confidentialit\u00e9 \u00e0 tout moment. Nous t'informerons des changements importants en affichant la nouvelle politique sur cette page et, le cas \u00e9ch\u00e9ant, en t'envoyant un courriel.<\/p><hr class=\"wp-block-separator has-alpha-channel-opacity is-style-wide\"\/><h2 class=\"wp-block-heading\">Contact<\/h2><p>Si tu as des questions sur cette politique de confidentialit\u00e9 ou sur la fa\u00e7on dont nous traitons tes informations, contacte-nous \u00e0 l'adresse suivante :<\/p><ul class=\"wp-block-list\"><li><strong>E-mail :<\/strong>&nbsp;<strong><a href=\"mailto:info@bluedoggenetics.com\">info@bluedoggenetics.com<\/a><\/strong><\/li><\/ul><p>Merci pour la confiance que tu accordes \u00e0&nbsp;<strong>BLUEDOG G\u00e9n\u00e9tique<\/strong>.<\/p>","protected":false},"excerpt":{"rendered":"<p>\u00daltima actualizaci\u00f3n: 19\/11\/2024 En&nbsp;BLUEDOG Genetics, tu privacidad es nuestra prioridad. Esta Pol\u00edtica de Privacidad describe c\u00f3mo recopilamos, usamos y protegemos tu informaci\u00f3n personal cuando visitas nuestro sitio web&nbsp;https:\/\/bluedoggenetics.com&nbsp;o realizas una compra. Informaci\u00f3n que recopilamos Recopilamos informaci\u00f3n que nos proporcionas directamente al interactuar con nuestro sitio, como: C\u00f3mo usamos tu informaci\u00f3n Utilizamos tu informaci\u00f3n para: Gesti\u00f3n [&hellip;]<\/p>\n","protected":false},"author":1,"featured_media":10536,"parent":0,"menu_order":0,"comment_status":"closed","ping_status":"open","template":"","meta":{"_acf_changed":false,"inline_featured_image":false,"_wp_applaud_exclude":false,"footnotes":""},"class_list":["post-3","page","type-page","status-publish","has-post-thumbnail","hentry"],"acf":[],"yoast_head":"<!-- This site is optimized with the Yoast SEO plugin v26.5 - https:\/\/yoast.com\/wordpress\/plugins\/seo\/ -->\n<title>Pol\u00edtica de privacidad - BLUEDOG GENETICS Seeds<\/title>\n<meta name=\"robots\" content=\"index, follow, max-snippet:-1, max-image-preview:large, max-video-preview:-1\" \/>\n<link rel=\"canonical\" href=\"https:\/\/bluedoggenetics.com\/fr\/politique-de-confidentialite\/\" \/>\n<meta property=\"og:locale\" content=\"fr_FR\" \/>\n<meta property=\"og:type\" content=\"article\" \/>\n<meta property=\"og:title\" content=\"Pol\u00edtica de privacidad - BLUEDOG GENETICS Seeds\" \/>\n<meta property=\"og:description\" content=\"\u00daltima actualizaci\u00f3n: 19\/11\/2024 En&nbsp;BLUEDOG Genetics, tu privacidad es nuestra prioridad. Esta Pol\u00edtica de Privacidad describe c\u00f3mo recopilamos, usamos y protegemos tu informaci\u00f3n personal cuando visitas nuestro sitio web&nbsp;https:\/\/bluedoggenetics.com&nbsp;o realizas una compra. Informaci\u00f3n que recopilamos Recopilamos informaci\u00f3n que nos proporcionas directamente al interactuar con nuestro sitio, como: C\u00f3mo usamos tu informaci\u00f3n Utilizamos tu informaci\u00f3n para: Gesti\u00f3n [&hellip;]\" \/>\n<meta property=\"og:url\" content=\"https:\/\/bluedoggenetics.com\/fr\/politique-de-confidentialite\/\" \/>\n<meta property=\"og:site_name\" content=\"BLUEDOG GENETICS Seeds\" \/>\n<meta property=\"article:modified_time\" content=\"2024-11-19T01:03:44+00:00\" \/>\n<meta property=\"og:image\" content=\"https:\/\/bluedoggenetics.com\/wp-content\/uploads\/2024\/11\/appIcon.png\" \/>\n\t<meta property=\"og:image:width\" content=\"1024\" \/>\n\t<meta property=\"og:image:height\" content=\"1024\" \/>\n\t<meta property=\"og:image:type\" content=\"image\/png\" \/>\n<meta name=\"twitter:card\" content=\"summary_large_image\" \/>\n<meta name=\"twitter:label1\" content=\"Dur\u00e9e de lecture estim\u00e9e\" \/>\n\t<meta name=\"twitter:data1\" content=\"4 minutes\" \/>\n<script type=\"application\/ld+json\" class=\"yoast-schema-graph\">{\"@context\":\"https:\/\/schema.org\",\"@graph\":[{\"@type\":\"WebPage\",\"@id\":\"https:\/\/bluedoggenetics.com\/politica-privacidad\/\",\"url\":\"https:\/\/bluedoggenetics.com\/politica-privacidad\/\",\"name\":\"Pol\u00edtica de privacidad - BLUEDOG GENETICS Seeds\",\"isPartOf\":{\"@id\":\"https:\/\/bluedoggenetics.com\/de\/#website\"},\"primaryImageOfPage\":{\"@id\":\"https:\/\/bluedoggenetics.com\/politica-privacidad\/#primaryimage\"},\"image\":{\"@id\":\"https:\/\/bluedoggenetics.com\/politica-privacidad\/#primaryimage\"},\"thumbnailUrl\":\"https:\/\/bluedoggenetics.com\/wp-content\/uploads\/2026\/05\/default.webp\",\"datePublished\":\"2024-09-23T12:22:10+00:00\",\"dateModified\":\"2024-11-19T01:03:44+00:00\",\"breadcrumb\":{\"@id\":\"https:\/\/bluedoggenetics.com\/politica-privacidad\/#breadcrumb\"},\"inLanguage\":\"fr-FR\",\"potentialAction\":[{\"@type\":\"ReadAction\",\"target\":[\"https:\/\/bluedoggenetics.com\/politica-privacidad\/\"]}]},{\"@type\":\"ImageObject\",\"inLanguage\":\"fr-FR\",\"@id\":\"https:\/\/bluedoggenetics.com\/politica-privacidad\/#primaryimage\",\"url\":\"https:\/\/bluedoggenetics.com\/wp-content\/uploads\/2026\/05\/default.webp\",\"contentUrl\":\"https:\/\/bluedoggenetics.com\/wp-content\/uploads\/2026\/05\/default.webp\",\"width\":1316,\"height\":1316,\"caption\":\"BLUEDOG GENETICS Seed\"},{\"@type\":\"BreadcrumbList\",\"@id\":\"https:\/\/bluedoggenetics.com\/politica-privacidad\/#breadcrumb\",\"itemListElement\":[{\"@type\":\"ListItem\",\"position\":1,\"name\":\"Portada\",\"item\":\"https:\/\/bluedoggenetics.com\/\"},{\"@type\":\"ListItem\",\"position\":2,\"name\":\"Pol\u00edtica de privacidad\"}]},{\"@type\":\"WebSite\",\"@id\":\"https:\/\/bluedoggenetics.com\/de\/#website\",\"url\":\"https:\/\/bluedoggenetics.com\/de\/\",\"name\":\"BLUEDOG GENETICS Seeds\",\"description\":\"Compara y compra las mejores semillas de cannabis. Feminizadas, Autoflorecientes, CBD.\",\"publisher\":{\"@id\":\"https:\/\/bluedoggenetics.com\/de\/#organization\"},\"alternateName\":\"BLUEDOG GENETICS\",\"potentialAction\":[{\"@type\":\"SearchAction\",\"target\":{\"@type\":\"EntryPoint\",\"urlTemplate\":\"https:\/\/bluedoggenetics.com\/de\/?s={search_term_string}\"},\"query-input\":{\"@type\":\"PropertyValueSpecification\",\"valueRequired\":true,\"valueName\":\"search_term_string\"}}],\"inLanguage\":\"fr-FR\"},{\"@type\":\"Organization\",\"@id\":\"https:\/\/bluedoggenetics.com\/de\/#organization\",\"name\":\"BLUEDOG GENETICS\",\"url\":\"https:\/\/bluedoggenetics.com\/de\/\",\"logo\":{\"@type\":\"ImageObject\",\"inLanguage\":\"fr-FR\",\"@id\":\"https:\/\/bluedoggenetics.com\/de\/#\/schema\/logo\/image\/\",\"url\":\"https:\/\/bluedoggenetics.com\/wp-content\/uploads\/2024\/11\/appIcon.png\",\"contentUrl\":\"https:\/\/bluedoggenetics.com\/wp-content\/uploads\/2024\/11\/appIcon.png\",\"width\":1024,\"height\":1024,\"caption\":\"BLUEDOG GENETICS\"},\"image\":{\"@id\":\"https:\/\/bluedoggenetics.com\/de\/#\/schema\/logo\/image\/\"},\"sameAs\":[\"https:\/\/www.instagram.com\/bluedog.genetics\/\"]}]}<\/script>\n<!-- \/ Yoast SEO plugin. -->","yoast_head_json":{"title":"Politique de confidentialit\u00e9 - BLUEDOG GENETICS Seeds","robots":{"index":"index","follow":"follow","max-snippet":"max-snippet:-1","max-image-preview":"max-image-preview:large","max-video-preview":"max-video-preview:-1"},"canonical":"https:\/\/bluedoggenetics.com\/fr\/politique-de-confidentialite\/","og_locale":"fr_FR","og_type":"article","og_title":"Pol\u00edtica de privacidad - BLUEDOG GENETICS Seeds","og_description":"\u00daltima actualizaci\u00f3n: 19\/11\/2024 En&nbsp;BLUEDOG Genetics, tu privacidad es nuestra prioridad. Esta Pol\u00edtica de Privacidad describe c\u00f3mo recopilamos, usamos y protegemos tu informaci\u00f3n personal cuando visitas nuestro sitio web&nbsp;https:\/\/bluedoggenetics.com&nbsp;o realizas una compra. Informaci\u00f3n que recopilamos Recopilamos informaci\u00f3n que nos proporcionas directamente al interactuar con nuestro sitio, como: C\u00f3mo usamos tu informaci\u00f3n Utilizamos tu informaci\u00f3n para: Gesti\u00f3n [&hellip;]","og_url":"https:\/\/bluedoggenetics.com\/fr\/politique-de-confidentialite\/","og_site_name":"BLUEDOG GENETICS Seeds","article_modified_time":"2024-11-19T01:03:44+00:00","og_image":[{"width":1024,"height":1024,"url":"https:\/\/bluedoggenetics.com\/wp-content\/uploads\/2024\/11\/appIcon.png","type":"image\/png"}],"twitter_card":"summary_large_image","twitter_misc":{"Dur\u00e9e de lecture estim\u00e9e":"4 minutes"},"schema":{"@context":"https:\/\/schema.org","@graph":[{"@type":"WebPage","@id":"https:\/\/bluedoggenetics.com\/politica-privacidad\/","url":"https:\/\/bluedoggenetics.com\/politica-privacidad\/","name":"Politique de confidentialit\u00e9 - BLUEDOG GENETICS Seeds","isPartOf":{"@id":"https:\/\/bluedoggenetics.com\/de\/#website"},"primaryImageOfPage":{"@id":"https:\/\/bluedoggenetics.com\/politica-privacidad\/#primaryimage"},"image":{"@id":"https:\/\/bluedoggenetics.com\/politica-privacidad\/#primaryimage"},"thumbnailUrl":"https:\/\/bluedoggenetics.com\/wp-content\/uploads\/2026\/05\/default.webp","datePublished":"2024-09-23T12:22:10+00:00","dateModified":"2024-11-19T01:03:44+00:00","breadcrumb":{"@id":"https:\/\/bluedoggenetics.com\/politica-privacidad\/#breadcrumb"},"inLanguage":"fr-FR","potentialAction":[{"@type":"ReadAction","target":["https:\/\/bluedoggenetics.com\/politica-privacidad\/"]}]},{"@type":"ImageObject","inLanguage":"fr-FR","@id":"https:\/\/bluedoggenetics.com\/politica-privacidad\/#primaryimage","url":"https:\/\/bluedoggenetics.com\/wp-content\/uploads\/2026\/05\/default.webp","contentUrl":"https:\/\/bluedoggenetics.com\/wp-content\/uploads\/2026\/05\/default.webp","width":1316,"height":1316,"caption":"BLUEDOG GENETICS Seed"},{"@type":"BreadcrumbList","@id":"https:\/\/bluedoggenetics.com\/politica-privacidad\/#breadcrumb","itemListElement":[{"@type":"ListItem","position":1,"name":"Portada","item":"https:\/\/bluedoggenetics.com\/"},{"@type":"ListItem","position":2,"name":"Pol\u00edtica de privacidad"}]},{"@type":"WebSite","@id":"https:\/\/bluedoggenetics.com\/de\/#website","url":"https:\/\/bluedoggenetics.com\/de\/","name":"BLUEDOG GENETICS Seeds","description":"Compare et ach\u00e8te les meilleures graines de cannabis. F\u00e9minis\u00e9es, autofloraison, CBD.","publisher":{"@id":"https:\/\/bluedoggenetics.com\/de\/#organization"},"alternateName":"BLUEDOG GENETICS","potentialAction":[{"@type":"SearchAction","target":{"@type":"EntryPoint","urlTemplate":"https:\/\/bluedoggenetics.com\/de\/?s={search_term_string}"},"query-input":{"@type":"PropertyValueSpecification","valueRequired":true,"valueName":"search_term_string"}}],"inLanguage":"fr-FR"},{"@type":"Organization","@id":"https:\/\/bluedoggenetics.com\/de\/#organization","name":"BLUEDOG GENETICS","url":"https:\/\/bluedoggenetics.com\/de\/","logo":{"@type":"ImageObject","inLanguage":"fr-FR","@id":"https:\/\/bluedoggenetics.com\/de\/#\/schema\/logo\/image\/","url":"https:\/\/bluedoggenetics.com\/wp-content\/uploads\/2024\/11\/appIcon.png","contentUrl":"https:\/\/bluedoggenetics.com\/wp-content\/uploads\/2024\/11\/appIcon.png","width":1024,"height":1024,"caption":"BLUEDOG GENETICS"},"image":{"@id":"https:\/\/bluedoggenetics.com\/de\/#\/schema\/logo\/image\/"},"sameAs":["https:\/\/www.instagram.com\/bluedog.genetics\/"]}]}},"jetpack_sharing_enabled":true,"_links":{"self":[{"href":"https:\/\/bluedoggenetics.com\/fr\/wp-json\/wp\/v2\/pages\/3","targetHints":{"allow":["GET"]}}],"collection":[{"href":"https:\/\/bluedoggenetics.com\/fr\/wp-json\/wp\/v2\/pages"}],"about":[{"href":"https:\/\/bluedoggenetics.com\/fr\/wp-json\/wp\/v2\/types\/page"}],"author":[{"embeddable":true,"href":"https:\/\/bluedoggenetics.com\/fr\/wp-json\/wp\/v2\/users\/1"}],"replies":[{"embeddable":true,"href":"https:\/\/bluedoggenetics.com\/fr\/wp-json\/wp\/v2\/comments?post=3"}],"version-history":[{"count":0,"href":"https:\/\/bluedoggenetics.com\/fr\/wp-json\/wp\/v2\/pages\/3\/revisions"}],"wp:featuredmedia":[{"embeddable":true,"href":"https:\/\/bluedoggenetics.com\/fr\/wp-json\/wp\/v2\/media\/10536"}],"wp:attachment":[{"href":"https:\/\/bluedoggenetics.com\/fr\/wp-json\/wp\/v2\/media?parent=3"}],"curies":[{"name":"wp","href":"https:\/\/api.w.org\/{rel}","templated":true}]}}