{"id":6501,"date":"2026-03-31T00:34:53","date_gmt":"2026-03-30T22:34:53","guid":{"rendered":"https:\/\/bluedoggenetics.com\/?post_type=product&#038;p=6501"},"modified":"2026-05-06T15:00:13","modified_gmt":"2026-05-06T13:00:13","slug":"the-cure","status":"publish","type":"product","link":"https:\/\/bluedoggenetics.com\/en\/product\/regular\/the-cure\/","title":{"rendered":"The Cure"},"content":{"rendered":"<p>Performance, reliability and exceptional punch. The <strong>The Cure<\/strong> of <strong>Mr Nice Seedbank<\/strong> It is that all-terrain hybrid that never disappoints. Designed to balance the best of both worlds, it offers an XL harvest with astonishing ease. When you turn it on, a mix of fruity and chocolate nuances will assault your senses, giving way to a perfectly balanced munchies effect, ideal for both social moments and relaxing alone.<\/p>\n<p><b>Flower appearance.<\/b> Its floral colas are the pride of any grower. It develops huge clusters, with very swollen calyxes and an excellent calyx-leaf ratio. This feature not only makes it visually stunning, but greatly reduces the time you will spend peeling with scissors.<\/p>\n<p><b>Plant Morphology.<\/b> Its growth pattern is a commercial grower's dream: vigorous, symmetrical and amazingly uniform. The side branches compete in height and thickness with the main stem, creating a candelabra-shaped structure overflowing with flowers.<\/p>\n<h3><b>Growing Tips<\/b><\/h3>\n<ul>\n<li><strong>What is the ideal climate to grow The Cure ?<\/strong><br \/>An exceptionally versatile hybrid. It shines both under powerful lights in indoor grow rooms and under the summer sun, performing optimally in temperate and sunny climates where it will avoid autumn rains.<\/li>\n<li><strong>What training techniques work best with The Cure ?<\/strong><br \/>It responds wonderfully to almost everything. A good &#8216;Topping&#8217; (apical pruning) will multiply its tips, and staking or using support meshes will be mandatory in the last weeks to prevent its branches from collapsing due to the weight.<\/li>\n<li><strong>What type of fertilization does The Cure need?<\/strong><br \/>It is the perfect genetics for beginners due to its enormous tolerance. It tolerates small mistakes with pH or slight overfertilization very well, although with a balanced base diet it will reward you with the highest quality.<\/li>\n<li><strong>What should the irrigation and humidity be like for The Cure ?<\/strong><br \/>The ideal watering cycle is to let the substrate dry 70% before flooding again. This oxygen-water alternation triggers the growth of the root system, which directly translates into more massive plants.<\/li>\n<li><strong>Is it necessary to prune the The Cure plant?<\/strong><br \/>Be sure to clean out any weak twigs (suckers) that don't receive direct light before changing to 12\/12. If you eliminate the lower zone, she will redirect all the phosphorus to the &#8216;top&#8217;, creating flawless flower missiles.<\/li>\n<\/ul>","protected":false},"excerpt":{"rendered":"<p>If you are looking for power and flavor, <strong>The Cure<\/strong> from Mr Nice Seedbank will not disappoint you. Reaching THC levels of 18-24%, this exquisite hybrid displays a fruity and chocolate aromatic profile that perfectly accompanies its powerful munchies high.<\/p>","protected":false},"featured_media":6513,"template":"","meta":{"_acf_changed":false,"inline_featured_image":false,"_wp_applaud_exclude":false},"product_brand":[],"product_cat":[309],"product_tag":[],"class_list":{"0":"post-6501","1":"product","2":"type-product","3":"status-publish","4":"has-post-thumbnail","6":"product_cat-regular","7":"pa_altura-exterior-150-180","8":"pa_altura-interior-90-120","9":"pa_beneficios-terapeuticos-alivio-de-ansiedad","10":"pa_beneficios-terapeuticos-alivio-del-dolor","11":"pa_cantidad-18-reg","12":"pa_clima-calido","13":"pa_cosecha-exterior-450-550","14":"pa_cosecha-interior-400-500","15":"pa_efectos-destacables-activo","16":"pa_efectos-destacables-munchies","17":"pa_efectos-destacables-risueno","18":"pa_floracion-10-12","19":"pa_genetica-50-50","20":"pa_olor-intenso","21":"pa_sabores-y-olores-afrutado","22":"pa_sabores-y-olores-chocolate","23":"pa_sabores-y-olores-vainilla","24":"pa_thc-18-24","25":"pa_variedad-hibrida","27":"first","28":"instock","29":"taxable","30":"shipping-taxable","31":"purchasable","32":"product-type-variable"},"acf":{"sticker":false,"family_tree":""},"yoast_head":"<!-- This site is optimized with the Yoast SEO plugin v26.5 - https:\/\/yoast.com\/wordpress\/plugins\/seo\/ -->\n<title>The Cure - BLUEDOG GENETICS Seeds<\/title>\n<meta name=\"robots\" content=\"index, follow, max-snippet:-1, max-image-preview:large, max-video-preview:-1\" \/>\n<link rel=\"canonical\" href=\"https:\/\/bluedoggenetics.com\/en\/product\/regular\/the-cure\/\" \/>\n<meta property=\"og:locale\" content=\"en_GB\" \/>\n<meta property=\"og:type\" content=\"article\" \/>\n<meta property=\"og:title\" content=\"The Cure - BLUEDOG GENETICS Seeds\" \/>\n<meta property=\"og:description\" content=\"Si buscas potencia y sabor, The Cure de Mr Nice Seedbank no te defraudar\u00e1. Alcanzando niveles de THC del 18-24%, esta exquisita h\u00edbrida despliega un perfil arom\u00e1tico a afrutado y chocolate que acompa\u00f1a perfectamente su poderoso subid\u00f3n munchies.\" \/>\n<meta property=\"og:url\" content=\"https:\/\/bluedoggenetics.com\/en\/product\/regular\/the-cure\/\" \/>\n<meta property=\"og:site_name\" content=\"BLUEDOG GENETICS Seeds\" \/>\n<meta property=\"article:modified_time\" content=\"2026-05-06T13:00:13+00:00\" \/>\n<meta property=\"og:image\" content=\"https:\/\/bluedoggenetics.com\/wp-content\/uploads\/2026\/03\/140314_2196066_pimcore_1_2-scaled.jpg\" \/>\n\t<meta property=\"og:image:width\" content=\"2560\" \/>\n\t<meta property=\"og:image:height\" content=\"1920\" \/>\n\t<meta property=\"og:image:type\" content=\"image\/jpeg\" \/>\n<meta name=\"twitter:card\" content=\"summary_large_image\" \/>\n<meta name=\"twitter:label1\" content=\"Estimated reading time\" \/>\n\t<meta name=\"twitter:data1\" content=\"2 minutes\" \/>\n<script type=\"application\/ld+json\" class=\"yoast-schema-graph\">{\"@context\":\"https:\/\/schema.org\",\"@graph\":[{\"@type\":[\"WebPage\",\"ItemPage\"],\"@id\":\"https:\/\/bluedoggenetics.com\/producto\/regular\/the-cure\/\",\"url\":\"https:\/\/bluedoggenetics.com\/producto\/regular\/the-cure\/\",\"name\":\"The Cure - BLUEDOG GENETICS Seeds\",\"isPartOf\":{\"@id\":\"https:\/\/bluedoggenetics.com\/de\/#website\"},\"primaryImageOfPage\":{\"@id\":\"https:\/\/bluedoggenetics.com\/producto\/regular\/the-cure\/#primaryimage\"},\"image\":{\"@id\":\"https:\/\/bluedoggenetics.com\/producto\/regular\/the-cure\/#primaryimage\"},\"thumbnailUrl\":\"https:\/\/bluedoggenetics.com\/wp-content\/uploads\/2026\/03\/140314_2196066_pimcore_1_2-scaled.jpg\",\"datePublished\":\"2026-03-30T22:34:53+00:00\",\"dateModified\":\"2026-05-06T13:00:13+00:00\",\"breadcrumb\":{\"@id\":\"https:\/\/bluedoggenetics.com\/producto\/regular\/the-cure\/#breadcrumb\"},\"inLanguage\":\"en-GB\",\"potentialAction\":[{\"@type\":\"ReadAction\",\"target\":[\"https:\/\/bluedoggenetics.com\/producto\/regular\/the-cure\/\"]}]},{\"@type\":\"ImageObject\",\"inLanguage\":\"en-GB\",\"@id\":\"https:\/\/bluedoggenetics.com\/producto\/regular\/the-cure\/#primaryimage\",\"url\":\"https:\/\/bluedoggenetics.com\/wp-content\/uploads\/2026\/03\/140314_2196066_pimcore_1_2-scaled.jpg\",\"contentUrl\":\"https:\/\/bluedoggenetics.com\/wp-content\/uploads\/2026\/03\/140314_2196066_pimcore_1_2-scaled.jpg\",\"width\":2560,\"height\":1920},{\"@type\":\"BreadcrumbList\",\"@id\":\"https:\/\/bluedoggenetics.com\/producto\/regular\/the-cure\/#breadcrumb\",\"itemListElement\":[{\"@type\":\"ListItem\",\"position\":1,\"name\":\"Portada\",\"item\":\"https:\/\/bluedoggenetics.com\/\"},{\"@type\":\"ListItem\",\"position\":2,\"name\":\"Tienda\",\"item\":\"https:\/\/bluedoggenetics.com\/fr\/tienda\/\"},{\"@type\":\"ListItem\",\"position\":3,\"name\":\"The Cure\"}]},{\"@type\":\"WebSite\",\"@id\":\"https:\/\/bluedoggenetics.com\/de\/#website\",\"url\":\"https:\/\/bluedoggenetics.com\/de\/\",\"name\":\"BLUEDOG GENETICS Seeds\",\"description\":\"Compara y compra las mejores semillas de cannabis. Feminizadas, Autoflorecientes, CBD.\",\"publisher\":{\"@id\":\"https:\/\/bluedoggenetics.com\/de\/#organization\"},\"alternateName\":\"BLUEDOG GENETICS\",\"potentialAction\":[{\"@type\":\"SearchAction\",\"target\":{\"@type\":\"EntryPoint\",\"urlTemplate\":\"https:\/\/bluedoggenetics.com\/de\/?s={search_term_string}\"},\"query-input\":{\"@type\":\"PropertyValueSpecification\",\"valueRequired\":true,\"valueName\":\"search_term_string\"}}],\"inLanguage\":\"en-GB\"},{\"@type\":\"Organization\",\"@id\":\"https:\/\/bluedoggenetics.com\/de\/#organization\",\"name\":\"BLUEDOG GENETICS\",\"url\":\"https:\/\/bluedoggenetics.com\/de\/\",\"logo\":{\"@type\":\"ImageObject\",\"inLanguage\":\"en-GB\",\"@id\":\"https:\/\/bluedoggenetics.com\/de\/#\/schema\/logo\/image\/\",\"url\":\"https:\/\/bluedoggenetics.com\/wp-content\/uploads\/2024\/11\/appIcon.png\",\"contentUrl\":\"https:\/\/bluedoggenetics.com\/wp-content\/uploads\/2024\/11\/appIcon.png\",\"width\":1024,\"height\":1024,\"caption\":\"BLUEDOG GENETICS\"},\"image\":{\"@id\":\"https:\/\/bluedoggenetics.com\/de\/#\/schema\/logo\/image\/\"},\"sameAs\":[\"https:\/\/www.instagram.com\/bluedog.genetics\/\"]}]}<\/script>\n<!-- \/ Yoast SEO plugin. -->","yoast_head_json":{"title":"The Cure - BLUEDOG GENETICS Seeds","robots":{"index":"index","follow":"follow","max-snippet":"max-snippet:-1","max-image-preview":"max-image-preview:large","max-video-preview":"max-video-preview:-1"},"canonical":"https:\/\/bluedoggenetics.com\/en\/product\/regular\/the-cure\/","og_locale":"en_GB","og_type":"article","og_title":"The Cure - BLUEDOG GENETICS Seeds","og_description":"Si buscas potencia y sabor, The Cure de Mr Nice Seedbank no te defraudar\u00e1. Alcanzando niveles de THC del 18-24%, esta exquisita h\u00edbrida despliega un perfil arom\u00e1tico a afrutado y chocolate que acompa\u00f1a perfectamente su poderoso subid\u00f3n munchies.","og_url":"https:\/\/bluedoggenetics.com\/en\/product\/regular\/the-cure\/","og_site_name":"BLUEDOG GENETICS Seeds","article_modified_time":"2026-05-06T13:00:13+00:00","og_image":[{"width":2560,"height":1920,"url":"https:\/\/bluedoggenetics.com\/wp-content\/uploads\/2026\/03\/140314_2196066_pimcore_1_2-scaled.jpg","type":"image\/jpeg"}],"twitter_card":"summary_large_image","twitter_misc":{"Estimated reading time":"2 minutes"},"schema":{"@context":"https:\/\/schema.org","@graph":[{"@type":["WebPage","ItemPage"],"@id":"https:\/\/bluedoggenetics.com\/producto\/regular\/the-cure\/","url":"https:\/\/bluedoggenetics.com\/producto\/regular\/the-cure\/","name":"The Cure - BLUEDOG GENETICS Seeds","isPartOf":{"@id":"https:\/\/bluedoggenetics.com\/de\/#website"},"primaryImageOfPage":{"@id":"https:\/\/bluedoggenetics.com\/producto\/regular\/the-cure\/#primaryimage"},"image":{"@id":"https:\/\/bluedoggenetics.com\/producto\/regular\/the-cure\/#primaryimage"},"thumbnailUrl":"https:\/\/bluedoggenetics.com\/wp-content\/uploads\/2026\/03\/140314_2196066_pimcore_1_2-scaled.jpg","datePublished":"2026-03-30T22:34:53+00:00","dateModified":"2026-05-06T13:00:13+00:00","breadcrumb":{"@id":"https:\/\/bluedoggenetics.com\/producto\/regular\/the-cure\/#breadcrumb"},"inLanguage":"en-GB","potentialAction":[{"@type":"ReadAction","target":["https:\/\/bluedoggenetics.com\/producto\/regular\/the-cure\/"]}]},{"@type":"ImageObject","inLanguage":"en-GB","@id":"https:\/\/bluedoggenetics.com\/producto\/regular\/the-cure\/#primaryimage","url":"https:\/\/bluedoggenetics.com\/wp-content\/uploads\/2026\/03\/140314_2196066_pimcore_1_2-scaled.jpg","contentUrl":"https:\/\/bluedoggenetics.com\/wp-content\/uploads\/2026\/03\/140314_2196066_pimcore_1_2-scaled.jpg","width":2560,"height":1920},{"@type":"BreadcrumbList","@id":"https:\/\/bluedoggenetics.com\/producto\/regular\/the-cure\/#breadcrumb","itemListElement":[{"@type":"ListItem","position":1,"name":"Portada","item":"https:\/\/bluedoggenetics.com\/"},{"@type":"ListItem","position":2,"name":"Tienda","item":"https:\/\/bluedoggenetics.com\/fr\/tienda\/"},{"@type":"ListItem","position":3,"name":"The Cure"}]},{"@type":"WebSite","@id":"https:\/\/bluedoggenetics.com\/de\/#website","url":"https:\/\/bluedoggenetics.com\/de\/","name":"BLUEDOG GENETICS Seeds","description":"Compare and buy the best cannabis seeds. Feminised, Autoflowering, CBD.","publisher":{"@id":"https:\/\/bluedoggenetics.com\/de\/#organization"},"alternateName":"BLUEDOG GENETICS","potentialAction":[{"@type":"SearchAction","target":{"@type":"EntryPoint","urlTemplate":"https:\/\/bluedoggenetics.com\/de\/?s={search_term_string}"},"query-input":{"@type":"PropertyValueSpecification","valueRequired":true,"valueName":"search_term_string"}}],"inLanguage":"en-GB"},{"@type":"Organization","@id":"https:\/\/bluedoggenetics.com\/de\/#organization","name":"BLUEDOG GENETICS","url":"https:\/\/bluedoggenetics.com\/de\/","logo":{"@type":"ImageObject","inLanguage":"en-GB","@id":"https:\/\/bluedoggenetics.com\/de\/#\/schema\/logo\/image\/","url":"https:\/\/bluedoggenetics.com\/wp-content\/uploads\/2024\/11\/appIcon.png","contentUrl":"https:\/\/bluedoggenetics.com\/wp-content\/uploads\/2024\/11\/appIcon.png","width":1024,"height":1024,"caption":"BLUEDOG GENETICS"},"image":{"@id":"https:\/\/bluedoggenetics.com\/de\/#\/schema\/logo\/image\/"},"sameAs":["https:\/\/www.instagram.com\/bluedog.genetics\/"]}]}},"sticker_url":null,"variations_full":[{"id":6514,"price":68,"regular_price":68,"attributes":{"attribute_pa_cantidad":"18-reg"},"image_src":"https:\/\/bluedoggenetics.com\/wp-content\/uploads\/2026\/03\/140314_2196066_pimcore_1_2-600x450.jpg","is_in_stock":true}],"jetpack_sharing_enabled":true,"_links":{"self":[{"href":"https:\/\/bluedoggenetics.com\/en\/wp-json\/wp\/v2\/product\/6501","targetHints":{"allow":["GET"]}}],"collection":[{"href":"https:\/\/bluedoggenetics.com\/en\/wp-json\/wp\/v2\/product"}],"about":[{"href":"https:\/\/bluedoggenetics.com\/en\/wp-json\/wp\/v2\/types\/product"}],"wp:featuredmedia":[{"embeddable":true,"href":"https:\/\/bluedoggenetics.com\/en\/wp-json\/wp\/v2\/media\/6513"}],"wp:attachment":[{"href":"https:\/\/bluedoggenetics.com\/en\/wp-json\/wp\/v2\/media?parent=6501"}],"wp:term":[{"taxonomy":"product_brand","embeddable":true,"href":"https:\/\/bluedoggenetics.com\/en\/wp-json\/wp\/v2\/product_brand?post=6501"},{"taxonomy":"product_cat","embeddable":true,"href":"https:\/\/bluedoggenetics.com\/en\/wp-json\/wp\/v2\/product_cat?post=6501"},{"taxonomy":"product_tag","embeddable":true,"href":"https:\/\/bluedoggenetics.com\/en\/wp-json\/wp\/v2\/product_tag?post=6501"}],"curies":[{"name":"wp","href":"https:\/\/api.w.org\/{rel}","templated":true}]}}