{"id":4801,"date":"2026-03-27T19:56:32","date_gmt":"2026-03-27T18:56:32","guid":{"rendered":"https:\/\/bluedoggenetics.com\/?post_type=product&#038;p=4801"},"modified":"2026-05-06T14:57:35","modified_gmt":"2026-05-06T12:57:35","slug":"amnesia-flash-auto","status":"publish","type":"product","link":"https:\/\/bluedoggenetics.com\/en\/product\/seeds\/autoflowering\/amnesia-flash-auto\/","title":{"rendered":"Amnesia Flash Auto"},"content":{"rendered":"<p>Grow seeds <strong>Amnesia Flash<\/strong> is to guarantee success in your garden. This genetic beast from Anesia Seeds is designed to deliver massive yields without compromising one bit on quality. In indoor crops, under optimal conditions, its thick floral structures can effortlessly exceed 600 g\/m2. If you decide to plant it outdoors in full sun, get ready to see how each specimen transforms into a true productive tree, stoically withstanding the inclement weather thanks to its undeniable robustness.<\/p>\n<p>When tasting <strong>Amnesia Flash<\/strong>, the journey begins from the first puff. Its colossal percentage of cannabinoids causes a powerful wave of cerebral Euforia , creative energy and unmatched happiness. It is a long-lasting, intense experience reserved for those growers and consumers who seek a quality that borders on commercial but with the soul of true &#8217;boutique&#8217; genetics.<\/p>\n<p><b>Flower appearance.<\/b> The buds of this gem are visually spectacular: extremely dense, heavy as rocks and covered in a layer of resin so thick that they appear to be frozen. Its calyxes show intense greens that, with the cold, turn purple, standing out intensely under the snowfall of crystalline trichomes.<\/p>\n<p><b>Plant Morphology.<\/b> <strong>Amnesia Flash<\/strong> It exhibits vigorous growth from its first weeks of life. Its structure is strong, with a perfect internodal distance to allow light to penetrate to the lowest flowers, while its main branch dominates with a majestic size.<\/p>\n<h3><b>Growing Tips<\/b><\/h3>\n<ul>\n<li><strong>What is the ideal climate to grow Amnesia Flash?<\/strong>\n<p>It greatly appreciates sunny, dry and warm climates similar to the Mediterranean. However, its solid genetics give it great resistance to slight drops in temperature.<\/li>\n<li><strong>What training techniques work best with Amnesia Flash?<\/strong>\n<p>To get the most out of its performance, apply low stress methods (LST) or techniques such as SCROG, thus allowing you to create a level canopy where all its branches receive direct light.<\/li>\n<li><strong>What type of fertilization does Amnesia Flash need?<\/strong>\n<p>Being a super-producer, it requires a strong diet. Support it with organic supplements rich in phosphorus and potassium during the fattening phase to boost the size and flavor of its calyxes.<\/li>\n<li><strong>What should the watering and humidity be like for Amnesia Flash?<\/strong>\n<p>Provide plenty of water but always allow the substrate to dry slightly between waterings. In the final flowering phase, keep the humidity below 45% to prevent problems in its compact flowers.<\/li>\n<li><strong>Is it necessary to prune the Amnesia Flash plant?<\/strong>\n<p>Definitely. Performing low pruning (lollipopping) before entering flowering, eliminating branches that do not receive light, will channel all the plant's energy towards the main crown.<\/li>\n<\/ul>","protected":false},"excerpt":{"rendered":"<p><strong>Amnesia Flash Auto<\/strong> by Anesia Seeds is a masterpiece of current cannabis breeding. This feminized seed (<strong>sativa<\/strong>) is known for pushing known limits, reaching staggering THC levels of the <strong>26-30%<\/strong>. Due to its extreme vigor, resistance and overwhelming terpene profile, it has become one of the most sought after and successfully grown genetics worldwide. Ideal for those who demand the maximum in power and production.<\/p>","protected":false},"featured_media":3056,"template":"","meta":{"_acf_changed":false,"inline_featured_image":false,"_wp_applaud_exclude":false},"product_brand":[197],"product_cat":[21],"product_tag":[],"class_list":{"0":"post-4801","1":"product","2":"type-product","3":"status-publish","4":"has-post-thumbnail","6":"product_brand-anesia-seeds","7":"product_cat-autoflorecientes","8":"pa_altura-exterior-180-200","9":"pa_altura-interior-120-150","10":"pa_beneficios-terapeuticos-alivio-de-ansiedad","11":"pa_beneficios-terapeuticos-aumento-del-apetito","12":"pa_cantidad-pack-10","13":"pa_cantidad-pack-3","14":"pa_cantidad-pack-5","15":"pa_clima-calido","16":"pa_cosecha-exterior-750-850","17":"pa_cosecha-interior-550-650","18":"pa_efectos-destacables-activo","19":"pa_efectos-destacables-alegre","20":"pa_efectos-destacables-creativo","21":"pa_efectos-destacables-euforico","22":"pa_floracion-9-10","23":"pa_genetica-20-80","24":"pa_olor-intenso","25":"pa_sabores-y-olores-citrico","26":"pa_sabores-y-olores-especias","27":"pa_sabores-y-olores-floral","28":"pa_thc-26-30","29":"pa_variedad-mayormente-sativa","30":"pa_variedad-sativa","32":"first","33":"instock","34":"taxable","35":"shipping-taxable","36":"purchasable","37":"product-type-variable"},"acf":{"sticker":"https:\/\/bluedoggenetics.com\/wp-content\/uploads\/2026\/03\/anesia.webp","family_tree":""},"yoast_head":"<!-- This site is optimized with the Yoast SEO plugin v26.5 - https:\/\/yoast.com\/wordpress\/plugins\/seo\/ -->\n<title>Amnesia Flash Auto Auto de Anesia Seeds - BLUEDOG GENETICS Seeds<\/title>\n<meta name=\"description\" content=\"Amnesia Flash Auto de Anesia Seeds: la Sativa con 27% de THC y aroma a lim\u00f3n y especias. Floraci\u00f3n r\u00e1pida y efecto cerebral potente. \u00a1Compra tus semillas ahora!\" \/>\n<meta name=\"robots\" content=\"index, follow, max-snippet:-1, max-image-preview:large, max-video-preview:-1\" \/>\n<link rel=\"canonical\" href=\"https:\/\/bluedoggenetics.com\/en\/product\/autoflowering\/amnesia-flash-auto\/\" \/>\n<meta property=\"og:locale\" content=\"en_GB\" \/>\n<meta property=\"og:type\" content=\"article\" \/>\n<meta property=\"og:title\" content=\"Amnesia Flash Auto Auto de Anesia Seeds - BLUEDOG GENETICS Seeds\" \/>\n<meta property=\"og:description\" content=\"Amnesia Flash Auto de Anesia Seeds: la Sativa con 27% de THC y aroma a lim\u00f3n y especias. Floraci\u00f3n r\u00e1pida y efecto cerebral potente. \u00a1Compra tus semillas ahora!\" \/>\n<meta property=\"og:url\" content=\"https:\/\/bluedoggenetics.com\/en\/product\/autoflowering\/amnesia-flash-auto\/\" \/>\n<meta property=\"og:site_name\" content=\"BLUEDOG GENETICS Seeds\" \/>\n<meta property=\"article:modified_time\" content=\"2026-05-06T12:57:35+00:00\" \/>\n<meta property=\"og:image\" content=\"https:\/\/bluedoggenetics.com\/wp-content\/uploads\/2026\/03\/Amnesia-Flash-600x800-1-300x400-1.jpg\" \/>\n\t<meta property=\"og:image:width\" content=\"300\" \/>\n\t<meta property=\"og:image:height\" content=\"400\" \/>\n\t<meta property=\"og:image:type\" content=\"image\/jpeg\" \/>\n<meta name=\"twitter:card\" content=\"summary_large_image\" \/>\n<meta name=\"twitter:label1\" content=\"Estimated reading time\" \/>\n\t<meta name=\"twitter:data1\" content=\"3 minutes\" \/>\n<script type=\"application\/ld+json\" class=\"yoast-schema-graph\">{\"@context\":\"https:\/\/schema.org\",\"@graph\":[{\"@type\":[\"WebPage\",\"ItemPage\"],\"@id\":\"https:\/\/bluedoggenetics.com\/producto\/autoflorecientes\/amnesia-flash-auto\/\",\"url\":\"https:\/\/bluedoggenetics.com\/producto\/autoflorecientes\/amnesia-flash-auto\/\",\"name\":\"Amnesia Flash Auto Auto de Anesia Seeds - BLUEDOG GENETICS Seeds\",\"isPartOf\":{\"@id\":\"https:\/\/bluedoggenetics.com\/de\/#website\"},\"primaryImageOfPage\":{\"@id\":\"https:\/\/bluedoggenetics.com\/producto\/autoflorecientes\/amnesia-flash-auto\/#primaryimage\"},\"image\":{\"@id\":\"https:\/\/bluedoggenetics.com\/producto\/autoflorecientes\/amnesia-flash-auto\/#primaryimage\"},\"thumbnailUrl\":\"https:\/\/bluedoggenetics.com\/wp-content\/uploads\/2026\/03\/Amnesia-Flash-600x800-1-300x400-1.jpg\",\"datePublished\":\"2026-03-27T18:56:32+00:00\",\"dateModified\":\"2026-05-06T12:57:35+00:00\",\"description\":\"Amnesia Flash Auto de Anesia Seeds: la Sativa con 27% de THC y aroma a lim\u00f3n y especias. Floraci\u00f3n r\u00e1pida y efecto cerebral potente. \u00a1Compra tus semillas ahora!\",\"breadcrumb\":{\"@id\":\"https:\/\/bluedoggenetics.com\/producto\/autoflorecientes\/amnesia-flash-auto\/#breadcrumb\"},\"inLanguage\":\"en-GB\",\"potentialAction\":[{\"@type\":\"ReadAction\",\"target\":[\"https:\/\/bluedoggenetics.com\/producto\/autoflorecientes\/amnesia-flash-auto\/\"]}]},{\"@type\":\"ImageObject\",\"inLanguage\":\"en-GB\",\"@id\":\"https:\/\/bluedoggenetics.com\/producto\/autoflorecientes\/amnesia-flash-auto\/#primaryimage\",\"url\":\"https:\/\/bluedoggenetics.com\/wp-content\/uploads\/2026\/03\/Amnesia-Flash-600x800-1-300x400-1.jpg\",\"contentUrl\":\"https:\/\/bluedoggenetics.com\/wp-content\/uploads\/2026\/03\/Amnesia-Flash-600x800-1-300x400-1.jpg\",\"width\":300,\"height\":400,\"caption\":\"Amnesia Flash Auto de Anesia Seeds\"},{\"@type\":\"BreadcrumbList\",\"@id\":\"https:\/\/bluedoggenetics.com\/producto\/autoflorecientes\/amnesia-flash-auto\/#breadcrumb\",\"itemListElement\":[{\"@type\":\"ListItem\",\"position\":1,\"name\":\"Portada\",\"item\":\"https:\/\/bluedoggenetics.com\/\"},{\"@type\":\"ListItem\",\"position\":2,\"name\":\"Tienda\",\"item\":\"https:\/\/bluedoggenetics.com\/fr\/tienda\/\"},{\"@type\":\"ListItem\",\"position\":3,\"name\":\"Amnesia Flash Auto\"}]},{\"@type\":\"WebSite\",\"@id\":\"https:\/\/bluedoggenetics.com\/de\/#website\",\"url\":\"https:\/\/bluedoggenetics.com\/de\/\",\"name\":\"BLUEDOG GENETICS Seeds\",\"description\":\"Compara y compra las mejores semillas de cannabis. Feminizadas, Autoflorecientes, CBD.\",\"publisher\":{\"@id\":\"https:\/\/bluedoggenetics.com\/de\/#organization\"},\"alternateName\":\"BLUEDOG GENETICS\",\"potentialAction\":[{\"@type\":\"SearchAction\",\"target\":{\"@type\":\"EntryPoint\",\"urlTemplate\":\"https:\/\/bluedoggenetics.com\/de\/?s={search_term_string}\"},\"query-input\":{\"@type\":\"PropertyValueSpecification\",\"valueRequired\":true,\"valueName\":\"search_term_string\"}}],\"inLanguage\":\"en-GB\"},{\"@type\":\"Organization\",\"@id\":\"https:\/\/bluedoggenetics.com\/de\/#organization\",\"name\":\"BLUEDOG GENETICS\",\"url\":\"https:\/\/bluedoggenetics.com\/de\/\",\"logo\":{\"@type\":\"ImageObject\",\"inLanguage\":\"en-GB\",\"@id\":\"https:\/\/bluedoggenetics.com\/de\/#\/schema\/logo\/image\/\",\"url\":\"https:\/\/bluedoggenetics.com\/wp-content\/uploads\/2024\/11\/appIcon.png\",\"contentUrl\":\"https:\/\/bluedoggenetics.com\/wp-content\/uploads\/2024\/11\/appIcon.png\",\"width\":1024,\"height\":1024,\"caption\":\"BLUEDOG GENETICS\"},\"image\":{\"@id\":\"https:\/\/bluedoggenetics.com\/de\/#\/schema\/logo\/image\/\"},\"sameAs\":[\"https:\/\/www.instagram.com\/bluedog.genetics\/\"]}]}<\/script>\n<!-- \/ Yoast SEO plugin. -->","yoast_head_json":{"title":"Amnesia Flash Auto Auto by Anesia Seeds - BLUEDOG GENETICS Seeds","description":"Amnesia Flash Auto by Anesia Seeds: the Sativa with 27% THC and aroma of lemon and spices. Fast flowering and powerful cerebral effect. Buy your seeds now!","robots":{"index":"index","follow":"follow","max-snippet":"max-snippet:-1","max-image-preview":"max-image-preview:large","max-video-preview":"max-video-preview:-1"},"canonical":"https:\/\/bluedoggenetics.com\/en\/product\/autoflowering\/amnesia-flash-auto\/","og_locale":"en_GB","og_type":"article","og_title":"Amnesia Flash Auto Auto de Anesia Seeds - BLUEDOG GENETICS Seeds","og_description":"Amnesia Flash Auto de Anesia Seeds: la Sativa con 27% de THC y aroma a lim\u00f3n y especias. Floraci\u00f3n r\u00e1pida y efecto cerebral potente. \u00a1Compra tus semillas ahora!","og_url":"https:\/\/bluedoggenetics.com\/en\/product\/autoflowering\/amnesia-flash-auto\/","og_site_name":"BLUEDOG GENETICS Seeds","article_modified_time":"2026-05-06T12:57:35+00:00","og_image":[{"width":300,"height":400,"url":"https:\/\/bluedoggenetics.com\/wp-content\/uploads\/2026\/03\/Amnesia-Flash-600x800-1-300x400-1.jpg","type":"image\/jpeg"}],"twitter_card":"summary_large_image","twitter_misc":{"Estimated reading time":"3 minutes"},"schema":{"@context":"https:\/\/schema.org","@graph":[{"@type":["WebPage","ItemPage"],"@id":"https:\/\/bluedoggenetics.com\/producto\/autoflorecientes\/amnesia-flash-auto\/","url":"https:\/\/bluedoggenetics.com\/producto\/autoflorecientes\/amnesia-flash-auto\/","name":"Amnesia Flash Auto Auto by Anesia Seeds - BLUEDOG GENETICS Seeds","isPartOf":{"@id":"https:\/\/bluedoggenetics.com\/de\/#website"},"primaryImageOfPage":{"@id":"https:\/\/bluedoggenetics.com\/producto\/autoflorecientes\/amnesia-flash-auto\/#primaryimage"},"image":{"@id":"https:\/\/bluedoggenetics.com\/producto\/autoflorecientes\/amnesia-flash-auto\/#primaryimage"},"thumbnailUrl":"https:\/\/bluedoggenetics.com\/wp-content\/uploads\/2026\/03\/Amnesia-Flash-600x800-1-300x400-1.jpg","datePublished":"2026-03-27T18:56:32+00:00","dateModified":"2026-05-06T12:57:35+00:00","description":"Amnesia Flash Auto by Anesia Seeds: the Sativa with 27% THC and aroma of lemon and spices. Fast flowering and powerful cerebral effect. Buy your seeds now!","breadcrumb":{"@id":"https:\/\/bluedoggenetics.com\/producto\/autoflorecientes\/amnesia-flash-auto\/#breadcrumb"},"inLanguage":"en-GB","potentialAction":[{"@type":"ReadAction","target":["https:\/\/bluedoggenetics.com\/producto\/autoflorecientes\/amnesia-flash-auto\/"]}]},{"@type":"ImageObject","inLanguage":"en-GB","@id":"https:\/\/bluedoggenetics.com\/producto\/autoflorecientes\/amnesia-flash-auto\/#primaryimage","url":"https:\/\/bluedoggenetics.com\/wp-content\/uploads\/2026\/03\/Amnesia-Flash-600x800-1-300x400-1.jpg","contentUrl":"https:\/\/bluedoggenetics.com\/wp-content\/uploads\/2026\/03\/Amnesia-Flash-600x800-1-300x400-1.jpg","width":300,"height":400,"caption":"Amnesia Flash Auto de Anesia Seeds"},{"@type":"BreadcrumbList","@id":"https:\/\/bluedoggenetics.com\/producto\/autoflorecientes\/amnesia-flash-auto\/#breadcrumb","itemListElement":[{"@type":"ListItem","position":1,"name":"Portada","item":"https:\/\/bluedoggenetics.com\/"},{"@type":"ListItem","position":2,"name":"Tienda","item":"https:\/\/bluedoggenetics.com\/fr\/tienda\/"},{"@type":"ListItem","position":3,"name":"Amnesia Flash Auto"}]},{"@type":"WebSite","@id":"https:\/\/bluedoggenetics.com\/de\/#website","url":"https:\/\/bluedoggenetics.com\/de\/","name":"BLUEDOG GENETICS Seeds","description":"Compare and buy the best cannabis seeds. Feminised, Autoflowering, CBD.","publisher":{"@id":"https:\/\/bluedoggenetics.com\/de\/#organization"},"alternateName":"BLUEDOG GENETICS","potentialAction":[{"@type":"SearchAction","target":{"@type":"EntryPoint","urlTemplate":"https:\/\/bluedoggenetics.com\/de\/?s={search_term_string}"},"query-input":{"@type":"PropertyValueSpecification","valueRequired":true,"valueName":"search_term_string"}}],"inLanguage":"en-GB"},{"@type":"Organization","@id":"https:\/\/bluedoggenetics.com\/de\/#organization","name":"BLUEDOG GENETICS","url":"https:\/\/bluedoggenetics.com\/de\/","logo":{"@type":"ImageObject","inLanguage":"en-GB","@id":"https:\/\/bluedoggenetics.com\/de\/#\/schema\/logo\/image\/","url":"https:\/\/bluedoggenetics.com\/wp-content\/uploads\/2024\/11\/appIcon.png","contentUrl":"https:\/\/bluedoggenetics.com\/wp-content\/uploads\/2024\/11\/appIcon.png","width":1024,"height":1024,"caption":"BLUEDOG GENETICS"},"image":{"@id":"https:\/\/bluedoggenetics.com\/de\/#\/schema\/logo\/image\/"},"sameAs":["https:\/\/www.instagram.com\/bluedog.genetics\/"]}]}},"sticker_url":"https:\/\/bluedoggenetics.com\/wp-content\/uploads\/2026\/03\/anesia.webp","variations_full":[{"id":4811,"price":22,"regular_price":22,"attributes":{"attribute_pa_cantidad":"pack-3"},"image_src":"https:\/\/bluedoggenetics.com\/wp-content\/uploads\/2026\/03\/Amnesia-Flash-600x800-1-300x400-1.jpg","is_in_stock":true},{"id":4812,"price":34.5,"regular_price":34.5,"attributes":{"attribute_pa_cantidad":"pack-5"},"image_src":"https:\/\/bluedoggenetics.com\/wp-content\/uploads\/2026\/03\/Amnesia-Flash-600x800-1-300x400-1.jpg","is_in_stock":true},{"id":4813,"price":62,"regular_price":62,"attributes":{"attribute_pa_cantidad":"pack-10"},"image_src":"https:\/\/bluedoggenetics.com\/wp-content\/uploads\/2026\/03\/Amnesia-Flash-600x800-1-300x400-1.jpg","is_in_stock":true}],"jetpack_sharing_enabled":true,"_links":{"self":[{"href":"https:\/\/bluedoggenetics.com\/en\/wp-json\/wp\/v2\/product\/4801","targetHints":{"allow":["GET"]}}],"collection":[{"href":"https:\/\/bluedoggenetics.com\/en\/wp-json\/wp\/v2\/product"}],"about":[{"href":"https:\/\/bluedoggenetics.com\/en\/wp-json\/wp\/v2\/types\/product"}],"wp:featuredmedia":[{"embeddable":true,"href":"https:\/\/bluedoggenetics.com\/en\/wp-json\/wp\/v2\/media\/3056"}],"wp:attachment":[{"href":"https:\/\/bluedoggenetics.com\/en\/wp-json\/wp\/v2\/media?parent=4801"}],"wp:term":[{"taxonomy":"product_brand","embeddable":true,"href":"https:\/\/bluedoggenetics.com\/en\/wp-json\/wp\/v2\/product_brand?post=4801"},{"taxonomy":"product_cat","embeddable":true,"href":"https:\/\/bluedoggenetics.com\/en\/wp-json\/wp\/v2\/product_cat?post=4801"},{"taxonomy":"product_tag","embeddable":true,"href":"https:\/\/bluedoggenetics.com\/en\/wp-json\/wp\/v2\/product_tag?post=4801"}],"curies":[{"name":"wp","href":"https:\/\/api.w.org\/{rel}","templated":true}]}}