{"id":4527,"date":"2026-03-29T17:53:19","date_gmt":"2026-03-29T15:53:19","guid":{"rendered":"https:\/\/bluedoggenetics.com\/?post_type=product&#038;p=4527"},"modified":"2026-05-06T14:57:23","modified_gmt":"2026-05-06T12:57:23","slug":"bubba-kush","status":"publish","type":"product","link":"https:\/\/bluedoggenetics.com\/en\/product\/seeds\/feminised\/bubba-kush\/","title":{"rendered":"Bubba Kush"},"content":{"rendered":"<p>If you decide to incorporate the seeds of <strong>Bubba Kush<\/strong> to your crop, you will ensure genetics of extremely high reliability and amazing performance. This variety stands out for its immense vegetative vigor, capable of generating solid structures prepared to support the weight of crops that, in optimal conditions, will far exceed 600 g\/m2 in indoor cabinets. When grown outdoors in full sun, each plant can become a true productive monster in great global demand.<\/p>\n<p>At the effects level, <strong>Bubba Kush<\/strong> is not left behind. When consumed, you will quickly perceive a forceful impact that triggers a deep and lasting state of physical relaxation that mitigates stress, ideal for demanding palates looking for unmitigated power and a deep and lasting tasting experience.<\/p>\n<p><b>Flower appearance.<\/b> The buds produced by this genetics are championship: dense, heavy and compact. Visually, they stand out for their vibrant green tones that, depending on the phenotype and temperatures, can develop beautiful bluish or purple hues. The most impressive thing is its exaggerated layer of crystalline resin, making the flowers appear coated in sugar.<\/p>\n<p><b>Plant Morphology.<\/b> During its growth phase, <strong>Bubba Kush<\/strong> It proves to be a very resistant and grateful strain. It has an optimal internodal distance that facilitates proper aeration, developing thick lateral branches that will compete with its massive central cola.<\/p>\n<h3><b>Growing Tips<\/b><\/h3>\n<ul>\n<li><strong>What is the ideal climate to grow Bubba Kush ?<\/strong>\n<p>It develops spectacularly in warm and sunny Mediterranean-type climates, adapting without problems to slight fluctuations and more temperate environments.<\/li>\n<li><strong>What training techniques work best with Bubba Kush ?<\/strong>\n<p>Thanks to its vigorous branching, it responds wonderfully to low stress techniques (LST) and SCROG meshes, which will help you maximize light penetration and uniform the canopy.<\/li>\n<li><strong>What type of fertilization does Bubba Kush need?<\/strong>\n<p>It is a plant with a voracious appetite during its fattening weeks. A nutritional program rich in PK stimulators will bring out all the sweetness and complexity of its terpenes.<\/li>\n<li><strong>What should the irrigation and humidity be like for Bubba Kush ?<\/strong>\n<p>Apply abundant watering but allowing the substrate to breathe. Keep the relative humidity strictly below 45-50% in late flowering to protect its calyxes.<\/li>\n<li><strong>Is it necessary to prune the Bubba Kush plant?<\/strong>\n<p>Yes, a generous pruning of low branches (lollipopping) at the beginning of flowering and a slight leaf removal will channel all the energy towards its lush main tips.<\/li>\n<\/ul>","protected":false},"excerpt":{"rendered":"<p><strong>Bubba Kush<\/strong> It has quickly established itself as an essential genetic in the modern catalogue. This exceptional feminized seed (<strong>indica<\/strong>) boasts THC levels that range from <strong>18-25%<\/strong>.<\/p>","protected":false},"featured_media":3476,"template":"","meta":{"_acf_changed":false,"inline_featured_image":false,"_wp_applaud_exclude":false},"product_brand":[192],"product_cat":[22],"product_tag":[],"class_list":{"0":"post-4527","1":"product","2":"type-product","3":"status-publish","4":"has-post-thumbnail","6":"product_brand-barneys-farm","7":"product_cat-feminizadas","8":"pa_altura-exterior-120-150","9":"pa_altura-interior-90-120","10":"pa_beneficios-terapeuticos-alivio-del-dolor","11":"pa_beneficios-terapeuticos-ayuda-para-dormir","12":"pa_beneficios-terapeuticos-reduccion-de-nauseas","13":"pa_cantidad-pack-1","14":"pa_cantidad-pack-10","15":"pa_cantidad-pack-3","16":"pa_cantidad-pack-5","17":"pa_clima-calido","18":"pa_cosecha-exterior-750-850","19":"pa_cosecha-interior-550-650","20":"pa_efectos-destacables-adormecido","21":"pa_efectos-destacables-alegre","22":"pa_efectos-destacables-relajado","23":"pa_floracion-8-9","24":"pa_genetica-100-0","25":"pa_olor-intenso","26":"pa_sabores-y-olores-cafe","27":"pa_sabores-y-olores-chocolate","28":"pa_sabores-y-olores-dulce","29":"pa_sabores-y-olores-terroso","30":"pa_thc-18-25-2","31":"pa_variedad-indica","32":"pa_variedad-mayormente-indica","34":"first","35":"instock","36":"taxable","37":"shipping-taxable","38":"purchasable","39":"product-type-variable"},"acf":{"sticker":"https:\/\/bluedoggenetics.com\/wp-content\/uploads\/2026\/03\/barneys-farm.webp","family_tree":""},"yoast_head":"<!-- This site is optimized with the Yoast SEO plugin v26.5 - https:\/\/yoast.com\/wordpress\/plugins\/seo\/ -->\n<title>Bubba Kush de Barney&#039;s Farm - BLUEDOG GENETICS Seeds<\/title>\n<meta name=\"description\" content=\"Cultiva Bubba Kush de Barney&#039;s Farm: la \u00cdndica definitiva con sabor a hach\u00eds y caf\u00e9. Potencia relajante y gran producci\u00f3n. \u00a1Consigue tus semillas ahora!\" \/>\n<meta name=\"robots\" content=\"index, follow, max-snippet:-1, max-image-preview:large, max-video-preview:-1\" \/>\n<link rel=\"canonical\" href=\"https:\/\/bluedoggenetics.com\/en\/product\/feminised\/bubba-kush\/\" \/>\n<meta property=\"og:locale\" content=\"en_GB\" \/>\n<meta property=\"og:type\" content=\"article\" \/>\n<meta property=\"og:title\" content=\"Bubba Kush de Barney&#039;s Farm - BLUEDOG GENETICS Seeds\" \/>\n<meta property=\"og:description\" content=\"Cultiva Bubba Kush de Barney&#039;s Farm: la \u00cdndica definitiva con sabor a hach\u00eds y caf\u00e9. Potencia relajante y gran producci\u00f3n. \u00a1Consigue tus semillas ahora!\" \/>\n<meta property=\"og:url\" content=\"https:\/\/bluedoggenetics.com\/en\/product\/feminised\/bubba-kush\/\" \/>\n<meta property=\"og:site_name\" content=\"BLUEDOG GENETICS Seeds\" \/>\n<meta property=\"article:modified_time\" content=\"2026-05-06T12:57:23+00:00\" \/>\n<meta property=\"og:image\" content=\"https:\/\/bluedoggenetics.com\/wp-content\/uploads\/2026\/03\/bubba-kush_circle_new_21_126710.webp\" \/>\n\t<meta property=\"og:image:width\" content=\"475\" \/>\n\t<meta property=\"og:image:height\" content=\"570\" \/>\n\t<meta property=\"og:image:type\" content=\"image\/webp\" \/>\n<meta name=\"twitter:card\" content=\"summary_large_image\" \/>\n<meta name=\"twitter:label1\" content=\"Estimated reading time\" \/>\n\t<meta name=\"twitter:data1\" content=\"3 minutes\" \/>\n<script type=\"application\/ld+json\" class=\"yoast-schema-graph\">{\"@context\":\"https:\/\/schema.org\",\"@graph\":[{\"@type\":[\"WebPage\",\"ItemPage\"],\"@id\":\"https:\/\/bluedoggenetics.com\/producto\/feminizadas\/bubba-kush\/\",\"url\":\"https:\/\/bluedoggenetics.com\/producto\/feminizadas\/bubba-kush\/\",\"name\":\"Bubba Kush de Barney's Farm - BLUEDOG GENETICS Seeds\",\"isPartOf\":{\"@id\":\"https:\/\/bluedoggenetics.com\/de\/#website\"},\"primaryImageOfPage\":{\"@id\":\"https:\/\/bluedoggenetics.com\/producto\/feminizadas\/bubba-kush\/#primaryimage\"},\"image\":{\"@id\":\"https:\/\/bluedoggenetics.com\/producto\/feminizadas\/bubba-kush\/#primaryimage\"},\"thumbnailUrl\":\"https:\/\/bluedoggenetics.com\/wp-content\/uploads\/2026\/03\/bubba-kush_circle_new_21_126710.webp\",\"datePublished\":\"2026-03-29T15:53:19+00:00\",\"dateModified\":\"2026-05-06T12:57:23+00:00\",\"description\":\"Cultiva Bubba Kush de Barney's Farm: la \u00cdndica definitiva con sabor a hach\u00eds y caf\u00e9. Potencia relajante y gran producci\u00f3n. \u00a1Consigue tus semillas ahora!\",\"breadcrumb\":{\"@id\":\"https:\/\/bluedoggenetics.com\/producto\/feminizadas\/bubba-kush\/#breadcrumb\"},\"inLanguage\":\"en-GB\",\"potentialAction\":[{\"@type\":\"ReadAction\",\"target\":[\"https:\/\/bluedoggenetics.com\/producto\/feminizadas\/bubba-kush\/\"]}]},{\"@type\":\"ImageObject\",\"inLanguage\":\"en-GB\",\"@id\":\"https:\/\/bluedoggenetics.com\/producto\/feminizadas\/bubba-kush\/#primaryimage\",\"url\":\"https:\/\/bluedoggenetics.com\/wp-content\/uploads\/2026\/03\/bubba-kush_circle_new_21_126710.webp\",\"contentUrl\":\"https:\/\/bluedoggenetics.com\/wp-content\/uploads\/2026\/03\/bubba-kush_circle_new_21_126710.webp\",\"width\":475,\"height\":570,\"caption\":\"Bubba Kush de Barnye's Farm\"},{\"@type\":\"BreadcrumbList\",\"@id\":\"https:\/\/bluedoggenetics.com\/producto\/feminizadas\/bubba-kush\/#breadcrumb\",\"itemListElement\":[{\"@type\":\"ListItem\",\"position\":1,\"name\":\"Portada\",\"item\":\"https:\/\/bluedoggenetics.com\/\"},{\"@type\":\"ListItem\",\"position\":2,\"name\":\"Tienda\",\"item\":\"https:\/\/bluedoggenetics.com\/fr\/tienda\/\"},{\"@type\":\"ListItem\",\"position\":3,\"name\":\"Bubba Kush\"}]},{\"@type\":\"WebSite\",\"@id\":\"https:\/\/bluedoggenetics.com\/de\/#website\",\"url\":\"https:\/\/bluedoggenetics.com\/de\/\",\"name\":\"BLUEDOG GENETICS Seeds\",\"description\":\"Compara y compra las mejores semillas de cannabis. Feminizadas, Autoflorecientes, CBD.\",\"publisher\":{\"@id\":\"https:\/\/bluedoggenetics.com\/de\/#organization\"},\"alternateName\":\"BLUEDOG GENETICS\",\"potentialAction\":[{\"@type\":\"SearchAction\",\"target\":{\"@type\":\"EntryPoint\",\"urlTemplate\":\"https:\/\/bluedoggenetics.com\/de\/?s={search_term_string}\"},\"query-input\":{\"@type\":\"PropertyValueSpecification\",\"valueRequired\":true,\"valueName\":\"search_term_string\"}}],\"inLanguage\":\"en-GB\"},{\"@type\":\"Organization\",\"@id\":\"https:\/\/bluedoggenetics.com\/de\/#organization\",\"name\":\"BLUEDOG GENETICS\",\"url\":\"https:\/\/bluedoggenetics.com\/de\/\",\"logo\":{\"@type\":\"ImageObject\",\"inLanguage\":\"en-GB\",\"@id\":\"https:\/\/bluedoggenetics.com\/de\/#\/schema\/logo\/image\/\",\"url\":\"https:\/\/bluedoggenetics.com\/wp-content\/uploads\/2024\/11\/appIcon.png\",\"contentUrl\":\"https:\/\/bluedoggenetics.com\/wp-content\/uploads\/2024\/11\/appIcon.png\",\"width\":1024,\"height\":1024,\"caption\":\"BLUEDOG GENETICS\"},\"image\":{\"@id\":\"https:\/\/bluedoggenetics.com\/de\/#\/schema\/logo\/image\/\"},\"sameAs\":[\"https:\/\/www.instagram.com\/bluedog.genetics\/\"]}]}<\/script>\n<!-- \/ Yoast SEO plugin. -->","yoast_head_json":{"title":"Bubba Kush by Barney's Farm - BLUEDOG GENETICS Seeds","description":"Grow Bubba Kush from Barney's Farm: the definitive Indica with hashish and coffee flavor. Relaxing power and great production. Get your seeds now!","robots":{"index":"index","follow":"follow","max-snippet":"max-snippet:-1","max-image-preview":"max-image-preview:large","max-video-preview":"max-video-preview:-1"},"canonical":"https:\/\/bluedoggenetics.com\/en\/product\/feminised\/bubba-kush\/","og_locale":"en_GB","og_type":"article","og_title":"Bubba Kush de Barney's Farm - BLUEDOG GENETICS Seeds","og_description":"Cultiva Bubba Kush de Barney's Farm: la \u00cdndica definitiva con sabor a hach\u00eds y caf\u00e9. Potencia relajante y gran producci\u00f3n. \u00a1Consigue tus semillas ahora!","og_url":"https:\/\/bluedoggenetics.com\/en\/product\/feminised\/bubba-kush\/","og_site_name":"BLUEDOG GENETICS Seeds","article_modified_time":"2026-05-06T12:57:23+00:00","og_image":[{"width":475,"height":570,"url":"https:\/\/bluedoggenetics.com\/wp-content\/uploads\/2026\/03\/bubba-kush_circle_new_21_126710.webp","type":"image\/webp"}],"twitter_card":"summary_large_image","twitter_misc":{"Estimated reading time":"3 minutes"},"schema":{"@context":"https:\/\/schema.org","@graph":[{"@type":["WebPage","ItemPage"],"@id":"https:\/\/bluedoggenetics.com\/producto\/feminizadas\/bubba-kush\/","url":"https:\/\/bluedoggenetics.com\/producto\/feminizadas\/bubba-kush\/","name":"Bubba Kush by Barney's Farm - BLUEDOG GENETICS Seeds","isPartOf":{"@id":"https:\/\/bluedoggenetics.com\/de\/#website"},"primaryImageOfPage":{"@id":"https:\/\/bluedoggenetics.com\/producto\/feminizadas\/bubba-kush\/#primaryimage"},"image":{"@id":"https:\/\/bluedoggenetics.com\/producto\/feminizadas\/bubba-kush\/#primaryimage"},"thumbnailUrl":"https:\/\/bluedoggenetics.com\/wp-content\/uploads\/2026\/03\/bubba-kush_circle_new_21_126710.webp","datePublished":"2026-03-29T15:53:19+00:00","dateModified":"2026-05-06T12:57:23+00:00","description":"Grow Bubba Kush from Barney's Farm: the definitive Indica with hashish and coffee flavor. Relaxing power and great production. Get your seeds now!","breadcrumb":{"@id":"https:\/\/bluedoggenetics.com\/producto\/feminizadas\/bubba-kush\/#breadcrumb"},"inLanguage":"en-GB","potentialAction":[{"@type":"ReadAction","target":["https:\/\/bluedoggenetics.com\/producto\/feminizadas\/bubba-kush\/"]}]},{"@type":"ImageObject","inLanguage":"en-GB","@id":"https:\/\/bluedoggenetics.com\/producto\/feminizadas\/bubba-kush\/#primaryimage","url":"https:\/\/bluedoggenetics.com\/wp-content\/uploads\/2026\/03\/bubba-kush_circle_new_21_126710.webp","contentUrl":"https:\/\/bluedoggenetics.com\/wp-content\/uploads\/2026\/03\/bubba-kush_circle_new_21_126710.webp","width":475,"height":570,"caption":"Bubba Kush de Barnye's Farm"},{"@type":"BreadcrumbList","@id":"https:\/\/bluedoggenetics.com\/producto\/feminizadas\/bubba-kush\/#breadcrumb","itemListElement":[{"@type":"ListItem","position":1,"name":"Portada","item":"https:\/\/bluedoggenetics.com\/"},{"@type":"ListItem","position":2,"name":"Tienda","item":"https:\/\/bluedoggenetics.com\/fr\/tienda\/"},{"@type":"ListItem","position":3,"name":"Bubba Kush"}]},{"@type":"WebSite","@id":"https:\/\/bluedoggenetics.com\/de\/#website","url":"https:\/\/bluedoggenetics.com\/de\/","name":"BLUEDOG GENETICS Seeds","description":"Compare and buy the best cannabis seeds. Feminised, Autoflowering, CBD.","publisher":{"@id":"https:\/\/bluedoggenetics.com\/de\/#organization"},"alternateName":"BLUEDOG GENETICS","potentialAction":[{"@type":"SearchAction","target":{"@type":"EntryPoint","urlTemplate":"https:\/\/bluedoggenetics.com\/de\/?s={search_term_string}"},"query-input":{"@type":"PropertyValueSpecification","valueRequired":true,"valueName":"search_term_string"}}],"inLanguage":"en-GB"},{"@type":"Organization","@id":"https:\/\/bluedoggenetics.com\/de\/#organization","name":"BLUEDOG GENETICS","url":"https:\/\/bluedoggenetics.com\/de\/","logo":{"@type":"ImageObject","inLanguage":"en-GB","@id":"https:\/\/bluedoggenetics.com\/de\/#\/schema\/logo\/image\/","url":"https:\/\/bluedoggenetics.com\/wp-content\/uploads\/2024\/11\/appIcon.png","contentUrl":"https:\/\/bluedoggenetics.com\/wp-content\/uploads\/2024\/11\/appIcon.png","width":1024,"height":1024,"caption":"BLUEDOG GENETICS"},"image":{"@id":"https:\/\/bluedoggenetics.com\/de\/#\/schema\/logo\/image\/"},"sameAs":["https:\/\/www.instagram.com\/bluedog.genetics\/"]}]}},"sticker_url":"https:\/\/bluedoggenetics.com\/wp-content\/uploads\/2026\/03\/barneys-farm.webp","variations_full":[{"id":4545,"price":12,"regular_price":12,"attributes":{"attribute_pa_cantidad":"pack-1"},"image_src":"https:\/\/bluedoggenetics.com\/wp-content\/uploads\/2026\/03\/bubba-kush_circle_new_21_126710.webp","is_in_stock":true},{"id":4546,"price":32,"regular_price":32,"attributes":{"attribute_pa_cantidad":"pack-3"},"image_src":"https:\/\/bluedoggenetics.com\/wp-content\/uploads\/2026\/03\/bubba-kush_circle_new_21_126710.webp","is_in_stock":true},{"id":4547,"price":48,"regular_price":48,"attributes":{"attribute_pa_cantidad":"pack-5"},"image_src":"https:\/\/bluedoggenetics.com\/wp-content\/uploads\/2026\/03\/bubba-kush_circle_new_21_126710.webp","is_in_stock":true},{"id":4548,"price":85,"regular_price":85,"attributes":{"attribute_pa_cantidad":"pack-10"},"image_src":"https:\/\/bluedoggenetics.com\/wp-content\/uploads\/2026\/03\/bubba-kush_circle_new_21_126710.webp","is_in_stock":true}],"jetpack_sharing_enabled":true,"_links":{"self":[{"href":"https:\/\/bluedoggenetics.com\/en\/wp-json\/wp\/v2\/product\/4527","targetHints":{"allow":["GET"]}}],"collection":[{"href":"https:\/\/bluedoggenetics.com\/en\/wp-json\/wp\/v2\/product"}],"about":[{"href":"https:\/\/bluedoggenetics.com\/en\/wp-json\/wp\/v2\/types\/product"}],"wp:featuredmedia":[{"embeddable":true,"href":"https:\/\/bluedoggenetics.com\/en\/wp-json\/wp\/v2\/media\/3476"}],"wp:attachment":[{"href":"https:\/\/bluedoggenetics.com\/en\/wp-json\/wp\/v2\/media?parent=4527"}],"wp:term":[{"taxonomy":"product_brand","embeddable":true,"href":"https:\/\/bluedoggenetics.com\/en\/wp-json\/wp\/v2\/product_brand?post=4527"},{"taxonomy":"product_cat","embeddable":true,"href":"https:\/\/bluedoggenetics.com\/en\/wp-json\/wp\/v2\/product_cat?post=4527"},{"taxonomy":"product_tag","embeddable":true,"href":"https:\/\/bluedoggenetics.com\/en\/wp-json\/wp\/v2\/product_tag?post=4527"}],"curies":[{"name":"wp","href":"https:\/\/api.w.org\/{rel}","templated":true}]}}