{"id":4293,"date":"2026-03-29T17:52:08","date_gmt":"2026-03-29T15:52:08","guid":{"rendered":"https:\/\/bluedoggenetics.com\/?post_type=product&#038;p=4293"},"modified":"2026-05-06T14:56:28","modified_gmt":"2026-05-06T12:56:28","slug":"zkittlez-og-auto","status":"publish","type":"product","link":"https:\/\/bluedoggenetics.com\/en\/product\/seeds\/autoflowering\/zkittlez-og-auto\/","title":{"rendered":"Zkittlez OG Auto"},"content":{"rendered":"<p>The seeds of <strong>Zkittlez OG Auto<\/strong> They break any prejudice about the performance of autoflowering genetics. Developing with amazing hybrid vigor from day one, it completes its entire cycle from seed to harvest in a range of 70 to 75 days. Thanks to its impressive production capacity, which can touch and exceed 600 grams per square meter indoors, this botanical gem has swept sales and popularity among commercial growers and individuals in markets as competitive as Germany, France, the United States and Spain.<\/p>\n<p>The effect of the Zkittlez OG Auto is a true modern marvel. Due to its excellent genetic balance (50% indica \/ 50% sativa), it offers an intoxicating and powerful initial brain stimulation, which encourages creativity, sociability and focus. As time passes, the OG Kush heritage takes over to settle your body into a state of deep, calming physical relaxation, which wonderfully helps to undo muscle knots and mitigate mental stress.<\/p>\n<p><b>Flower appearance.<\/b> The flower clusters are a spectacle. Voluminous, heavy buds with a robust structure, decorated with vibrant orange hairs and, occasionally, pink or purple hues. The highlight is its extraordinary and shiny layer of trichomes brimming with resin, responsible for that explosive aroma of tropical fruit candy with the classic pine background of OG genetics.<\/p>\n<p><b>Plant Morphology.<\/b> During its development it exhibits an incredibly strong and robust morphology, inheriting the classic structure of OG Kush . It grows much larger than other autos, reaching heights ranging from 100 to 130 cm, developing an enormous internodal distance and long lateral branches that are filled to the brim with heavy frosty flowers.<\/p>\n<h3><b>Growing Tips<\/b><\/h3>\n<ul>\n<li><strong>What is the ideal climate to grow Zkittlez OG Auto ?<\/strong>\n<p>It is a robust strain and resistant to most pests and fungi, feeling most comfortable under direct sun in dry, warm and typically Mediterranean climates.<\/li>\n<li><strong>What training techniques work best with Zkittlez OG Auto ?<\/strong>\n<p>Due to its size and great vigor in lateral branches, tying and gently guiding its branches (LST) is very beneficial to form a uniform canopy and maximize the penetration of light from the spotlight.<\/li>\n<li><strong>What type of fertilization does Zkittlez OG Auto need?<\/strong>\n<p>This genetics metabolizes large amounts of nutrients during flowering. Providing a good root stimulator in its first weeks and fattening rich in organic PK in the final stage will multiply the weight and sweetness of the harvest.<\/li>\n<li><strong>How should irrigation and humidity be for Zkittlez OG Auto ?<\/strong>\n<p>As a large car, its root system is demanding; Water abundantly but always respecting dry cycles between watering so that the root expands. Maintain humidity around 40-45% at the end of cultivation.<\/li>\n<li><strong>Is it necessary to prune the Zkittlez OG Auto plant?<\/strong>\n<p>To avoid stress problems, avoid top pruning at all costs. Once flowering has started, you can carry out a light and very measured shade removal if the canopy is excessively dense.<\/li>\n<\/ul>","protected":false},"excerpt":{"rendered":"<p><strong>Zkittlez OG Auto<\/strong> It is a true champion in the world of autoflowering strains. This 50\/50 hybrid, the result of crossing Zkittlez , OG Kush and BF Super Auto, provides astonishing THC levels and a cascade of fruity terpenes that evoke candy and exotic fruits. It promises very high yields and effects with a perfect balance between deep physical relaxation and a happy and creative state of mental alertness.<\/p>","protected":false},"featured_media":3559,"template":"","meta":{"_acf_changed":false,"inline_featured_image":false,"_wp_applaud_exclude":false},"product_brand":[192],"product_cat":[21],"product_tag":[],"class_list":{"0":"post-4293","1":"product","2":"type-product","3":"status-publish","4":"has-post-thumbnail","6":"product_brand-barneys-farm","7":"product_cat-autoflorecientes","8":"pa_altura-exterior-120-150","9":"pa_altura-interior-90-120","10":"pa_beneficios-terapeuticos-alivio-de-ansiedad","11":"pa_beneficios-terapeuticos-alivio-del-dolor","12":"pa_cantidad-pack-1","13":"pa_cantidad-pack-10","14":"pa_cantidad-pack-3","15":"pa_cantidad-pack-5","16":"pa_clima-calido","17":"pa_cosecha-exterior-550-650","18":"pa_cosecha-interior-550-650","19":"pa_efectos-destacables-activo","20":"pa_efectos-destacables-creativo","21":"pa_efectos-destacables-euforico","22":"pa_efectos-destacables-relajado","23":"pa_floracion-10-11","24":"pa_genetica-50-50","25":"pa_olor-intenso","26":"pa_sabores-y-olores-afrutado","27":"pa_sabores-y-olores-bayas","28":"pa_sabores-y-olores-dulce","29":"pa_sabores-y-olores-floral","30":"pa_sabores-y-olores-tropical","31":"pa_thc-20-26","32":"pa_variedad-autofloreciente","33":"pa_variedad-hibrida","35":"first","36":"instock","37":"taxable","38":"shipping-taxable","39":"purchasable","40":"product-type-variable"},"acf":{"sticker":"https:\/\/bluedoggenetics.com\/wp-content\/uploads\/2026\/03\/barneys-farm.webp","family_tree":""},"yoast_head":"<!-- This site is optimized with the Yoast SEO plugin v26.5 - https:\/\/yoast.com\/wordpress\/plugins\/seo\/ -->\n<title>Zkittlez OG Auto - BLUEDOG GENETICS Seeds<\/title>\n<meta name=\"description\" content=\"Zkittlez OG Auto de Barney&#039;s Farm: el h\u00edbrido con 20% de THC y aroma a caramelo de frutas y Kush. Ciclo r\u00e1pido y gran producci\u00f3n. \u00a1Compra tus semillas ahora!\" \/>\n<meta name=\"robots\" content=\"index, follow, max-snippet:-1, max-image-preview:large, max-video-preview:-1\" \/>\n<link rel=\"canonical\" href=\"https:\/\/bluedoggenetics.com\/en\/product\/autoflowering\/zkittlez-og-auto\/\" \/>\n<meta property=\"og:locale\" content=\"en_GB\" \/>\n<meta property=\"og:type\" content=\"article\" \/>\n<meta property=\"og:title\" content=\"Zkittlez OG Auto - BLUEDOG GENETICS Seeds\" \/>\n<meta property=\"og:description\" content=\"Zkittlez OG Auto de Barney&#039;s Farm: el h\u00edbrido con 20% de THC y aroma a caramelo de frutas y Kush. Ciclo r\u00e1pido y gran producci\u00f3n. \u00a1Compra tus semillas ahora!\" \/>\n<meta property=\"og:url\" content=\"https:\/\/bluedoggenetics.com\/en\/product\/autoflowering\/zkittlez-og-auto\/\" \/>\n<meta property=\"og:site_name\" content=\"BLUEDOG GENETICS Seeds\" \/>\n<meta property=\"article:modified_time\" content=\"2026-05-06T12:56:28+00:00\" \/>\n<meta property=\"og:image\" content=\"https:\/\/bluedoggenetics.com\/wp-content\/uploads\/2026\/03\/zkittlez-og-auto_circle_new_21_125352.webp\" \/>\n\t<meta property=\"og:image:width\" content=\"475\" \/>\n\t<meta property=\"og:image:height\" content=\"570\" \/>\n\t<meta property=\"og:image:type\" content=\"image\/webp\" \/>\n<meta name=\"twitter:card\" content=\"summary_large_image\" \/>\n<meta name=\"twitter:label1\" content=\"Estimated reading time\" \/>\n\t<meta name=\"twitter:data1\" content=\"3 minutes\" \/>\n<script type=\"application\/ld+json\" class=\"yoast-schema-graph\">{\"@context\":\"https:\/\/schema.org\",\"@graph\":[{\"@type\":[\"WebPage\",\"ItemPage\"],\"@id\":\"https:\/\/bluedoggenetics.com\/producto\/autoflorecientes\/zkittlez-og-auto\/\",\"url\":\"https:\/\/bluedoggenetics.com\/producto\/autoflorecientes\/zkittlez-og-auto\/\",\"name\":\"Zkittlez OG Auto - BLUEDOG GENETICS Seeds\",\"isPartOf\":{\"@id\":\"https:\/\/bluedoggenetics.com\/de\/#website\"},\"primaryImageOfPage\":{\"@id\":\"https:\/\/bluedoggenetics.com\/producto\/autoflorecientes\/zkittlez-og-auto\/#primaryimage\"},\"image\":{\"@id\":\"https:\/\/bluedoggenetics.com\/producto\/autoflorecientes\/zkittlez-og-auto\/#primaryimage\"},\"thumbnailUrl\":\"https:\/\/bluedoggenetics.com\/wp-content\/uploads\/2026\/03\/zkittlez-og-auto_circle_new_21_125352.webp\",\"datePublished\":\"2026-03-29T15:52:08+00:00\",\"dateModified\":\"2026-05-06T12:56:28+00:00\",\"description\":\"Zkittlez OG Auto de Barney's Farm: el h\u00edbrido con 20% de THC y aroma a caramelo de frutas y Kush. Ciclo r\u00e1pido y gran producci\u00f3n. \u00a1Compra tus semillas ahora!\",\"breadcrumb\":{\"@id\":\"https:\/\/bluedoggenetics.com\/producto\/autoflorecientes\/zkittlez-og-auto\/#breadcrumb\"},\"inLanguage\":\"en-GB\",\"potentialAction\":[{\"@type\":\"ReadAction\",\"target\":[\"https:\/\/bluedoggenetics.com\/producto\/autoflorecientes\/zkittlez-og-auto\/\"]}]},{\"@type\":\"ImageObject\",\"inLanguage\":\"en-GB\",\"@id\":\"https:\/\/bluedoggenetics.com\/producto\/autoflorecientes\/zkittlez-og-auto\/#primaryimage\",\"url\":\"https:\/\/bluedoggenetics.com\/wp-content\/uploads\/2026\/03\/zkittlez-og-auto_circle_new_21_125352.webp\",\"contentUrl\":\"https:\/\/bluedoggenetics.com\/wp-content\/uploads\/2026\/03\/zkittlez-og-auto_circle_new_21_125352.webp\",\"width\":475,\"height\":570,\"caption\":\"zKITTLEZ og de Barney's Farm\"},{\"@type\":\"BreadcrumbList\",\"@id\":\"https:\/\/bluedoggenetics.com\/producto\/autoflorecientes\/zkittlez-og-auto\/#breadcrumb\",\"itemListElement\":[{\"@type\":\"ListItem\",\"position\":1,\"name\":\"Portada\",\"item\":\"https:\/\/bluedoggenetics.com\/\"},{\"@type\":\"ListItem\",\"position\":2,\"name\":\"Tienda\",\"item\":\"https:\/\/bluedoggenetics.com\/fr\/tienda\/\"},{\"@type\":\"ListItem\",\"position\":3,\"name\":\"Zkittlez OG Auto\"}]},{\"@type\":\"WebSite\",\"@id\":\"https:\/\/bluedoggenetics.com\/de\/#website\",\"url\":\"https:\/\/bluedoggenetics.com\/de\/\",\"name\":\"BLUEDOG GENETICS Seeds\",\"description\":\"Compara y compra las mejores semillas de cannabis. Feminizadas, Autoflorecientes, CBD.\",\"publisher\":{\"@id\":\"https:\/\/bluedoggenetics.com\/de\/#organization\"},\"alternateName\":\"BLUEDOG GENETICS\",\"potentialAction\":[{\"@type\":\"SearchAction\",\"target\":{\"@type\":\"EntryPoint\",\"urlTemplate\":\"https:\/\/bluedoggenetics.com\/de\/?s={search_term_string}\"},\"query-input\":{\"@type\":\"PropertyValueSpecification\",\"valueRequired\":true,\"valueName\":\"search_term_string\"}}],\"inLanguage\":\"en-GB\"},{\"@type\":\"Organization\",\"@id\":\"https:\/\/bluedoggenetics.com\/de\/#organization\",\"name\":\"BLUEDOG GENETICS\",\"url\":\"https:\/\/bluedoggenetics.com\/de\/\",\"logo\":{\"@type\":\"ImageObject\",\"inLanguage\":\"en-GB\",\"@id\":\"https:\/\/bluedoggenetics.com\/de\/#\/schema\/logo\/image\/\",\"url\":\"https:\/\/bluedoggenetics.com\/wp-content\/uploads\/2024\/11\/appIcon.png\",\"contentUrl\":\"https:\/\/bluedoggenetics.com\/wp-content\/uploads\/2024\/11\/appIcon.png\",\"width\":1024,\"height\":1024,\"caption\":\"BLUEDOG GENETICS\"},\"image\":{\"@id\":\"https:\/\/bluedoggenetics.com\/de\/#\/schema\/logo\/image\/\"},\"sameAs\":[\"https:\/\/www.instagram.com\/bluedog.genetics\/\"]}]}<\/script>\n<!-- \/ Yoast SEO plugin. -->","yoast_head_json":{"title":"Zkittlez OG Auto - BLUEDOG GENETICS Seeds","description":"Zkittlez OG Auto by Barney's Farm: the hybrid with 20% THC and fruit candy and Kush aroma. Fast cycle and large production. Buy your seeds now!","robots":{"index":"index","follow":"follow","max-snippet":"max-snippet:-1","max-image-preview":"max-image-preview:large","max-video-preview":"max-video-preview:-1"},"canonical":"https:\/\/bluedoggenetics.com\/en\/product\/autoflowering\/zkittlez-og-auto\/","og_locale":"en_GB","og_type":"article","og_title":"Zkittlez OG Auto - BLUEDOG GENETICS Seeds","og_description":"Zkittlez OG Auto de Barney's Farm: el h\u00edbrido con 20% de THC y aroma a caramelo de frutas y Kush. Ciclo r\u00e1pido y gran producci\u00f3n. \u00a1Compra tus semillas ahora!","og_url":"https:\/\/bluedoggenetics.com\/en\/product\/autoflowering\/zkittlez-og-auto\/","og_site_name":"BLUEDOG GENETICS Seeds","article_modified_time":"2026-05-06T12:56:28+00:00","og_image":[{"width":475,"height":570,"url":"https:\/\/bluedoggenetics.com\/wp-content\/uploads\/2026\/03\/zkittlez-og-auto_circle_new_21_125352.webp","type":"image\/webp"}],"twitter_card":"summary_large_image","twitter_misc":{"Estimated reading time":"3 minutes"},"schema":{"@context":"https:\/\/schema.org","@graph":[{"@type":["WebPage","ItemPage"],"@id":"https:\/\/bluedoggenetics.com\/producto\/autoflorecientes\/zkittlez-og-auto\/","url":"https:\/\/bluedoggenetics.com\/producto\/autoflorecientes\/zkittlez-og-auto\/","name":"Zkittlez OG Auto - BLUEDOG GENETICS Seeds","isPartOf":{"@id":"https:\/\/bluedoggenetics.com\/de\/#website"},"primaryImageOfPage":{"@id":"https:\/\/bluedoggenetics.com\/producto\/autoflorecientes\/zkittlez-og-auto\/#primaryimage"},"image":{"@id":"https:\/\/bluedoggenetics.com\/producto\/autoflorecientes\/zkittlez-og-auto\/#primaryimage"},"thumbnailUrl":"https:\/\/bluedoggenetics.com\/wp-content\/uploads\/2026\/03\/zkittlez-og-auto_circle_new_21_125352.webp","datePublished":"2026-03-29T15:52:08+00:00","dateModified":"2026-05-06T12:56:28+00:00","description":"Zkittlez OG Auto by Barney's Farm: the hybrid with 20% THC and fruit candy and Kush aroma. Fast cycle and large production. Buy your seeds now!","breadcrumb":{"@id":"https:\/\/bluedoggenetics.com\/producto\/autoflorecientes\/zkittlez-og-auto\/#breadcrumb"},"inLanguage":"en-GB","potentialAction":[{"@type":"ReadAction","target":["https:\/\/bluedoggenetics.com\/producto\/autoflorecientes\/zkittlez-og-auto\/"]}]},{"@type":"ImageObject","inLanguage":"en-GB","@id":"https:\/\/bluedoggenetics.com\/producto\/autoflorecientes\/zkittlez-og-auto\/#primaryimage","url":"https:\/\/bluedoggenetics.com\/wp-content\/uploads\/2026\/03\/zkittlez-og-auto_circle_new_21_125352.webp","contentUrl":"https:\/\/bluedoggenetics.com\/wp-content\/uploads\/2026\/03\/zkittlez-og-auto_circle_new_21_125352.webp","width":475,"height":570,"caption":"zKITTLEZ og de Barney's Farm"},{"@type":"BreadcrumbList","@id":"https:\/\/bluedoggenetics.com\/producto\/autoflorecientes\/zkittlez-og-auto\/#breadcrumb","itemListElement":[{"@type":"ListItem","position":1,"name":"Portada","item":"https:\/\/bluedoggenetics.com\/"},{"@type":"ListItem","position":2,"name":"Tienda","item":"https:\/\/bluedoggenetics.com\/fr\/tienda\/"},{"@type":"ListItem","position":3,"name":"Zkittlez OG Auto"}]},{"@type":"WebSite","@id":"https:\/\/bluedoggenetics.com\/de\/#website","url":"https:\/\/bluedoggenetics.com\/de\/","name":"BLUEDOG GENETICS Seeds","description":"Compare and buy the best cannabis seeds. Feminised, Autoflowering, CBD.","publisher":{"@id":"https:\/\/bluedoggenetics.com\/de\/#organization"},"alternateName":"BLUEDOG GENETICS","potentialAction":[{"@type":"SearchAction","target":{"@type":"EntryPoint","urlTemplate":"https:\/\/bluedoggenetics.com\/de\/?s={search_term_string}"},"query-input":{"@type":"PropertyValueSpecification","valueRequired":true,"valueName":"search_term_string"}}],"inLanguage":"en-GB"},{"@type":"Organization","@id":"https:\/\/bluedoggenetics.com\/de\/#organization","name":"BLUEDOG GENETICS","url":"https:\/\/bluedoggenetics.com\/de\/","logo":{"@type":"ImageObject","inLanguage":"en-GB","@id":"https:\/\/bluedoggenetics.com\/de\/#\/schema\/logo\/image\/","url":"https:\/\/bluedoggenetics.com\/wp-content\/uploads\/2024\/11\/appIcon.png","contentUrl":"https:\/\/bluedoggenetics.com\/wp-content\/uploads\/2024\/11\/appIcon.png","width":1024,"height":1024,"caption":"BLUEDOG GENETICS"},"image":{"@id":"https:\/\/bluedoggenetics.com\/de\/#\/schema\/logo\/image\/"},"sameAs":["https:\/\/www.instagram.com\/bluedog.genetics\/"]}]}},"sticker_url":"https:\/\/bluedoggenetics.com\/wp-content\/uploads\/2026\/03\/barneys-farm.webp","variations_full":[{"id":4302,"price":11,"regular_price":11,"attributes":{"attribute_pa_cantidad":"pack-1"},"image_src":"https:\/\/bluedoggenetics.com\/wp-content\/uploads\/2026\/03\/zkittlez-og-auto_circle_new_21_125352.webp","is_in_stock":true},{"id":4303,"price":28,"regular_price":28,"attributes":{"attribute_pa_cantidad":"pack-3"},"image_src":"https:\/\/bluedoggenetics.com\/wp-content\/uploads\/2026\/03\/zkittlez-og-auto_circle_new_21_125352.webp","is_in_stock":true},{"id":4304,"price":42,"regular_price":42,"attributes":{"attribute_pa_cantidad":"pack-5"},"image_src":"https:\/\/bluedoggenetics.com\/wp-content\/uploads\/2026\/03\/zkittlez-og-auto_circle_new_21_125352.webp","is_in_stock":true},{"id":4305,"price":80,"regular_price":80,"attributes":{"attribute_pa_cantidad":"pack-10"},"image_src":"https:\/\/bluedoggenetics.com\/wp-content\/uploads\/2026\/03\/zkittlez-og-auto_circle_new_21_125352.webp","is_in_stock":true}],"jetpack_sharing_enabled":true,"_links":{"self":[{"href":"https:\/\/bluedoggenetics.com\/en\/wp-json\/wp\/v2\/product\/4293","targetHints":{"allow":["GET"]}}],"collection":[{"href":"https:\/\/bluedoggenetics.com\/en\/wp-json\/wp\/v2\/product"}],"about":[{"href":"https:\/\/bluedoggenetics.com\/en\/wp-json\/wp\/v2\/types\/product"}],"wp:featuredmedia":[{"embeddable":true,"href":"https:\/\/bluedoggenetics.com\/en\/wp-json\/wp\/v2\/media\/3559"}],"wp:attachment":[{"href":"https:\/\/bluedoggenetics.com\/en\/wp-json\/wp\/v2\/media?parent=4293"}],"wp:term":[{"taxonomy":"product_brand","embeddable":true,"href":"https:\/\/bluedoggenetics.com\/en\/wp-json\/wp\/v2\/product_brand?post=4293"},{"taxonomy":"product_cat","embeddable":true,"href":"https:\/\/bluedoggenetics.com\/en\/wp-json\/wp\/v2\/product_cat?post=4293"},{"taxonomy":"product_tag","embeddable":true,"href":"https:\/\/bluedoggenetics.com\/en\/wp-json\/wp\/v2\/product_tag?post=4293"}],"curies":[{"name":"wp","href":"https:\/\/api.w.org\/{rel}","templated":true}]}}