{"id":4292,"date":"2026-03-29T17:52:08","date_gmt":"2026-03-29T15:52:08","guid":{"rendered":"https:\/\/bluedoggenetics.com\/?post_type=product&#038;p=4292"},"modified":"2026-05-06T14:56:28","modified_gmt":"2026-05-06T12:56:28","slug":"purple-punch-auto","status":"publish","type":"product","link":"https:\/\/bluedoggenetics.com\/en\/product\/seeds\/autoflowering\/purple-punch-auto\/","title":{"rendered":"Purple Punch Auto"},"content":{"rendered":"<p>Marijuana seeds <strong>Purple Punch Auto<\/strong> They are a must-have addition for enthusiasts of the tastiest American genetics looking for uncomplicated speed and endurance. From seed to harvest, this botanical wonder takes only 50 to 60 days, one of the fastest and most explosive cycles on the market. Its extreme reliability, together with its dazzling profile of fruity and sweet terpenes, have positioned it as one of the best-selling and commercially grown autoflowering strains in Germany, France, the United States and Spain, producing yields of up to 400g\/m2.<\/p>\n<p>If you're wondering about its effect, Purple Punch Auto is a direct ticket to total relaxation. The &#8216;high&#8217; It is markedly physical and deeply sedating; It relaxes tense muscles almost instantly and envelops the mind in a warm, happy and very calm haze. It is, without a doubt, the ideal genetics to disconnect at the end of a long day, drastically reduce stress and fall asleep.<\/p>\n<p><b>Flower appearance.<\/b> Visually, it is a dazzling gem. The buds are dense, extremely resinous and acquire, during the last flowering stage, beautiful and intense purple, purple and reddish tones. The contrast between the dark calyxes, the orange pistils and the thick white layer of trichomes gives the flower a &#8216;bag appeal&#8217; gourmet quality.<\/p>\n<p><b>Plant Morphology.<\/b> It is an autoflowering plant with a very contained, squat and extremely discreet structure, which rarely exceeds 80 centimeters in height indoors. Despite its small size, it is surprisingly productive thanks to the development of a prominent and heavy central stem, surrounded by several vigorous lateral branches that support the weight well.<\/p>\n<h3><b>Growing Tips<\/b><\/h3>\n<ul>\n<li><strong>What is the ideal climate to grow Purple Punch Auto ?<\/strong>\n<p>This variety enjoys temperate and warm climates; However, it will thank and reward the grower with its more vibrant purple tones if it experiences a slight and controlled drop in night temperatures at the end of the crop.<\/li>\n<li><strong>What training techniques work best with Purple Punch Auto ?<\/strong>\n<p>Due to its extreme speed and short vegetative cycle, drastic pruning is not recommended. A slight LST (Low Stress Training) to match the canopy is enough to maximize your light exposure.<\/li>\n<li><strong>What type of fertilization does Purple Punch Auto need?<\/strong>\n<p>Responds very well to organic nutrition plans. Avoid saturating the substrate with nitrogen and focus on applying a good flowering enhancer rich in sugars to get the most out of its blueberry pie flavor.<\/li>\n<li><strong>How should irrigation and humidity be for Purple Punch Auto ?<\/strong>\n<p>Maintain a moderate irrigation regime, allowing for cycles of dryness in the roots. Due to the extreme density and hardness of its purple buds, it is essential to maintain relative humidity below 45% during the ripening stage.<\/li>\n<li><strong>Is it necessary to prune the Purple Punch Auto plant?<\/strong>\n<p>Aggressive pruning of branches (Lollipopping) is not recommended in such fast autoflowering plants, but you can remove or eliminate any lower leaves that are blocking the light from the main buds.<\/li>\n<\/ul>","protected":false},"excerpt":{"rendered":"<p><strong>Purple Punch Auto<\/strong> is a spectacular autoflowering variety created from the crossing of Purple Punch and BF Super Auto #1. With unmistakable Indica lineage (80%), this strain is famous for its short life cycle and amazing flavors of baked apple pie, blueberries and cherries. With a THC content of around 18-20%, it ensures pure relaxation and a hypnotic and colorful crop.<\/p>","protected":false},"featured_media":3555,"template":"","meta":{"_acf_changed":false,"inline_featured_image":false,"_wp_applaud_exclude":false},"product_brand":[192],"product_cat":[21],"product_tag":[],"class_list":{"0":"post-4292","1":"product","2":"type-product","3":"status-publish","4":"has-post-thumbnail","6":"product_brand-barneys-farm","7":"product_cat-autoflorecientes","8":"pa_altura-exterior-90-120","9":"pa_altura-interior-90-120","10":"pa_beneficios-terapeuticos-alivio-de-ansiedad","11":"pa_beneficios-terapeuticos-alivio-del-dolor","12":"pa_beneficios-terapeuticos-ayuda-para-dormir","13":"pa_cantidad-pack-1","14":"pa_cantidad-pack-10","15":"pa_cantidad-pack-3","16":"pa_cantidad-pack-5","17":"pa_clima-templado","18":"pa_cosecha-exterior-350-450","19":"pa_cosecha-interior-350-450","20":"pa_efectos-destacables-adormecido","21":"pa_efectos-destacables-relajado","22":"pa_floracion-8-9","23":"pa_genetica-80-20","24":"pa_olor-intenso","25":"pa_sabores-y-olores-bayas","26":"pa_sabores-y-olores-dulce","27":"pa_sabores-y-olores-uva","28":"pa_thc-18-20","29":"pa_variedad-autofloreciente","30":"pa_variedad-indica","31":"pa_variedad-mayormente-indica","33":"first","34":"instock","35":"taxable","36":"shipping-taxable","37":"purchasable","38":"product-type-variable"},"acf":{"sticker":"https:\/\/bluedoggenetics.com\/wp-content\/uploads\/2026\/03\/barneys-farm.webp","family_tree":""},"yoast_head":"<!-- This site is optimized with the Yoast SEO plugin v26.5 - https:\/\/yoast.com\/wordpress\/plugins\/seo\/ -->\n<title>Purple Punch Auto de Barney&#039;s Farm - BLUEDOG GENETICS Seeds<\/title>\n<meta name=\"description\" content=\"Purple Punch Auto de Barney&#039;s Farm: el h\u00edbrido con 18% de THC y aroma a tarta de ar\u00e1ndanos. Ciclo de 60 d\u00edas y gran producci\u00f3n. \u00a1Compra tus semillas ahora!\" \/>\n<meta name=\"robots\" content=\"index, follow, max-snippet:-1, max-image-preview:large, max-video-preview:-1\" \/>\n<link rel=\"canonical\" href=\"https:\/\/bluedoggenetics.com\/en\/product\/autoflowering\/purple-punch-auto\/\" \/>\n<meta property=\"og:locale\" content=\"en_GB\" \/>\n<meta property=\"og:type\" content=\"article\" \/>\n<meta property=\"og:title\" content=\"Purple Punch Auto de Barney&#039;s Farm - BLUEDOG GENETICS Seeds\" \/>\n<meta property=\"og:description\" content=\"Purple Punch Auto de Barney&#039;s Farm: el h\u00edbrido con 18% de THC y aroma a tarta de ar\u00e1ndanos. Ciclo de 60 d\u00edas y gran producci\u00f3n. \u00a1Compra tus semillas ahora!\" \/>\n<meta property=\"og:url\" content=\"https:\/\/bluedoggenetics.com\/en\/product\/autoflowering\/purple-punch-auto\/\" \/>\n<meta property=\"og:site_name\" content=\"BLUEDOG GENETICS Seeds\" \/>\n<meta property=\"article:modified_time\" content=\"2026-05-06T12:56:28+00:00\" \/>\n<meta property=\"og:image\" content=\"https:\/\/bluedoggenetics.com\/wp-content\/uploads\/2026\/03\/purple-punch-auto_circle_new_21_125053.webp\" \/>\n\t<meta property=\"og:image:width\" content=\"475\" \/>\n\t<meta property=\"og:image:height\" content=\"570\" \/>\n\t<meta property=\"og:image:type\" content=\"image\/webp\" \/>\n<meta name=\"twitter:card\" content=\"summary_large_image\" \/>\n<meta name=\"twitter:label1\" content=\"Estimated reading time\" \/>\n\t<meta name=\"twitter:data1\" content=\"3 minutes\" \/>\n<script type=\"application\/ld+json\" class=\"yoast-schema-graph\">{\"@context\":\"https:\/\/schema.org\",\"@graph\":[{\"@type\":[\"WebPage\",\"ItemPage\"],\"@id\":\"https:\/\/bluedoggenetics.com\/producto\/autoflorecientes\/purple-punch-auto\/\",\"url\":\"https:\/\/bluedoggenetics.com\/producto\/autoflorecientes\/purple-punch-auto\/\",\"name\":\"Purple Punch Auto de Barney's Farm - BLUEDOG GENETICS Seeds\",\"isPartOf\":{\"@id\":\"https:\/\/bluedoggenetics.com\/de\/#website\"},\"primaryImageOfPage\":{\"@id\":\"https:\/\/bluedoggenetics.com\/producto\/autoflorecientes\/purple-punch-auto\/#primaryimage\"},\"image\":{\"@id\":\"https:\/\/bluedoggenetics.com\/producto\/autoflorecientes\/purple-punch-auto\/#primaryimage\"},\"thumbnailUrl\":\"https:\/\/bluedoggenetics.com\/wp-content\/uploads\/2026\/03\/purple-punch-auto_circle_new_21_125053.webp\",\"datePublished\":\"2026-03-29T15:52:08+00:00\",\"dateModified\":\"2026-05-06T12:56:28+00:00\",\"description\":\"Purple Punch Auto de Barney's Farm: el h\u00edbrido con 18% de THC y aroma a tarta de ar\u00e1ndanos. Ciclo de 60 d\u00edas y gran producci\u00f3n. \u00a1Compra tus semillas ahora!\",\"breadcrumb\":{\"@id\":\"https:\/\/bluedoggenetics.com\/producto\/autoflorecientes\/purple-punch-auto\/#breadcrumb\"},\"inLanguage\":\"en-GB\",\"potentialAction\":[{\"@type\":\"ReadAction\",\"target\":[\"https:\/\/bluedoggenetics.com\/producto\/autoflorecientes\/purple-punch-auto\/\"]}]},{\"@type\":\"ImageObject\",\"inLanguage\":\"en-GB\",\"@id\":\"https:\/\/bluedoggenetics.com\/producto\/autoflorecientes\/purple-punch-auto\/#primaryimage\",\"url\":\"https:\/\/bluedoggenetics.com\/wp-content\/uploads\/2026\/03\/purple-punch-auto_circle_new_21_125053.webp\",\"contentUrl\":\"https:\/\/bluedoggenetics.com\/wp-content\/uploads\/2026\/03\/purple-punch-auto_circle_new_21_125053.webp\",\"width\":475,\"height\":570,\"caption\":\"Purple Punch Auto de Barney's Farm\"},{\"@type\":\"BreadcrumbList\",\"@id\":\"https:\/\/bluedoggenetics.com\/producto\/autoflorecientes\/purple-punch-auto\/#breadcrumb\",\"itemListElement\":[{\"@type\":\"ListItem\",\"position\":1,\"name\":\"Portada\",\"item\":\"https:\/\/bluedoggenetics.com\/\"},{\"@type\":\"ListItem\",\"position\":2,\"name\":\"Tienda\",\"item\":\"https:\/\/bluedoggenetics.com\/fr\/tienda\/\"},{\"@type\":\"ListItem\",\"position\":3,\"name\":\"Purple Punch Auto\"}]},{\"@type\":\"WebSite\",\"@id\":\"https:\/\/bluedoggenetics.com\/de\/#website\",\"url\":\"https:\/\/bluedoggenetics.com\/de\/\",\"name\":\"BLUEDOG GENETICS Seeds\",\"description\":\"Compara y compra las mejores semillas de cannabis. Feminizadas, Autoflorecientes, CBD.\",\"publisher\":{\"@id\":\"https:\/\/bluedoggenetics.com\/de\/#organization\"},\"alternateName\":\"BLUEDOG GENETICS\",\"potentialAction\":[{\"@type\":\"SearchAction\",\"target\":{\"@type\":\"EntryPoint\",\"urlTemplate\":\"https:\/\/bluedoggenetics.com\/de\/?s={search_term_string}\"},\"query-input\":{\"@type\":\"PropertyValueSpecification\",\"valueRequired\":true,\"valueName\":\"search_term_string\"}}],\"inLanguage\":\"en-GB\"},{\"@type\":\"Organization\",\"@id\":\"https:\/\/bluedoggenetics.com\/de\/#organization\",\"name\":\"BLUEDOG GENETICS\",\"url\":\"https:\/\/bluedoggenetics.com\/de\/\",\"logo\":{\"@type\":\"ImageObject\",\"inLanguage\":\"en-GB\",\"@id\":\"https:\/\/bluedoggenetics.com\/de\/#\/schema\/logo\/image\/\",\"url\":\"https:\/\/bluedoggenetics.com\/wp-content\/uploads\/2024\/11\/appIcon.png\",\"contentUrl\":\"https:\/\/bluedoggenetics.com\/wp-content\/uploads\/2024\/11\/appIcon.png\",\"width\":1024,\"height\":1024,\"caption\":\"BLUEDOG GENETICS\"},\"image\":{\"@id\":\"https:\/\/bluedoggenetics.com\/de\/#\/schema\/logo\/image\/\"},\"sameAs\":[\"https:\/\/www.instagram.com\/bluedog.genetics\/\"]}]}<\/script>\n<!-- \/ Yoast SEO plugin. -->","yoast_head_json":{"title":"Purple Punch Auto by Barney's Farm - BLUEDOG GENETICS Seeds","description":"Purple Punch Auto from Barney's Farm: the hybrid with 18% THC and blueberry pie aroma. 60 day cycle and great production. Buy your seeds now!","robots":{"index":"index","follow":"follow","max-snippet":"max-snippet:-1","max-image-preview":"max-image-preview:large","max-video-preview":"max-video-preview:-1"},"canonical":"https:\/\/bluedoggenetics.com\/en\/product\/autoflowering\/purple-punch-auto\/","og_locale":"en_GB","og_type":"article","og_title":"Purple Punch Auto de Barney's Farm - BLUEDOG GENETICS Seeds","og_description":"Purple Punch Auto de Barney's Farm: el h\u00edbrido con 18% de THC y aroma a tarta de ar\u00e1ndanos. Ciclo de 60 d\u00edas y gran producci\u00f3n. \u00a1Compra tus semillas ahora!","og_url":"https:\/\/bluedoggenetics.com\/en\/product\/autoflowering\/purple-punch-auto\/","og_site_name":"BLUEDOG GENETICS Seeds","article_modified_time":"2026-05-06T12:56:28+00:00","og_image":[{"width":475,"height":570,"url":"https:\/\/bluedoggenetics.com\/wp-content\/uploads\/2026\/03\/purple-punch-auto_circle_new_21_125053.webp","type":"image\/webp"}],"twitter_card":"summary_large_image","twitter_misc":{"Estimated reading time":"3 minutes"},"schema":{"@context":"https:\/\/schema.org","@graph":[{"@type":["WebPage","ItemPage"],"@id":"https:\/\/bluedoggenetics.com\/producto\/autoflorecientes\/purple-punch-auto\/","url":"https:\/\/bluedoggenetics.com\/producto\/autoflorecientes\/purple-punch-auto\/","name":"Purple Punch Auto by Barney's Farm - BLUEDOG GENETICS Seeds","isPartOf":{"@id":"https:\/\/bluedoggenetics.com\/de\/#website"},"primaryImageOfPage":{"@id":"https:\/\/bluedoggenetics.com\/producto\/autoflorecientes\/purple-punch-auto\/#primaryimage"},"image":{"@id":"https:\/\/bluedoggenetics.com\/producto\/autoflorecientes\/purple-punch-auto\/#primaryimage"},"thumbnailUrl":"https:\/\/bluedoggenetics.com\/wp-content\/uploads\/2026\/03\/purple-punch-auto_circle_new_21_125053.webp","datePublished":"2026-03-29T15:52:08+00:00","dateModified":"2026-05-06T12:56:28+00:00","description":"Purple Punch Auto from Barney's Farm: the hybrid with 18% THC and blueberry pie aroma. 60 day cycle and great production. Buy your seeds now!","breadcrumb":{"@id":"https:\/\/bluedoggenetics.com\/producto\/autoflorecientes\/purple-punch-auto\/#breadcrumb"},"inLanguage":"en-GB","potentialAction":[{"@type":"ReadAction","target":["https:\/\/bluedoggenetics.com\/producto\/autoflorecientes\/purple-punch-auto\/"]}]},{"@type":"ImageObject","inLanguage":"en-GB","@id":"https:\/\/bluedoggenetics.com\/producto\/autoflorecientes\/purple-punch-auto\/#primaryimage","url":"https:\/\/bluedoggenetics.com\/wp-content\/uploads\/2026\/03\/purple-punch-auto_circle_new_21_125053.webp","contentUrl":"https:\/\/bluedoggenetics.com\/wp-content\/uploads\/2026\/03\/purple-punch-auto_circle_new_21_125053.webp","width":475,"height":570,"caption":"Purple Punch Auto de Barney's Farm"},{"@type":"BreadcrumbList","@id":"https:\/\/bluedoggenetics.com\/producto\/autoflorecientes\/purple-punch-auto\/#breadcrumb","itemListElement":[{"@type":"ListItem","position":1,"name":"Portada","item":"https:\/\/bluedoggenetics.com\/"},{"@type":"ListItem","position":2,"name":"Tienda","item":"https:\/\/bluedoggenetics.com\/fr\/tienda\/"},{"@type":"ListItem","position":3,"name":"Purple Punch Auto"}]},{"@type":"WebSite","@id":"https:\/\/bluedoggenetics.com\/de\/#website","url":"https:\/\/bluedoggenetics.com\/de\/","name":"BLUEDOG GENETICS Seeds","description":"Compare and buy the best cannabis seeds. Feminised, Autoflowering, CBD.","publisher":{"@id":"https:\/\/bluedoggenetics.com\/de\/#organization"},"alternateName":"BLUEDOG GENETICS","potentialAction":[{"@type":"SearchAction","target":{"@type":"EntryPoint","urlTemplate":"https:\/\/bluedoggenetics.com\/de\/?s={search_term_string}"},"query-input":{"@type":"PropertyValueSpecification","valueRequired":true,"valueName":"search_term_string"}}],"inLanguage":"en-GB"},{"@type":"Organization","@id":"https:\/\/bluedoggenetics.com\/de\/#organization","name":"BLUEDOG GENETICS","url":"https:\/\/bluedoggenetics.com\/de\/","logo":{"@type":"ImageObject","inLanguage":"en-GB","@id":"https:\/\/bluedoggenetics.com\/de\/#\/schema\/logo\/image\/","url":"https:\/\/bluedoggenetics.com\/wp-content\/uploads\/2024\/11\/appIcon.png","contentUrl":"https:\/\/bluedoggenetics.com\/wp-content\/uploads\/2024\/11\/appIcon.png","width":1024,"height":1024,"caption":"BLUEDOG GENETICS"},"image":{"@id":"https:\/\/bluedoggenetics.com\/de\/#\/schema\/logo\/image\/"},"sameAs":["https:\/\/www.instagram.com\/bluedog.genetics\/"]}]}},"sticker_url":"https:\/\/bluedoggenetics.com\/wp-content\/uploads\/2026\/03\/barneys-farm.webp","variations_full":[{"id":4298,"price":11,"regular_price":11,"attributes":{"attribute_pa_cantidad":"pack-1"},"image_src":"https:\/\/bluedoggenetics.com\/wp-content\/uploads\/2026\/03\/purple-punch-auto_circle_new_21_125053.webp","is_in_stock":true},{"id":4299,"price":28,"regular_price":28,"attributes":{"attribute_pa_cantidad":"pack-3"},"image_src":"https:\/\/bluedoggenetics.com\/wp-content\/uploads\/2026\/03\/purple-punch-auto_circle_new_21_125053.webp","is_in_stock":true},{"id":4300,"price":42,"regular_price":42,"attributes":{"attribute_pa_cantidad":"pack-5"},"image_src":"https:\/\/bluedoggenetics.com\/wp-content\/uploads\/2026\/03\/purple-punch-auto_circle_new_21_125053.webp","is_in_stock":true},{"id":4301,"price":80,"regular_price":80,"attributes":{"attribute_pa_cantidad":"pack-10"},"image_src":"https:\/\/bluedoggenetics.com\/wp-content\/uploads\/2026\/03\/purple-punch-auto_circle_new_21_125053.webp","is_in_stock":true}],"jetpack_sharing_enabled":true,"_links":{"self":[{"href":"https:\/\/bluedoggenetics.com\/en\/wp-json\/wp\/v2\/product\/4292","targetHints":{"allow":["GET"]}}],"collection":[{"href":"https:\/\/bluedoggenetics.com\/en\/wp-json\/wp\/v2\/product"}],"about":[{"href":"https:\/\/bluedoggenetics.com\/en\/wp-json\/wp\/v2\/types\/product"}],"wp:featuredmedia":[{"embeddable":true,"href":"https:\/\/bluedoggenetics.com\/en\/wp-json\/wp\/v2\/media\/3555"}],"wp:attachment":[{"href":"https:\/\/bluedoggenetics.com\/en\/wp-json\/wp\/v2\/media?parent=4292"}],"wp:term":[{"taxonomy":"product_brand","embeddable":true,"href":"https:\/\/bluedoggenetics.com\/en\/wp-json\/wp\/v2\/product_brand?post=4292"},{"taxonomy":"product_cat","embeddable":true,"href":"https:\/\/bluedoggenetics.com\/en\/wp-json\/wp\/v2\/product_cat?post=4292"},{"taxonomy":"product_tag","embeddable":true,"href":"https:\/\/bluedoggenetics.com\/en\/wp-json\/wp\/v2\/product_tag?post=4292"}],"curies":[{"name":"wp","href":"https:\/\/api.w.org\/{rel}","templated":true}]}}