{"id":4291,"date":"2026-03-29T17:52:07","date_gmt":"2026-03-29T15:52:07","guid":{"rendered":"https:\/\/bluedoggenetics.com\/?post_type=product&#038;p=4291"},"modified":"2026-05-06T14:56:28","modified_gmt":"2026-05-06T12:56:28","slug":"pineapple-express-auto","status":"publish","type":"product","link":"https:\/\/bluedoggenetics.com\/en\/product\/seeds\/autoflowering\/pineapple-express-auto\/","title":{"rendered":"Pineapple Express Auto"},"content":{"rendered":"<p>With the seeds of <strong>Pineapple Express Auto<\/strong> You will discover how easy and fast it can be to harvest marijuana of the highest quality. This wonderful autoflowering strain is ready to be cut in a complete life cycle of just 60 to 65 days from seed germination. This speed has made it a resounding bestseller in Germany, France, the United States and Spain, where both expert and beginner growers value its amazing ability to offer yields of up to 600 gr\/m2 indoors, completely challenging the stigma of low-production autoflowering strains.<\/p>\n<p>At the effect level, Pineapple Express Auto provides an exceptionally pleasant and therapeutic experience. The initial impact is gently cerebral and cheerful, perfect for eliminating anxiety and everyday stress, gradually giving way to a feeling of deep physical calm and muscular relaxation that does not become a &#8216;knockout&#8217; absolute, allowing you to enjoy quiet afternoons or a good movie on the sofa.<\/p>\n<p><b>Flower appearance.<\/b> The buds of this auto strain are truly a botanical work of art. They have a compact structure and an amazing calyx-leaf ratio that greatly facilitates the task of manicuring. Its flowers, a vibrant light green with golden sparkles, are wrapped in a thick and sticky layer of crystalline resin, giving off an intoxicating smell that fills any space.<\/p>\n<p><b>Plant Morphology.<\/b> During its accelerated development, the plant maintains an eminently indica morphology: it is very squat, strong, compact and does not usually exceed 100-110 cm in height. This makes it incredibly discreet and ideal for balconies, urban terraces or small indoor growing tents, where it develops an impressive dominant central stem and loaded lateral branches.<\/p>\n<h3><b>Growing Tips<\/b><\/h3>\n<ul>\n<li><strong>What is the ideal climate to grow Pineapple Express Auto ?<\/strong>\n<p>Thanks to its ruderalis heritage, Pineapple Express Auto tolerates thermal fluctuations quite well, but will offer its best and most abundant yields under the constant heat of sunny, Mediterranean climates.<\/li>\n<li><strong>What training techniques work best with Pineapple Express Auto ?<\/strong>\n<p>As it is a fast autoflowering genetic, it is recommended to avoid aggressive, high-stress pruning (such as apical pruning or FIM) that can slow down its cycle; instead, a light LST to open your structure is the best option.<\/li>\n<li><strong>What type of fertilization does Pineapple Express Auto need?<\/strong>\n<p>Like most autos, it prefers a gentler feeding regimen. It is advisable to start with low doses of fertilizer and increase progressively, paying attention to the contribution of phosphorus and potassium when entering flowering.<\/li>\n<li><strong>How should irrigation and humidity be for Pineapple Express Auto ?<\/strong>\n<p>Its roots need oxygenation for explosive growth. Apply light and frequent watering, avoiding at all costs waterlogging the substrate, especially in its first three weeks of life. Keep humidity below 50% during flowering.<\/li>\n<li><strong>Is it necessary to prune the Pineapple Express Auto plant?<\/strong>\n<p>Instead of pruning branches, you can apply a very light and careful defoliation of those larger fan leaves that are directly shading the lower buds in their mid-flowering stage.<\/li>\n<\/ul>","protected":false},"excerpt":{"rendered":"<p><strong>Pineapple Express Auto<\/strong> from Barney's Farm is an amazing autoflowering genetic that retains all the flavor and vigor of the photodependent version. A cross between Pineapple Express and Super Auto of indica dominance (70%) that reaches excellent THC levels, exceeding 14-20%. Its sweet flavor of pineapple and tropical fruits makes it an irresistible candy for any grower looking for speed, premium flavor and super relaxing effects in a compact format.<\/p>","protected":false},"featured_media":3553,"template":"","meta":{"_acf_changed":false,"inline_featured_image":false,"_wp_applaud_exclude":false},"product_brand":[192],"product_cat":[21],"product_tag":[],"class_list":{"0":"post-4291","1":"product","2":"type-product","3":"status-publish","4":"has-post-thumbnail","6":"product_brand-barneys-farm","7":"product_cat-autoflorecientes","8":"pa_altura-exterior-90-120","9":"pa_altura-interior-90-120","10":"pa_beneficios-terapeuticos-alivio-de-ansiedad","11":"pa_beneficios-terapeuticos-alivio-del-dolor","12":"pa_cantidad-pack-1","13":"pa_cantidad-pack-10","14":"pa_cantidad-pack-3","15":"pa_cantidad-pack-5","16":"pa_clima-calido","17":"pa_cosecha-exterior-550-650","18":"pa_cosecha-interior-550-650","19":"pa_efectos-destacables-alegre","20":"pa_efectos-destacables-relajado","21":"pa_floracion-8-9","22":"pa_genetica-70-30","23":"pa_olor-intenso","24":"pa_sabores-y-olores-afrutado","25":"pa_sabores-y-olores-dulce","26":"pa_sabores-y-olores-pina","27":"pa_sabores-y-olores-tropical","28":"pa_thc-14-20","29":"pa_variedad-autofloreciente","30":"pa_variedad-indica","31":"pa_variedad-mayormente-indica","33":"first","34":"instock","35":"taxable","36":"shipping-taxable","37":"purchasable","38":"product-type-variable"},"acf":{"sticker":"https:\/\/bluedoggenetics.com\/wp-content\/uploads\/2026\/03\/barneys-farm.webp","family_tree":""},"yoast_head":"<!-- This site is optimized with the Yoast SEO plugin v26.5 - https:\/\/yoast.com\/wordpress\/plugins\/seo\/ -->\n<title>Pineapple Express Auto - BLUEDOG GENETICS Seeds<\/title>\n<meta name=\"description\" content=\"Pineapple Express de Barney&#039;s Farm: el h\u00edbrido Sativa con 21% de THC y aroma a pi\u00f1a tropical. Gran producci\u00f3n y efecto creativo. \u00a1Compra tus semillas ahora!\" \/>\n<meta name=\"robots\" content=\"index, follow, max-snippet:-1, max-image-preview:large, max-video-preview:-1\" \/>\n<link rel=\"canonical\" href=\"https:\/\/bluedoggenetics.com\/en\/product\/autoflowering\/pineapple-express-auto\/\" \/>\n<meta property=\"og:locale\" content=\"en_GB\" \/>\n<meta property=\"og:type\" content=\"article\" \/>\n<meta property=\"og:title\" content=\"Pineapple Express Auto - BLUEDOG GENETICS Seeds\" \/>\n<meta property=\"og:description\" content=\"Pineapple Express de Barney&#039;s Farm: el h\u00edbrido Sativa con 21% de THC y aroma a pi\u00f1a tropical. Gran producci\u00f3n y efecto creativo. \u00a1Compra tus semillas ahora!\" \/>\n<meta property=\"og:url\" content=\"https:\/\/bluedoggenetics.com\/en\/product\/autoflowering\/pineapple-express-auto\/\" \/>\n<meta property=\"og:site_name\" content=\"BLUEDOG GENETICS Seeds\" \/>\n<meta property=\"article:modified_time\" content=\"2026-05-06T12:56:28+00:00\" \/>\n<meta property=\"og:image\" content=\"https:\/\/bluedoggenetics.com\/wp-content\/uploads\/2026\/03\/pineapple-express-auto_circle_new_21_125024.webp\" \/>\n\t<meta property=\"og:image:width\" content=\"475\" \/>\n\t<meta property=\"og:image:height\" content=\"570\" \/>\n\t<meta property=\"og:image:type\" content=\"image\/webp\" \/>\n<meta name=\"twitter:card\" content=\"summary_large_image\" \/>\n<meta name=\"twitter:label1\" content=\"Estimated reading time\" \/>\n\t<meta name=\"twitter:data1\" content=\"3 minutes\" \/>\n<script type=\"application\/ld+json\" class=\"yoast-schema-graph\">{\"@context\":\"https:\/\/schema.org\",\"@graph\":[{\"@type\":[\"WebPage\",\"ItemPage\"],\"@id\":\"https:\/\/bluedoggenetics.com\/producto\/autoflorecientes\/pineapple-express-auto\/\",\"url\":\"https:\/\/bluedoggenetics.com\/producto\/autoflorecientes\/pineapple-express-auto\/\",\"name\":\"Pineapple Express Auto - BLUEDOG GENETICS Seeds\",\"isPartOf\":{\"@id\":\"https:\/\/bluedoggenetics.com\/de\/#website\"},\"primaryImageOfPage\":{\"@id\":\"https:\/\/bluedoggenetics.com\/producto\/autoflorecientes\/pineapple-express-auto\/#primaryimage\"},\"image\":{\"@id\":\"https:\/\/bluedoggenetics.com\/producto\/autoflorecientes\/pineapple-express-auto\/#primaryimage\"},\"thumbnailUrl\":\"https:\/\/bluedoggenetics.com\/wp-content\/uploads\/2026\/03\/pineapple-express-auto_circle_new_21_125024.webp\",\"datePublished\":\"2026-03-29T15:52:07+00:00\",\"dateModified\":\"2026-05-06T12:56:28+00:00\",\"description\":\"Pineapple Express de Barney's Farm: el h\u00edbrido Sativa con 21% de THC y aroma a pi\u00f1a tropical. Gran producci\u00f3n y efecto creativo. \u00a1Compra tus semillas ahora!\",\"breadcrumb\":{\"@id\":\"https:\/\/bluedoggenetics.com\/producto\/autoflorecientes\/pineapple-express-auto\/#breadcrumb\"},\"inLanguage\":\"en-GB\",\"potentialAction\":[{\"@type\":\"ReadAction\",\"target\":[\"https:\/\/bluedoggenetics.com\/producto\/autoflorecientes\/pineapple-express-auto\/\"]}]},{\"@type\":\"ImageObject\",\"inLanguage\":\"en-GB\",\"@id\":\"https:\/\/bluedoggenetics.com\/producto\/autoflorecientes\/pineapple-express-auto\/#primaryimage\",\"url\":\"https:\/\/bluedoggenetics.com\/wp-content\/uploads\/2026\/03\/pineapple-express-auto_circle_new_21_125024.webp\",\"contentUrl\":\"https:\/\/bluedoggenetics.com\/wp-content\/uploads\/2026\/03\/pineapple-express-auto_circle_new_21_125024.webp\",\"width\":475,\"height\":570,\"caption\":\"Pineapple Express Auto de Barney's Farm\"},{\"@type\":\"BreadcrumbList\",\"@id\":\"https:\/\/bluedoggenetics.com\/producto\/autoflorecientes\/pineapple-express-auto\/#breadcrumb\",\"itemListElement\":[{\"@type\":\"ListItem\",\"position\":1,\"name\":\"Portada\",\"item\":\"https:\/\/bluedoggenetics.com\/\"},{\"@type\":\"ListItem\",\"position\":2,\"name\":\"Tienda\",\"item\":\"https:\/\/bluedoggenetics.com\/fr\/tienda\/\"},{\"@type\":\"ListItem\",\"position\":3,\"name\":\"Pineapple Express Auto\"}]},{\"@type\":\"WebSite\",\"@id\":\"https:\/\/bluedoggenetics.com\/de\/#website\",\"url\":\"https:\/\/bluedoggenetics.com\/de\/\",\"name\":\"BLUEDOG GENETICS Seeds\",\"description\":\"Compara y compra las mejores semillas de cannabis. Feminizadas, Autoflorecientes, CBD.\",\"publisher\":{\"@id\":\"https:\/\/bluedoggenetics.com\/de\/#organization\"},\"alternateName\":\"BLUEDOG GENETICS\",\"potentialAction\":[{\"@type\":\"SearchAction\",\"target\":{\"@type\":\"EntryPoint\",\"urlTemplate\":\"https:\/\/bluedoggenetics.com\/de\/?s={search_term_string}\"},\"query-input\":{\"@type\":\"PropertyValueSpecification\",\"valueRequired\":true,\"valueName\":\"search_term_string\"}}],\"inLanguage\":\"en-GB\"},{\"@type\":\"Organization\",\"@id\":\"https:\/\/bluedoggenetics.com\/de\/#organization\",\"name\":\"BLUEDOG GENETICS\",\"url\":\"https:\/\/bluedoggenetics.com\/de\/\",\"logo\":{\"@type\":\"ImageObject\",\"inLanguage\":\"en-GB\",\"@id\":\"https:\/\/bluedoggenetics.com\/de\/#\/schema\/logo\/image\/\",\"url\":\"https:\/\/bluedoggenetics.com\/wp-content\/uploads\/2024\/11\/appIcon.png\",\"contentUrl\":\"https:\/\/bluedoggenetics.com\/wp-content\/uploads\/2024\/11\/appIcon.png\",\"width\":1024,\"height\":1024,\"caption\":\"BLUEDOG GENETICS\"},\"image\":{\"@id\":\"https:\/\/bluedoggenetics.com\/de\/#\/schema\/logo\/image\/\"},\"sameAs\":[\"https:\/\/www.instagram.com\/bluedog.genetics\/\"]}]}<\/script>\n<!-- \/ Yoast SEO plugin. -->","yoast_head_json":{"title":"Pineapple Express Auto - BLUEDOG GENETICS Seeds","description":"Pineapple Express by Barney's Farm: the Sativa hybrid with 21% THC and tropical pineapple aroma. Great production and creative effect. Buy your seeds now!","robots":{"index":"index","follow":"follow","max-snippet":"max-snippet:-1","max-image-preview":"max-image-preview:large","max-video-preview":"max-video-preview:-1"},"canonical":"https:\/\/bluedoggenetics.com\/en\/product\/autoflowering\/pineapple-express-auto\/","og_locale":"en_GB","og_type":"article","og_title":"Pineapple Express Auto - BLUEDOG GENETICS Seeds","og_description":"Pineapple Express de Barney's Farm: el h\u00edbrido Sativa con 21% de THC y aroma a pi\u00f1a tropical. Gran producci\u00f3n y efecto creativo. \u00a1Compra tus semillas ahora!","og_url":"https:\/\/bluedoggenetics.com\/en\/product\/autoflowering\/pineapple-express-auto\/","og_site_name":"BLUEDOG GENETICS Seeds","article_modified_time":"2026-05-06T12:56:28+00:00","og_image":[{"width":475,"height":570,"url":"https:\/\/bluedoggenetics.com\/wp-content\/uploads\/2026\/03\/pineapple-express-auto_circle_new_21_125024.webp","type":"image\/webp"}],"twitter_card":"summary_large_image","twitter_misc":{"Estimated reading time":"3 minutes"},"schema":{"@context":"https:\/\/schema.org","@graph":[{"@type":["WebPage","ItemPage"],"@id":"https:\/\/bluedoggenetics.com\/producto\/autoflorecientes\/pineapple-express-auto\/","url":"https:\/\/bluedoggenetics.com\/producto\/autoflorecientes\/pineapple-express-auto\/","name":"Pineapple Express Auto - BLUEDOG GENETICS Seeds","isPartOf":{"@id":"https:\/\/bluedoggenetics.com\/de\/#website"},"primaryImageOfPage":{"@id":"https:\/\/bluedoggenetics.com\/producto\/autoflorecientes\/pineapple-express-auto\/#primaryimage"},"image":{"@id":"https:\/\/bluedoggenetics.com\/producto\/autoflorecientes\/pineapple-express-auto\/#primaryimage"},"thumbnailUrl":"https:\/\/bluedoggenetics.com\/wp-content\/uploads\/2026\/03\/pineapple-express-auto_circle_new_21_125024.webp","datePublished":"2026-03-29T15:52:07+00:00","dateModified":"2026-05-06T12:56:28+00:00","description":"Pineapple Express by Barney's Farm: the Sativa hybrid with 21% THC and tropical pineapple aroma. Great production and creative effect. Buy your seeds now!","breadcrumb":{"@id":"https:\/\/bluedoggenetics.com\/producto\/autoflorecientes\/pineapple-express-auto\/#breadcrumb"},"inLanguage":"en-GB","potentialAction":[{"@type":"ReadAction","target":["https:\/\/bluedoggenetics.com\/producto\/autoflorecientes\/pineapple-express-auto\/"]}]},{"@type":"ImageObject","inLanguage":"en-GB","@id":"https:\/\/bluedoggenetics.com\/producto\/autoflorecientes\/pineapple-express-auto\/#primaryimage","url":"https:\/\/bluedoggenetics.com\/wp-content\/uploads\/2026\/03\/pineapple-express-auto_circle_new_21_125024.webp","contentUrl":"https:\/\/bluedoggenetics.com\/wp-content\/uploads\/2026\/03\/pineapple-express-auto_circle_new_21_125024.webp","width":475,"height":570,"caption":"Pineapple Express Auto de Barney's Farm"},{"@type":"BreadcrumbList","@id":"https:\/\/bluedoggenetics.com\/producto\/autoflorecientes\/pineapple-express-auto\/#breadcrumb","itemListElement":[{"@type":"ListItem","position":1,"name":"Portada","item":"https:\/\/bluedoggenetics.com\/"},{"@type":"ListItem","position":2,"name":"Tienda","item":"https:\/\/bluedoggenetics.com\/fr\/tienda\/"},{"@type":"ListItem","position":3,"name":"Pineapple Express Auto"}]},{"@type":"WebSite","@id":"https:\/\/bluedoggenetics.com\/de\/#website","url":"https:\/\/bluedoggenetics.com\/de\/","name":"BLUEDOG GENETICS Seeds","description":"Compare and buy the best cannabis seeds. Feminised, Autoflowering, CBD.","publisher":{"@id":"https:\/\/bluedoggenetics.com\/de\/#organization"},"alternateName":"BLUEDOG GENETICS","potentialAction":[{"@type":"SearchAction","target":{"@type":"EntryPoint","urlTemplate":"https:\/\/bluedoggenetics.com\/de\/?s={search_term_string}"},"query-input":{"@type":"PropertyValueSpecification","valueRequired":true,"valueName":"search_term_string"}}],"inLanguage":"en-GB"},{"@type":"Organization","@id":"https:\/\/bluedoggenetics.com\/de\/#organization","name":"BLUEDOG GENETICS","url":"https:\/\/bluedoggenetics.com\/de\/","logo":{"@type":"ImageObject","inLanguage":"en-GB","@id":"https:\/\/bluedoggenetics.com\/de\/#\/schema\/logo\/image\/","url":"https:\/\/bluedoggenetics.com\/wp-content\/uploads\/2024\/11\/appIcon.png","contentUrl":"https:\/\/bluedoggenetics.com\/wp-content\/uploads\/2024\/11\/appIcon.png","width":1024,"height":1024,"caption":"BLUEDOG GENETICS"},"image":{"@id":"https:\/\/bluedoggenetics.com\/de\/#\/schema\/logo\/image\/"},"sameAs":["https:\/\/www.instagram.com\/bluedog.genetics\/"]}]}},"sticker_url":"https:\/\/bluedoggenetics.com\/wp-content\/uploads\/2026\/03\/barneys-farm.webp","variations_full":[{"id":4294,"price":11,"regular_price":11,"attributes":{"attribute_pa_cantidad":"pack-1"},"image_src":"https:\/\/bluedoggenetics.com\/wp-content\/uploads\/2026\/03\/pineapple-express-auto_circle_new_21_125024.webp","is_in_stock":true},{"id":4295,"price":28,"regular_price":28,"attributes":{"attribute_pa_cantidad":"pack-3"},"image_src":"https:\/\/bluedoggenetics.com\/wp-content\/uploads\/2026\/03\/pineapple-express-auto_circle_new_21_125024.webp","is_in_stock":true},{"id":4296,"price":42,"regular_price":42,"attributes":{"attribute_pa_cantidad":"pack-5"},"image_src":"https:\/\/bluedoggenetics.com\/wp-content\/uploads\/2026\/03\/pineapple-express-auto_circle_new_21_125024.webp","is_in_stock":true},{"id":4297,"price":80,"regular_price":80,"attributes":{"attribute_pa_cantidad":"pack-10"},"image_src":"https:\/\/bluedoggenetics.com\/wp-content\/uploads\/2026\/03\/pineapple-express-auto_circle_new_21_125024.webp","is_in_stock":true}],"jetpack_sharing_enabled":true,"_links":{"self":[{"href":"https:\/\/bluedoggenetics.com\/en\/wp-json\/wp\/v2\/product\/4291","targetHints":{"allow":["GET"]}}],"collection":[{"href":"https:\/\/bluedoggenetics.com\/en\/wp-json\/wp\/v2\/product"}],"about":[{"href":"https:\/\/bluedoggenetics.com\/en\/wp-json\/wp\/v2\/types\/product"}],"wp:featuredmedia":[{"embeddable":true,"href":"https:\/\/bluedoggenetics.com\/en\/wp-json\/wp\/v2\/media\/3553"}],"wp:attachment":[{"href":"https:\/\/bluedoggenetics.com\/en\/wp-json\/wp\/v2\/media?parent=4291"}],"wp:term":[{"taxonomy":"product_brand","embeddable":true,"href":"https:\/\/bluedoggenetics.com\/en\/wp-json\/wp\/v2\/product_brand?post=4291"},{"taxonomy":"product_cat","embeddable":true,"href":"https:\/\/bluedoggenetics.com\/en\/wp-json\/wp\/v2\/product_cat?post=4291"},{"taxonomy":"product_tag","embeddable":true,"href":"https:\/\/bluedoggenetics.com\/en\/wp-json\/wp\/v2\/product_tag?post=4291"}],"curies":[{"name":"wp","href":"https:\/\/api.w.org\/{rel}","templated":true}]}}