{"id":4266,"date":"2026-03-29T17:52:07","date_gmt":"2026-03-29T15:52:07","guid":{"rendered":"https:\/\/bluedoggenetics.com\/?post_type=product&#038;p=4266"},"modified":"2026-05-06T14:56:28","modified_gmt":"2026-05-06T12:56:28","slug":"pineapple-chunk","status":"publish","type":"product","link":"https:\/\/bluedoggenetics.com\/en\/product\/seeds\/feminised\/pineapple-chunk\/","title":{"rendered":"Pineapple Chunk"},"content":{"rendered":"<p>When growing the seeds of <strong>Pineapple Chunk<\/strong> You ensure a headache-free crop. This indica-dominant wonder is known for its incredible resistance to pests and fungi, making it perfect for novices and experts alike. It finishes flowering in a record time of about 8 weeks and offers massive yields that can reach 600 grams per square meter. Its effect is forceful: a very heavy physical journey that anchors you to the couch.<\/p>\n<p><b>Flower appearance.<\/b> It has colossal, hard and heavy buds. Its color is light green with very intense rusty orange hairs. The resin that covers them is abundant.<\/p>\n<p><b>Plant Morphology.<\/b> It is a compact plant that does not usually stretch too much, remaining at an average height (90-120 cm). It develops a huge dominant central tail.<\/p>\n<h3><b>Growing Tips<\/b><\/h3>\n<ul>\n<li><strong>What is the ideal climate to grow Pineapple Chunk ?<\/strong>\n<p>Highly resistant, it can withstand temperature fluctuations and adapts without problem to temperate and even slightly cold climates.<\/li>\n<li><strong>What training techniques work best with Pineapple Chunk ?<\/strong>\n<p>The SOG (Sea of \u200b\u200bGreen) method is ideal for this plant due to the formation of its massive and dominant central cola.<\/li>\n<li><strong>What type of fertilization does Pineapple Chunk need?<\/strong>\n<p>Requires balanced fertilization. In early flowering it demands extra nitrogen and calcium to support its heavy branches.<\/li>\n<li><strong>What should the irrigation and humidity be like for Pineapple Chunk ?<\/strong>\n<p>It is not demanding about watering, but prefers clear drying cycles. Its resistance allows it to tolerate humidity up to 55% during flowering.<\/li>\n<li><strong>Is it necessary to prune the Pineapple Chunk plant?<\/strong>\n<p>It is recommended to perform low pruning (lollipopping) to concentrate all the plant's energy on its spectacular upper tips.<\/li>\n<\/ul>","protected":false},"excerpt":{"rendered":"<p><strong>Pineapple Chunk<\/strong> It is a legendary variety that cannot be missing from the collection of lovers of intense flavors. A three-way cross between Pineapple, Skunk #1 and Cheese that results in a super stable, fast and extremely powerful plant, bordering on 25% THC. It stands out for its aroma of cured cheese and earthy pineapple.<\/p>","protected":false},"featured_media":3428,"template":"","meta":{"_acf_changed":false,"inline_featured_image":false,"_wp_applaud_exclude":false},"product_brand":[192],"product_cat":[22],"product_tag":[],"class_list":{"0":"post-4266","1":"product","2":"type-product","3":"status-publish","4":"has-post-thumbnail","6":"product_brand-barneys-farm","7":"product_cat-feminizadas","8":"pa_altura-exterior-90-120","9":"pa_altura-interior-90-120","10":"pa_beneficios-terapeuticos-alivio-del-dolor","11":"pa_beneficios-terapeuticos-ayuda-para-dormir","12":"pa_cantidad-pack-1","13":"pa_cantidad-pack-10","14":"pa_cantidad-pack-3","15":"pa_cantidad-pack-5","16":"pa_clima-templado","17":"pa_cosecha-exterior-750-850","18":"pa_cosecha-interior-550-650","19":"pa_efectos-destacables-adormecido","20":"pa_efectos-destacables-alegre","21":"pa_efectos-destacables-relajado","22":"pa_floracion-8-9","23":"pa_genetica-80-20","24":"pa_olor-intenso","25":"pa_sabores-y-olores-afrutado","26":"pa_sabores-y-olores-dulce","27":"pa_sabores-y-olores-queso","28":"pa_sabores-y-olores-terroso","29":"pa_sabores-y-olores-tropical","30":"pa_thc-20-26","31":"pa_variedad-indica","32":"pa_variedad-mayormente-indica","34":"first","35":"instock","36":"taxable","37":"shipping-taxable","38":"purchasable","39":"product-type-variable"},"acf":{"sticker":"https:\/\/bluedoggenetics.com\/wp-content\/uploads\/2026\/03\/barneys-farm.webp","family_tree":""},"yoast_head":"<!-- This site is optimized with the Yoast SEO plugin v26.5 - https:\/\/yoast.com\/wordpress\/plugins\/seo\/ -->\n<title>Pineapple Chunk de Barney&#039;s farm - BLUEDOG GENETICS Seeds<\/title>\n<meta name=\"description\" content=\"Pineapple Chunk de Barney&#039;s Farm: el h\u00edbrido con 25% de THC y aroma a pi\u00f1a y queso. Floraci\u00f3n r\u00e1pida y efecto potente. \u00a1Compra tus semillas ahora!\" \/>\n<meta name=\"robots\" content=\"index, follow, max-snippet:-1, max-image-preview:large, max-video-preview:-1\" \/>\n<link rel=\"canonical\" href=\"https:\/\/bluedoggenetics.com\/en\/product\/feminised\/pineapple-chunk\/\" \/>\n<meta property=\"og:locale\" content=\"en_GB\" \/>\n<meta property=\"og:type\" content=\"article\" \/>\n<meta property=\"og:title\" content=\"Pineapple Chunk de Barney&#039;s farm - BLUEDOG GENETICS Seeds\" \/>\n<meta property=\"og:description\" content=\"Pineapple Chunk de Barney&#039;s Farm: el h\u00edbrido con 25% de THC y aroma a pi\u00f1a y queso. Floraci\u00f3n r\u00e1pida y efecto potente. \u00a1Compra tus semillas ahora!\" \/>\n<meta property=\"og:url\" content=\"https:\/\/bluedoggenetics.com\/en\/product\/feminised\/pineapple-chunk\/\" \/>\n<meta property=\"og:site_name\" content=\"BLUEDOG GENETICS Seeds\" \/>\n<meta property=\"article:modified_time\" content=\"2026-05-06T12:56:28+00:00\" \/>\n<meta property=\"og:image\" content=\"https:\/\/bluedoggenetics.com\/wp-content\/uploads\/2026\/03\/pineapple-chunk_circle_new_21_128688.webp\" \/>\n\t<meta property=\"og:image:width\" content=\"475\" \/>\n\t<meta property=\"og:image:height\" content=\"570\" \/>\n\t<meta property=\"og:image:type\" content=\"image\/webp\" \/>\n<meta name=\"twitter:card\" content=\"summary_large_image\" \/>\n<meta name=\"twitter:label1\" content=\"Estimated reading time\" \/>\n\t<meta name=\"twitter:data1\" content=\"2 minutes\" \/>\n<script type=\"application\/ld+json\" class=\"yoast-schema-graph\">{\"@context\":\"https:\/\/schema.org\",\"@graph\":[{\"@type\":[\"WebPage\",\"ItemPage\"],\"@id\":\"https:\/\/bluedoggenetics.com\/producto\/feminizadas\/pineapple-chunk\/\",\"url\":\"https:\/\/bluedoggenetics.com\/producto\/feminizadas\/pineapple-chunk\/\",\"name\":\"Pineapple Chunk de Barney's farm - BLUEDOG GENETICS Seeds\",\"isPartOf\":{\"@id\":\"https:\/\/bluedoggenetics.com\/de\/#website\"},\"primaryImageOfPage\":{\"@id\":\"https:\/\/bluedoggenetics.com\/producto\/feminizadas\/pineapple-chunk\/#primaryimage\"},\"image\":{\"@id\":\"https:\/\/bluedoggenetics.com\/producto\/feminizadas\/pineapple-chunk\/#primaryimage\"},\"thumbnailUrl\":\"https:\/\/bluedoggenetics.com\/wp-content\/uploads\/2026\/03\/pineapple-chunk_circle_new_21_128688.webp\",\"datePublished\":\"2026-03-29T15:52:07+00:00\",\"dateModified\":\"2026-05-06T12:56:28+00:00\",\"description\":\"Pineapple Chunk de Barney's Farm: el h\u00edbrido con 25% de THC y aroma a pi\u00f1a y queso. Floraci\u00f3n r\u00e1pida y efecto potente. \u00a1Compra tus semillas ahora!\",\"breadcrumb\":{\"@id\":\"https:\/\/bluedoggenetics.com\/producto\/feminizadas\/pineapple-chunk\/#breadcrumb\"},\"inLanguage\":\"en-GB\",\"potentialAction\":[{\"@type\":\"ReadAction\",\"target\":[\"https:\/\/bluedoggenetics.com\/producto\/feminizadas\/pineapple-chunk\/\"]}]},{\"@type\":\"ImageObject\",\"inLanguage\":\"en-GB\",\"@id\":\"https:\/\/bluedoggenetics.com\/producto\/feminizadas\/pineapple-chunk\/#primaryimage\",\"url\":\"https:\/\/bluedoggenetics.com\/wp-content\/uploads\/2026\/03\/pineapple-chunk_circle_new_21_128688.webp\",\"contentUrl\":\"https:\/\/bluedoggenetics.com\/wp-content\/uploads\/2026\/03\/pineapple-chunk_circle_new_21_128688.webp\",\"width\":475,\"height\":570,\"caption\":\"Pineapple Chunk de Barney's Farm\"},{\"@type\":\"BreadcrumbList\",\"@id\":\"https:\/\/bluedoggenetics.com\/producto\/feminizadas\/pineapple-chunk\/#breadcrumb\",\"itemListElement\":[{\"@type\":\"ListItem\",\"position\":1,\"name\":\"Portada\",\"item\":\"https:\/\/bluedoggenetics.com\/\"},{\"@type\":\"ListItem\",\"position\":2,\"name\":\"Tienda\",\"item\":\"https:\/\/bluedoggenetics.com\/fr\/tienda\/\"},{\"@type\":\"ListItem\",\"position\":3,\"name\":\"Pineapple Chunk\"}]},{\"@type\":\"WebSite\",\"@id\":\"https:\/\/bluedoggenetics.com\/de\/#website\",\"url\":\"https:\/\/bluedoggenetics.com\/de\/\",\"name\":\"BLUEDOG GENETICS Seeds\",\"description\":\"Compara y compra las mejores semillas de cannabis. Feminizadas, Autoflorecientes, CBD.\",\"publisher\":{\"@id\":\"https:\/\/bluedoggenetics.com\/de\/#organization\"},\"alternateName\":\"BLUEDOG GENETICS\",\"potentialAction\":[{\"@type\":\"SearchAction\",\"target\":{\"@type\":\"EntryPoint\",\"urlTemplate\":\"https:\/\/bluedoggenetics.com\/de\/?s={search_term_string}\"},\"query-input\":{\"@type\":\"PropertyValueSpecification\",\"valueRequired\":true,\"valueName\":\"search_term_string\"}}],\"inLanguage\":\"en-GB\"},{\"@type\":\"Organization\",\"@id\":\"https:\/\/bluedoggenetics.com\/de\/#organization\",\"name\":\"BLUEDOG GENETICS\",\"url\":\"https:\/\/bluedoggenetics.com\/de\/\",\"logo\":{\"@type\":\"ImageObject\",\"inLanguage\":\"en-GB\",\"@id\":\"https:\/\/bluedoggenetics.com\/de\/#\/schema\/logo\/image\/\",\"url\":\"https:\/\/bluedoggenetics.com\/wp-content\/uploads\/2024\/11\/appIcon.png\",\"contentUrl\":\"https:\/\/bluedoggenetics.com\/wp-content\/uploads\/2024\/11\/appIcon.png\",\"width\":1024,\"height\":1024,\"caption\":\"BLUEDOG GENETICS\"},\"image\":{\"@id\":\"https:\/\/bluedoggenetics.com\/de\/#\/schema\/logo\/image\/\"},\"sameAs\":[\"https:\/\/www.instagram.com\/bluedog.genetics\/\"]}]}<\/script>\n<!-- \/ Yoast SEO plugin. -->","yoast_head_json":{"title":"Pineapple Chunk by Barney's farm - BLUEDOG GENETICS Seeds","description":"Pineapple Chunk from Barney's Farm: the hybrid with 25% THC and pineapple and cheese aroma. Fast flowering and powerful effect. Buy your seeds now!","robots":{"index":"index","follow":"follow","max-snippet":"max-snippet:-1","max-image-preview":"max-image-preview:large","max-video-preview":"max-video-preview:-1"},"canonical":"https:\/\/bluedoggenetics.com\/en\/product\/feminised\/pineapple-chunk\/","og_locale":"en_GB","og_type":"article","og_title":"Pineapple Chunk de Barney's farm - BLUEDOG GENETICS Seeds","og_description":"Pineapple Chunk de Barney's Farm: el h\u00edbrido con 25% de THC y aroma a pi\u00f1a y queso. Floraci\u00f3n r\u00e1pida y efecto potente. \u00a1Compra tus semillas ahora!","og_url":"https:\/\/bluedoggenetics.com\/en\/product\/feminised\/pineapple-chunk\/","og_site_name":"BLUEDOG GENETICS Seeds","article_modified_time":"2026-05-06T12:56:28+00:00","og_image":[{"width":475,"height":570,"url":"https:\/\/bluedoggenetics.com\/wp-content\/uploads\/2026\/03\/pineapple-chunk_circle_new_21_128688.webp","type":"image\/webp"}],"twitter_card":"summary_large_image","twitter_misc":{"Estimated reading time":"2 minutes"},"schema":{"@context":"https:\/\/schema.org","@graph":[{"@type":["WebPage","ItemPage"],"@id":"https:\/\/bluedoggenetics.com\/producto\/feminizadas\/pineapple-chunk\/","url":"https:\/\/bluedoggenetics.com\/producto\/feminizadas\/pineapple-chunk\/","name":"Pineapple Chunk by Barney's farm - BLUEDOG GENETICS Seeds","isPartOf":{"@id":"https:\/\/bluedoggenetics.com\/de\/#website"},"primaryImageOfPage":{"@id":"https:\/\/bluedoggenetics.com\/producto\/feminizadas\/pineapple-chunk\/#primaryimage"},"image":{"@id":"https:\/\/bluedoggenetics.com\/producto\/feminizadas\/pineapple-chunk\/#primaryimage"},"thumbnailUrl":"https:\/\/bluedoggenetics.com\/wp-content\/uploads\/2026\/03\/pineapple-chunk_circle_new_21_128688.webp","datePublished":"2026-03-29T15:52:07+00:00","dateModified":"2026-05-06T12:56:28+00:00","description":"Pineapple Chunk from Barney's Farm: the hybrid with 25% THC and pineapple and cheese aroma. Fast flowering and powerful effect. Buy your seeds now!","breadcrumb":{"@id":"https:\/\/bluedoggenetics.com\/producto\/feminizadas\/pineapple-chunk\/#breadcrumb"},"inLanguage":"en-GB","potentialAction":[{"@type":"ReadAction","target":["https:\/\/bluedoggenetics.com\/producto\/feminizadas\/pineapple-chunk\/"]}]},{"@type":"ImageObject","inLanguage":"en-GB","@id":"https:\/\/bluedoggenetics.com\/producto\/feminizadas\/pineapple-chunk\/#primaryimage","url":"https:\/\/bluedoggenetics.com\/wp-content\/uploads\/2026\/03\/pineapple-chunk_circle_new_21_128688.webp","contentUrl":"https:\/\/bluedoggenetics.com\/wp-content\/uploads\/2026\/03\/pineapple-chunk_circle_new_21_128688.webp","width":475,"height":570,"caption":"Pineapple Chunk de Barney's Farm"},{"@type":"BreadcrumbList","@id":"https:\/\/bluedoggenetics.com\/producto\/feminizadas\/pineapple-chunk\/#breadcrumb","itemListElement":[{"@type":"ListItem","position":1,"name":"Portada","item":"https:\/\/bluedoggenetics.com\/"},{"@type":"ListItem","position":2,"name":"Tienda","item":"https:\/\/bluedoggenetics.com\/fr\/tienda\/"},{"@type":"ListItem","position":3,"name":"Pineapple Chunk"}]},{"@type":"WebSite","@id":"https:\/\/bluedoggenetics.com\/de\/#website","url":"https:\/\/bluedoggenetics.com\/de\/","name":"BLUEDOG GENETICS Seeds","description":"Compare and buy the best cannabis seeds. Feminised, Autoflowering, CBD.","publisher":{"@id":"https:\/\/bluedoggenetics.com\/de\/#organization"},"alternateName":"BLUEDOG GENETICS","potentialAction":[{"@type":"SearchAction","target":{"@type":"EntryPoint","urlTemplate":"https:\/\/bluedoggenetics.com\/de\/?s={search_term_string}"},"query-input":{"@type":"PropertyValueSpecification","valueRequired":true,"valueName":"search_term_string"}}],"inLanguage":"en-GB"},{"@type":"Organization","@id":"https:\/\/bluedoggenetics.com\/de\/#organization","name":"BLUEDOG GENETICS","url":"https:\/\/bluedoggenetics.com\/de\/","logo":{"@type":"ImageObject","inLanguage":"en-GB","@id":"https:\/\/bluedoggenetics.com\/de\/#\/schema\/logo\/image\/","url":"https:\/\/bluedoggenetics.com\/wp-content\/uploads\/2024\/11\/appIcon.png","contentUrl":"https:\/\/bluedoggenetics.com\/wp-content\/uploads\/2024\/11\/appIcon.png","width":1024,"height":1024,"caption":"BLUEDOG GENETICS"},"image":{"@id":"https:\/\/bluedoggenetics.com\/de\/#\/schema\/logo\/image\/"},"sameAs":["https:\/\/www.instagram.com\/bluedog.genetics\/"]}]}},"sticker_url":"https:\/\/bluedoggenetics.com\/wp-content\/uploads\/2026\/03\/barneys-farm.webp","variations_full":[{"id":4274,"price":11,"regular_price":11,"attributes":{"attribute_pa_cantidad":"pack-1"},"image_src":"https:\/\/bluedoggenetics.com\/wp-content\/uploads\/2026\/03\/pineapple-chunk_circle_new_21_128688.webp","is_in_stock":true},{"id":4275,"price":28,"regular_price":28,"attributes":{"attribute_pa_cantidad":"pack-3"},"image_src":"https:\/\/bluedoggenetics.com\/wp-content\/uploads\/2026\/03\/pineapple-chunk_circle_new_21_128688.webp","is_in_stock":true},{"id":4276,"price":42,"regular_price":42,"attributes":{"attribute_pa_cantidad":"pack-5"},"image_src":"https:\/\/bluedoggenetics.com\/wp-content\/uploads\/2026\/03\/pineapple-chunk_circle_new_21_128688.webp","is_in_stock":true},{"id":4277,"price":80,"regular_price":80,"attributes":{"attribute_pa_cantidad":"pack-10"},"image_src":"https:\/\/bluedoggenetics.com\/wp-content\/uploads\/2026\/03\/pineapple-chunk_circle_new_21_128688.webp","is_in_stock":true}],"jetpack_sharing_enabled":true,"_links":{"self":[{"href":"https:\/\/bluedoggenetics.com\/en\/wp-json\/wp\/v2\/product\/4266","targetHints":{"allow":["GET"]}}],"collection":[{"href":"https:\/\/bluedoggenetics.com\/en\/wp-json\/wp\/v2\/product"}],"about":[{"href":"https:\/\/bluedoggenetics.com\/en\/wp-json\/wp\/v2\/types\/product"}],"wp:featuredmedia":[{"embeddable":true,"href":"https:\/\/bluedoggenetics.com\/en\/wp-json\/wp\/v2\/media\/3428"}],"wp:attachment":[{"href":"https:\/\/bluedoggenetics.com\/en\/wp-json\/wp\/v2\/media?parent=4266"}],"wp:term":[{"taxonomy":"product_brand","embeddable":true,"href":"https:\/\/bluedoggenetics.com\/en\/wp-json\/wp\/v2\/product_brand?post=4266"},{"taxonomy":"product_cat","embeddable":true,"href":"https:\/\/bluedoggenetics.com\/en\/wp-json\/wp\/v2\/product_cat?post=4266"},{"taxonomy":"product_tag","embeddable":true,"href":"https:\/\/bluedoggenetics.com\/en\/wp-json\/wp\/v2\/product_tag?post=4266"}],"curies":[{"name":"wp","href":"https:\/\/api.w.org\/{rel}","templated":true}]}}