{"id":4265,"date":"2026-03-29T17:52:07","date_gmt":"2026-03-29T15:52:07","guid":{"rendered":"https:\/\/bluedoggenetics.com\/?post_type=product&#038;p=4265"},"modified":"2026-05-06T14:56:23","modified_gmt":"2026-05-06T12:56:23","slug":"gorilla-zkittlez-2","status":"publish","type":"product","link":"https:\/\/bluedoggenetics.com\/en\/product\/seeds\/feminised\/gorilla-zkittlez-2\/","title":{"rendered":"Gorilla Zkittlez"},"content":{"rendered":"<p>Feminized marijuana seeds <strong>Gorilla Zkittlez<\/strong> They flower in just 8 to 9 weeks, delivering monstrous harvests that can exceed 700 grams per square meter indoors, and up to 2.5 kg per plant outdoors if given optimal conditions. Its impressive genetic inheritance not only gives it incredible vegetative vigor, but also makes it very resistant. The effects of this strain begin with a euphoric and creative surge, then give way to a deep and pleasant relaxation, ideal for unwinding at the end of the day.<\/p>\n<p><b>Flower appearance.<\/b> The flowers of Gorilla Zkittlez are truly dense and heavy rocks. The buds present a dark olive green punctuated by purple and purple hues when the temperatures drop. What's most impressive is its layer of trichomes: they appear to be coated in shiny sugar, making it a stellar choice for extractions.<\/p>\n<p><b>Plant Morphology.<\/b> During its growth phase, this variety develops a typical robust indica structure, but with impressive lateral branching that it inherits from Zkittlez . It usually reaches manageable heights of 140 to 170 cm, which makes it easy to train or net indoors.<\/p>\n<h3><b>Growing Tips<\/b><\/h3>\n<ul>\n<li><strong>What is the ideal climate to grow Gorilla Zkittlez ?<\/strong>\n<p>It prefers warm and sunny Mediterranean-type climates. Although it is resistant, a controlled environment is recommended in advanced flowering.<\/li>\n<li><strong>What training techniques work best with Gorilla Zkittlez ?<\/strong>\n<p>It is a perfect candidate for techniques such as SCROG or apical pruning, thus distributing its massive production throughout all the branches.<\/li>\n<li><strong>What type of fertilization does Gorilla Zkittlez need?<\/strong>\n<p>It is a gluttonous plant; It appreciates generous contributions of phosphorus and potassium in the peak flowering weeks, as well as the use of molasses.<\/li>\n<li><strong>How should irrigation and humidity be for Gorilla Zkittlez ?<\/strong>\n<p>Water moderately, waiting for the substrate to dry. Keep humidity below 45% during flowering to avoid fungus on its dense buds.<\/li>\n<li><strong>Is it necessary to prune the Gorilla Zkittlez plant?<\/strong>\n<p>Yes, selective leaf removal during pre-flowering will help improve internal aeration and light penetration to the lower calyxes.<\/li>\n<\/ul>","protected":false},"excerpt":{"rendered":"<p><strong>Gorilla Zkittlez<\/strong> It is one of the most coveted jewels in the Barney's Farm catalogue. An indica-dominant feminized seed (60%) that comes from the legendary cross between Gorilla Glue #4 and Zkittlez . It stands out for its stratospheric THC levels, exceeding 24%, and its amazing terpene profile that mixes tropical fruits with deep earthy notes. Perfect for those looking for an intense experience and spectacular performance in cultivation.<\/p>","protected":false},"featured_media":3426,"template":"","meta":{"_acf_changed":false,"inline_featured_image":false,"_wp_applaud_exclude":false},"product_brand":[192],"product_cat":[22],"product_tag":[],"class_list":{"0":"post-4265","1":"product","2":"type-product","3":"status-publish","4":"has-post-thumbnail","6":"product_brand-barneys-farm","7":"product_cat-feminizadas","8":"pa_altura-exterior-120-150","9":"pa_altura-interior-120-150","10":"pa_beneficios-terapeuticos-alivio-de-ansiedad","11":"pa_beneficios-terapeuticos-alivio-del-dolor","12":"pa_beneficios-terapeuticos-ayuda-para-dormir","13":"pa_beneficios-terapeuticos-reduccion-de-nauseas","14":"pa_cantidad-pack-1","15":"pa_cantidad-pack-10","16":"pa_cantidad-pack-3","17":"pa_cantidad-pack-5","18":"pa_clima-calido","19":"pa_cosecha-exterior-1850-2000","20":"pa_cosecha-interior-450-550","21":"pa_efectos-destacables-adormecido","22":"pa_efectos-destacables-alegre","23":"pa_efectos-destacables-euforico","24":"pa_efectos-destacables-munchies","25":"pa_efectos-destacables-relajado","26":"pa_floracion-8-9","27":"pa_genetica-60-40","28":"pa_olor-intenso","29":"pa_sabores-y-olores-afrutado","30":"pa_sabores-y-olores-dulce","31":"pa_sabores-y-olores-especias","32":"pa_sabores-y-olores-terroso","33":"pa_sabores-y-olores-tropical","34":"pa_thc-20-26","35":"pa_variedad-indica","36":"pa_variedad-mayormente-indica","38":"first","39":"instock","40":"taxable","41":"shipping-taxable","42":"purchasable","43":"product-type-variable"},"acf":{"sticker":"https:\/\/bluedoggenetics.com\/wp-content\/uploads\/2026\/03\/barneys-farm.webp","family_tree":""},"yoast_head":"<!-- This site is optimized with the Yoast SEO plugin v26.5 - https:\/\/yoast.com\/wordpress\/plugins\/seo\/ -->\n<title>Gorilla Zkittlez de Barney&#039;s Farm - BLUEDOG GENETICS Seeds<\/title>\n<meta name=\"robots\" content=\"index, follow, max-snippet:-1, max-image-preview:large, max-video-preview:-1\" \/>\n<link rel=\"canonical\" href=\"https:\/\/bluedoggenetics.com\/en\/product\/feminised\/gorilla-zkittlez-2\/\" \/>\n<meta property=\"og:locale\" content=\"en_GB\" \/>\n<meta property=\"og:type\" content=\"article\" \/>\n<meta property=\"og:title\" content=\"Gorilla Zkittlez de Barney&#039;s Farm - BLUEDOG GENETICS Seeds\" \/>\n<meta property=\"og:description\" content=\"Gorilla Zkittlez es una de las joyas m\u00e1s codiciadas del cat\u00e1logo de Barney&#039;s Farm. Una semilla feminizada de dominancia \u00edndica (60%) que nace del cruce legendario entre Gorilla Glue #4 y Zkittlez. Destaca por sus niveles estratosf\u00e9ricos de THC, superando el 24%, y su asombroso perfil de terpenos que mezcla frutas tropicales con notas terrosas profundas. Perfecta para quienes buscan una experiencia intensa y un rendimiento espectacular en el cultivo.\" \/>\n<meta property=\"og:url\" content=\"https:\/\/bluedoggenetics.com\/en\/product\/feminised\/gorilla-zkittlez-2\/\" \/>\n<meta property=\"og:site_name\" content=\"BLUEDOG GENETICS Seeds\" \/>\n<meta property=\"article:modified_time\" content=\"2026-05-06T12:56:23+00:00\" \/>\n<meta property=\"og:image\" content=\"https:\/\/bluedoggenetics.com\/wp-content\/uploads\/2026\/03\/gorilla-zkittlez_circle_new_21_127530.webp\" \/>\n\t<meta property=\"og:image:width\" content=\"475\" \/>\n\t<meta property=\"og:image:height\" content=\"570\" \/>\n\t<meta property=\"og:image:type\" content=\"image\/webp\" \/>\n<meta name=\"twitter:card\" content=\"summary_large_image\" \/>\n<meta name=\"twitter:label1\" content=\"Estimated reading time\" \/>\n\t<meta name=\"twitter:data1\" content=\"2 minutes\" \/>\n<script type=\"application\/ld+json\" class=\"yoast-schema-graph\">{\"@context\":\"https:\/\/schema.org\",\"@graph\":[{\"@type\":[\"WebPage\",\"ItemPage\"],\"@id\":\"https:\/\/bluedoggenetics.com\/producto\/feminizadas\/gorilla-zkittlez-2\/\",\"url\":\"https:\/\/bluedoggenetics.com\/producto\/feminizadas\/gorilla-zkittlez-2\/\",\"name\":\"Gorilla Zkittlez de Barney's Farm - BLUEDOG GENETICS Seeds\",\"isPartOf\":{\"@id\":\"https:\/\/bluedoggenetics.com\/de\/#website\"},\"primaryImageOfPage\":{\"@id\":\"https:\/\/bluedoggenetics.com\/producto\/feminizadas\/gorilla-zkittlez-2\/#primaryimage\"},\"image\":{\"@id\":\"https:\/\/bluedoggenetics.com\/producto\/feminizadas\/gorilla-zkittlez-2\/#primaryimage\"},\"thumbnailUrl\":\"https:\/\/bluedoggenetics.com\/wp-content\/uploads\/2026\/03\/gorilla-zkittlez_circle_new_21_127530.webp\",\"datePublished\":\"2026-03-29T15:52:07+00:00\",\"dateModified\":\"2026-05-06T12:56:23+00:00\",\"breadcrumb\":{\"@id\":\"https:\/\/bluedoggenetics.com\/producto\/feminizadas\/gorilla-zkittlez-2\/#breadcrumb\"},\"inLanguage\":\"en-GB\",\"potentialAction\":[{\"@type\":\"ReadAction\",\"target\":[\"https:\/\/bluedoggenetics.com\/producto\/feminizadas\/gorilla-zkittlez-2\/\"]}]},{\"@type\":\"ImageObject\",\"inLanguage\":\"en-GB\",\"@id\":\"https:\/\/bluedoggenetics.com\/producto\/feminizadas\/gorilla-zkittlez-2\/#primaryimage\",\"url\":\"https:\/\/bluedoggenetics.com\/wp-content\/uploads\/2026\/03\/gorilla-zkittlez_circle_new_21_127530.webp\",\"contentUrl\":\"https:\/\/bluedoggenetics.com\/wp-content\/uploads\/2026\/03\/gorilla-zkittlez_circle_new_21_127530.webp\",\"width\":475,\"height\":570,\"caption\":\"Gorilla Zkittlez de Barney's Farm\"},{\"@type\":\"BreadcrumbList\",\"@id\":\"https:\/\/bluedoggenetics.com\/producto\/feminizadas\/gorilla-zkittlez-2\/#breadcrumb\",\"itemListElement\":[{\"@type\":\"ListItem\",\"position\":1,\"name\":\"Portada\",\"item\":\"https:\/\/bluedoggenetics.com\/\"},{\"@type\":\"ListItem\",\"position\":2,\"name\":\"Tienda\",\"item\":\"https:\/\/bluedoggenetics.com\/fr\/tienda\/\"},{\"@type\":\"ListItem\",\"position\":3,\"name\":\"Gorilla Zkittlez\"}]},{\"@type\":\"WebSite\",\"@id\":\"https:\/\/bluedoggenetics.com\/de\/#website\",\"url\":\"https:\/\/bluedoggenetics.com\/de\/\",\"name\":\"BLUEDOG GENETICS Seeds\",\"description\":\"Compara y compra las mejores semillas de cannabis. Feminizadas, Autoflorecientes, CBD.\",\"publisher\":{\"@id\":\"https:\/\/bluedoggenetics.com\/de\/#organization\"},\"alternateName\":\"BLUEDOG GENETICS\",\"potentialAction\":[{\"@type\":\"SearchAction\",\"target\":{\"@type\":\"EntryPoint\",\"urlTemplate\":\"https:\/\/bluedoggenetics.com\/de\/?s={search_term_string}\"},\"query-input\":{\"@type\":\"PropertyValueSpecification\",\"valueRequired\":true,\"valueName\":\"search_term_string\"}}],\"inLanguage\":\"en-GB\"},{\"@type\":\"Organization\",\"@id\":\"https:\/\/bluedoggenetics.com\/de\/#organization\",\"name\":\"BLUEDOG GENETICS\",\"url\":\"https:\/\/bluedoggenetics.com\/de\/\",\"logo\":{\"@type\":\"ImageObject\",\"inLanguage\":\"en-GB\",\"@id\":\"https:\/\/bluedoggenetics.com\/de\/#\/schema\/logo\/image\/\",\"url\":\"https:\/\/bluedoggenetics.com\/wp-content\/uploads\/2024\/11\/appIcon.png\",\"contentUrl\":\"https:\/\/bluedoggenetics.com\/wp-content\/uploads\/2024\/11\/appIcon.png\",\"width\":1024,\"height\":1024,\"caption\":\"BLUEDOG GENETICS\"},\"image\":{\"@id\":\"https:\/\/bluedoggenetics.com\/de\/#\/schema\/logo\/image\/\"},\"sameAs\":[\"https:\/\/www.instagram.com\/bluedog.genetics\/\"]}]}<\/script>\n<!-- \/ Yoast SEO plugin. -->","yoast_head_json":{"title":"Gorilla Zkittlez by Barney's Farm - BLUEDOG GENETICS Seeds","robots":{"index":"index","follow":"follow","max-snippet":"max-snippet:-1","max-image-preview":"max-image-preview:large","max-video-preview":"max-video-preview:-1"},"canonical":"https:\/\/bluedoggenetics.com\/en\/product\/feminised\/gorilla-zkittlez-2\/","og_locale":"en_GB","og_type":"article","og_title":"Gorilla Zkittlez de Barney's Farm - BLUEDOG GENETICS Seeds","og_description":"Gorilla Zkittlez es una de las joyas m\u00e1s codiciadas del cat\u00e1logo de Barney's Farm. Una semilla feminizada de dominancia \u00edndica (60%) que nace del cruce legendario entre Gorilla Glue #4 y Zkittlez. Destaca por sus niveles estratosf\u00e9ricos de THC, superando el 24%, y su asombroso perfil de terpenos que mezcla frutas tropicales con notas terrosas profundas. Perfecta para quienes buscan una experiencia intensa y un rendimiento espectacular en el cultivo.","og_url":"https:\/\/bluedoggenetics.com\/en\/product\/feminised\/gorilla-zkittlez-2\/","og_site_name":"BLUEDOG GENETICS Seeds","article_modified_time":"2026-05-06T12:56:23+00:00","og_image":[{"width":475,"height":570,"url":"https:\/\/bluedoggenetics.com\/wp-content\/uploads\/2026\/03\/gorilla-zkittlez_circle_new_21_127530.webp","type":"image\/webp"}],"twitter_card":"summary_large_image","twitter_misc":{"Estimated reading time":"2 minutes"},"schema":{"@context":"https:\/\/schema.org","@graph":[{"@type":["WebPage","ItemPage"],"@id":"https:\/\/bluedoggenetics.com\/producto\/feminizadas\/gorilla-zkittlez-2\/","url":"https:\/\/bluedoggenetics.com\/producto\/feminizadas\/gorilla-zkittlez-2\/","name":"Gorilla Zkittlez by Barney's Farm - BLUEDOG GENETICS Seeds","isPartOf":{"@id":"https:\/\/bluedoggenetics.com\/de\/#website"},"primaryImageOfPage":{"@id":"https:\/\/bluedoggenetics.com\/producto\/feminizadas\/gorilla-zkittlez-2\/#primaryimage"},"image":{"@id":"https:\/\/bluedoggenetics.com\/producto\/feminizadas\/gorilla-zkittlez-2\/#primaryimage"},"thumbnailUrl":"https:\/\/bluedoggenetics.com\/wp-content\/uploads\/2026\/03\/gorilla-zkittlez_circle_new_21_127530.webp","datePublished":"2026-03-29T15:52:07+00:00","dateModified":"2026-05-06T12:56:23+00:00","breadcrumb":{"@id":"https:\/\/bluedoggenetics.com\/producto\/feminizadas\/gorilla-zkittlez-2\/#breadcrumb"},"inLanguage":"en-GB","potentialAction":[{"@type":"ReadAction","target":["https:\/\/bluedoggenetics.com\/producto\/feminizadas\/gorilla-zkittlez-2\/"]}]},{"@type":"ImageObject","inLanguage":"en-GB","@id":"https:\/\/bluedoggenetics.com\/producto\/feminizadas\/gorilla-zkittlez-2\/#primaryimage","url":"https:\/\/bluedoggenetics.com\/wp-content\/uploads\/2026\/03\/gorilla-zkittlez_circle_new_21_127530.webp","contentUrl":"https:\/\/bluedoggenetics.com\/wp-content\/uploads\/2026\/03\/gorilla-zkittlez_circle_new_21_127530.webp","width":475,"height":570,"caption":"Gorilla Zkittlez de Barney's Farm"},{"@type":"BreadcrumbList","@id":"https:\/\/bluedoggenetics.com\/producto\/feminizadas\/gorilla-zkittlez-2\/#breadcrumb","itemListElement":[{"@type":"ListItem","position":1,"name":"Portada","item":"https:\/\/bluedoggenetics.com\/"},{"@type":"ListItem","position":2,"name":"Tienda","item":"https:\/\/bluedoggenetics.com\/fr\/tienda\/"},{"@type":"ListItem","position":3,"name":"Gorilla Zkittlez"}]},{"@type":"WebSite","@id":"https:\/\/bluedoggenetics.com\/de\/#website","url":"https:\/\/bluedoggenetics.com\/de\/","name":"BLUEDOG GENETICS Seeds","description":"Compare and buy the best cannabis seeds. Feminised, Autoflowering, CBD.","publisher":{"@id":"https:\/\/bluedoggenetics.com\/de\/#organization"},"alternateName":"BLUEDOG GENETICS","potentialAction":[{"@type":"SearchAction","target":{"@type":"EntryPoint","urlTemplate":"https:\/\/bluedoggenetics.com\/de\/?s={search_term_string}"},"query-input":{"@type":"PropertyValueSpecification","valueRequired":true,"valueName":"search_term_string"}}],"inLanguage":"en-GB"},{"@type":"Organization","@id":"https:\/\/bluedoggenetics.com\/de\/#organization","name":"BLUEDOG GENETICS","url":"https:\/\/bluedoggenetics.com\/de\/","logo":{"@type":"ImageObject","inLanguage":"en-GB","@id":"https:\/\/bluedoggenetics.com\/de\/#\/schema\/logo\/image\/","url":"https:\/\/bluedoggenetics.com\/wp-content\/uploads\/2024\/11\/appIcon.png","contentUrl":"https:\/\/bluedoggenetics.com\/wp-content\/uploads\/2024\/11\/appIcon.png","width":1024,"height":1024,"caption":"BLUEDOG GENETICS"},"image":{"@id":"https:\/\/bluedoggenetics.com\/de\/#\/schema\/logo\/image\/"},"sameAs":["https:\/\/www.instagram.com\/bluedog.genetics\/"]}]}},"sticker_url":"https:\/\/bluedoggenetics.com\/wp-content\/uploads\/2026\/03\/barneys-farm.webp","variations_full":[{"id":4270,"price":12,"regular_price":12,"attributes":{"attribute_pa_cantidad":"pack-1"},"image_src":"https:\/\/bluedoggenetics.com\/wp-content\/uploads\/2026\/03\/gorilla-zkittlez_circle_new_21_127530.webp","is_in_stock":true},{"id":4271,"price":30,"regular_price":30,"attributes":{"attribute_pa_cantidad":"pack-3"},"image_src":"https:\/\/bluedoggenetics.com\/wp-content\/uploads\/2026\/03\/gorilla-zkittlez_circle_new_21_127530.webp","is_in_stock":true},{"id":4272,"price":45,"regular_price":45,"attributes":{"attribute_pa_cantidad":"pack-5"},"image_src":"https:\/\/bluedoggenetics.com\/wp-content\/uploads\/2026\/03\/gorilla-zkittlez_circle_new_21_127530.webp","is_in_stock":true},{"id":4273,"price":85,"regular_price":85,"attributes":{"attribute_pa_cantidad":"pack-10"},"image_src":"https:\/\/bluedoggenetics.com\/wp-content\/uploads\/2026\/03\/gorilla-zkittlez_circle_new_21_127530.webp","is_in_stock":true}],"jetpack_sharing_enabled":true,"_links":{"self":[{"href":"https:\/\/bluedoggenetics.com\/en\/wp-json\/wp\/v2\/product\/4265","targetHints":{"allow":["GET"]}}],"collection":[{"href":"https:\/\/bluedoggenetics.com\/en\/wp-json\/wp\/v2\/product"}],"about":[{"href":"https:\/\/bluedoggenetics.com\/en\/wp-json\/wp\/v2\/types\/product"}],"wp:featuredmedia":[{"embeddable":true,"href":"https:\/\/bluedoggenetics.com\/en\/wp-json\/wp\/v2\/media\/3426"}],"wp:attachment":[{"href":"https:\/\/bluedoggenetics.com\/en\/wp-json\/wp\/v2\/media?parent=4265"}],"wp:term":[{"taxonomy":"product_brand","embeddable":true,"href":"https:\/\/bluedoggenetics.com\/en\/wp-json\/wp\/v2\/product_brand?post=4265"},{"taxonomy":"product_cat","embeddable":true,"href":"https:\/\/bluedoggenetics.com\/en\/wp-json\/wp\/v2\/product_cat?post=4265"},{"taxonomy":"product_tag","embeddable":true,"href":"https:\/\/bluedoggenetics.com\/en\/wp-json\/wp\/v2\/product_tag?post=4265"}],"curies":[{"name":"wp","href":"https:\/\/api.w.org\/{rel}","templated":true}]}}