{"id":2823,"date":"2025-11-26T11:49:26","date_gmt":"2025-11-26T10:49:26","guid":{"rendered":"https:\/\/bluedoggenetics.com\/?post_type=product&#038;p=2823"},"modified":"2026-04-11T15:17:05","modified_gmt":"2026-04-11T13:17:05","slug":"permanent-marker","status":"publish","type":"product","link":"https:\/\/bluedoggenetics.com\/en\/product\/feminised\/permanent-marker\/","title":{"rendered":"Permanent Marker"},"content":{"rendered":"<p data-start=\"000\" data-end=\"000\" class=\"translation-block\">Permanent Marker is a modern, award-winning hybrid (Strain of the Year 2023) that combines the potency of Biscotti, Sherb Bx, and Jealousy. With an Indica dominance and THC levels consistently exceeding 25%, this genetic offers a potent and dual effect: it begins with a cerebral and creative euphoria, followed by deep and lasting body relaxation. Its aromatic profile is unique, complex, and pungent, mixing notes of <strong>floral soap, sweet, candy, and gassy funk<\/strong>. It is a premium choice for experienced users seeking maximum potency and bold terpenes.<\/p>\n<p data-start=\"000\" data-end=\"000\" class=\"translation-block\"><strong>Plant Morphology.<\/strong> Permanent Marker develops a robust and compact structure, with a growth pattern that typically leans towards Indica. It presents good lateral branching, which makes it suitable for maximizing production. Its leaves are bushy and deep green. Although it is a vigorous variety, its cultivation is considered to be of <strong>intermediate difficulty<\/strong>, as its extremely dense and resinous buds demand exceptional ventilation and humidity control to prevent mold.<\/p>\n<p data-start=\"000\" data-end=\"000\" class=\"translation-block\"><strong>Flower Appearance.<\/strong> Permanent Marker buds are its most impressive feature: they are <strong>exceptionally hard, dense, and compact<\/strong>. They are completely covered by such a thick layer of trichomes that they appear frosted, reflecting their extreme THC content. The aroma, which evokes sweet and chemical notes, intensifies drastically upon handling the flower. Its smoke is dense, and the flavour is a complex experience, leaving a lasting aftertaste that combines sweet, floral, and a penetrating gassy background.<\/p>\n<h3>Cultivation tips<\/h3>\n<ul>\n<li data-start=\"000\" data-end=\"000\"><strong data-start=\"000\" data-end=\"000\">What is the ideal climate for growing Permanent Marker?<\/strong><br data-start=\"000\" data-end=\"000\" \/>Prefers a climate <strong>hot and arid (Mediterranean)<\/strong>. Indoors, a controlled environment with stable temperatures (21\u00b0C-27\u00b0C) is required. Outdoors, it is essential to protect it from rain and high humidity due to the extreme density of its buds.<\/li>\n<li data-start=\"000\" data-end=\"000\"><strong data-start=\"000\" data-end=\"000\">What training techniques work best with Permanent Marker?<\/strong><br data-start=\"000\" data-end=\"000\" \/>Due to its good branching, it responds well to techniques such as the <strong>LST (Low Stress Training)<\/strong> and the <strong>apical pruning (topping)<\/strong> para crear una estructura tipo &#8220;vaso de margarita&#8221; y promover la m\u00e1xima distribuci\u00f3n de luz. Tambi\u00e9n se adapta bien al SCROG.<\/li>\n<li data-start=\"000\"><strong data-start=\"000\" data-end=\"000\">What kind of fertilisation does Permanent Marker need?<\/strong><br data-start=\"000\" data-end=\"000\" \/>Tiene una reputaci\u00f3n de &#8220;gustarle comer&#8221; y responder bien a niveles de nutrientes ligeramente m\u00e1s altos que la media. Es crucial un r\u00e9gimen de abonado completo y equilibrado, prestando especial atenci\u00f3n a los micronutrientes y asegurando un buen aporte de f\u00f3sforo y potasio durante la floraci\u00f3n.<\/li>\n<li data-start=\"000\" data-end=\"000\" class=\"translation-block\"><strong data-start=\"000\" data-end=\"000\">Is it necessary to prune the Permanent Marker plant?<\/strong><br data-start=\"000\" data-end=\"000\">Yes, pruning of the lower branches (lollipopping) is very important to improve air circulation.<\/li>\n<li data-start=\"000\" data-end=\"000\"><strong data-start=\"000\" data-end=\"000\">Is it necessary to prune the Permanent Marker plant?<\/strong><br data-start=\"000\" data-end=\"000\" \/>Yes, lollipopping is very important to improve air circulation.<\/li>\n<\/ul>","protected":false},"excerpt":{"rendered":"<p>Permanent Marker is a new generation Indica dominant hybrid, awarded for its extremely high potency (over 25% THC) and its dual effect of euphoria and deep relaxation. It is prized for its pungent terpene profile that combines floral, sweet and diesel notes, although it is of medium difficulty to grow due to the extreme density of its buds.<\/p>","protected":false},"featured_media":2824,"template":"","meta":{"_acf_changed":false,"inline_featured_image":false,"_wp_applaud_exclude":false},"product_brand":[194],"product_cat":[22],"product_tag":[],"class_list":{"0":"post-2823","1":"product","2":"type-product","3":"status-publish","4":"has-post-thumbnail","6":"product_brand-bluedog-genetics","7":"product_cat-feminizadas","9":"first","10":"instock","11":"taxable","12":"shipping-taxable","13":"purchasable","14":"product-type-variable"},"acf":{"sticker":"https:\/\/bluedoggenetics.com\/wp-content\/uploads\/2025\/11\/Permanent-marker-sticker_11zon.webp","family_tree":"<ul>\n<li><a href=\"#\">Permanent Marker<\/a>\n<ul>\n<li><a href=\"#\">Biscotti x Jealousy<\/a>\n<ul>\n<li><a href=\"#\">Biscotti<\/a>\n<ul>\n<li><a href=\"#\">South Florida OG<\/a>\n<ul>\n<li><a href=\"#\">OG Kush [South Florida OG]<\/a><\/li>\n<li><a href=\"#\">Hindu Kush [Neville]<\/a><\/li>\n<\/ul>\n<\/li>\n<li><a href=\"#\">Gelato #25<\/a>\n<ul>\n<li><a href=\"#\">Guava Gelato (#25)<\/a><\/li>\n<\/ul>\n<\/li>\n<\/ul>\n<\/li>\n<li><a href=\"#\">Jealousy<\/a>\n<ul>\n<li><a href=\"#\">Gelato #41 (#41)<\/a>\n<ul>\n<li><a href=\"#\">Bacio Gelato (#41)<\/a><\/li>\n<\/ul>\n<\/li>\n<li><a href=\"#\">Sherbet (BX1)<\/a>\n<ul>\n<li><a href=\"#\">Sunset Sherbert<\/a><\/li>\n<li><a href=\"#\">Sunset Sherbert x Animal Cookies Bx2<\/a><\/li>\n<\/ul>\n<\/li>\n<\/ul>\n<\/li>\n<\/ul>\n<\/li>\n<li><a href=\"#\">Sherb Bx (BX1)<\/a>\n<ul>\n<li><a href=\"#\">Sunset Sherbet<\/a>\n<ul>\n<li><a href=\"#\">Girl Scout Cookies<\/a><\/li>\n<li><a href=\"#\">Pink Panties<\/a><\/li>\n<\/ul>\n<\/li>\n<\/ul>\n<\/li>\n<\/ul>\n<\/li>\n<\/ul>\n"},"yoast_head":"<!-- This site is optimized with the Yoast SEO plugin v26.5 - https:\/\/yoast.com\/wordpress\/plugins\/seo\/ -->\n<title>Comprar Semillas Permanent Marker Feminizadas - BLUEDOG GENETICS Seeds<\/title>\n<meta name=\"description\" content=\"Permanent Marker: la nueva gen\u00e9tica con potencia extrema. Compra las semillas feminizadas originales con env\u00edo discreto y la mejor calidad. \u00a1Stock limitado!\" \/>\n<meta name=\"robots\" content=\"index, follow, max-snippet:-1, max-image-preview:large, max-video-preview:-1\" \/>\n<link rel=\"canonical\" href=\"https:\/\/bluedoggenetics.com\/en\/product\/feminised\/permanent-marker\/\" \/>\n<meta property=\"og:locale\" content=\"en_GB\" \/>\n<meta property=\"og:type\" content=\"article\" \/>\n<meta property=\"og:title\" content=\"Comprar Semillas Permanent Marker Feminizadas - BLUEDOG GENETICS Seeds\" \/>\n<meta property=\"og:description\" content=\"Permanent Marker: la nueva gen\u00e9tica con potencia extrema. Compra las semillas feminizadas originales con env\u00edo discreto y la mejor calidad. \u00a1Stock limitado!\" \/>\n<meta property=\"og:url\" content=\"https:\/\/bluedoggenetics.com\/en\/product\/feminised\/permanent-marker\/\" \/>\n<meta property=\"og:site_name\" content=\"BLUEDOG GENETICS Seeds\" \/>\n<meta property=\"article:modified_time\" content=\"2026-04-11T13:17:05+00:00\" \/>\n<meta property=\"og:image\" content=\"https:\/\/bluedoggenetics.com\/wp-content\/uploads\/2025\/11\/Permanent-Market-Bluedog-Genetics_11zon.webp\" \/>\n\t<meta property=\"og:image:width\" content=\"1536\" \/>\n\t<meta property=\"og:image:height\" content=\"1024\" \/>\n\t<meta property=\"og:image:type\" content=\"image\/webp\" \/>\n<meta name=\"twitter:card\" content=\"summary_large_image\" \/>\n<meta name=\"twitter:label1\" content=\"Estimated reading time\" \/>\n\t<meta name=\"twitter:data1\" content=\"3 minutes\" \/>\n<script type=\"application\/ld+json\" class=\"yoast-schema-graph\">{\"@context\":\"https:\/\/schema.org\",\"@graph\":[{\"@type\":[\"WebPage\",\"ItemPage\"],\"@id\":\"https:\/\/bluedoggenetics.com\/producto\/feminizadas\/permanent-marker\/\",\"url\":\"https:\/\/bluedoggenetics.com\/producto\/feminizadas\/permanent-marker\/\",\"name\":\"Comprar Semillas Permanent Marker Feminizadas - BLUEDOG GENETICS Seeds\",\"isPartOf\":{\"@id\":\"https:\/\/bluedoggenetics.com\/de\/#website\"},\"primaryImageOfPage\":{\"@id\":\"https:\/\/bluedoggenetics.com\/producto\/feminizadas\/permanent-marker\/#primaryimage\"},\"image\":{\"@id\":\"https:\/\/bluedoggenetics.com\/producto\/feminizadas\/permanent-marker\/#primaryimage\"},\"thumbnailUrl\":\"https:\/\/bluedoggenetics.com\/wp-content\/uploads\/2025\/11\/Permanent-Market-Bluedog-Genetics_11zon.webp\",\"datePublished\":\"2025-11-26T10:49:26+00:00\",\"dateModified\":\"2026-04-11T13:17:05+00:00\",\"description\":\"Permanent Marker: la nueva gen\u00e9tica con potencia extrema. Compra las semillas feminizadas originales con env\u00edo discreto y la mejor calidad. \u00a1Stock limitado!\",\"breadcrumb\":{\"@id\":\"https:\/\/bluedoggenetics.com\/producto\/feminizadas\/permanent-marker\/#breadcrumb\"},\"inLanguage\":\"en-GB\",\"potentialAction\":[{\"@type\":\"ReadAction\",\"target\":[\"https:\/\/bluedoggenetics.com\/producto\/feminizadas\/permanent-marker\/\"]}]},{\"@type\":\"ImageObject\",\"inLanguage\":\"en-GB\",\"@id\":\"https:\/\/bluedoggenetics.com\/producto\/feminizadas\/permanent-marker\/#primaryimage\",\"url\":\"https:\/\/bluedoggenetics.com\/wp-content\/uploads\/2025\/11\/Permanent-Market-Bluedog-Genetics_11zon.webp\",\"contentUrl\":\"https:\/\/bluedoggenetics.com\/wp-content\/uploads\/2025\/11\/Permanent-Market-Bluedog-Genetics_11zon.webp\",\"width\":1536,\"height\":1024,\"caption\":\"Cogollo de la genetica Permanent marker de Bluedog Genetics\"},{\"@type\":\"BreadcrumbList\",\"@id\":\"https:\/\/bluedoggenetics.com\/producto\/feminizadas\/permanent-marker\/#breadcrumb\",\"itemListElement\":[{\"@type\":\"ListItem\",\"position\":1,\"name\":\"Portada\",\"item\":\"https:\/\/bluedoggenetics.com\/\"},{\"@type\":\"ListItem\",\"position\":2,\"name\":\"Tienda\",\"item\":\"https:\/\/bluedoggenetics.com\/fr\/tienda\/\"},{\"@type\":\"ListItem\",\"position\":3,\"name\":\"Permanent Marker\"}]},{\"@type\":\"WebSite\",\"@id\":\"https:\/\/bluedoggenetics.com\/de\/#website\",\"url\":\"https:\/\/bluedoggenetics.com\/de\/\",\"name\":\"BLUEDOG GENETICS Seeds\",\"description\":\"Compara y compra las mejores semillas de cannabis. Feminizadas, Autoflorecientes, CBD.\",\"publisher\":{\"@id\":\"https:\/\/bluedoggenetics.com\/de\/#organization\"},\"alternateName\":\"BLUEDOG GENETICS\",\"potentialAction\":[{\"@type\":\"SearchAction\",\"target\":{\"@type\":\"EntryPoint\",\"urlTemplate\":\"https:\/\/bluedoggenetics.com\/de\/?s={search_term_string}\"},\"query-input\":{\"@type\":\"PropertyValueSpecification\",\"valueRequired\":true,\"valueName\":\"search_term_string\"}}],\"inLanguage\":\"en-GB\"},{\"@type\":\"Organization\",\"@id\":\"https:\/\/bluedoggenetics.com\/de\/#organization\",\"name\":\"BLUEDOG GENETICS\",\"url\":\"https:\/\/bluedoggenetics.com\/de\/\",\"logo\":{\"@type\":\"ImageObject\",\"inLanguage\":\"en-GB\",\"@id\":\"https:\/\/bluedoggenetics.com\/de\/#\/schema\/logo\/image\/\",\"url\":\"https:\/\/bluedoggenetics.com\/wp-content\/uploads\/2024\/11\/appIcon.png\",\"contentUrl\":\"https:\/\/bluedoggenetics.com\/wp-content\/uploads\/2024\/11\/appIcon.png\",\"width\":1024,\"height\":1024,\"caption\":\"BLUEDOG GENETICS\"},\"image\":{\"@id\":\"https:\/\/bluedoggenetics.com\/de\/#\/schema\/logo\/image\/\"},\"sameAs\":[\"https:\/\/www.instagram.com\/bluedog.genetics\/\"]}]}<\/script>\n<!-- \/ Yoast SEO plugin. -->","yoast_head_json":{"title":"Buy Permanent Marker Feminised Seeds - BLUEDOG GENETICS Seeds","description":"Permanent Marker: the new genetics with extreme potency. Buy the original feminized seeds with discreet shipping and the best quality, limited stock!","robots":{"index":"index","follow":"follow","max-snippet":"max-snippet:-1","max-image-preview":"max-image-preview:large","max-video-preview":"max-video-preview:-1"},"canonical":"https:\/\/bluedoggenetics.com\/en\/product\/feminised\/permanent-marker\/","og_locale":"en_GB","og_type":"article","og_title":"Comprar Semillas Permanent Marker Feminizadas - BLUEDOG GENETICS Seeds","og_description":"Permanent Marker: la nueva gen\u00e9tica con potencia extrema. Compra las semillas feminizadas originales con env\u00edo discreto y la mejor calidad. \u00a1Stock limitado!","og_url":"https:\/\/bluedoggenetics.com\/en\/product\/feminised\/permanent-marker\/","og_site_name":"BLUEDOG GENETICS Seeds","article_modified_time":"2026-04-11T13:17:05+00:00","og_image":[{"width":1536,"height":1024,"url":"https:\/\/bluedoggenetics.com\/wp-content\/uploads\/2025\/11\/Permanent-Market-Bluedog-Genetics_11zon.webp","type":"image\/webp"}],"twitter_card":"summary_large_image","twitter_misc":{"Estimated reading time":"3 minutes"},"schema":{"@context":"https:\/\/schema.org","@graph":[{"@type":["WebPage","ItemPage"],"@id":"https:\/\/bluedoggenetics.com\/producto\/feminizadas\/permanent-marker\/","url":"https:\/\/bluedoggenetics.com\/producto\/feminizadas\/permanent-marker\/","name":"Buy Permanent Marker Feminised Seeds - BLUEDOG GENETICS Seeds","isPartOf":{"@id":"https:\/\/bluedoggenetics.com\/de\/#website"},"primaryImageOfPage":{"@id":"https:\/\/bluedoggenetics.com\/producto\/feminizadas\/permanent-marker\/#primaryimage"},"image":{"@id":"https:\/\/bluedoggenetics.com\/producto\/feminizadas\/permanent-marker\/#primaryimage"},"thumbnailUrl":"https:\/\/bluedoggenetics.com\/wp-content\/uploads\/2025\/11\/Permanent-Market-Bluedog-Genetics_11zon.webp","datePublished":"2025-11-26T10:49:26+00:00","dateModified":"2026-04-11T13:17:05+00:00","description":"Permanent Marker: the new genetics with extreme potency. Buy the original feminized seeds with discreet shipping and the best quality, limited stock!","breadcrumb":{"@id":"https:\/\/bluedoggenetics.com\/producto\/feminizadas\/permanent-marker\/#breadcrumb"},"inLanguage":"en-GB","potentialAction":[{"@type":"ReadAction","target":["https:\/\/bluedoggenetics.com\/producto\/feminizadas\/permanent-marker\/"]}]},{"@type":"ImageObject","inLanguage":"en-GB","@id":"https:\/\/bluedoggenetics.com\/producto\/feminizadas\/permanent-marker\/#primaryimage","url":"https:\/\/bluedoggenetics.com\/wp-content\/uploads\/2025\/11\/Permanent-Market-Bluedog-Genetics_11zon.webp","contentUrl":"https:\/\/bluedoggenetics.com\/wp-content\/uploads\/2025\/11\/Permanent-Market-Bluedog-Genetics_11zon.webp","width":1536,"height":1024,"caption":"Cogollo de la genetica Permanent marker de Bluedog Genetics"},{"@type":"BreadcrumbList","@id":"https:\/\/bluedoggenetics.com\/producto\/feminizadas\/permanent-marker\/#breadcrumb","itemListElement":[{"@type":"ListItem","position":1,"name":"Portada","item":"https:\/\/bluedoggenetics.com\/"},{"@type":"ListItem","position":2,"name":"Tienda","item":"https:\/\/bluedoggenetics.com\/fr\/tienda\/"},{"@type":"ListItem","position":3,"name":"Permanent Marker"}]},{"@type":"WebSite","@id":"https:\/\/bluedoggenetics.com\/de\/#website","url":"https:\/\/bluedoggenetics.com\/de\/","name":"BLUEDOG GENETICS Seeds","description":"Compare and buy the best cannabis seeds. Feminised, Autoflowering, CBD.","publisher":{"@id":"https:\/\/bluedoggenetics.com\/de\/#organization"},"alternateName":"BLUEDOG GENETICS","potentialAction":[{"@type":"SearchAction","target":{"@type":"EntryPoint","urlTemplate":"https:\/\/bluedoggenetics.com\/de\/?s={search_term_string}"},"query-input":{"@type":"PropertyValueSpecification","valueRequired":true,"valueName":"search_term_string"}}],"inLanguage":"en-GB"},{"@type":"Organization","@id":"https:\/\/bluedoggenetics.com\/de\/#organization","name":"BLUEDOG GENETICS","url":"https:\/\/bluedoggenetics.com\/de\/","logo":{"@type":"ImageObject","inLanguage":"en-GB","@id":"https:\/\/bluedoggenetics.com\/de\/#\/schema\/logo\/image\/","url":"https:\/\/bluedoggenetics.com\/wp-content\/uploads\/2024\/11\/appIcon.png","contentUrl":"https:\/\/bluedoggenetics.com\/wp-content\/uploads\/2024\/11\/appIcon.png","width":1024,"height":1024,"caption":"BLUEDOG GENETICS"},"image":{"@id":"https:\/\/bluedoggenetics.com\/de\/#\/schema\/logo\/image\/"},"sameAs":["https:\/\/www.instagram.com\/bluedog.genetics\/"]}]}},"sticker_url":"https:\/\/bluedoggenetics.com\/wp-content\/uploads\/2025\/11\/Permanent-marker-sticker_11zon.webp","variations_full":[{"id":2839,"price":12,"regular_price":12,"attributes":{"attribute_cantidad":"Pack 1"},"image_src":"https:\/\/bluedoggenetics.com\/wp-content\/uploads\/2025\/11\/Permanent-Market-Bluedog-Genetics_11zon-600x400.webp","is_in_stock":true},{"id":2840,"price":27,"regular_price":27,"attributes":{"attribute_cantidad":"Pack 3"},"image_src":"https:\/\/bluedoggenetics.com\/wp-content\/uploads\/2025\/11\/Permanent-Market-Bluedog-Genetics_11zon-600x400.webp","is_in_stock":true},{"id":2841,"price":41,"regular_price":41,"attributes":{"attribute_cantidad":"Pack 5"},"image_src":"https:\/\/bluedoggenetics.com\/wp-content\/uploads\/2025\/11\/Permanent-Market-Bluedog-Genetics_11zon-600x400.webp","is_in_stock":true},{"id":2842,"price":65,"regular_price":65,"attributes":{"attribute_cantidad":"Pack 10"},"image_src":"https:\/\/bluedoggenetics.com\/wp-content\/uploads\/2025\/11\/Permanent-Market-Bluedog-Genetics_11zon-600x400.webp","is_in_stock":true}],"jetpack_sharing_enabled":true,"_links":{"self":[{"href":"https:\/\/bluedoggenetics.com\/en\/wp-json\/wp\/v2\/product\/2823","targetHints":{"allow":["GET"]}}],"collection":[{"href":"https:\/\/bluedoggenetics.com\/en\/wp-json\/wp\/v2\/product"}],"about":[{"href":"https:\/\/bluedoggenetics.com\/en\/wp-json\/wp\/v2\/types\/product"}],"wp:featuredmedia":[{"embeddable":true,"href":"https:\/\/bluedoggenetics.com\/en\/wp-json\/wp\/v2\/media\/2824"}],"wp:attachment":[{"href":"https:\/\/bluedoggenetics.com\/en\/wp-json\/wp\/v2\/media?parent=2823"}],"wp:term":[{"taxonomy":"product_brand","embeddable":true,"href":"https:\/\/bluedoggenetics.com\/en\/wp-json\/wp\/v2\/product_brand?post=2823"},{"taxonomy":"product_cat","embeddable":true,"href":"https:\/\/bluedoggenetics.com\/en\/wp-json\/wp\/v2\/product_cat?post=2823"},{"taxonomy":"product_tag","embeddable":true,"href":"https:\/\/bluedoggenetics.com\/en\/wp-json\/wp\/v2\/product_tag?post=2823"}],"curies":[{"name":"wp","href":"https:\/\/api.w.org\/{rel}","templated":true}]}}